{"id":5236,"date":"2022-02-20T22:23:28","date_gmt":"2022-02-20T22:23:28","guid":{"rendered":"https:\/\/medicinasinc.com\/de\/?post_type=product&#038;p=5236"},"modified":"2022-03-18T00:27:44","modified_gmt":"2022-03-18T00:27:44","slug":"kaufen-lexotanil-bromazepam-3mg-pillen-online","status":"publish","type":"product","link":"https:\/\/medicinasinc.com\/de\/product\/kaufen-lexotanil-bromazepam-3mg-pillen-online\/","title":{"rendered":"Kaufen Sie Lexotanil Bromazepam 3 mg Tabletten online"},"content":{"rendered":"<p>Lexotanil Bromazepam 3mg Tabletten online kaufen<br \/> Lexotanil Bromazepam 3mg Tabletten online kaufen | Lexotanil Bromazepam<br \/> Wozu dient Bromazepam Lexotanil 3 mg?<br \/> Bromazepam (Markenname Lexotan\u00ae) ist ein Benzodiazepin. Es wird haupts\u00e4chlich zur Unterst\u00fctzung bei der Behandlung von Angstsymptomen eingesetzt. Dar\u00fcber hinaus kann es verwendet werden, um Symptome von Panik und sozialer Angst zu lindern. Es wird in Tablettenform hergestellt.<\/p>\n<p>Was ist die typische Bromazepam-Dosis?<\/p>\n<p>Bromazepam wird normalerweise Erwachsenen bei Angstzust\u00e4nden in einer Dosis von 3-18 mg pro Tag verschrieben, die \u00fcblicherweise \u00fcber den ganzen K\u00f6rper verteilt wird der Tag. Bei \u00e4lteren Erwachsenen sollte die Dosis um die H\u00e4lfte reduziert werden, dh die H\u00e4lfte der Erwachsenendosis.<\/p>\n<p>Wie und wann sollte Lexotan Lexotanil 3 mg eingenommen werden?<\/p>\n<p>Im Sitzen oder Stehen schlucken die Pillen mit mindestens einem halben Glas Wasser. Dadurch wird sichergestellt, dass es den Magen erreicht und nicht im Hals stecken bleibt. Bromazepam kann sicher vor, mit oder nach dem Essen eingenommen werden.<\/p>\n<p>Wie lange dauert es, bis die Wirkung von Bromazepam eintritt?<br \/> Bromazepam beginnt oft nach etwa einer Stunde zu wirken. Die Wirkung kann sich dann \u00fcber mehrere Tage oder Wochen verst\u00e4rken.<br \/> Wie lange muss ich Lexotanil 3 mg einnehmen?<br \/> Dies h\u00e4ngt vom Zweck ab, f\u00fcr den Sie es einnehmen. LEXOTANIL, oft Lexotan geschrieben<\/p>\n<p>Kann ich die Einnahme von Bromazepam abrupt beenden?<\/p>\n<p>Wenn Sie Bromazepam t\u00e4glich f\u00fcr mehr als etwa 4 bis 6 Wochen einnehmen, k\u00f6nnen Sie eine Abh\u00e4ngigkeit davon entwickeln , aber das ist kein Problem, wenn Sie es gegen Epilepsie einnehmen. Wenn Sie es regelm\u00e4\u00dfig eingenommen haben, kann es ratsam sein, die Dosis \u00fcber einige Tage oder Wochen schrittweise zu verringern. Sie sollten dies ausf\u00fchrlich mit Ihrem verschreibenden Arzt, Arzt, Pflegepersonal oder Apotheker besprechen. Wenn Sie es alle paar Tage \u201enach Bedarf\u201c einnehmen, sollten Sie es absetzen k\u00f6nnen, wenn Sie es nicht mehr ben\u00f6tigen. 3 Lexotanil<\/p>\n<p>Was mache ich, wenn ich eine Dosis LEXOTAN verpasse?<br \/> Nehmen Sie die fehlende Dosis ein, sobald Sie sich daran erinnern, es sei denn, es sind weniger als 4 Stunden bis zur n\u00e4chsten Dosis.<br \/> Wenn Sie sich danach daran erinnern, nehmen Sie einfach Ihre n\u00e4chste Dosis wie gewohnt ein. Versuchen Sie nicht, den R\u00fcckstand aufzuholen, indem Sie zwei Dosen gleichzeitig einnehmen, da dies zu verst\u00e4rkten Nebenwirkungen f\u00fchren kann.<br \/> Darf ich Alkohol konsumieren, wenn ich Bromazepam einnehme? Kaufen Sie BROMAZEPAM LEXOTANIL, auch bekannt als Lexotan 3 MG.<br \/> Wenn Sie w\u00e4hrend der Einnahme von LEXOTANIL Alkohol trinken, kann es bei Ihnen zu erh\u00f6hter Schl\u00e4frigkeit kommen. Dies ist besonders wichtig, wenn Sie Auto fahren oder Maschinen bedienen, und Sie sollten sich diesbez\u00fcglich beraten lassen.<\/p>\n<p>Welche Art von Nebenwirkungen werde ich wahrscheinlich erfahren, wenn ich Bromazepam nehme? Kaufen Sie BROMAZEPAM LEXOTANIL, auch bekannt als Lexotan 3 MG.<\/p>\n<p>Zahlreiche Personen bekommen: Nur wenige Leute bekommen: Nur wenige Leute bekommen:<br \/> Schwindel<br \/> Schl\u00e4frigkeit<br \/> Die Am n\u00e4chsten Tag f\u00fchlen Sie sich m\u00f6glicherweise instabil auf Ihren F\u00fc\u00dfen.<br \/> Kopfschmerzen<br \/> Verwirrtheit<br \/> Schlaflosigkeit (Dinge vergessen)<br \/> Lassen Sie sich nicht durch die folgende Liste von Nebenwirkungen beunruhigen. Bei einigen Personen treten \u00fcberhaupt keine Nebenwirkungen auf, w\u00e4hrend bei anderen einige auftreten k\u00f6nnen, die hier nicht aufgef\u00fchrt sind. Wenn Sie glauben, dass Ihr Medikament eine Nebenwirkung hat, wenden Sie sich an Ihren Arzt, das medizinische Fachpersonal oder Ihren Apotheker.<\/p>\n<p>Ist es sicher f\u00fcr mich, w\u00e4hrend der Einnahme von LEXOTANIL Auto zu fahren oder Fahrrad zu fahren?<\/p>\n<p> Bromazepam kann Ihre Verkehrst\u00fcchtigkeit beeintr\u00e4chtigen und leichten Schwindel und Benommenheit hervorrufen.<\/p>\n<p>Seien Sie vorsichtig, wenn Sie Auto fahren oder Maschinen bedienen, bis Sie wissen, wie sich Bromazepam auf Sie auswirkt. Seien Sie vorsichtig, da dies Ihre Reaktionszeit verlangsamen kann.<\/p>\n","protected":false},"excerpt":{"rendered":"<p>Lexotanil Bromazepam 3 mg Tabletten k\u00f6nnen online gekauft werden. Bromazepam (Lexotanil) ist ein Mitglied der Benzodiazepin-Medikamentenklasse, zu der Antidepressiva, Antipanikmittel und Muskelrelaxantien geh\u00f6ren.<\/p>\n<p>Bromazepam ist ein kurz wirkendes Benzodiazepin mit langsamem Wirkungseintritt, das h\u00e4ufig verwendet wird. 8230; Tablette, 3 mg, oral, Alti-Bromazepam 3 mg Tabletten, beste globale Medikamente<\/p>\n<p>Kaufen Sie Bromazepam online ohne Rezept | Kaufen Sie Lexotan 6mg online ohne Rezept<\/p>\n<p>Bromazepam (Lexotanil) ist ein Benzodiazepin.<\/p>\n","protected":false},"featured_media":5252,"comment_status":"open","ping_status":"closed","template":"","meta":[],"product_brand":[],"product_cat":[1117],"product_tag":[1419,1421,1420,1422,1423,1424,1425,1427,1429,1428,1430,1431,1432,1433,1434,1435,1436,1437,1426,1438],"class_list":{"0":"post-5236","1":"product","2":"type-product","3":"status-publish","4":"has-post-thumbnail","6":"product_cat-kaufen-sie-schmerz-schlaf-und-sexpillen","7":"product_tag-3-mg","8":"product_tag-3mg-klonopin","9":"product_tag-3mg","10":"product_tag-bromazepam","11":"product_tag-bromazepam-lexotanil","12":"product_tag-bromazepam-lexotanil-6mg-zum-verkauf","13":"product_tag-bromazepam-lexotanil-zum-verkauf","14":"product_tag-buy-lexotanil-bromazepam-from-canada","15":"product_tag-is-lexapro-a-benzodiazepines","16":"product_tag-kann-man-lexapro-berdosieren","17":"product_tag-lexapro-generic-name","18":"product_tag-lexat","19":"product_tag-lexomil","20":"product_tag-lexotan","21":"product_tag-lexotan-3mg","22":"product_tag-lexotanil","23":"product_tag-lexotanil-bromazepam","24":"product_tag-lexotanil-bromazepam-3mg","25":"product_tag-kaufen-lexotanil-bromazepam","26":"product_tag-tabs-pillen-medikamente","28":"first","29":"instock","30":"shipping-taxable","31":"purchasable","32":"product-type-variable","33":"has-default-attributes"},"yoast_head":"<!-- This site is optimized with the Yoast SEO plugin v27.3 - https:\/\/yoast.com\/product\/yoast-seo-wordpress\/ -->\n<title>Kaufen Sie Lexotanil Bromazepam 3 mg Tabletten online - Best Best Global Meds<\/title>\n<meta name=\"description\" content=\"Kaufen Sie Lexotanil Bromazepam 3 mg Tabletten zum Verkauf online in Gro\u00dfbritannien, Europa. Bromazepam (Lexotanil) geh\u00f6rt zu der Gruppe von Arzneimitteln, die als Benzodiazepine bekannt sind, einer Klasse von Antidepressiva, Antipanikmitteln und Muskelrelaxantien.\" \/>\n<meta name=\"robots\" content=\"index, follow, max-snippet:-1, max-image-preview:large, max-video-preview:-1\" \/>\n<link rel=\"canonical\" href=\"https:\/\/medicinasinc.com\/de\/product\/kaufen-lexotanil-bromazepam-3mg-pillen-online\/\" \/>\n<meta property=\"og:locale\" content=\"de_DE\" \/>\n<meta property=\"og:type\" content=\"article\" \/>\n<meta property=\"og:title\" content=\"Kaufen Sie Lexotanil Bromazepam 3 mg Tabletten online - Best Best Global Meds\" \/>\n<meta property=\"og:description\" content=\"Kaufen Sie Lexotanil Bromazepam 3 mg Tabletten zum Verkauf online in Gro\u00dfbritannien, Europa. Bromazepam (Lexotanil) geh\u00f6rt zu der Gruppe von Arzneimitteln, die als Benzodiazepine bekannt sind, einer Klasse von Antidepressiva, Antipanikmitteln und Muskelrelaxantien.\" \/>\n<meta property=\"og:url\" content=\"https:\/\/medicinasinc.com\/de\/product\/kaufen-lexotanil-bromazepam-3mg-pillen-online\/\" \/>\n<meta property=\"og:site_name\" content=\"Medicinas Inc\" \/>\n<meta property=\"article:modified_time\" content=\"2022-03-18T00:27:44+00:00\" \/>\n<meta property=\"og:image\" content=\"https:\/\/medicinasinc.com\/de\/wp-content\/uploads\/sites\/6\/2022\/02\/Buy-Lexotan-Bromazepam-3mg.jpg\" \/>\n\t<meta property=\"og:image:width\" content=\"600\" \/>\n\t<meta property=\"og:image:height\" content=\"600\" \/>\n\t<meta property=\"og:image:type\" content=\"image\/jpeg\" \/>\n<meta name=\"twitter:card\" content=\"summary_large_image\" \/>\n<meta name=\"twitter:label1\" content=\"Gesch\u00e4tzte Lesezeit\" \/>\n\t<meta name=\"twitter:data1\" content=\"3\u00a0Minuten\" \/>\n<script type=\"application\/ld+json\" class=\"yoast-schema-graph\">{\"@context\":\"https:\\\/\\\/schema.org\",\"@graph\":[{\"@type\":\"WebPage\",\"@id\":\"https:\\\/\\\/medicinasinc.com\\\/de\\\/product\\\/kaufen-lexotanil-bromazepam-3mg-pillen-online\\\/\",\"url\":\"https:\\\/\\\/medicinasinc.com\\\/de\\\/product\\\/kaufen-lexotanil-bromazepam-3mg-pillen-online\\\/\",\"name\":\"Kaufen Sie Lexotanil Bromazepam 3 mg Tabletten online - Best Best Global Meds\",\"isPartOf\":{\"@id\":\"https:\\\/\\\/medicinasinc.com\\\/de\\\/#website\"},\"primaryImageOfPage\":{\"@id\":\"https:\\\/\\\/medicinasinc.com\\\/de\\\/product\\\/kaufen-lexotanil-bromazepam-3mg-pillen-online\\\/#primaryimage\"},\"image\":{\"@id\":\"https:\\\/\\\/medicinasinc.com\\\/de\\\/product\\\/kaufen-lexotanil-bromazepam-3mg-pillen-online\\\/#primaryimage\"},\"thumbnailUrl\":\"https:\\\/\\\/medicinasinc.com\\\/de\\\/wp-content\\\/uploads\\\/sites\\\/6\\\/2022\\\/02\\\/Buy-Lexotan-Bromazepam-3mg.jpg\",\"datePublished\":\"2022-02-20T22:23:28+00:00\",\"dateModified\":\"2022-03-18T00:27:44+00:00\",\"description\":\"Kaufen Sie Lexotanil Bromazepam 3 mg Tabletten zum Verkauf online in Gro\u00dfbritannien, Europa. Bromazepam (Lexotanil) geh\u00f6rt zu der Gruppe von Arzneimitteln, die als Benzodiazepine bekannt sind, einer Klasse von Antidepressiva, Antipanikmitteln und Muskelrelaxantien.\",\"breadcrumb\":{\"@id\":\"https:\\\/\\\/medicinasinc.com\\\/de\\\/product\\\/kaufen-lexotanil-bromazepam-3mg-pillen-online\\\/#breadcrumb\"},\"inLanguage\":\"de\",\"potentialAction\":[{\"@type\":\"ReadAction\",\"target\":[\"https:\\\/\\\/medicinasinc.com\\\/de\\\/product\\\/kaufen-lexotanil-bromazepam-3mg-pillen-online\\\/\"]}]},{\"@type\":\"ImageObject\",\"inLanguage\":\"de\",\"@id\":\"https:\\\/\\\/medicinasinc.com\\\/de\\\/product\\\/kaufen-lexotanil-bromazepam-3mg-pillen-online\\\/#primaryimage\",\"url\":\"https:\\\/\\\/medicinasinc.com\\\/de\\\/wp-content\\\/uploads\\\/sites\\\/6\\\/2022\\\/02\\\/Buy-Lexotan-Bromazepam-3mg.jpg\",\"contentUrl\":\"https:\\\/\\\/medicinasinc.com\\\/de\\\/wp-content\\\/uploads\\\/sites\\\/6\\\/2022\\\/02\\\/Buy-Lexotan-Bromazepam-3mg.jpg\",\"width\":600,\"height\":600},{\"@type\":\"BreadcrumbList\",\"@id\":\"https:\\\/\\\/medicinasinc.com\\\/de\\\/product\\\/kaufen-lexotanil-bromazepam-3mg-pillen-online\\\/#breadcrumb\",\"itemListElement\":[{\"@type\":\"ListItem\",\"position\":1,\"name\":\"Einkaufen\",\"item\":\"https:\\\/\\\/medicinasinc.com\\\/de\\\/einkaufen\\\/\"},{\"@type\":\"ListItem\",\"position\":2,\"name\":\"Kaufen Sie Lexotanil Bromazepam 3 mg Tabletten online\"}]},{\"@type\":\"WebSite\",\"@id\":\"https:\\\/\\\/medicinasinc.com\\\/de\\\/#website\",\"url\":\"https:\\\/\\\/medicinasinc.com\\\/de\\\/\",\"name\":\"Medicinas Inc\",\"description\":\"Health Medical Clinic\",\"potentialAction\":[{\"@type\":\"SearchAction\",\"target\":{\"@type\":\"EntryPoint\",\"urlTemplate\":\"https:\\\/\\\/medicinasinc.com\\\/de\\\/?s={search_term_string}\"},\"query-input\":{\"@type\":\"PropertyValueSpecification\",\"valueRequired\":true,\"valueName\":\"search_term_string\"}}],\"inLanguage\":\"de\"}]}<\/script>\n<!-- \/ Yoast SEO plugin. -->","yoast_head_json":{"title":"Kaufen Sie Lexotanil Bromazepam 3 mg Tabletten online - Best Best Global Meds","description":"Kaufen Sie Lexotanil Bromazepam 3 mg Tabletten zum Verkauf online in Gro\u00dfbritannien, Europa. Bromazepam (Lexotanil) geh\u00f6rt zu der Gruppe von Arzneimitteln, die als Benzodiazepine bekannt sind, einer Klasse von Antidepressiva, Antipanikmitteln und Muskelrelaxantien.","robots":{"index":"index","follow":"follow","max-snippet":"max-snippet:-1","max-image-preview":"max-image-preview:large","max-video-preview":"max-video-preview:-1"},"canonical":"https:\/\/medicinasinc.com\/de\/product\/kaufen-lexotanil-bromazepam-3mg-pillen-online\/","og_locale":"de_DE","og_type":"article","og_title":"Kaufen Sie Lexotanil Bromazepam 3 mg Tabletten online - Best Best Global Meds","og_description":"Kaufen Sie Lexotanil Bromazepam 3 mg Tabletten zum Verkauf online in Gro\u00dfbritannien, Europa. Bromazepam (Lexotanil) geh\u00f6rt zu der Gruppe von Arzneimitteln, die als Benzodiazepine bekannt sind, einer Klasse von Antidepressiva, Antipanikmitteln und Muskelrelaxantien.","og_url":"https:\/\/medicinasinc.com\/de\/product\/kaufen-lexotanil-bromazepam-3mg-pillen-online\/","og_site_name":"Medicinas Inc","article_modified_time":"2022-03-18T00:27:44+00:00","og_image":[{"width":600,"height":600,"url":"https:\/\/medicinasinc.com\/de\/wp-content\/uploads\/sites\/6\/2022\/02\/Buy-Lexotan-Bromazepam-3mg.jpg","type":"image\/jpeg"}],"twitter_card":"summary_large_image","twitter_misc":{"Gesch\u00e4tzte Lesezeit":"3\u00a0Minuten"},"schema":{"@context":"https:\/\/schema.org","@graph":[{"@type":"WebPage","@id":"https:\/\/medicinasinc.com\/de\/product\/kaufen-lexotanil-bromazepam-3mg-pillen-online\/","url":"https:\/\/medicinasinc.com\/de\/product\/kaufen-lexotanil-bromazepam-3mg-pillen-online\/","name":"Kaufen Sie Lexotanil Bromazepam 3 mg Tabletten online - Best Best Global Meds","isPartOf":{"@id":"https:\/\/medicinasinc.com\/de\/#website"},"primaryImageOfPage":{"@id":"https:\/\/medicinasinc.com\/de\/product\/kaufen-lexotanil-bromazepam-3mg-pillen-online\/#primaryimage"},"image":{"@id":"https:\/\/medicinasinc.com\/de\/product\/kaufen-lexotanil-bromazepam-3mg-pillen-online\/#primaryimage"},"thumbnailUrl":"https:\/\/medicinasinc.com\/de\/wp-content\/uploads\/sites\/6\/2022\/02\/Buy-Lexotan-Bromazepam-3mg.jpg","datePublished":"2022-02-20T22:23:28+00:00","dateModified":"2022-03-18T00:27:44+00:00","description":"Kaufen Sie Lexotanil Bromazepam 3 mg Tabletten zum Verkauf online in Gro\u00dfbritannien, Europa. Bromazepam (Lexotanil) geh\u00f6rt zu der Gruppe von Arzneimitteln, die als Benzodiazepine bekannt sind, einer Klasse von Antidepressiva, Antipanikmitteln und Muskelrelaxantien.","breadcrumb":{"@id":"https:\/\/medicinasinc.com\/de\/product\/kaufen-lexotanil-bromazepam-3mg-pillen-online\/#breadcrumb"},"inLanguage":"de","potentialAction":[{"@type":"ReadAction","target":["https:\/\/medicinasinc.com\/de\/product\/kaufen-lexotanil-bromazepam-3mg-pillen-online\/"]}]},{"@type":"ImageObject","inLanguage":"de","@id":"https:\/\/medicinasinc.com\/de\/product\/kaufen-lexotanil-bromazepam-3mg-pillen-online\/#primaryimage","url":"https:\/\/medicinasinc.com\/de\/wp-content\/uploads\/sites\/6\/2022\/02\/Buy-Lexotan-Bromazepam-3mg.jpg","contentUrl":"https:\/\/medicinasinc.com\/de\/wp-content\/uploads\/sites\/6\/2022\/02\/Buy-Lexotan-Bromazepam-3mg.jpg","width":600,"height":600},{"@type":"BreadcrumbList","@id":"https:\/\/medicinasinc.com\/de\/product\/kaufen-lexotanil-bromazepam-3mg-pillen-online\/#breadcrumb","itemListElement":[{"@type":"ListItem","position":1,"name":"Einkaufen","item":"https:\/\/medicinasinc.com\/de\/einkaufen\/"},{"@type":"ListItem","position":2,"name":"Kaufen Sie Lexotanil Bromazepam 3 mg Tabletten online"}]},{"@type":"WebSite","@id":"https:\/\/medicinasinc.com\/de\/#website","url":"https:\/\/medicinasinc.com\/de\/","name":"Medicinas Inc","description":"Health Medical Clinic","potentialAction":[{"@type":"SearchAction","target":{"@type":"EntryPoint","urlTemplate":"https:\/\/medicinasinc.com\/de\/?s={search_term_string}"},"query-input":{"@type":"PropertyValueSpecification","valueRequired":true,"valueName":"search_term_string"}}],"inLanguage":"de"}]}},"_links":{"self":[{"href":"https:\/\/medicinasinc.com\/de\/wp-json\/wp\/v2\/product\/5236","targetHints":{"allow":["GET"]}}],"collection":[{"href":"https:\/\/medicinasinc.com\/de\/wp-json\/wp\/v2\/product"}],"about":[{"href":"https:\/\/medicinasinc.com\/de\/wp-json\/wp\/v2\/types\/product"}],"replies":[{"embeddable":true,"href":"https:\/\/medicinasinc.com\/de\/wp-json\/wp\/v2\/comments?post=5236"}],"wp:featuredmedia":[{"embeddable":true,"href":"https:\/\/medicinasinc.com\/de\/wp-json\/wp\/v2\/media\/5252"}],"wp:attachment":[{"href":"https:\/\/medicinasinc.com\/de\/wp-json\/wp\/v2\/media?parent=5236"}],"wp:term":[{"taxonomy":"product_brand","embeddable":true,"href":"https:\/\/medicinasinc.com\/de\/wp-json\/wp\/v2\/product_brand?post=5236"},{"taxonomy":"product_cat","embeddable":true,"href":"https:\/\/medicinasinc.com\/de\/wp-json\/wp\/v2\/product_cat?post=5236"},{"taxonomy":"product_tag","embeddable":true,"href":"https:\/\/medicinasinc.com\/de\/wp-json\/wp\/v2\/product_tag?post=5236"}],"curies":[{"name":"wp","href":"https:\/\/api.w.org\/{rel}","templated":true}]}}