{"id":5209,"date":"2022-02-20T21:59:55","date_gmt":"2022-02-20T21:59:55","guid":{"rendered":"https:\/\/medicinasinc.com\/de\/?post_type=product&#038;p=5209"},"modified":"2022-03-18T00:27:58","modified_gmt":"2022-03-18T00:27:58","slug":"kaufen-klonopin-2-mg","status":"publish","type":"product","link":"https:\/\/medicinasinc.com\/de\/product\/kaufen-klonopin-2-mg\/","title":{"rendered":"Kaufen Sie Klonopin 2 mg"},"content":{"rendered":"<p>Online k\u00f6nnen Sie Klonopin 2 mg Tabletten zum Verkauf zu einem niedrigen Preis kaufen.<\/p>\n<p>Klonopin ist ein wahres Elixier, das Ihnen helfen wird, mit Ihren Problemen fertig zu werden. Es wird Ihnen auch helfen, sich besser zu f\u00fchlen.<\/p>\n<p>Klonopin ist ein Benzodiazepin-Sedativum und Antikonvulsivum, und es kann Menschen helfen, sich zu entspannen und Anf\u00e4lle zu stoppen. Es wird haupts\u00e4chlich zur Behandlung von Angstst\u00f6rungen wie Panikst\u00f6rungen eingesetzt.<\/p>\n<p>Sehen Sie sich Klonopin jetzt genauer an.<\/p>\n<p>Klonopin ist das einzige Benzodiazepin, das von der FDA zur Behandlung von Panikst\u00f6rungen zugelassen wurde . Viele Menschen verwenden Klonopin, um Angstzust\u00e4nde, Unruhe, akute Manie (in Kombination mit anderen Medikamenten) zu behandeln und Anf\u00e4lle schnell zu stoppen. Verwendung: Es wird als langfristiges Antikonvulsivum, wie eine Schlaftablette, zur Behandlung von Nervenschmerzen verwendet.<\/p>\n<p>Sie k\u00f6nnen nach der Einnahme von Klonopin ruhig, vielleicht high und ein wenig m\u00fcde sein. Nebenwirkungen variieren von Person zu Person und h\u00e4ngen davon ab, wie viel Sie einnehmen. In den meisten F\u00e4llen wird Klonopin zweimal t\u00e4glich f\u00fcr etwa 0,25 mg bis 2 mg verabreicht. Menschen mit Epilepsie k\u00f6nnen bis zu 20 mg pro Tag einnehmen.<\/p>\n<p>So wirkt Klonopin: Es beeinflusst den Neurotransmitter GABA, der ein Gegenmittel ist. Da Klonopin so viele Dinge gleichzeitig tut, verlangsamt es das Gehirn, indem es die F\u00e4higkeit der Nerven verringert, Impulse zu senden. Infolge weniger Aktivit\u00e4t werden die Menschen weniger \u00e4ngstlich, und auch die Wahrscheinlichkeit, einen Anfall zu bekommen, sinkt.<\/p>\n<p>In der Medizin wird Klonopin zur Behandlung von Anf\u00e4llen und Panikattacken eingesetzt. Es kann auch als Hypnotikum zur Behandlung von Angstst\u00f6rungen, Panikst\u00f6rungen und Schmerzen eingesetzt werden. Die Einnahme von Benzodiazepin hilft, den Anfall zu stoppen und die Gehirnaktivit\u00e4t wieder auf den Normalwert zu bringen. Dies kann auch bei Schmerzen helfen, insbesondere bei neuropathischen Schmerzen, da es den Neuronen erschwert wird, Schmerzsignale zu senden, was sie weniger empfindlich macht.<\/p>\n<p>Dinge, \u00fcber die Sie vor der Einnahme von Klonopin mit dem Arzt sprechen sollten<\/p>\n<p>Sie sollten Ihren Arzt informieren, wenn Sie:<\/p>\n<p>mindestens eine der folgenden Erkrankungen haben:<\/p>\n<p>\u2022 Probleme mit der Leber<\/p>\n<p>\u2022 Alkohol- oder Drogenmissbrauch, entweder aktuell oder in der Vergangenheit;<\/p>\n<p>Menschen mit Asthma, Bronchitis, Emphysem oder anderen Atemwegserkrankungen;<\/p>\n<p>\u2022 Traurigkeit oder Selbstmordgedanken.<\/p>\n<p>A Viele Menschen mit den oben genannten Krankheiten k\u00f6nnen Klonopin nicht einnehmen, oder sie m\u00fcssen eine niedrigere Dosis des Medikaments einnehmen und sich von ihrem Arzt untersuchen lassen.<\/p>\n<p>Wenn Sie \u00fcber 60 Jahre alt sind, sind die Chancen auf Nebenwirkungen des Arzneimittels sind sehr hoch. Aus diesem Grund sollte Ihre Klonopin-Dosis basierend auf Ihrem Gesundheitszustand ge\u00e4ndert werden.<\/p>\n<p>Zur Anwendung:<\/p>\n<p>Klonopin sollte nur so eingenommen werden, wie es Ihnen ein Arzt verordnet hat. Wenden Sie sich an Ihren Arzt oder Apotheker, um Rat zur Anwendung zu erhalten. Wenn Sie die Pille nehmen, sollten Sie das Ganze trinken. Nehmen Sie nicht mehr ein, als Ihr Arzt Ihnen gesagt hat. Bevor Sie die Einnahme des Produkts beenden, sprechen Sie mit Ihrem Arzt.<\/p>\n<p>Schauen Sie sich an, was passiert, wenn Sie zu viel Arzneimittel einnehmen.<\/p>\n<p>Im Falle einer \u00dcberdosierung rufen Sie sofort einen Arzt an weg.<\/p>\n<p>Anzeichen einer \u00dcberdosierung:<\/p>\n<p>Schl\u00e4frigkeit, Schwindel, Verwirrtheit, langsamer Herzschlag, alkohol\u00e4hnliche Symptome und Bewusstlosigkeit sind alles Anzeichen von Alkoholismus.<\/p>\n<p>Wenn jemand zu viel von dem Medikament einnimmt, werden eine Magensp\u00fclung und eine Behandlung der Nebenwirkungen durchgef\u00fchrt.<\/p>\n<p>Wenn Sie Auto fahren, Maschinen bedienen oder andere Arbeiten ausf\u00fchren, die gef\u00e4hrlich sein k\u00f6nnten, seien Sie vorsichtig.<\/p>\n<p> p&gt; <\/p>\n<p>Bei Schl\u00e4frigkeit oder Schwindel sollten Sie solche Dinge nicht tun.<\/p>\n<p>Alkohol sollte nicht mit Klonopin gemischt werden. Alkohol erh\u00f6ht die Wahrscheinlichkeit, dass Klonopin schwerwiegende Nebenwirkungen verursacht. Infolgedessen besteht eine gr\u00f6\u00dfere Wahrscheinlichkeit, dass auch Anf\u00e4lle auftreten.<\/p>\n<p>Was hat Klonopin?<\/p>\n<p>Allergie: Kurzatmigkeit, Schwellung der Lippen, des Gesichts, der Zunge oder Hautausschlag <\/p>\n<p>Es besteht auch die M\u00f6glichkeit, dass andere, weniger schwerwiegende Nebenwirkungen auftreten.<\/p>\n<p>Fahren Sie mit der Einnahme des Arzneimittels fort und informieren Sie Ihren Arzt, wenn Sie Folgendes haben:<\/p>\n<p>Schl\u00e4frigkeit ; Schwindel oder ungeschickte Bewegung; Depression; Benommenheit, \u00dcbelkeit, Durchfall oder Verstopfung; Schwierigkeiten beim Wasserlassen, Alptr\u00e4ume, Kopfschmerzen, Mundtrockenheit, ein R\u00fcckgang des sexuellen Verlangens und Verhaltens\u00e4nderungen sind alles Anzeichen einer Depression.<\/p>\n<p>Dosierung und Anwendung<\/p>\n<p>Die Klonopin-Therapie beginnt mit kleinen Dosen und erh\u00f6ht sie allm\u00e4hlich, um die besten Ergebnisse zu erzielen. Da jeder Mensch eine andere Verfassung und K\u00f6rperreaktion auf die Einnahme eines Medikaments hat, wird die Dosierung auf seine Bed\u00fcrfnisse abgestimmt. Die h\u00e4ufigste Klonopin-Dosis betr\u00e4gt 0,5 mg dreimal t\u00e4glich. Wenn der therapeutische Effekt nicht erreicht wird, kann die Dosis jeden dritten Tag der Therapie erh\u00f6ht werden, bis dies der Fall ist.<\/p>\n<p>Wenn das Medikament in hohen Dosen eingenommen wird, insbesondere \u00fcber einen l\u00e4ngeren Zeitraum, kann es zu Nebenwirkungen kommen Probleme mit Artikulation, Diplopie, Nystagmus, paradoxe Reaktionen (wie pl\u00f6tzliche Erregung) und anterograde Amnesie. Ein paar Mal hat eine Person eine \u00dcberempfindlichkeitsreaktion, Muskelschw\u00e4che oder Depression. Menschen mit einigen Arten von Epilepsie haben m\u00f6glicherweise mehr Anf\u00e4lle, wenn sie \u00fcber einen l\u00e4ngeren Zeitraum behandelt werden.<\/p>\n","protected":false},"excerpt":{"rendered":"<p>Kaufen Sie Klonopin 2 mg Tabletten zum Verkauf in Gro\u00dfbritannien, Europa und dem Rest der Welt. Klonopin (Clonazepam) kann Menschen mit Krampfanf\u00e4llen, Panikst\u00f6rungen und Angstzust\u00e4nden helfen. Benzodiazepine sind Medikamente, die Sie beruhigen.<\/p>\n<p>Clonazepam Klonopin 2mg kann online zum besten Preis am besten Ort gekauft werden. Best Global Meds ist eine bekannte Online-Apotheke, die nur legale Medikamente verkauft. Wenn Sie online bestellen, k\u00f6nnen Sie Geld und Zeit sparen.<\/p>\n<p>Gro\u00dfbritannien, Europa: Ich m\u00f6chte Klonopin zum Verkauf anbieten. Es gibt Orte in Europa, an denen Sie Clonazepam online kaufen und Klonopin 2 mg Tabletten kaufen k\u00f6nnen.<\/p>\n","protected":false},"featured_media":5228,"comment_status":"open","ping_status":"closed","template":"","meta":[],"product_brand":[],"product_cat":[1117],"product_tag":[1370,1384,1371,1372,1373,1374,1375,1376,1377,1378,1382,1383,1387,1385,1386,1388,1389,1390,1391,1395,1394,1396,1407,1408,1409,1398,1410,1400,1401,1404,1402,1393,1405,1406,1397,1411,1412,1399,1403,1392,1413,1415,1416,1417,1380,1381,1379,1414,1418],"class_list":{"0":"post-5209","1":"product","2":"type-product","3":"status-publish","4":"has-post-thumbnail","6":"product_cat-kaufen-sie-schmerz-schlaf-und-sexpillen","7":"product_tag-1-mg-klonopin","8":"product_tag-ist-1mg-von-klonopin-eine-niedrige-dosis","9":"product_tag-ativan-vs-klonopin","10":"product_tag-blue-klonopin","11":"product_tag-blue-klonopin-2mg","12":"product_tag-can-you-take-klonopin-for-life","13":"product_tag-clonazepam-klonopin-orange-pill-1-2","14":"product_tag-generic-klonopin","15":"product_tag-halbwertszeit-von-klonopin","16":"product_tag-how-long-does-it-take-for-klonopin-to-kick-in","17":"product_tag-how-long-does-klonopin-take-to-work","18":"product_tag-how-many-hours-between-klonopin-doses","19":"product_tag-is-klonopin-a-narcotic","20":"product_tag-ist-klonopin-a-benzo","21":"product_tag-ist-klonopin-eine-kontrollierte-substanz","22":"product_tag-klonopin","23":"product_tag-klonopin-10-mg","24":"product_tag-klonopin-1mg","25":"product_tag-klonopin-2mg","26":"product_tag-klonopin-doses","27":"product_tag-klonopin-dosierung","28":"product_tag-klonopin-for-anxiety","29":"product_tag-klonopin-vs-valium","30":"product_tag-klonopin-vs-xanax","31":"product_tag-klonopin-vs-xanax-reddit","32":"product_tag-klonopin-generikum","33":"product_tag-klonopin-gewichtsverlust","34":"product_tag-klonopin-hoch","35":"product_tag-klonopin-medication","36":"product_tag-klonopin-nebenwirkungen","37":"product_tag-klonopin-overdose","38":"product_tag-klonopin-und-alkohol","39":"product_tag-klonopin-gebrauch","40":"product_tag-klonopin-vs-ativan","41":"product_tag-klonopin-zum-schlafen","42":"product_tag-klonopin-entzug","43":"product_tag-klonopin-entzugserscheinungen","44":"product_tag-klonopin-halbwertszeit","45":"product_tag-clonopin-pille","46":"product_tag-klonopin-sucht","47":"product_tag-nebenwirkungen-von-klonopin","48":"product_tag-was-ist-eine-hohe-dosis-von-klonopin","49":"product_tag-what-is-klonopin","50":"product_tag-what-is-klonopin-used-for","51":"product_tag-wie-lange-bleibt-klonopin-in-ihrem-system","52":"product_tag-wie-lange-bleibt-klonopin-in-deinem-urin","53":"product_tag-wie-lange-hlt-klonopin","54":"product_tag-wie-sieht-klonopin-aus","55":"product_tag-xanax-vs-klonopin","57":"first","58":"instock","59":"shipping-taxable","60":"purchasable","61":"product-type-variable","62":"has-default-attributes"},"yoast_head":"<!-- This site is optimized with the Yoast SEO plugin v27.3 - https:\/\/yoast.com\/product\/yoast-seo-wordpress\/ -->\n<title>Kaufen Sie Klonopin 2 mg - Klonopin Online Sale - Best Best Global Meds<\/title>\n<meta name=\"description\" content=\"Kaufen Sie Klonopin 2 mg zum Verkauf UK, Europa Pillen online. Klonopin (Clonazepam) behandelt Anf\u00e4lle, Panikst\u00f6rungen und Angstzust\u00e4nde. Dieses Arzneimittel ist ein Benzodiazepin.\" \/>\n<meta name=\"robots\" content=\"index, follow, max-snippet:-1, max-image-preview:large, max-video-preview:-1\" \/>\n<link rel=\"canonical\" href=\"https:\/\/medicinasinc.com\/de\/product\/kaufen-klonopin-2-mg\/\" \/>\n<meta property=\"og:locale\" content=\"de_DE\" \/>\n<meta property=\"og:type\" content=\"article\" \/>\n<meta property=\"og:title\" content=\"Kaufen Sie Klonopin 2 mg - Klonopin Online Sale - Best Best Global Meds\" \/>\n<meta property=\"og:description\" content=\"Kaufen Sie Klonopin 2 mg zum Verkauf UK, Europa Pillen online. Klonopin (Clonazepam) behandelt Anf\u00e4lle, Panikst\u00f6rungen und Angstzust\u00e4nde. Dieses Arzneimittel ist ein Benzodiazepin.\" \/>\n<meta property=\"og:url\" content=\"https:\/\/medicinasinc.com\/de\/product\/kaufen-klonopin-2-mg\/\" \/>\n<meta property=\"og:site_name\" content=\"Medicinas Inc\" \/>\n<meta property=\"article:modified_time\" content=\"2022-03-18T00:27:58+00:00\" \/>\n<meta property=\"og:image\" content=\"https:\/\/medicinasinc.com\/de\/wp-content\/uploads\/sites\/6\/2022\/02\/Buy-Klonopin-2-mg.jpeg\" \/>\n\t<meta property=\"og:image:width\" content=\"236\" \/>\n\t<meta property=\"og:image:height\" content=\"296\" \/>\n\t<meta property=\"og:image:type\" content=\"image\/jpeg\" \/>\n<meta name=\"twitter:card\" content=\"summary_large_image\" \/>\n<meta name=\"twitter:label1\" content=\"Gesch\u00e4tzte Lesezeit\" \/>\n\t<meta name=\"twitter:data1\" content=\"4\u00a0Minuten\" \/>\n<script type=\"application\/ld+json\" class=\"yoast-schema-graph\">{\"@context\":\"https:\\\/\\\/schema.org\",\"@graph\":[{\"@type\":\"WebPage\",\"@id\":\"https:\\\/\\\/medicinasinc.com\\\/de\\\/product\\\/kaufen-klonopin-2-mg\\\/\",\"url\":\"https:\\\/\\\/medicinasinc.com\\\/de\\\/product\\\/kaufen-klonopin-2-mg\\\/\",\"name\":\"Kaufen Sie Klonopin 2 mg - Klonopin Online Sale - Best Best Global Meds\",\"isPartOf\":{\"@id\":\"https:\\\/\\\/medicinasinc.com\\\/de\\\/#website\"},\"primaryImageOfPage\":{\"@id\":\"https:\\\/\\\/medicinasinc.com\\\/de\\\/product\\\/kaufen-klonopin-2-mg\\\/#primaryimage\"},\"image\":{\"@id\":\"https:\\\/\\\/medicinasinc.com\\\/de\\\/product\\\/kaufen-klonopin-2-mg\\\/#primaryimage\"},\"thumbnailUrl\":\"https:\\\/\\\/medicinasinc.com\\\/de\\\/wp-content\\\/uploads\\\/sites\\\/6\\\/2022\\\/02\\\/Buy-Klonopin-2-mg.jpeg\",\"datePublished\":\"2022-02-20T21:59:55+00:00\",\"dateModified\":\"2022-03-18T00:27:58+00:00\",\"description\":\"Kaufen Sie Klonopin 2 mg zum Verkauf UK, Europa Pillen online. Klonopin (Clonazepam) behandelt Anf\u00e4lle, Panikst\u00f6rungen und Angstzust\u00e4nde. Dieses Arzneimittel ist ein Benzodiazepin.\",\"breadcrumb\":{\"@id\":\"https:\\\/\\\/medicinasinc.com\\\/de\\\/product\\\/kaufen-klonopin-2-mg\\\/#breadcrumb\"},\"inLanguage\":\"de\",\"potentialAction\":[{\"@type\":\"ReadAction\",\"target\":[\"https:\\\/\\\/medicinasinc.com\\\/de\\\/product\\\/kaufen-klonopin-2-mg\\\/\"]}]},{\"@type\":\"ImageObject\",\"inLanguage\":\"de\",\"@id\":\"https:\\\/\\\/medicinasinc.com\\\/de\\\/product\\\/kaufen-klonopin-2-mg\\\/#primaryimage\",\"url\":\"https:\\\/\\\/medicinasinc.com\\\/de\\\/wp-content\\\/uploads\\\/sites\\\/6\\\/2022\\\/02\\\/Buy-Klonopin-2-mg.jpeg\",\"contentUrl\":\"https:\\\/\\\/medicinasinc.com\\\/de\\\/wp-content\\\/uploads\\\/sites\\\/6\\\/2022\\\/02\\\/Buy-Klonopin-2-mg.jpeg\",\"width\":236,\"height\":296},{\"@type\":\"BreadcrumbList\",\"@id\":\"https:\\\/\\\/medicinasinc.com\\\/de\\\/product\\\/kaufen-klonopin-2-mg\\\/#breadcrumb\",\"itemListElement\":[{\"@type\":\"ListItem\",\"position\":1,\"name\":\"Einkaufen\",\"item\":\"https:\\\/\\\/medicinasinc.com\\\/de\\\/einkaufen\\\/\"},{\"@type\":\"ListItem\",\"position\":2,\"name\":\"Kaufen Sie Klonopin 2 mg\"}]},{\"@type\":\"WebSite\",\"@id\":\"https:\\\/\\\/medicinasinc.com\\\/de\\\/#website\",\"url\":\"https:\\\/\\\/medicinasinc.com\\\/de\\\/\",\"name\":\"Medicinas Inc\",\"description\":\"Health Medical Clinic\",\"potentialAction\":[{\"@type\":\"SearchAction\",\"target\":{\"@type\":\"EntryPoint\",\"urlTemplate\":\"https:\\\/\\\/medicinasinc.com\\\/de\\\/?s={search_term_string}\"},\"query-input\":{\"@type\":\"PropertyValueSpecification\",\"valueRequired\":true,\"valueName\":\"search_term_string\"}}],\"inLanguage\":\"de\"}]}<\/script>\n<!-- \/ Yoast SEO plugin. -->","yoast_head_json":{"title":"Kaufen Sie Klonopin 2 mg - Klonopin Online Sale - Best Best Global Meds","description":"Kaufen Sie Klonopin 2 mg zum Verkauf UK, Europa Pillen online. Klonopin (Clonazepam) behandelt Anf\u00e4lle, Panikst\u00f6rungen und Angstzust\u00e4nde. Dieses Arzneimittel ist ein Benzodiazepin.","robots":{"index":"index","follow":"follow","max-snippet":"max-snippet:-1","max-image-preview":"max-image-preview:large","max-video-preview":"max-video-preview:-1"},"canonical":"https:\/\/medicinasinc.com\/de\/product\/kaufen-klonopin-2-mg\/","og_locale":"de_DE","og_type":"article","og_title":"Kaufen Sie Klonopin 2 mg - Klonopin Online Sale - Best Best Global Meds","og_description":"Kaufen Sie Klonopin 2 mg zum Verkauf UK, Europa Pillen online. Klonopin (Clonazepam) behandelt Anf\u00e4lle, Panikst\u00f6rungen und Angstzust\u00e4nde. Dieses Arzneimittel ist ein Benzodiazepin.","og_url":"https:\/\/medicinasinc.com\/de\/product\/kaufen-klonopin-2-mg\/","og_site_name":"Medicinas Inc","article_modified_time":"2022-03-18T00:27:58+00:00","og_image":[{"width":236,"height":296,"url":"https:\/\/medicinasinc.com\/de\/wp-content\/uploads\/sites\/6\/2022\/02\/Buy-Klonopin-2-mg.jpeg","type":"image\/jpeg"}],"twitter_card":"summary_large_image","twitter_misc":{"Gesch\u00e4tzte Lesezeit":"4\u00a0Minuten"},"schema":{"@context":"https:\/\/schema.org","@graph":[{"@type":"WebPage","@id":"https:\/\/medicinasinc.com\/de\/product\/kaufen-klonopin-2-mg\/","url":"https:\/\/medicinasinc.com\/de\/product\/kaufen-klonopin-2-mg\/","name":"Kaufen Sie Klonopin 2 mg - Klonopin Online Sale - Best Best Global Meds","isPartOf":{"@id":"https:\/\/medicinasinc.com\/de\/#website"},"primaryImageOfPage":{"@id":"https:\/\/medicinasinc.com\/de\/product\/kaufen-klonopin-2-mg\/#primaryimage"},"image":{"@id":"https:\/\/medicinasinc.com\/de\/product\/kaufen-klonopin-2-mg\/#primaryimage"},"thumbnailUrl":"https:\/\/medicinasinc.com\/de\/wp-content\/uploads\/sites\/6\/2022\/02\/Buy-Klonopin-2-mg.jpeg","datePublished":"2022-02-20T21:59:55+00:00","dateModified":"2022-03-18T00:27:58+00:00","description":"Kaufen Sie Klonopin 2 mg zum Verkauf UK, Europa Pillen online. Klonopin (Clonazepam) behandelt Anf\u00e4lle, Panikst\u00f6rungen und Angstzust\u00e4nde. Dieses Arzneimittel ist ein Benzodiazepin.","breadcrumb":{"@id":"https:\/\/medicinasinc.com\/de\/product\/kaufen-klonopin-2-mg\/#breadcrumb"},"inLanguage":"de","potentialAction":[{"@type":"ReadAction","target":["https:\/\/medicinasinc.com\/de\/product\/kaufen-klonopin-2-mg\/"]}]},{"@type":"ImageObject","inLanguage":"de","@id":"https:\/\/medicinasinc.com\/de\/product\/kaufen-klonopin-2-mg\/#primaryimage","url":"https:\/\/medicinasinc.com\/de\/wp-content\/uploads\/sites\/6\/2022\/02\/Buy-Klonopin-2-mg.jpeg","contentUrl":"https:\/\/medicinasinc.com\/de\/wp-content\/uploads\/sites\/6\/2022\/02\/Buy-Klonopin-2-mg.jpeg","width":236,"height":296},{"@type":"BreadcrumbList","@id":"https:\/\/medicinasinc.com\/de\/product\/kaufen-klonopin-2-mg\/#breadcrumb","itemListElement":[{"@type":"ListItem","position":1,"name":"Einkaufen","item":"https:\/\/medicinasinc.com\/de\/einkaufen\/"},{"@type":"ListItem","position":2,"name":"Kaufen Sie Klonopin 2 mg"}]},{"@type":"WebSite","@id":"https:\/\/medicinasinc.com\/de\/#website","url":"https:\/\/medicinasinc.com\/de\/","name":"Medicinas Inc","description":"Health Medical Clinic","potentialAction":[{"@type":"SearchAction","target":{"@type":"EntryPoint","urlTemplate":"https:\/\/medicinasinc.com\/de\/?s={search_term_string}"},"query-input":{"@type":"PropertyValueSpecification","valueRequired":true,"valueName":"search_term_string"}}],"inLanguage":"de"}]}},"_links":{"self":[{"href":"https:\/\/medicinasinc.com\/de\/wp-json\/wp\/v2\/product\/5209","targetHints":{"allow":["GET"]}}],"collection":[{"href":"https:\/\/medicinasinc.com\/de\/wp-json\/wp\/v2\/product"}],"about":[{"href":"https:\/\/medicinasinc.com\/de\/wp-json\/wp\/v2\/types\/product"}],"replies":[{"embeddable":true,"href":"https:\/\/medicinasinc.com\/de\/wp-json\/wp\/v2\/comments?post=5209"}],"wp:featuredmedia":[{"embeddable":true,"href":"https:\/\/medicinasinc.com\/de\/wp-json\/wp\/v2\/media\/5228"}],"wp:attachment":[{"href":"https:\/\/medicinasinc.com\/de\/wp-json\/wp\/v2\/media?parent=5209"}],"wp:term":[{"taxonomy":"product_brand","embeddable":true,"href":"https:\/\/medicinasinc.com\/de\/wp-json\/wp\/v2\/product_brand?post=5209"},{"taxonomy":"product_cat","embeddable":true,"href":"https:\/\/medicinasinc.com\/de\/wp-json\/wp\/v2\/product_cat?post=5209"},{"taxonomy":"product_tag","embeddable":true,"href":"https:\/\/medicinasinc.com\/de\/wp-json\/wp\/v2\/product_tag?post=5209"}],"curies":[{"name":"wp","href":"https:\/\/api.w.org\/{rel}","templated":true}]}}