{"id":5208,"date":"2022-02-20T21:58:44","date_gmt":"2022-02-20T21:58:44","guid":{"rendered":"https:\/\/medicinasinc.com\/de\/?post_type=product&#038;p=5208"},"modified":"2022-08-03T08:43:50","modified_gmt":"2022-08-03T08:43:50","slug":"kaufen-imovane-zopiclon-7-5-mg","status":"publish","type":"product","link":"https:\/\/medicinasinc.com\/de\/product\/kaufen-imovane-zopiclon-7-5-mg\/","title":{"rendered":"Kaufen Sie Imovane Zopiclon 7,5 mg"},"content":{"rendered":"<p>Imovane Zopiclone Tabletten k\u00f6nnen online gekauft werden.<\/p>\n<p>Imovane Zopiclone Tabletten k\u00f6nnen online gekauft werden.<\/p>\n<p>Imovane: Zopiclone geh\u00f6rt zur Klasse der Beruhigungsmittel-Hypnotika. Es wird kurzfristig zur symptomatischen Linderung von Schlafst\u00f6rungen verschrieben.<\/p>\n","protected":false},"excerpt":{"rendered":"<div class=\"woocommerce-product-details__short-description\">\n<p>Zopiclon 7,5 mg Tabletten online kaufen, Zopiclon 7,5 mg uk, Zopiclon online, Zopiclon eu, Zopiclon Singapur, Zopiclon uk, Zopiclon amazon, Zopiclon 7,5 mg Tabletten am n\u00e4chsten Tag Lieferung<\/p>\n<p>Imovane Zopiclone Tabletten k\u00f6nnen online gekauft werden.<\/p>\n<p>Imovane: Zopiclone ist ein Beruhigungsmittel-Hypnotikum. Es wird zur kurzfristigen Behandlung von Schlafproblemen und als symptomatische Behandlung eingesetzt.<\/p>\n<p>Imovane (Zopiclon) kann online mit einem g\u00fcltigen australischen Rezept erworben werden. medicinasinc.com bietet kostenlosen Versand f\u00fcr alle verschreibungspflichtigen Artikel nach Australien.<\/p>\n<p>Imovane (Zopiclon) ist ein Beruhigungsmittel und Hypnotikum. Es wird zur kurzfristigen Behandlung von Schlafproblemen und als symptomatische Behandlung eingesetzt.<\/p>\n<\/div>\n","protected":false},"featured_media":5226,"comment_status":"open","ping_status":"closed","template":"","meta":[],"product_brand":[],"product_cat":[1117],"product_tag":[1362,1363,1364,1369,1365,1366,1367,1368],"class_list":{"0":"post-5208","1":"product","2":"type-product","3":"status-publish","4":"has-post-thumbnail","6":"product_cat-kaufen-sie-schmerz-schlaf-und-sexpillen","7":"product_tag-buy-zopiclone-7-5mg-tablets-next-day-delivery","8":"product_tag-buy-zopiclone-7-5mg-tablets-online","9":"product_tag-buy-zopiclone-7-5mg-uk","10":"product_tag-zopiclon-amazon","11":"product_tag-buy-zopiclone-eu","12":"product_tag-zopiclon-online-kaufen","13":"product_tag-kaufen-zopiclon-singapur","14":"product_tag-buy-zopiclone-uk","16":"first","17":"instock","18":"shipping-taxable","19":"purchasable","20":"product-type-variable","21":"has-default-attributes"},"yoast_head":"<!-- This site is optimized with the Yoast SEO plugin v27.3 - https:\/\/yoast.com\/product\/yoast-seo-wordpress\/ -->\n<title>Kaufen Sie Imovane Zopiclon 7,5 mg - Best Best Global Meds<\/title>\n<meta name=\"description\" content=\"Kaufen Sie Zopiclon 7,5 mg Tabletten online, kaufen Sie Zopiclon 7,5 mg Gro\u00dfbritannien, kaufen Sie Zopiclon online, kaufen Sie Zopiclon eu, kaufen Sie Zopiclon Singapur, kaufen Sie Zopiclon Gro\u00dfbritannien, Zopiclon Amazon, kaufen Sie Zopiclon 7,5 mg Tabletten Lieferung am n\u00e4chsten Tag,\" \/>\n<meta name=\"robots\" content=\"index, follow, max-snippet:-1, max-image-preview:large, max-video-preview:-1\" \/>\n<link rel=\"canonical\" href=\"https:\/\/medicinasinc.com\/de\/product\/kaufen-imovane-zopiclon-7-5-mg\/\" \/>\n<meta property=\"og:locale\" content=\"de_DE\" \/>\n<meta property=\"og:type\" content=\"article\" \/>\n<meta property=\"og:title\" content=\"Kaufen Sie Imovane Zopiclon 7,5 mg - Best Best Global Meds\" \/>\n<meta property=\"og:description\" content=\"Kaufen Sie Zopiclon 7,5 mg Tabletten online, kaufen Sie Zopiclon 7,5 mg Gro\u00dfbritannien, kaufen Sie Zopiclon online, kaufen Sie Zopiclon eu, kaufen Sie Zopiclon Singapur, kaufen Sie Zopiclon Gro\u00dfbritannien, Zopiclon Amazon, kaufen Sie Zopiclon 7,5 mg Tabletten Lieferung am n\u00e4chsten Tag,\" \/>\n<meta property=\"og:url\" content=\"https:\/\/medicinasinc.com\/de\/product\/kaufen-imovane-zopiclon-7-5-mg\/\" \/>\n<meta property=\"og:site_name\" content=\"Medicinas Inc\" \/>\n<meta property=\"article:modified_time\" content=\"2022-08-03T08:43:50+00:00\" \/>\n<meta property=\"og:image\" content=\"https:\/\/medicinasinc.com\/de\/wp-content\/uploads\/sites\/6\/2022\/02\/Buy-Imovane-Zopiclone-7.5-mg.jpg\" \/>\n\t<meta property=\"og:image:width\" content=\"570\" \/>\n\t<meta property=\"og:image:height\" content=\"340\" \/>\n\t<meta property=\"og:image:type\" content=\"image\/jpeg\" \/>\n<meta name=\"twitter:card\" content=\"summary_large_image\" \/>\n<meta name=\"twitter:label1\" content=\"Gesch\u00e4tzte Lesezeit\" \/>\n\t<meta name=\"twitter:data1\" content=\"1\u00a0Minute\" \/>\n<script type=\"application\/ld+json\" class=\"yoast-schema-graph\">{\"@context\":\"https:\\\/\\\/schema.org\",\"@graph\":[{\"@type\":\"WebPage\",\"@id\":\"https:\\\/\\\/medicinasinc.com\\\/de\\\/product\\\/kaufen-imovane-zopiclon-7-5-mg\\\/\",\"url\":\"https:\\\/\\\/medicinasinc.com\\\/de\\\/product\\\/kaufen-imovane-zopiclon-7-5-mg\\\/\",\"name\":\"Kaufen Sie Imovane Zopiclon 7,5 mg - Best Best Global Meds\",\"isPartOf\":{\"@id\":\"https:\\\/\\\/medicinasinc.com\\\/de\\\/#website\"},\"primaryImageOfPage\":{\"@id\":\"https:\\\/\\\/medicinasinc.com\\\/de\\\/product\\\/kaufen-imovane-zopiclon-7-5-mg\\\/#primaryimage\"},\"image\":{\"@id\":\"https:\\\/\\\/medicinasinc.com\\\/de\\\/product\\\/kaufen-imovane-zopiclon-7-5-mg\\\/#primaryimage\"},\"thumbnailUrl\":\"https:\\\/\\\/medicinasinc.com\\\/de\\\/wp-content\\\/uploads\\\/sites\\\/6\\\/2022\\\/02\\\/Buy-Imovane-Zopiclone-7.5-mg.jpg\",\"datePublished\":\"2022-02-20T21:58:44+00:00\",\"dateModified\":\"2022-08-03T08:43:50+00:00\",\"description\":\"Kaufen Sie Zopiclon 7,5 mg Tabletten online, kaufen Sie Zopiclon 7,5 mg Gro\u00dfbritannien, kaufen Sie Zopiclon online, kaufen Sie Zopiclon eu, kaufen Sie Zopiclon Singapur, kaufen Sie Zopiclon Gro\u00dfbritannien, Zopiclon Amazon, kaufen Sie Zopiclon 7,5 mg Tabletten Lieferung am n\u00e4chsten Tag,\",\"breadcrumb\":{\"@id\":\"https:\\\/\\\/medicinasinc.com\\\/de\\\/product\\\/kaufen-imovane-zopiclon-7-5-mg\\\/#breadcrumb\"},\"inLanguage\":\"de\",\"potentialAction\":[{\"@type\":\"ReadAction\",\"target\":[\"https:\\\/\\\/medicinasinc.com\\\/de\\\/product\\\/kaufen-imovane-zopiclon-7-5-mg\\\/\"]}]},{\"@type\":\"ImageObject\",\"inLanguage\":\"de\",\"@id\":\"https:\\\/\\\/medicinasinc.com\\\/de\\\/product\\\/kaufen-imovane-zopiclon-7-5-mg\\\/#primaryimage\",\"url\":\"https:\\\/\\\/medicinasinc.com\\\/de\\\/wp-content\\\/uploads\\\/sites\\\/6\\\/2022\\\/02\\\/Buy-Imovane-Zopiclone-7.5-mg.jpg\",\"contentUrl\":\"https:\\\/\\\/medicinasinc.com\\\/de\\\/wp-content\\\/uploads\\\/sites\\\/6\\\/2022\\\/02\\\/Buy-Imovane-Zopiclone-7.5-mg.jpg\",\"width\":570,\"height\":340},{\"@type\":\"BreadcrumbList\",\"@id\":\"https:\\\/\\\/medicinasinc.com\\\/de\\\/product\\\/kaufen-imovane-zopiclon-7-5-mg\\\/#breadcrumb\",\"itemListElement\":[{\"@type\":\"ListItem\",\"position\":1,\"name\":\"Einkaufen\",\"item\":\"https:\\\/\\\/medicinasinc.com\\\/de\\\/einkaufen\\\/\"},{\"@type\":\"ListItem\",\"position\":2,\"name\":\"Kaufen Sie Imovane Zopiclon 7,5 mg\"}]},{\"@type\":\"WebSite\",\"@id\":\"https:\\\/\\\/medicinasinc.com\\\/de\\\/#website\",\"url\":\"https:\\\/\\\/medicinasinc.com\\\/de\\\/\",\"name\":\"Medicinas Inc\",\"description\":\"Health Medical Clinic\",\"potentialAction\":[{\"@type\":\"SearchAction\",\"target\":{\"@type\":\"EntryPoint\",\"urlTemplate\":\"https:\\\/\\\/medicinasinc.com\\\/de\\\/?s={search_term_string}\"},\"query-input\":{\"@type\":\"PropertyValueSpecification\",\"valueRequired\":true,\"valueName\":\"search_term_string\"}}],\"inLanguage\":\"de\"}]}<\/script>\n<!-- \/ Yoast SEO plugin. -->","yoast_head_json":{"title":"Kaufen Sie Imovane Zopiclon 7,5 mg - Best Best Global Meds","description":"Kaufen Sie Zopiclon 7,5 mg Tabletten online, kaufen Sie Zopiclon 7,5 mg Gro\u00dfbritannien, kaufen Sie Zopiclon online, kaufen Sie Zopiclon eu, kaufen Sie Zopiclon Singapur, kaufen Sie Zopiclon Gro\u00dfbritannien, Zopiclon Amazon, kaufen Sie Zopiclon 7,5 mg Tabletten Lieferung am n\u00e4chsten Tag,","robots":{"index":"index","follow":"follow","max-snippet":"max-snippet:-1","max-image-preview":"max-image-preview:large","max-video-preview":"max-video-preview:-1"},"canonical":"https:\/\/medicinasinc.com\/de\/product\/kaufen-imovane-zopiclon-7-5-mg\/","og_locale":"de_DE","og_type":"article","og_title":"Kaufen Sie Imovane Zopiclon 7,5 mg - Best Best Global Meds","og_description":"Kaufen Sie Zopiclon 7,5 mg Tabletten online, kaufen Sie Zopiclon 7,5 mg Gro\u00dfbritannien, kaufen Sie Zopiclon online, kaufen Sie Zopiclon eu, kaufen Sie Zopiclon Singapur, kaufen Sie Zopiclon Gro\u00dfbritannien, Zopiclon Amazon, kaufen Sie Zopiclon 7,5 mg Tabletten Lieferung am n\u00e4chsten Tag,","og_url":"https:\/\/medicinasinc.com\/de\/product\/kaufen-imovane-zopiclon-7-5-mg\/","og_site_name":"Medicinas Inc","article_modified_time":"2022-08-03T08:43:50+00:00","og_image":[{"width":570,"height":340,"url":"https:\/\/medicinasinc.com\/de\/wp-content\/uploads\/sites\/6\/2022\/02\/Buy-Imovane-Zopiclone-7.5-mg.jpg","type":"image\/jpeg"}],"twitter_card":"summary_large_image","twitter_misc":{"Gesch\u00e4tzte Lesezeit":"1\u00a0Minute"},"schema":{"@context":"https:\/\/schema.org","@graph":[{"@type":"WebPage","@id":"https:\/\/medicinasinc.com\/de\/product\/kaufen-imovane-zopiclon-7-5-mg\/","url":"https:\/\/medicinasinc.com\/de\/product\/kaufen-imovane-zopiclon-7-5-mg\/","name":"Kaufen Sie Imovane Zopiclon 7,5 mg - Best Best Global Meds","isPartOf":{"@id":"https:\/\/medicinasinc.com\/de\/#website"},"primaryImageOfPage":{"@id":"https:\/\/medicinasinc.com\/de\/product\/kaufen-imovane-zopiclon-7-5-mg\/#primaryimage"},"image":{"@id":"https:\/\/medicinasinc.com\/de\/product\/kaufen-imovane-zopiclon-7-5-mg\/#primaryimage"},"thumbnailUrl":"https:\/\/medicinasinc.com\/de\/wp-content\/uploads\/sites\/6\/2022\/02\/Buy-Imovane-Zopiclone-7.5-mg.jpg","datePublished":"2022-02-20T21:58:44+00:00","dateModified":"2022-08-03T08:43:50+00:00","description":"Kaufen Sie Zopiclon 7,5 mg Tabletten online, kaufen Sie Zopiclon 7,5 mg Gro\u00dfbritannien, kaufen Sie Zopiclon online, kaufen Sie Zopiclon eu, kaufen Sie Zopiclon Singapur, kaufen Sie Zopiclon Gro\u00dfbritannien, Zopiclon Amazon, kaufen Sie Zopiclon 7,5 mg Tabletten Lieferung am n\u00e4chsten Tag,","breadcrumb":{"@id":"https:\/\/medicinasinc.com\/de\/product\/kaufen-imovane-zopiclon-7-5-mg\/#breadcrumb"},"inLanguage":"de","potentialAction":[{"@type":"ReadAction","target":["https:\/\/medicinasinc.com\/de\/product\/kaufen-imovane-zopiclon-7-5-mg\/"]}]},{"@type":"ImageObject","inLanguage":"de","@id":"https:\/\/medicinasinc.com\/de\/product\/kaufen-imovane-zopiclon-7-5-mg\/#primaryimage","url":"https:\/\/medicinasinc.com\/de\/wp-content\/uploads\/sites\/6\/2022\/02\/Buy-Imovane-Zopiclone-7.5-mg.jpg","contentUrl":"https:\/\/medicinasinc.com\/de\/wp-content\/uploads\/sites\/6\/2022\/02\/Buy-Imovane-Zopiclone-7.5-mg.jpg","width":570,"height":340},{"@type":"BreadcrumbList","@id":"https:\/\/medicinasinc.com\/de\/product\/kaufen-imovane-zopiclon-7-5-mg\/#breadcrumb","itemListElement":[{"@type":"ListItem","position":1,"name":"Einkaufen","item":"https:\/\/medicinasinc.com\/de\/einkaufen\/"},{"@type":"ListItem","position":2,"name":"Kaufen Sie Imovane Zopiclon 7,5 mg"}]},{"@type":"WebSite","@id":"https:\/\/medicinasinc.com\/de\/#website","url":"https:\/\/medicinasinc.com\/de\/","name":"Medicinas Inc","description":"Health Medical Clinic","potentialAction":[{"@type":"SearchAction","target":{"@type":"EntryPoint","urlTemplate":"https:\/\/medicinasinc.com\/de\/?s={search_term_string}"},"query-input":{"@type":"PropertyValueSpecification","valueRequired":true,"valueName":"search_term_string"}}],"inLanguage":"de"}]}},"_links":{"self":[{"href":"https:\/\/medicinasinc.com\/de\/wp-json\/wp\/v2\/product\/5208","targetHints":{"allow":["GET"]}}],"collection":[{"href":"https:\/\/medicinasinc.com\/de\/wp-json\/wp\/v2\/product"}],"about":[{"href":"https:\/\/medicinasinc.com\/de\/wp-json\/wp\/v2\/types\/product"}],"replies":[{"embeddable":true,"href":"https:\/\/medicinasinc.com\/de\/wp-json\/wp\/v2\/comments?post=5208"}],"wp:featuredmedia":[{"embeddable":true,"href":"https:\/\/medicinasinc.com\/de\/wp-json\/wp\/v2\/media\/5226"}],"wp:attachment":[{"href":"https:\/\/medicinasinc.com\/de\/wp-json\/wp\/v2\/media?parent=5208"}],"wp:term":[{"taxonomy":"product_brand","embeddable":true,"href":"https:\/\/medicinasinc.com\/de\/wp-json\/wp\/v2\/product_brand?post=5208"},{"taxonomy":"product_cat","embeddable":true,"href":"https:\/\/medicinasinc.com\/de\/wp-json\/wp\/v2\/product_cat?post=5208"},{"taxonomy":"product_tag","embeddable":true,"href":"https:\/\/medicinasinc.com\/de\/wp-json\/wp\/v2\/product_tag?post=5208"}],"curies":[{"name":"wp","href":"https:\/\/api.w.org\/{rel}","templated":true}]}}