{"id":5207,"date":"2022-02-20T21:57:05","date_gmt":"2022-02-20T21:57:05","guid":{"rendered":"https:\/\/medicinasinc.com\/de\/?post_type=product&#038;p=5207"},"modified":"2022-03-18T00:28:22","modified_gmt":"2022-03-18T00:28:22","slug":"kaufen-imitrex-sumatriptan-100-mg","status":"publish","type":"product","link":"https:\/\/medicinasinc.com\/de\/product\/kaufen-imitrex-sumatriptan-100-mg\/","title":{"rendered":"Kaufen Sie Imitrex Sumatriptan 100 mg"},"content":{"rendered":"<div class=\"product-next- previous\">\n<div class=\"product-prev\">\n<p>Kaufen Sie Imitrex 100 mg Tabletten online Imitrex-Informationen (Marke und Generikum)<\/p>\n<p>Bestglobalmeds.com\u00a0verkauft derzeit die Marke Imitrex, allgemein bekannt als Imigran, hergestellt von GSK in der T\u00fcrkei und Aspen in Australien. Zus\u00e4tzlich f\u00fchren wir die GSK-Marke Imitrex aus Kanada. Sumatriptan ist generisch von Pharma Science in Kanada, Sun Pharma in Indien (Suminat) und Dexcel Pharma und Accord Pharma im Vereinigten K\u00f6nigreich erh\u00e4ltlich.<\/p>\n<p>Dosierung<\/p>\n<p>Imitrex ist in verschiedenen Formen erh\u00e4ltlich Dosierungsformulierungen und -stufen. Imitrex und Sumatriptan sind beide in 50-mg- und 100-mg-Tabletten-Dosierungsformen erh\u00e4ltlich. Zus\u00e4tzlich bieten wir generische Imitrex 25 mg Tabletten an. Dar\u00fcber hinaus ist die Marke Imitrex als 20-mg-Nasenspraypackungen, 6-mg\/0,5-ml-Injektionsfl\u00e4schchen, Stat-Dosierungs-Starterkits und Stat-Dosierungskartuschen erh\u00e4ltlich.<\/p>\n<p>Verwendung<\/p>\n<p>Imitrex (Sumatriptan) ist ein Medikament zur Behandlung von Migr\u00e4nekopfschmerzen. Imitrex beugt Migr\u00e4ne nicht vor oder verringert ihre H\u00e4ufigkeit nicht. Es wird nur zur Behandlung von Migr\u00e4nesymptomen angewendet, die bereits begonnen haben. Es hilft bei der Linderung von Kopfschmerzen, Unwohlsein und anderen Migr\u00e4nesymptomen wie \u00dcbelkeit, Erbrechen und Licht- oder Ger\u00e4uschempfindlichkeit. Sumatriptan ist ein Mitglied der Triptan-Klasse von Medikamenten. Dieses Medikament wirkt, indem es mit einer nat\u00fcrlich vorkommenden Chemikalie (Serotonin) interferiert, die bewirkt, dass sich die Blutarterien des Gehirns verengen. Dar\u00fcber hinaus lindert es Schmerzen, indem es bestimmte Nerven im Gehirn beeinflusst.<\/p>\n<p>Folgen<\/p>\n<p>Konsultieren Sie sofort Ihren Arzt, wenn Sie eine der folgenden schwerwiegenden Nebenwirkungen bemerken: Brust, Kiefer oder linke Seite Armschmerzen; blutiger Durchfall; Ohnmacht; schneller, unregelm\u00e4\u00dfiger, pochender Herzschlag; Geistes-\/Stimmungsprobleme; starke Magen-\/Bauchschmerzen; starke Schmerzen in der Brust; Anf\u00e4lle; undeutliches Sprechen; visuelle Ver\u00e4nderungen. Im Folgenden sind einige der am h\u00e4ufigsten auftretenden Nebenwirkungen aufgef\u00fchrt: \u2022 Schwindel und Benommenheit; \u2022 Kribbeln\/Taubheitsgef\u00fchl\/Kribbeln\/Hitzegef\u00fchle; \u2022 Err\u00f6ten.<br \/> \u2022 Erh\u00f6hter Blutdruck \u2013 \u00dcberpr\u00fcfen Sie regelm\u00e4\u00dfig Ihren Blutdruck, um Sicherheit zu gew\u00e4hrleisten;<br \/> \u2022 Ersch\u00f6pfung; \u2022 Schw\u00e4che<\/p>\n<p>Kontraindikationen und Wechselwirkungen<\/p>\n<p>Imitrex sollte nicht verwendet werden, um einen gew\u00f6hnlichen Spannungskopfschmerz oder einen Kopfschmerz zu behandeln, der zu Bewegungsverlust auf einer Seite des K\u00f6rpers f\u00fchrt. Imitrex sollte nicht angewendet werden, wenn Sie allergisch gegen Sumatriptan sind oder wenn Sie die folgenden Erkrankungen haben: \u2022 Herzinfarkt oder Schlaganfall in der Vorgeschichte; \u2022 Bestimmte Herzrhythmusst\u00f6rungen; \u2022 Kreislaufprobleme, die zu einer mangelnden Blutversorgung des K\u00f6rpers f\u00fchren; \u2022 Herzprobleme; \u2022 Leber- oder Nierenerkrankungen; \u2022 Unkontrollierter Bluthochdruck;<\/p>\n<p>Imitrex sollte nicht innerhalb von 24 Stunden nach der Anwendung einer anderen Behandlung gegen Migr\u00e4nekopfschmerzen eingenommen werden. Informieren Sie Ihren Arzt \u00fcber alle aktuellen Medikamente, die Sie einnehmen, einschlie\u00dflich verschreibungspflichtiger, rezeptfreier und pflanzlicher Medikamente, einschlie\u00dflich MAO-Hemmer, selektiver Serotonin-Wiederaufnahmehemmer und Noradrenalin-Wiederaufnahmehemmer. Sumatriptan kann Schwindel oder Schl\u00e4frigkeit verursachen. Alkohol oder Marihuana k\u00f6nnen Ihren Schwindel oder Ihre Schl\u00e4frigkeit verst\u00e4rken. Vermeiden Sie es, Auto zu fahren, Maschinen zu bedienen oder andere Aktivit\u00e4ten auszuf\u00fchren, die Wachsamkeit erfordern. Konsumieren Sie alkoholische Getr\u00e4nke in Ma\u00dfen. Es ist nicht bekannt, dass Imitrex ein ungeborenes Kind sch\u00e4digt. Wenn Sie schwanger sind, konsultieren Sie Ihren Arzt. Sumatriptan wird in die Muttermilch ausgeschieden und kann einen gestillten S\u00e4ugling sch\u00e4digen. Das Stillen sollte f\u00fcr 12 Stunden nach der Anwendung von Imitrex vermieden werden. Imitrex wird von Personen unter 18 Jahren nicht empfohlen.<\/p>\n<p>Fragen und Antworten<br \/> Warum ist Imitrex in Kanada billiger als in den Vereinigten Staaten?<\/p>\n<p>Im Allgemeinen , alle Arzneimittelpreise, nicht nur Imitrex, sind g\u00fcnstiger, wenn sie in Kanada gekauft werden, da die Regierung den Preis sowohl f\u00fcr Markenmedikamente als auch f\u00fcr Generika reguliert. Dar\u00fcber hinaus war es seit unserer Gr\u00fcndung im Jahr 2006 unser Ziel, den Menschen in den Vereinigten Staaten sichere und kosteng\u00fcnstige Medikamente zur Verf\u00fcgung zu stellen.<\/p>\n<p>Ist der Kauf von Imitrex in Ihrer Apotheke sicher?<\/p>\n<p>Unsere Produkte werden ausschlie\u00dflich von Betrieben bezogen, die von zertifiziert wurden Beh\u00f6rden in den L\u00e4ndern, aus denen sie importiert werden. CanadaPharmacyOnline.com wendet ein strenges Auswahlverfahren f\u00fcr unsere Partner an, um sicherzustellen, dass Sie, unser Kunde, die sichersten Medikamente erhalten, die m\u00f6glich sind. Dar\u00fcber hinaus sind wir eine zertifizierte kanadische Apotheke, die alle Gesetze der Provinz einh\u00e4lt.<\/p>\n<p>Wie viel kostet generisches Imitrex 100 mg in Ihrer Apotheke?<\/p>\n<p>Generisches Imitrex 100 mg ist f\u00fcr so wenig Geld erh\u00e4ltlich ab 28,99 $ f\u00fcr 12 Tabletten, w\u00e4hrend die 50-mg-Dosis f\u00fcr nur 57,99 $ f\u00fcr 18 Pillen erh\u00e4ltlich ist.<\/p>\n<p>Wie viel kostet eine Tablette?<\/p>\n<p>Imitrex 100 mg ist als Generikum erh\u00e4ltlich Form f\u00fcr 2,27 $ pro Tablette und in Markenform f\u00fcr 8,67 $ pro Tablette in unserer Apotheke.<\/p>\n<p>Wie viel kostet der Versand?<\/p>\n<p>Unser Lieferpauschale betr\u00e4gt 10,00 $ pro Bestellung. Unsere Apotheke ist bestrebt, Ihnen die niedrigstm\u00f6glichen Preise f\u00fcr qualitativ hochwertige Artikel anzubieten.<\/p>\n<p>Wie gebe ich eine Bestellung bei Ihrer Apotheke auf?<\/p>\n<p>Es ist wirklich einfach, Imitrex bei uns zu bestellen . Sie k\u00f6nnen Ihre Bestellung online oder telefonisch beim Kundenservice aufgeben. Besuchen Sie unsere Bestellanleitungsseite f\u00fcr weitere Informationen oder um den Bestellvorgang zu starten.<\/p>\n<p>Ist der Preis von Imitrex konkurrenzf\u00e4hig?<\/p>\n<p>Ja, wir sind stolz darauf, einige der niedrigsten verf\u00fcgbaren Preise anbieten zu k\u00f6nnen in kanadischen Apotheken. In seltenen F\u00e4llen k\u00f6nnen wir die Preise unserer Konkurrenten erreichen oder \u00fcbertreffen. Bitte kontaktieren Sie unseren freundlichen Kundendienst unter 1866.920.3784.<\/p>\n<p>Kann ich Imitrex rezeptfrei bei Ihnen kaufen?<\/p>\n<p>Nein, Imitrex ist nur mit einem g\u00fcltigen Rezept Ihres Arztes erh\u00e4ltlich. Ohne g\u00fcltiges Rezept verkaufen wir dieses Produkt nicht.<\/p>\n<p>Imitrex 50 mg vs. Imitrex 100 mg: Was ist der Unterschied?<\/p>\n<p>Der Dosisunterschied spiegelt die Menge der Wirkstoffe wider ), die in dem Arzneimittel enthalten sind.<\/p>\n<p>Wirkmechanismus von Imitrex<\/p>\n<\/p><\/div><\/div>\n<div class=\"product-next- previous\">\n<div class=\"product-prev\"><\/div><\/div>\n","protected":false},"excerpt":{"rendered":"<div class=\"woocommerce-product-details__short-description\">\n<p>Imitrex Sumatriptan 100 mg Tabletten k\u00f6nnen online gekauft werden. IMITREX ist ein 5-HT1B\/1D-Serotoninrezeptor-Agonist (Triptan), der f\u00fcr die sofortige Behandlung von Migr\u00e4ne bei Erwachsenen mit oder ohne Aura zugelassen ist.<\/p>\n<p>Sumatriptan kann online \u00fcber unsere im Vereinigten K\u00f6nigreich registrierte Online-Apotheke erworben werden.<\/p>\n<p> p&gt; <\/p>\n<p>Sumatriptan ist ein Migr\u00e4nemedikament mit schnellem Wirkungseintritt. Garantiert der niedrigste Preis im Vereinigten K\u00f6nigreich.<\/p>\n<p>Sumatriptan-Tabletten zur Linderung von Migr\u00e4ne k\u00f6nnen sicher online in einer britischen Apotheke gekauft werden.<\/p>\n<p>Sumatriptan ist eine generische Form von Imigran, die weniger teuer ist. <\/p>\n<p>Kaufen Sie Imitrex (Sumatriptan) mit einem Rabatt in einer lizenzierten Best Global Meds-Apotheke&#8230;. 50mg100mg<\/p>\n<p>Kaufen Sie Imitrex noch heute online in unserer kanadischen Apotheke!<\/p>\n<\/p><\/div>\n","protected":false},"featured_media":5224,"comment_status":"open","ping_status":"closed","template":"","meta":[],"product_brand":[],"product_cat":[1117],"product_tag":[1339,1338,1344,1341,1342,1343,1345,1346,1347,1348,1349,1350,1351,1353,1356,1355,1358,1352,1354,1357,1340,1360,1361,1359],"class_list":{"0":"post-5207","1":"product","2":"type-product","3":"status-publish","4":"has-post-thumbnail","6":"product_cat-kaufen-sie-schmerz-schlaf-und-sexpillen","7":"product_tag-buy-sumatriptan-online-usa","8":"product_tag-ein-patient-leidet-unter-migrne-kopfschmerzen-was-ist-die-wirkung-von-sumatriptan-imitrex","9":"product_tag-imitrex-vs-sumatriptan","10":"product_tag-imitrex-nasenspray-sumatriptan","11":"product_tag-imitrex-sumatriptan","12":"product_tag-imitrex-sumatriptan-succinat","13":"product_tag-injektion-sumatriptan-imitrex","14":"product_tag-is-sumatriptan-imitrex","15":"product_tag-is-sumatriptan-the-same-as-imitrex","16":"product_tag-sumatriptan-imitrex-50-mg-tablet-price","17":"product_tag-sumatriptan-100-mg-online","18":"product_tag-sumatriptan-50-mg-over-the-counter","19":"product_tag-sumatriptan-50-mg","20":"product_tag-sumatriptan-imitrex-patch","21":"product_tag-sumatriptan-nebenwirkungen","22":"product_tag-sumatriptan-over-the-counter-usa","23":"product_tag-sumatriptan-vs-imitrex","24":"product_tag-sumatriptan-imitrex","25":"product_tag-sumatriptan-imitrex-treximet","26":"product_tag-sumatriptan-succinat-imitrex","27":"product_tag-tut-imitrex-generisch-sumatriptan","28":"product_tag-wann-sollte-sumatriptan-imitrex-vermieden-werden","29":"product_tag-where-to-buy-sumatriptan-over-the-counter","30":"product_tag-wofr-wird-sumatriptan-100-mg-angewendet","32":"first","33":"instock","34":"shipping-taxable","35":"purchasable","36":"product-type-variable","37":"has-default-attributes"},"yoast_head":"<!-- This site is optimized with the Yoast SEO plugin v27.3 - https:\/\/yoast.com\/product\/yoast-seo-wordpress\/ -->\n<title>Kaufen Sie Imitrex Sumatriptan 100 mg - Best Global Meds<\/title>\n<meta name=\"description\" content=\"Kaufen Sie Imitrex Sumatriptan100 mg Migr\u00e4ne-Tabletten sicher und sicher in einer britischen Online-Apotheke. Sumatriptan ist eine generische, billigere Version von Imigran.\" \/>\n<meta name=\"robots\" content=\"index, follow, max-snippet:-1, max-image-preview:large, max-video-preview:-1\" \/>\n<link rel=\"canonical\" href=\"https:\/\/medicinasinc.com\/de\/product\/kaufen-imitrex-sumatriptan-100-mg\/\" \/>\n<meta property=\"og:locale\" content=\"de_DE\" \/>\n<meta property=\"og:type\" content=\"article\" \/>\n<meta property=\"og:title\" content=\"Kaufen Sie Imitrex Sumatriptan 100 mg - Best Global Meds\" \/>\n<meta property=\"og:description\" content=\"Kaufen Sie Imitrex Sumatriptan100 mg Migr\u00e4ne-Tabletten sicher und sicher in einer britischen Online-Apotheke. Sumatriptan ist eine generische, billigere Version von Imigran.\" \/>\n<meta property=\"og:url\" content=\"https:\/\/medicinasinc.com\/de\/product\/kaufen-imitrex-sumatriptan-100-mg\/\" \/>\n<meta property=\"og:site_name\" content=\"Medicinas Inc\" \/>\n<meta property=\"article:modified_time\" content=\"2022-03-18T00:28:22+00:00\" \/>\n<meta property=\"og:image\" content=\"https:\/\/medicinasinc.com\/de\/wp-content\/uploads\/sites\/6\/2022\/02\/Buy-imitrex-Sumatriptan-100-mg.jpg\" \/>\n\t<meta property=\"og:image:width\" content=\"846\" \/>\n\t<meta property=\"og:image:height\" content=\"600\" \/>\n\t<meta property=\"og:image:type\" content=\"image\/jpeg\" \/>\n<meta name=\"twitter:card\" content=\"summary_large_image\" \/>\n<meta name=\"twitter:label1\" content=\"Gesch\u00e4tzte Lesezeit\" \/>\n\t<meta name=\"twitter:data1\" content=\"4\u00a0Minuten\" \/>\n<script type=\"application\/ld+json\" class=\"yoast-schema-graph\">{\"@context\":\"https:\\\/\\\/schema.org\",\"@graph\":[{\"@type\":\"WebPage\",\"@id\":\"https:\\\/\\\/medicinasinc.com\\\/de\\\/product\\\/kaufen-imitrex-sumatriptan-100-mg\\\/\",\"url\":\"https:\\\/\\\/medicinasinc.com\\\/de\\\/product\\\/kaufen-imitrex-sumatriptan-100-mg\\\/\",\"name\":\"Kaufen Sie Imitrex Sumatriptan 100 mg - Best Global Meds\",\"isPartOf\":{\"@id\":\"https:\\\/\\\/medicinasinc.com\\\/de\\\/#website\"},\"primaryImageOfPage\":{\"@id\":\"https:\\\/\\\/medicinasinc.com\\\/de\\\/product\\\/kaufen-imitrex-sumatriptan-100-mg\\\/#primaryimage\"},\"image\":{\"@id\":\"https:\\\/\\\/medicinasinc.com\\\/de\\\/product\\\/kaufen-imitrex-sumatriptan-100-mg\\\/#primaryimage\"},\"thumbnailUrl\":\"https:\\\/\\\/medicinasinc.com\\\/de\\\/wp-content\\\/uploads\\\/sites\\\/6\\\/2022\\\/02\\\/Buy-imitrex-Sumatriptan-100-mg.jpg\",\"datePublished\":\"2022-02-20T21:57:05+00:00\",\"dateModified\":\"2022-03-18T00:28:22+00:00\",\"description\":\"Kaufen Sie Imitrex Sumatriptan100 mg Migr\u00e4ne-Tabletten sicher und sicher in einer britischen Online-Apotheke. Sumatriptan ist eine generische, billigere Version von Imigran.\",\"breadcrumb\":{\"@id\":\"https:\\\/\\\/medicinasinc.com\\\/de\\\/product\\\/kaufen-imitrex-sumatriptan-100-mg\\\/#breadcrumb\"},\"inLanguage\":\"de\",\"potentialAction\":[{\"@type\":\"ReadAction\",\"target\":[\"https:\\\/\\\/medicinasinc.com\\\/de\\\/product\\\/kaufen-imitrex-sumatriptan-100-mg\\\/\"]}]},{\"@type\":\"ImageObject\",\"inLanguage\":\"de\",\"@id\":\"https:\\\/\\\/medicinasinc.com\\\/de\\\/product\\\/kaufen-imitrex-sumatriptan-100-mg\\\/#primaryimage\",\"url\":\"https:\\\/\\\/medicinasinc.com\\\/de\\\/wp-content\\\/uploads\\\/sites\\\/6\\\/2022\\\/02\\\/Buy-imitrex-Sumatriptan-100-mg.jpg\",\"contentUrl\":\"https:\\\/\\\/medicinasinc.com\\\/de\\\/wp-content\\\/uploads\\\/sites\\\/6\\\/2022\\\/02\\\/Buy-imitrex-Sumatriptan-100-mg.jpg\",\"width\":846,\"height\":600},{\"@type\":\"BreadcrumbList\",\"@id\":\"https:\\\/\\\/medicinasinc.com\\\/de\\\/product\\\/kaufen-imitrex-sumatriptan-100-mg\\\/#breadcrumb\",\"itemListElement\":[{\"@type\":\"ListItem\",\"position\":1,\"name\":\"Einkaufen\",\"item\":\"https:\\\/\\\/medicinasinc.com\\\/de\\\/einkaufen\\\/\"},{\"@type\":\"ListItem\",\"position\":2,\"name\":\"Kaufen Sie Imitrex Sumatriptan 100 mg\"}]},{\"@type\":\"WebSite\",\"@id\":\"https:\\\/\\\/medicinasinc.com\\\/de\\\/#website\",\"url\":\"https:\\\/\\\/medicinasinc.com\\\/de\\\/\",\"name\":\"Medicinas Inc\",\"description\":\"Health Medical Clinic\",\"potentialAction\":[{\"@type\":\"SearchAction\",\"target\":{\"@type\":\"EntryPoint\",\"urlTemplate\":\"https:\\\/\\\/medicinasinc.com\\\/de\\\/?s={search_term_string}\"},\"query-input\":{\"@type\":\"PropertyValueSpecification\",\"valueRequired\":true,\"valueName\":\"search_term_string\"}}],\"inLanguage\":\"de\"}]}<\/script>\n<!-- \/ Yoast SEO plugin. -->","yoast_head_json":{"title":"Kaufen Sie Imitrex Sumatriptan 100 mg - Best Global Meds","description":"Kaufen Sie Imitrex Sumatriptan100 mg Migr\u00e4ne-Tabletten sicher und sicher in einer britischen Online-Apotheke. Sumatriptan ist eine generische, billigere Version von Imigran.","robots":{"index":"index","follow":"follow","max-snippet":"max-snippet:-1","max-image-preview":"max-image-preview:large","max-video-preview":"max-video-preview:-1"},"canonical":"https:\/\/medicinasinc.com\/de\/product\/kaufen-imitrex-sumatriptan-100-mg\/","og_locale":"de_DE","og_type":"article","og_title":"Kaufen Sie Imitrex Sumatriptan 100 mg - Best Global Meds","og_description":"Kaufen Sie Imitrex Sumatriptan100 mg Migr\u00e4ne-Tabletten sicher und sicher in einer britischen Online-Apotheke. Sumatriptan ist eine generische, billigere Version von Imigran.","og_url":"https:\/\/medicinasinc.com\/de\/product\/kaufen-imitrex-sumatriptan-100-mg\/","og_site_name":"Medicinas Inc","article_modified_time":"2022-03-18T00:28:22+00:00","og_image":[{"width":846,"height":600,"url":"https:\/\/medicinasinc.com\/de\/wp-content\/uploads\/sites\/6\/2022\/02\/Buy-imitrex-Sumatriptan-100-mg.jpg","type":"image\/jpeg"}],"twitter_card":"summary_large_image","twitter_misc":{"Gesch\u00e4tzte Lesezeit":"4\u00a0Minuten"},"schema":{"@context":"https:\/\/schema.org","@graph":[{"@type":"WebPage","@id":"https:\/\/medicinasinc.com\/de\/product\/kaufen-imitrex-sumatriptan-100-mg\/","url":"https:\/\/medicinasinc.com\/de\/product\/kaufen-imitrex-sumatriptan-100-mg\/","name":"Kaufen Sie Imitrex Sumatriptan 100 mg - Best Global Meds","isPartOf":{"@id":"https:\/\/medicinasinc.com\/de\/#website"},"primaryImageOfPage":{"@id":"https:\/\/medicinasinc.com\/de\/product\/kaufen-imitrex-sumatriptan-100-mg\/#primaryimage"},"image":{"@id":"https:\/\/medicinasinc.com\/de\/product\/kaufen-imitrex-sumatriptan-100-mg\/#primaryimage"},"thumbnailUrl":"https:\/\/medicinasinc.com\/de\/wp-content\/uploads\/sites\/6\/2022\/02\/Buy-imitrex-Sumatriptan-100-mg.jpg","datePublished":"2022-02-20T21:57:05+00:00","dateModified":"2022-03-18T00:28:22+00:00","description":"Kaufen Sie Imitrex Sumatriptan100 mg Migr\u00e4ne-Tabletten sicher und sicher in einer britischen Online-Apotheke. Sumatriptan ist eine generische, billigere Version von Imigran.","breadcrumb":{"@id":"https:\/\/medicinasinc.com\/de\/product\/kaufen-imitrex-sumatriptan-100-mg\/#breadcrumb"},"inLanguage":"de","potentialAction":[{"@type":"ReadAction","target":["https:\/\/medicinasinc.com\/de\/product\/kaufen-imitrex-sumatriptan-100-mg\/"]}]},{"@type":"ImageObject","inLanguage":"de","@id":"https:\/\/medicinasinc.com\/de\/product\/kaufen-imitrex-sumatriptan-100-mg\/#primaryimage","url":"https:\/\/medicinasinc.com\/de\/wp-content\/uploads\/sites\/6\/2022\/02\/Buy-imitrex-Sumatriptan-100-mg.jpg","contentUrl":"https:\/\/medicinasinc.com\/de\/wp-content\/uploads\/sites\/6\/2022\/02\/Buy-imitrex-Sumatriptan-100-mg.jpg","width":846,"height":600},{"@type":"BreadcrumbList","@id":"https:\/\/medicinasinc.com\/de\/product\/kaufen-imitrex-sumatriptan-100-mg\/#breadcrumb","itemListElement":[{"@type":"ListItem","position":1,"name":"Einkaufen","item":"https:\/\/medicinasinc.com\/de\/einkaufen\/"},{"@type":"ListItem","position":2,"name":"Kaufen Sie Imitrex Sumatriptan 100 mg"}]},{"@type":"WebSite","@id":"https:\/\/medicinasinc.com\/de\/#website","url":"https:\/\/medicinasinc.com\/de\/","name":"Medicinas Inc","description":"Health Medical Clinic","potentialAction":[{"@type":"SearchAction","target":{"@type":"EntryPoint","urlTemplate":"https:\/\/medicinasinc.com\/de\/?s={search_term_string}"},"query-input":{"@type":"PropertyValueSpecification","valueRequired":true,"valueName":"search_term_string"}}],"inLanguage":"de"}]}},"_links":{"self":[{"href":"https:\/\/medicinasinc.com\/de\/wp-json\/wp\/v2\/product\/5207","targetHints":{"allow":["GET"]}}],"collection":[{"href":"https:\/\/medicinasinc.com\/de\/wp-json\/wp\/v2\/product"}],"about":[{"href":"https:\/\/medicinasinc.com\/de\/wp-json\/wp\/v2\/types\/product"}],"replies":[{"embeddable":true,"href":"https:\/\/medicinasinc.com\/de\/wp-json\/wp\/v2\/comments?post=5207"}],"wp:featuredmedia":[{"embeddable":true,"href":"https:\/\/medicinasinc.com\/de\/wp-json\/wp\/v2\/media\/5224"}],"wp:attachment":[{"href":"https:\/\/medicinasinc.com\/de\/wp-json\/wp\/v2\/media?parent=5207"}],"wp:term":[{"taxonomy":"product_brand","embeddable":true,"href":"https:\/\/medicinasinc.com\/de\/wp-json\/wp\/v2\/product_brand?post=5207"},{"taxonomy":"product_cat","embeddable":true,"href":"https:\/\/medicinasinc.com\/de\/wp-json\/wp\/v2\/product_cat?post=5207"},{"taxonomy":"product_tag","embeddable":true,"href":"https:\/\/medicinasinc.com\/de\/wp-json\/wp\/v2\/product_tag?post=5207"}],"curies":[{"name":"wp","href":"https:\/\/api.w.org\/{rel}","templated":true}]}}