{"id":5184,"date":"2022-02-20T21:36:32","date_gmt":"2022-02-20T21:36:32","guid":{"rendered":"https:\/\/medicinasinc.com\/de\/?post_type=product&#038;p=5184"},"modified":"2022-03-18T00:28:44","modified_gmt":"2022-03-18T00:28:44","slug":"kaufen-hydrocodone-10-325mg","status":"publish","type":"product","link":"https:\/\/medicinasinc.com\/de\/product\/kaufen-hydrocodone-10-325mg\/","title":{"rendered":"Kaufen Sie Hydrocodon 10\/325mg"},"content":{"rendered":"<p>Wo kann man Hydrocodone 10\/325 mg kaufen?<\/p>\n<p>Da Hydrocodone ein starkes Schmerzmittel ist, k\u00f6nnen Sie es ohne Rezept online kaufen. Der Schlafmohn liefert Codein, das zur Herstellung dieser Droge verwendet wird. Wenn Hydrocodon aus Codein hergestellt wird, ist die schmerzlindernde Wirkung st\u00e4rker und h\u00e4lt l\u00e4nger an. Infolgedessen verschreiben \u00c4rzte oft Hydrocodon anstelle von Codein, um starke Schmerzen zu behandeln.<\/p>\n<p>Im Gehirn ver\u00e4ndert Hydrocodon das chemische Gleichgewicht, blockiert die Wirkung von Schmerzrezeptoren und entlastet so den Anwender von jeglicher Schmerzwahrnehmung. <\/p>\n<p>Aufgrund der akuten und chronischen Natur von Frakturschmerzen ist Hydrocodon eine der besten Optionen f\u00fcr seine Behandlung. Wenn Menschen aufgrund der Schmerzen nachts nicht schlafen k\u00f6nnen, kann Hydrocodon ihnen helfen, sich zu entspannen und sich ein paar Stunden auszuruhen.<\/p>\n<p>Hydrocodon sollte nur von Personen eingenommen werden, die unter Schmerzen leiden Folge von Knochenbr\u00fcchen, nach \u00e4rztlicher Meinung. Diejenigen mit anderen Arten von Schmerzen, wie Kr\u00e4mpfen, Wunden oder Stichen nach einer Operation, k\u00f6nnen es immer noch nehmen. Hydrocodon ist in all diesen Situationen eines der wirksamsten Schmerzmittel.<\/p>\n<p>Hydrocodon-Dosierungen m\u00fcssen sorgf\u00e4ltig \u00fcberwacht werden. Dieses Arzneimittel kann schwerwiegende Nebenwirkungen haben, wenn es in der falschen Menge angewendet wird. Abh\u00e4ngigkeit von diesem Arzneimittel ist eine h\u00e4ufige Nebenwirkung bei falscher Dosierung. Wegen seines gro\u00dfen Missbrauchs- und Abh\u00e4ngigkeitspotentials sollte Hydrocodon sparsam und selten verwendet werden. Hydrocodon sollte von Personen, die an chronischen Schmerzen leiden, nicht mehr als 20 mg pro Tag eingenommen werden. Jede dar\u00fcber hinausgehende Dosis f\u00fchrt wahrscheinlich zu Abh\u00e4ngigkeit und schlie\u00dflich zur Sucht.<\/p>\n<p>Zu den Vorsichtsma\u00dfnahmen f\u00fcr Hydrocodon geh\u00f6rt es, sicherzustellen, dass jederzeit die richtige Dosierung eingenommen wird. Dieses Arzneimittel kann schwerwiegende negative Auswirkungen haben, wenn es in falschen Mengen eingenommen wird. Hydrocodon sollte nicht von Menschen mit Asthma oder Atembeschwerden gekauft werden, da es die flache Atmung f\u00f6rdert, was f\u00fcr sie ein gro\u00dfes Problem darstellen k\u00f6nnte. Beginnen Sie mit kleinen Dosen, wenn Sie Hydrocodon ohne Rezept online kaufen, damit Sie erfahren, wie viel Ihr K\u00f6rper braucht.<\/p>\n<p>Hydrocodon ist daf\u00fcr bekannt, dass es eine Vielzahl unangenehmer Nebenwirkungen verursacht, darunter Schl\u00e4frigkeit, Schwindel und \u00dcbelkeit. Wenn Sie Hydrocodon online ohne Rezept kaufen und einnehmen, achten Sie auf eine ausgewogene Ern\u00e4hrung, um Verdauungs- und Darmprobleme zu vermeiden.<\/p>\n","protected":false},"excerpt":{"rendered":"<div class=\"woocommerce-product-details__short-description\">\n<p>Der beste Ort, um Hydrocodone 10 325 mg online zu kaufen. Legale Medikamente finden Sie bei Best Global Meds, einer seri\u00f6sen Online-Apotheke. Sie k\u00f6nnen Zeit und Geld sparen, indem Sie Ihre Bestellung online aufgeben.<\/p>\n<p>Wo erhalten Sie Hydrocodone 10\/325mg online?<\/p>\n<p>Schwangere sollten ihren Arzt konsultieren, bevor Sie dieses Medikament einnehmen, da es drin ist FDA-Schwangerschaftsklasse B, was bedeutet, dass es keine M\u00f6glichkeit gibt, festzustellen, wie es sich auf ein ungeborenes Kind oder ein Jungtier auswirkt.<\/p>\n<p>Zu verkaufen: Percocet 10\/325 mg &#8211; Ohne Rezept kaufen<\/p>\n<p>Empfohlene Online-Apotheken zum Kauf von Vicodin.<\/p>\n<\/p><\/div>\n","protected":false},"featured_media":5203,"comment_status":"open","ping_status":"closed","template":"","meta":[],"product_brand":[],"product_cat":[1117],"product_tag":[1322,1323,1315,1297,1298,1300,1299,1316,1317,1319,1318,1325,1320,1302,1324,1321,1326,1327,1328,1329,1330,1331,1332,1333,1334,1311,1309,1310,1335,1337,1313,1308,1312,1336],"class_list":{"0":"post-5184","1":"product","2":"type-product","3":"status-publish","4":"has-post-thumbnail","6":"product_cat-kaufen-sie-schmerz-schlaf-und-sexpillen","7":"product_tag-bestell-hydrocodon","8":"product_tag-hydrocodone-online-bestellen","9":"product_tag-buy-hydrocodone-online-bitcoins","10":"product_tag-buy-watson-online","11":"product_tag-generic-pills-for-sale-in-usa","12":"product_tag-generische-watson-pillen-zum-verkauf-in-den-usa","13":"product_tag-generika-watson","14":"product_tag-billig-hydrocodon","15":"product_tag-hydrocodon","16":"product_tag-hydrocodon-watson","17":"product_tag-hydrocodon-pillen","18":"product_tag-kauf-hydrocodon","19":"product_tag-lortab","20":"product_tag-medikamente-ohne-rezept","21":"product_tag-online-bestellen-watson-540-500-mg","22":"product_tag-online-kaufen-watson-540-500-mg","23":"product_tag-watson","24":"product_tag-watson-325-mg","25":"product_tag-watson-325mg","26":"product_tag-watson-540","27":"product_tag-watson-540-500-mg-online-kaufen","28":"product_tag-watson-853-hydrocodon-10-325-mg","29":"product_tag-watson-853-hydrocodon-10-325-mg-ist-eine-weie-und-kapselfrmige-tablette-zur-behandlung-von-schmerzen","30":"product_tag-watson-853-hydrocodon-online","31":"product_tag-watson-853-weie-pille","32":"product_tag-watson-hydrocodone-pain-loss-pills","33":"product_tag-watson-zu-verkaufen-in-uk","34":"product_tag-watson-zum-verkauf-in-usa","35":"product_tag-watson-lortab","36":"product_tag-watson-pills-without-prescription-share","37":"product_tag-watson-schmerzlinderungstablette","38":"product_tag-watson-dosierung","39":"product_tag-watson-medikamente","40":"product_tag-watson-medizin","42":"first","43":"instock","44":"shipping-taxable","45":"purchasable","46":"product-type-variable","47":"has-default-attributes"},"yoast_head":"<!-- This site is optimized with the Yoast SEO plugin v27.3 - https:\/\/yoast.com\/product\/yoast-seo-wordpress\/ -->\n<title>Kaufen Sie Hydrocodone 10\/325mg - Best Best Global Meds<\/title>\n<meta name=\"description\" content=\"Kaufen Sie Hydrocodone 10 325 mg zum Verkauf in Gro\u00dfbritannien, Europa online zum besten Preis. Best Global Meds ist eine vertrauensw\u00fcrdige Online-Apotheke mit legalen Medikamenten. Bestellen Sie online und sparen Sie Zeit und Geld.\" \/>\n<meta name=\"robots\" content=\"index, follow, max-snippet:-1, max-image-preview:large, max-video-preview:-1\" \/>\n<link rel=\"canonical\" href=\"https:\/\/medicinasinc.com\/de\/product\/kaufen-hydrocodone-10-325mg\/\" \/>\n<meta property=\"og:locale\" content=\"de_DE\" \/>\n<meta property=\"og:type\" content=\"article\" \/>\n<meta property=\"og:title\" content=\"Kaufen Sie Hydrocodone 10\/325mg - Best Best Global Meds\" \/>\n<meta property=\"og:description\" content=\"Kaufen Sie Hydrocodone 10 325 mg zum Verkauf in Gro\u00dfbritannien, Europa online zum besten Preis. Best Global Meds ist eine vertrauensw\u00fcrdige Online-Apotheke mit legalen Medikamenten. Bestellen Sie online und sparen Sie Zeit und Geld.\" \/>\n<meta property=\"og:url\" content=\"https:\/\/medicinasinc.com\/de\/product\/kaufen-hydrocodone-10-325mg\/\" \/>\n<meta property=\"og:site_name\" content=\"Medicinas Inc\" \/>\n<meta property=\"article:modified_time\" content=\"2022-03-18T00:28:44+00:00\" \/>\n<meta property=\"og:image\" content=\"https:\/\/medicinasinc.com\/de\/wp-content\/uploads\/sites\/6\/2022\/02\/buy-hydrocodone-10-325mg-online.jpg\" \/>\n\t<meta property=\"og:image:width\" content=\"600\" \/>\n\t<meta property=\"og:image:height\" content=\"600\" \/>\n\t<meta property=\"og:image:type\" content=\"image\/jpeg\" \/>\n<meta name=\"twitter:card\" content=\"summary_large_image\" \/>\n<meta name=\"twitter:label1\" content=\"Gesch\u00e4tzte Lesezeit\" \/>\n\t<meta name=\"twitter:data1\" content=\"2\u00a0Minuten\" \/>\n<script type=\"application\/ld+json\" class=\"yoast-schema-graph\">{\"@context\":\"https:\\\/\\\/schema.org\",\"@graph\":[{\"@type\":\"WebPage\",\"@id\":\"https:\\\/\\\/medicinasinc.com\\\/de\\\/product\\\/kaufen-hydrocodone-10-325mg\\\/\",\"url\":\"https:\\\/\\\/medicinasinc.com\\\/de\\\/product\\\/kaufen-hydrocodone-10-325mg\\\/\",\"name\":\"Kaufen Sie Hydrocodone 10\\\/325mg - Best Best Global Meds\",\"isPartOf\":{\"@id\":\"https:\\\/\\\/medicinasinc.com\\\/de\\\/#website\"},\"primaryImageOfPage\":{\"@id\":\"https:\\\/\\\/medicinasinc.com\\\/de\\\/product\\\/kaufen-hydrocodone-10-325mg\\\/#primaryimage\"},\"image\":{\"@id\":\"https:\\\/\\\/medicinasinc.com\\\/de\\\/product\\\/kaufen-hydrocodone-10-325mg\\\/#primaryimage\"},\"thumbnailUrl\":\"https:\\\/\\\/medicinasinc.com\\\/de\\\/wp-content\\\/uploads\\\/sites\\\/6\\\/2022\\\/02\\\/buy-hydrocodone-10-325mg-online.jpg\",\"datePublished\":\"2022-02-20T21:36:32+00:00\",\"dateModified\":\"2022-03-18T00:28:44+00:00\",\"description\":\"Kaufen Sie Hydrocodone 10 325 mg zum Verkauf in Gro\u00dfbritannien, Europa online zum besten Preis. Best Global Meds ist eine vertrauensw\u00fcrdige Online-Apotheke mit legalen Medikamenten. Bestellen Sie online und sparen Sie Zeit und Geld.\",\"breadcrumb\":{\"@id\":\"https:\\\/\\\/medicinasinc.com\\\/de\\\/product\\\/kaufen-hydrocodone-10-325mg\\\/#breadcrumb\"},\"inLanguage\":\"de\",\"potentialAction\":[{\"@type\":\"ReadAction\",\"target\":[\"https:\\\/\\\/medicinasinc.com\\\/de\\\/product\\\/kaufen-hydrocodone-10-325mg\\\/\"]}]},{\"@type\":\"ImageObject\",\"inLanguage\":\"de\",\"@id\":\"https:\\\/\\\/medicinasinc.com\\\/de\\\/product\\\/kaufen-hydrocodone-10-325mg\\\/#primaryimage\",\"url\":\"https:\\\/\\\/medicinasinc.com\\\/de\\\/wp-content\\\/uploads\\\/sites\\\/6\\\/2022\\\/02\\\/buy-hydrocodone-10-325mg-online.jpg\",\"contentUrl\":\"https:\\\/\\\/medicinasinc.com\\\/de\\\/wp-content\\\/uploads\\\/sites\\\/6\\\/2022\\\/02\\\/buy-hydrocodone-10-325mg-online.jpg\",\"width\":600,\"height\":600},{\"@type\":\"BreadcrumbList\",\"@id\":\"https:\\\/\\\/medicinasinc.com\\\/de\\\/product\\\/kaufen-hydrocodone-10-325mg\\\/#breadcrumb\",\"itemListElement\":[{\"@type\":\"ListItem\",\"position\":1,\"name\":\"Einkaufen\",\"item\":\"https:\\\/\\\/medicinasinc.com\\\/de\\\/einkaufen\\\/\"},{\"@type\":\"ListItem\",\"position\":2,\"name\":\"Kaufen Sie Hydrocodon 10\\\/325mg\"}]},{\"@type\":\"WebSite\",\"@id\":\"https:\\\/\\\/medicinasinc.com\\\/de\\\/#website\",\"url\":\"https:\\\/\\\/medicinasinc.com\\\/de\\\/\",\"name\":\"Medicinas Inc\",\"description\":\"Health Medical Clinic\",\"potentialAction\":[{\"@type\":\"SearchAction\",\"target\":{\"@type\":\"EntryPoint\",\"urlTemplate\":\"https:\\\/\\\/medicinasinc.com\\\/de\\\/?s={search_term_string}\"},\"query-input\":{\"@type\":\"PropertyValueSpecification\",\"valueRequired\":true,\"valueName\":\"search_term_string\"}}],\"inLanguage\":\"de\"}]}<\/script>\n<!-- \/ Yoast SEO plugin. -->","yoast_head_json":{"title":"Kaufen Sie Hydrocodone 10\/325mg - Best Best Global Meds","description":"Kaufen Sie Hydrocodone 10 325 mg zum Verkauf in Gro\u00dfbritannien, Europa online zum besten Preis. Best Global Meds ist eine vertrauensw\u00fcrdige Online-Apotheke mit legalen Medikamenten. Bestellen Sie online und sparen Sie Zeit und Geld.","robots":{"index":"index","follow":"follow","max-snippet":"max-snippet:-1","max-image-preview":"max-image-preview:large","max-video-preview":"max-video-preview:-1"},"canonical":"https:\/\/medicinasinc.com\/de\/product\/kaufen-hydrocodone-10-325mg\/","og_locale":"de_DE","og_type":"article","og_title":"Kaufen Sie Hydrocodone 10\/325mg - Best Best Global Meds","og_description":"Kaufen Sie Hydrocodone 10 325 mg zum Verkauf in Gro\u00dfbritannien, Europa online zum besten Preis. Best Global Meds ist eine vertrauensw\u00fcrdige Online-Apotheke mit legalen Medikamenten. Bestellen Sie online und sparen Sie Zeit und Geld.","og_url":"https:\/\/medicinasinc.com\/de\/product\/kaufen-hydrocodone-10-325mg\/","og_site_name":"Medicinas Inc","article_modified_time":"2022-03-18T00:28:44+00:00","og_image":[{"width":600,"height":600,"url":"https:\/\/medicinasinc.com\/de\/wp-content\/uploads\/sites\/6\/2022\/02\/buy-hydrocodone-10-325mg-online.jpg","type":"image\/jpeg"}],"twitter_card":"summary_large_image","twitter_misc":{"Gesch\u00e4tzte Lesezeit":"2\u00a0Minuten"},"schema":{"@context":"https:\/\/schema.org","@graph":[{"@type":"WebPage","@id":"https:\/\/medicinasinc.com\/de\/product\/kaufen-hydrocodone-10-325mg\/","url":"https:\/\/medicinasinc.com\/de\/product\/kaufen-hydrocodone-10-325mg\/","name":"Kaufen Sie Hydrocodone 10\/325mg - Best Best Global Meds","isPartOf":{"@id":"https:\/\/medicinasinc.com\/de\/#website"},"primaryImageOfPage":{"@id":"https:\/\/medicinasinc.com\/de\/product\/kaufen-hydrocodone-10-325mg\/#primaryimage"},"image":{"@id":"https:\/\/medicinasinc.com\/de\/product\/kaufen-hydrocodone-10-325mg\/#primaryimage"},"thumbnailUrl":"https:\/\/medicinasinc.com\/de\/wp-content\/uploads\/sites\/6\/2022\/02\/buy-hydrocodone-10-325mg-online.jpg","datePublished":"2022-02-20T21:36:32+00:00","dateModified":"2022-03-18T00:28:44+00:00","description":"Kaufen Sie Hydrocodone 10 325 mg zum Verkauf in Gro\u00dfbritannien, Europa online zum besten Preis. Best Global Meds ist eine vertrauensw\u00fcrdige Online-Apotheke mit legalen Medikamenten. Bestellen Sie online und sparen Sie Zeit und Geld.","breadcrumb":{"@id":"https:\/\/medicinasinc.com\/de\/product\/kaufen-hydrocodone-10-325mg\/#breadcrumb"},"inLanguage":"de","potentialAction":[{"@type":"ReadAction","target":["https:\/\/medicinasinc.com\/de\/product\/kaufen-hydrocodone-10-325mg\/"]}]},{"@type":"ImageObject","inLanguage":"de","@id":"https:\/\/medicinasinc.com\/de\/product\/kaufen-hydrocodone-10-325mg\/#primaryimage","url":"https:\/\/medicinasinc.com\/de\/wp-content\/uploads\/sites\/6\/2022\/02\/buy-hydrocodone-10-325mg-online.jpg","contentUrl":"https:\/\/medicinasinc.com\/de\/wp-content\/uploads\/sites\/6\/2022\/02\/buy-hydrocodone-10-325mg-online.jpg","width":600,"height":600},{"@type":"BreadcrumbList","@id":"https:\/\/medicinasinc.com\/de\/product\/kaufen-hydrocodone-10-325mg\/#breadcrumb","itemListElement":[{"@type":"ListItem","position":1,"name":"Einkaufen","item":"https:\/\/medicinasinc.com\/de\/einkaufen\/"},{"@type":"ListItem","position":2,"name":"Kaufen Sie Hydrocodon 10\/325mg"}]},{"@type":"WebSite","@id":"https:\/\/medicinasinc.com\/de\/#website","url":"https:\/\/medicinasinc.com\/de\/","name":"Medicinas Inc","description":"Health Medical Clinic","potentialAction":[{"@type":"SearchAction","target":{"@type":"EntryPoint","urlTemplate":"https:\/\/medicinasinc.com\/de\/?s={search_term_string}"},"query-input":{"@type":"PropertyValueSpecification","valueRequired":true,"valueName":"search_term_string"}}],"inLanguage":"de"}]}},"_links":{"self":[{"href":"https:\/\/medicinasinc.com\/de\/wp-json\/wp\/v2\/product\/5184","targetHints":{"allow":["GET"]}}],"collection":[{"href":"https:\/\/medicinasinc.com\/de\/wp-json\/wp\/v2\/product"}],"about":[{"href":"https:\/\/medicinasinc.com\/de\/wp-json\/wp\/v2\/types\/product"}],"replies":[{"embeddable":true,"href":"https:\/\/medicinasinc.com\/de\/wp-json\/wp\/v2\/comments?post=5184"}],"wp:featuredmedia":[{"embeddable":true,"href":"https:\/\/medicinasinc.com\/de\/wp-json\/wp\/v2\/media\/5203"}],"wp:attachment":[{"href":"https:\/\/medicinasinc.com\/de\/wp-json\/wp\/v2\/media?parent=5184"}],"wp:term":[{"taxonomy":"product_brand","embeddable":true,"href":"https:\/\/medicinasinc.com\/de\/wp-json\/wp\/v2\/product_brand?post=5184"},{"taxonomy":"product_cat","embeddable":true,"href":"https:\/\/medicinasinc.com\/de\/wp-json\/wp\/v2\/product_cat?post=5184"},{"taxonomy":"product_tag","embeddable":true,"href":"https:\/\/medicinasinc.com\/de\/wp-json\/wp\/v2\/product_tag?post=5184"}],"curies":[{"name":"wp","href":"https:\/\/api.w.org\/{rel}","templated":true}]}}