{"id":5183,"date":"2022-02-20T21:35:10","date_gmt":"2022-02-20T21:35:10","guid":{"rendered":"https:\/\/medicinasinc.com\/de\/?post_type=product&#038;p=5183"},"modified":"2022-03-18T00:28:57","modified_gmt":"2022-03-18T00:28:57","slug":"hydrocodon-10-500-mg","status":"publish","type":"product","link":"https:\/\/medicinasinc.com\/de\/product\/hydrocodon-10-500-mg\/","title":{"rendered":"Hydrocodon 10\/500 mg"},"content":{"rendered":"<div class=\"product-next- previous\">\n<div class=\"product-prev\">\n<p>Hydrocodone 10\/500 mg Tabletten sind derzeit online erh\u00e4ltlich.<\/p>\n<p>Hochwertige Kombination Arzneimittel zur Behandlung m\u00e4\u00dfiger bis schwerer Schmerzen, Watson 540 (Hydrocodon) 500 mg ist Watson 540 (Hydrocodon). Acetaminophen und Hydrocodone werden in der Formulierung von Hydrocodone zum Verkauf verwendet. Nicht-Opioid-Acetaminophen und Opioid-Hydrocodon sind beide Schmerzmittel.<\/p>\n<p>Im Gehirn ver\u00e4ndert dieses Medikament die Art und Weise, wie der K\u00f6rper auf Schmerzen reagiert und Schmerzen erf\u00e4hrt. Die Temperatur einer Person kann auch durch die Verwendung dieses Medikaments gesenkt werden.<\/p>\n<p>Aufgrund der erheblichen Nebenwirkungen von flacher\/langsamer Atmung, die auftreten k\u00f6nnen, wenn Sie Hydrocodon online kaufen, wird es nicht f\u00fcr Kinder unter 6 Jahren empfohlen Jahre alt.<\/p>\n<p>Bevor Sie mit diesem Medikament beginnen, lesen Sie unbedingt die Packungsbeilage, die Ihnen von Ihrem Arzt ausgeh\u00e4ndigt wurde.<\/p>\n<p>Kaufen Sie Hydrocodone kann oral mit oder ohne Mahlzeiten eingenommen werden , je nach Pr\u00e4ferenz des Benutzers. Wenden Sie sich an Ihren Arzt oder Gesundheitsdienstleister, bevor Sie das Medikament einnehmen, wenn Sie unter \u00dcbelkeit leiden.<\/p>\n<p>Was ist in jeder Watson 540-Tablette enthalten?<\/p>\n<p>Natriumstearat von Magnesium<br \/> Mikrokristalline Cellulose<br \/> CrospovidonesCroscarmellose Es besteht aus Natriumstearat<br \/> St\u00e4rkenPovidon<br \/> Polyethylenterephthalatoxid<br \/> Enth\u00e4lt COLOR POWDER No. 10 D&amp;C Yellow<\/p>\n<p>&nbsp;<\/p>\n<p>Je nach allgemeinem Ansprechen und Gesundheitszustand des Patienten kann die Dosierung dieses Arzneimittels variieren. Versuchen Sie niemals, die Dosierung des Medikaments zu erh\u00f6hen, und beenden Sie die Einnahme nur, wenn Ihr Arzt Sie dazu anweist.<\/p>\n<p>Das abrupte Absetzen des Medikaments kann zu einem Entzug f\u00fchren. Um Entzugserscheinungen zu vermeiden, befolgen Sie die Anweisungen Ihres Arztes, um Ihre Medikamentendosis schrittweise zu reduzieren.<\/p>\n<p>Online-K\u00e4ufe von Hydrocodon k\u00f6nnen zeitweise zu einer Abh\u00e4ngigkeit f\u00fchren. Es wird empfohlen, die angegebene Dosierung des Medikaments nicht zu \u00fcberschreiten, um eine Drogenabh\u00e4ngigkeit zu vermeiden.<\/p>\n<p>Allergie:<\/p>\n<p>Fragen Sie Ihren Arzt oder Gesundheitsdienstleister, ob Sie dieses Medikament verwenden k\u00f6nnen, weil Sie allergisch gegen die Inhaltsstoffe Paracetamol und Hydrocodon sind. Die Reaktion einer Person auf dieses Produkt k\u00f6nnte durch das Vorhandensein von Wirkstoffen in seiner Formulierung beeintr\u00e4chtigt werden.<\/p>\n<p>Schl\u00e4frigkeit:<\/p>\n<p>Schl\u00e4frigkeit oder Schwindel k\u00f6nnen als Nebenwirkung dieses Medikaments auftreten. Autofahren, das Bedienen von Maschinen oder andere Aktivit\u00e4ten, die volle Aufmerksamkeit oder Wachsamkeit erfordern, sollten vermieden werden. Bitte nehmen Sie an keiner dieser Aktivit\u00e4ten teil, bis Sie sicher sind, dass Sie dies ohne Schwierigkeiten tun k\u00f6nnen.<\/p>\n<p>Schwangerschaft:<\/p>\n<p>Schwangeren wird empfohlen, dieses Medikament nicht einzunehmen. Verwenden Sie dieses Medikament nur, wenn es absolut notwendig ist. Wenden Sie sich an Ihren Arzt oder Apotheker, um mehr \u00fcber die Vor- und Nachteile der Einnahme dieses Medikaments w\u00e4hrend der Schwangerschaft zu erfahren.<\/p>\n<p>Stillen<\/p>\n<p>Die Einnahme dieses Medikaments w\u00e4hrend der Stillzeit kann sich nachteilig auf die Gesundheit des Babys auswirken. Arzt sollte schnell konsultiert werden, wenn Ihr Baby ungew\u00f6hnliche Symptome wie Atembeschwerden oder Lethargie sowie Probleme beim Essen zeigt.<\/p>\n<p>Erbrechen, Schwindel, Schl\u00e4frigkeit und Verstopfung k\u00f6nnen als Folge der Anwendung von Hydrocodon auftreten. Wenn die Medikation fortgesetzt wird, k\u00f6nnen einige dieser Nebenwirkungen im Laufe der Zeit an Schwere nachlassen. Wenn sich eines dieser Symptome verschlimmert, sollten Sie einen Notarzt aufsuchen, um eine L\u00f6sung zu finden.<\/p>\n<p>Sie sollten viele Ballaststoffe zu sich nehmen und viel Wasser trinken, um Verstopfung zu vermeiden. Nehmen Sie ein Abf\u00fchrmittel, um die Symptome der Verstopfung zu lindern, wenn Sie es brauchen. Sie sollten den Rat Ihres Arztes einholen, bevor Sie ein Abf\u00fchrmittel einnehmen.<\/p>\n<p>Sie sollten sich langsam aus einer liegenden oder sitzenden Haltung erheben, wenn Sie die Symptome von Benommenheit und Schwindel minimieren m\u00f6chten.<\/p>\n<\/p><\/div><\/div>\n","protected":false},"excerpt":{"rendered":"<div class=\"woocommerce-product-details__short-description\">\n<p>Kaufen Sie Hydrocodone 10\/500mg-Pillen zum Verkauf in Gro\u00dfbritannien, der EU und Europa online auf unserer Website. Dihydrocodeinon (Hydrocodon) ist ein halbfertiges Opioid, das aus Codein und Thebain, zwei h\u00e4ufig vorkommenden Beruhigungsmitteln, gewonnen wird.<\/p>\n<p>F\u00fcr m\u00e4\u00dfige bis starke Schmerzen ist der Wirkstoff in Watson 540 (Hydrocodon) 500 mg Hydrocodon. Acetaminophen und Hydrocodone werden in der Formulierung von Hydrocodone zum Verkauf verwendet. Hydroxycodon ist ein Opioid-Schmerzmittel, w\u00e4hrend Paracetamol kein Opioid ist.<\/p>\n<\/p><\/div>\n","protected":false},"featured_media":5201,"comment_status":"open","ping_status":"closed","template":"","meta":[],"product_brand":[],"product_cat":[1117],"product_tag":[1297,1298,1300,1299,1301,1302,1304,1303,1305,1306,1307,1311,1309,1310,1314,1313,1308,1312],"class_list":{"0":"post-5183","1":"product","2":"type-product","3":"status-publish","4":"has-post-thumbnail","6":"product_cat-kaufen-sie-schmerz-schlaf-und-sexpillen","7":"product_tag-buy-watson-online","8":"product_tag-generic-pills-for-sale-in-usa","9":"product_tag-generische-watson-pillen-zum-verkauf-in-den-usa","10":"product_tag-generika-watson","11":"product_tag-hydrocodon-zum-verkauf","12":"product_tag-medikamente-ohne-rezept","13":"product_tag-watson-500mg","14":"product_tag-watson-500-mg","15":"product_tag-watson-540-hydrocodon-500-mg","16":"product_tag-watson-540-hydrocodon-online","17":"product_tag-watson-540-medizin","18":"product_tag-watson-hydrocodone-pain-loss-pills","19":"product_tag-watson-zu-verkaufen-in-uk","20":"product_tag-watson-zum-verkauf-in-usa","21":"product_tag-watson-pills-without-prescription","22":"product_tag-watson-schmerzlinderungstablette","23":"product_tag-watson-dosierung","24":"product_tag-watson-medikamente","26":"first","27":"instock","28":"shipping-taxable","29":"purchasable","30":"product-type-variable","31":"has-default-attributes"},"yoast_head":"<!-- This site is optimized with the Yoast SEO plugin v27.3 - https:\/\/yoast.com\/product\/yoast-seo-wordpress\/ -->\n<title>Kaufen Sie Hydrocodone 10\/500mg - Best Best Global Meds<\/title>\n<meta name=\"description\" content=\"Kaufen Sie Hydrocodone 10\/500 mg Tabletten zum Verkauf in Gro\u00dfbritannien, der EU und Europa online. Hydrocodon oder Dihydrocodeinon ist ein halbfertiges Opioid, abgeleitet von zwei der h\u00e4ufig vorkommenden Beruhigungsmittel, Codein und Thebain.\" \/>\n<meta name=\"robots\" content=\"index, follow, max-snippet:-1, max-image-preview:large, max-video-preview:-1\" \/>\n<link rel=\"canonical\" href=\"https:\/\/medicinasinc.com\/de\/product\/hydrocodon-10-500-mg\/\" \/>\n<meta property=\"og:locale\" content=\"de_DE\" \/>\n<meta property=\"og:type\" content=\"article\" \/>\n<meta property=\"og:title\" content=\"Kaufen Sie Hydrocodone 10\/500mg - Best Best Global Meds\" \/>\n<meta property=\"og:description\" content=\"Kaufen Sie Hydrocodone 10\/500 mg Tabletten zum Verkauf in Gro\u00dfbritannien, der EU und Europa online. Hydrocodon oder Dihydrocodeinon ist ein halbfertiges Opioid, abgeleitet von zwei der h\u00e4ufig vorkommenden Beruhigungsmittel, Codein und Thebain.\" \/>\n<meta property=\"og:url\" content=\"https:\/\/medicinasinc.com\/de\/product\/hydrocodon-10-500-mg\/\" \/>\n<meta property=\"og:site_name\" content=\"Medicinas Inc\" \/>\n<meta property=\"article:modified_time\" content=\"2022-03-18T00:28:57+00:00\" \/>\n<meta property=\"og:image\" content=\"https:\/\/medicinasinc.com\/de\/wp-content\/uploads\/sites\/6\/2022\/02\/buy-hydrocodone-10-500mg-pills-online.jpg\" \/>\n\t<meta property=\"og:image:width\" content=\"600\" \/>\n\t<meta property=\"og:image:height\" content=\"600\" \/>\n\t<meta property=\"og:image:type\" content=\"image\/jpeg\" \/>\n<meta name=\"twitter:card\" content=\"summary_large_image\" \/>\n<meta name=\"twitter:label1\" content=\"Gesch\u00e4tzte Lesezeit\" \/>\n\t<meta name=\"twitter:data1\" content=\"3\u00a0Minuten\" \/>\n<script type=\"application\/ld+json\" class=\"yoast-schema-graph\">{\"@context\":\"https:\\\/\\\/schema.org\",\"@graph\":[{\"@type\":\"WebPage\",\"@id\":\"https:\\\/\\\/medicinasinc.com\\\/de\\\/product\\\/hydrocodon-10-500-mg\\\/\",\"url\":\"https:\\\/\\\/medicinasinc.com\\\/de\\\/product\\\/hydrocodon-10-500-mg\\\/\",\"name\":\"Kaufen Sie Hydrocodone 10\\\/500mg - Best Best Global Meds\",\"isPartOf\":{\"@id\":\"https:\\\/\\\/medicinasinc.com\\\/de\\\/#website\"},\"primaryImageOfPage\":{\"@id\":\"https:\\\/\\\/medicinasinc.com\\\/de\\\/product\\\/hydrocodon-10-500-mg\\\/#primaryimage\"},\"image\":{\"@id\":\"https:\\\/\\\/medicinasinc.com\\\/de\\\/product\\\/hydrocodon-10-500-mg\\\/#primaryimage\"},\"thumbnailUrl\":\"https:\\\/\\\/medicinasinc.com\\\/de\\\/wp-content\\\/uploads\\\/sites\\\/6\\\/2022\\\/02\\\/buy-hydrocodone-10-500mg-pills-online.jpg\",\"datePublished\":\"2022-02-20T21:35:10+00:00\",\"dateModified\":\"2022-03-18T00:28:57+00:00\",\"description\":\"Kaufen Sie Hydrocodone 10\\\/500 mg Tabletten zum Verkauf in Gro\u00dfbritannien, der EU und Europa online. Hydrocodon oder Dihydrocodeinon ist ein halbfertiges Opioid, abgeleitet von zwei der h\u00e4ufig vorkommenden Beruhigungsmittel, Codein und Thebain.\",\"breadcrumb\":{\"@id\":\"https:\\\/\\\/medicinasinc.com\\\/de\\\/product\\\/hydrocodon-10-500-mg\\\/#breadcrumb\"},\"inLanguage\":\"de\",\"potentialAction\":[{\"@type\":\"ReadAction\",\"target\":[\"https:\\\/\\\/medicinasinc.com\\\/de\\\/product\\\/hydrocodon-10-500-mg\\\/\"]}]},{\"@type\":\"ImageObject\",\"inLanguage\":\"de\",\"@id\":\"https:\\\/\\\/medicinasinc.com\\\/de\\\/product\\\/hydrocodon-10-500-mg\\\/#primaryimage\",\"url\":\"https:\\\/\\\/medicinasinc.com\\\/de\\\/wp-content\\\/uploads\\\/sites\\\/6\\\/2022\\\/02\\\/buy-hydrocodone-10-500mg-pills-online.jpg\",\"contentUrl\":\"https:\\\/\\\/medicinasinc.com\\\/de\\\/wp-content\\\/uploads\\\/sites\\\/6\\\/2022\\\/02\\\/buy-hydrocodone-10-500mg-pills-online.jpg\",\"width\":600,\"height\":600},{\"@type\":\"BreadcrumbList\",\"@id\":\"https:\\\/\\\/medicinasinc.com\\\/de\\\/product\\\/hydrocodon-10-500-mg\\\/#breadcrumb\",\"itemListElement\":[{\"@type\":\"ListItem\",\"position\":1,\"name\":\"Einkaufen\",\"item\":\"https:\\\/\\\/medicinasinc.com\\\/de\\\/einkaufen\\\/\"},{\"@type\":\"ListItem\",\"position\":2,\"name\":\"Hydrocodon 10\\\/500 mg\"}]},{\"@type\":\"WebSite\",\"@id\":\"https:\\\/\\\/medicinasinc.com\\\/de\\\/#website\",\"url\":\"https:\\\/\\\/medicinasinc.com\\\/de\\\/\",\"name\":\"Medicinas Inc\",\"description\":\"Health Medical Clinic\",\"potentialAction\":[{\"@type\":\"SearchAction\",\"target\":{\"@type\":\"EntryPoint\",\"urlTemplate\":\"https:\\\/\\\/medicinasinc.com\\\/de\\\/?s={search_term_string}\"},\"query-input\":{\"@type\":\"PropertyValueSpecification\",\"valueRequired\":true,\"valueName\":\"search_term_string\"}}],\"inLanguage\":\"de\"}]}<\/script>\n<!-- \/ Yoast SEO plugin. -->","yoast_head_json":{"title":"Kaufen Sie Hydrocodone 10\/500mg - Best Best Global Meds","description":"Kaufen Sie Hydrocodone 10\/500 mg Tabletten zum Verkauf in Gro\u00dfbritannien, der EU und Europa online. Hydrocodon oder Dihydrocodeinon ist ein halbfertiges Opioid, abgeleitet von zwei der h\u00e4ufig vorkommenden Beruhigungsmittel, Codein und Thebain.","robots":{"index":"index","follow":"follow","max-snippet":"max-snippet:-1","max-image-preview":"max-image-preview:large","max-video-preview":"max-video-preview:-1"},"canonical":"https:\/\/medicinasinc.com\/de\/product\/hydrocodon-10-500-mg\/","og_locale":"de_DE","og_type":"article","og_title":"Kaufen Sie Hydrocodone 10\/500mg - Best Best Global Meds","og_description":"Kaufen Sie Hydrocodone 10\/500 mg Tabletten zum Verkauf in Gro\u00dfbritannien, der EU und Europa online. Hydrocodon oder Dihydrocodeinon ist ein halbfertiges Opioid, abgeleitet von zwei der h\u00e4ufig vorkommenden Beruhigungsmittel, Codein und Thebain.","og_url":"https:\/\/medicinasinc.com\/de\/product\/hydrocodon-10-500-mg\/","og_site_name":"Medicinas Inc","article_modified_time":"2022-03-18T00:28:57+00:00","og_image":[{"width":600,"height":600,"url":"https:\/\/medicinasinc.com\/de\/wp-content\/uploads\/sites\/6\/2022\/02\/buy-hydrocodone-10-500mg-pills-online.jpg","type":"image\/jpeg"}],"twitter_card":"summary_large_image","twitter_misc":{"Gesch\u00e4tzte Lesezeit":"3\u00a0Minuten"},"schema":{"@context":"https:\/\/schema.org","@graph":[{"@type":"WebPage","@id":"https:\/\/medicinasinc.com\/de\/product\/hydrocodon-10-500-mg\/","url":"https:\/\/medicinasinc.com\/de\/product\/hydrocodon-10-500-mg\/","name":"Kaufen Sie Hydrocodone 10\/500mg - Best Best Global Meds","isPartOf":{"@id":"https:\/\/medicinasinc.com\/de\/#website"},"primaryImageOfPage":{"@id":"https:\/\/medicinasinc.com\/de\/product\/hydrocodon-10-500-mg\/#primaryimage"},"image":{"@id":"https:\/\/medicinasinc.com\/de\/product\/hydrocodon-10-500-mg\/#primaryimage"},"thumbnailUrl":"https:\/\/medicinasinc.com\/de\/wp-content\/uploads\/sites\/6\/2022\/02\/buy-hydrocodone-10-500mg-pills-online.jpg","datePublished":"2022-02-20T21:35:10+00:00","dateModified":"2022-03-18T00:28:57+00:00","description":"Kaufen Sie Hydrocodone 10\/500 mg Tabletten zum Verkauf in Gro\u00dfbritannien, der EU und Europa online. Hydrocodon oder Dihydrocodeinon ist ein halbfertiges Opioid, abgeleitet von zwei der h\u00e4ufig vorkommenden Beruhigungsmittel, Codein und Thebain.","breadcrumb":{"@id":"https:\/\/medicinasinc.com\/de\/product\/hydrocodon-10-500-mg\/#breadcrumb"},"inLanguage":"de","potentialAction":[{"@type":"ReadAction","target":["https:\/\/medicinasinc.com\/de\/product\/hydrocodon-10-500-mg\/"]}]},{"@type":"ImageObject","inLanguage":"de","@id":"https:\/\/medicinasinc.com\/de\/product\/hydrocodon-10-500-mg\/#primaryimage","url":"https:\/\/medicinasinc.com\/de\/wp-content\/uploads\/sites\/6\/2022\/02\/buy-hydrocodone-10-500mg-pills-online.jpg","contentUrl":"https:\/\/medicinasinc.com\/de\/wp-content\/uploads\/sites\/6\/2022\/02\/buy-hydrocodone-10-500mg-pills-online.jpg","width":600,"height":600},{"@type":"BreadcrumbList","@id":"https:\/\/medicinasinc.com\/de\/product\/hydrocodon-10-500-mg\/#breadcrumb","itemListElement":[{"@type":"ListItem","position":1,"name":"Einkaufen","item":"https:\/\/medicinasinc.com\/de\/einkaufen\/"},{"@type":"ListItem","position":2,"name":"Hydrocodon 10\/500 mg"}]},{"@type":"WebSite","@id":"https:\/\/medicinasinc.com\/de\/#website","url":"https:\/\/medicinasinc.com\/de\/","name":"Medicinas Inc","description":"Health Medical Clinic","potentialAction":[{"@type":"SearchAction","target":{"@type":"EntryPoint","urlTemplate":"https:\/\/medicinasinc.com\/de\/?s={search_term_string}"},"query-input":{"@type":"PropertyValueSpecification","valueRequired":true,"valueName":"search_term_string"}}],"inLanguage":"de"}]}},"_links":{"self":[{"href":"https:\/\/medicinasinc.com\/de\/wp-json\/wp\/v2\/product\/5183","targetHints":{"allow":["GET"]}}],"collection":[{"href":"https:\/\/medicinasinc.com\/de\/wp-json\/wp\/v2\/product"}],"about":[{"href":"https:\/\/medicinasinc.com\/de\/wp-json\/wp\/v2\/types\/product"}],"replies":[{"embeddable":true,"href":"https:\/\/medicinasinc.com\/de\/wp-json\/wp\/v2\/comments?post=5183"}],"wp:featuredmedia":[{"embeddable":true,"href":"https:\/\/medicinasinc.com\/de\/wp-json\/wp\/v2\/media\/5201"}],"wp:attachment":[{"href":"https:\/\/medicinasinc.com\/de\/wp-json\/wp\/v2\/media?parent=5183"}],"wp:term":[{"taxonomy":"product_brand","embeddable":true,"href":"https:\/\/medicinasinc.com\/de\/wp-json\/wp\/v2\/product_brand?post=5183"},{"taxonomy":"product_cat","embeddable":true,"href":"https:\/\/medicinasinc.com\/de\/wp-json\/wp\/v2\/product_cat?post=5183"},{"taxonomy":"product_tag","embeddable":true,"href":"https:\/\/medicinasinc.com\/de\/wp-json\/wp\/v2\/product_tag?post=5183"}],"curies":[{"name":"wp","href":"https:\/\/api.w.org\/{rel}","templated":true}]}}