{"id":5182,"date":"2022-02-20T21:32:53","date_gmt":"2022-02-20T21:32:53","guid":{"rendered":"https:\/\/medicinasinc.com\/de\/?post_type=product&#038;p=5182"},"modified":"2022-03-18T00:29:08","modified_gmt":"2022-03-18T00:29:08","slug":"kaufen-fentanyl-transdermales-system-pflaster","status":"publish","type":"product","link":"https:\/\/medicinasinc.com\/de\/product\/kaufen-fentanyl-transdermales-system-pflaster\/","title":{"rendered":"Kaufen Sie Fentanyl Transdermal System Patch"},"content":{"rendered":"<div class=\"product-next- previous\">\n<div class=\"product-prev\">\n<p>Transdermale Fentanyl-Pflaster sind erh\u00e4ltlich<br \/> Co. Fentanyl ist was?<\/p>\n<p>Opioide sind eine Klasse von Medikamenten, die Fentanyl enthalten. Wenn Sie unter chronischen (Langzeit-)starken Schmerzen leiden und bereits ein Opioid (Narkotikum) einnehmen, k\u00f6nnen Sie von der Anwendung von Fentanyl profitieren.<\/p>\n<p>Was ist der Preis von Co-Fentanyl?<\/p>\n<p> p&gt; <\/p>\n<p>PocketPills bietet Co Fentanyl kostenlos an. Wenn Ihre Versicherung die Kosten f\u00fcr Co Fentanyl \u00fcbernimmt, k\u00f6nnen Sie es m\u00f6glicherweise zu einem reduzierten Preis erhalten. Abgabe- und Lieferkosten sollten in den endg\u00fcltigen Kosten Ihres Co Fentanyl-Kaufs ber\u00fccksichtigt werden.<\/p>\n<p>Wie hoch ist die Abgabegeb\u00fchr f\u00fcr Co Fentanyl?<\/p>\n<p>Bei der Bestellung von Co Fentanyl bei uns f\u00e4llt eine Abgabegeb\u00fchr von an nur $0. Wenn Sie nach dem g\u00fcnstigsten Co-Fentanyl-Preis in Kanada suchen, ist Pocketpills hier, um Ihnen zu helfen.<br \/> Nutzen Sie unser kostenloses Versandangebot in Kanada.<\/p>\n<p>Arzneimittelname: Co-Fentanyl <\/p>\n<p>Toxizit\u00e4ten<\/p>\n<p>Eine Vielzahl von Medikamenten kann unerw\u00fcnschte Wirkungen hervorrufen.<\/p>\n<p>Wenn ein Medikament wie vorgeschrieben angewendet wird, k\u00f6nnen unerwartete Nebenwirkungen auftreten . Es ist m\u00f6glich, dass Nebenwirkungen leicht oder schwerwiegend sowie langanhaltend oder kurzlebig sein k\u00f6nnen.<\/p>\n<p>Nicht jeder, der Co-Fentanyl einnimmt, erf\u00e4hrt die folgenden Nebenwirkungen (Fentanyl-transdermal).<\/p>\n<p>Sprechen Sie mit Ihrem Arzt, wenn Sie \u00fcber Nebenwirkungen von Co-Fentanyl (Fentanyl-transdermal) besorgt sind.<\/p>\n<p>Mindestens 1 % der Co-Fentanyl-Anwender hatten die folgenden Nebenwirkungen (Fentanyl-transdermal): . Es ist m\u00f6glich, dass einige dieser Nebenwirkungen mit der Zeit von selbst verschwinden.<\/p>\n<p>Wenn Sie eine dieser Nebenwirkungen bemerken und sie st\u00f6rend oder schwerwiegend sind, wenden Sie sich an Ihren Arzt. Wenn Sie Probleme mit Nebenwirkungen haben, fragen Sie Ihren Apotheker um Hilfe.<\/p>\n<p>Verwirrtheit<br \/> Verstopfung<br \/> Verstopfung, Konzentrationsst\u00f6rungen, Schl\u00e4frigkeit und Schwindel am Abend<br \/> Angstgef\u00fchl, Err\u00f6ten und Kopfschmerzen sind Symptome von Mundtrockenheit.<br \/>Ged\u00e4chtnismangel<br \/>Unwohlsein oder Juckreiz an der Applikationsstelle<\/p>\n<p>H\u00e4ufig gestellte Fragen zu Co Fentanyl<br \/>Co kaufen Fentanyl online, Sie m\u00fcssen wissen wie.<\/p>\n<p>Wenn Sie ein g\u00fcltiges Rezept von Ihrem Arzt haben, k\u00f6nnen Sie Co Fentanyl online bei PocketPills kaufen. Sie k\u00f6nnen damit beginnen, Ihr Rezept hochzuladen, eine Nachf\u00fcllung zu kaufen oder mit einem unserer kanadischen \u00c4rzte zu chatten, um ein Online-Rezept zu erhalten, indem Sie alle bestehenden Rezepte an unsere Apotheke \u00fcbertragen. Ein Rezept f\u00fcr Co Fentanyl: Wie geht es weiter?<\/p>\n<p>Auf pocketpills.com k\u00f6nnen Sie \u00fcber das Internet mit einem kanadischen Arzt sprechen. W\u00e4hrend Ihres Termins k\u00f6nnen unsere \u00c4rzte Ihnen Medikamente \u00fcber das Internet verschreiben. Ohne zus\u00e4tzliche Kosten k\u00f6nnen Sie sich Ihr Rezept nach Erhalt diskret und in der Originalverpackung nach Hause liefern lassen.<\/p>\n<p>Wie schnell kann ich mit meinem Paket rechnen?<\/p>\n<p>Ja! An einigen Orten k\u00f6nnen wir eine Lieferung am selben Tag anbieten. Zus\u00e4tzlich zur Lieferung am n\u00e4chsten Tag bieten wir auch einen Versand \u00fcber Nacht an.<br \/> Wie viel kostet der Versand von Co Fentanyl nach Kanada?<br \/> Die Versandkosten von Co Fentanyl an Sie in Kanada sind v\u00f6llig kostenlos. Die von Pocketpills angebotenen reduzierten Ausgabegeb\u00fchren und der kostenlose Versand machen es Kanadiern einfacher, die ben\u00f6tigten Medikamente zu erhalten Rezept, k\u00f6nnten wir Co Fentanyl zu Ihnen nach Hause schicken. Kontaktieren Sie uns, wenn Sie sich nicht sicher sind, ob wir in Ihre Region liefern.<br \/> Wo bekomme ich Co Fentanyl in Kanada kostenlos?<br \/> Wenn Sie eine Krankenversicherung haben, die Co Fentanyl abdeckt, k\u00f6nnen Sie es kostenlos erhalten in Kanada. Finden Sie heraus, ob Sie Anspruch auf kostenloses Co Fentanyl haben, indem Sie sich an Ihren Anbieter oder uns wenden.<br \/> Wo finde ich einen Arzt, um Co Fentanyl zu bekommen?<br \/> Ja. Um herauszufinden, ob Sie Anspruch auf ein Rezept f\u00fcr Co Fentanyl haben, k\u00f6nnen Sie \u00fcber Best Global Meds eine Online-Beratung mit einem kanadischen Arzt vereinbaren.<br \/> Kann ich ohne Rezept Co Fentanyl kaufen?<br \/> Um Co Fentanyl bei uns zu kaufen, ben\u00f6tigen Sie ein g\u00fcltiges Rezept. Wenn Sie ein Rezept ben\u00f6tigen, setzen Sie sich bitte mit uns in Verbindung. Sie k\u00f6nnen sich jederzeit an einen unserer \u00c4rzte wenden.<\/p>\n<p>&nbsp;<\/p>\n<p>Dieses Arzneimittel wird zur Behandlung chronischer Schmerzen (z. B. aufgrund von Krebs) angewendet. Opioide (narkotische) Analgetika, zu denen Fentanyl geh\u00f6rt, sind eine \u00fcbliche Art von Schmerzmitteln. Es ver\u00e4ndert die Art und Weise, wie Ihr K\u00f6rper Schmerzen wahrnimmt und darauf reagiert, indem es auf das Gehirn einwirkt.<\/p>\n<p>Die Pflasterform von Fentanyl sollte nicht zur Behandlung von leichten oder kurzlebigen Schmerzen verwendet werden. &#8222;wie&#8220; ist kein passender Begriff f\u00fcr dieses Medikament.<\/p>\n<\/p><\/div><\/div>\n","protected":false},"excerpt":{"rendered":"<p>Im Vereinigten K\u00f6nigreich ist es m\u00f6glich, Fentanyl-Pflaster online zu kaufen, ebenso wie Fentanyl im Allgemeinen und Fentanyl-Pflaster, die dort verkauft werden.<\/p>\n<p>Fentanyl-Pflaster werden zur Behandlung chronischer Schmerzen verwendet&amp;#8230 ;. Erw\u00e4hnen Sie bei der Abholung von Rezepten oder der Beschaffung zus\u00e4tzlicher Medikamente das Pflaster, das Sie tragen, gegen\u00fcber Ihrem Apotheker.<\/p>\n","protected":false},"featured_media":5199,"comment_status":"open","ping_status":"closed","template":"","meta":[],"product_brand":[],"product_cat":[1117],"product_tag":[1247,1248,1249,1250,1251,1252,1264,1253,1254,1271,1270,1256,1259,1260,1265,1266,1267,1272,1273,1274,1277,1278,1279,1269,1280,1258,1292,1291,1288,1268,1257,1261,1262,1263,1255,1275,1281,1282,1283,1285,1289,1276,1290,1293,1294,1287,1286,1284,1295,1296],"class_list":{"0":"post-5182","1":"product","2":"type-product","3":"status-publish","4":"has-post-thumbnail","6":"product_cat-kaufen-sie-schmerz-schlaf-und-sexpillen","7":"product_tag-100-mg-fentanyl-pflaster","8":"product_tag-100-mg-fentanyl-pflaster-straenpreis","9":"product_tag-12-mikrogramm-fentanyl-pflaster","10":"product_tag-25-mcg-fentanyl-patch-quivalent","11":"product_tag-50-mg-fentanyl-pflaster","12":"product_tag-75-mg-fentanyl-pflaster","13":"product_tag-fentanyl-pflaster-anwendung","14":"product_tag-best-place-to-put-fentanyl-patch","15":"product_tag-der-beste-weg-um-mit-fentanyl-pflaster-high-zu-werden","16":"product_tag-fentanyl-patch-dosierungen","17":"product_tag-fentanyl-patch-dosierungstabelle","18":"product_tag-fentanyl-gel-patch","19":"product_tag-fentanyl-patch-100-mcg","20":"product_tag-fentanyl-patch-100mcg","21":"product_tag-fentanyl-patch-brands","22":"product_tag-fentanyl-patch-chewing","23":"product_tag-fentanyl-patch-disposal","24":"product_tag-fentanyl-patch-doses","25":"product_tag-fentanyl-patch-doses-12-mcg","26":"product_tag-fentanyl-patch-dosing","27":"product_tag-fentanyl-patch-side-effects","28":"product_tag-fentanyl-patch-uses","29":"product_tag-fentanyl-patch-withdrawals","30":"product_tag-fentanyl-patch-dosierung-12-mcg","31":"product_tag-fentanyl-transdermal-patch","32":"product_tag-fentanyl-pflaster","33":"product_tag-rauchen-fentanyl-pflaster","34":"product_tag-shoot-fentanyl-pflaster","35":"product_tag-injektions-fentanyl-pflaster","36":"product_tag-fentanyl-patch-dosierung","37":"product_tag-fentanyl-schmerzpflaster","38":"product_tag-fentanyl-patch-25-mcg-street-value","39":"product_tag-fentanyl-pflaster-50-mcg","40":"product_tag-fentanyl-pflaster-75-mcg","41":"product_tag-essen-fentanyl-pflaster","42":"product_tag-fentanyl-pflaster-zum-verkauf","43":"product_tag-how-long-does-a-fentanyl-patch-stay-in-your-system","44":"product_tag-how-long-does-it-take-for-a-fentanyl-patch-to-kick-in","45":"product_tag-how-to-apply-fentanyl-patch","46":"product_tag-how-to-smoke-a-fentanyl-patch","47":"product_tag-mallinckrodt-fentanyl-patch-extraktion","48":"product_tag-fentanyl-pflaster-packungsbeilage","49":"product_tag-sandoz-fentanyl-patch","50":"product_tag-straenwert-von-fentanyl-pflaster","51":"product_tag-was-sind-fentanyl-pflaster","52":"product_tag-how-to-use-fentanyl-pflaster","53":"product_tag-wie-man-das-fentanyl-pflaster-ohne-entzug-abnimmt","54":"product_tag-wie-man-fentanyl-pflaster-abbaut","55":"product_tag-wo-zu-platzieren-fentanyl-pflaster","56":"product_tag-wo-zu-legen-fentanyl-pflaster","58":"first","59":"instock","60":"shipping-taxable","61":"purchasable","62":"product-type-variable","63":"has-default-attributes"},"yoast_head":"<!-- This site is optimized with the Yoast SEO plugin v27.3 - https:\/\/yoast.com\/product\/yoast-seo-wordpress\/ -->\n<title>Kaufen Sie Fentanyl Transdermal System Patch - Best Best Global Meds<\/title>\n<meta name=\"description\" content=\"Fentanylpflaster online kaufen, Fentanyl online kaufen, Kosten f\u00fcr Fentanylpflaster kaufen, Fentanylpflaster kaufen, Fentanylstra\u00dfenpreis kaufen, Fentanylpflaster verkaufen\" \/>\n<meta name=\"robots\" content=\"index, follow, max-snippet:-1, max-image-preview:large, max-video-preview:-1\" \/>\n<link rel=\"canonical\" href=\"https:\/\/medicinasinc.com\/de\/product\/kaufen-fentanyl-transdermales-system-pflaster\/\" \/>\n<meta property=\"og:locale\" content=\"de_DE\" \/>\n<meta property=\"og:type\" content=\"article\" \/>\n<meta property=\"og:title\" content=\"Kaufen Sie Fentanyl Transdermal System Patch - Best Best Global Meds\" \/>\n<meta property=\"og:description\" content=\"Fentanylpflaster online kaufen, Fentanyl online kaufen, Kosten f\u00fcr Fentanylpflaster kaufen, Fentanylpflaster kaufen, Fentanylstra\u00dfenpreis kaufen, Fentanylpflaster verkaufen\" \/>\n<meta property=\"og:url\" content=\"https:\/\/medicinasinc.com\/de\/product\/kaufen-fentanyl-transdermales-system-pflaster\/\" \/>\n<meta property=\"og:site_name\" content=\"Medicinas Inc\" \/>\n<meta property=\"article:modified_time\" content=\"2022-03-18T00:29:08+00:00\" \/>\n<meta property=\"og:image\" content=\"https:\/\/medicinasinc.com\/de\/wp-content\/uploads\/sites\/6\/2022\/02\/buy-fentanyl-transdermal-system-patch.jpg\" \/>\n\t<meta property=\"og:image:width\" content=\"600\" \/>\n\t<meta property=\"og:image:height\" content=\"600\" \/>\n\t<meta property=\"og:image:type\" content=\"image\/jpeg\" \/>\n<meta name=\"twitter:card\" content=\"summary_large_image\" \/>\n<meta name=\"twitter:label1\" content=\"Gesch\u00e4tzte Lesezeit\" \/>\n\t<meta name=\"twitter:data1\" content=\"4\u00a0Minuten\" \/>\n<script type=\"application\/ld+json\" class=\"yoast-schema-graph\">{\"@context\":\"https:\\\/\\\/schema.org\",\"@graph\":[{\"@type\":\"WebPage\",\"@id\":\"https:\\\/\\\/medicinasinc.com\\\/de\\\/product\\\/kaufen-fentanyl-transdermales-system-pflaster\\\/\",\"url\":\"https:\\\/\\\/medicinasinc.com\\\/de\\\/product\\\/kaufen-fentanyl-transdermales-system-pflaster\\\/\",\"name\":\"Kaufen Sie Fentanyl Transdermal System Patch - Best Best Global Meds\",\"isPartOf\":{\"@id\":\"https:\\\/\\\/medicinasinc.com\\\/de\\\/#website\"},\"primaryImageOfPage\":{\"@id\":\"https:\\\/\\\/medicinasinc.com\\\/de\\\/product\\\/kaufen-fentanyl-transdermales-system-pflaster\\\/#primaryimage\"},\"image\":{\"@id\":\"https:\\\/\\\/medicinasinc.com\\\/de\\\/product\\\/kaufen-fentanyl-transdermales-system-pflaster\\\/#primaryimage\"},\"thumbnailUrl\":\"https:\\\/\\\/medicinasinc.com\\\/de\\\/wp-content\\\/uploads\\\/sites\\\/6\\\/2022\\\/02\\\/buy-fentanyl-transdermal-system-patch.jpg\",\"datePublished\":\"2022-02-20T21:32:53+00:00\",\"dateModified\":\"2022-03-18T00:29:08+00:00\",\"description\":\"Fentanylpflaster online kaufen, Fentanyl online kaufen, Kosten f\u00fcr Fentanylpflaster kaufen, Fentanylpflaster kaufen, Fentanylstra\u00dfenpreis kaufen, Fentanylpflaster verkaufen\",\"breadcrumb\":{\"@id\":\"https:\\\/\\\/medicinasinc.com\\\/de\\\/product\\\/kaufen-fentanyl-transdermales-system-pflaster\\\/#breadcrumb\"},\"inLanguage\":\"de\",\"potentialAction\":[{\"@type\":\"ReadAction\",\"target\":[\"https:\\\/\\\/medicinasinc.com\\\/de\\\/product\\\/kaufen-fentanyl-transdermales-system-pflaster\\\/\"]}]},{\"@type\":\"ImageObject\",\"inLanguage\":\"de\",\"@id\":\"https:\\\/\\\/medicinasinc.com\\\/de\\\/product\\\/kaufen-fentanyl-transdermales-system-pflaster\\\/#primaryimage\",\"url\":\"https:\\\/\\\/medicinasinc.com\\\/de\\\/wp-content\\\/uploads\\\/sites\\\/6\\\/2022\\\/02\\\/buy-fentanyl-transdermal-system-patch.jpg\",\"contentUrl\":\"https:\\\/\\\/medicinasinc.com\\\/de\\\/wp-content\\\/uploads\\\/sites\\\/6\\\/2022\\\/02\\\/buy-fentanyl-transdermal-system-patch.jpg\",\"width\":600,\"height\":600},{\"@type\":\"BreadcrumbList\",\"@id\":\"https:\\\/\\\/medicinasinc.com\\\/de\\\/product\\\/kaufen-fentanyl-transdermales-system-pflaster\\\/#breadcrumb\",\"itemListElement\":[{\"@type\":\"ListItem\",\"position\":1,\"name\":\"Einkaufen\",\"item\":\"https:\\\/\\\/medicinasinc.com\\\/de\\\/einkaufen\\\/\"},{\"@type\":\"ListItem\",\"position\":2,\"name\":\"Kaufen Sie Fentanyl Transdermal System Patch\"}]},{\"@type\":\"WebSite\",\"@id\":\"https:\\\/\\\/medicinasinc.com\\\/de\\\/#website\",\"url\":\"https:\\\/\\\/medicinasinc.com\\\/de\\\/\",\"name\":\"Medicinas Inc\",\"description\":\"Health Medical Clinic\",\"potentialAction\":[{\"@type\":\"SearchAction\",\"target\":{\"@type\":\"EntryPoint\",\"urlTemplate\":\"https:\\\/\\\/medicinasinc.com\\\/de\\\/?s={search_term_string}\"},\"query-input\":{\"@type\":\"PropertyValueSpecification\",\"valueRequired\":true,\"valueName\":\"search_term_string\"}}],\"inLanguage\":\"de\"}]}<\/script>\n<!-- \/ Yoast SEO plugin. -->","yoast_head_json":{"title":"Kaufen Sie Fentanyl Transdermal System Patch - Best Best Global Meds","description":"Fentanylpflaster online kaufen, Fentanyl online kaufen, Kosten f\u00fcr Fentanylpflaster kaufen, Fentanylpflaster kaufen, Fentanylstra\u00dfenpreis kaufen, Fentanylpflaster verkaufen","robots":{"index":"index","follow":"follow","max-snippet":"max-snippet:-1","max-image-preview":"max-image-preview:large","max-video-preview":"max-video-preview:-1"},"canonical":"https:\/\/medicinasinc.com\/de\/product\/kaufen-fentanyl-transdermales-system-pflaster\/","og_locale":"de_DE","og_type":"article","og_title":"Kaufen Sie Fentanyl Transdermal System Patch - Best Best Global Meds","og_description":"Fentanylpflaster online kaufen, Fentanyl online kaufen, Kosten f\u00fcr Fentanylpflaster kaufen, Fentanylpflaster kaufen, Fentanylstra\u00dfenpreis kaufen, Fentanylpflaster verkaufen","og_url":"https:\/\/medicinasinc.com\/de\/product\/kaufen-fentanyl-transdermales-system-pflaster\/","og_site_name":"Medicinas Inc","article_modified_time":"2022-03-18T00:29:08+00:00","og_image":[{"width":600,"height":600,"url":"https:\/\/medicinasinc.com\/de\/wp-content\/uploads\/sites\/6\/2022\/02\/buy-fentanyl-transdermal-system-patch.jpg","type":"image\/jpeg"}],"twitter_card":"summary_large_image","twitter_misc":{"Gesch\u00e4tzte Lesezeit":"4\u00a0Minuten"},"schema":{"@context":"https:\/\/schema.org","@graph":[{"@type":"WebPage","@id":"https:\/\/medicinasinc.com\/de\/product\/kaufen-fentanyl-transdermales-system-pflaster\/","url":"https:\/\/medicinasinc.com\/de\/product\/kaufen-fentanyl-transdermales-system-pflaster\/","name":"Kaufen Sie Fentanyl Transdermal System Patch - Best Best Global Meds","isPartOf":{"@id":"https:\/\/medicinasinc.com\/de\/#website"},"primaryImageOfPage":{"@id":"https:\/\/medicinasinc.com\/de\/product\/kaufen-fentanyl-transdermales-system-pflaster\/#primaryimage"},"image":{"@id":"https:\/\/medicinasinc.com\/de\/product\/kaufen-fentanyl-transdermales-system-pflaster\/#primaryimage"},"thumbnailUrl":"https:\/\/medicinasinc.com\/de\/wp-content\/uploads\/sites\/6\/2022\/02\/buy-fentanyl-transdermal-system-patch.jpg","datePublished":"2022-02-20T21:32:53+00:00","dateModified":"2022-03-18T00:29:08+00:00","description":"Fentanylpflaster online kaufen, Fentanyl online kaufen, Kosten f\u00fcr Fentanylpflaster kaufen, Fentanylpflaster kaufen, Fentanylstra\u00dfenpreis kaufen, Fentanylpflaster verkaufen","breadcrumb":{"@id":"https:\/\/medicinasinc.com\/de\/product\/kaufen-fentanyl-transdermales-system-pflaster\/#breadcrumb"},"inLanguage":"de","potentialAction":[{"@type":"ReadAction","target":["https:\/\/medicinasinc.com\/de\/product\/kaufen-fentanyl-transdermales-system-pflaster\/"]}]},{"@type":"ImageObject","inLanguage":"de","@id":"https:\/\/medicinasinc.com\/de\/product\/kaufen-fentanyl-transdermales-system-pflaster\/#primaryimage","url":"https:\/\/medicinasinc.com\/de\/wp-content\/uploads\/sites\/6\/2022\/02\/buy-fentanyl-transdermal-system-patch.jpg","contentUrl":"https:\/\/medicinasinc.com\/de\/wp-content\/uploads\/sites\/6\/2022\/02\/buy-fentanyl-transdermal-system-patch.jpg","width":600,"height":600},{"@type":"BreadcrumbList","@id":"https:\/\/medicinasinc.com\/de\/product\/kaufen-fentanyl-transdermales-system-pflaster\/#breadcrumb","itemListElement":[{"@type":"ListItem","position":1,"name":"Einkaufen","item":"https:\/\/medicinasinc.com\/de\/einkaufen\/"},{"@type":"ListItem","position":2,"name":"Kaufen Sie Fentanyl Transdermal System Patch"}]},{"@type":"WebSite","@id":"https:\/\/medicinasinc.com\/de\/#website","url":"https:\/\/medicinasinc.com\/de\/","name":"Medicinas Inc","description":"Health Medical Clinic","potentialAction":[{"@type":"SearchAction","target":{"@type":"EntryPoint","urlTemplate":"https:\/\/medicinasinc.com\/de\/?s={search_term_string}"},"query-input":{"@type":"PropertyValueSpecification","valueRequired":true,"valueName":"search_term_string"}}],"inLanguage":"de"}]}},"_links":{"self":[{"href":"https:\/\/medicinasinc.com\/de\/wp-json\/wp\/v2\/product\/5182","targetHints":{"allow":["GET"]}}],"collection":[{"href":"https:\/\/medicinasinc.com\/de\/wp-json\/wp\/v2\/product"}],"about":[{"href":"https:\/\/medicinasinc.com\/de\/wp-json\/wp\/v2\/types\/product"}],"replies":[{"embeddable":true,"href":"https:\/\/medicinasinc.com\/de\/wp-json\/wp\/v2\/comments?post=5182"}],"wp:featuredmedia":[{"embeddable":true,"href":"https:\/\/medicinasinc.com\/de\/wp-json\/wp\/v2\/media\/5199"}],"wp:attachment":[{"href":"https:\/\/medicinasinc.com\/de\/wp-json\/wp\/v2\/media?parent=5182"}],"wp:term":[{"taxonomy":"product_brand","embeddable":true,"href":"https:\/\/medicinasinc.com\/de\/wp-json\/wp\/v2\/product_brand?post=5182"},{"taxonomy":"product_cat","embeddable":true,"href":"https:\/\/medicinasinc.com\/de\/wp-json\/wp\/v2\/product_cat?post=5182"},{"taxonomy":"product_tag","embeddable":true,"href":"https:\/\/medicinasinc.com\/de\/wp-json\/wp\/v2\/product_tag?post=5182"}],"curies":[{"name":"wp","href":"https:\/\/api.w.org\/{rel}","templated":true}]}}