{"id":5149,"date":"2022-02-20T21:05:49","date_gmt":"2022-02-20T21:05:49","guid":{"rendered":"https:\/\/medicinasinc.com\/de\/?post_type=product&#038;p=5149"},"modified":"2022-03-18T00:29:42","modified_gmt":"2022-03-18T00:29:42","slug":"kaufen-codein-sulfat-30-mg","status":"publish","type":"product","link":"https:\/\/medicinasinc.com\/de\/product\/kaufen-codein-sulfat-30-mg\/","title":{"rendered":"Kaufen Sie Codeinsulfat 30 mg"},"content":{"rendered":"<p>Online-Kauf von 30\u00a0mg Codeinphosphat<\/p>\n<p>Codein\u00a0(Phosphat)\u00a030\u00a0mg\u00a0Pillen\/Tabletten:<\/p>\n<p>Codein\u00a0(Phosphat) heilt Schmerzen oder Husten. Dieses Medikament ist ein Husten- und Schmerzmittel in einem und ein narkotisches Schmerzmittel.<\/p>\n<p>Sie k\u00f6nnen Codeinphosphat 30 mg im Internet kaufen und es \u00fcber Nacht per FedEx an Ihre Haust\u00fcr liefern lassen, ohne dass ein Rezept erforderlich ist, da solange Sie sich in den USA aufhalten.<\/p>\n<p>Codeinphosphat 30 mg ist online erh\u00e4ltlich, mit schneller, sicherer und r\u00fcckverfolgbarer Lieferung f\u00fcr alle Eink\u00e4ufe. Jetzt ist es an der Zeit, Codeinphosphat online zu kaufen.<\/p>\n<p>Codeinphosphat-Tabletten (30 mg). Codein ist ein starkes Analgetikum, das nur auf \u00e4rztliche Verschreibung erh\u00e4ltlich ist. Ein starkes Opiat und Narkotikum, das gut wirkt. Bestellen\u00a0..<\/p>\n<p>frei verk\u00e4ufliche Beruhigungsmittel Derzeit auf dem Markt. Codein ist ein Schmerzmittel, das zur Behandlung oder Vorbeugung m\u00e4\u00dfiger bis schwerer Beschwerden eingesetzt werden kann. Es kann auch verwendet werden, um eine Vielzahl von Beschwerden zu behandeln. Codein ist ohne Rezept zu einem sehr g\u00fcnstigen Preis online erh\u00e4ltlich.<\/p>\n","protected":false},"excerpt":{"rendered":"<p>Codein\u00a0(Phosphat)\u00a030\u00a0mg\u00a0Pillen\/Tabletten: Codein (Phosphat) wird verwendet, um Husten und Schmerzen zu lindern. Dieses Medikament ist ein Husten- und Schmerzmittel in einem und ein narkotisches Schmerzmittel.<\/p>\n<p>Sie k\u00f6nnen Codeinphosphat 30 mg im Internet kaufen und es \u00fcber Nacht per FedEx an Ihre Haust\u00fcr liefern lassen, ohne dass ein Rezept erforderlich ist, da solange Sie sich in den USA befinden.<\/p>\n<p>Codeinphosphat 30 mg ist online erh\u00e4ltlich, mit schneller, sicherer und r\u00fcckverfolgbarer Lieferung f\u00fcr alle Eink\u00e4ufe. Jetzt ist es an der Zeit, Codeinphosphat online zu kaufen.<\/p>\n<p>Codeinphosphat-Tabletten (30 mg). Codein ist ein starkes Analgetikum, das nur auf \u00e4rztliche Verschreibung erh\u00e4ltlich ist. Ein starkes Opiat und Narkotikum, das gut wirkt. Bestellen\u00a0..<\/p>\n<p>frei verk\u00e4ufliche Beruhigungsmittel Derzeit auf dem Markt. Codein ist ein Schmerzmittel, das zur Behandlung oder Vorbeugung m\u00e4\u00dfiger bis schwerer Beschwerden eingesetzt werden kann. Es kann auch verwendet werden, um eine Vielzahl von Beschwerden zu behandeln. Codein ist ohne Rezept zu einem sehr g\u00fcnstigen Preis online erh\u00e4ltlich.<\/p>\n","protected":false},"featured_media":5166,"comment_status":"open","ping_status":"closed","template":"","meta":[],"product_brand":[],"product_cat":[1117],"product_tag":[],"class_list":{"0":"post-5149","1":"product","2":"type-product","3":"status-publish","4":"has-post-thumbnail","6":"product_cat-kaufen-sie-schmerz-schlaf-und-sexpillen","8":"first","9":"instock","10":"shipping-taxable","11":"purchasable","12":"product-type-variable","13":"has-default-attributes"},"yoast_head":"<!-- This site is optimized with the Yoast SEO plugin v27.3 - https:\/\/yoast.com\/product\/yoast-seo-wordpress\/ -->\n<title>Kaufen Sie Codeinsulfat 30 mg - Best Best Global Meds<\/title>\n<meta name=\"description\" content=\"Kaufen Sie Codeinsulfat 30 mg online, Versand \u00fcber Nacht, Markenmedikamente, Lieferung per FedEx, DPD, keine Rezepte erforderlich, Lieferung in die USA, Gro\u00dfbritannien und Europa.\" \/>\n<meta name=\"robots\" content=\"index, follow, max-snippet:-1, max-image-preview:large, max-video-preview:-1\" \/>\n<link rel=\"canonical\" href=\"https:\/\/medicinasinc.com\/de\/product\/kaufen-codein-sulfat-30-mg\/\" \/>\n<meta property=\"og:locale\" content=\"de_DE\" \/>\n<meta property=\"og:type\" content=\"article\" \/>\n<meta property=\"og:title\" content=\"Kaufen Sie Codeinsulfat 30 mg - Best Best Global Meds\" \/>\n<meta property=\"og:description\" content=\"Kaufen Sie Codeinsulfat 30 mg online, Versand \u00fcber Nacht, Markenmedikamente, Lieferung per FedEx, DPD, keine Rezepte erforderlich, Lieferung in die USA, Gro\u00dfbritannien und Europa.\" \/>\n<meta property=\"og:url\" content=\"https:\/\/medicinasinc.com\/de\/product\/kaufen-codein-sulfat-30-mg\/\" \/>\n<meta property=\"og:site_name\" content=\"Medicinas Inc\" \/>\n<meta property=\"article:modified_time\" content=\"2022-03-18T00:29:42+00:00\" \/>\n<meta property=\"og:image\" content=\"https:\/\/medicinasinc.com\/de\/wp-content\/uploads\/sites\/6\/2022\/02\/buy-codeine-sulfate-30mg-online.jpg\" \/>\n\t<meta property=\"og:image:width\" content=\"600\" \/>\n\t<meta property=\"og:image:height\" content=\"600\" \/>\n\t<meta property=\"og:image:type\" content=\"image\/jpeg\" \/>\n<meta name=\"twitter:card\" content=\"summary_large_image\" \/>\n<meta name=\"twitter:label1\" content=\"Gesch\u00e4tzte Lesezeit\" \/>\n\t<meta name=\"twitter:data1\" content=\"1\u00a0Minute\" \/>\n<script type=\"application\/ld+json\" class=\"yoast-schema-graph\">{\"@context\":\"https:\\\/\\\/schema.org\",\"@graph\":[{\"@type\":\"WebPage\",\"@id\":\"https:\\\/\\\/medicinasinc.com\\\/de\\\/product\\\/kaufen-codein-sulfat-30-mg\\\/\",\"url\":\"https:\\\/\\\/medicinasinc.com\\\/de\\\/product\\\/kaufen-codein-sulfat-30-mg\\\/\",\"name\":\"Kaufen Sie Codeinsulfat 30 mg - Best Best Global Meds\",\"isPartOf\":{\"@id\":\"https:\\\/\\\/medicinasinc.com\\\/de\\\/#website\"},\"primaryImageOfPage\":{\"@id\":\"https:\\\/\\\/medicinasinc.com\\\/de\\\/product\\\/kaufen-codein-sulfat-30-mg\\\/#primaryimage\"},\"image\":{\"@id\":\"https:\\\/\\\/medicinasinc.com\\\/de\\\/product\\\/kaufen-codein-sulfat-30-mg\\\/#primaryimage\"},\"thumbnailUrl\":\"https:\\\/\\\/medicinasinc.com\\\/de\\\/wp-content\\\/uploads\\\/sites\\\/6\\\/2022\\\/02\\\/buy-codeine-sulfate-30mg-online.jpg\",\"datePublished\":\"2022-02-20T21:05:49+00:00\",\"dateModified\":\"2022-03-18T00:29:42+00:00\",\"description\":\"Kaufen Sie Codeinsulfat 30 mg online, Versand \u00fcber Nacht, Markenmedikamente, Lieferung per FedEx, DPD, keine Rezepte erforderlich, Lieferung in die USA, Gro\u00dfbritannien und Europa.\",\"breadcrumb\":{\"@id\":\"https:\\\/\\\/medicinasinc.com\\\/de\\\/product\\\/kaufen-codein-sulfat-30-mg\\\/#breadcrumb\"},\"inLanguage\":\"de\",\"potentialAction\":[{\"@type\":\"ReadAction\",\"target\":[\"https:\\\/\\\/medicinasinc.com\\\/de\\\/product\\\/kaufen-codein-sulfat-30-mg\\\/\"]}]},{\"@type\":\"ImageObject\",\"inLanguage\":\"de\",\"@id\":\"https:\\\/\\\/medicinasinc.com\\\/de\\\/product\\\/kaufen-codein-sulfat-30-mg\\\/#primaryimage\",\"url\":\"https:\\\/\\\/medicinasinc.com\\\/de\\\/wp-content\\\/uploads\\\/sites\\\/6\\\/2022\\\/02\\\/buy-codeine-sulfate-30mg-online.jpg\",\"contentUrl\":\"https:\\\/\\\/medicinasinc.com\\\/de\\\/wp-content\\\/uploads\\\/sites\\\/6\\\/2022\\\/02\\\/buy-codeine-sulfate-30mg-online.jpg\",\"width\":600,\"height\":600},{\"@type\":\"BreadcrumbList\",\"@id\":\"https:\\\/\\\/medicinasinc.com\\\/de\\\/product\\\/kaufen-codein-sulfat-30-mg\\\/#breadcrumb\",\"itemListElement\":[{\"@type\":\"ListItem\",\"position\":1,\"name\":\"Einkaufen\",\"item\":\"https:\\\/\\\/medicinasinc.com\\\/de\\\/einkaufen\\\/\"},{\"@type\":\"ListItem\",\"position\":2,\"name\":\"Kaufen Sie Codeinsulfat 30 mg\"}]},{\"@type\":\"WebSite\",\"@id\":\"https:\\\/\\\/medicinasinc.com\\\/de\\\/#website\",\"url\":\"https:\\\/\\\/medicinasinc.com\\\/de\\\/\",\"name\":\"Medicinas Inc\",\"description\":\"Health Medical Clinic\",\"potentialAction\":[{\"@type\":\"SearchAction\",\"target\":{\"@type\":\"EntryPoint\",\"urlTemplate\":\"https:\\\/\\\/medicinasinc.com\\\/de\\\/?s={search_term_string}\"},\"query-input\":{\"@type\":\"PropertyValueSpecification\",\"valueRequired\":true,\"valueName\":\"search_term_string\"}}],\"inLanguage\":\"de\"}]}<\/script>\n<!-- \/ Yoast SEO plugin. -->","yoast_head_json":{"title":"Kaufen Sie Codeinsulfat 30 mg - Best Best Global Meds","description":"Kaufen Sie Codeinsulfat 30 mg online, Versand \u00fcber Nacht, Markenmedikamente, Lieferung per FedEx, DPD, keine Rezepte erforderlich, Lieferung in die USA, Gro\u00dfbritannien und Europa.","robots":{"index":"index","follow":"follow","max-snippet":"max-snippet:-1","max-image-preview":"max-image-preview:large","max-video-preview":"max-video-preview:-1"},"canonical":"https:\/\/medicinasinc.com\/de\/product\/kaufen-codein-sulfat-30-mg\/","og_locale":"de_DE","og_type":"article","og_title":"Kaufen Sie Codeinsulfat 30 mg - Best Best Global Meds","og_description":"Kaufen Sie Codeinsulfat 30 mg online, Versand \u00fcber Nacht, Markenmedikamente, Lieferung per FedEx, DPD, keine Rezepte erforderlich, Lieferung in die USA, Gro\u00dfbritannien und Europa.","og_url":"https:\/\/medicinasinc.com\/de\/product\/kaufen-codein-sulfat-30-mg\/","og_site_name":"Medicinas Inc","article_modified_time":"2022-03-18T00:29:42+00:00","og_image":[{"width":600,"height":600,"url":"https:\/\/medicinasinc.com\/de\/wp-content\/uploads\/sites\/6\/2022\/02\/buy-codeine-sulfate-30mg-online.jpg","type":"image\/jpeg"}],"twitter_card":"summary_large_image","twitter_misc":{"Gesch\u00e4tzte Lesezeit":"1\u00a0Minute"},"schema":{"@context":"https:\/\/schema.org","@graph":[{"@type":"WebPage","@id":"https:\/\/medicinasinc.com\/de\/product\/kaufen-codein-sulfat-30-mg\/","url":"https:\/\/medicinasinc.com\/de\/product\/kaufen-codein-sulfat-30-mg\/","name":"Kaufen Sie Codeinsulfat 30 mg - Best Best Global Meds","isPartOf":{"@id":"https:\/\/medicinasinc.com\/de\/#website"},"primaryImageOfPage":{"@id":"https:\/\/medicinasinc.com\/de\/product\/kaufen-codein-sulfat-30-mg\/#primaryimage"},"image":{"@id":"https:\/\/medicinasinc.com\/de\/product\/kaufen-codein-sulfat-30-mg\/#primaryimage"},"thumbnailUrl":"https:\/\/medicinasinc.com\/de\/wp-content\/uploads\/sites\/6\/2022\/02\/buy-codeine-sulfate-30mg-online.jpg","datePublished":"2022-02-20T21:05:49+00:00","dateModified":"2022-03-18T00:29:42+00:00","description":"Kaufen Sie Codeinsulfat 30 mg online, Versand \u00fcber Nacht, Markenmedikamente, Lieferung per FedEx, DPD, keine Rezepte erforderlich, Lieferung in die USA, Gro\u00dfbritannien und Europa.","breadcrumb":{"@id":"https:\/\/medicinasinc.com\/de\/product\/kaufen-codein-sulfat-30-mg\/#breadcrumb"},"inLanguage":"de","potentialAction":[{"@type":"ReadAction","target":["https:\/\/medicinasinc.com\/de\/product\/kaufen-codein-sulfat-30-mg\/"]}]},{"@type":"ImageObject","inLanguage":"de","@id":"https:\/\/medicinasinc.com\/de\/product\/kaufen-codein-sulfat-30-mg\/#primaryimage","url":"https:\/\/medicinasinc.com\/de\/wp-content\/uploads\/sites\/6\/2022\/02\/buy-codeine-sulfate-30mg-online.jpg","contentUrl":"https:\/\/medicinasinc.com\/de\/wp-content\/uploads\/sites\/6\/2022\/02\/buy-codeine-sulfate-30mg-online.jpg","width":600,"height":600},{"@type":"BreadcrumbList","@id":"https:\/\/medicinasinc.com\/de\/product\/kaufen-codein-sulfat-30-mg\/#breadcrumb","itemListElement":[{"@type":"ListItem","position":1,"name":"Einkaufen","item":"https:\/\/medicinasinc.com\/de\/einkaufen\/"},{"@type":"ListItem","position":2,"name":"Kaufen Sie Codeinsulfat 30 mg"}]},{"@type":"WebSite","@id":"https:\/\/medicinasinc.com\/de\/#website","url":"https:\/\/medicinasinc.com\/de\/","name":"Medicinas Inc","description":"Health Medical Clinic","potentialAction":[{"@type":"SearchAction","target":{"@type":"EntryPoint","urlTemplate":"https:\/\/medicinasinc.com\/de\/?s={search_term_string}"},"query-input":{"@type":"PropertyValueSpecification","valueRequired":true,"valueName":"search_term_string"}}],"inLanguage":"de"}]}},"_links":{"self":[{"href":"https:\/\/medicinasinc.com\/de\/wp-json\/wp\/v2\/product\/5149","targetHints":{"allow":["GET"]}}],"collection":[{"href":"https:\/\/medicinasinc.com\/de\/wp-json\/wp\/v2\/product"}],"about":[{"href":"https:\/\/medicinasinc.com\/de\/wp-json\/wp\/v2\/types\/product"}],"replies":[{"embeddable":true,"href":"https:\/\/medicinasinc.com\/de\/wp-json\/wp\/v2\/comments?post=5149"}],"wp:featuredmedia":[{"embeddable":true,"href":"https:\/\/medicinasinc.com\/de\/wp-json\/wp\/v2\/media\/5166"}],"wp:attachment":[{"href":"https:\/\/medicinasinc.com\/de\/wp-json\/wp\/v2\/media?parent=5149"}],"wp:term":[{"taxonomy":"product_brand","embeddable":true,"href":"https:\/\/medicinasinc.com\/de\/wp-json\/wp\/v2\/product_brand?post=5149"},{"taxonomy":"product_cat","embeddable":true,"href":"https:\/\/medicinasinc.com\/de\/wp-json\/wp\/v2\/product_cat?post=5149"},{"taxonomy":"product_tag","embeddable":true,"href":"https:\/\/medicinasinc.com\/de\/wp-json\/wp\/v2\/product_tag?post=5149"}],"curies":[{"name":"wp","href":"https:\/\/api.w.org\/{rel}","templated":true}]}}