{"id":5148,"date":"2022-02-20T21:04:44","date_gmt":"2022-02-20T21:04:44","guid":{"rendered":"https:\/\/medicinasinc.com\/de\/?post_type=product&#038;p=5148"},"modified":"2022-08-03T08:32:18","modified_gmt":"2022-08-03T08:32:18","slug":"kaufen-bunex-0-2mg-buprenorphin","status":"publish","type":"product","link":"https:\/\/medicinasinc.com\/de\/product\/kaufen-bunex-0-2mg-buprenorphin\/","title":{"rendered":"Kaufen Sie Bunex 0,2 mg (Buprenorphin)"},"content":{"rendered":"<p>Bunex Buprenorphin-Pillen k\u00f6nnen \u00fcber das Internet gekauft werden.<\/p>\n<p>Wo bekomme ich Buprenorphin? Wo kann ich Buprenorphin rezeptfrei bekommen?<\/p>\n<p>Es ist ein halbsynthetisches Schmerzmittel, das aus den chemischen Verbindungen des nat\u00fcrlich vorkommenden Schlafmohns entwickelt wurde. Der Schlafmohn ist die Quelle der Chemikalie Thebain, die zur Herstellung von Buprenorphin verwendet wird. Da Buprenorphin halbsynthetisch ist, ist es ein synthetisches Opioid. Alle aus dem Schlafmohn gewonnenen Medikamente werden in der Medizin als Opioide bezeichnet. Opioide geh\u00f6ren zu den wirksamsten verf\u00fcgbaren Schmerzmitteln, deren Wirkung die der meisten anderen Medikamente bei weitem \u00fcbertrifft.<\/p>\n<p>In welchem \u200b\u200bSinne wirkt das Medikament Buprenorphin? Bezugsquellen f\u00fcr Buprenorphin<\/p>\n<p>Nachdem es in den Blutkreislauf aufgenommen wurde, hat Buprenorphin eine Wirkung auf das Nervensystem. Dies geschieht, wenn Buprenorphin in das Gehirn gelangt, wo es die Nervenenden blockiert, die Schmerzen \u00fcbertragen. Buprenorphin bek\u00e4mpft nicht die zugrunde liegende Ursache der Beschwerden des Patienten; vielmehr reduziert es ihre Wahrnehmung und erlaubt ihnen, sich zu entspannen.<\/p>\n<p>Den Menschen wird regelm\u00e4\u00dfig Buprenorphin verschrieben. Schmerzen durch Muskelkr\u00e4mpfe sind der h\u00e4ufigste Grund, warum Menschen Buprenorphin einnehmen. Wenn Sie jemals einen Krampf haben, sollten Sie Buprenorphin kaufen, um zu sehen, ob es Ihnen helfen kann, mit den Beschwerden fertig zu werden.<br \/>\nPatienten, die sich einer Operation unterzogen haben oder mit Knochenbr\u00fcchen fertig werden m\u00fcssen, wird Buprenorphin normalerweise von \u00c4rzten verschrieben. Buprenorphin hilft diesen Personen, ihre Schmerzen zu bew\u00e4ltigen, bis sie von der zugrunde liegenden Quelle ihrer Beschwerden geheilt sind.<\/p>\n<p>In welchem \u200b\u200bSinne wirkt das Medikament Buprenorphin? Bezugsquellen f\u00fcr Buprenorphin<\/p>\n<p>Das Unbehagen und die mentale St\u00e4rke einer Person haben gro\u00dfen Einfluss auf die Dosierung von Buprenorphin. Typischerweise sollte zuerst eine niedrige Dosis von 8 mg versucht werden, und wenn es nicht wirkt, sollte eine h\u00f6here Dosis von 16 mg versucht werden. Buprenorphin kann auf 24 mg erh\u00f6ht werden, selbst wenn 16 mg unwirksam sind. Wenn Sie vorhaben, Buprenorphin online ohne Rezept zu kaufen, gehen Sie im Allgemeinen nicht \u00fcber diese empfohlene Dosierung hinaus.<\/p>\n<p>In welchem \u200b\u200bSinne wirkt das Medikament Buprenorphin? Bezugsquellen f\u00fcr Buprenorphin<\/p>\n<p>F\u00fcr schwangere Frauen ist Buprenorphin keine geeignete Behandlung, da es einen erheblichen Einfluss auf das Fortpflanzungssystem von Frauen hat. Die Einnahme von Buprenorphin kann f\u00fcr manche Menschen, die empfindlich auf Opioide reagieren, gef\u00e4hrlich sein. Aufgrund der Gefahren der Anwendung von Buprenorphin f\u00fcr Krebspatienten sollten sie einen Arzt konsultieren, bevor sie Buprenorphin online kaufen.<\/p>\n<p>Zus\u00e4tzlich zu Schl\u00e4frigkeit, Tr\u00e4gheit, Schwindel, Kopfschmerzen und \u00dcbelkeit kann Buprenorphin eine Vielzahl anderer Nebenwirkungen verursachen . Dar\u00fcber hinaus kann es bei manchen Menschen zu einer Ver\u00e4nderung ihres Tastsinns kommen, in diesem Fall sollten sie einen Arzt aufsuchen.<\/p>\n<p>Die Wirkung von Buprenorphin<br \/>\nAnwendungen von Buprenorphin<br \/>\nNebenwirkungen zu Buprenorphin-Symptome der Buprenorphin-Sucht<\/p>\n","protected":false},"excerpt":{"rendered":"<p>Kaufen Sie Bunex 0,2 mg (Buprenorphin) zum Verkauf in Gro\u00dfbritannien, EU online in der Apotheke medicinasinc.com zu g\u00fcnstigen und erschwinglichen Preisen mit sicherem und schnellem Versand<\/p>\n<p>Kaufen Sie Bunex 0,2 mg (Buprenorphin) online &#8211; Aus Bestglobalmeds.com.com Online-Apotheke zu g\u00fcnstigen und erschwinglichen Preisen mit sicherem und schnellem Versand. Kontaktieren Sie uns unter info@medicinasinc.com<\/p>\n<p>Kaufen Sie Bunex 0,2 mg (Buprenorphin) online<\/p>\n<p>Bunex 0,2 mg (Buprenorphin) Preise online<\/p>\n<p>Bunex 0,2 mg (Buprenorphin) Preise<\/p>\n<p>&nbsp;<\/p>\n<p>kaufen Sie Bunex 0,2 mg (Buprenorphin)<\/p>\n","protected":false},"featured_media":5164,"comment_status":"open","ping_status":"closed","template":"","meta":[],"product_brand":[],"product_cat":[1117],"product_tag":[4176,4177,4178,4179,4175,1241,1242,1243,1245,4180,1246],"class_list":{"0":"post-5148","1":"product","2":"type-product","3":"status-publish","4":"has-post-thumbnail","6":"product_cat-kaufen-sie-schmerz-schlaf-und-sexpillen","7":"product_tag-2-mg-von-safe-pharma","8":"product_tag-20-mg","9":"product_tag-20-mg-online","10":"product_tag-20-mg-und-steroide","11":"product_tag-bunex-buprenorphin-0","12":"product_tag-bunex-buprenorphin-8mg","13":"product_tag-bunex-buprenorphin-online","14":"product_tag-bunex-buprenorphin","15":"product_tag-cbt-pharmaceuticals-shop-schmerzmittel-bunex-buprenorphin-20-mg","16":"product_tag-kaufen-sie-buprenorphin-bunex-0","17":"product_tag-tramapartramadol-hcl-paracetamol-preis-3-kaufen-online-bunexbuprenorphin","19":"first","20":"instock","21":"shipping-taxable","22":"purchasable","23":"product-type-variable","24":"has-default-attributes"},"yoast_head":"<!-- This site is optimized with the Yoast SEO plugin v27.3 - https:\/\/yoast.com\/product\/yoast-seo-wordpress\/ -->\n<title>Kaufen Sie Bunex 0,2 mg (Buprenorphin) - Researchem<\/title>\n<meta name=\"description\" content=\"Kaufen Sie Bunex 0,2 mg (Buprenorphin) zum Verkauf in Gro\u00dfbritannien, EU online in der Apotheke medicinasinc.com zu g\u00fcnstigen und erschwinglichen Preisen mit sicherem und schnellem Versand\" \/>\n<meta name=\"robots\" content=\"index, follow, max-snippet:-1, max-image-preview:large, max-video-preview:-1\" \/>\n<link rel=\"canonical\" href=\"https:\/\/medicinasinc.com\/de\/product\/kaufen-bunex-0-2mg-buprenorphin\/\" \/>\n<meta property=\"og:locale\" content=\"de_DE\" \/>\n<meta property=\"og:type\" content=\"article\" \/>\n<meta property=\"og:title\" content=\"Kaufen Sie Bunex 0,2 mg (Buprenorphin) - Researchem\" \/>\n<meta property=\"og:description\" content=\"Kaufen Sie Bunex 0,2 mg (Buprenorphin) zum Verkauf in Gro\u00dfbritannien, EU online in der Apotheke medicinasinc.com zu g\u00fcnstigen und erschwinglichen Preisen mit sicherem und schnellem Versand\" \/>\n<meta property=\"og:url\" content=\"https:\/\/medicinasinc.com\/de\/product\/kaufen-bunex-0-2mg-buprenorphin\/\" \/>\n<meta property=\"og:site_name\" content=\"Medicinas Inc\" \/>\n<meta property=\"article:modified_time\" content=\"2022-08-03T08:32:18+00:00\" \/>\n<meta property=\"og:image\" content=\"https:\/\/medicinasinc.com\/de\/wp-content\/uploads\/sites\/6\/2022\/02\/Buy-Bunex-0.2mg.jpg\" \/>\n\t<meta property=\"og:image:width\" content=\"600\" \/>\n\t<meta property=\"og:image:height\" content=\"600\" \/>\n\t<meta property=\"og:image:type\" content=\"image\/jpeg\" \/>\n<meta name=\"twitter:card\" content=\"summary_large_image\" \/>\n<meta name=\"twitter:label1\" content=\"Gesch\u00e4tzte Lesezeit\" \/>\n\t<meta name=\"twitter:data1\" content=\"2\u00a0Minuten\" \/>\n<script type=\"application\/ld+json\" class=\"yoast-schema-graph\">{\"@context\":\"https:\\\/\\\/schema.org\",\"@graph\":[{\"@type\":\"WebPage\",\"@id\":\"https:\\\/\\\/medicinasinc.com\\\/de\\\/product\\\/kaufen-bunex-0-2mg-buprenorphin\\\/\",\"url\":\"https:\\\/\\\/medicinasinc.com\\\/de\\\/product\\\/kaufen-bunex-0-2mg-buprenorphin\\\/\",\"name\":\"Kaufen Sie Bunex 0,2 mg (Buprenorphin) - Researchem\",\"isPartOf\":{\"@id\":\"https:\\\/\\\/medicinasinc.com\\\/de\\\/#website\"},\"primaryImageOfPage\":{\"@id\":\"https:\\\/\\\/medicinasinc.com\\\/de\\\/product\\\/kaufen-bunex-0-2mg-buprenorphin\\\/#primaryimage\"},\"image\":{\"@id\":\"https:\\\/\\\/medicinasinc.com\\\/de\\\/product\\\/kaufen-bunex-0-2mg-buprenorphin\\\/#primaryimage\"},\"thumbnailUrl\":\"https:\\\/\\\/medicinasinc.com\\\/de\\\/wp-content\\\/uploads\\\/sites\\\/6\\\/2022\\\/02\\\/Buy-Bunex-0.2mg.jpg\",\"datePublished\":\"2022-02-20T21:04:44+00:00\",\"dateModified\":\"2022-08-03T08:32:18+00:00\",\"description\":\"Kaufen Sie Bunex 0,2 mg (Buprenorphin) zum Verkauf in Gro\u00dfbritannien, EU online in der Apotheke medicinasinc.com zu g\u00fcnstigen und erschwinglichen Preisen mit sicherem und schnellem Versand\",\"breadcrumb\":{\"@id\":\"https:\\\/\\\/medicinasinc.com\\\/de\\\/product\\\/kaufen-bunex-0-2mg-buprenorphin\\\/#breadcrumb\"},\"inLanguage\":\"de\",\"potentialAction\":[{\"@type\":\"ReadAction\",\"target\":[\"https:\\\/\\\/medicinasinc.com\\\/de\\\/product\\\/kaufen-bunex-0-2mg-buprenorphin\\\/\"]}]},{\"@type\":\"ImageObject\",\"inLanguage\":\"de\",\"@id\":\"https:\\\/\\\/medicinasinc.com\\\/de\\\/product\\\/kaufen-bunex-0-2mg-buprenorphin\\\/#primaryimage\",\"url\":\"https:\\\/\\\/medicinasinc.com\\\/de\\\/wp-content\\\/uploads\\\/sites\\\/6\\\/2022\\\/02\\\/Buy-Bunex-0.2mg.jpg\",\"contentUrl\":\"https:\\\/\\\/medicinasinc.com\\\/de\\\/wp-content\\\/uploads\\\/sites\\\/6\\\/2022\\\/02\\\/Buy-Bunex-0.2mg.jpg\",\"width\":600,\"height\":600},{\"@type\":\"BreadcrumbList\",\"@id\":\"https:\\\/\\\/medicinasinc.com\\\/de\\\/product\\\/kaufen-bunex-0-2mg-buprenorphin\\\/#breadcrumb\",\"itemListElement\":[{\"@type\":\"ListItem\",\"position\":1,\"name\":\"Einkaufen\",\"item\":\"https:\\\/\\\/medicinasinc.com\\\/de\\\/einkaufen\\\/\"},{\"@type\":\"ListItem\",\"position\":2,\"name\":\"Kaufen Sie Bunex 0,2 mg (Buprenorphin)\"}]},{\"@type\":\"WebSite\",\"@id\":\"https:\\\/\\\/medicinasinc.com\\\/de\\\/#website\",\"url\":\"https:\\\/\\\/medicinasinc.com\\\/de\\\/\",\"name\":\"Medicinas Inc\",\"description\":\"Health Medical Clinic\",\"potentialAction\":[{\"@type\":\"SearchAction\",\"target\":{\"@type\":\"EntryPoint\",\"urlTemplate\":\"https:\\\/\\\/medicinasinc.com\\\/de\\\/?s={search_term_string}\"},\"query-input\":{\"@type\":\"PropertyValueSpecification\",\"valueRequired\":true,\"valueName\":\"search_term_string\"}}],\"inLanguage\":\"de\"}]}<\/script>\n<!-- \/ Yoast SEO plugin. -->","yoast_head_json":{"title":"Kaufen Sie Bunex 0,2 mg (Buprenorphin) - Researchem","description":"Kaufen Sie Bunex 0,2 mg (Buprenorphin) zum Verkauf in Gro\u00dfbritannien, EU online in der Apotheke medicinasinc.com zu g\u00fcnstigen und erschwinglichen Preisen mit sicherem und schnellem Versand","robots":{"index":"index","follow":"follow","max-snippet":"max-snippet:-1","max-image-preview":"max-image-preview:large","max-video-preview":"max-video-preview:-1"},"canonical":"https:\/\/medicinasinc.com\/de\/product\/kaufen-bunex-0-2mg-buprenorphin\/","og_locale":"de_DE","og_type":"article","og_title":"Kaufen Sie Bunex 0,2 mg (Buprenorphin) - Researchem","og_description":"Kaufen Sie Bunex 0,2 mg (Buprenorphin) zum Verkauf in Gro\u00dfbritannien, EU online in der Apotheke medicinasinc.com zu g\u00fcnstigen und erschwinglichen Preisen mit sicherem und schnellem Versand","og_url":"https:\/\/medicinasinc.com\/de\/product\/kaufen-bunex-0-2mg-buprenorphin\/","og_site_name":"Medicinas Inc","article_modified_time":"2022-08-03T08:32:18+00:00","og_image":[{"width":600,"height":600,"url":"https:\/\/medicinasinc.com\/de\/wp-content\/uploads\/sites\/6\/2022\/02\/Buy-Bunex-0.2mg.jpg","type":"image\/jpeg"}],"twitter_card":"summary_large_image","twitter_misc":{"Gesch\u00e4tzte Lesezeit":"2\u00a0Minuten"},"schema":{"@context":"https:\/\/schema.org","@graph":[{"@type":"WebPage","@id":"https:\/\/medicinasinc.com\/de\/product\/kaufen-bunex-0-2mg-buprenorphin\/","url":"https:\/\/medicinasinc.com\/de\/product\/kaufen-bunex-0-2mg-buprenorphin\/","name":"Kaufen Sie Bunex 0,2 mg (Buprenorphin) - Researchem","isPartOf":{"@id":"https:\/\/medicinasinc.com\/de\/#website"},"primaryImageOfPage":{"@id":"https:\/\/medicinasinc.com\/de\/product\/kaufen-bunex-0-2mg-buprenorphin\/#primaryimage"},"image":{"@id":"https:\/\/medicinasinc.com\/de\/product\/kaufen-bunex-0-2mg-buprenorphin\/#primaryimage"},"thumbnailUrl":"https:\/\/medicinasinc.com\/de\/wp-content\/uploads\/sites\/6\/2022\/02\/Buy-Bunex-0.2mg.jpg","datePublished":"2022-02-20T21:04:44+00:00","dateModified":"2022-08-03T08:32:18+00:00","description":"Kaufen Sie Bunex 0,2 mg (Buprenorphin) zum Verkauf in Gro\u00dfbritannien, EU online in der Apotheke medicinasinc.com zu g\u00fcnstigen und erschwinglichen Preisen mit sicherem und schnellem Versand","breadcrumb":{"@id":"https:\/\/medicinasinc.com\/de\/product\/kaufen-bunex-0-2mg-buprenorphin\/#breadcrumb"},"inLanguage":"de","potentialAction":[{"@type":"ReadAction","target":["https:\/\/medicinasinc.com\/de\/product\/kaufen-bunex-0-2mg-buprenorphin\/"]}]},{"@type":"ImageObject","inLanguage":"de","@id":"https:\/\/medicinasinc.com\/de\/product\/kaufen-bunex-0-2mg-buprenorphin\/#primaryimage","url":"https:\/\/medicinasinc.com\/de\/wp-content\/uploads\/sites\/6\/2022\/02\/Buy-Bunex-0.2mg.jpg","contentUrl":"https:\/\/medicinasinc.com\/de\/wp-content\/uploads\/sites\/6\/2022\/02\/Buy-Bunex-0.2mg.jpg","width":600,"height":600},{"@type":"BreadcrumbList","@id":"https:\/\/medicinasinc.com\/de\/product\/kaufen-bunex-0-2mg-buprenorphin\/#breadcrumb","itemListElement":[{"@type":"ListItem","position":1,"name":"Einkaufen","item":"https:\/\/medicinasinc.com\/de\/einkaufen\/"},{"@type":"ListItem","position":2,"name":"Kaufen Sie Bunex 0,2 mg (Buprenorphin)"}]},{"@type":"WebSite","@id":"https:\/\/medicinasinc.com\/de\/#website","url":"https:\/\/medicinasinc.com\/de\/","name":"Medicinas Inc","description":"Health Medical Clinic","potentialAction":[{"@type":"SearchAction","target":{"@type":"EntryPoint","urlTemplate":"https:\/\/medicinasinc.com\/de\/?s={search_term_string}"},"query-input":{"@type":"PropertyValueSpecification","valueRequired":true,"valueName":"search_term_string"}}],"inLanguage":"de"}]}},"_links":{"self":[{"href":"https:\/\/medicinasinc.com\/de\/wp-json\/wp\/v2\/product\/5148","targetHints":{"allow":["GET"]}}],"collection":[{"href":"https:\/\/medicinasinc.com\/de\/wp-json\/wp\/v2\/product"}],"about":[{"href":"https:\/\/medicinasinc.com\/de\/wp-json\/wp\/v2\/types\/product"}],"replies":[{"embeddable":true,"href":"https:\/\/medicinasinc.com\/de\/wp-json\/wp\/v2\/comments?post=5148"}],"wp:featuredmedia":[{"embeddable":true,"href":"https:\/\/medicinasinc.com\/de\/wp-json\/wp\/v2\/media\/5164"}],"wp:attachment":[{"href":"https:\/\/medicinasinc.com\/de\/wp-json\/wp\/v2\/media?parent=5148"}],"wp:term":[{"taxonomy":"product_brand","embeddable":true,"href":"https:\/\/medicinasinc.com\/de\/wp-json\/wp\/v2\/product_brand?post=5148"},{"taxonomy":"product_cat","embeddable":true,"href":"https:\/\/medicinasinc.com\/de\/wp-json\/wp\/v2\/product_cat?post=5148"},{"taxonomy":"product_tag","embeddable":true,"href":"https:\/\/medicinasinc.com\/de\/wp-json\/wp\/v2\/product_tag?post=5148"}],"curies":[{"name":"wp","href":"https:\/\/api.w.org\/{rel}","templated":true}]}}