{"id":5125,"date":"2022-02-20T20:43:45","date_gmt":"2022-02-20T20:43:45","guid":{"rendered":"https:\/\/medicinasinc.com\/de\/?post_type=product&#038;p=5125"},"modified":"2022-03-18T00:30:01","modified_gmt":"2022-03-18T00:30:01","slug":"kaufen-ativan-0-5mg-1mg-2mg","status":"publish","type":"product","link":"https:\/\/medicinasinc.com\/de\/product\/kaufen-ativan-0-5mg-1mg-2mg\/","title":{"rendered":"Kaufen Sie Ativan 0,5 mg, 1 mg, 2 mg"},"content":{"rendered":"<p>Der beste Ort, um Ativan zu kaufen, ist das Internet. Was genau ist Lorazepam und wie wirkt es?<br \/> Um Ativan online zu kaufen, klicken Sie hier. Die Benzodiazepine, zu denen auch Lorazepam geh\u00f6rt, sind eine Klasse von Medikamenten. Es wird angenommen, dass Lorazepam wirksam ist, indem es die Aktivit\u00e4t bestimmter Neurotransmitter im Gehirn erh\u00f6ht.<\/p>\n<p>Zur Linderung von Angstzust\u00e4nden und Krampfanf\u00e4llen wird Lorazepam verschrieben.<\/p>\n<p>Der Kauf von Lorazepam im Internet oder bei a Quelle au\u00dferhalb der Vereinigten Staaten ist voller Gefahren. Arzneimittel, die in anderen L\u00e4ndern als den Vereinigten Staaten verkauft und vertrieben werden, erf\u00fcllen nicht die FDA-Anforderungen zur sicheren Anwendung (FDA). Es ist m\u00f6glich, dass diese Pillen nicht aus einer legalen Apotheke stammen oder sch\u00e4dliche Substanzen enthalten.<\/p>\n<p>Bitte lesen Sie dies sorgf\u00e4ltig durch.<br \/> Wenn Sie Myasthenia gravis, Engwinkelglaukom, schwere respiratorische Insuffizienz oder eine Allergie gegen Valium oder ein vergleichbares Medikament haben, sollten Sie auf die Einnahme von Lorazepam verzichten.<\/p>\n<p>Das Medikament Lorazepam sollte nicht von schwangeren Frauen eingenommen werden. Wenn dieses Medikament einem Baby verabreicht wird, kann es schwerwiegende Geburtsanomalien oder lebensbedrohliche Entzugserscheinungen hervorrufen.<\/p>\n<p>Nur diejenigen, denen Lorazepam gegeben wurde, sollten es einnehmen, da es zur Gewohnheit werden kann. Drogenmissbrauch kann zu Sucht, \u00dcberdosierung oder Tod f\u00fchren, wenn das Medikament in irgendeiner Weise missbraucht wird. Personen mit einer Vorgeschichte von Drogenmissbrauch oder -abh\u00e4ngigkeit sollten dieses Medikament niemals erhalten. Stellen Sie sicher, dass das Medikament an einem sicheren Ort aufbewahrt wird, an dem andere keinen Zugriff darauf haben.<\/p>\n<p>Wenn Sie Lorazepam zusammen mit Alkohol, Opioiden oder anderen Medikamenten einnehmen, die Sie schl\u00e4frig machen oder Ihre Atmung verlangsamen, kann dies t\u00f6dlich sein Nebenwirkungen.<\/p>\n<p>Bitte konsultieren Sie vor der Anwendung von Medikamenten Ihren Arzt.<br \/> Die folgenden Erkrankungen erfordern ein sofortiges Absetzen der Behandlung mit Lorazepam<\/p>\n<p>Glaukom mit engem Winkel; oder<\/p>\n<p>Eine Geschichte von Benzodiazepin-Allergien (Diazepam, Alprazolam, Ativan, Klonopin, Restoril, Tranxene, Valium, Versed, Xanax und andere).<\/p>\n<p>Wenn Sie eines der folgenden haben Erkrankungen, sollten Sie Lorazepam nicht einnehmen:<\/p>\n<p>COPD (chronisch obstruktive Lungenerkrankung) oder Schlafapnoe (Atempausen w\u00e4hrend des Schlafens) sind Beispiele f\u00fcr Atemprobleme.<\/p>\n<p>Abh\u00e4ngigkeit von Drogen oder Alkohol <\/p>\n<p>Symptome von Traurigkeit, niedergeschlagener Stimmung oder Selbstmordgedanken oder -handlungen<\/p>\n<p>Nieren- oder Lebererkrankungen<\/p>\n<p>unwillk\u00fcrliche Kr\u00e4mpfe<\/p>\n<p>Glaukom. <\/p>\n<p>Die Anwendung von Lorazepam w\u00e4hrend der Schwangerschaft erh\u00f6ht das Risiko, dass Ihr Kind von dem Medikament abh\u00e4ngig wird. Nach der Geburt kann es dadurch beim Neugeborenen zu lebensbedrohlichen Entzugserscheinungen kommen. Bei Babys, die abh\u00e4ngig von Suchtmitteln geboren werden, kann eine mehrw\u00f6chige medizinische Versorgung erforderlich sein.<\/p>\n<p>Muss ich Lorazepam auf eine bestimmte Weise einnehmen?<br \/> Lorazepam sollte genau wie verschrieben angewendet werden. Lesen Sie alle Medikamentenempfehlungen und Anweisungen auf dem Rezeptetikett. Befolgen Sie bei der Einnahme von Lorazepam immer die Anweisungen Ihres Arztes. Je h\u00e4ufiger Sie dieses Arzneimittel anwenden, desto wahrscheinlicher ist es, dass Sie Ihren Arzt dar\u00fcber informieren m\u00fcssen.<\/p>\n<p>Lorazepam kann s\u00fcchtig machen. Missbrauch kann zu Sucht, \u00dcberdosierung oder sogar zum Tod f\u00fchren. Entsorgen Sie das Medikament an einem Ort au\u00dferhalb der Reichweite anderer. Es ist ein Verbrechen, dieses Medikament zu verteilen oder zu verkaufen.<\/p>\n<p>Fl\u00fcssige Medikamente sorgf\u00e4ltig abmessen. Besorgen Sie sich ein Dosismessger\u00e4t oder verwenden Sie die mitgelieferte Spritze (keinen K\u00fcchenl\u00f6ffel).<\/p>\n<p>Sofern von Ihrem Arzt nicht anders verordnet, nehmen Sie Lorazepam nicht l\u00e4nger als vier Monate am St\u00fcck ein. Wenn sich Ihre Symptome nicht bessern oder verschlechtern, wenden Sie sich an Ihren Arzt.<\/p>\n<p>Wenn Sie dieses Medikament langfristig einnehmen, ben\u00f6tigen Sie m\u00f6glicherweise regelm\u00e4\u00dfige \u00e4rztliche Untersuchungen.<\/p>\n<p>Wenn Sie pl\u00f6tzlich aufh\u00f6ren Wenn Sie dieses Medikament einnehmen, laufen Sie Gefahr, unangenehme Nebenwirkungen zu bekommen. Vereinbaren Sie einen Termin mit Ihrem Arzt, um zu erfahren, wie Sie die Einnahme dieses Medikaments beenden k\u00f6nnen.<\/p>\n<p>Nicht Feuchtigkeit oder hohen Temperaturen aussetzen; bei Raumtemperatur lagern.<\/p>\n<p>Lorazepam-Fl\u00fcssigkeit zur Langzeitlagerung im K\u00fchlschrank lagern. Nicht halten Fl\u00fcssigkeiten, die nicht innerhalb von 90 Tagen verbraucht wurden.<\/p>\n<p>F\u00fchren Sie Aufzeichnungen \u00fcber Ihre Medikamente. Sie sollten nach Personen Ausschau halten, die sie missbrauchen oder missbrauchen.<\/p>\n","protected":false},"excerpt":{"rendered":"<p>Lorazepam 0,5 mg, 1 mg, 2 mg Online-Preise, ativan 2mg online kaufen, Lorazepam Tabletten online kaufen.<\/p>\n<p>Tramadol 50mg hoher Online-Preis von Lorazepam (Ativan) 2mg Tablette. Es wird auch bei der Behandlung von Angstzust\u00e4nden eingesetzt.<\/p>\n<p>Pillen\/Tabletten von Lorazepam (Ativan) 2 mg<\/p>\n<p>Angst, Traurigkeit und Schlaflosigkeit sind h\u00e4ufige Nebenwirkungen des Angstmedikaments Ativan ( Lorazepam) (Schlafst\u00f6rungen). Es ist eine Art Benzodiazepin.<\/p>\n<p>Ohne Rezept k\u00f6nnen Sie Lorazepam 2mg Tabletten online kaufen (kein RX).<\/p>\n","protected":false},"featured_media":5144,"comment_status":"open","ping_status":"closed","template":"","meta":[],"product_brand":[],"product_cat":[1117],"product_tag":[1195,1196,1199,1197,1198,1204,1203,1205,1206,1200,1201,1202,1207,1208,1224,1210,1213,1211,1212,1216,1217,1222,1223,1214,1215,1218,1220,1219,1221,1209,1226,1225,1227,1228,1229,1230,1231,1232,1235,1234,1233,1236],"class_list":{"0":"post-5125","1":"product","2":"type-product","3":"status-publish","4":"has-post-thumbnail","6":"product_cat-kaufen-sie-schmerz-schlaf-und-sexpillen","7":"product_tag-ativan-1-mg-sublingualtabletten","8":"product_tag-ativan-1-mg-tabletten","9":"product_tag-ativan-1mg-tablette-nebenwirkungen","10":"product_tag-ativan-1-tab","11":"product_tag-ativan-1mg-tablet-dose","12":"product_tag-ativan-2mg-nebenwirkungen","13":"product_tag-ativan-2mg-pille","14":"product_tag-ativan-2mg-tablette","15":"product_tag-ativan-2mg-tablette-in-hindi","16":"product_tag-ativan-2-mg-tabletten","17":"product_tag-ativan-2-tab","18":"product_tag-ativan-2-5-mg-preis","19":"product_tag-ativan-2mg-tablette-online-bestellung-amazon","20":"product_tag-ativan-dosierung-2mg","21":"product_tag-ativan-online-kaufen","22":"product_tag-ativan-tab-0-5-mg","23":"product_tag-ativan-tab-1mg-precio","24":"product_tag-ativan-tab-1mg","25":"product_tag-ativan-tab-1mg-50","26":"product_tag-ativan-tablets-1mg","27":"product_tag-ativan-tablets-2-5-mg","28":"product_tag-ativan-tablets-uk","29":"product_tag-ativan-tablets-uses","30":"product_tag-ativan-tablette","31":"product_tag-ativan-tablette-0-5mg","32":"product_tag-ativan-tablets-australien","33":"product_tag-ativan-tabletten-dosierung","34":"product_tag-ativan-tabletten-kaufen","35":"product_tag-ativan-tabletten-sublingual","36":"product_tag-ativan-apotheke","37":"product_tag-can-ativan-tablets-be-injected","38":"product_tag-knnen-ativan-tabletten-zerkleinert-werden","39":"product_tag-lorazepam-2-mg-tabletten-online-lieferung","40":"product_tag-lorazepam-tabletten-ativan-2mg","41":"product_tag-pfizer-tablette-2mg","42":"product_tag-tab-ativan-1","43":"product_tag-tab-ativan-1mg-verwendet-in-hindi","44":"product_tag-tivan-2mg-tablette","45":"product_tag-what-does-ativan-tablets-look-like","46":"product_tag-wie-sehen-ativan-tabletten-aus","47":"product_tag-wozu-sind-ativan-tabletten","48":"product_tag-wofr-ativan-tabletten-verwendet-werden","50":"first","51":"instock","52":"shipping-taxable","53":"purchasable","54":"product-type-variable"},"yoast_head":"<!-- This site is optimized with the Yoast SEO plugin v27.3 - https:\/\/yoast.com\/product\/yoast-seo-wordpress\/ -->\n<title>Kaufen Sie Ativan 2mg - Kaufen Sie Ativan 1mg - Kaufen Sie Ativan 0,5mg - Best Global Meds<\/title>\n<meta name=\"description\" content=\"Kaufen Sie Lorazepam-Tabletten online, kaufen Sie Lorazepam online, kaufen Sie Ativan online, Lorazepam 0,5 mg, 1 mg, 2 mg Online-Preise,\u00a0kaufen Sie ativan 2mg\u00a0online in Gro\u00dfbritannien, Europa\" \/>\n<meta name=\"robots\" content=\"index, follow, max-snippet:-1, max-image-preview:large, max-video-preview:-1\" \/>\n<link rel=\"canonical\" href=\"https:\/\/medicinasinc.com\/de\/product\/kaufen-ativan-0-5mg-1mg-2mg\/\" \/>\n<meta property=\"og:locale\" content=\"de_DE\" \/>\n<meta property=\"og:type\" content=\"article\" \/>\n<meta property=\"og:title\" content=\"Kaufen Sie Ativan 2mg - Kaufen Sie Ativan 1mg - Kaufen Sie Ativan 0,5mg - Best Global Meds\" \/>\n<meta property=\"og:description\" content=\"Kaufen Sie Lorazepam-Tabletten online, kaufen Sie Lorazepam online, kaufen Sie Ativan online, Lorazepam 0,5 mg, 1 mg, 2 mg Online-Preise,\u00a0kaufen Sie ativan 2mg\u00a0online in Gro\u00dfbritannien, Europa\" \/>\n<meta property=\"og:url\" content=\"https:\/\/medicinasinc.com\/de\/product\/kaufen-ativan-0-5mg-1mg-2mg\/\" \/>\n<meta property=\"og:site_name\" content=\"Medicinas Inc\" \/>\n<meta property=\"article:modified_time\" content=\"2022-03-18T00:30:01+00:00\" \/>\n<meta property=\"og:image\" content=\"https:\/\/medicinasinc.com\/de\/wp-content\/uploads\/sites\/6\/2022\/02\/Buy-Ativan-Online-1.jpg\" \/>\n\t<meta property=\"og:image:width\" content=\"300\" \/>\n\t<meta property=\"og:image:height\" content=\"300\" \/>\n\t<meta property=\"og:image:type\" content=\"image\/jpeg\" \/>\n<meta name=\"twitter:card\" content=\"summary_large_image\" \/>\n<meta name=\"twitter:label1\" content=\"Gesch\u00e4tzte Lesezeit\" \/>\n\t<meta name=\"twitter:data1\" content=\"3\u00a0Minuten\" \/>\n<script type=\"application\/ld+json\" class=\"yoast-schema-graph\">{\"@context\":\"https:\\\/\\\/schema.org\",\"@graph\":[{\"@type\":\"WebPage\",\"@id\":\"https:\\\/\\\/medicinasinc.com\\\/de\\\/product\\\/kaufen-ativan-0-5mg-1mg-2mg\\\/\",\"url\":\"https:\\\/\\\/medicinasinc.com\\\/de\\\/product\\\/kaufen-ativan-0-5mg-1mg-2mg\\\/\",\"name\":\"Kaufen Sie Ativan 2mg - Kaufen Sie Ativan 1mg - Kaufen Sie Ativan 0,5mg - Best Global Meds\",\"isPartOf\":{\"@id\":\"https:\\\/\\\/medicinasinc.com\\\/de\\\/#website\"},\"primaryImageOfPage\":{\"@id\":\"https:\\\/\\\/medicinasinc.com\\\/de\\\/product\\\/kaufen-ativan-0-5mg-1mg-2mg\\\/#primaryimage\"},\"image\":{\"@id\":\"https:\\\/\\\/medicinasinc.com\\\/de\\\/product\\\/kaufen-ativan-0-5mg-1mg-2mg\\\/#primaryimage\"},\"thumbnailUrl\":\"https:\\\/\\\/medicinasinc.com\\\/de\\\/wp-content\\\/uploads\\\/sites\\\/6\\\/2022\\\/02\\\/Buy-Ativan-Online-1.jpg\",\"datePublished\":\"2022-02-20T20:43:45+00:00\",\"dateModified\":\"2022-03-18T00:30:01+00:00\",\"description\":\"Kaufen Sie Lorazepam-Tabletten online, kaufen Sie Lorazepam online, kaufen Sie Ativan online, Lorazepam 0,5 mg, 1 mg, 2 mg Online-Preise,\u00a0kaufen Sie ativan 2mg\u00a0online in Gro\u00dfbritannien, Europa\",\"breadcrumb\":{\"@id\":\"https:\\\/\\\/medicinasinc.com\\\/de\\\/product\\\/kaufen-ativan-0-5mg-1mg-2mg\\\/#breadcrumb\"},\"inLanguage\":\"de\",\"potentialAction\":[{\"@type\":\"ReadAction\",\"target\":[\"https:\\\/\\\/medicinasinc.com\\\/de\\\/product\\\/kaufen-ativan-0-5mg-1mg-2mg\\\/\"]}]},{\"@type\":\"ImageObject\",\"inLanguage\":\"de\",\"@id\":\"https:\\\/\\\/medicinasinc.com\\\/de\\\/product\\\/kaufen-ativan-0-5mg-1mg-2mg\\\/#primaryimage\",\"url\":\"https:\\\/\\\/medicinasinc.com\\\/de\\\/wp-content\\\/uploads\\\/sites\\\/6\\\/2022\\\/02\\\/Buy-Ativan-Online-1.jpg\",\"contentUrl\":\"https:\\\/\\\/medicinasinc.com\\\/de\\\/wp-content\\\/uploads\\\/sites\\\/6\\\/2022\\\/02\\\/Buy-Ativan-Online-1.jpg\",\"width\":300,\"height\":300},{\"@type\":\"BreadcrumbList\",\"@id\":\"https:\\\/\\\/medicinasinc.com\\\/de\\\/product\\\/kaufen-ativan-0-5mg-1mg-2mg\\\/#breadcrumb\",\"itemListElement\":[{\"@type\":\"ListItem\",\"position\":1,\"name\":\"Einkaufen\",\"item\":\"https:\\\/\\\/medicinasinc.com\\\/de\\\/einkaufen\\\/\"},{\"@type\":\"ListItem\",\"position\":2,\"name\":\"Kaufen Sie Ativan 0,5 mg, 1 mg, 2 mg\"}]},{\"@type\":\"WebSite\",\"@id\":\"https:\\\/\\\/medicinasinc.com\\\/de\\\/#website\",\"url\":\"https:\\\/\\\/medicinasinc.com\\\/de\\\/\",\"name\":\"Medicinas Inc\",\"description\":\"Health Medical Clinic\",\"potentialAction\":[{\"@type\":\"SearchAction\",\"target\":{\"@type\":\"EntryPoint\",\"urlTemplate\":\"https:\\\/\\\/medicinasinc.com\\\/de\\\/?s={search_term_string}\"},\"query-input\":{\"@type\":\"PropertyValueSpecification\",\"valueRequired\":true,\"valueName\":\"search_term_string\"}}],\"inLanguage\":\"de\"}]}<\/script>\n<!-- \/ Yoast SEO plugin. -->","yoast_head_json":{"title":"Kaufen Sie Ativan 2mg - Kaufen Sie Ativan 1mg - Kaufen Sie Ativan 0,5mg - Best Global Meds","description":"Kaufen Sie Lorazepam-Tabletten online, kaufen Sie Lorazepam online, kaufen Sie Ativan online, Lorazepam 0,5 mg, 1 mg, 2 mg Online-Preise,\u00a0kaufen Sie ativan 2mg\u00a0online in Gro\u00dfbritannien, Europa","robots":{"index":"index","follow":"follow","max-snippet":"max-snippet:-1","max-image-preview":"max-image-preview:large","max-video-preview":"max-video-preview:-1"},"canonical":"https:\/\/medicinasinc.com\/de\/product\/kaufen-ativan-0-5mg-1mg-2mg\/","og_locale":"de_DE","og_type":"article","og_title":"Kaufen Sie Ativan 2mg - Kaufen Sie Ativan 1mg - Kaufen Sie Ativan 0,5mg - Best Global Meds","og_description":"Kaufen Sie Lorazepam-Tabletten online, kaufen Sie Lorazepam online, kaufen Sie Ativan online, Lorazepam 0,5 mg, 1 mg, 2 mg Online-Preise,\u00a0kaufen Sie ativan 2mg\u00a0online in Gro\u00dfbritannien, Europa","og_url":"https:\/\/medicinasinc.com\/de\/product\/kaufen-ativan-0-5mg-1mg-2mg\/","og_site_name":"Medicinas Inc","article_modified_time":"2022-03-18T00:30:01+00:00","og_image":[{"width":300,"height":300,"url":"https:\/\/medicinasinc.com\/de\/wp-content\/uploads\/sites\/6\/2022\/02\/Buy-Ativan-Online-1.jpg","type":"image\/jpeg"}],"twitter_card":"summary_large_image","twitter_misc":{"Gesch\u00e4tzte Lesezeit":"3\u00a0Minuten"},"schema":{"@context":"https:\/\/schema.org","@graph":[{"@type":"WebPage","@id":"https:\/\/medicinasinc.com\/de\/product\/kaufen-ativan-0-5mg-1mg-2mg\/","url":"https:\/\/medicinasinc.com\/de\/product\/kaufen-ativan-0-5mg-1mg-2mg\/","name":"Kaufen Sie Ativan 2mg - Kaufen Sie Ativan 1mg - Kaufen Sie Ativan 0,5mg - Best Global Meds","isPartOf":{"@id":"https:\/\/medicinasinc.com\/de\/#website"},"primaryImageOfPage":{"@id":"https:\/\/medicinasinc.com\/de\/product\/kaufen-ativan-0-5mg-1mg-2mg\/#primaryimage"},"image":{"@id":"https:\/\/medicinasinc.com\/de\/product\/kaufen-ativan-0-5mg-1mg-2mg\/#primaryimage"},"thumbnailUrl":"https:\/\/medicinasinc.com\/de\/wp-content\/uploads\/sites\/6\/2022\/02\/Buy-Ativan-Online-1.jpg","datePublished":"2022-02-20T20:43:45+00:00","dateModified":"2022-03-18T00:30:01+00:00","description":"Kaufen Sie Lorazepam-Tabletten online, kaufen Sie Lorazepam online, kaufen Sie Ativan online, Lorazepam 0,5 mg, 1 mg, 2 mg Online-Preise,\u00a0kaufen Sie ativan 2mg\u00a0online in Gro\u00dfbritannien, Europa","breadcrumb":{"@id":"https:\/\/medicinasinc.com\/de\/product\/kaufen-ativan-0-5mg-1mg-2mg\/#breadcrumb"},"inLanguage":"de","potentialAction":[{"@type":"ReadAction","target":["https:\/\/medicinasinc.com\/de\/product\/kaufen-ativan-0-5mg-1mg-2mg\/"]}]},{"@type":"ImageObject","inLanguage":"de","@id":"https:\/\/medicinasinc.com\/de\/product\/kaufen-ativan-0-5mg-1mg-2mg\/#primaryimage","url":"https:\/\/medicinasinc.com\/de\/wp-content\/uploads\/sites\/6\/2022\/02\/Buy-Ativan-Online-1.jpg","contentUrl":"https:\/\/medicinasinc.com\/de\/wp-content\/uploads\/sites\/6\/2022\/02\/Buy-Ativan-Online-1.jpg","width":300,"height":300},{"@type":"BreadcrumbList","@id":"https:\/\/medicinasinc.com\/de\/product\/kaufen-ativan-0-5mg-1mg-2mg\/#breadcrumb","itemListElement":[{"@type":"ListItem","position":1,"name":"Einkaufen","item":"https:\/\/medicinasinc.com\/de\/einkaufen\/"},{"@type":"ListItem","position":2,"name":"Kaufen Sie Ativan 0,5 mg, 1 mg, 2 mg"}]},{"@type":"WebSite","@id":"https:\/\/medicinasinc.com\/de\/#website","url":"https:\/\/medicinasinc.com\/de\/","name":"Medicinas Inc","description":"Health Medical Clinic","potentialAction":[{"@type":"SearchAction","target":{"@type":"EntryPoint","urlTemplate":"https:\/\/medicinasinc.com\/de\/?s={search_term_string}"},"query-input":{"@type":"PropertyValueSpecification","valueRequired":true,"valueName":"search_term_string"}}],"inLanguage":"de"}]}},"_links":{"self":[{"href":"https:\/\/medicinasinc.com\/de\/wp-json\/wp\/v2\/product\/5125","targetHints":{"allow":["GET"]}}],"collection":[{"href":"https:\/\/medicinasinc.com\/de\/wp-json\/wp\/v2\/product"}],"about":[{"href":"https:\/\/medicinasinc.com\/de\/wp-json\/wp\/v2\/types\/product"}],"replies":[{"embeddable":true,"href":"https:\/\/medicinasinc.com\/de\/wp-json\/wp\/v2\/comments?post=5125"}],"wp:featuredmedia":[{"embeddable":true,"href":"https:\/\/medicinasinc.com\/de\/wp-json\/wp\/v2\/media\/5144"}],"wp:attachment":[{"href":"https:\/\/medicinasinc.com\/de\/wp-json\/wp\/v2\/media?parent=5125"}],"wp:term":[{"taxonomy":"product_brand","embeddable":true,"href":"https:\/\/medicinasinc.com\/de\/wp-json\/wp\/v2\/product_brand?post=5125"},{"taxonomy":"product_cat","embeddable":true,"href":"https:\/\/medicinasinc.com\/de\/wp-json\/wp\/v2\/product_cat?post=5125"},{"taxonomy":"product_tag","embeddable":true,"href":"https:\/\/medicinasinc.com\/de\/wp-json\/wp\/v2\/product_tag?post=5125"}],"curies":[{"name":"wp","href":"https:\/\/api.w.org\/{rel}","templated":true}]}}