{"id":5124,"date":"2022-02-20T20:42:48","date_gmt":"2022-02-20T20:42:48","guid":{"rendered":"https:\/\/medicinasinc.com\/de\/?post_type=product&#038;p=5124"},"modified":"2022-03-18T00:30:13","modified_gmt":"2022-03-18T00:30:13","slug":"kaufen-ambien-10-mg","status":"publish","type":"product","link":"https:\/\/medicinasinc.com\/de\/product\/kaufen-ambien-10-mg\/","title":{"rendered":"Kaufen Sie Ambien 10 mg"},"content":{"rendered":"<div class=\"ty-tabs cm-j-tabs clearfix\">\n<p>Kaufen Sie Ambien 10 mg online<\/p>\n<h2><a href=\"https:\/\/www.bestglobalmeds.com\/category\/blog\/\" target=\"_blank\" rel=\"noopener\">Kaufen Sie Ambien 10 mg Lieferung \u00fcber Nacht<\/a><\/h2>\n<h2>Kaufen Sie Ambien 10 mg online<\/h2>\n<p>Der niedrigste Preis in den USA f\u00fcr\u00a0<em>Ambien<\/em>\u00a0(<em>Zolpidem<\/em>\u00a05mg &amp;\u00a0<em>10mg<\/em>) Pills und der erste gesetzlich registrierte Online-\u00c4rztedienst der USA, der es anbietet. Kostenlose Lieferung mit Sendungsverfolgung.Ambien, Zolpidem, ambien\u00a0<em>10\u00a0mg<\/em>, Zolpidem Tartrate, Schlaftabletten online kaufen, Anti-Angst online kaufen, Antidepressiva,\u00a0<em>ambien kaufen<\/em>\u00a0ohne Rezept.<\/p>\n<ul class=\"ty-tabs__list\">\n<li id=\"description\" class=\"ty-tabs__item cm-js active\"><a class=\"ty-tabs__a\">Beschreibung<\/a><\/li>\n<li id=\"product_tab_9\" class=\"ty-tabs__item cm-js\"><a class=\"ty-tabs__a\">Patienteninformationen<\/a><\/li>\n<\/ul><\/div>\n<div id=\"tabs_content \" class=\"cm-tabs-content ty-tabs__content clearfix\">\n<div id=\"content_description\" class=\"ty-wysiwyg-content content-description active\">\n<div>\n<div class=\"product-description\">\n<h4>Schlaf mit Zolpidem und Ambien<\/h4>\n<table>\n<thead>\n<tr>\n<th>Zolpidem<\/th>\n<th>Menge<\/th>\n<th>Typ<\/th>\n<th>Vorrat<\/th>\n<\/tr>\n<\/thead>\n<tbody>\n<tr>\n<th>Ambien<\/th>\n<th>5mg<\/th>\n<th>Tabletten<\/th>\n<th>Kaufen Sie uns\u2713<\/th>\n<\/tr>\n<tr>\n<td>Zolpidem Tabletten<\/td>\n<td>5mg<\/td>\n<td>Pillen<\/td>\n<td>Online USA \u2713<\/td>\n<\/tr>\n<tr>\n<td>Ambien Tabletten<\/td>\n<td>10mg<\/td>\n<td>Medizin e<\/td>\n<td>US \u2713<\/td>\n<\/tr>\n<\/tbody>\n<\/table>\n<h4>Vorsichtsma\u00dfnahmen vor der Einnahme von Zolpidem<\/h4>\n<p>Es gibt Vorsichtsma\u00dfnahmen, die ber\u00fccksichtigt werden m\u00fcssen, bevor Sie sich daf\u00fcr entscheiden Nimm es. Unter bestimmten Umst\u00e4nden ist es m\u00f6glicherweise nicht die am besten geeignete Wahl des Arzneimittels. Fragen Sie einen Arzt nach Ihrer gesundheitlichen Eignung, es zur Behandlung von Schlaflosigkeit einzunehmen. Wenn Sie einen der folgenden Umst\u00e4nde haben, suchen Sie \u00e4rztlichen Rat:<\/p>\n<ul>\n<li>Vorgeschichte von Alkoholismus oder Drogenmissbrauch<\/li>\n<li>Schwanger oder planen, schwanger zu sein<\/li>\n<li>Hat ein Atemproblem (Bronchitis, Asthma oder Emphysem)<\/li>\n<li>Vorgeschichte einer Leber- oder Nierenerkrankung<\/li>\n<li>Hat Myasthenia gravis (Nervenst\u00f6rung, die zu einer Schw\u00e4chung der Muskeln f\u00fchrt)<\/li>\n<li>Allergien auf einen der Inhaltsstoffe<\/li>\n<li>Hat wiederkehrende Pers\u00f6nlichkeitsst\u00f6rungen oder Depressionen<\/li>\n<li>Hat Schlafapnoe<\/li>\n<li>\u00c4ltere Personen<\/li>\n<\/ul>\n<p>In sehr seltenen F\u00e4llen In einigen F\u00e4llen kann die Einnahme von Ambien zu Nebenwirkungen wie Schwellungen der Lippen, des Gesichts, des Rachens und der Zunge oder zu Atembeschwerden f\u00fchren. Es wird auch empfohlen, es nicht l\u00e4nger als 4 Wochen ununterbrochen zu verwenden, da es zu Entzugserscheinungen wie Erbrechen, \u00dcbelkeit, Angstzust\u00e4nden und Magenkr\u00e4mpfen kommen kann. Bekannt als kurzfristige <a href=\"https:\/\/globalhomemed.com\/\">Behandlung von Schlaflosigkeit<\/a>, besteht die M\u00f6glichkeit, dass Schlafprobleme auftreten, wenn Sie die Anwendung beenden. Es wird als \u201eRebound-Schlaflosigkeit\u201c bezeichnet, die schlie\u00dflich nach ein bis zwei Tagen abklingt. Konsultieren Sie immer Ihren Arzt bez\u00fcglich der Verwendung dieses Schlafmittels.<\/p>\n<h2>Kaufen Sie Ambien 10mg online<\/h2>\n<\/p><\/div><\/div><\/div><\/div>\n","protected":false},"excerpt":{"rendered":"<p>Kaufen Sie Ambien 10 mg Tabletten online. Ambien wird verwendet, um eine Schlafst\u00f6rung zu behandeln. Die Tablette mit sofortiger Entladung wird verwendet, um Ihnen beim Einschlafen zu helfen, wenn Sie zum ersten Mal auf die Couch gehen Angst online, Antidepressiva,\u00a0<em>Kaufen Sie ambien<\/em>\u00a0ohne Rezept.<\/p>\n","protected":false},"featured_media":5142,"comment_status":"open","ping_status":"closed","template":"","meta":[],"product_brand":[],"product_cat":[1117],"product_tag":[],"class_list":{"0":"post-5124","1":"product","2":"type-product","3":"status-publish","4":"has-post-thumbnail","6":"product_cat-kaufen-sie-schmerz-schlaf-und-sexpillen","8":"first","9":"instock","10":"shipping-taxable","11":"purchasable","12":"product-type-variable","13":"has-default-attributes"},"yoast_head":"<!-- This site is optimized with the Yoast SEO plugin v27.3 - https:\/\/yoast.com\/product\/yoast-seo-wordpress\/ -->\n<title>Kaufen Sie Ambien 10 mg - Ambien 10 mg - Best Global Meds<\/title>\n<meta name=\"description\" content=\"Kaufen Sie Ambien 10 mg, Ambien, Zolpidem, Ambien 10 mg, Zolpidem Tartrate, kaufen Sie Schlaftabletten online, kaufen Sie Anti-Angst online, Antidepressiva, kaufen Sie Ambien ohne Rezept.\" \/>\n<meta name=\"robots\" content=\"index, follow, max-snippet:-1, max-image-preview:large, max-video-preview:-1\" \/>\n<link rel=\"canonical\" href=\"https:\/\/medicinasinc.com\/de\/product\/kaufen-ambien-10-mg\/\" \/>\n<meta property=\"og:locale\" content=\"de_DE\" \/>\n<meta property=\"og:type\" content=\"article\" \/>\n<meta property=\"og:title\" content=\"Kaufen Sie Ambien 10 mg - Ambien 10 mg - Best Global Meds\" \/>\n<meta property=\"og:description\" content=\"Kaufen Sie Ambien 10 mg, Ambien, Zolpidem, Ambien 10 mg, Zolpidem Tartrate, kaufen Sie Schlaftabletten online, kaufen Sie Anti-Angst online, Antidepressiva, kaufen Sie Ambien ohne Rezept.\" \/>\n<meta property=\"og:url\" content=\"https:\/\/medicinasinc.com\/de\/product\/kaufen-ambien-10-mg\/\" \/>\n<meta property=\"og:site_name\" content=\"Medicinas Inc\" \/>\n<meta property=\"article:modified_time\" content=\"2022-03-18T00:30:13+00:00\" \/>\n<meta property=\"og:image\" content=\"https:\/\/medicinasinc.com\/de\/wp-content\/uploads\/sites\/6\/2022\/02\/Buy-Ambien-10mg.jpg\" \/>\n\t<meta property=\"og:image:width\" content=\"225\" \/>\n\t<meta property=\"og:image:height\" content=\"225\" \/>\n\t<meta property=\"og:image:type\" content=\"image\/jpeg\" \/>\n<meta name=\"twitter:card\" content=\"summary_large_image\" \/>\n<meta name=\"twitter:label1\" content=\"Gesch\u00e4tzte Lesezeit\" \/>\n\t<meta name=\"twitter:data1\" content=\"2\u00a0Minuten\" \/>\n<script type=\"application\/ld+json\" class=\"yoast-schema-graph\">{\"@context\":\"https:\\\/\\\/schema.org\",\"@graph\":[{\"@type\":\"WebPage\",\"@id\":\"https:\\\/\\\/medicinasinc.com\\\/de\\\/product\\\/kaufen-ambien-10-mg\\\/\",\"url\":\"https:\\\/\\\/medicinasinc.com\\\/de\\\/product\\\/kaufen-ambien-10-mg\\\/\",\"name\":\"Kaufen Sie Ambien 10 mg - Ambien 10 mg - Best Global Meds\",\"isPartOf\":{\"@id\":\"https:\\\/\\\/medicinasinc.com\\\/de\\\/#website\"},\"primaryImageOfPage\":{\"@id\":\"https:\\\/\\\/medicinasinc.com\\\/de\\\/product\\\/kaufen-ambien-10-mg\\\/#primaryimage\"},\"image\":{\"@id\":\"https:\\\/\\\/medicinasinc.com\\\/de\\\/product\\\/kaufen-ambien-10-mg\\\/#primaryimage\"},\"thumbnailUrl\":\"https:\\\/\\\/medicinasinc.com\\\/de\\\/wp-content\\\/uploads\\\/sites\\\/6\\\/2022\\\/02\\\/Buy-Ambien-10mg.jpg\",\"datePublished\":\"2022-02-20T20:42:48+00:00\",\"dateModified\":\"2022-03-18T00:30:13+00:00\",\"description\":\"Kaufen Sie Ambien 10 mg, Ambien, Zolpidem, Ambien 10 mg, Zolpidem Tartrate, kaufen Sie Schlaftabletten online, kaufen Sie Anti-Angst online, Antidepressiva, kaufen Sie Ambien ohne Rezept.\",\"breadcrumb\":{\"@id\":\"https:\\\/\\\/medicinasinc.com\\\/de\\\/product\\\/kaufen-ambien-10-mg\\\/#breadcrumb\"},\"inLanguage\":\"de\",\"potentialAction\":[{\"@type\":\"ReadAction\",\"target\":[\"https:\\\/\\\/medicinasinc.com\\\/de\\\/product\\\/kaufen-ambien-10-mg\\\/\"]}]},{\"@type\":\"ImageObject\",\"inLanguage\":\"de\",\"@id\":\"https:\\\/\\\/medicinasinc.com\\\/de\\\/product\\\/kaufen-ambien-10-mg\\\/#primaryimage\",\"url\":\"https:\\\/\\\/medicinasinc.com\\\/de\\\/wp-content\\\/uploads\\\/sites\\\/6\\\/2022\\\/02\\\/Buy-Ambien-10mg.jpg\",\"contentUrl\":\"https:\\\/\\\/medicinasinc.com\\\/de\\\/wp-content\\\/uploads\\\/sites\\\/6\\\/2022\\\/02\\\/Buy-Ambien-10mg.jpg\",\"width\":225,\"height\":225},{\"@type\":\"BreadcrumbList\",\"@id\":\"https:\\\/\\\/medicinasinc.com\\\/de\\\/product\\\/kaufen-ambien-10-mg\\\/#breadcrumb\",\"itemListElement\":[{\"@type\":\"ListItem\",\"position\":1,\"name\":\"Einkaufen\",\"item\":\"https:\\\/\\\/medicinasinc.com\\\/de\\\/einkaufen\\\/\"},{\"@type\":\"ListItem\",\"position\":2,\"name\":\"Kaufen Sie Ambien 10 mg\"}]},{\"@type\":\"WebSite\",\"@id\":\"https:\\\/\\\/medicinasinc.com\\\/de\\\/#website\",\"url\":\"https:\\\/\\\/medicinasinc.com\\\/de\\\/\",\"name\":\"Medicinas Inc\",\"description\":\"Health Medical Clinic\",\"potentialAction\":[{\"@type\":\"SearchAction\",\"target\":{\"@type\":\"EntryPoint\",\"urlTemplate\":\"https:\\\/\\\/medicinasinc.com\\\/de\\\/?s={search_term_string}\"},\"query-input\":{\"@type\":\"PropertyValueSpecification\",\"valueRequired\":true,\"valueName\":\"search_term_string\"}}],\"inLanguage\":\"de\"}]}<\/script>\n<!-- \/ Yoast SEO plugin. -->","yoast_head_json":{"title":"Kaufen Sie Ambien 10 mg - Ambien 10 mg - Best Global Meds","description":"Kaufen Sie Ambien 10 mg, Ambien, Zolpidem, Ambien 10 mg, Zolpidem Tartrate, kaufen Sie Schlaftabletten online, kaufen Sie Anti-Angst online, Antidepressiva, kaufen Sie Ambien ohne Rezept.","robots":{"index":"index","follow":"follow","max-snippet":"max-snippet:-1","max-image-preview":"max-image-preview:large","max-video-preview":"max-video-preview:-1"},"canonical":"https:\/\/medicinasinc.com\/de\/product\/kaufen-ambien-10-mg\/","og_locale":"de_DE","og_type":"article","og_title":"Kaufen Sie Ambien 10 mg - Ambien 10 mg - Best Global Meds","og_description":"Kaufen Sie Ambien 10 mg, Ambien, Zolpidem, Ambien 10 mg, Zolpidem Tartrate, kaufen Sie Schlaftabletten online, kaufen Sie Anti-Angst online, Antidepressiva, kaufen Sie Ambien ohne Rezept.","og_url":"https:\/\/medicinasinc.com\/de\/product\/kaufen-ambien-10-mg\/","og_site_name":"Medicinas Inc","article_modified_time":"2022-03-18T00:30:13+00:00","og_image":[{"width":225,"height":225,"url":"https:\/\/medicinasinc.com\/de\/wp-content\/uploads\/sites\/6\/2022\/02\/Buy-Ambien-10mg.jpg","type":"image\/jpeg"}],"twitter_card":"summary_large_image","twitter_misc":{"Gesch\u00e4tzte Lesezeit":"2\u00a0Minuten"},"schema":{"@context":"https:\/\/schema.org","@graph":[{"@type":"WebPage","@id":"https:\/\/medicinasinc.com\/de\/product\/kaufen-ambien-10-mg\/","url":"https:\/\/medicinasinc.com\/de\/product\/kaufen-ambien-10-mg\/","name":"Kaufen Sie Ambien 10 mg - Ambien 10 mg - Best Global Meds","isPartOf":{"@id":"https:\/\/medicinasinc.com\/de\/#website"},"primaryImageOfPage":{"@id":"https:\/\/medicinasinc.com\/de\/product\/kaufen-ambien-10-mg\/#primaryimage"},"image":{"@id":"https:\/\/medicinasinc.com\/de\/product\/kaufen-ambien-10-mg\/#primaryimage"},"thumbnailUrl":"https:\/\/medicinasinc.com\/de\/wp-content\/uploads\/sites\/6\/2022\/02\/Buy-Ambien-10mg.jpg","datePublished":"2022-02-20T20:42:48+00:00","dateModified":"2022-03-18T00:30:13+00:00","description":"Kaufen Sie Ambien 10 mg, Ambien, Zolpidem, Ambien 10 mg, Zolpidem Tartrate, kaufen Sie Schlaftabletten online, kaufen Sie Anti-Angst online, Antidepressiva, kaufen Sie Ambien ohne Rezept.","breadcrumb":{"@id":"https:\/\/medicinasinc.com\/de\/product\/kaufen-ambien-10-mg\/#breadcrumb"},"inLanguage":"de","potentialAction":[{"@type":"ReadAction","target":["https:\/\/medicinasinc.com\/de\/product\/kaufen-ambien-10-mg\/"]}]},{"@type":"ImageObject","inLanguage":"de","@id":"https:\/\/medicinasinc.com\/de\/product\/kaufen-ambien-10-mg\/#primaryimage","url":"https:\/\/medicinasinc.com\/de\/wp-content\/uploads\/sites\/6\/2022\/02\/Buy-Ambien-10mg.jpg","contentUrl":"https:\/\/medicinasinc.com\/de\/wp-content\/uploads\/sites\/6\/2022\/02\/Buy-Ambien-10mg.jpg","width":225,"height":225},{"@type":"BreadcrumbList","@id":"https:\/\/medicinasinc.com\/de\/product\/kaufen-ambien-10-mg\/#breadcrumb","itemListElement":[{"@type":"ListItem","position":1,"name":"Einkaufen","item":"https:\/\/medicinasinc.com\/de\/einkaufen\/"},{"@type":"ListItem","position":2,"name":"Kaufen Sie Ambien 10 mg"}]},{"@type":"WebSite","@id":"https:\/\/medicinasinc.com\/de\/#website","url":"https:\/\/medicinasinc.com\/de\/","name":"Medicinas Inc","description":"Health Medical Clinic","potentialAction":[{"@type":"SearchAction","target":{"@type":"EntryPoint","urlTemplate":"https:\/\/medicinasinc.com\/de\/?s={search_term_string}"},"query-input":{"@type":"PropertyValueSpecification","valueRequired":true,"valueName":"search_term_string"}}],"inLanguage":"de"}]}},"_links":{"self":[{"href":"https:\/\/medicinasinc.com\/de\/wp-json\/wp\/v2\/product\/5124","targetHints":{"allow":["GET"]}}],"collection":[{"href":"https:\/\/medicinasinc.com\/de\/wp-json\/wp\/v2\/product"}],"about":[{"href":"https:\/\/medicinasinc.com\/de\/wp-json\/wp\/v2\/types\/product"}],"replies":[{"embeddable":true,"href":"https:\/\/medicinasinc.com\/de\/wp-json\/wp\/v2\/comments?post=5124"}],"wp:featuredmedia":[{"embeddable":true,"href":"https:\/\/medicinasinc.com\/de\/wp-json\/wp\/v2\/media\/5142"}],"wp:attachment":[{"href":"https:\/\/medicinasinc.com\/de\/wp-json\/wp\/v2\/media?parent=5124"}],"wp:term":[{"taxonomy":"product_brand","embeddable":true,"href":"https:\/\/medicinasinc.com\/de\/wp-json\/wp\/v2\/product_brand?post=5124"},{"taxonomy":"product_cat","embeddable":true,"href":"https:\/\/medicinasinc.com\/de\/wp-json\/wp\/v2\/product_cat?post=5124"},{"taxonomy":"product_tag","embeddable":true,"href":"https:\/\/medicinasinc.com\/de\/wp-json\/wp\/v2\/product_tag?post=5124"}],"curies":[{"name":"wp","href":"https:\/\/api.w.org\/{rel}","templated":true}]}}