{"id":5123,"date":"2022-02-20T20:39:42","date_gmt":"2022-02-20T20:39:42","guid":{"rendered":"https:\/\/medicinasinc.com\/de\/?post_type=product&#038;p=5123"},"modified":"2022-03-18T00:30:25","modified_gmt":"2022-03-18T00:30:25","slug":"kaufen-alprox-2mg-xanax","status":"publish","type":"product","link":"https:\/\/medicinasinc.com\/de\/product\/kaufen-alprox-2mg-xanax\/","title":{"rendered":"Alprox 2mg (Xanax) kaufen"},"content":{"rendered":"<p>Suchen Sie nach XANAX 2mg zum Verkauf zu einem vern\u00fcnftigen Preis? Nutzen Sie die g\u00fcnstigen Preise von Best Global Meds und die schnelle Lieferung von XANAX 2 mg an Ihre Haust\u00fcr!<\/p>\n<p>Im Vereinigten K\u00f6nigreich k\u00f6nnen Sie Alprazolam online kaufen. UK\/EU-Marke von Alprazolam (Xanax) 2 mg&#8230; Angstmedikamente 2 mg Tablette sind in Gro\u00dfbritannien st\u00e4rker.<\/p>\n<p>Wo kann ich Xanax online kaufen? Wo kann ich Xanax 2MG online kaufen? Wo kann ich Xanax 1MG online kaufen?<\/p>\n<p>Sedierende und beruhigende Wirkungen sind mit Xanax m\u00f6glich.<\/p>\n<p>Xanax 2mg Online kaufen Uk Es ist krampfhaft, Order Xanax Overnight morphologisch zu sehen. Waxier Wilburn trotzt Xanax Online kaufen Reddit und subtiliert das Angebot auf eine umst\u00e4ndlichere Art und Weise.<\/p>\n<p>Xanax ohne Rezept kann g\u00fcnstig online erworben werden. Wo kann ich Phentermine in gro\u00dfen Mengen zum niedrigsten Preis kaufen? Bilder von 2 mg Xanax-Generika<\/p>\n<p>Dieses Medikament wird verwendet, um Panikst\u00f6rungen und Angstst\u00f6rungen wie unerwartete intensive Angst und Anspannung aufgrund von Stress zu behandeln. Alprazolam ist 0,5 MG, 1 MG, 2 MG Tablette. Es ist am besten, mit einer niedrigen Dosis zu beginnen und sich zu einer gr\u00f6\u00dferen hochzuarbeiten. Um Entzugssymptome wie Krampfanf\u00e4lle, aggressives Verhalten, verschwommenes Sehen usw. zu vermeiden, wenn Sie die Einnahme dieses Medikaments pl\u00f6tzlich abbrechen.<\/p>\n<p>Alprazolam 0,5 MG Tablette kann je nach Wunsch mit oder ohne Nahrung eingenommen werden. \u00dcberschreiten Sie nicht die empfohlene Dosierung. Wenn Sie Nebenwirkungen bemerken, vereinbaren Sie sofort einen Termin mit Ihrem Arzt. Um Entzugserscheinungen zu vermeiden, brechen Sie die Einnahme des Medikaments nicht ab, ohne vorher Ihren Arzt aufgesucht zu haben!<\/p>\n<p>Was an dem Prozess beteiligt ist<br \/> Hyperpolarisierung und Stabilit\u00e4t der neuronalen Membran werden beide durch die Wechselwirkung dieses Medikaments mit Chlorid erreicht Kan\u00e4le, was eine zus\u00e4tzliche Zellerregung verhindert.<\/p>\n","protected":false},"excerpt":{"rendered":"<p>Alprox 2 mg Tabletten k\u00f6nnen online gekauft werden (Xanax). Was ist Alprox 2 mg? Ist es m\u00f6glich, es online zu kaufen? Ist Alprox 2 mg rezeptfrei erh\u00e4ltlich?<\/p>\n<p>Kaufen Sie Alprazolam Xanax 2 mg Tablette in Gro\u00dfbritannien und Europa in unserer Online-Apotheke f\u00fcr Best Global-Medikamente mit schneller weltweiter Lieferung! Die besten Preise f\u00fcr Alprazolam 2 MG Tabletten finden Sie gleich hier!<\/p>\n<p>Xanax 2 mg Tabletten werden zur Behandlung von Panikst\u00f6rungen und Angstzust\u00e4nden, wie z. Kaufen Sie Xanax 2 mg Tablette. Beginnen Sie am besten mit einer niedrigen Dosis und arbeiten Sie sich zu einer gr\u00f6\u00dferen hoch. Entzugssymptome wie Krampfanf\u00e4lle, aggressives Verhalten, verschwommenes Sehen und mehr k\u00f6nnen auftreten, wenn Sie die Einnahme dieses Medikaments pl\u00f6tzlich abbrechen.<\/p>\n","protected":false},"featured_media":5140,"comment_status":"open","ping_status":"closed","template":"","meta":[],"product_brand":[],"product_cat":[703],"product_tag":[1125,1126,1127,1128,1129,1130,1145,1133,1134,1139,1140,1141,1142,1166,1146,1147,1135,1148,1149,1150,1152,1154,1155,1156,1153,1158,1191,1131,1162,1163,1151,1164,1165,1143,1144,1138,1137,1136,1157,1159,1132,1175,1188,1167,1169,1171,1192,1172,1174,1176,1177,1179,1184,1180,1178,1181,1183,1170,1189,1168,1185,1186,1187,1160,1190,1173,1161,1182,1194,1193],"class_list":{"0":"post-5123","1":"product","2":"type-product","3":"status-publish","4":"has-post-thumbnail","6":"product_cat-kaufen-psychedelische-drogen","7":"product_tag-alprazolam-25","8":"product_tag-alprazolam-25-fr-katzen","9":"product_tag-alprazolam-0-25-mg","10":"product_tag-alprazolam-0-5-mg-preis","11":"product_tag-alprazolam-1mg-blau","12":"product_tag-alprazolam-2mg-riegel","13":"product_tag-alprazolam-aus-mexiko","14":"product_tag-alprazolam-blue-pill","15":"product_tag-alprazolam-bottle","16":"product_tag-alprazolam-efectos-secundarios","17":"product_tag-alprazolam-for-dogs","18":"product_tag-alprazolam-for-dogs-online","19":"product_tag-alprazolam-for-dogs-side-effects","20":"product_tag-alprazolam-gelb","21":"product_tag-alprazolam-intensol","22":"product_tag-alprazolam-interactions","23":"product_tag-alprazolam-kosten","24":"product_tag-alprazolam-muskelrelaxant-dosis","25":"product_tag-alprazolam-online","26":"product_tag-alprazolam-para-dormir","27":"product_tag-alprazolam-powder","28":"product_tag-alprazolam-price","29":"product_tag-alprazolam-pronounce","30":"product_tag-alprazolam-psychonaut","31":"product_tag-alprazolam-pulver-zum-verkauf","32":"product_tag-alprazolam-reviews","33":"product_tag-schnupfen-alprazolam","34":"product_tag-alprazolam-und-alkohol","35":"product_tag-alprazolam-vs-clonazepam","36":"product_tag-alprazolam-vs-lorazepam","37":"product_tag-alprazolam-wofr-wird-es-angewendet","38":"product_tag-alprazolam-xanax","39":"product_tag-alprazolam-xr","40":"product_tag-alprazolam-zu-verkaufen","41":"product_tag-alprazolam-fr-schlaf","42":"product_tag-alprazolam-dosis-fr-tiefschlaf","43":"product_tag-alprazolam-dosis-fr-hunde","44":"product_tag-alprazolam-hunde","45":"product_tag-alprazolam-nachfllregeln","46":"product_tag-alprazolam-synthese","47":"product_tag-alprazolamblau","48":"product_tag-rzte-die-alprazolam-in-meiner-nhe-verschreiben","49":"product_tag-alprazolam-online-bestellen","50":"product_tag-buy-alprazolam","51":"product_tag-buying-alprazolam","52":"product_tag-clonazepam-vs-alprazolam","53":"product_tag-der-beste-platz-um-alprazolam-online-zu-kaufen","54":"product_tag-diazepam-vs-alprazolam","55":"product_tag-difference-between-lorazepam-and-alprazolam","56":"product_tag-farmapram-alprazolam","57":"product_tag-farmapram-alprazolam-2mg","58":"product_tag-flualprazolam-vs-alprazolam","59":"product_tag-flssigkeit-alprazolam","60":"product_tag-greenstone-alprazolam","61":"product_tag-grippe-alprazolam","62":"product_tag-how-long-does-alprazolam-last-in-urine-reddit","63":"product_tag-ist-alprazolam-eine-kontrollierte-substanz","64":"product_tag-kann-alprazolam-dich-high-machen","65":"product_tag-kauf-alprazolam-online","66":"product_tag-alprazolam-online-kaufen","67":"product_tag-lorazepam-vs-alprazolam","68":"product_tag-lorazepam-vs-alprazolam-reddit","69":"product_tag-mexican-alprazolam-2mg","70":"product_tag-alprazolam-urin-nachweiszeit","71":"product_tag-sandoz-alprazolam","72":"product_tag-unterschied-zwischen-alprazolam-und-lorazepam","73":"product_tag-alprazolam-gebrauch","74":"product_tag-wie-kauft-man-alprazolam-online","75":"product_tag-wo-man-alprazolam-online-kaufen-kann","76":"product_tag-was-ist-alprazolam-fr-share","78":"first","79":"instock","80":"shipping-taxable","81":"purchasable","82":"product-type-variable"},"yoast_head":"<!-- This site is optimized with the Yoast SEO plugin v27.2 - https:\/\/yoast.com\/product\/yoast-seo-wordpress\/ -->\n<title>Kaufen Sie Alprox 2mg (Xanax) - Bestellen Sie Xanax - Best Best Global Meds<\/title>\n<meta name=\"description\" content=\"Kaufen Sie Alprox 2 mg Tabletten online (Xanax). Alprox online kaufen, Alprox online kaufen, Alprox online kaufen, Xanax kaufen, Alprazolam Xanax 2 mg Tablette UK, Europa kaufen\" \/>\n<meta name=\"robots\" content=\"index, follow, max-snippet:-1, max-image-preview:large, max-video-preview:-1\" \/>\n<link rel=\"canonical\" href=\"https:\/\/medicinasinc.com\/de\/product\/kaufen-alprox-2mg-xanax\/\" \/>\n<meta property=\"og:locale\" content=\"de_DE\" \/>\n<meta property=\"og:type\" content=\"article\" \/>\n<meta property=\"og:title\" content=\"Kaufen Sie Alprox 2mg (Xanax) - Bestellen Sie Xanax - Best Best Global Meds\" \/>\n<meta property=\"og:description\" content=\"Kaufen Sie Alprox 2 mg Tabletten online (Xanax). Alprox online kaufen, Alprox online kaufen, Alprox online kaufen, Xanax kaufen, Alprazolam Xanax 2 mg Tablette UK, Europa kaufen\" \/>\n<meta property=\"og:url\" content=\"https:\/\/medicinasinc.com\/de\/product\/kaufen-alprox-2mg-xanax\/\" \/>\n<meta property=\"og:site_name\" content=\"Medicinas Inc\" \/>\n<meta property=\"article:modified_time\" content=\"2022-03-18T00:30:25+00:00\" \/>\n<meta property=\"og:image\" content=\"https:\/\/medicinasinc.com\/de\/wp-content\/uploads\/sites\/6\/2022\/02\/Buy-Alprox-2mg.jpg\" \/>\n\t<meta property=\"og:image:width\" content=\"600\" \/>\n\t<meta property=\"og:image:height\" content=\"600\" \/>\n\t<meta property=\"og:image:type\" content=\"image\/jpeg\" \/>\n<meta name=\"twitter:card\" content=\"summary_large_image\" \/>\n<meta name=\"twitter:label1\" content=\"Gesch\u00e4tzte Lesezeit\" \/>\n\t<meta name=\"twitter:data1\" content=\"2\u00a0Minuten\" \/>\n<script type=\"application\/ld+json\" class=\"yoast-schema-graph\">{\"@context\":\"https:\/\/schema.org\",\"@graph\":[{\"@type\":\"WebPage\",\"@id\":\"https:\/\/medicinasinc.com\/de\/product\/kaufen-alprox-2mg-xanax\/\",\"url\":\"https:\/\/medicinasinc.com\/de\/product\/kaufen-alprox-2mg-xanax\/\",\"name\":\"Kaufen Sie Alprox 2mg (Xanax) - Bestellen Sie Xanax - Best Best Global Meds\",\"isPartOf\":{\"@id\":\"https:\/\/medicinasinc.com\/de\/#website\"},\"primaryImageOfPage\":{\"@id\":\"https:\/\/medicinasinc.com\/de\/product\/kaufen-alprox-2mg-xanax\/#primaryimage\"},\"image\":{\"@id\":\"https:\/\/medicinasinc.com\/de\/product\/kaufen-alprox-2mg-xanax\/#primaryimage\"},\"thumbnailUrl\":\"https:\/\/medicinasinc.com\/de\/wp-content\/uploads\/sites\/6\/2022\/02\/Buy-Alprox-2mg.jpg\",\"datePublished\":\"2022-02-20T20:39:42+00:00\",\"dateModified\":\"2022-03-18T00:30:25+00:00\",\"description\":\"Kaufen Sie Alprox 2 mg Tabletten online (Xanax). Alprox online kaufen, Alprox online kaufen, Alprox online kaufen, Xanax kaufen, Alprazolam Xanax 2 mg Tablette UK, Europa kaufen\",\"breadcrumb\":{\"@id\":\"https:\/\/medicinasinc.com\/de\/product\/kaufen-alprox-2mg-xanax\/#breadcrumb\"},\"inLanguage\":\"de\",\"potentialAction\":[{\"@type\":\"ReadAction\",\"target\":[\"https:\/\/medicinasinc.com\/de\/product\/kaufen-alprox-2mg-xanax\/\"]}]},{\"@type\":\"ImageObject\",\"inLanguage\":\"de\",\"@id\":\"https:\/\/medicinasinc.com\/de\/product\/kaufen-alprox-2mg-xanax\/#primaryimage\",\"url\":\"https:\/\/medicinasinc.com\/de\/wp-content\/uploads\/sites\/6\/2022\/02\/Buy-Alprox-2mg.jpg\",\"contentUrl\":\"https:\/\/medicinasinc.com\/de\/wp-content\/uploads\/sites\/6\/2022\/02\/Buy-Alprox-2mg.jpg\",\"width\":600,\"height\":600},{\"@type\":\"BreadcrumbList\",\"@id\":\"https:\/\/medicinasinc.com\/de\/product\/kaufen-alprox-2mg-xanax\/#breadcrumb\",\"itemListElement\":[{\"@type\":\"ListItem\",\"position\":1,\"name\":\"Einkaufen\",\"item\":\"https:\/\/medicinasinc.com\/de\/einkaufen\/\"},{\"@type\":\"ListItem\",\"position\":2,\"name\":\"Alprox 2mg (Xanax) kaufen\"}]},{\"@type\":\"WebSite\",\"@id\":\"https:\/\/medicinasinc.com\/de\/#website\",\"url\":\"https:\/\/medicinasinc.com\/de\/\",\"name\":\"Medicinas Inc\",\"description\":\"Health Medical Clinic\",\"potentialAction\":[{\"@type\":\"SearchAction\",\"target\":{\"@type\":\"EntryPoint\",\"urlTemplate\":\"https:\/\/medicinasinc.com\/de\/?s={search_term_string}\"},\"query-input\":{\"@type\":\"PropertyValueSpecification\",\"valueRequired\":true,\"valueName\":\"search_term_string\"}}],\"inLanguage\":\"de\"}]}<\/script>\n<!-- \/ Yoast SEO plugin. -->","yoast_head_json":{"title":"Kaufen Sie Alprox 2mg (Xanax) - Bestellen Sie Xanax - Best Best Global Meds","description":"Kaufen Sie Alprox 2 mg Tabletten online (Xanax). Alprox online kaufen, Alprox online kaufen, Alprox online kaufen, Xanax kaufen, Alprazolam Xanax 2 mg Tablette UK, Europa kaufen","robots":{"index":"index","follow":"follow","max-snippet":"max-snippet:-1","max-image-preview":"max-image-preview:large","max-video-preview":"max-video-preview:-1"},"canonical":"https:\/\/medicinasinc.com\/de\/product\/kaufen-alprox-2mg-xanax\/","og_locale":"de_DE","og_type":"article","og_title":"Kaufen Sie Alprox 2mg (Xanax) - Bestellen Sie Xanax - Best Best Global Meds","og_description":"Kaufen Sie Alprox 2 mg Tabletten online (Xanax). Alprox online kaufen, Alprox online kaufen, Alprox online kaufen, Xanax kaufen, Alprazolam Xanax 2 mg Tablette UK, Europa kaufen","og_url":"https:\/\/medicinasinc.com\/de\/product\/kaufen-alprox-2mg-xanax\/","og_site_name":"Medicinas Inc","article_modified_time":"2022-03-18T00:30:25+00:00","og_image":[{"width":600,"height":600,"url":"https:\/\/medicinasinc.com\/de\/wp-content\/uploads\/sites\/6\/2022\/02\/Buy-Alprox-2mg.jpg","type":"image\/jpeg"}],"twitter_card":"summary_large_image","twitter_misc":{"Gesch\u00e4tzte Lesezeit":"2\u00a0Minuten"},"schema":{"@context":"https:\/\/schema.org","@graph":[{"@type":"WebPage","@id":"https:\/\/medicinasinc.com\/de\/product\/kaufen-alprox-2mg-xanax\/","url":"https:\/\/medicinasinc.com\/de\/product\/kaufen-alprox-2mg-xanax\/","name":"Kaufen Sie Alprox 2mg (Xanax) - Bestellen Sie Xanax - Best Best Global Meds","isPartOf":{"@id":"https:\/\/medicinasinc.com\/de\/#website"},"primaryImageOfPage":{"@id":"https:\/\/medicinasinc.com\/de\/product\/kaufen-alprox-2mg-xanax\/#primaryimage"},"image":{"@id":"https:\/\/medicinasinc.com\/de\/product\/kaufen-alprox-2mg-xanax\/#primaryimage"},"thumbnailUrl":"https:\/\/medicinasinc.com\/de\/wp-content\/uploads\/sites\/6\/2022\/02\/Buy-Alprox-2mg.jpg","datePublished":"2022-02-20T20:39:42+00:00","dateModified":"2022-03-18T00:30:25+00:00","description":"Kaufen Sie Alprox 2 mg Tabletten online (Xanax). Alprox online kaufen, Alprox online kaufen, Alprox online kaufen, Xanax kaufen, Alprazolam Xanax 2 mg Tablette UK, Europa kaufen","breadcrumb":{"@id":"https:\/\/medicinasinc.com\/de\/product\/kaufen-alprox-2mg-xanax\/#breadcrumb"},"inLanguage":"de","potentialAction":[{"@type":"ReadAction","target":["https:\/\/medicinasinc.com\/de\/product\/kaufen-alprox-2mg-xanax\/"]}]},{"@type":"ImageObject","inLanguage":"de","@id":"https:\/\/medicinasinc.com\/de\/product\/kaufen-alprox-2mg-xanax\/#primaryimage","url":"https:\/\/medicinasinc.com\/de\/wp-content\/uploads\/sites\/6\/2022\/02\/Buy-Alprox-2mg.jpg","contentUrl":"https:\/\/medicinasinc.com\/de\/wp-content\/uploads\/sites\/6\/2022\/02\/Buy-Alprox-2mg.jpg","width":600,"height":600},{"@type":"BreadcrumbList","@id":"https:\/\/medicinasinc.com\/de\/product\/kaufen-alprox-2mg-xanax\/#breadcrumb","itemListElement":[{"@type":"ListItem","position":1,"name":"Einkaufen","item":"https:\/\/medicinasinc.com\/de\/einkaufen\/"},{"@type":"ListItem","position":2,"name":"Alprox 2mg (Xanax) kaufen"}]},{"@type":"WebSite","@id":"https:\/\/medicinasinc.com\/de\/#website","url":"https:\/\/medicinasinc.com\/de\/","name":"Medicinas Inc","description":"Health Medical Clinic","potentialAction":[{"@type":"SearchAction","target":{"@type":"EntryPoint","urlTemplate":"https:\/\/medicinasinc.com\/de\/?s={search_term_string}"},"query-input":{"@type":"PropertyValueSpecification","valueRequired":true,"valueName":"search_term_string"}}],"inLanguage":"de"}]}},"_links":{"self":[{"href":"https:\/\/medicinasinc.com\/de\/wp-json\/wp\/v2\/product\/5123","targetHints":{"allow":["GET"]}}],"collection":[{"href":"https:\/\/medicinasinc.com\/de\/wp-json\/wp\/v2\/product"}],"about":[{"href":"https:\/\/medicinasinc.com\/de\/wp-json\/wp\/v2\/types\/product"}],"replies":[{"embeddable":true,"href":"https:\/\/medicinasinc.com\/de\/wp-json\/wp\/v2\/comments?post=5123"}],"wp:featuredmedia":[{"embeddable":true,"href":"https:\/\/medicinasinc.com\/de\/wp-json\/wp\/v2\/media\/5140"}],"wp:attachment":[{"href":"https:\/\/medicinasinc.com\/de\/wp-json\/wp\/v2\/media?parent=5123"}],"wp:term":[{"taxonomy":"product_brand","embeddable":true,"href":"https:\/\/medicinasinc.com\/de\/wp-json\/wp\/v2\/product_brand?post=5123"},{"taxonomy":"product_cat","embeddable":true,"href":"https:\/\/medicinasinc.com\/de\/wp-json\/wp\/v2\/product_cat?post=5123"},{"taxonomy":"product_tag","embeddable":true,"href":"https:\/\/medicinasinc.com\/de\/wp-json\/wp\/v2\/product_tag?post=5123"}],"curies":[{"name":"wp","href":"https:\/\/api.w.org\/{rel}","templated":true}]}}