{"id":5122,"date":"2022-02-20T20:38:15","date_gmt":"2022-02-20T20:38:15","guid":{"rendered":"https:\/\/medicinasinc.com\/de\/?post_type=product&#038;p=5122"},"modified":"2022-03-18T00:30:39","modified_gmt":"2022-03-18T00:30:39","slug":"adderall-30-mg-kaufen","status":"publish","type":"product","link":"https:\/\/medicinasinc.com\/de\/product\/adderall-30-mg-kaufen\/","title":{"rendered":"Kaufen Sie Adderall 30 mg"},"content":{"rendered":"<p>Kaufen Sie Adderall 30 mg orale Pillen online mit Bitcoin. Dar\u00fcber hinaus wird es zur Behandlung von Aufmerksamkeitsdefizit-Hyperaktivit\u00e4tsst\u00f6rung (ADHS) und Narkolepsie eingesetzt.<\/p>\n<p>Kaufen Sie Adderall 30 mg online mit schneller weltweiter Lieferung aus unserer Global Med Online-Apotheke! Hier finden Sie das beste Adderall 30 mg zum Kauf!<\/p>\n<p>Adderall 30 MG ist ein verschreibungspflichtiges Medikament, das durch Mischen und Dextroamphetamin hergestellt wird. Diese beiden Komponenten wirken als die wichtigsten Stimulanzien des Nervensystems. Dar\u00fcber hinaus wirken sich diese Stimulanzien auf die Gehirnchemikalien und Neuronen aus, die Impulse und Hyperaktivit\u00e4t regulieren. Das Medikament wird haupts\u00e4chlich zur Behandlung von Narkolepsie und Aufmerksamkeitsdefizit-Hyperaktivit\u00e4tsst\u00f6rung (ADHS) eingesetzt. Der Konsum ist in einer begrenzten Anzahl von L\u00e4ndern erlaubt, n\u00e4mlich in Kanada und den Vereinigten Staaten.<\/p>\n<p>Das schwerwiegendste Problem beim Kauf von Adderall 30 mg online ist dieses Wort, das mit W beginnt<\/p>\n<p>Jede Tochter oder Junge wird mit einem ziemlich guten Ged\u00e4chtnis geboren.<\/p>\n<p>Kaufen Sie Adderall 30mg. Es besteht keine Rezeptpflicht. Der Versand erfolgt absolut sicher und diskret. Die Lieferung ist \u00fcber Nacht m\u00f6glich. Garantierte Geldr\u00fcckerstattung.<\/p>\n<p>Sie k\u00f6nnen Adderall-Pillen ohne Rezept online kaufen, Adderall auf dem PC \u00f6ffnen und Adderall online kaufen.<\/p>\n<p>Vorsichtsma\u00dfnahmen bei der Dosierung:<\/p>\n<p> Obwohl eine Person Adderall XR ben\u00f6tigen kann, sollte sie vor der ersten Dosis einen Arzt aufsuchen, wenn sie an einer Schilddr\u00fcsen\u00fcberfunktion, mittelschwerem bis schwerem Bluthochdruck, Glaukom, einem Herzleiden oder fr\u00fcherer Drogen- oder Alkoholabh\u00e4ngigkeit leidet. Dar\u00fcber hinaus wird dringend empfohlen, die Dosierung des Medikaments nicht zu missbrauchen, da dies zu schwerwiegenden negativen Auswirkungen auf das Herz oder im schlimmsten Fall zum Tod f\u00fchren kann.<\/p>\n<p>Positives Ergebnis:<\/p>\n<p> Wie bei jeder Substanz hat der Verzehr eine Reihe positiver und negativer Auswirkungen. Zus\u00e4tzlich hat Adderall 30 MG. Es wurde festgestellt, dass die Verwendung f\u00fcr einen k\u00fcrzeren Zeitraum, wie von einem Arzt empfohlen, eine positive Wirkung auf die Gesundheit einer Person hat, indem ADHS-Symptome verhindert werden. Dies geschieht aus folgenden Gr\u00fcnden:<\/p>\n<p>Es erh\u00f6ht den Spiegel von Neurotransmittern wie Dopamin und Noradrenalin in unserem Gehirn. Dar\u00fcber hinaus dienen diese spezifischen Verbindungen im Gehirn dazu, das Energieniveau, die Wachsamkeit und die Konzentration zu verbessern.<br \/> Das Medikament kann die Herzfrequenz beschleunigen und die Blutversorgung der Muskeln aufrechterhalten.<br \/> Eine konsequente Anwendung, wie von \u00c4rzten verschrieben, kann f\u00fchrt zu erh\u00f6hter Energie und Vitalit\u00e4t, was als vergleichbar mit Kokainkonsum angesehen wird.<br \/> Negatives Ergebnis:<\/p>\n<p>Aufgrund der Tatsache, dass Adderall 30 MG ein hochsensibles Medikament ist, sollte es ohne \u00e4rztlichen Rat eingenommen werden Verschreibungen k\u00f6nnen sich negativ auf Ihre Gesundheit auswirken.<\/p>\n<p>Reizbarkeit<br \/> Ungesunde Gewichtsabnahme infolge Appetitunterdr\u00fcckung<br \/> Schlaflosigkeit und Schlafst\u00f6rungen<br \/> Schwere Herzkomplikationen<\/p>\n<p>&nbsp;<\/p>\n<p>&nbsp;<\/p>\n<p>&nbsp;<\/p>\n<p>Bei Missbrauch:<\/p>\n<p>\u00c4rzte haben immer beraten Patienten, Medikamente vorsichtig zu verwenden, und wenn Adderall 30 MG missbraucht wurde, f\u00fchrte dies zu einem erh\u00f6hten Energieniveau und einer starken Kr\u00e4ftigung. Dar\u00fcber hinaus kann ein \u00fcberm\u00e4\u00dfiger Gebrauch der letzteren Substanz zu unangenehmen Symptomen f\u00fchren, wie:<\/p>\n<p>Verringerte Aufmerksamkeit bei bestimmten Aufgaben<br \/> Depression und Tr\u00e4gheit<br \/> Behalten Sie diese Erm\u00fcdungspunkte im Hinterkopf:<\/p>\n<p>Zus\u00e4tzlich sind vor der Anwendung von Adderall 30 MG einige Dinge zu beachten.<\/p>\n<p>Forscher rieten Personen davon ab, es einzunehmen, wenn sie MAO-Hemmer wie Linezolid, Methylenblau-Injektion, Isocarboxazid oder Rasagilin eingenommen hatten in den vorangegangenen 14 Tagen, da dies zu einer schweren pharmakologischen Wechselwirkung f\u00fchren k\u00f6nnte, die sicherlich ungesund ist.<\/p>\n<p>Au\u00dferdem sollte eine Person, die auf Stimulanzien allergisch ist, diese vermeiden oder wenn sie bereits damit zurechtkommt Folgendes:<\/p>\n<p>Jede schwere Koronararterien- oder Herzerkrankung<br \/> Bluthochdruck (normal bis hoch)<br \/> Angst und Stress auf Allzeithoch<br \/> Abh\u00e4ngigkeit von Drogen oder Alkohol<br \/> Was ist, wenn jemand von Adderall XR abh\u00e4ngig ist?<\/p>\n<p>Die Abh\u00e4ngigkeit von einer solchen Substanz kann sich auf zwei Arten manifestieren: psychisch und physisch.<\/p>\n<p>Wenn eine Person sie t\u00e4glich einnimmt und sie sich in ihr Leben einb\u00fcrgert, entwickelt sie eine psychische Abh\u00e4ngigkeit oder Sucht danach. Dar\u00fcber hinaus k\u00f6nnte die Einschr\u00e4nkung des Zugangs dazu aus irgendeinem Grund qu\u00e4lend sein, und psychisch abh\u00e4ngige Personen w\u00fcrden regelm\u00e4\u00dfig Stress oder Kopfschmerzen bekommen.<\/p>\n<p>Zus\u00e4tzlich eskaliert der Konsum f\u00fcr psychisch abh\u00e4ngige Personen h\u00e4ufig auf ein gef\u00e4hrliches Niveau, und sie sind dazu gezwungen auch unter Lebensgefahr weiter trinken. In diesem Fall ist jedoch ein Heilmittel verf\u00fcgbar. Dieses Verhaltensmuster kann durch eine psychiatrische Behandlung ver\u00e4ndert werden. Experten zufolge kann eine Therapie namens kognitive Verhaltenstherapie von Vorteil sein.<\/p>\n<p>Zweitens, wenn eine Person daran gew\u00f6hnt ist, einen h\u00f6heren Dopaminspiegel in ihrem Gehirn zu haben, kann die Reduzierung von Adderall XR zu einer Verringerung des Dopaminspiegels f\u00fchren Ebenen, was zu Folgendem f\u00fchrt:<\/p>\n<p>&nbsp;<\/p>\n<p>Depression oder Ersch\u00f6pfung<br \/> Unnat\u00fcrliches Schlafen oder ungew\u00f6hnlich langes Wachbleiben<\/p>\n<p>Das ist es Es ist notwendig, hier zu betonen, dass k\u00f6rperliche Abh\u00e4ngigkeit den Drang hervorrufen kann, mehr von der Substanz zu konsumieren, um die Befriedigung aufrechtzuerhalten, was zu einer Vielzahl von Nebenwirkungen und \u00dcberdosierungen f\u00fchren kann.<\/p>\n<p>Die Einnahme sollte jedoch nur unter fachkundiger Anleitung erfolgen oder mit \u00e4u\u00dferster Umsicht Menschen vor negativen Folgen sch\u00fctzen kann.<\/p>\n","protected":false},"excerpt":{"rendered":"<p>Kaufen Sie Adderall 30 mg in Gro\u00dfbritannien und Europa in unserer Online-Apotheke Best Global Meds mit schneller internationaler Lieferung! Hier finden Sie das beste Adderall 30 mg zum Kauf!<\/p>\n<p>Kaufen Sie Adderall 30 mg online. Kaufen Sie Adderall 30 mg online bei einem der gr\u00f6\u00dften Online-H\u00e4ndler zum besten Preis. Adderall ist auch als Amphetamin und Dextroamphetamin bekannt und wird zur Behandlung der Aufmerksamkeitsdefizit-Hyperaktivit\u00e4tsst\u00f6rung (ADHS) (Aufmerksamkeitsdefizit-Hyperaktivit\u00e4tsst\u00f6rung) verwendet.<\/p>\n<p>Adderall 30 MG ist ein verschreibungspflichtiges Medikament, das durch Mischen und Dextroamphetamin hergestellt wird. Diese beiden Komponenten wirken als die wichtigsten Stimulanzien des Nervensystems. Dar\u00fcber hinaus wirken sich diese Stimulanzien auf die Gehirnchemikalien und Neuronen aus, die Impulse und Hyperaktivit\u00e4t regulieren.<\/p>\n","protected":false},"featured_media":5138,"comment_status":"open","ping_status":"closed","template":"","meta":[],"product_brand":[],"product_cat":[1117],"product_tag":[1118,1121,1123,1119,1122,1120,1124],"class_list":{"0":"post-5122","1":"product","2":"type-product","3":"status-publish","4":"has-post-thumbnail","6":"product_cat-kaufen-sie-schmerz-schlaf-und-sexpillen","7":"product_tag-adderall-30-mg-zu-verkaufen","8":"product_tag-adderall-30-mg-online-bestellen","9":"product_tag-der-beste-ort-um-adderall-30-mg-online-zu-kaufen","10":"product_tag-kaufen-adderall-30-mg-online","11":"product_tag-purchase-adderall-30-mg-online","12":"product_tag-how-to-buy-adderall-30-mg-online","13":"product_tag-where-to-buy-adderall-30-mg-online","15":"first","16":"instock","17":"shipping-taxable","18":"purchasable","19":"product-type-variable","20":"has-default-attributes"},"yoast_head":"<!-- This site is optimized with the Yoast SEO plugin v27.3 - https:\/\/yoast.com\/product\/yoast-seo-wordpress\/ -->\n<title>Kaufen Sie Adderall 30 mg - Adderall 30 mg - Best Global Meds<\/title>\n<meta name=\"description\" content=\"Kaufen Sie Adderall 30 mg Tabletten online. Kaufen Sie Adderall online 30 mg bei einem der besten Online-H\u00e4ndler zum besten Preis. Adderall ist auch als Amphetamin und Dextroamphetamin bekannt und wird zur Behandlung von ADHS (Aufmerksamkeitsdefizit-Hyperaktivit\u00e4tsst\u00f6rung) verwendet.\" \/>\n<meta name=\"robots\" content=\"index, follow, max-snippet:-1, max-image-preview:large, max-video-preview:-1\" \/>\n<link rel=\"canonical\" href=\"https:\/\/medicinasinc.com\/de\/product\/adderall-30-mg-kaufen\/\" \/>\n<meta property=\"og:locale\" content=\"de_DE\" \/>\n<meta property=\"og:type\" content=\"article\" \/>\n<meta property=\"og:title\" content=\"Kaufen Sie Adderall 30 mg - Adderall 30 mg - Best Global Meds\" \/>\n<meta property=\"og:description\" content=\"Kaufen Sie Adderall 30 mg Tabletten online. Kaufen Sie Adderall online 30 mg bei einem der besten Online-H\u00e4ndler zum besten Preis. Adderall ist auch als Amphetamin und Dextroamphetamin bekannt und wird zur Behandlung von ADHS (Aufmerksamkeitsdefizit-Hyperaktivit\u00e4tsst\u00f6rung) verwendet.\" \/>\n<meta property=\"og:url\" content=\"https:\/\/medicinasinc.com\/de\/product\/adderall-30-mg-kaufen\/\" \/>\n<meta property=\"og:site_name\" content=\"Medicinas Inc\" \/>\n<meta property=\"article:modified_time\" content=\"2022-03-18T00:30:39+00:00\" \/>\n<meta property=\"og:image\" content=\"https:\/\/medicinasinc.com\/de\/wp-content\/uploads\/sites\/6\/2022\/02\/Buy-Adderall-30-MG.jpg\" \/>\n\t<meta property=\"og:image:width\" content=\"392\" \/>\n\t<meta property=\"og:image:height\" content=\"300\" \/>\n\t<meta property=\"og:image:type\" content=\"image\/jpeg\" \/>\n<meta name=\"twitter:card\" content=\"summary_large_image\" \/>\n<meta name=\"twitter:label1\" content=\"Gesch\u00e4tzte Lesezeit\" \/>\n\t<meta name=\"twitter:data1\" content=\"4\u00a0Minuten\" \/>\n<script type=\"application\/ld+json\" class=\"yoast-schema-graph\">{\"@context\":\"https:\\\/\\\/schema.org\",\"@graph\":[{\"@type\":\"WebPage\",\"@id\":\"https:\\\/\\\/medicinasinc.com\\\/de\\\/product\\\/adderall-30-mg-kaufen\\\/\",\"url\":\"https:\\\/\\\/medicinasinc.com\\\/de\\\/product\\\/adderall-30-mg-kaufen\\\/\",\"name\":\"Kaufen Sie Adderall 30 mg - Adderall 30 mg - Best Global Meds\",\"isPartOf\":{\"@id\":\"https:\\\/\\\/medicinasinc.com\\\/de\\\/#website\"},\"primaryImageOfPage\":{\"@id\":\"https:\\\/\\\/medicinasinc.com\\\/de\\\/product\\\/adderall-30-mg-kaufen\\\/#primaryimage\"},\"image\":{\"@id\":\"https:\\\/\\\/medicinasinc.com\\\/de\\\/product\\\/adderall-30-mg-kaufen\\\/#primaryimage\"},\"thumbnailUrl\":\"https:\\\/\\\/medicinasinc.com\\\/de\\\/wp-content\\\/uploads\\\/sites\\\/6\\\/2022\\\/02\\\/Buy-Adderall-30-MG.jpg\",\"datePublished\":\"2022-02-20T20:38:15+00:00\",\"dateModified\":\"2022-03-18T00:30:39+00:00\",\"description\":\"Kaufen Sie Adderall 30 mg Tabletten online. Kaufen Sie Adderall online 30 mg bei einem der besten Online-H\u00e4ndler zum besten Preis. Adderall ist auch als Amphetamin und Dextroamphetamin bekannt und wird zur Behandlung von ADHS (Aufmerksamkeitsdefizit-Hyperaktivit\u00e4tsst\u00f6rung) verwendet.\",\"breadcrumb\":{\"@id\":\"https:\\\/\\\/medicinasinc.com\\\/de\\\/product\\\/adderall-30-mg-kaufen\\\/#breadcrumb\"},\"inLanguage\":\"de\",\"potentialAction\":[{\"@type\":\"ReadAction\",\"target\":[\"https:\\\/\\\/medicinasinc.com\\\/de\\\/product\\\/adderall-30-mg-kaufen\\\/\"]}]},{\"@type\":\"ImageObject\",\"inLanguage\":\"de\",\"@id\":\"https:\\\/\\\/medicinasinc.com\\\/de\\\/product\\\/adderall-30-mg-kaufen\\\/#primaryimage\",\"url\":\"https:\\\/\\\/medicinasinc.com\\\/de\\\/wp-content\\\/uploads\\\/sites\\\/6\\\/2022\\\/02\\\/Buy-Adderall-30-MG.jpg\",\"contentUrl\":\"https:\\\/\\\/medicinasinc.com\\\/de\\\/wp-content\\\/uploads\\\/sites\\\/6\\\/2022\\\/02\\\/Buy-Adderall-30-MG.jpg\",\"width\":392,\"height\":300},{\"@type\":\"BreadcrumbList\",\"@id\":\"https:\\\/\\\/medicinasinc.com\\\/de\\\/product\\\/adderall-30-mg-kaufen\\\/#breadcrumb\",\"itemListElement\":[{\"@type\":\"ListItem\",\"position\":1,\"name\":\"Einkaufen\",\"item\":\"https:\\\/\\\/medicinasinc.com\\\/de\\\/einkaufen\\\/\"},{\"@type\":\"ListItem\",\"position\":2,\"name\":\"Kaufen Sie Adderall 30 mg\"}]},{\"@type\":\"WebSite\",\"@id\":\"https:\\\/\\\/medicinasinc.com\\\/de\\\/#website\",\"url\":\"https:\\\/\\\/medicinasinc.com\\\/de\\\/\",\"name\":\"Medicinas Inc\",\"description\":\"Health Medical Clinic\",\"potentialAction\":[{\"@type\":\"SearchAction\",\"target\":{\"@type\":\"EntryPoint\",\"urlTemplate\":\"https:\\\/\\\/medicinasinc.com\\\/de\\\/?s={search_term_string}\"},\"query-input\":{\"@type\":\"PropertyValueSpecification\",\"valueRequired\":true,\"valueName\":\"search_term_string\"}}],\"inLanguage\":\"de\"}]}<\/script>\n<!-- \/ Yoast SEO plugin. -->","yoast_head_json":{"title":"Kaufen Sie Adderall 30 mg - Adderall 30 mg - Best Global Meds","description":"Kaufen Sie Adderall 30 mg Tabletten online. Kaufen Sie Adderall online 30 mg bei einem der besten Online-H\u00e4ndler zum besten Preis. Adderall ist auch als Amphetamin und Dextroamphetamin bekannt und wird zur Behandlung von ADHS (Aufmerksamkeitsdefizit-Hyperaktivit\u00e4tsst\u00f6rung) verwendet.","robots":{"index":"index","follow":"follow","max-snippet":"max-snippet:-1","max-image-preview":"max-image-preview:large","max-video-preview":"max-video-preview:-1"},"canonical":"https:\/\/medicinasinc.com\/de\/product\/adderall-30-mg-kaufen\/","og_locale":"de_DE","og_type":"article","og_title":"Kaufen Sie Adderall 30 mg - Adderall 30 mg - Best Global Meds","og_description":"Kaufen Sie Adderall 30 mg Tabletten online. Kaufen Sie Adderall online 30 mg bei einem der besten Online-H\u00e4ndler zum besten Preis. Adderall ist auch als Amphetamin und Dextroamphetamin bekannt und wird zur Behandlung von ADHS (Aufmerksamkeitsdefizit-Hyperaktivit\u00e4tsst\u00f6rung) verwendet.","og_url":"https:\/\/medicinasinc.com\/de\/product\/adderall-30-mg-kaufen\/","og_site_name":"Medicinas Inc","article_modified_time":"2022-03-18T00:30:39+00:00","og_image":[{"width":392,"height":300,"url":"https:\/\/medicinasinc.com\/de\/wp-content\/uploads\/sites\/6\/2022\/02\/Buy-Adderall-30-MG.jpg","type":"image\/jpeg"}],"twitter_card":"summary_large_image","twitter_misc":{"Gesch\u00e4tzte Lesezeit":"4\u00a0Minuten"},"schema":{"@context":"https:\/\/schema.org","@graph":[{"@type":"WebPage","@id":"https:\/\/medicinasinc.com\/de\/product\/adderall-30-mg-kaufen\/","url":"https:\/\/medicinasinc.com\/de\/product\/adderall-30-mg-kaufen\/","name":"Kaufen Sie Adderall 30 mg - Adderall 30 mg - Best Global Meds","isPartOf":{"@id":"https:\/\/medicinasinc.com\/de\/#website"},"primaryImageOfPage":{"@id":"https:\/\/medicinasinc.com\/de\/product\/adderall-30-mg-kaufen\/#primaryimage"},"image":{"@id":"https:\/\/medicinasinc.com\/de\/product\/adderall-30-mg-kaufen\/#primaryimage"},"thumbnailUrl":"https:\/\/medicinasinc.com\/de\/wp-content\/uploads\/sites\/6\/2022\/02\/Buy-Adderall-30-MG.jpg","datePublished":"2022-02-20T20:38:15+00:00","dateModified":"2022-03-18T00:30:39+00:00","description":"Kaufen Sie Adderall 30 mg Tabletten online. Kaufen Sie Adderall online 30 mg bei einem der besten Online-H\u00e4ndler zum besten Preis. Adderall ist auch als Amphetamin und Dextroamphetamin bekannt und wird zur Behandlung von ADHS (Aufmerksamkeitsdefizit-Hyperaktivit\u00e4tsst\u00f6rung) verwendet.","breadcrumb":{"@id":"https:\/\/medicinasinc.com\/de\/product\/adderall-30-mg-kaufen\/#breadcrumb"},"inLanguage":"de","potentialAction":[{"@type":"ReadAction","target":["https:\/\/medicinasinc.com\/de\/product\/adderall-30-mg-kaufen\/"]}]},{"@type":"ImageObject","inLanguage":"de","@id":"https:\/\/medicinasinc.com\/de\/product\/adderall-30-mg-kaufen\/#primaryimage","url":"https:\/\/medicinasinc.com\/de\/wp-content\/uploads\/sites\/6\/2022\/02\/Buy-Adderall-30-MG.jpg","contentUrl":"https:\/\/medicinasinc.com\/de\/wp-content\/uploads\/sites\/6\/2022\/02\/Buy-Adderall-30-MG.jpg","width":392,"height":300},{"@type":"BreadcrumbList","@id":"https:\/\/medicinasinc.com\/de\/product\/adderall-30-mg-kaufen\/#breadcrumb","itemListElement":[{"@type":"ListItem","position":1,"name":"Einkaufen","item":"https:\/\/medicinasinc.com\/de\/einkaufen\/"},{"@type":"ListItem","position":2,"name":"Kaufen Sie Adderall 30 mg"}]},{"@type":"WebSite","@id":"https:\/\/medicinasinc.com\/de\/#website","url":"https:\/\/medicinasinc.com\/de\/","name":"Medicinas Inc","description":"Health Medical Clinic","potentialAction":[{"@type":"SearchAction","target":{"@type":"EntryPoint","urlTemplate":"https:\/\/medicinasinc.com\/de\/?s={search_term_string}"},"query-input":{"@type":"PropertyValueSpecification","valueRequired":true,"valueName":"search_term_string"}}],"inLanguage":"de"}]}},"_links":{"self":[{"href":"https:\/\/medicinasinc.com\/de\/wp-json\/wp\/v2\/product\/5122","targetHints":{"allow":["GET"]}}],"collection":[{"href":"https:\/\/medicinasinc.com\/de\/wp-json\/wp\/v2\/product"}],"about":[{"href":"https:\/\/medicinasinc.com\/de\/wp-json\/wp\/v2\/types\/product"}],"replies":[{"embeddable":true,"href":"https:\/\/medicinasinc.com\/de\/wp-json\/wp\/v2\/comments?post=5122"}],"wp:featuredmedia":[{"embeddable":true,"href":"https:\/\/medicinasinc.com\/de\/wp-json\/wp\/v2\/media\/5138"}],"wp:attachment":[{"href":"https:\/\/medicinasinc.com\/de\/wp-json\/wp\/v2\/media?parent=5122"}],"wp:term":[{"taxonomy":"product_brand","embeddable":true,"href":"https:\/\/medicinasinc.com\/de\/wp-json\/wp\/v2\/product_brand?post=5122"},{"taxonomy":"product_cat","embeddable":true,"href":"https:\/\/medicinasinc.com\/de\/wp-json\/wp\/v2\/product_cat?post=5122"},{"taxonomy":"product_tag","embeddable":true,"href":"https:\/\/medicinasinc.com\/de\/wp-json\/wp\/v2\/product_tag?post=5122"}],"curies":[{"name":"wp","href":"https:\/\/api.w.org\/{rel}","templated":true}]}}