{"id":5096,"date":"2022-02-20T20:15:06","date_gmt":"2022-02-20T20:15:06","guid":{"rendered":"https:\/\/medicinasinc.com\/de\/?post_type=product&#038;p=5096"},"modified":"2022-03-18T00:30:48","modified_gmt":"2022-03-18T00:30:48","slug":"grapefruit-unkraut-sorte","status":"publish","type":"product","link":"https:\/\/medicinasinc.com\/de\/product\/grapefruit-unkraut-sorte\/","title":{"rendered":"Grapefruit-Weed-Sorte"},"content":{"rendered":"<p><strong>Online-Kauf von hochwertigem Grapefruit-Marihuana<\/strong><\/p>\n<p>Grapefruit ist eine fast reine Sativa-Sorte. Sie entstand durch die Kreuzung von Cinderella 99 mit einer unbekannten Sativa mit Grapefruitgeschmack. Dies ist keine Freizeit-Marihuana-Sorte; es bietet auch eine F\u00fclle von medizinischen Eigenschaften. Nach ein paar Z\u00fcgen f\u00fchlen Sie sich weniger gestresst, deprimiert und haben weniger Schmerzen.<\/p>\n<p><strong>Sativa<\/strong>\u00a0\u2013 100\u00a0%<\/p>\n<p><strong>THC<\/strong>: 17-20 %<\/p>\n<h3><strong>Wichtige Versandinformationen<\/strong><\/h3>\n<ul>\n<li><strong>KOSTENLOSER Versand f\u00fcr Bestellungen ab 175 $<\/strong><\/li>\n<li>Wir befinden uns an der Westk\u00fcste Kanadas<\/li>\n<li><strong>Es dauert ungef\u00e4hr 3 Werktage, bis die Bestellung eintrifft<\/strong>\u00a0nachdem die Canada Post das Paket erhalten hat *vorausgesetzt, es gibt keine Verz\u00f6gerungen aus Kanada Post*<\/li>\n<li>Pakete werden basierend auf dem Zeitpunkt\u00a0<strong>des Zahlungseingangs<\/strong>\u00a0versandt, NICHT des Zeitpunkts der Bestellung.<\/li>\n<li>Bestellungen mit Zahlungseingang zwischen 12:00\u00a0Uhr PST und 12:00\u00a0Uhr PST (Mitternacht bis Mittag) wird am selben Tag versendet.<\/li>\n<li>Bestellungen mit Zahlungseingang nach 12:00 Uhr PST (Mittag) werden am n\u00e4chsten Tag versendet.<\/li>\n<\/ul>\n<div class=\" Produkt-n\u00e4chstes-vorheriges\">\n<div class=\"product-prev\"><\/div><\/div>\n","protected":false},"excerpt":{"rendered":"<div class=\"woocommerce-product-details__short-description\">\n<p>Grapefruit ist eine hochwirksame Sativa-Marihuana-Sorte, die durch Kreuzung von Cinderella 99 mit Grapefruit entstanden ist. Grapefruit hat revitalisierende Eigenschaften und l\u00f6st ein Gef\u00fchl der Fr\u00f6hlichkeit aus. Diese Sorte hat ein tropisches Geschmacksprofil und einen Zitrusduft.<\/p>\n<p>Grapefruit-Marihuana-Sorte kaufen ist eine hochwirksame Sativa-Marihuana-Sorte, die durch Kreuzung von Cinderella 99 mit Grapefruit geschaffen wurde. Grapefruit-Marihuana-Sorte zum Verkauf online<\/p>\n<p>Grapefruit-Marihuana der h\u00f6chsten online verf\u00fcgbaren Qualit\u00e4t.<\/p>\n<p>Grapefruit-Cannabis ist eine Sativa-Sorte. 70\u00a0% Dominanter Sativa-Hybrid \/ 30\u00a0% Indica THC: 20\u00a0%\u201325\u00a0%, CBN: 1\u00a0%<\/p>\n<\/p><\/div>\n","protected":false},"featured_media":5115,"comment_status":"open","ping_status":"closed","template":"","meta":[],"product_brand":[],"product_cat":[778],"product_tag":[1061,1062,1063,1064,1069,1070,1071,1072,1077,1078,1079,1080,1085,1086,1087,1088,1089,1094,1095,1096,1097,1102,1103,1104,1105,1110,1111,1112,1113,1116,1083,1115,1060,1065,1084,1073,1075,1066,1076,1081,1082,1067,1068,1074,1091,1093,1101,1092,1107,1108,1109,1100,1090,1114,1098,1106,1099],"class_list":{"0":"post-5096","1":"product","2":"type-product","3":"status-publish","4":"has-post-thumbnail","6":"product_cat-unkraut-zu-verkaufen","7":"product_tag-buy-grapefruit-strain-online-in-austria","8":"product_tag-buy-grapefruit-strain-online-in-belarus","9":"product_tag-buy-grapefruit-strain-online-in-bulgary","10":"product_tag-buy-grapefruit-strain-online-in-canada","11":"product_tag-buy-grapefruit-strain-online-in-finland","12":"product_tag-buy-grapefruit-strain-online-in-france","13":"product_tag-buy-grapefruit-strain-online-in-germany","14":"product_tag-buy-grapefruit-strain-online-in-hungary","15":"product_tag-buy-grapefruit-strain-online-in-mexico","16":"product_tag-buy-grapefruit-strain-online-in-new-zealand","17":"product_tag-buy-grapefruit-strain-online-in-pillipines","18":"product_tag-buy-grapefruit-strain-online-in-russia","19":"product_tag-buy-grapefruit-strain-online-in-usa","20":"product_tag-buy-grapefruit-strain-online-online-in-uk","21":"product_tag-buy-grapefruit-weed-strain-online","22":"product_tag-buy-weed-online-in-australia","23":"product_tag-buy-weed-online-in-austria","24":"product_tag-buy-weed-online-in-croatia","25":"product_tag-buy-weed-online-in-denmark","26":"product_tag-buy-weed-online-in-england","27":"product_tag-buy-weed-online-in-finland","28":"product_tag-buy-weed-online-in-italy","29":"product_tag-buy-weed-online-in-japan","30":"product_tag-buy-weed-online-in-malta","31":"product_tag-buy-weed-online-in-mexico","32":"product_tag-buy-weed-online-in-spain","33":"product_tag-buy-weed-online-in-switzerland","34":"product_tag-buy-weed-online-in-turkey","35":"product_tag-buy-weed-online-in-usa","36":"product_tag-grapefruit-weed-for-sale-online","37":"product_tag-kauf-grapefruit-sorte-online-in-der-schweiz","38":"product_tag-billig-grapefruit-marihuana-zum-verkauf-online","39":"product_tag-kaufen-grapefruit-sorte-online-in-australien","40":"product_tag-kaufen-grapefruit-sorte-online-in-china","41":"product_tag-kaufen-grapefruit-sorte-online-in-der-turkei","42":"product_tag-kaufen-grapefruit-sorte-online-in-irland","43":"product_tag-kaufen-grapefruit-sorte-online-in-japan","44":"product_tag-kaufe-grapefruit-sorte-online-in-kroatien","45":"product_tag-kaufen-grapefruit-sorte-online-in-malta","46":"product_tag-kaufen-grapefruit-sorte-online-in-schottland","47":"product_tag-kaufe-grapefruit-sorte-online-in-spanien","48":"product_tag-kaufen-grapefruit-sorte-online-in-dnemark","49":"product_tag-kaufen-grapefruit-sorte-online-in-england","50":"product_tag-kaufen-grapefruit-sorte-online-in-italien","51":"product_tag-weed-online-in-bulgarien-kaufen","52":"product_tag-unkraut-online-in-china-kaufen","53":"product_tag-kaufen-gras-online-in-irland","54":"product_tag-kaufen-gras-online-in-kanada","55":"product_tag-kaufen-gras-online-in-pillipines","56":"product_tag-kaufen-gras-online-in-russland","57":"product_tag-kaufen-gras-online-in-schottland","58":"product_tag-weed-online-in-ungarn-kaufen","59":"product_tag-weed-online-in-weissrussland-kaufen","60":"product_tag-unkraut-online-online-in-uk-kaufen","61":"product_tag-weed-online-in-frankreich-kaufen","62":"product_tag-weed-online-in-neuseeland-kaufen","63":"product_tag-weed-online-in-deutschland-kaufen","65":"first","66":"instock","67":"shipping-taxable","68":"purchasable","69":"product-type-variable","70":"has-default-attributes"},"yoast_head":"<!-- This site is optimized with the Yoast SEO plugin v27.3 - https:\/\/yoast.com\/product\/yoast-seo-wordpress\/ -->\n<title>Kaufen Sie Grapefruit Weed Strain - Best Best Global Meds<\/title>\n<meta name=\"description\" content=\"Kaufen Sie Grapefruit Weed Strain ist eine starke Sativa-Marihuana-Sorte, die durch eine Kreuzung von Cinderella 99 hergestellt wurde. Kaufen Sie Grapefruit-Marihuana-Sorte online\" \/>\n<meta name=\"robots\" content=\"index, follow, max-snippet:-1, max-image-preview:large, max-video-preview:-1\" \/>\n<link rel=\"canonical\" href=\"https:\/\/medicinasinc.com\/de\/product\/grapefruit-unkraut-sorte\/\" \/>\n<meta property=\"og:locale\" content=\"de_DE\" \/>\n<meta property=\"og:type\" content=\"article\" \/>\n<meta property=\"og:title\" content=\"Kaufen Sie Grapefruit Weed Strain - Best Best Global Meds\" \/>\n<meta property=\"og:description\" content=\"Kaufen Sie Grapefruit Weed Strain ist eine starke Sativa-Marihuana-Sorte, die durch eine Kreuzung von Cinderella 99 hergestellt wurde. Kaufen Sie Grapefruit-Marihuana-Sorte online\" \/>\n<meta property=\"og:url\" content=\"https:\/\/medicinasinc.com\/de\/product\/grapefruit-unkraut-sorte\/\" \/>\n<meta property=\"og:site_name\" content=\"Medicinas Inc\" \/>\n<meta property=\"article:modified_time\" content=\"2022-03-18T00:30:48+00:00\" \/>\n<meta property=\"og:image\" content=\"https:\/\/medicinasinc.com\/de\/wp-content\/uploads\/sites\/6\/2022\/02\/Buy-Grapefruit-Weed-Strain.jpg\" \/>\n\t<meta property=\"og:image:width\" content=\"600\" \/>\n\t<meta property=\"og:image:height\" content=\"600\" \/>\n\t<meta property=\"og:image:type\" content=\"image\/jpeg\" \/>\n<meta name=\"twitter:card\" content=\"summary_large_image\" \/>\n<meta name=\"twitter:label1\" content=\"Gesch\u00e4tzte Lesezeit\" \/>\n\t<meta name=\"twitter:data1\" content=\"1\u00a0Minute\" \/>\n<script type=\"application\/ld+json\" class=\"yoast-schema-graph\">{\"@context\":\"https:\\\/\\\/schema.org\",\"@graph\":[{\"@type\":\"WebPage\",\"@id\":\"https:\\\/\\\/medicinasinc.com\\\/de\\\/product\\\/grapefruit-unkraut-sorte\\\/\",\"url\":\"https:\\\/\\\/medicinasinc.com\\\/de\\\/product\\\/grapefruit-unkraut-sorte\\\/\",\"name\":\"Kaufen Sie Grapefruit Weed Strain - Best Best Global Meds\",\"isPartOf\":{\"@id\":\"https:\\\/\\\/medicinasinc.com\\\/de\\\/#website\"},\"primaryImageOfPage\":{\"@id\":\"https:\\\/\\\/medicinasinc.com\\\/de\\\/product\\\/grapefruit-unkraut-sorte\\\/#primaryimage\"},\"image\":{\"@id\":\"https:\\\/\\\/medicinasinc.com\\\/de\\\/product\\\/grapefruit-unkraut-sorte\\\/#primaryimage\"},\"thumbnailUrl\":\"https:\\\/\\\/medicinasinc.com\\\/de\\\/wp-content\\\/uploads\\\/sites\\\/6\\\/2022\\\/02\\\/Buy-Grapefruit-Weed-Strain.jpg\",\"datePublished\":\"2022-02-20T20:15:06+00:00\",\"dateModified\":\"2022-03-18T00:30:48+00:00\",\"description\":\"Kaufen Sie Grapefruit Weed Strain ist eine starke Sativa-Marihuana-Sorte, die durch eine Kreuzung von Cinderella 99 hergestellt wurde. Kaufen Sie Grapefruit-Marihuana-Sorte online\",\"breadcrumb\":{\"@id\":\"https:\\\/\\\/medicinasinc.com\\\/de\\\/product\\\/grapefruit-unkraut-sorte\\\/#breadcrumb\"},\"inLanguage\":\"de\",\"potentialAction\":[{\"@type\":\"ReadAction\",\"target\":[\"https:\\\/\\\/medicinasinc.com\\\/de\\\/product\\\/grapefruit-unkraut-sorte\\\/\"]}]},{\"@type\":\"ImageObject\",\"inLanguage\":\"de\",\"@id\":\"https:\\\/\\\/medicinasinc.com\\\/de\\\/product\\\/grapefruit-unkraut-sorte\\\/#primaryimage\",\"url\":\"https:\\\/\\\/medicinasinc.com\\\/de\\\/wp-content\\\/uploads\\\/sites\\\/6\\\/2022\\\/02\\\/Buy-Grapefruit-Weed-Strain.jpg\",\"contentUrl\":\"https:\\\/\\\/medicinasinc.com\\\/de\\\/wp-content\\\/uploads\\\/sites\\\/6\\\/2022\\\/02\\\/Buy-Grapefruit-Weed-Strain.jpg\",\"width\":600,\"height\":600},{\"@type\":\"BreadcrumbList\",\"@id\":\"https:\\\/\\\/medicinasinc.com\\\/de\\\/product\\\/grapefruit-unkraut-sorte\\\/#breadcrumb\",\"itemListElement\":[{\"@type\":\"ListItem\",\"position\":1,\"name\":\"Einkaufen\",\"item\":\"https:\\\/\\\/medicinasinc.com\\\/de\\\/einkaufen\\\/\"},{\"@type\":\"ListItem\",\"position\":2,\"name\":\"Grapefruit-Weed-Sorte\"}]},{\"@type\":\"WebSite\",\"@id\":\"https:\\\/\\\/medicinasinc.com\\\/de\\\/#website\",\"url\":\"https:\\\/\\\/medicinasinc.com\\\/de\\\/\",\"name\":\"Medicinas Inc\",\"description\":\"Health Medical Clinic\",\"potentialAction\":[{\"@type\":\"SearchAction\",\"target\":{\"@type\":\"EntryPoint\",\"urlTemplate\":\"https:\\\/\\\/medicinasinc.com\\\/de\\\/?s={search_term_string}\"},\"query-input\":{\"@type\":\"PropertyValueSpecification\",\"valueRequired\":true,\"valueName\":\"search_term_string\"}}],\"inLanguage\":\"de\"}]}<\/script>\n<!-- \/ Yoast SEO plugin. -->","yoast_head_json":{"title":"Kaufen Sie Grapefruit Weed Strain - Best Best Global Meds","description":"Kaufen Sie Grapefruit Weed Strain ist eine starke Sativa-Marihuana-Sorte, die durch eine Kreuzung von Cinderella 99 hergestellt wurde. Kaufen Sie Grapefruit-Marihuana-Sorte online","robots":{"index":"index","follow":"follow","max-snippet":"max-snippet:-1","max-image-preview":"max-image-preview:large","max-video-preview":"max-video-preview:-1"},"canonical":"https:\/\/medicinasinc.com\/de\/product\/grapefruit-unkraut-sorte\/","og_locale":"de_DE","og_type":"article","og_title":"Kaufen Sie Grapefruit Weed Strain - Best Best Global Meds","og_description":"Kaufen Sie Grapefruit Weed Strain ist eine starke Sativa-Marihuana-Sorte, die durch eine Kreuzung von Cinderella 99 hergestellt wurde. Kaufen Sie Grapefruit-Marihuana-Sorte online","og_url":"https:\/\/medicinasinc.com\/de\/product\/grapefruit-unkraut-sorte\/","og_site_name":"Medicinas Inc","article_modified_time":"2022-03-18T00:30:48+00:00","og_image":[{"width":600,"height":600,"url":"https:\/\/medicinasinc.com\/de\/wp-content\/uploads\/sites\/6\/2022\/02\/Buy-Grapefruit-Weed-Strain.jpg","type":"image\/jpeg"}],"twitter_card":"summary_large_image","twitter_misc":{"Gesch\u00e4tzte Lesezeit":"1\u00a0Minute"},"schema":{"@context":"https:\/\/schema.org","@graph":[{"@type":"WebPage","@id":"https:\/\/medicinasinc.com\/de\/product\/grapefruit-unkraut-sorte\/","url":"https:\/\/medicinasinc.com\/de\/product\/grapefruit-unkraut-sorte\/","name":"Kaufen Sie Grapefruit Weed Strain - Best Best Global Meds","isPartOf":{"@id":"https:\/\/medicinasinc.com\/de\/#website"},"primaryImageOfPage":{"@id":"https:\/\/medicinasinc.com\/de\/product\/grapefruit-unkraut-sorte\/#primaryimage"},"image":{"@id":"https:\/\/medicinasinc.com\/de\/product\/grapefruit-unkraut-sorte\/#primaryimage"},"thumbnailUrl":"https:\/\/medicinasinc.com\/de\/wp-content\/uploads\/sites\/6\/2022\/02\/Buy-Grapefruit-Weed-Strain.jpg","datePublished":"2022-02-20T20:15:06+00:00","dateModified":"2022-03-18T00:30:48+00:00","description":"Kaufen Sie Grapefruit Weed Strain ist eine starke Sativa-Marihuana-Sorte, die durch eine Kreuzung von Cinderella 99 hergestellt wurde. Kaufen Sie Grapefruit-Marihuana-Sorte online","breadcrumb":{"@id":"https:\/\/medicinasinc.com\/de\/product\/grapefruit-unkraut-sorte\/#breadcrumb"},"inLanguage":"de","potentialAction":[{"@type":"ReadAction","target":["https:\/\/medicinasinc.com\/de\/product\/grapefruit-unkraut-sorte\/"]}]},{"@type":"ImageObject","inLanguage":"de","@id":"https:\/\/medicinasinc.com\/de\/product\/grapefruit-unkraut-sorte\/#primaryimage","url":"https:\/\/medicinasinc.com\/de\/wp-content\/uploads\/sites\/6\/2022\/02\/Buy-Grapefruit-Weed-Strain.jpg","contentUrl":"https:\/\/medicinasinc.com\/de\/wp-content\/uploads\/sites\/6\/2022\/02\/Buy-Grapefruit-Weed-Strain.jpg","width":600,"height":600},{"@type":"BreadcrumbList","@id":"https:\/\/medicinasinc.com\/de\/product\/grapefruit-unkraut-sorte\/#breadcrumb","itemListElement":[{"@type":"ListItem","position":1,"name":"Einkaufen","item":"https:\/\/medicinasinc.com\/de\/einkaufen\/"},{"@type":"ListItem","position":2,"name":"Grapefruit-Weed-Sorte"}]},{"@type":"WebSite","@id":"https:\/\/medicinasinc.com\/de\/#website","url":"https:\/\/medicinasinc.com\/de\/","name":"Medicinas Inc","description":"Health Medical Clinic","potentialAction":[{"@type":"SearchAction","target":{"@type":"EntryPoint","urlTemplate":"https:\/\/medicinasinc.com\/de\/?s={search_term_string}"},"query-input":{"@type":"PropertyValueSpecification","valueRequired":true,"valueName":"search_term_string"}}],"inLanguage":"de"}]}},"_links":{"self":[{"href":"https:\/\/medicinasinc.com\/de\/wp-json\/wp\/v2\/product\/5096","targetHints":{"allow":["GET"]}}],"collection":[{"href":"https:\/\/medicinasinc.com\/de\/wp-json\/wp\/v2\/product"}],"about":[{"href":"https:\/\/medicinasinc.com\/de\/wp-json\/wp\/v2\/types\/product"}],"replies":[{"embeddable":true,"href":"https:\/\/medicinasinc.com\/de\/wp-json\/wp\/v2\/comments?post=5096"}],"wp:featuredmedia":[{"embeddable":true,"href":"https:\/\/medicinasinc.com\/de\/wp-json\/wp\/v2\/media\/5115"}],"wp:attachment":[{"href":"https:\/\/medicinasinc.com\/de\/wp-json\/wp\/v2\/media?parent=5096"}],"wp:term":[{"taxonomy":"product_brand","embeddable":true,"href":"https:\/\/medicinasinc.com\/de\/wp-json\/wp\/v2\/product_brand?post=5096"},{"taxonomy":"product_cat","embeddable":true,"href":"https:\/\/medicinasinc.com\/de\/wp-json\/wp\/v2\/product_cat?post=5096"},{"taxonomy":"product_tag","embeddable":true,"href":"https:\/\/medicinasinc.com\/de\/wp-json\/wp\/v2\/product_tag?post=5096"}],"curies":[{"name":"wp","href":"https:\/\/api.w.org\/{rel}","templated":true}]}}