{"id":5095,"date":"2022-02-20T20:14:14","date_gmt":"2022-02-20T20:14:14","guid":{"rendered":"https:\/\/medicinasinc.com\/de\/?post_type=product&#038;p=5095"},"modified":"2022-03-18T00:30:59","modified_gmt":"2022-03-18T00:30:59","slug":"thunfisch","status":"publish","type":"product","link":"https:\/\/medicinasinc.com\/de\/product\/thunfisch\/","title":{"rendered":"Thunfisch"},"content":{"rendered":"<p><strong>Knospengr\u00f6\u00dfe: Mittel<\/strong><br \/> <strong>Textur: Leicht klebrig \/ Leicht klebrig<br \/> Geschmack: Erdig \/ Holzig \/ Scharf<\/strong><\/p>\n<div class=\"product-next- previous\">\n<div class=\"product-prev\">Tuna Kush ist ein Ph\u00e4nomen aus British Columbia, das auf den nordamerikanischen M\u00e4rkten f\u00fcr medizinisches Cannabis ein Comeback feiert. Diese Sorte wurde als eine der st\u00e4rksten auf dem Markt bezeichnet und erzeugt kompakte, dicke Nuggets, die dicht mit Harz \u00fcberzogen sind. W\u00e4hrend Tuna Kush nicht f\u00fcr hohe Ertr\u00e4ge bekannt ist, wird das, was aus diesen d\u00fcnneren Stielen herauskommt, stark und geschmackvoll sein. Davon abgesehen, wenn diese Sorte den Weg in Deinen Anbau findet, solltest Du vielleicht Deine Aktivkohlefilter verbessern, da diese Knospen stinken! Erwarten Sie eine Kombination aus scharfem Skunk, Treibstoff und einer zarten S\u00fc\u00dfe.<\/div><\/div>\n","protected":false},"excerpt":{"rendered":"<p>Buy Tuna Kush ist eine der potentesten Indica-Cannabissorten, die zum Verkauf angeboten werden. Ein Zug wird ein tiefes Gef\u00fchl der Erheiterung und Entspannung hervorrufen.<\/p>\n<p>Bluefin Tuna Kush ist eine Indica-dominante Hybridsorte, die das Beste aus Blueberry und dem ber\u00fchmten Tuna Kush aus BC kombiniert.<\/p>\n","protected":false},"featured_media":5113,"comment_status":"open","ping_status":"closed","template":"","meta":[],"product_brand":[],"product_cat":[778],"product_tag":[],"class_list":{"0":"post-5095","1":"product","2":"type-product","3":"status-publish","4":"has-post-thumbnail","6":"product_cat-unkraut-zu-verkaufen","8":"first","9":"instock","10":"shipping-taxable","11":"purchasable","12":"product-type-variable","13":"has-default-attributes"},"yoast_head":"<!-- This site is optimized with the Yoast SEO plugin v27.3 - https:\/\/yoast.com\/product\/yoast-seo-wordpress\/ -->\n<title>Kaufen Sie Tuna Kush - Tuna Kush - Best Global Meds<\/title>\n<meta name=\"description\" content=\"Tuna Kush Weed zum Verkauf kaufen ist eine der potentesten verf\u00fcgbaren Indica-Cannabissorten. Ein Zug versetzt Sie in einen tiefen Zustand der Euphorie und Entspannung.\" \/>\n<meta name=\"robots\" content=\"index, follow, max-snippet:-1, max-image-preview:large, max-video-preview:-1\" \/>\n<link rel=\"canonical\" href=\"https:\/\/medicinasinc.com\/de\/product\/thunfisch\/\" \/>\n<meta property=\"og:locale\" content=\"de_DE\" \/>\n<meta property=\"og:type\" content=\"article\" \/>\n<meta property=\"og:title\" content=\"Kaufen Sie Tuna Kush - Tuna Kush - Best Global Meds\" \/>\n<meta property=\"og:description\" content=\"Tuna Kush Weed zum Verkauf kaufen ist eine der potentesten verf\u00fcgbaren Indica-Cannabissorten. Ein Zug versetzt Sie in einen tiefen Zustand der Euphorie und Entspannung.\" \/>\n<meta property=\"og:url\" content=\"https:\/\/medicinasinc.com\/de\/product\/thunfisch\/\" \/>\n<meta property=\"og:site_name\" content=\"Medicinas Inc\" \/>\n<meta property=\"article:modified_time\" content=\"2022-03-18T00:30:59+00:00\" \/>\n<meta property=\"og:image\" content=\"https:\/\/medicinasinc.com\/de\/wp-content\/uploads\/sites\/6\/2022\/02\/Buy-Tuna-Kush.jpg\" \/>\n\t<meta property=\"og:image:width\" content=\"1024\" \/>\n\t<meta property=\"og:image:height\" content=\"768\" \/>\n\t<meta property=\"og:image:type\" content=\"image\/jpeg\" \/>\n<meta name=\"twitter:card\" content=\"summary_large_image\" \/>\n<meta name=\"twitter:label1\" content=\"Gesch\u00e4tzte Lesezeit\" \/>\n\t<meta name=\"twitter:data1\" content=\"1\u00a0Minute\" \/>\n<script type=\"application\/ld+json\" class=\"yoast-schema-graph\">{\"@context\":\"https:\\\/\\\/schema.org\",\"@graph\":[{\"@type\":\"WebPage\",\"@id\":\"https:\\\/\\\/medicinasinc.com\\\/de\\\/product\\\/thunfisch\\\/\",\"url\":\"https:\\\/\\\/medicinasinc.com\\\/de\\\/product\\\/thunfisch\\\/\",\"name\":\"Kaufen Sie Tuna Kush - Tuna Kush - Best Global Meds\",\"isPartOf\":{\"@id\":\"https:\\\/\\\/medicinasinc.com\\\/de\\\/#website\"},\"primaryImageOfPage\":{\"@id\":\"https:\\\/\\\/medicinasinc.com\\\/de\\\/product\\\/thunfisch\\\/#primaryimage\"},\"image\":{\"@id\":\"https:\\\/\\\/medicinasinc.com\\\/de\\\/product\\\/thunfisch\\\/#primaryimage\"},\"thumbnailUrl\":\"https:\\\/\\\/medicinasinc.com\\\/de\\\/wp-content\\\/uploads\\\/sites\\\/6\\\/2022\\\/02\\\/Buy-Tuna-Kush.jpg\",\"datePublished\":\"2022-02-20T20:14:14+00:00\",\"dateModified\":\"2022-03-18T00:30:59+00:00\",\"description\":\"Tuna Kush Weed zum Verkauf kaufen ist eine der potentesten verf\u00fcgbaren Indica-Cannabissorten. Ein Zug versetzt Sie in einen tiefen Zustand der Euphorie und Entspannung.\",\"breadcrumb\":{\"@id\":\"https:\\\/\\\/medicinasinc.com\\\/de\\\/product\\\/thunfisch\\\/#breadcrumb\"},\"inLanguage\":\"de\",\"potentialAction\":[{\"@type\":\"ReadAction\",\"target\":[\"https:\\\/\\\/medicinasinc.com\\\/de\\\/product\\\/thunfisch\\\/\"]}]},{\"@type\":\"ImageObject\",\"inLanguage\":\"de\",\"@id\":\"https:\\\/\\\/medicinasinc.com\\\/de\\\/product\\\/thunfisch\\\/#primaryimage\",\"url\":\"https:\\\/\\\/medicinasinc.com\\\/de\\\/wp-content\\\/uploads\\\/sites\\\/6\\\/2022\\\/02\\\/Buy-Tuna-Kush.jpg\",\"contentUrl\":\"https:\\\/\\\/medicinasinc.com\\\/de\\\/wp-content\\\/uploads\\\/sites\\\/6\\\/2022\\\/02\\\/Buy-Tuna-Kush.jpg\",\"width\":1024,\"height\":768},{\"@type\":\"BreadcrumbList\",\"@id\":\"https:\\\/\\\/medicinasinc.com\\\/de\\\/product\\\/thunfisch\\\/#breadcrumb\",\"itemListElement\":[{\"@type\":\"ListItem\",\"position\":1,\"name\":\"Einkaufen\",\"item\":\"https:\\\/\\\/medicinasinc.com\\\/de\\\/einkaufen\\\/\"},{\"@type\":\"ListItem\",\"position\":2,\"name\":\"Thunfisch\"}]},{\"@type\":\"WebSite\",\"@id\":\"https:\\\/\\\/medicinasinc.com\\\/de\\\/#website\",\"url\":\"https:\\\/\\\/medicinasinc.com\\\/de\\\/\",\"name\":\"Medicinas Inc\",\"description\":\"Health Medical Clinic\",\"potentialAction\":[{\"@type\":\"SearchAction\",\"target\":{\"@type\":\"EntryPoint\",\"urlTemplate\":\"https:\\\/\\\/medicinasinc.com\\\/de\\\/?s={search_term_string}\"},\"query-input\":{\"@type\":\"PropertyValueSpecification\",\"valueRequired\":true,\"valueName\":\"search_term_string\"}}],\"inLanguage\":\"de\"}]}<\/script>\n<!-- \/ Yoast SEO plugin. -->","yoast_head_json":{"title":"Kaufen Sie Tuna Kush - Tuna Kush - Best Global Meds","description":"Tuna Kush Weed zum Verkauf kaufen ist eine der potentesten verf\u00fcgbaren Indica-Cannabissorten. Ein Zug versetzt Sie in einen tiefen Zustand der Euphorie und Entspannung.","robots":{"index":"index","follow":"follow","max-snippet":"max-snippet:-1","max-image-preview":"max-image-preview:large","max-video-preview":"max-video-preview:-1"},"canonical":"https:\/\/medicinasinc.com\/de\/product\/thunfisch\/","og_locale":"de_DE","og_type":"article","og_title":"Kaufen Sie Tuna Kush - Tuna Kush - Best Global Meds","og_description":"Tuna Kush Weed zum Verkauf kaufen ist eine der potentesten verf\u00fcgbaren Indica-Cannabissorten. Ein Zug versetzt Sie in einen tiefen Zustand der Euphorie und Entspannung.","og_url":"https:\/\/medicinasinc.com\/de\/product\/thunfisch\/","og_site_name":"Medicinas Inc","article_modified_time":"2022-03-18T00:30:59+00:00","og_image":[{"width":1024,"height":768,"url":"https:\/\/medicinasinc.com\/de\/wp-content\/uploads\/sites\/6\/2022\/02\/Buy-Tuna-Kush.jpg","type":"image\/jpeg"}],"twitter_card":"summary_large_image","twitter_misc":{"Gesch\u00e4tzte Lesezeit":"1\u00a0Minute"},"schema":{"@context":"https:\/\/schema.org","@graph":[{"@type":"WebPage","@id":"https:\/\/medicinasinc.com\/de\/product\/thunfisch\/","url":"https:\/\/medicinasinc.com\/de\/product\/thunfisch\/","name":"Kaufen Sie Tuna Kush - Tuna Kush - Best Global Meds","isPartOf":{"@id":"https:\/\/medicinasinc.com\/de\/#website"},"primaryImageOfPage":{"@id":"https:\/\/medicinasinc.com\/de\/product\/thunfisch\/#primaryimage"},"image":{"@id":"https:\/\/medicinasinc.com\/de\/product\/thunfisch\/#primaryimage"},"thumbnailUrl":"https:\/\/medicinasinc.com\/de\/wp-content\/uploads\/sites\/6\/2022\/02\/Buy-Tuna-Kush.jpg","datePublished":"2022-02-20T20:14:14+00:00","dateModified":"2022-03-18T00:30:59+00:00","description":"Tuna Kush Weed zum Verkauf kaufen ist eine der potentesten verf\u00fcgbaren Indica-Cannabissorten. Ein Zug versetzt Sie in einen tiefen Zustand der Euphorie und Entspannung.","breadcrumb":{"@id":"https:\/\/medicinasinc.com\/de\/product\/thunfisch\/#breadcrumb"},"inLanguage":"de","potentialAction":[{"@type":"ReadAction","target":["https:\/\/medicinasinc.com\/de\/product\/thunfisch\/"]}]},{"@type":"ImageObject","inLanguage":"de","@id":"https:\/\/medicinasinc.com\/de\/product\/thunfisch\/#primaryimage","url":"https:\/\/medicinasinc.com\/de\/wp-content\/uploads\/sites\/6\/2022\/02\/Buy-Tuna-Kush.jpg","contentUrl":"https:\/\/medicinasinc.com\/de\/wp-content\/uploads\/sites\/6\/2022\/02\/Buy-Tuna-Kush.jpg","width":1024,"height":768},{"@type":"BreadcrumbList","@id":"https:\/\/medicinasinc.com\/de\/product\/thunfisch\/#breadcrumb","itemListElement":[{"@type":"ListItem","position":1,"name":"Einkaufen","item":"https:\/\/medicinasinc.com\/de\/einkaufen\/"},{"@type":"ListItem","position":2,"name":"Thunfisch"}]},{"@type":"WebSite","@id":"https:\/\/medicinasinc.com\/de\/#website","url":"https:\/\/medicinasinc.com\/de\/","name":"Medicinas Inc","description":"Health Medical Clinic","potentialAction":[{"@type":"SearchAction","target":{"@type":"EntryPoint","urlTemplate":"https:\/\/medicinasinc.com\/de\/?s={search_term_string}"},"query-input":{"@type":"PropertyValueSpecification","valueRequired":true,"valueName":"search_term_string"}}],"inLanguage":"de"}]}},"_links":{"self":[{"href":"https:\/\/medicinasinc.com\/de\/wp-json\/wp\/v2\/product\/5095","targetHints":{"allow":["GET"]}}],"collection":[{"href":"https:\/\/medicinasinc.com\/de\/wp-json\/wp\/v2\/product"}],"about":[{"href":"https:\/\/medicinasinc.com\/de\/wp-json\/wp\/v2\/types\/product"}],"replies":[{"embeddable":true,"href":"https:\/\/medicinasinc.com\/de\/wp-json\/wp\/v2\/comments?post=5095"}],"wp:featuredmedia":[{"embeddable":true,"href":"https:\/\/medicinasinc.com\/de\/wp-json\/wp\/v2\/media\/5113"}],"wp:attachment":[{"href":"https:\/\/medicinasinc.com\/de\/wp-json\/wp\/v2\/media?parent=5095"}],"wp:term":[{"taxonomy":"product_brand","embeddable":true,"href":"https:\/\/medicinasinc.com\/de\/wp-json\/wp\/v2\/product_brand?post=5095"},{"taxonomy":"product_cat","embeddable":true,"href":"https:\/\/medicinasinc.com\/de\/wp-json\/wp\/v2\/product_cat?post=5095"},{"taxonomy":"product_tag","embeddable":true,"href":"https:\/\/medicinasinc.com\/de\/wp-json\/wp\/v2\/product_tag?post=5095"}],"curies":[{"name":"wp","href":"https:\/\/api.w.org\/{rel}","templated":true}]}}