{"id":5094,"date":"2022-02-20T20:12:57","date_gmt":"2022-02-20T20:12:57","guid":{"rendered":"https:\/\/medicinasinc.com\/de\/?post_type=product&#038;p=5094"},"modified":"2022-03-18T00:31:11","modified_gmt":"2022-03-18T00:31:11","slug":"kaufen-pink-kush","status":"publish","type":"product","link":"https:\/\/medicinasinc.com\/de\/product\/kaufen-pink-kush\/","title":{"rendered":"Pink Kush kaufen"},"content":{"rendered":"<p><strong>Online-Kauf von Pink Kush<\/strong><\/p>\n<p>Pink Kush ist wie ihre Schwester OG Kush ein sehr gefragter indicadominierter Hybrid mit starker k\u00f6rperbetonter Wirkung. Rosa H\u00e4rchen wachsen aus hellgr\u00fcnen Knospen, die unter einer Schicht zuckerartiger Trichome kaum sichtbar sind und einen s\u00fc\u00dfen Vanille- und Bonbonduft verleihen. Die Wirksamkeit dieser Sorte gilt als \u00fcberw\u00e4ltigend, und es wurde festgestellt, dass selbst winzige Dosen Schmerzen, Schlaflosigkeit und Appetitlosigkeit lindern. Die Bl\u00fctezeit von Pink Kush dauert 10 bis 11 Wochen, aber die enormen Ertr\u00e4ge erstklassiger Knospen machen das Warten lohnenswert.<\/p>\n<div class=\"product-next- previous\">\n<div class=\"product-prev\"><\/div><\/div>\n","protected":false},"excerpt":{"rendered":"<p>Kaufen Sie Pink Kush-Cannabis und andere AAA+-Cannabissorten in Europas beliebtester Online-Apotheke. Geben Sie Ihre Bestellung noch heute auf und profitieren Sie von der kostenlosen Lieferung f\u00fcr alle Bestellungen \u00fcber 150 $!<\/p>\n<p>Pink Kush ist, wie ihre Schwester OG Kush, ein sehr gefragter indicadominierter Hybrid mit starker k\u00f6rperbetonter Wirkung.<\/p>\n<div>\n<p class=\"percentage\"><span class=\"heading\">THC:\u00a0<\/span>25\u00a0%<\/p>\n<\/p><\/div>\n<div class=\"panel-heading\">Kann lindern <i class=\"fa fa-info-circle\" title=\"Haftungsausschluss: Alle Informationen zu Cannabissorten, die auf dieser Website angezeigt werden, basieren auf Benutzerbewertungen. Die angezeigten Sortendaten sollten als informatives Werkzeug und nicht als medizinische Empfehlung behandelt werden. Bitte konsultieren Sie Ihren Arzt, bevor Sie Cannabis f\u00fcr medizinische Zwecke verwenden.\" data-toggle=\"tooltip\" data-placement=\"right\"><\/i><\/div>\n<div class=\"panel-body well tags-list\">Appetitverlust,\u00a0chronische Schmerzen,\u00a0Depression,\u00a0Schlaflosigkeit,\u00a0\u00dcbelkeit<\/div>\n<ul>\n<li>AAAA repr\u00e4sentiert das Beste vom Besten!<\/li>\n<li>Kontaktieren Sie uns f\u00fcr Gro\u00dfhandelsbestellungen<\/li>\n<li>Weltweiter Versand.<\/li>\n<\/ul>\n","protected":false},"featured_media":5111,"comment_status":"open","ping_status":"closed","template":"","meta":[],"product_brand":[],"product_cat":[778],"product_tag":[1058,1052,1049,634,1050,1053,1051,1055,1054,1056,1057,1059],"class_list":{"0":"post-5094","1":"product","2":"type-product","3":"status-publish","4":"has-post-thumbnail","6":"product_cat-unkraut-zu-verkaufen","7":"product_tag-freizeit-marihuana-apotheke","8":"product_tag-hybrid-unkraut-stmme","9":"product_tag-kaufen-cannabis-online-uk","10":"product_tag-kaufen-marihuana-online-uk","11":"product_tag-kaufen-medizinisches-marihuana-online-uk","12":"product_tag-marihuana-sorten-online","13":"product_tag-kaufen-nembutal","14":"product_tag-online-medical-marijuana-sales","15":"product_tag-online-marihuana-verkauf","16":"product_tag-oxycontin-80-mg","17":"product_tag-pain-tablets-for-sale","18":"product_tag-weed-zu-verkaufen-in-italien","20":"first","21":"instock","22":"shipping-taxable","23":"purchasable","24":"product-type-variable","25":"has-default-attributes"},"yoast_head":"<!-- This site is optimized with the Yoast SEO plugin v27.3 - https:\/\/yoast.com\/product\/yoast-seo-wordpress\/ -->\n<title>Kaufen Sie Pink Kush online - die besten besten globalen Medikamente<\/title>\n<meta name=\"description\" content=\"Kaufen Sie die Marihuana-Sorte Pink Kush und mehr AAA+-Gras in der beliebtesten Online-Apotheke Europas. Bestellen Sie noch heute und erhalten Sie kostenlosen Versand f\u00fcr alle Bestellungen \u00fcber 150 $!\" \/>\n<meta name=\"robots\" content=\"index, follow, max-snippet:-1, max-image-preview:large, max-video-preview:-1\" \/>\n<link rel=\"canonical\" href=\"https:\/\/medicinasinc.com\/de\/product\/kaufen-pink-kush\/\" \/>\n<meta property=\"og:locale\" content=\"de_DE\" \/>\n<meta property=\"og:type\" content=\"article\" \/>\n<meta property=\"og:title\" content=\"Kaufen Sie Pink Kush online - die besten besten globalen Medikamente\" \/>\n<meta property=\"og:description\" content=\"Kaufen Sie die Marihuana-Sorte Pink Kush und mehr AAA+-Gras in der beliebtesten Online-Apotheke Europas. Bestellen Sie noch heute und erhalten Sie kostenlosen Versand f\u00fcr alle Bestellungen \u00fcber 150 $!\" \/>\n<meta property=\"og:url\" content=\"https:\/\/medicinasinc.com\/de\/product\/kaufen-pink-kush\/\" \/>\n<meta property=\"og:site_name\" content=\"Medicinas Inc\" \/>\n<meta property=\"article:modified_time\" content=\"2022-03-18T00:31:11+00:00\" \/>\n<meta property=\"og:image\" content=\"https:\/\/medicinasinc.com\/de\/wp-content\/uploads\/sites\/6\/2022\/02\/Buy-Pink-Kush.jpg\" \/>\n\t<meta property=\"og:image:width\" content=\"450\" \/>\n\t<meta property=\"og:image:height\" content=\"450\" \/>\n\t<meta property=\"og:image:type\" content=\"image\/jpeg\" \/>\n<meta name=\"twitter:card\" content=\"summary_large_image\" \/>\n<meta name=\"twitter:label1\" content=\"Gesch\u00e4tzte Lesezeit\" \/>\n\t<meta name=\"twitter:data1\" content=\"1\u00a0Minute\" \/>\n<script type=\"application\/ld+json\" class=\"yoast-schema-graph\">{\"@context\":\"https:\\\/\\\/schema.org\",\"@graph\":[{\"@type\":\"WebPage\",\"@id\":\"https:\\\/\\\/medicinasinc.com\\\/de\\\/product\\\/kaufen-pink-kush\\\/\",\"url\":\"https:\\\/\\\/medicinasinc.com\\\/de\\\/product\\\/kaufen-pink-kush\\\/\",\"name\":\"Kaufen Sie Pink Kush online - die besten besten globalen Medikamente\",\"isPartOf\":{\"@id\":\"https:\\\/\\\/medicinasinc.com\\\/de\\\/#website\"},\"primaryImageOfPage\":{\"@id\":\"https:\\\/\\\/medicinasinc.com\\\/de\\\/product\\\/kaufen-pink-kush\\\/#primaryimage\"},\"image\":{\"@id\":\"https:\\\/\\\/medicinasinc.com\\\/de\\\/product\\\/kaufen-pink-kush\\\/#primaryimage\"},\"thumbnailUrl\":\"https:\\\/\\\/medicinasinc.com\\\/de\\\/wp-content\\\/uploads\\\/sites\\\/6\\\/2022\\\/02\\\/Buy-Pink-Kush.jpg\",\"datePublished\":\"2022-02-20T20:12:57+00:00\",\"dateModified\":\"2022-03-18T00:31:11+00:00\",\"description\":\"Kaufen Sie die Marihuana-Sorte Pink Kush und mehr AAA+-Gras in der beliebtesten Online-Apotheke Europas. Bestellen Sie noch heute und erhalten Sie kostenlosen Versand f\u00fcr alle Bestellungen \u00fcber 150 $!\",\"breadcrumb\":{\"@id\":\"https:\\\/\\\/medicinasinc.com\\\/de\\\/product\\\/kaufen-pink-kush\\\/#breadcrumb\"},\"inLanguage\":\"de\",\"potentialAction\":[{\"@type\":\"ReadAction\",\"target\":[\"https:\\\/\\\/medicinasinc.com\\\/de\\\/product\\\/kaufen-pink-kush\\\/\"]}]},{\"@type\":\"ImageObject\",\"inLanguage\":\"de\",\"@id\":\"https:\\\/\\\/medicinasinc.com\\\/de\\\/product\\\/kaufen-pink-kush\\\/#primaryimage\",\"url\":\"https:\\\/\\\/medicinasinc.com\\\/de\\\/wp-content\\\/uploads\\\/sites\\\/6\\\/2022\\\/02\\\/Buy-Pink-Kush.jpg\",\"contentUrl\":\"https:\\\/\\\/medicinasinc.com\\\/de\\\/wp-content\\\/uploads\\\/sites\\\/6\\\/2022\\\/02\\\/Buy-Pink-Kush.jpg\",\"width\":450,\"height\":450},{\"@type\":\"BreadcrumbList\",\"@id\":\"https:\\\/\\\/medicinasinc.com\\\/de\\\/product\\\/kaufen-pink-kush\\\/#breadcrumb\",\"itemListElement\":[{\"@type\":\"ListItem\",\"position\":1,\"name\":\"Einkaufen\",\"item\":\"https:\\\/\\\/medicinasinc.com\\\/de\\\/einkaufen\\\/\"},{\"@type\":\"ListItem\",\"position\":2,\"name\":\"Pink Kush kaufen\"}]},{\"@type\":\"WebSite\",\"@id\":\"https:\\\/\\\/medicinasinc.com\\\/de\\\/#website\",\"url\":\"https:\\\/\\\/medicinasinc.com\\\/de\\\/\",\"name\":\"Medicinas Inc\",\"description\":\"Health Medical Clinic\",\"potentialAction\":[{\"@type\":\"SearchAction\",\"target\":{\"@type\":\"EntryPoint\",\"urlTemplate\":\"https:\\\/\\\/medicinasinc.com\\\/de\\\/?s={search_term_string}\"},\"query-input\":{\"@type\":\"PropertyValueSpecification\",\"valueRequired\":true,\"valueName\":\"search_term_string\"}}],\"inLanguage\":\"de\"}]}<\/script>\n<!-- \/ Yoast SEO plugin. -->","yoast_head_json":{"title":"Kaufen Sie Pink Kush online - die besten besten globalen Medikamente","description":"Kaufen Sie die Marihuana-Sorte Pink Kush und mehr AAA+-Gras in der beliebtesten Online-Apotheke Europas. Bestellen Sie noch heute und erhalten Sie kostenlosen Versand f\u00fcr alle Bestellungen \u00fcber 150 $!","robots":{"index":"index","follow":"follow","max-snippet":"max-snippet:-1","max-image-preview":"max-image-preview:large","max-video-preview":"max-video-preview:-1"},"canonical":"https:\/\/medicinasinc.com\/de\/product\/kaufen-pink-kush\/","og_locale":"de_DE","og_type":"article","og_title":"Kaufen Sie Pink Kush online - die besten besten globalen Medikamente","og_description":"Kaufen Sie die Marihuana-Sorte Pink Kush und mehr AAA+-Gras in der beliebtesten Online-Apotheke Europas. Bestellen Sie noch heute und erhalten Sie kostenlosen Versand f\u00fcr alle Bestellungen \u00fcber 150 $!","og_url":"https:\/\/medicinasinc.com\/de\/product\/kaufen-pink-kush\/","og_site_name":"Medicinas Inc","article_modified_time":"2022-03-18T00:31:11+00:00","og_image":[{"width":450,"height":450,"url":"https:\/\/medicinasinc.com\/de\/wp-content\/uploads\/sites\/6\/2022\/02\/Buy-Pink-Kush.jpg","type":"image\/jpeg"}],"twitter_card":"summary_large_image","twitter_misc":{"Gesch\u00e4tzte Lesezeit":"1\u00a0Minute"},"schema":{"@context":"https:\/\/schema.org","@graph":[{"@type":"WebPage","@id":"https:\/\/medicinasinc.com\/de\/product\/kaufen-pink-kush\/","url":"https:\/\/medicinasinc.com\/de\/product\/kaufen-pink-kush\/","name":"Kaufen Sie Pink Kush online - die besten besten globalen Medikamente","isPartOf":{"@id":"https:\/\/medicinasinc.com\/de\/#website"},"primaryImageOfPage":{"@id":"https:\/\/medicinasinc.com\/de\/product\/kaufen-pink-kush\/#primaryimage"},"image":{"@id":"https:\/\/medicinasinc.com\/de\/product\/kaufen-pink-kush\/#primaryimage"},"thumbnailUrl":"https:\/\/medicinasinc.com\/de\/wp-content\/uploads\/sites\/6\/2022\/02\/Buy-Pink-Kush.jpg","datePublished":"2022-02-20T20:12:57+00:00","dateModified":"2022-03-18T00:31:11+00:00","description":"Kaufen Sie die Marihuana-Sorte Pink Kush und mehr AAA+-Gras in der beliebtesten Online-Apotheke Europas. Bestellen Sie noch heute und erhalten Sie kostenlosen Versand f\u00fcr alle Bestellungen \u00fcber 150 $!","breadcrumb":{"@id":"https:\/\/medicinasinc.com\/de\/product\/kaufen-pink-kush\/#breadcrumb"},"inLanguage":"de","potentialAction":[{"@type":"ReadAction","target":["https:\/\/medicinasinc.com\/de\/product\/kaufen-pink-kush\/"]}]},{"@type":"ImageObject","inLanguage":"de","@id":"https:\/\/medicinasinc.com\/de\/product\/kaufen-pink-kush\/#primaryimage","url":"https:\/\/medicinasinc.com\/de\/wp-content\/uploads\/sites\/6\/2022\/02\/Buy-Pink-Kush.jpg","contentUrl":"https:\/\/medicinasinc.com\/de\/wp-content\/uploads\/sites\/6\/2022\/02\/Buy-Pink-Kush.jpg","width":450,"height":450},{"@type":"BreadcrumbList","@id":"https:\/\/medicinasinc.com\/de\/product\/kaufen-pink-kush\/#breadcrumb","itemListElement":[{"@type":"ListItem","position":1,"name":"Einkaufen","item":"https:\/\/medicinasinc.com\/de\/einkaufen\/"},{"@type":"ListItem","position":2,"name":"Pink Kush kaufen"}]},{"@type":"WebSite","@id":"https:\/\/medicinasinc.com\/de\/#website","url":"https:\/\/medicinasinc.com\/de\/","name":"Medicinas Inc","description":"Health Medical Clinic","potentialAction":[{"@type":"SearchAction","target":{"@type":"EntryPoint","urlTemplate":"https:\/\/medicinasinc.com\/de\/?s={search_term_string}"},"query-input":{"@type":"PropertyValueSpecification","valueRequired":true,"valueName":"search_term_string"}}],"inLanguage":"de"}]}},"_links":{"self":[{"href":"https:\/\/medicinasinc.com\/de\/wp-json\/wp\/v2\/product\/5094","targetHints":{"allow":["GET"]}}],"collection":[{"href":"https:\/\/medicinasinc.com\/de\/wp-json\/wp\/v2\/product"}],"about":[{"href":"https:\/\/medicinasinc.com\/de\/wp-json\/wp\/v2\/types\/product"}],"replies":[{"embeddable":true,"href":"https:\/\/medicinasinc.com\/de\/wp-json\/wp\/v2\/comments?post=5094"}],"wp:featuredmedia":[{"embeddable":true,"href":"https:\/\/medicinasinc.com\/de\/wp-json\/wp\/v2\/media\/5111"}],"wp:attachment":[{"href":"https:\/\/medicinasinc.com\/de\/wp-json\/wp\/v2\/media?parent=5094"}],"wp:term":[{"taxonomy":"product_brand","embeddable":true,"href":"https:\/\/medicinasinc.com\/de\/wp-json\/wp\/v2\/product_brand?post=5094"},{"taxonomy":"product_cat","embeddable":true,"href":"https:\/\/medicinasinc.com\/de\/wp-json\/wp\/v2\/product_cat?post=5094"},{"taxonomy":"product_tag","embeddable":true,"href":"https:\/\/medicinasinc.com\/de\/wp-json\/wp\/v2\/product_tag?post=5094"}],"curies":[{"name":"wp","href":"https:\/\/api.w.org\/{rel}","templated":true}]}}