{"id":5070,"date":"2022-02-20T19:52:54","date_gmt":"2022-02-20T19:52:54","guid":{"rendered":"https:\/\/medicinasinc.com\/de\/?post_type=product&#038;p=5070"},"modified":"2022-03-18T00:31:36","modified_gmt":"2022-03-18T00:31:36","slug":"kauf-super-sauer-skunk","status":"publish","type":"product","link":"https:\/\/medicinasinc.com\/de\/product\/kauf-super-sauer-skunk\/","title":{"rendered":"Kaufen Sie Super Sour Skunk"},"content":{"rendered":"<h1 class=\"product_title entry-title\">Super Sour Skunk Marihuana online kaufen Spezifikationen f\u00fcr die Super Sour Diesel Autoflower-Sorte<\/h1>\n<p>Typ: Sativa-dominant<br \/> Genetik Eltern: Sour Diesel X Super Silver Haze<br \/> Bl\u00fctezeit: 9 bis 11 Wochen<br \/> Klima: sonnig \/ mediterran<br \/> Ertrag: 315 g\/m\u00b2 drinnen \/ 370 g\/Pflanze drau\u00dfen<br \/> Geschmack: w\u00fcrzig, sauer, Diesel, scharf, erdig <br \/> THC-Gehalt: 18 %-24 %<br \/> CBD-Gehalt: 1 %<br \/> H\u00f6he: Hoch<br \/> Erntezeit: Ende Oktober<br \/> Anbauschwierigkeit: Moderat<\/p>\n<div class=\"product-next- previous\">\n<div class=\"product-prev\"><\/div><\/div>\n","protected":false},"excerpt":{"rendered":"<p>Super Sour Skunk Marihuana zum Verkauf in Gro\u00dfbritannien und Europa zum besten Preis. Wir bieten einen sicheren internationalen Versand.<\/p>\n<p>Kaufen Sie Super Sour Skunk in Ihrer N\u00e4he. Online-Bestellung aufgeben. Abholung oder Lieferung am selben Tag.<\/p>\n<p>Kaufen Sie Dosenetiketten von Super Sour Skunk Cali Thunfisch in Dispensary Packaging Novelty. Wir haben 1000 St\u00fcck auf Lager und sind versandbereit. Zus\u00e4tzlich sind benutzerdefinierte Cali-Designs verf\u00fcgbar.<\/p>\n<p>.<\/p>\n","protected":false},"featured_media":5089,"comment_status":"open","ping_status":"closed","template":"","meta":[],"product_brand":[],"product_cat":[778],"product_tag":[1036,1038,1037,1033,1034,1035,1039,1040],"class_list":{"0":"post-5070","1":"product","2":"type-product","3":"status-publish","4":"has-post-thumbnail","6":"product_cat-unkraut-zu-verkaufen","7":"product_tag-sour-skunk-strain-allbud","8":"product_tag-sour-skunk-strain-leafly","9":"product_tag-sour-skunk-strain-indica-oder-sativa","10":"product_tag-sour-skunk-auto","11":"product_tag-sour-skunk-cbd","12":"product_tag-sour-skunk-and-strain","13":"product_tag-super-stinktier","14":"product_tag-super-sauer-skunk-schwarz","16":"first","17":"instock","18":"shipping-taxable","19":"purchasable","20":"product-type-variable","21":"has-default-attributes"},"yoast_head":"<!-- This site is optimized with the Yoast SEO plugin v27.3 - https:\/\/yoast.com\/product\/yoast-seo-wordpress\/ -->\n<title>Kaufen Sie Super Sour Skunk Marihuana online - Best Best Global Meds<\/title>\n<meta name=\"description\" content=\"Kaufen Sie Super Sour Skunk Marihuana zum Verkauf in Gro\u00dfbritannien, Europa online zum besten Preis. Wir garantieren einen sicheren weltweiten Versand\" \/>\n<meta name=\"robots\" content=\"index, follow, max-snippet:-1, max-image-preview:large, max-video-preview:-1\" \/>\n<link rel=\"canonical\" href=\"https:\/\/medicinasinc.com\/de\/product\/kauf-super-sauer-skunk\/\" \/>\n<meta property=\"og:locale\" content=\"de_DE\" \/>\n<meta property=\"og:type\" content=\"article\" \/>\n<meta property=\"og:title\" content=\"Kaufen Sie Super Sour Skunk Marihuana online - Best Best Global Meds\" \/>\n<meta property=\"og:description\" content=\"Kaufen Sie Super Sour Skunk Marihuana zum Verkauf in Gro\u00dfbritannien, Europa online zum besten Preis. Wir garantieren einen sicheren weltweiten Versand\" \/>\n<meta property=\"og:url\" content=\"https:\/\/medicinasinc.com\/de\/product\/kauf-super-sauer-skunk\/\" \/>\n<meta property=\"og:site_name\" content=\"Medicinas Inc\" \/>\n<meta property=\"article:modified_time\" content=\"2022-03-18T00:31:36+00:00\" \/>\n<meta property=\"og:image\" content=\"https:\/\/medicinasinc.com\/de\/wp-content\/uploads\/sites\/6\/2022\/02\/Buy-Super-Sour-Skunk.jpg\" \/>\n\t<meta property=\"og:image:width\" content=\"667\" \/>\n\t<meta property=\"og:image:height\" content=\"1000\" \/>\n\t<meta property=\"og:image:type\" content=\"image\/jpeg\" \/>\n<meta name=\"twitter:card\" content=\"summary_large_image\" \/>\n<meta name=\"twitter:label1\" content=\"Gesch\u00e4tzte Lesezeit\" \/>\n\t<meta name=\"twitter:data1\" content=\"1\u00a0Minute\" \/>\n<script type=\"application\/ld+json\" class=\"yoast-schema-graph\">{\"@context\":\"https:\\\/\\\/schema.org\",\"@graph\":[{\"@type\":\"WebPage\",\"@id\":\"https:\\\/\\\/medicinasinc.com\\\/de\\\/product\\\/kauf-super-sauer-skunk\\\/\",\"url\":\"https:\\\/\\\/medicinasinc.com\\\/de\\\/product\\\/kauf-super-sauer-skunk\\\/\",\"name\":\"Kaufen Sie Super Sour Skunk Marihuana online - Best Best Global Meds\",\"isPartOf\":{\"@id\":\"https:\\\/\\\/medicinasinc.com\\\/de\\\/#website\"},\"primaryImageOfPage\":{\"@id\":\"https:\\\/\\\/medicinasinc.com\\\/de\\\/product\\\/kauf-super-sauer-skunk\\\/#primaryimage\"},\"image\":{\"@id\":\"https:\\\/\\\/medicinasinc.com\\\/de\\\/product\\\/kauf-super-sauer-skunk\\\/#primaryimage\"},\"thumbnailUrl\":\"https:\\\/\\\/medicinasinc.com\\\/de\\\/wp-content\\\/uploads\\\/sites\\\/6\\\/2022\\\/02\\\/Buy-Super-Sour-Skunk.jpg\",\"datePublished\":\"2022-02-20T19:52:54+00:00\",\"dateModified\":\"2022-03-18T00:31:36+00:00\",\"description\":\"Kaufen Sie Super Sour Skunk Marihuana zum Verkauf in Gro\u00dfbritannien, Europa online zum besten Preis. Wir garantieren einen sicheren weltweiten Versand\",\"breadcrumb\":{\"@id\":\"https:\\\/\\\/medicinasinc.com\\\/de\\\/product\\\/kauf-super-sauer-skunk\\\/#breadcrumb\"},\"inLanguage\":\"de\",\"potentialAction\":[{\"@type\":\"ReadAction\",\"target\":[\"https:\\\/\\\/medicinasinc.com\\\/de\\\/product\\\/kauf-super-sauer-skunk\\\/\"]}]},{\"@type\":\"ImageObject\",\"inLanguage\":\"de\",\"@id\":\"https:\\\/\\\/medicinasinc.com\\\/de\\\/product\\\/kauf-super-sauer-skunk\\\/#primaryimage\",\"url\":\"https:\\\/\\\/medicinasinc.com\\\/de\\\/wp-content\\\/uploads\\\/sites\\\/6\\\/2022\\\/02\\\/Buy-Super-Sour-Skunk.jpg\",\"contentUrl\":\"https:\\\/\\\/medicinasinc.com\\\/de\\\/wp-content\\\/uploads\\\/sites\\\/6\\\/2022\\\/02\\\/Buy-Super-Sour-Skunk.jpg\",\"width\":667,\"height\":1000},{\"@type\":\"BreadcrumbList\",\"@id\":\"https:\\\/\\\/medicinasinc.com\\\/de\\\/product\\\/kauf-super-sauer-skunk\\\/#breadcrumb\",\"itemListElement\":[{\"@type\":\"ListItem\",\"position\":1,\"name\":\"Einkaufen\",\"item\":\"https:\\\/\\\/medicinasinc.com\\\/de\\\/einkaufen\\\/\"},{\"@type\":\"ListItem\",\"position\":2,\"name\":\"Kaufen Sie Super Sour Skunk\"}]},{\"@type\":\"WebSite\",\"@id\":\"https:\\\/\\\/medicinasinc.com\\\/de\\\/#website\",\"url\":\"https:\\\/\\\/medicinasinc.com\\\/de\\\/\",\"name\":\"Medicinas Inc\",\"description\":\"Health Medical Clinic\",\"potentialAction\":[{\"@type\":\"SearchAction\",\"target\":{\"@type\":\"EntryPoint\",\"urlTemplate\":\"https:\\\/\\\/medicinasinc.com\\\/de\\\/?s={search_term_string}\"},\"query-input\":{\"@type\":\"PropertyValueSpecification\",\"valueRequired\":true,\"valueName\":\"search_term_string\"}}],\"inLanguage\":\"de\"}]}<\/script>\n<!-- \/ Yoast SEO plugin. -->","yoast_head_json":{"title":"Kaufen Sie Super Sour Skunk Marihuana online - Best Best Global Meds","description":"Kaufen Sie Super Sour Skunk Marihuana zum Verkauf in Gro\u00dfbritannien, Europa online zum besten Preis. Wir garantieren einen sicheren weltweiten Versand","robots":{"index":"index","follow":"follow","max-snippet":"max-snippet:-1","max-image-preview":"max-image-preview:large","max-video-preview":"max-video-preview:-1"},"canonical":"https:\/\/medicinasinc.com\/de\/product\/kauf-super-sauer-skunk\/","og_locale":"de_DE","og_type":"article","og_title":"Kaufen Sie Super Sour Skunk Marihuana online - Best Best Global Meds","og_description":"Kaufen Sie Super Sour Skunk Marihuana zum Verkauf in Gro\u00dfbritannien, Europa online zum besten Preis. Wir garantieren einen sicheren weltweiten Versand","og_url":"https:\/\/medicinasinc.com\/de\/product\/kauf-super-sauer-skunk\/","og_site_name":"Medicinas Inc","article_modified_time":"2022-03-18T00:31:36+00:00","og_image":[{"width":667,"height":1000,"url":"https:\/\/medicinasinc.com\/de\/wp-content\/uploads\/sites\/6\/2022\/02\/Buy-Super-Sour-Skunk.jpg","type":"image\/jpeg"}],"twitter_card":"summary_large_image","twitter_misc":{"Gesch\u00e4tzte Lesezeit":"1\u00a0Minute"},"schema":{"@context":"https:\/\/schema.org","@graph":[{"@type":"WebPage","@id":"https:\/\/medicinasinc.com\/de\/product\/kauf-super-sauer-skunk\/","url":"https:\/\/medicinasinc.com\/de\/product\/kauf-super-sauer-skunk\/","name":"Kaufen Sie Super Sour Skunk Marihuana online - Best Best Global Meds","isPartOf":{"@id":"https:\/\/medicinasinc.com\/de\/#website"},"primaryImageOfPage":{"@id":"https:\/\/medicinasinc.com\/de\/product\/kauf-super-sauer-skunk\/#primaryimage"},"image":{"@id":"https:\/\/medicinasinc.com\/de\/product\/kauf-super-sauer-skunk\/#primaryimage"},"thumbnailUrl":"https:\/\/medicinasinc.com\/de\/wp-content\/uploads\/sites\/6\/2022\/02\/Buy-Super-Sour-Skunk.jpg","datePublished":"2022-02-20T19:52:54+00:00","dateModified":"2022-03-18T00:31:36+00:00","description":"Kaufen Sie Super Sour Skunk Marihuana zum Verkauf in Gro\u00dfbritannien, Europa online zum besten Preis. Wir garantieren einen sicheren weltweiten Versand","breadcrumb":{"@id":"https:\/\/medicinasinc.com\/de\/product\/kauf-super-sauer-skunk\/#breadcrumb"},"inLanguage":"de","potentialAction":[{"@type":"ReadAction","target":["https:\/\/medicinasinc.com\/de\/product\/kauf-super-sauer-skunk\/"]}]},{"@type":"ImageObject","inLanguage":"de","@id":"https:\/\/medicinasinc.com\/de\/product\/kauf-super-sauer-skunk\/#primaryimage","url":"https:\/\/medicinasinc.com\/de\/wp-content\/uploads\/sites\/6\/2022\/02\/Buy-Super-Sour-Skunk.jpg","contentUrl":"https:\/\/medicinasinc.com\/de\/wp-content\/uploads\/sites\/6\/2022\/02\/Buy-Super-Sour-Skunk.jpg","width":667,"height":1000},{"@type":"BreadcrumbList","@id":"https:\/\/medicinasinc.com\/de\/product\/kauf-super-sauer-skunk\/#breadcrumb","itemListElement":[{"@type":"ListItem","position":1,"name":"Einkaufen","item":"https:\/\/medicinasinc.com\/de\/einkaufen\/"},{"@type":"ListItem","position":2,"name":"Kaufen Sie Super Sour Skunk"}]},{"@type":"WebSite","@id":"https:\/\/medicinasinc.com\/de\/#website","url":"https:\/\/medicinasinc.com\/de\/","name":"Medicinas Inc","description":"Health Medical Clinic","potentialAction":[{"@type":"SearchAction","target":{"@type":"EntryPoint","urlTemplate":"https:\/\/medicinasinc.com\/de\/?s={search_term_string}"},"query-input":{"@type":"PropertyValueSpecification","valueRequired":true,"valueName":"search_term_string"}}],"inLanguage":"de"}]}},"_links":{"self":[{"href":"https:\/\/medicinasinc.com\/de\/wp-json\/wp\/v2\/product\/5070","targetHints":{"allow":["GET"]}}],"collection":[{"href":"https:\/\/medicinasinc.com\/de\/wp-json\/wp\/v2\/product"}],"about":[{"href":"https:\/\/medicinasinc.com\/de\/wp-json\/wp\/v2\/types\/product"}],"replies":[{"embeddable":true,"href":"https:\/\/medicinasinc.com\/de\/wp-json\/wp\/v2\/comments?post=5070"}],"wp:featuredmedia":[{"embeddable":true,"href":"https:\/\/medicinasinc.com\/de\/wp-json\/wp\/v2\/media\/5089"}],"wp:attachment":[{"href":"https:\/\/medicinasinc.com\/de\/wp-json\/wp\/v2\/media?parent=5070"}],"wp:term":[{"taxonomy":"product_brand","embeddable":true,"href":"https:\/\/medicinasinc.com\/de\/wp-json\/wp\/v2\/product_brand?post=5070"},{"taxonomy":"product_cat","embeddable":true,"href":"https:\/\/medicinasinc.com\/de\/wp-json\/wp\/v2\/product_cat?post=5070"},{"taxonomy":"product_tag","embeddable":true,"href":"https:\/\/medicinasinc.com\/de\/wp-json\/wp\/v2\/product_tag?post=5070"}],"curies":[{"name":"wp","href":"https:\/\/api.w.org\/{rel}","templated":true}]}}