{"id":5069,"date":"2022-02-20T19:51:48","date_gmt":"2022-02-20T19:51:48","guid":{"rendered":"https:\/\/medicinasinc.com\/de\/?post_type=product&#038;p=5069"},"modified":"2022-03-18T00:31:48","modified_gmt":"2022-03-18T00:31:48","slug":"kaufen-super-sauer-diesel","status":"publish","type":"product","link":"https:\/\/medicinasinc.com\/de\/product\/kaufen-super-sauer-diesel\/","title":{"rendered":"Kaufen Sie Super Sour Diesel"},"content":{"rendered":"<p>Marihuana Super Sour Diesel zum Verkauf online.<\/p>\n<p>Marihuana Super Sour Diesel zum Verkauf online.<\/p>\n<p>Der Sativa-THC-Gehalt der Marihuana-Sorte Super Sour Diesel liegt zwischen 18 und 24 Prozent.<\/p>\n<p>Wirkungen<br \/> zerebral, energetisierend, Euphorie, fr\u00f6hlich<br \/> k\u00f6nnen lindern<br \/> ADS\/ADHS, chronische Schmerzen, Depression, Augendruck, M\u00fcdigkeit, Fibromyalgie, Appetitlosigkeit, Migr\u00e4ne, Stress<br \/> Aromen<br \/> Zitrus, Diesel, w\u00fcrzig, s\u00fc\u00df<br \/> Aromen<br \/> Diesel, Kr\u00e4uter, scharf, sauer, w\u00fcrzig<\/p>\n","protected":false},"excerpt":{"rendered":"<div class=\"woocommerce-product-details__short-description\">\n<p>Super Sour Diesel AAAA ist eine Marihuana-Sorte, die durch Kreuzung von Super Silver Haze mit Sour Diesel entstanden ist.<\/p>\n<p>Marihuana Super Sour Diesel zum Online-Verkauf. <\/p>\n<p>Kaufen Sie Gras online. Marihuana zu verkaufen. Kaufen Sie hochwertiges medizinisches Marihuana und Cannabissorten online.<\/p>\n<\/p><\/div>\n","protected":false},"featured_media":5087,"comment_status":"open","ping_status":"closed","template":"","meta":[],"product_brand":[],"product_cat":[778],"product_tag":[1027,1032,1028,1029,1030,1031,1025,1026],"class_list":{"0":"post-5069","1":"product","2":"type-product","3":"status-publish","4":"has-post-thumbnail","6":"product_cat-unkraut-zu-verkaufen","7":"product_tag-super-sauer-diesel-effekte","8":"product_tag-super-sauer-diesel-vs-sauer-diesel","9":"product_tag-super-sour-diesel-price","10":"product_tag-super-sour-diesel-seeds","11":"product_tag-super-sour-diesel-strain","12":"product_tag-super-saure-diesel-terpene","13":"product_tag-super-sauer-diesel-allbud","14":"product_tag-super-sauer-diesel-cbd","16":"first","17":"instock","18":"shipping-taxable","19":"purchasable","20":"product-type-variable","21":"has-default-attributes"},"yoast_head":"<!-- This site is optimized with the Yoast SEO plugin v27.3 - https:\/\/yoast.com\/product\/yoast-seo-wordpress\/ -->\n<title>Kaufen Sie Super Sour Diesel - Best Best Global Meds<\/title>\n<meta name=\"description\" content=\"Kaufen Sie Super Sour Diesel AAAA zum Verkauf in der besten medizinischen Freizeitapotheke, Marihuana-Sorte, die durch Kreuzung von Super Silver Haze mit Sour Diesel hergestellt wurde.\" \/>\n<meta name=\"robots\" content=\"index, follow, max-snippet:-1, max-image-preview:large, max-video-preview:-1\" \/>\n<link rel=\"canonical\" href=\"https:\/\/medicinasinc.com\/de\/product\/kaufen-super-sauer-diesel\/\" \/>\n<meta property=\"og:locale\" content=\"de_DE\" \/>\n<meta property=\"og:type\" content=\"article\" \/>\n<meta property=\"og:title\" content=\"Kaufen Sie Super Sour Diesel - Best Best Global Meds\" \/>\n<meta property=\"og:description\" content=\"Kaufen Sie Super Sour Diesel AAAA zum Verkauf in der besten medizinischen Freizeitapotheke, Marihuana-Sorte, die durch Kreuzung von Super Silver Haze mit Sour Diesel hergestellt wurde.\" \/>\n<meta property=\"og:url\" content=\"https:\/\/medicinasinc.com\/de\/product\/kaufen-super-sauer-diesel\/\" \/>\n<meta property=\"og:site_name\" content=\"Medicinas Inc\" \/>\n<meta property=\"article:modified_time\" content=\"2022-03-18T00:31:48+00:00\" \/>\n<meta property=\"og:image\" content=\"https:\/\/medicinasinc.com\/de\/wp-content\/uploads\/sites\/6\/2022\/02\/Buy-Super-Sour-Diesel-scaled-1.jpg\" \/>\n\t<meta property=\"og:image:width\" content=\"1920\" \/>\n\t<meta property=\"og:image:height\" content=\"2560\" \/>\n\t<meta property=\"og:image:type\" content=\"image\/jpeg\" \/>\n<meta name=\"twitter:card\" content=\"summary_large_image\" \/>\n<meta name=\"twitter:label1\" content=\"Gesch\u00e4tzte Lesezeit\" \/>\n\t<meta name=\"twitter:data1\" content=\"1\u00a0Minute\" \/>\n<script type=\"application\/ld+json\" class=\"yoast-schema-graph\">{\"@context\":\"https:\\\/\\\/schema.org\",\"@graph\":[{\"@type\":\"WebPage\",\"@id\":\"https:\\\/\\\/medicinasinc.com\\\/de\\\/product\\\/kaufen-super-sauer-diesel\\\/\",\"url\":\"https:\\\/\\\/medicinasinc.com\\\/de\\\/product\\\/kaufen-super-sauer-diesel\\\/\",\"name\":\"Kaufen Sie Super Sour Diesel - Best Best Global Meds\",\"isPartOf\":{\"@id\":\"https:\\\/\\\/medicinasinc.com\\\/de\\\/#website\"},\"primaryImageOfPage\":{\"@id\":\"https:\\\/\\\/medicinasinc.com\\\/de\\\/product\\\/kaufen-super-sauer-diesel\\\/#primaryimage\"},\"image\":{\"@id\":\"https:\\\/\\\/medicinasinc.com\\\/de\\\/product\\\/kaufen-super-sauer-diesel\\\/#primaryimage\"},\"thumbnailUrl\":\"https:\\\/\\\/medicinasinc.com\\\/de\\\/wp-content\\\/uploads\\\/sites\\\/6\\\/2022\\\/02\\\/Buy-Super-Sour-Diesel-scaled-1.jpg\",\"datePublished\":\"2022-02-20T19:51:48+00:00\",\"dateModified\":\"2022-03-18T00:31:48+00:00\",\"description\":\"Kaufen Sie Super Sour Diesel AAAA zum Verkauf in der besten medizinischen Freizeitapotheke, Marihuana-Sorte, die durch Kreuzung von Super Silver Haze mit Sour Diesel hergestellt wurde.\",\"breadcrumb\":{\"@id\":\"https:\\\/\\\/medicinasinc.com\\\/de\\\/product\\\/kaufen-super-sauer-diesel\\\/#breadcrumb\"},\"inLanguage\":\"de\",\"potentialAction\":[{\"@type\":\"ReadAction\",\"target\":[\"https:\\\/\\\/medicinasinc.com\\\/de\\\/product\\\/kaufen-super-sauer-diesel\\\/\"]}]},{\"@type\":\"ImageObject\",\"inLanguage\":\"de\",\"@id\":\"https:\\\/\\\/medicinasinc.com\\\/de\\\/product\\\/kaufen-super-sauer-diesel\\\/#primaryimage\",\"url\":\"https:\\\/\\\/medicinasinc.com\\\/de\\\/wp-content\\\/uploads\\\/sites\\\/6\\\/2022\\\/02\\\/Buy-Super-Sour-Diesel-scaled-1.jpg\",\"contentUrl\":\"https:\\\/\\\/medicinasinc.com\\\/de\\\/wp-content\\\/uploads\\\/sites\\\/6\\\/2022\\\/02\\\/Buy-Super-Sour-Diesel-scaled-1.jpg\",\"width\":1920,\"height\":2560},{\"@type\":\"BreadcrumbList\",\"@id\":\"https:\\\/\\\/medicinasinc.com\\\/de\\\/product\\\/kaufen-super-sauer-diesel\\\/#breadcrumb\",\"itemListElement\":[{\"@type\":\"ListItem\",\"position\":1,\"name\":\"Einkaufen\",\"item\":\"https:\\\/\\\/medicinasinc.com\\\/de\\\/einkaufen\\\/\"},{\"@type\":\"ListItem\",\"position\":2,\"name\":\"Kaufen Sie Super Sour Diesel\"}]},{\"@type\":\"WebSite\",\"@id\":\"https:\\\/\\\/medicinasinc.com\\\/de\\\/#website\",\"url\":\"https:\\\/\\\/medicinasinc.com\\\/de\\\/\",\"name\":\"Medicinas Inc\",\"description\":\"Health Medical Clinic\",\"potentialAction\":[{\"@type\":\"SearchAction\",\"target\":{\"@type\":\"EntryPoint\",\"urlTemplate\":\"https:\\\/\\\/medicinasinc.com\\\/de\\\/?s={search_term_string}\"},\"query-input\":{\"@type\":\"PropertyValueSpecification\",\"valueRequired\":true,\"valueName\":\"search_term_string\"}}],\"inLanguage\":\"de\"}]}<\/script>\n<!-- \/ Yoast SEO plugin. -->","yoast_head_json":{"title":"Kaufen Sie Super Sour Diesel - Best Best Global Meds","description":"Kaufen Sie Super Sour Diesel AAAA zum Verkauf in der besten medizinischen Freizeitapotheke, Marihuana-Sorte, die durch Kreuzung von Super Silver Haze mit Sour Diesel hergestellt wurde.","robots":{"index":"index","follow":"follow","max-snippet":"max-snippet:-1","max-image-preview":"max-image-preview:large","max-video-preview":"max-video-preview:-1"},"canonical":"https:\/\/medicinasinc.com\/de\/product\/kaufen-super-sauer-diesel\/","og_locale":"de_DE","og_type":"article","og_title":"Kaufen Sie Super Sour Diesel - Best Best Global Meds","og_description":"Kaufen Sie Super Sour Diesel AAAA zum Verkauf in der besten medizinischen Freizeitapotheke, Marihuana-Sorte, die durch Kreuzung von Super Silver Haze mit Sour Diesel hergestellt wurde.","og_url":"https:\/\/medicinasinc.com\/de\/product\/kaufen-super-sauer-diesel\/","og_site_name":"Medicinas Inc","article_modified_time":"2022-03-18T00:31:48+00:00","og_image":[{"width":1920,"height":2560,"url":"https:\/\/medicinasinc.com\/de\/wp-content\/uploads\/sites\/6\/2022\/02\/Buy-Super-Sour-Diesel-scaled-1.jpg","type":"image\/jpeg"}],"twitter_card":"summary_large_image","twitter_misc":{"Gesch\u00e4tzte Lesezeit":"1\u00a0Minute"},"schema":{"@context":"https:\/\/schema.org","@graph":[{"@type":"WebPage","@id":"https:\/\/medicinasinc.com\/de\/product\/kaufen-super-sauer-diesel\/","url":"https:\/\/medicinasinc.com\/de\/product\/kaufen-super-sauer-diesel\/","name":"Kaufen Sie Super Sour Diesel - Best Best Global Meds","isPartOf":{"@id":"https:\/\/medicinasinc.com\/de\/#website"},"primaryImageOfPage":{"@id":"https:\/\/medicinasinc.com\/de\/product\/kaufen-super-sauer-diesel\/#primaryimage"},"image":{"@id":"https:\/\/medicinasinc.com\/de\/product\/kaufen-super-sauer-diesel\/#primaryimage"},"thumbnailUrl":"https:\/\/medicinasinc.com\/de\/wp-content\/uploads\/sites\/6\/2022\/02\/Buy-Super-Sour-Diesel-scaled-1.jpg","datePublished":"2022-02-20T19:51:48+00:00","dateModified":"2022-03-18T00:31:48+00:00","description":"Kaufen Sie Super Sour Diesel AAAA zum Verkauf in der besten medizinischen Freizeitapotheke, Marihuana-Sorte, die durch Kreuzung von Super Silver Haze mit Sour Diesel hergestellt wurde.","breadcrumb":{"@id":"https:\/\/medicinasinc.com\/de\/product\/kaufen-super-sauer-diesel\/#breadcrumb"},"inLanguage":"de","potentialAction":[{"@type":"ReadAction","target":["https:\/\/medicinasinc.com\/de\/product\/kaufen-super-sauer-diesel\/"]}]},{"@type":"ImageObject","inLanguage":"de","@id":"https:\/\/medicinasinc.com\/de\/product\/kaufen-super-sauer-diesel\/#primaryimage","url":"https:\/\/medicinasinc.com\/de\/wp-content\/uploads\/sites\/6\/2022\/02\/Buy-Super-Sour-Diesel-scaled-1.jpg","contentUrl":"https:\/\/medicinasinc.com\/de\/wp-content\/uploads\/sites\/6\/2022\/02\/Buy-Super-Sour-Diesel-scaled-1.jpg","width":1920,"height":2560},{"@type":"BreadcrumbList","@id":"https:\/\/medicinasinc.com\/de\/product\/kaufen-super-sauer-diesel\/#breadcrumb","itemListElement":[{"@type":"ListItem","position":1,"name":"Einkaufen","item":"https:\/\/medicinasinc.com\/de\/einkaufen\/"},{"@type":"ListItem","position":2,"name":"Kaufen Sie Super Sour Diesel"}]},{"@type":"WebSite","@id":"https:\/\/medicinasinc.com\/de\/#website","url":"https:\/\/medicinasinc.com\/de\/","name":"Medicinas Inc","description":"Health Medical Clinic","potentialAction":[{"@type":"SearchAction","target":{"@type":"EntryPoint","urlTemplate":"https:\/\/medicinasinc.com\/de\/?s={search_term_string}"},"query-input":{"@type":"PropertyValueSpecification","valueRequired":true,"valueName":"search_term_string"}}],"inLanguage":"de"}]}},"_links":{"self":[{"href":"https:\/\/medicinasinc.com\/de\/wp-json\/wp\/v2\/product\/5069","targetHints":{"allow":["GET"]}}],"collection":[{"href":"https:\/\/medicinasinc.com\/de\/wp-json\/wp\/v2\/product"}],"about":[{"href":"https:\/\/medicinasinc.com\/de\/wp-json\/wp\/v2\/types\/product"}],"replies":[{"embeddable":true,"href":"https:\/\/medicinasinc.com\/de\/wp-json\/wp\/v2\/comments?post=5069"}],"wp:featuredmedia":[{"embeddable":true,"href":"https:\/\/medicinasinc.com\/de\/wp-json\/wp\/v2\/media\/5087"}],"wp:attachment":[{"href":"https:\/\/medicinasinc.com\/de\/wp-json\/wp\/v2\/media?parent=5069"}],"wp:term":[{"taxonomy":"product_brand","embeddable":true,"href":"https:\/\/medicinasinc.com\/de\/wp-json\/wp\/v2\/product_brand?post=5069"},{"taxonomy":"product_cat","embeddable":true,"href":"https:\/\/medicinasinc.com\/de\/wp-json\/wp\/v2\/product_cat?post=5069"},{"taxonomy":"product_tag","embeddable":true,"href":"https:\/\/medicinasinc.com\/de\/wp-json\/wp\/v2\/product_tag?post=5069"}],"curies":[{"name":"wp","href":"https:\/\/api.w.org\/{rel}","templated":true}]}}