{"id":5068,"date":"2022-02-20T19:50:54","date_gmt":"2022-02-20T19:50:54","guid":{"rendered":"https:\/\/medicinasinc.com\/de\/?post_type=product&#038;p=5068"},"modified":"2022-03-18T00:32:00","modified_gmt":"2022-03-18T00:32:00","slug":"kaufen-super-lemon-haze","status":"publish","type":"product","link":"https:\/\/medicinasinc.com\/de\/product\/kaufen-super-lemon-haze\/","title":{"rendered":"Kaufen Sie Super Lemon Haze"},"content":{"rendered":"<p>Online-Kauf von Super Lamon Haze<\/p>\n<p>Diese k\u00f6stliche Zitronensorte ist eine ertragreiche Sorte, die f\u00fcr jede Veteranengruppe geeignet ist. Super Lemon Haze ist eine der beliebtesten Sorten, besonders unter indischen Enthusiasten, und hat sie erfolgreich in Sativa umgewandelt. Ohne Zweifel ist Super Lemon Haze einzigartig. Diese Gewinnerin des Cannabis Cup ist eine Kreuzung aus Lemon Skunk und Super Silver Haze, was sie zu einer reinrassigen Sorte und einer der besten heute erh\u00e4ltlichen Sativas macht. Sie k\u00f6nnen Super Lamon Haze online kaufen und online zum Verkauf finden. Dieser sativadominierte Hybrid macht seinem Namen wirklich alle Ehre, mit einem kraftvollen Limonenaroma, das unglaublich riecht. Super Lemon Haze beginnt langsam, aber stetig und baut sich zu einem enormen euphorischen High auf, das Sie dazu bringt, vor Aufregung von Ihrem Stuhl zu springen. Diese Sorte ist auch eine beliebte medizinische Version, da sie zur Behandlung einer Vielzahl von Beschwerden verwendet werden kann.<\/p>\n<p>Wirkungen<\/p>\n<p>Alle diese Super-Sativa-Wirkungen basieren auf Energie. Das Hauptmerkmal ist jedoch, dass es aufgrund seiner F\u00e4higkeit, es effektiv und gelegentlich innovativ zu machen, ein gro\u00dfartiger Alltagsversuch ist. Die Super Lemon Haze ist in der Lage, Sie ausreichend zu beruhigen, damit Sie sich gut f\u00fchlen. Super Lemon Haze ist der ideale fr\u00f6hliche Begleiter. Wenn Du einen langen Tag vor Dir hast und Dinge gr\u00fcndlich erledigen musst, ist diese Sativa die richtige Wahl.<br \/> Du wirst ein Pfund dieser k\u00f6stlichen Knospe haben, um jeden in der Halle zu halten, und ein weiteres dich hochzuziehen. Super Lemon Haze hat keine Auswirkungen auf Start-ups. Seine Wirkung kann ein angenehmes zerebrales High hervorrufen, das es Ihnen erm\u00f6glicht, klarer zu denken und sich an Informationen zu erinnern, die Sie sonst vielleicht vergessen w\u00fcrden. Au\u00dferdem soll dieser Druck dazu f\u00fchren, dass Sie sich ein wenig verspielt f\u00fchlen, was ideal f\u00fcr eine romantische Nacht ist. Der Duft: Eine duftende Knospe sollte Bilder von Zitrusfr\u00fcchten hervorrufen. Super Lemon Haze hat einen zitronig-s\u00fc\u00dfen Geschmack mit einem Hauch von Gew\u00fcrzen und einem extrem sauren Aroma. Der s\u00fc\u00dfe Zitronengeschmack wird durch einen Hauch von Erdigkeit und W\u00fcrze ausbalanciert und schafft ein wunderbares Erlebnis. Super Lemon Haze hat einen \u00e4u\u00dferst angenehmen Geruch. Diese Sativa hat ein angenehmes, erfrischendes Aroma und die zitronige Erdigkeit sollte auf Deiner Zunge verweilen. Es ist, als w\u00fcrdest Du ein Bonbon mit einem deutlichen Kr\u00e4uterunterton inhalieren.<\/p>\n<p>Medizinische Vorteile<\/p>\n<p>Super Lemon Haze wird f\u00fcr eine Vielzahl von Beschwerden und Symptomen empfohlen. Chronische M\u00fcdigkeit wird mit dieser potenten Sorte leicht bek\u00e4mpft, da sie einen stabilen und gehobenen Geisteszustand vermitteln kann, der Sie dazu anregt, Dinge zu tun. Au\u00dferdem ist diese Sorte gut im Kampf gegen Stress und Traurigkeit. Super Lemon Haze hat die F\u00e4higkeit, eine Vielzahl von Beschwerden zu behandeln, die mit einem stressigen Lebensstil verbunden sind, und es kann sich leicht von kleineren Schmerzen wie Migr\u00e4ne, Kopfschmerzen, Gelenk- und Muskelkr\u00e4mpfen befreien. Super Lemon Haze ist ein zuverl\u00e4ssiges Allzweck-Schmerzmittel, das den K\u00f6rper entspannt und kribbelt und alle anderen m\u00f6glicherweise auftretenden k\u00f6rperlichen Probleme verschleiert. Der erhebende Geschmack und das Aroma tragen zu seiner Attraktivit\u00e4t bei und machen es sogar f\u00fcr Menschen angenehm, die Cannabis wahrscheinlich nicht zur Behandlung ihrer Beschwerden verwenden werden.<\/p>\n","protected":false},"excerpt":{"rendered":"<div class=\"woocommerce-product-details__short-description\">\n<p>Kaufen Sie Super Lemon Haze Marihuanasorte in Gro\u00dfbritannien und Europa. Es ist eine starke Zitrus- und s\u00fc\u00dfe Sativa-dominante Hybride. Diese Blume ist das Ergebnis einer Kreuzung zwischen Lemon Skunk und Silver Haze.<\/p>\n<p>Online-Kauf der Marihuana-Sorte Super Lemon Haze.<\/p>\n<p>Super Lemon Haze ist ein Sativa-dominanter Hybrid &#8211; 80 % Sativa \/ 20 % Indica. Der THC-Gehalt von Indica betr\u00e4gt 25\u00a0%, der CBD-Gehalt 1\u00a0% und der CBN-Gehalt 2\u00a0%.<\/p>\n<\/p><\/div>\n","protected":false},"featured_media":5085,"comment_status":"open","ping_status":"closed","template":"","meta":[],"product_brand":[],"product_cat":[778],"product_tag":[1019,1020,1021,1022,487,1024,1023,486],"class_list":{"0":"post-5068","1":"product","2":"type-product","3":"status-publish","4":"has-post-thumbnail","6":"product_cat-unkraut-zu-verkaufen","7":"product_tag-is-super-lemon-haze-psychedelic","8":"product_tag-lemon-haze-samen-zu-verkaufen","9":"product_tag-super-lemon-haze-autoflower","10":"product_tag-super-lemon-haze-autoflower-samen","11":"product_tag-super-lemon-haze-samen","12":"product_tag-super-lemon-haze-seeds-usa","13":"product_tag-super-lemon-haze-effekte","14":"product_tag-super-lemon-haze-preis","16":"first","17":"instock","18":"shipping-taxable","19":"purchasable","20":"product-type-variable","21":"has-default-attributes"},"yoast_head":"<!-- This site is optimized with the Yoast SEO plugin v27.3 - https:\/\/yoast.com\/product\/yoast-seo-wordpress\/ -->\n<title>Kaufen Sie Super Lemon Haze - Best Best Global Meds<\/title>\n<meta name=\"description\" content=\"Kaufen Sie Super Lemon Haze Marihuana-Sorte UK, Europa scharfe Zitrusfr\u00fcchte und s\u00fc\u00dfe Sativa-dominante Hybride. Diese Blume ist eine Kreuzung aus Lemon Skunk &amp; silberner Dunst.\" \/>\n<meta name=\"robots\" content=\"index, follow, max-snippet:-1, max-image-preview:large, max-video-preview:-1\" \/>\n<link rel=\"canonical\" href=\"https:\/\/medicinasinc.com\/de\/product\/kaufen-super-lemon-haze\/\" \/>\n<meta property=\"og:locale\" content=\"de_DE\" \/>\n<meta property=\"og:type\" content=\"article\" \/>\n<meta property=\"og:title\" content=\"Kaufen Sie Super Lemon Haze - Best Best Global Meds\" \/>\n<meta property=\"og:description\" content=\"Kaufen Sie Super Lemon Haze Marihuana-Sorte UK, Europa scharfe Zitrusfr\u00fcchte und s\u00fc\u00dfe Sativa-dominante Hybride. Diese Blume ist eine Kreuzung aus Lemon Skunk &amp; silberner Dunst.\" \/>\n<meta property=\"og:url\" content=\"https:\/\/medicinasinc.com\/de\/product\/kaufen-super-lemon-haze\/\" \/>\n<meta property=\"og:site_name\" content=\"Medicinas Inc\" \/>\n<meta property=\"article:modified_time\" content=\"2022-03-18T00:32:00+00:00\" \/>\n<meta property=\"og:image\" content=\"https:\/\/medicinasinc.com\/de\/wp-content\/uploads\/sites\/6\/2022\/02\/Buy-Super-Lemon-Haze.jpg\" \/>\n\t<meta property=\"og:image:width\" content=\"1080\" \/>\n\t<meta property=\"og:image:height\" content=\"1080\" \/>\n\t<meta property=\"og:image:type\" content=\"image\/jpeg\" \/>\n<meta name=\"twitter:card\" content=\"summary_large_image\" \/>\n<meta name=\"twitter:label1\" content=\"Gesch\u00e4tzte Lesezeit\" \/>\n\t<meta name=\"twitter:data1\" content=\"3\u00a0Minuten\" \/>\n<script type=\"application\/ld+json\" class=\"yoast-schema-graph\">{\"@context\":\"https:\\\/\\\/schema.org\",\"@graph\":[{\"@type\":\"WebPage\",\"@id\":\"https:\\\/\\\/medicinasinc.com\\\/de\\\/product\\\/kaufen-super-lemon-haze\\\/\",\"url\":\"https:\\\/\\\/medicinasinc.com\\\/de\\\/product\\\/kaufen-super-lemon-haze\\\/\",\"name\":\"Kaufen Sie Super Lemon Haze - Best Best Global Meds\",\"isPartOf\":{\"@id\":\"https:\\\/\\\/medicinasinc.com\\\/de\\\/#website\"},\"primaryImageOfPage\":{\"@id\":\"https:\\\/\\\/medicinasinc.com\\\/de\\\/product\\\/kaufen-super-lemon-haze\\\/#primaryimage\"},\"image\":{\"@id\":\"https:\\\/\\\/medicinasinc.com\\\/de\\\/product\\\/kaufen-super-lemon-haze\\\/#primaryimage\"},\"thumbnailUrl\":\"https:\\\/\\\/medicinasinc.com\\\/de\\\/wp-content\\\/uploads\\\/sites\\\/6\\\/2022\\\/02\\\/Buy-Super-Lemon-Haze.jpg\",\"datePublished\":\"2022-02-20T19:50:54+00:00\",\"dateModified\":\"2022-03-18T00:32:00+00:00\",\"description\":\"Kaufen Sie Super Lemon Haze Marihuana-Sorte UK, Europa scharfe Zitrusfr\u00fcchte und s\u00fc\u00dfe Sativa-dominante Hybride. Diese Blume ist eine Kreuzung aus Lemon Skunk &amp; silberner Dunst.\",\"breadcrumb\":{\"@id\":\"https:\\\/\\\/medicinasinc.com\\\/de\\\/product\\\/kaufen-super-lemon-haze\\\/#breadcrumb\"},\"inLanguage\":\"de\",\"potentialAction\":[{\"@type\":\"ReadAction\",\"target\":[\"https:\\\/\\\/medicinasinc.com\\\/de\\\/product\\\/kaufen-super-lemon-haze\\\/\"]}]},{\"@type\":\"ImageObject\",\"inLanguage\":\"de\",\"@id\":\"https:\\\/\\\/medicinasinc.com\\\/de\\\/product\\\/kaufen-super-lemon-haze\\\/#primaryimage\",\"url\":\"https:\\\/\\\/medicinasinc.com\\\/de\\\/wp-content\\\/uploads\\\/sites\\\/6\\\/2022\\\/02\\\/Buy-Super-Lemon-Haze.jpg\",\"contentUrl\":\"https:\\\/\\\/medicinasinc.com\\\/de\\\/wp-content\\\/uploads\\\/sites\\\/6\\\/2022\\\/02\\\/Buy-Super-Lemon-Haze.jpg\",\"width\":1080,\"height\":1080},{\"@type\":\"BreadcrumbList\",\"@id\":\"https:\\\/\\\/medicinasinc.com\\\/de\\\/product\\\/kaufen-super-lemon-haze\\\/#breadcrumb\",\"itemListElement\":[{\"@type\":\"ListItem\",\"position\":1,\"name\":\"Einkaufen\",\"item\":\"https:\\\/\\\/medicinasinc.com\\\/de\\\/einkaufen\\\/\"},{\"@type\":\"ListItem\",\"position\":2,\"name\":\"Kaufen Sie Super Lemon Haze\"}]},{\"@type\":\"WebSite\",\"@id\":\"https:\\\/\\\/medicinasinc.com\\\/de\\\/#website\",\"url\":\"https:\\\/\\\/medicinasinc.com\\\/de\\\/\",\"name\":\"Medicinas Inc\",\"description\":\"Health Medical Clinic\",\"potentialAction\":[{\"@type\":\"SearchAction\",\"target\":{\"@type\":\"EntryPoint\",\"urlTemplate\":\"https:\\\/\\\/medicinasinc.com\\\/de\\\/?s={search_term_string}\"},\"query-input\":{\"@type\":\"PropertyValueSpecification\",\"valueRequired\":true,\"valueName\":\"search_term_string\"}}],\"inLanguage\":\"de\"}]}<\/script>\n<!-- \/ Yoast SEO plugin. -->","yoast_head_json":{"title":"Kaufen Sie Super Lemon Haze - Best Best Global Meds","description":"Kaufen Sie Super Lemon Haze Marihuana-Sorte UK, Europa scharfe Zitrusfr\u00fcchte und s\u00fc\u00dfe Sativa-dominante Hybride. Diese Blume ist eine Kreuzung aus Lemon Skunk &amp; silberner Dunst.","robots":{"index":"index","follow":"follow","max-snippet":"max-snippet:-1","max-image-preview":"max-image-preview:large","max-video-preview":"max-video-preview:-1"},"canonical":"https:\/\/medicinasinc.com\/de\/product\/kaufen-super-lemon-haze\/","og_locale":"de_DE","og_type":"article","og_title":"Kaufen Sie Super Lemon Haze - Best Best Global Meds","og_description":"Kaufen Sie Super Lemon Haze Marihuana-Sorte UK, Europa scharfe Zitrusfr\u00fcchte und s\u00fc\u00dfe Sativa-dominante Hybride. Diese Blume ist eine Kreuzung aus Lemon Skunk &amp; silberner Dunst.","og_url":"https:\/\/medicinasinc.com\/de\/product\/kaufen-super-lemon-haze\/","og_site_name":"Medicinas Inc","article_modified_time":"2022-03-18T00:32:00+00:00","og_image":[{"width":1080,"height":1080,"url":"https:\/\/medicinasinc.com\/de\/wp-content\/uploads\/sites\/6\/2022\/02\/Buy-Super-Lemon-Haze.jpg","type":"image\/jpeg"}],"twitter_card":"summary_large_image","twitter_misc":{"Gesch\u00e4tzte Lesezeit":"3\u00a0Minuten"},"schema":{"@context":"https:\/\/schema.org","@graph":[{"@type":"WebPage","@id":"https:\/\/medicinasinc.com\/de\/product\/kaufen-super-lemon-haze\/","url":"https:\/\/medicinasinc.com\/de\/product\/kaufen-super-lemon-haze\/","name":"Kaufen Sie Super Lemon Haze - Best Best Global Meds","isPartOf":{"@id":"https:\/\/medicinasinc.com\/de\/#website"},"primaryImageOfPage":{"@id":"https:\/\/medicinasinc.com\/de\/product\/kaufen-super-lemon-haze\/#primaryimage"},"image":{"@id":"https:\/\/medicinasinc.com\/de\/product\/kaufen-super-lemon-haze\/#primaryimage"},"thumbnailUrl":"https:\/\/medicinasinc.com\/de\/wp-content\/uploads\/sites\/6\/2022\/02\/Buy-Super-Lemon-Haze.jpg","datePublished":"2022-02-20T19:50:54+00:00","dateModified":"2022-03-18T00:32:00+00:00","description":"Kaufen Sie Super Lemon Haze Marihuana-Sorte UK, Europa scharfe Zitrusfr\u00fcchte und s\u00fc\u00dfe Sativa-dominante Hybride. Diese Blume ist eine Kreuzung aus Lemon Skunk &amp; silberner Dunst.","breadcrumb":{"@id":"https:\/\/medicinasinc.com\/de\/product\/kaufen-super-lemon-haze\/#breadcrumb"},"inLanguage":"de","potentialAction":[{"@type":"ReadAction","target":["https:\/\/medicinasinc.com\/de\/product\/kaufen-super-lemon-haze\/"]}]},{"@type":"ImageObject","inLanguage":"de","@id":"https:\/\/medicinasinc.com\/de\/product\/kaufen-super-lemon-haze\/#primaryimage","url":"https:\/\/medicinasinc.com\/de\/wp-content\/uploads\/sites\/6\/2022\/02\/Buy-Super-Lemon-Haze.jpg","contentUrl":"https:\/\/medicinasinc.com\/de\/wp-content\/uploads\/sites\/6\/2022\/02\/Buy-Super-Lemon-Haze.jpg","width":1080,"height":1080},{"@type":"BreadcrumbList","@id":"https:\/\/medicinasinc.com\/de\/product\/kaufen-super-lemon-haze\/#breadcrumb","itemListElement":[{"@type":"ListItem","position":1,"name":"Einkaufen","item":"https:\/\/medicinasinc.com\/de\/einkaufen\/"},{"@type":"ListItem","position":2,"name":"Kaufen Sie Super Lemon Haze"}]},{"@type":"WebSite","@id":"https:\/\/medicinasinc.com\/de\/#website","url":"https:\/\/medicinasinc.com\/de\/","name":"Medicinas Inc","description":"Health Medical Clinic","potentialAction":[{"@type":"SearchAction","target":{"@type":"EntryPoint","urlTemplate":"https:\/\/medicinasinc.com\/de\/?s={search_term_string}"},"query-input":{"@type":"PropertyValueSpecification","valueRequired":true,"valueName":"search_term_string"}}],"inLanguage":"de"}]}},"_links":{"self":[{"href":"https:\/\/medicinasinc.com\/de\/wp-json\/wp\/v2\/product\/5068","targetHints":{"allow":["GET"]}}],"collection":[{"href":"https:\/\/medicinasinc.com\/de\/wp-json\/wp\/v2\/product"}],"about":[{"href":"https:\/\/medicinasinc.com\/de\/wp-json\/wp\/v2\/types\/product"}],"replies":[{"embeddable":true,"href":"https:\/\/medicinasinc.com\/de\/wp-json\/wp\/v2\/comments?post=5068"}],"wp:featuredmedia":[{"embeddable":true,"href":"https:\/\/medicinasinc.com\/de\/wp-json\/wp\/v2\/media\/5085"}],"wp:attachment":[{"href":"https:\/\/medicinasinc.com\/de\/wp-json\/wp\/v2\/media?parent=5068"}],"wp:term":[{"taxonomy":"product_brand","embeddable":true,"href":"https:\/\/medicinasinc.com\/de\/wp-json\/wp\/v2\/product_brand?post=5068"},{"taxonomy":"product_cat","embeddable":true,"href":"https:\/\/medicinasinc.com\/de\/wp-json\/wp\/v2\/product_cat?post=5068"},{"taxonomy":"product_tag","embeddable":true,"href":"https:\/\/medicinasinc.com\/de\/wp-json\/wp\/v2\/product_tag?post=5068"}],"curies":[{"name":"wp","href":"https:\/\/api.w.org\/{rel}","templated":true}]}}