{"id":5047,"date":"2022-02-20T19:35:13","date_gmt":"2022-02-20T19:35:13","guid":{"rendered":"https:\/\/medicinasinc.com\/de\/?post_type=product&#038;p=5047"},"modified":"2022-03-18T00:32:22","modified_gmt":"2022-03-18T00:32:22","slug":"kaufe-lila-drachen-marihuana-aaaaa","status":"publish","type":"product","link":"https:\/\/medicinasinc.com\/de\/product\/kaufe-lila-drachen-marihuana-aaaaa\/","title":{"rendered":"Kaufen Sie Purple Dragon Marihuana (AAAA)"},"content":{"rendered":"<p>Purple Dragon Cannabis (AAAAA) &#8211; 30 % Sativa \/ 60 % Indica<\/p>\n<p>Purple Dragon ist eine indicadominierte Hybridsorte, die durch Kreuzung der potenten Purple Urkle mit der Blue Dragon entstanden ist. Purple Dragon gibt ein ausgewogenes High, das Geist und K\u00f6rper beruhigt und entspannt. Diese Sorte erzeugt ein ziemlich ungew\u00f6hnliches Aroma, das moschusartigen Salbei mit einem unverwechselbaren blumigen Geschmack kombiniert, der am Gaumen verweilt. Nach dem Einatmen dieser Sorte wird der Geist energetisiert und eine starke Euphorie vertreibt schnell Sorgen und Depressionen. Purple Dragon liefert den Benutzern zun\u00e4chst eine berauschende und anregende geistige Klarheit; Diese Vorteile lassen jedoch allm\u00e4hlich nach, um den Benutzern stundenlange Schmerzlinderung und Sedierung zu erm\u00f6glichen. Allgemeine k\u00f6rperliche Beschwerden und Schmerzen werden nachlassen, wenn der K\u00f6rper des Benutzers allm\u00e4hlich in einen sowohl k\u00f6rperlich als auch geistig sp\u00fcrbaren Entspannungszustand eintritt. Purple Dragon ist eine hilfreiche Behandlungsoption f\u00fcr eine Vielzahl von Krankheiten, darunter Angstzust\u00e4nde, Depressionen, Stimmungsst\u00f6rungen, k\u00f6rperliche Ersch\u00f6pfung, Migr\u00e4ne \/ Kopfschmerzen, chronische Schmerzen und Appetitlosigkeit.<\/p>\n<div class=\"product-next- previous\">\n<div class=\"product-prev\"><\/div><\/div>\n","protected":false},"excerpt":{"rendered":"<p>Purple Dragon Crassula (Crassula multicava) ist eine atemberaubende und farbenfrohe Sukkulente mit gro\u00dfen&#8230; Kaufen Sie drei oder mehr Artikel und erhalten Sie sie f\u00fcr jeweils 10,80 $.<\/p>\n<ul>\n<li>AAAA repr\u00e4sentiert das Beste vom Besten!<\/li>\n<li>Kontaktieren Sie uns f\u00fcr Gro\u00dfhandelsbestellungen<\/li>\n<li>Weltweit Versand.<\/li>\n<\/ul>\n","protected":false},"featured_media":5067,"comment_status":"open","ping_status":"closed","template":"","meta":[],"product_brand":[],"product_cat":[778],"product_tag":[1007,1006,1010,1009,1008],"class_list":{"0":"post-5047","1":"product","2":"type-product","3":"status-publish","4":"has-post-thumbnail","6":"product_cat-unkraut-zu-verkaufen","7":"product_tag-lila-und-grner-drache-cartoon","8":"product_tag-grne-und-violette-drachennamen","9":"product_tag-lila-drache-stofftier-gross","10":"product_tag-purple-dragon-shears-website","11":"product_tag-purple-dragon-shears-rezensionen","13":"first","14":"instock","15":"shipping-taxable","16":"purchasable","17":"product-type-variable","18":"has-default-attributes"},"yoast_head":"<!-- This site is optimized with the Yoast SEO plugin v27.3 - https:\/\/yoast.com\/product\/yoast-seo-wordpress\/ -->\n<title>Kaufen Sie Purple Dragon (AAAA) - Best Best Global Meds<\/title>\n<meta name=\"description\" content=\"Kaufen Sie Purple Dragon Marihuanasorte. \u00c4therisch und surreal ist der violette Drache der W\u00e4chter \u00fcberirdischer Kristalle. Digital gemalt von Tobias Vyseri.\" \/>\n<meta name=\"robots\" content=\"index, follow, max-snippet:-1, max-image-preview:large, max-video-preview:-1\" \/>\n<link rel=\"canonical\" href=\"https:\/\/medicinasinc.com\/de\/product\/kaufe-lila-drachen-marihuana-aaaaa\/\" \/>\n<meta property=\"og:locale\" content=\"de_DE\" \/>\n<meta property=\"og:type\" content=\"article\" \/>\n<meta property=\"og:title\" content=\"Kaufen Sie Purple Dragon (AAAA) - Best Best Global Meds\" \/>\n<meta property=\"og:description\" content=\"Kaufen Sie Purple Dragon Marihuanasorte. \u00c4therisch und surreal ist der violette Drache der W\u00e4chter \u00fcberirdischer Kristalle. Digital gemalt von Tobias Vyseri.\" \/>\n<meta property=\"og:url\" content=\"https:\/\/medicinasinc.com\/de\/product\/kaufe-lila-drachen-marihuana-aaaaa\/\" \/>\n<meta property=\"og:site_name\" content=\"Medicinas Inc\" \/>\n<meta property=\"article:modified_time\" content=\"2022-03-18T00:32:22+00:00\" \/>\n<meta property=\"og:image\" content=\"https:\/\/medicinasinc.com\/de\/wp-content\/uploads\/sites\/6\/2022\/02\/Buy-Purple-Dragon.jpg\" \/>\n\t<meta property=\"og:image:width\" content=\"541\" \/>\n\t<meta property=\"og:image:height\" content=\"459\" \/>\n\t<meta property=\"og:image:type\" content=\"image\/jpeg\" \/>\n<meta name=\"twitter:card\" content=\"summary_large_image\" \/>\n<meta name=\"twitter:label1\" content=\"Gesch\u00e4tzte Lesezeit\" \/>\n\t<meta name=\"twitter:data1\" content=\"1\u00a0Minute\" \/>\n<script type=\"application\/ld+json\" class=\"yoast-schema-graph\">{\"@context\":\"https:\\\/\\\/schema.org\",\"@graph\":[{\"@type\":\"WebPage\",\"@id\":\"https:\\\/\\\/medicinasinc.com\\\/de\\\/product\\\/kaufe-lila-drachen-marihuana-aaaaa\\\/\",\"url\":\"https:\\\/\\\/medicinasinc.com\\\/de\\\/product\\\/kaufe-lila-drachen-marihuana-aaaaa\\\/\",\"name\":\"Kaufen Sie Purple Dragon (AAAA) - Best Best Global Meds\",\"isPartOf\":{\"@id\":\"https:\\\/\\\/medicinasinc.com\\\/de\\\/#website\"},\"primaryImageOfPage\":{\"@id\":\"https:\\\/\\\/medicinasinc.com\\\/de\\\/product\\\/kaufe-lila-drachen-marihuana-aaaaa\\\/#primaryimage\"},\"image\":{\"@id\":\"https:\\\/\\\/medicinasinc.com\\\/de\\\/product\\\/kaufe-lila-drachen-marihuana-aaaaa\\\/#primaryimage\"},\"thumbnailUrl\":\"https:\\\/\\\/medicinasinc.com\\\/de\\\/wp-content\\\/uploads\\\/sites\\\/6\\\/2022\\\/02\\\/Buy-Purple-Dragon.jpg\",\"datePublished\":\"2022-02-20T19:35:13+00:00\",\"dateModified\":\"2022-03-18T00:32:22+00:00\",\"description\":\"Kaufen Sie Purple Dragon Marihuanasorte. \u00c4therisch und surreal ist der violette Drache der W\u00e4chter \u00fcberirdischer Kristalle. Digital gemalt von Tobias Vyseri.\",\"breadcrumb\":{\"@id\":\"https:\\\/\\\/medicinasinc.com\\\/de\\\/product\\\/kaufe-lila-drachen-marihuana-aaaaa\\\/#breadcrumb\"},\"inLanguage\":\"de\",\"potentialAction\":[{\"@type\":\"ReadAction\",\"target\":[\"https:\\\/\\\/medicinasinc.com\\\/de\\\/product\\\/kaufe-lila-drachen-marihuana-aaaaa\\\/\"]}]},{\"@type\":\"ImageObject\",\"inLanguage\":\"de\",\"@id\":\"https:\\\/\\\/medicinasinc.com\\\/de\\\/product\\\/kaufe-lila-drachen-marihuana-aaaaa\\\/#primaryimage\",\"url\":\"https:\\\/\\\/medicinasinc.com\\\/de\\\/wp-content\\\/uploads\\\/sites\\\/6\\\/2022\\\/02\\\/Buy-Purple-Dragon.jpg\",\"contentUrl\":\"https:\\\/\\\/medicinasinc.com\\\/de\\\/wp-content\\\/uploads\\\/sites\\\/6\\\/2022\\\/02\\\/Buy-Purple-Dragon.jpg\",\"width\":541,\"height\":459},{\"@type\":\"BreadcrumbList\",\"@id\":\"https:\\\/\\\/medicinasinc.com\\\/de\\\/product\\\/kaufe-lila-drachen-marihuana-aaaaa\\\/#breadcrumb\",\"itemListElement\":[{\"@type\":\"ListItem\",\"position\":1,\"name\":\"Einkaufen\",\"item\":\"https:\\\/\\\/medicinasinc.com\\\/de\\\/einkaufen\\\/\"},{\"@type\":\"ListItem\",\"position\":2,\"name\":\"Kaufen Sie Purple Dragon Marihuana (AAAA)\"}]},{\"@type\":\"WebSite\",\"@id\":\"https:\\\/\\\/medicinasinc.com\\\/de\\\/#website\",\"url\":\"https:\\\/\\\/medicinasinc.com\\\/de\\\/\",\"name\":\"Medicinas Inc\",\"description\":\"Health Medical Clinic\",\"potentialAction\":[{\"@type\":\"SearchAction\",\"target\":{\"@type\":\"EntryPoint\",\"urlTemplate\":\"https:\\\/\\\/medicinasinc.com\\\/de\\\/?s={search_term_string}\"},\"query-input\":{\"@type\":\"PropertyValueSpecification\",\"valueRequired\":true,\"valueName\":\"search_term_string\"}}],\"inLanguage\":\"de\"}]}<\/script>\n<!-- \/ Yoast SEO plugin. -->","yoast_head_json":{"title":"Kaufen Sie Purple Dragon (AAAA) - Best Best Global Meds","description":"Kaufen Sie Purple Dragon Marihuanasorte. \u00c4therisch und surreal ist der violette Drache der W\u00e4chter \u00fcberirdischer Kristalle. Digital gemalt von Tobias Vyseri.","robots":{"index":"index","follow":"follow","max-snippet":"max-snippet:-1","max-image-preview":"max-image-preview:large","max-video-preview":"max-video-preview:-1"},"canonical":"https:\/\/medicinasinc.com\/de\/product\/kaufe-lila-drachen-marihuana-aaaaa\/","og_locale":"de_DE","og_type":"article","og_title":"Kaufen Sie Purple Dragon (AAAA) - Best Best Global Meds","og_description":"Kaufen Sie Purple Dragon Marihuanasorte. \u00c4therisch und surreal ist der violette Drache der W\u00e4chter \u00fcberirdischer Kristalle. Digital gemalt von Tobias Vyseri.","og_url":"https:\/\/medicinasinc.com\/de\/product\/kaufe-lila-drachen-marihuana-aaaaa\/","og_site_name":"Medicinas Inc","article_modified_time":"2022-03-18T00:32:22+00:00","og_image":[{"width":541,"height":459,"url":"https:\/\/medicinasinc.com\/de\/wp-content\/uploads\/sites\/6\/2022\/02\/Buy-Purple-Dragon.jpg","type":"image\/jpeg"}],"twitter_card":"summary_large_image","twitter_misc":{"Gesch\u00e4tzte Lesezeit":"1\u00a0Minute"},"schema":{"@context":"https:\/\/schema.org","@graph":[{"@type":"WebPage","@id":"https:\/\/medicinasinc.com\/de\/product\/kaufe-lila-drachen-marihuana-aaaaa\/","url":"https:\/\/medicinasinc.com\/de\/product\/kaufe-lila-drachen-marihuana-aaaaa\/","name":"Kaufen Sie Purple Dragon (AAAA) - Best Best Global Meds","isPartOf":{"@id":"https:\/\/medicinasinc.com\/de\/#website"},"primaryImageOfPage":{"@id":"https:\/\/medicinasinc.com\/de\/product\/kaufe-lila-drachen-marihuana-aaaaa\/#primaryimage"},"image":{"@id":"https:\/\/medicinasinc.com\/de\/product\/kaufe-lila-drachen-marihuana-aaaaa\/#primaryimage"},"thumbnailUrl":"https:\/\/medicinasinc.com\/de\/wp-content\/uploads\/sites\/6\/2022\/02\/Buy-Purple-Dragon.jpg","datePublished":"2022-02-20T19:35:13+00:00","dateModified":"2022-03-18T00:32:22+00:00","description":"Kaufen Sie Purple Dragon Marihuanasorte. \u00c4therisch und surreal ist der violette Drache der W\u00e4chter \u00fcberirdischer Kristalle. Digital gemalt von Tobias Vyseri.","breadcrumb":{"@id":"https:\/\/medicinasinc.com\/de\/product\/kaufe-lila-drachen-marihuana-aaaaa\/#breadcrumb"},"inLanguage":"de","potentialAction":[{"@type":"ReadAction","target":["https:\/\/medicinasinc.com\/de\/product\/kaufe-lila-drachen-marihuana-aaaaa\/"]}]},{"@type":"ImageObject","inLanguage":"de","@id":"https:\/\/medicinasinc.com\/de\/product\/kaufe-lila-drachen-marihuana-aaaaa\/#primaryimage","url":"https:\/\/medicinasinc.com\/de\/wp-content\/uploads\/sites\/6\/2022\/02\/Buy-Purple-Dragon.jpg","contentUrl":"https:\/\/medicinasinc.com\/de\/wp-content\/uploads\/sites\/6\/2022\/02\/Buy-Purple-Dragon.jpg","width":541,"height":459},{"@type":"BreadcrumbList","@id":"https:\/\/medicinasinc.com\/de\/product\/kaufe-lila-drachen-marihuana-aaaaa\/#breadcrumb","itemListElement":[{"@type":"ListItem","position":1,"name":"Einkaufen","item":"https:\/\/medicinasinc.com\/de\/einkaufen\/"},{"@type":"ListItem","position":2,"name":"Kaufen Sie Purple Dragon Marihuana (AAAA)"}]},{"@type":"WebSite","@id":"https:\/\/medicinasinc.com\/de\/#website","url":"https:\/\/medicinasinc.com\/de\/","name":"Medicinas Inc","description":"Health Medical Clinic","potentialAction":[{"@type":"SearchAction","target":{"@type":"EntryPoint","urlTemplate":"https:\/\/medicinasinc.com\/de\/?s={search_term_string}"},"query-input":{"@type":"PropertyValueSpecification","valueRequired":true,"valueName":"search_term_string"}}],"inLanguage":"de"}]}},"_links":{"self":[{"href":"https:\/\/medicinasinc.com\/de\/wp-json\/wp\/v2\/product\/5047","targetHints":{"allow":["GET"]}}],"collection":[{"href":"https:\/\/medicinasinc.com\/de\/wp-json\/wp\/v2\/product"}],"about":[{"href":"https:\/\/medicinasinc.com\/de\/wp-json\/wp\/v2\/types\/product"}],"replies":[{"embeddable":true,"href":"https:\/\/medicinasinc.com\/de\/wp-json\/wp\/v2\/comments?post=5047"}],"wp:featuredmedia":[{"embeddable":true,"href":"https:\/\/medicinasinc.com\/de\/wp-json\/wp\/v2\/media\/5067"}],"wp:attachment":[{"href":"https:\/\/medicinasinc.com\/de\/wp-json\/wp\/v2\/media?parent=5047"}],"wp:term":[{"taxonomy":"product_brand","embeddable":true,"href":"https:\/\/medicinasinc.com\/de\/wp-json\/wp\/v2\/product_brand?post=5047"},{"taxonomy":"product_cat","embeddable":true,"href":"https:\/\/medicinasinc.com\/de\/wp-json\/wp\/v2\/product_cat?post=5047"},{"taxonomy":"product_tag","embeddable":true,"href":"https:\/\/medicinasinc.com\/de\/wp-json\/wp\/v2\/product_tag?post=5047"}],"curies":[{"name":"wp","href":"https:\/\/api.w.org\/{rel}","templated":true}]}}