{"id":5046,"date":"2022-02-20T19:34:10","date_gmt":"2022-02-20T19:34:10","guid":{"rendered":"https:\/\/medicinasinc.com\/de\/?post_type=product&#038;p=5046"},"modified":"2022-03-18T00:32:33","modified_gmt":"2022-03-18T00:32:33","slug":"schokoladenfondue-sorte-kaufen","status":"publish","type":"product","link":"https:\/\/medicinasinc.com\/de\/product\/schokoladenfondue-sorte-kaufen\/","title":{"rendered":"Kaufen Sie Schokoladenfondue Strain"},"content":{"rendered":"<p>Informationen zur Chocolate Fondue-Sorte<\/p>\n<p>Chocolate Fondue ist eine von DNA Genetics entwickelte sativadominierte Kreuzung, die die erhebenden Kr\u00e4fte von Chocolope mit der beruhigenden Wirkung und dem einzigartigen Geschmack von Exodus Cheese kombiniert.<\/p>\n<p>Die Wirkung von Schokoladenfondue beruhigt den K\u00f6rper und beruhigt den Geist und wiegt Sie in einen Zustand angenehmen Bewusstseins. Diese Cannabissorte ist aufgrund ihres vielf\u00e4ltigen Duftes und ihres s\u00fc\u00dfen Geschmacks Tag und Nacht gro\u00dfartig.<\/p>\n<p>Die medizinischen Eigenschaften der Schokoladenfondue-Sorte<\/p>\n<p>Es gibt zahlreiche Gr\u00fcnde, Cannabissorten zu verwenden. Im Folgenden sind die sechs wichtigsten Gr\u00fcnde aufgef\u00fchrt, warum sie in Betracht gezogen werden sollten. Je h\u00f6her die Potenz, desto st\u00e4rker das High!<\/p>\n<p>1 \u2013 Lindert chronische Schmerzen<\/p>\n<p>Cannabis enth\u00e4lt eine chemische Zusammensetzung, die bei der Linderung von Schmerzen hilft. Im Allgemeinen zeigt die Farbe des Cannabis auch seine Potenz an. Zahlreiche Menschen haben festgestellt, dass dies wahr ist.<\/p>\n<p>2 &#8211; Erh\u00f6hte Kapazit\u00e4t der Lunge<\/p>\n<p>Wussten Sie? Das Rauchen von Cannabis ist dem Rauchen von Zigaretten weit \u00fcberlegen. Dar\u00fcber hinaus wird es Ihnen helfen, die Lungenkapazit\u00e4t zu erh\u00f6hen.<\/p>\n<p>3 \u2013 Fettleibigkeit<\/p>\n<p>Die gro\u00dfe Mehrheit der Marihuana-Konsumenten ist nicht fettleibig. Dies liegt daran, dass die regelm\u00e4\u00dfige Verwendung dieser Marihuana-Blume Ihnen helfen wird, Ihren Kalorienverbrauch zu kontrollieren.<\/p>\n<p>4 \u2013 Diabetes-Pr\u00e4vention<\/p>\n<p>Sobald Diabetes diagnostiziert wurde, werden Sie ihn f\u00fcr den Rest Ihres Lebens haben Leben. Sie k\u00f6nnen Ihren Blutzuckerspiegel einfach so steuern, dass er nicht weiter ansteigt.<\/p>\n<p>Cannabis kann bei der Stabilisierung des Blutzuckers und der Senkung des Blutdrucks helfen!<\/p>\n<p>5 \u2013 Hilft depressiven Personen<\/p>\n<p> p&gt; <\/p>\n<p>Manche Menschen sind depressiv, ohne sich dessen bewusst zu sein. Cannabis kann helfen, Ihre Stimmung im Falle einer Depression zu beruhigen.<\/p>\n<p>Wo man in Kanada eine Schokoladenfondue-Sorte kaufen kann<\/p>\n<p>W\u00e4hrend es andere Apotheken in Kanada gibt, wo Sie Schokoladenfondue bekommen k\u00f6nnen Unkrautsorte, unsere Abgabestelle bei Mail Order Marijuana bietet einige der hochwertigsten Waren, die es gibt.<\/p>\n<p>Wir garantieren, dass Sie qualitativ hochwertige Produkte erhalten, oder wir erstatten Ihnen Ihr Geld zur\u00fcck!<\/p>\n<p>Zus\u00e4tzlich , Bestellungen \u00fcber 100 $ erhalten kostenlosen Versand!<\/p>\n","protected":false},"excerpt":{"rendered":"<div class=\"woocommerce-product-details__short-description\">\n<p>Kaufen Sie hochwertige Schokoladenfondue-Sorten online. Chocolate Fondue Strain ist ein Sativa-dominanter Hybrid \u2013 80 % Sativa \/ 20 % Indica THC: 17 %<\/p>\n<\/p><\/div>\n","protected":false},"featured_media":5065,"comment_status":"open","ping_status":"closed","template":"","meta":[],"product_brand":[],"product_cat":[778],"product_tag":[1004,1005],"class_list":{"0":"post-5046","1":"product","2":"type-product","3":"status-publish","4":"has-post-thumbnail","6":"product_cat-unkraut-zu-verkaufen","7":"product_tag-kse-fondue-sorte","8":"product_tag-schoko-fudge-sorte","10":"first","11":"instock","12":"shipping-taxable","13":"purchasable","14":"product-type-variable","15":"has-default-attributes"},"yoast_head":"<!-- This site is optimized with the Yoast SEO plugin v27.3 - https:\/\/yoast.com\/product\/yoast-seo-wordpress\/ -->\n<title>Kaufen Sie hochwertige Schokoladenfondue-Sorten online - Best Global Meds<\/title>\n<meta name=\"description\" content=\"Kaufen Sie hochwertige Schokoladenfondue-Sorten online. Chocolate Fondue Strain ist ein sativadominanter Hybrid \u2013 80 % Sativa \/ 20 % Indica THC: 17 %\" \/>\n<meta name=\"robots\" content=\"index, follow, max-snippet:-1, max-image-preview:large, max-video-preview:-1\" \/>\n<link rel=\"canonical\" href=\"https:\/\/medicinasinc.com\/de\/product\/schokoladenfondue-sorte-kaufen\/\" \/>\n<meta property=\"og:locale\" content=\"de_DE\" \/>\n<meta property=\"og:type\" content=\"article\" \/>\n<meta property=\"og:title\" content=\"Kaufen Sie hochwertige Schokoladenfondue-Sorten online - Best Global Meds\" \/>\n<meta property=\"og:description\" content=\"Kaufen Sie hochwertige Schokoladenfondue-Sorten online. Chocolate Fondue Strain ist ein sativadominanter Hybrid \u2013 80 % Sativa \/ 20 % Indica THC: 17 %\" \/>\n<meta property=\"og:url\" content=\"https:\/\/medicinasinc.com\/de\/product\/schokoladenfondue-sorte-kaufen\/\" \/>\n<meta property=\"og:site_name\" content=\"Medicinas Inc\" \/>\n<meta property=\"article:modified_time\" content=\"2022-03-18T00:32:33+00:00\" \/>\n<meta property=\"og:image\" content=\"https:\/\/medicinasinc.com\/de\/wp-content\/uploads\/sites\/6\/2022\/02\/Buy-Quality-Chocolate-Fondue.jpg\" \/>\n\t<meta property=\"og:image:width\" content=\"667\" \/>\n\t<meta property=\"og:image:height\" content=\"1000\" \/>\n\t<meta property=\"og:image:type\" content=\"image\/jpeg\" \/>\n<meta name=\"twitter:card\" content=\"summary_large_image\" \/>\n<meta name=\"twitter:label1\" content=\"Gesch\u00e4tzte Lesezeit\" \/>\n\t<meta name=\"twitter:data1\" content=\"2\u00a0Minuten\" \/>\n<script type=\"application\/ld+json\" class=\"yoast-schema-graph\">{\"@context\":\"https:\\\/\\\/schema.org\",\"@graph\":[{\"@type\":\"WebPage\",\"@id\":\"https:\\\/\\\/medicinasinc.com\\\/de\\\/product\\\/schokoladenfondue-sorte-kaufen\\\/\",\"url\":\"https:\\\/\\\/medicinasinc.com\\\/de\\\/product\\\/schokoladenfondue-sorte-kaufen\\\/\",\"name\":\"Kaufen Sie hochwertige Schokoladenfondue-Sorten online - Best Global Meds\",\"isPartOf\":{\"@id\":\"https:\\\/\\\/medicinasinc.com\\\/de\\\/#website\"},\"primaryImageOfPage\":{\"@id\":\"https:\\\/\\\/medicinasinc.com\\\/de\\\/product\\\/schokoladenfondue-sorte-kaufen\\\/#primaryimage\"},\"image\":{\"@id\":\"https:\\\/\\\/medicinasinc.com\\\/de\\\/product\\\/schokoladenfondue-sorte-kaufen\\\/#primaryimage\"},\"thumbnailUrl\":\"https:\\\/\\\/medicinasinc.com\\\/de\\\/wp-content\\\/uploads\\\/sites\\\/6\\\/2022\\\/02\\\/Buy-Quality-Chocolate-Fondue.jpg\",\"datePublished\":\"2022-02-20T19:34:10+00:00\",\"dateModified\":\"2022-03-18T00:32:33+00:00\",\"description\":\"Kaufen Sie hochwertige Schokoladenfondue-Sorten online. Chocolate Fondue Strain ist ein sativadominanter Hybrid \u2013 80 % Sativa \\\/ 20 % Indica THC: 17 %\",\"breadcrumb\":{\"@id\":\"https:\\\/\\\/medicinasinc.com\\\/de\\\/product\\\/schokoladenfondue-sorte-kaufen\\\/#breadcrumb\"},\"inLanguage\":\"de\",\"potentialAction\":[{\"@type\":\"ReadAction\",\"target\":[\"https:\\\/\\\/medicinasinc.com\\\/de\\\/product\\\/schokoladenfondue-sorte-kaufen\\\/\"]}]},{\"@type\":\"ImageObject\",\"inLanguage\":\"de\",\"@id\":\"https:\\\/\\\/medicinasinc.com\\\/de\\\/product\\\/schokoladenfondue-sorte-kaufen\\\/#primaryimage\",\"url\":\"https:\\\/\\\/medicinasinc.com\\\/de\\\/wp-content\\\/uploads\\\/sites\\\/6\\\/2022\\\/02\\\/Buy-Quality-Chocolate-Fondue.jpg\",\"contentUrl\":\"https:\\\/\\\/medicinasinc.com\\\/de\\\/wp-content\\\/uploads\\\/sites\\\/6\\\/2022\\\/02\\\/Buy-Quality-Chocolate-Fondue.jpg\",\"width\":667,\"height\":1000},{\"@type\":\"BreadcrumbList\",\"@id\":\"https:\\\/\\\/medicinasinc.com\\\/de\\\/product\\\/schokoladenfondue-sorte-kaufen\\\/#breadcrumb\",\"itemListElement\":[{\"@type\":\"ListItem\",\"position\":1,\"name\":\"Einkaufen\",\"item\":\"https:\\\/\\\/medicinasinc.com\\\/de\\\/einkaufen\\\/\"},{\"@type\":\"ListItem\",\"position\":2,\"name\":\"Kaufen Sie Schokoladenfondue Strain\"}]},{\"@type\":\"WebSite\",\"@id\":\"https:\\\/\\\/medicinasinc.com\\\/de\\\/#website\",\"url\":\"https:\\\/\\\/medicinasinc.com\\\/de\\\/\",\"name\":\"Medicinas Inc\",\"description\":\"Health Medical Clinic\",\"potentialAction\":[{\"@type\":\"SearchAction\",\"target\":{\"@type\":\"EntryPoint\",\"urlTemplate\":\"https:\\\/\\\/medicinasinc.com\\\/de\\\/?s={search_term_string}\"},\"query-input\":{\"@type\":\"PropertyValueSpecification\",\"valueRequired\":true,\"valueName\":\"search_term_string\"}}],\"inLanguage\":\"de\"}]}<\/script>\n<!-- \/ Yoast SEO plugin. -->","yoast_head_json":{"title":"Kaufen Sie hochwertige Schokoladenfondue-Sorten online - Best Global Meds","description":"Kaufen Sie hochwertige Schokoladenfondue-Sorten online. Chocolate Fondue Strain ist ein sativadominanter Hybrid \u2013 80 % Sativa \/ 20 % Indica THC: 17 %","robots":{"index":"index","follow":"follow","max-snippet":"max-snippet:-1","max-image-preview":"max-image-preview:large","max-video-preview":"max-video-preview:-1"},"canonical":"https:\/\/medicinasinc.com\/de\/product\/schokoladenfondue-sorte-kaufen\/","og_locale":"de_DE","og_type":"article","og_title":"Kaufen Sie hochwertige Schokoladenfondue-Sorten online - Best Global Meds","og_description":"Kaufen Sie hochwertige Schokoladenfondue-Sorten online. Chocolate Fondue Strain ist ein sativadominanter Hybrid \u2013 80 % Sativa \/ 20 % Indica THC: 17 %","og_url":"https:\/\/medicinasinc.com\/de\/product\/schokoladenfondue-sorte-kaufen\/","og_site_name":"Medicinas Inc","article_modified_time":"2022-03-18T00:32:33+00:00","og_image":[{"width":667,"height":1000,"url":"https:\/\/medicinasinc.com\/de\/wp-content\/uploads\/sites\/6\/2022\/02\/Buy-Quality-Chocolate-Fondue.jpg","type":"image\/jpeg"}],"twitter_card":"summary_large_image","twitter_misc":{"Gesch\u00e4tzte Lesezeit":"2\u00a0Minuten"},"schema":{"@context":"https:\/\/schema.org","@graph":[{"@type":"WebPage","@id":"https:\/\/medicinasinc.com\/de\/product\/schokoladenfondue-sorte-kaufen\/","url":"https:\/\/medicinasinc.com\/de\/product\/schokoladenfondue-sorte-kaufen\/","name":"Kaufen Sie hochwertige Schokoladenfondue-Sorten online - Best Global Meds","isPartOf":{"@id":"https:\/\/medicinasinc.com\/de\/#website"},"primaryImageOfPage":{"@id":"https:\/\/medicinasinc.com\/de\/product\/schokoladenfondue-sorte-kaufen\/#primaryimage"},"image":{"@id":"https:\/\/medicinasinc.com\/de\/product\/schokoladenfondue-sorte-kaufen\/#primaryimage"},"thumbnailUrl":"https:\/\/medicinasinc.com\/de\/wp-content\/uploads\/sites\/6\/2022\/02\/Buy-Quality-Chocolate-Fondue.jpg","datePublished":"2022-02-20T19:34:10+00:00","dateModified":"2022-03-18T00:32:33+00:00","description":"Kaufen Sie hochwertige Schokoladenfondue-Sorten online. Chocolate Fondue Strain ist ein sativadominanter Hybrid \u2013 80 % Sativa \/ 20 % Indica THC: 17 %","breadcrumb":{"@id":"https:\/\/medicinasinc.com\/de\/product\/schokoladenfondue-sorte-kaufen\/#breadcrumb"},"inLanguage":"de","potentialAction":[{"@type":"ReadAction","target":["https:\/\/medicinasinc.com\/de\/product\/schokoladenfondue-sorte-kaufen\/"]}]},{"@type":"ImageObject","inLanguage":"de","@id":"https:\/\/medicinasinc.com\/de\/product\/schokoladenfondue-sorte-kaufen\/#primaryimage","url":"https:\/\/medicinasinc.com\/de\/wp-content\/uploads\/sites\/6\/2022\/02\/Buy-Quality-Chocolate-Fondue.jpg","contentUrl":"https:\/\/medicinasinc.com\/de\/wp-content\/uploads\/sites\/6\/2022\/02\/Buy-Quality-Chocolate-Fondue.jpg","width":667,"height":1000},{"@type":"BreadcrumbList","@id":"https:\/\/medicinasinc.com\/de\/product\/schokoladenfondue-sorte-kaufen\/#breadcrumb","itemListElement":[{"@type":"ListItem","position":1,"name":"Einkaufen","item":"https:\/\/medicinasinc.com\/de\/einkaufen\/"},{"@type":"ListItem","position":2,"name":"Kaufen Sie Schokoladenfondue Strain"}]},{"@type":"WebSite","@id":"https:\/\/medicinasinc.com\/de\/#website","url":"https:\/\/medicinasinc.com\/de\/","name":"Medicinas Inc","description":"Health Medical Clinic","potentialAction":[{"@type":"SearchAction","target":{"@type":"EntryPoint","urlTemplate":"https:\/\/medicinasinc.com\/de\/?s={search_term_string}"},"query-input":{"@type":"PropertyValueSpecification","valueRequired":true,"valueName":"search_term_string"}}],"inLanguage":"de"}]}},"_links":{"self":[{"href":"https:\/\/medicinasinc.com\/de\/wp-json\/wp\/v2\/product\/5046","targetHints":{"allow":["GET"]}}],"collection":[{"href":"https:\/\/medicinasinc.com\/de\/wp-json\/wp\/v2\/product"}],"about":[{"href":"https:\/\/medicinasinc.com\/de\/wp-json\/wp\/v2\/types\/product"}],"replies":[{"embeddable":true,"href":"https:\/\/medicinasinc.com\/de\/wp-json\/wp\/v2\/comments?post=5046"}],"wp:featuredmedia":[{"embeddable":true,"href":"https:\/\/medicinasinc.com\/de\/wp-json\/wp\/v2\/media\/5065"}],"wp:attachment":[{"href":"https:\/\/medicinasinc.com\/de\/wp-json\/wp\/v2\/media?parent=5046"}],"wp:term":[{"taxonomy":"product_brand","embeddable":true,"href":"https:\/\/medicinasinc.com\/de\/wp-json\/wp\/v2\/product_brand?post=5046"},{"taxonomy":"product_cat","embeddable":true,"href":"https:\/\/medicinasinc.com\/de\/wp-json\/wp\/v2\/product_cat?post=5046"},{"taxonomy":"product_tag","embeddable":true,"href":"https:\/\/medicinasinc.com\/de\/wp-json\/wp\/v2\/product_tag?post=5046"}],"curies":[{"name":"wp","href":"https:\/\/api.w.org\/{rel}","templated":true}]}}