{"id":5045,"date":"2022-02-20T19:32:59","date_gmt":"2022-02-20T19:32:59","guid":{"rendered":"https:\/\/medicinasinc.com\/de\/?post_type=product&#038;p=5045"},"modified":"2022-03-18T00:32:45","modified_gmt":"2022-03-18T00:32:45","slug":"kaufen-rocky-mountain-blaubeere","status":"publish","type":"product","link":"https:\/\/medicinasinc.com\/de\/product\/kaufen-rocky-mountain-blaubeere\/","title":{"rendered":"Rocky Mountain Blaubeere kaufen"},"content":{"rendered":"<h1><a href=\"https:\/\/www.bestglobalmeds.com\/product\/marijuana\/rocky-mountain\/\">Rocky Mountain Blueberry kaufen<\/a> Sorte<\/h1>\n<p>Rocky Mountain Blueberry ist Indica-dominant Hybrid \u2013 70 % Indica \/ 30 % Sativa THC: 15 % \u2013 18 %<\/p>\n<p>Wirkung<br \/> Erregt, kreativ, anregend, fr\u00f6hlich, motivierend, entspannend<br \/> Kann Depressionen lindern<br \/> , M\u00fcdigkeit, Glaukom, Kopfschmerzen, Stress<br \/> Geschmacksrichtungen<br \/> Beere, S\u00fc\u00dfigkeiten, fruchtig, s\u00fc\u00df<br \/> Aromen<br \/> Beere, Heidelbeere, erdig, Kr\u00e4uter, s\u00fc\u00df<\/p>\n<p>Felsig Mountain Blueberry ist eine Indica-dominante Hybridsorte, die aus den unglaublich leckeren Sorten Shishkaberry und Blueberry gez\u00fcchtet wurde. Diese Sorte ist bekannt f\u00fcr ihren verf\u00fchrerischen Geschmack \u2013 \u00e4hnlich k\u00f6stlichen, frisch gepfl\u00fcckten Blaubeeren oder einer saftigen S\u00fc\u00dfigkeit mit Blaubeergeschmack! Das Aroma ist ebenso k\u00f6stlich, mit Noten von erdigen Blaubeeren, frischer Kiefer und einer Prise Zitrone. Das High von Rocky Mountain Blueberry ist so s\u00fc\u00df wie es schmeckt, mit stimulierenden und belebenden Effekten, die ideal sind, um sich auf ein Outdoor-Abenteuer vorzubereiten. Sie werden sich wohl f\u00fchlen und dennoch bereit sein, eine Wanderung zu unternehmen, zu schwimmen, zu laufen oder was Ihnen sonst noch einf\u00e4llt, w\u00e4hrend Sie drau\u00dfen sind. Diese Stimmung kann manchmal leicht kribbeln, sodass Sie sich ein wenig \u00e4ngstlich und leicht erregt f\u00fchlen. Rocky Mountain Blueberry soll aufgrund dieser Wirkungen und ihres signifikanten durchschnittlichen THC-Gehalts von 15-18 Prozent ideal zur Behandlung von Beschwerden wie Ersch\u00f6pfung, Depressionen, Kopfschmerzen oder Migr\u00e4ne und Glaukom oder hohem Augendruck sein. Dunkelolivgr\u00fcne Knospen mit blauen Obert\u00f6nen und eine Beschichtung aus leuchtend lavendelfarbenen Trichomen charakterisieren diese Knospe.<\/p>\n","protected":false},"excerpt":{"rendered":"<div class=\"woocommerce-product-details__short-description\">\n<p>Online-Kauf der Sorte Rocky Mountain Blueberry. Rocky Mountain Blueberry ist ein dominanter Indica-Hybrid &#8211; 70 % Indica \/ 30 % Sativa. THC-Gehalt von Sativa: 15\u00a0%\u201318\u00a0%<\/p>\n<p>Rocky Mountain Blueberry ist eine indicadominierte Hybridsorte, die aus den unglaublich schmackhaften Shishkaberry X Blueberry-Eltern gez\u00fcchtet wurde.<\/p>\n<\/p><\/div>\n","protected":false},"featured_media":5063,"comment_status":"open","ping_status":"closed","template":"","meta":[],"product_brand":[],"product_cat":[778],"product_tag":[999,998,996,997,1001,1000,1003,1002],"class_list":{"0":"post-5045","1":"product","2":"type-product","3":"status-publish","4":"has-post-thumbnail","6":"product_cat-unkraut-zu-verkaufen","7":"product_tag-berg-und","8":"product_tag-bergbeere-kush-sorte","9":"product_tag-blaubeer-stamm-allbud","10":"product_tag-mikado-stammblatt","11":"product_tag-rocky-mountain-high-strain","12":"product_tag-rocky-mountain-fire-stamm","13":"product_tag-swiss-berry-sorte","14":"product_tag-shazam-stammblatt","16":"first","17":"instock","18":"shipping-taxable","19":"purchasable","20":"product-type-variable","21":"has-default-attributes"},"yoast_head":"<!-- This site is optimized with the Yoast SEO plugin v27.3 - https:\/\/yoast.com\/product\/yoast-seo-wordpress\/ -->\n<title>Kaufen Sie die Sorte Rocky Mountain Blueberry - Best Global Meds<\/title>\n<meta name=\"description\" content=\"Rocky Mountain Blueberry Sorte kaufen Rocky Mountain Blueberry ist ein Indica-dominanter Hybrid - 70 % Indica \/ 30 % Sativa THC: 15 % - 18 % Erregt, kreativ.\" \/>\n<meta name=\"robots\" content=\"index, follow, max-snippet:-1, max-image-preview:large, max-video-preview:-1\" \/>\n<link rel=\"canonical\" href=\"https:\/\/medicinasinc.com\/de\/product\/kaufen-rocky-mountain-blaubeere\/\" \/>\n<meta property=\"og:locale\" content=\"de_DE\" \/>\n<meta property=\"og:type\" content=\"article\" \/>\n<meta property=\"og:title\" content=\"Kaufen Sie die Sorte Rocky Mountain Blueberry - Best Global Meds\" \/>\n<meta property=\"og:description\" content=\"Rocky Mountain Blueberry Sorte kaufen Rocky Mountain Blueberry ist ein Indica-dominanter Hybrid - 70 % Indica \/ 30 % Sativa THC: 15 % - 18 % Erregt, kreativ.\" \/>\n<meta property=\"og:url\" content=\"https:\/\/medicinasinc.com\/de\/product\/kaufen-rocky-mountain-blaubeere\/\" \/>\n<meta property=\"og:site_name\" content=\"Medicinas Inc\" \/>\n<meta property=\"article:modified_time\" content=\"2022-03-18T00:32:45+00:00\" \/>\n<meta property=\"og:image\" content=\"https:\/\/medicinasinc.com\/de\/wp-content\/uploads\/sites\/6\/2022\/02\/Buy-Rocky-Mountain-Blueberry.jpg\" \/>\n\t<meta property=\"og:image:width\" content=\"1200\" \/>\n\t<meta property=\"og:image:height\" content=\"630\" \/>\n\t<meta property=\"og:image:type\" content=\"image\/jpeg\" \/>\n<meta name=\"twitter:card\" content=\"summary_large_image\" \/>\n<meta name=\"twitter:label1\" content=\"Gesch\u00e4tzte Lesezeit\" \/>\n\t<meta name=\"twitter:data1\" content=\"1\u00a0Minute\" \/>\n<script type=\"application\/ld+json\" class=\"yoast-schema-graph\">{\"@context\":\"https:\\\/\\\/schema.org\",\"@graph\":[{\"@type\":\"WebPage\",\"@id\":\"https:\\\/\\\/medicinasinc.com\\\/de\\\/product\\\/kaufen-rocky-mountain-blaubeere\\\/\",\"url\":\"https:\\\/\\\/medicinasinc.com\\\/de\\\/product\\\/kaufen-rocky-mountain-blaubeere\\\/\",\"name\":\"Kaufen Sie die Sorte Rocky Mountain Blueberry - Best Global Meds\",\"isPartOf\":{\"@id\":\"https:\\\/\\\/medicinasinc.com\\\/de\\\/#website\"},\"primaryImageOfPage\":{\"@id\":\"https:\\\/\\\/medicinasinc.com\\\/de\\\/product\\\/kaufen-rocky-mountain-blaubeere\\\/#primaryimage\"},\"image\":{\"@id\":\"https:\\\/\\\/medicinasinc.com\\\/de\\\/product\\\/kaufen-rocky-mountain-blaubeere\\\/#primaryimage\"},\"thumbnailUrl\":\"https:\\\/\\\/medicinasinc.com\\\/de\\\/wp-content\\\/uploads\\\/sites\\\/6\\\/2022\\\/02\\\/Buy-Rocky-Mountain-Blueberry.jpg\",\"datePublished\":\"2022-02-20T19:32:59+00:00\",\"dateModified\":\"2022-03-18T00:32:45+00:00\",\"description\":\"Rocky Mountain Blueberry Sorte kaufen Rocky Mountain Blueberry ist ein Indica-dominanter Hybrid - 70 % Indica \\\/ 30 % Sativa THC: 15 % - 18 % Erregt, kreativ.\",\"breadcrumb\":{\"@id\":\"https:\\\/\\\/medicinasinc.com\\\/de\\\/product\\\/kaufen-rocky-mountain-blaubeere\\\/#breadcrumb\"},\"inLanguage\":\"de\",\"potentialAction\":[{\"@type\":\"ReadAction\",\"target\":[\"https:\\\/\\\/medicinasinc.com\\\/de\\\/product\\\/kaufen-rocky-mountain-blaubeere\\\/\"]}]},{\"@type\":\"ImageObject\",\"inLanguage\":\"de\",\"@id\":\"https:\\\/\\\/medicinasinc.com\\\/de\\\/product\\\/kaufen-rocky-mountain-blaubeere\\\/#primaryimage\",\"url\":\"https:\\\/\\\/medicinasinc.com\\\/de\\\/wp-content\\\/uploads\\\/sites\\\/6\\\/2022\\\/02\\\/Buy-Rocky-Mountain-Blueberry.jpg\",\"contentUrl\":\"https:\\\/\\\/medicinasinc.com\\\/de\\\/wp-content\\\/uploads\\\/sites\\\/6\\\/2022\\\/02\\\/Buy-Rocky-Mountain-Blueberry.jpg\",\"width\":1200,\"height\":630},{\"@type\":\"BreadcrumbList\",\"@id\":\"https:\\\/\\\/medicinasinc.com\\\/de\\\/product\\\/kaufen-rocky-mountain-blaubeere\\\/#breadcrumb\",\"itemListElement\":[{\"@type\":\"ListItem\",\"position\":1,\"name\":\"Einkaufen\",\"item\":\"https:\\\/\\\/medicinasinc.com\\\/de\\\/einkaufen\\\/\"},{\"@type\":\"ListItem\",\"position\":2,\"name\":\"Rocky Mountain Blaubeere kaufen\"}]},{\"@type\":\"WebSite\",\"@id\":\"https:\\\/\\\/medicinasinc.com\\\/de\\\/#website\",\"url\":\"https:\\\/\\\/medicinasinc.com\\\/de\\\/\",\"name\":\"Medicinas Inc\",\"description\":\"Health Medical Clinic\",\"potentialAction\":[{\"@type\":\"SearchAction\",\"target\":{\"@type\":\"EntryPoint\",\"urlTemplate\":\"https:\\\/\\\/medicinasinc.com\\\/de\\\/?s={search_term_string}\"},\"query-input\":{\"@type\":\"PropertyValueSpecification\",\"valueRequired\":true,\"valueName\":\"search_term_string\"}}],\"inLanguage\":\"de\"}]}<\/script>\n<!-- \/ Yoast SEO plugin. -->","yoast_head_json":{"title":"Kaufen Sie die Sorte Rocky Mountain Blueberry - Best Global Meds","description":"Rocky Mountain Blueberry Sorte kaufen Rocky Mountain Blueberry ist ein Indica-dominanter Hybrid - 70 % Indica \/ 30 % Sativa THC: 15 % - 18 % Erregt, kreativ.","robots":{"index":"index","follow":"follow","max-snippet":"max-snippet:-1","max-image-preview":"max-image-preview:large","max-video-preview":"max-video-preview:-1"},"canonical":"https:\/\/medicinasinc.com\/de\/product\/kaufen-rocky-mountain-blaubeere\/","og_locale":"de_DE","og_type":"article","og_title":"Kaufen Sie die Sorte Rocky Mountain Blueberry - Best Global Meds","og_description":"Rocky Mountain Blueberry Sorte kaufen Rocky Mountain Blueberry ist ein Indica-dominanter Hybrid - 70 % Indica \/ 30 % Sativa THC: 15 % - 18 % Erregt, kreativ.","og_url":"https:\/\/medicinasinc.com\/de\/product\/kaufen-rocky-mountain-blaubeere\/","og_site_name":"Medicinas Inc","article_modified_time":"2022-03-18T00:32:45+00:00","og_image":[{"width":1200,"height":630,"url":"https:\/\/medicinasinc.com\/de\/wp-content\/uploads\/sites\/6\/2022\/02\/Buy-Rocky-Mountain-Blueberry.jpg","type":"image\/jpeg"}],"twitter_card":"summary_large_image","twitter_misc":{"Gesch\u00e4tzte Lesezeit":"1\u00a0Minute"},"schema":{"@context":"https:\/\/schema.org","@graph":[{"@type":"WebPage","@id":"https:\/\/medicinasinc.com\/de\/product\/kaufen-rocky-mountain-blaubeere\/","url":"https:\/\/medicinasinc.com\/de\/product\/kaufen-rocky-mountain-blaubeere\/","name":"Kaufen Sie die Sorte Rocky Mountain Blueberry - Best Global Meds","isPartOf":{"@id":"https:\/\/medicinasinc.com\/de\/#website"},"primaryImageOfPage":{"@id":"https:\/\/medicinasinc.com\/de\/product\/kaufen-rocky-mountain-blaubeere\/#primaryimage"},"image":{"@id":"https:\/\/medicinasinc.com\/de\/product\/kaufen-rocky-mountain-blaubeere\/#primaryimage"},"thumbnailUrl":"https:\/\/medicinasinc.com\/de\/wp-content\/uploads\/sites\/6\/2022\/02\/Buy-Rocky-Mountain-Blueberry.jpg","datePublished":"2022-02-20T19:32:59+00:00","dateModified":"2022-03-18T00:32:45+00:00","description":"Rocky Mountain Blueberry Sorte kaufen Rocky Mountain Blueberry ist ein Indica-dominanter Hybrid - 70 % Indica \/ 30 % Sativa THC: 15 % - 18 % Erregt, kreativ.","breadcrumb":{"@id":"https:\/\/medicinasinc.com\/de\/product\/kaufen-rocky-mountain-blaubeere\/#breadcrumb"},"inLanguage":"de","potentialAction":[{"@type":"ReadAction","target":["https:\/\/medicinasinc.com\/de\/product\/kaufen-rocky-mountain-blaubeere\/"]}]},{"@type":"ImageObject","inLanguage":"de","@id":"https:\/\/medicinasinc.com\/de\/product\/kaufen-rocky-mountain-blaubeere\/#primaryimage","url":"https:\/\/medicinasinc.com\/de\/wp-content\/uploads\/sites\/6\/2022\/02\/Buy-Rocky-Mountain-Blueberry.jpg","contentUrl":"https:\/\/medicinasinc.com\/de\/wp-content\/uploads\/sites\/6\/2022\/02\/Buy-Rocky-Mountain-Blueberry.jpg","width":1200,"height":630},{"@type":"BreadcrumbList","@id":"https:\/\/medicinasinc.com\/de\/product\/kaufen-rocky-mountain-blaubeere\/#breadcrumb","itemListElement":[{"@type":"ListItem","position":1,"name":"Einkaufen","item":"https:\/\/medicinasinc.com\/de\/einkaufen\/"},{"@type":"ListItem","position":2,"name":"Rocky Mountain Blaubeere kaufen"}]},{"@type":"WebSite","@id":"https:\/\/medicinasinc.com\/de\/#website","url":"https:\/\/medicinasinc.com\/de\/","name":"Medicinas Inc","description":"Health Medical Clinic","potentialAction":[{"@type":"SearchAction","target":{"@type":"EntryPoint","urlTemplate":"https:\/\/medicinasinc.com\/de\/?s={search_term_string}"},"query-input":{"@type":"PropertyValueSpecification","valueRequired":true,"valueName":"search_term_string"}}],"inLanguage":"de"}]}},"_links":{"self":[{"href":"https:\/\/medicinasinc.com\/de\/wp-json\/wp\/v2\/product\/5045","targetHints":{"allow":["GET"]}}],"collection":[{"href":"https:\/\/medicinasinc.com\/de\/wp-json\/wp\/v2\/product"}],"about":[{"href":"https:\/\/medicinasinc.com\/de\/wp-json\/wp\/v2\/types\/product"}],"replies":[{"embeddable":true,"href":"https:\/\/medicinasinc.com\/de\/wp-json\/wp\/v2\/comments?post=5045"}],"wp:featuredmedia":[{"embeddable":true,"href":"https:\/\/medicinasinc.com\/de\/wp-json\/wp\/v2\/media\/5063"}],"wp:attachment":[{"href":"https:\/\/medicinasinc.com\/de\/wp-json\/wp\/v2\/media?parent=5045"}],"wp:term":[{"taxonomy":"product_brand","embeddable":true,"href":"https:\/\/medicinasinc.com\/de\/wp-json\/wp\/v2\/product_brand?post=5045"},{"taxonomy":"product_cat","embeddable":true,"href":"https:\/\/medicinasinc.com\/de\/wp-json\/wp\/v2\/product_cat?post=5045"},{"taxonomy":"product_tag","embeddable":true,"href":"https:\/\/medicinasinc.com\/de\/wp-json\/wp\/v2\/product_tag?post=5045"}],"curies":[{"name":"wp","href":"https:\/\/api.w.org\/{rel}","templated":true}]}}