{"id":5044,"date":"2022-02-20T19:31:39","date_gmt":"2022-02-20T19:31:39","guid":{"rendered":"https:\/\/medicinasinc.com\/de\/?post_type=product&#038;p=5044"},"modified":"2022-03-18T00:32:54","modified_gmt":"2022-03-18T00:32:54","slug":"kaufen-lila-wrack-marihuana","status":"publish","type":"product","link":"https:\/\/medicinasinc.com\/de\/product\/kaufen-lila-wrack-marihuana\/","title":{"rendered":"Kaufen Sie Purple Wreck Marihuana"},"content":{"rendered":"<div class=\"et_pb_column et_pb_column_3_8 et_pb_column_inner et_pb_column_inner_4 \">\n<div class=\"et_pb_module et_pb_text et_pb_text_6 et_pb_bg_layout_light et_pb_text_align_left\">\n<div class=\"et_pb_text_inner\">\n<p>Purple Wreck indicadominierte Hybridsorte, die in der Lage ist, selbst den erfahrensten Cannabiskonsumenten zu begeistern. Purple Wreck ist eine Mischung aus der \u00e4u\u00dferst beliebten Sativa Trainwreck und der farbenfrohen, aromatischen Purple Urkle. Sie wurde von DNA Genetics entwickelt, den ber\u00fchmten Z\u00fcchtern hinter Chocolope und LA Confidential. Purple Wreck ist aufgrund ihres starken, beruhigenden K\u00f6rper-Highs und kr\u00e4ftigen Geschmacks eine ausgezeichnete Wahl f\u00fcr den Konsum am Ende des Tages. Analytical 360, eine Cannabis-Testeinrichtung, entdeckte, dass Proben der Sorte THC-Gehalte von 10 % bis hin zu erstaunlichen 31 % enthielten.<\/p>\n<p>Purple Wreck zeichnet sich durch ihre enormen, perfekt geformten Bl\u00fcten aus. Diese Knospen haben das Aussehen von Miniatur-Weihnachtsb\u00e4umen, die sich von einer breiten Basis zu einer spitzen Spitze verj\u00fcngen. Ihre Struktur scheint eine Kreuzung zwischen Indica und Sativa zu sein \u2013 obwohl sie innen kompakt und dicht sind, winden sich die Bl\u00e4tter mit einer flauschigen Textur auf der Au\u00dfenseite nach au\u00dfen. Der wahre Star der Sorte sind diese Bl\u00e4tter, die die Verbraucher mit einer gesprenkelten Kombination aus Olivgr\u00fcn, Lila und Violett beeindrucken. Diese violetten Farbt\u00f6ne werden durch \u00fcberdurchschnittlich kaltes Wetter verursacht, das Anthocyanin-Pigmente in der DNA der Sorte aktiviert. Schlie\u00dflich bedecken klebrige wei\u00dfe Trichome die gesamte Oberfl\u00e4che dieser riesigen Nuggets und verleihen ihnen ein taufrisches, frostiges Aussehen.<\/p>\n<p>Cannabis-Hybride sind eine Kreuzung zwischen Indica- und Sativa-Sorten. W\u00e4hrend sich Gespr\u00e4che \u00fcber Cannabissorten in der Regel auf die Unterschiede zwischen Sativa und Indica konzentrieren, ist dies nur ein Aspekt des Bildes. Tats\u00e4chlich sind die meisten der jetzt erh\u00e4ltlichen Marihuana-Sorten keine reine Sativa. Typischerweise handelt es sich um Indica- oder Sativa-dominante Hybride oder um eine 50\/50-Kombination aus beiden. Purple Wreck Online kaufen<\/p>\n<p>Purple Wreck Online kaufen<\/p>\n<\/p><\/div><\/div><\/div>\n<div class=\"product-next- previous\">\n<div class=\"product- zur\u00fcck\"><\/div><\/div>\n","protected":false},"excerpt":{"rendered":"<p>Lila Wrack &#8211; Lila Wrack online kaufen &#8211; Purple Wreck ist ein Indica-dominanter Hybrid, der selbst den erfahrensten Cannabiskonsumenten begeistern kann.<\/p>\n<p>Die Marihuana-Sorte Purple Wreck kann online gekauft werden.<\/p>\n<p>Purple Wreck Marijuana ist eine Indica Sorte von Marihuana. Dominanter Hybrid &#8211; 60 % Indica \/ 40 % Sativa THC-Gehalt von Sativa: 18\u201325 %<\/p>\n<p>1 oz. Mindestbestellmenge<\/p>\n<p>&nbsp;<\/p>\n","protected":false},"featured_media":5061,"comment_status":"open","ping_status":"closed","template":"","meta":[],"product_brand":[],"product_cat":[778],"product_tag":[988,995,989,990,992,993,994,991],"class_list":{"0":"post-5044","1":"product","2":"type-product","3":"status-publish","4":"has-post-thumbnail","6":"product_cat-unkraut-zu-verkaufen","7":"product_tag-purple-trainwreck-preis","8":"product_tag-trainwreck-strain-preis","9":"product_tag-purple-trainwreck-strain-effekte","10":"product_tag-purple-trainwreck-strain-rezension","11":"product_tag-lila-wrack-sativa-oder-indica","12":"product_tag-lila-wrack-stamm-allbud","13":"product_tag-purple-wreck-strain-reserva-privada","14":"product_tag-lila-wrack-blatt","16":"first","17":"instock","18":"shipping-taxable","19":"purchasable","20":"product-type-simple"},"yoast_head":"<!-- This site is optimized with the Yoast SEO plugin v27.3 - https:\/\/yoast.com\/product\/yoast-seo-wordpress\/ -->\n<title>Kaufen Sie Purple Wreck Marihuana - Best Best Global Meds<\/title>\n<meta name=\"description\" content=\"Kaufen Sie Purple Wreck Marihuana online \u2013 Purple Wreck ist ein indicadominierter Hybrid mit der Kraft, selbst erfahrene Cannabiskonsumenten zu beeindrucken.\" \/>\n<meta name=\"robots\" content=\"index, follow, max-snippet:-1, max-image-preview:large, max-video-preview:-1\" \/>\n<link rel=\"canonical\" href=\"https:\/\/medicinasinc.com\/de\/product\/kaufen-lila-wrack-marihuana\/\" \/>\n<meta property=\"og:locale\" content=\"de_DE\" \/>\n<meta property=\"og:type\" content=\"article\" \/>\n<meta property=\"og:title\" content=\"Kaufen Sie Purple Wreck Marihuana - Best Best Global Meds\" \/>\n<meta property=\"og:description\" content=\"Kaufen Sie Purple Wreck Marihuana online \u2013 Purple Wreck ist ein indicadominierter Hybrid mit der Kraft, selbst erfahrene Cannabiskonsumenten zu beeindrucken.\" \/>\n<meta property=\"og:url\" content=\"https:\/\/medicinasinc.com\/de\/product\/kaufen-lila-wrack-marihuana\/\" \/>\n<meta property=\"og:site_name\" content=\"Medicinas Inc\" \/>\n<meta property=\"article:modified_time\" content=\"2022-03-18T00:32:54+00:00\" \/>\n<meta property=\"og:image\" content=\"https:\/\/medicinasinc.com\/de\/wp-content\/uploads\/sites\/6\/2022\/02\/Buy-Purple-Wreck-Marijuana-1.jpg\" \/>\n\t<meta property=\"og:image:width\" content=\"1245\" \/>\n\t<meta property=\"og:image:height\" content=\"1024\" \/>\n\t<meta property=\"og:image:type\" content=\"image\/jpeg\" \/>\n<meta name=\"twitter:card\" content=\"summary_large_image\" \/>\n<meta name=\"twitter:label1\" content=\"Gesch\u00e4tzte Lesezeit\" \/>\n\t<meta name=\"twitter:data1\" content=\"2\u00a0Minuten\" \/>\n<script type=\"application\/ld+json\" class=\"yoast-schema-graph\">{\"@context\":\"https:\\\/\\\/schema.org\",\"@graph\":[{\"@type\":\"WebPage\",\"@id\":\"https:\\\/\\\/medicinasinc.com\\\/de\\\/product\\\/kaufen-lila-wrack-marihuana\\\/\",\"url\":\"https:\\\/\\\/medicinasinc.com\\\/de\\\/product\\\/kaufen-lila-wrack-marihuana\\\/\",\"name\":\"Kaufen Sie Purple Wreck Marihuana - Best Best Global Meds\",\"isPartOf\":{\"@id\":\"https:\\\/\\\/medicinasinc.com\\\/de\\\/#website\"},\"primaryImageOfPage\":{\"@id\":\"https:\\\/\\\/medicinasinc.com\\\/de\\\/product\\\/kaufen-lila-wrack-marihuana\\\/#primaryimage\"},\"image\":{\"@id\":\"https:\\\/\\\/medicinasinc.com\\\/de\\\/product\\\/kaufen-lila-wrack-marihuana\\\/#primaryimage\"},\"thumbnailUrl\":\"https:\\\/\\\/medicinasinc.com\\\/de\\\/wp-content\\\/uploads\\\/sites\\\/6\\\/2022\\\/02\\\/Buy-Purple-Wreck-Marijuana-1.jpg\",\"datePublished\":\"2022-02-20T19:31:39+00:00\",\"dateModified\":\"2022-03-18T00:32:54+00:00\",\"description\":\"Kaufen Sie Purple Wreck Marihuana online \u2013 Purple Wreck ist ein indicadominierter Hybrid mit der Kraft, selbst erfahrene Cannabiskonsumenten zu beeindrucken.\",\"breadcrumb\":{\"@id\":\"https:\\\/\\\/medicinasinc.com\\\/de\\\/product\\\/kaufen-lila-wrack-marihuana\\\/#breadcrumb\"},\"inLanguage\":\"de\",\"potentialAction\":[{\"@type\":\"ReadAction\",\"target\":[\"https:\\\/\\\/medicinasinc.com\\\/de\\\/product\\\/kaufen-lila-wrack-marihuana\\\/\"]}]},{\"@type\":\"ImageObject\",\"inLanguage\":\"de\",\"@id\":\"https:\\\/\\\/medicinasinc.com\\\/de\\\/product\\\/kaufen-lila-wrack-marihuana\\\/#primaryimage\",\"url\":\"https:\\\/\\\/medicinasinc.com\\\/de\\\/wp-content\\\/uploads\\\/sites\\\/6\\\/2022\\\/02\\\/Buy-Purple-Wreck-Marijuana-1.jpg\",\"contentUrl\":\"https:\\\/\\\/medicinasinc.com\\\/de\\\/wp-content\\\/uploads\\\/sites\\\/6\\\/2022\\\/02\\\/Buy-Purple-Wreck-Marijuana-1.jpg\",\"width\":1245,\"height\":1024},{\"@type\":\"BreadcrumbList\",\"@id\":\"https:\\\/\\\/medicinasinc.com\\\/de\\\/product\\\/kaufen-lila-wrack-marihuana\\\/#breadcrumb\",\"itemListElement\":[{\"@type\":\"ListItem\",\"position\":1,\"name\":\"Einkaufen\",\"item\":\"https:\\\/\\\/medicinasinc.com\\\/de\\\/einkaufen\\\/\"},{\"@type\":\"ListItem\",\"position\":2,\"name\":\"Kaufen Sie Purple Wreck Marihuana\"}]},{\"@type\":\"WebSite\",\"@id\":\"https:\\\/\\\/medicinasinc.com\\\/de\\\/#website\",\"url\":\"https:\\\/\\\/medicinasinc.com\\\/de\\\/\",\"name\":\"Medicinas Inc\",\"description\":\"Health Medical Clinic\",\"potentialAction\":[{\"@type\":\"SearchAction\",\"target\":{\"@type\":\"EntryPoint\",\"urlTemplate\":\"https:\\\/\\\/medicinasinc.com\\\/de\\\/?s={search_term_string}\"},\"query-input\":{\"@type\":\"PropertyValueSpecification\",\"valueRequired\":true,\"valueName\":\"search_term_string\"}}],\"inLanguage\":\"de\"}]}<\/script>\n<!-- \/ Yoast SEO plugin. -->","yoast_head_json":{"title":"Kaufen Sie Purple Wreck Marihuana - Best Best Global Meds","description":"Kaufen Sie Purple Wreck Marihuana online \u2013 Purple Wreck ist ein indicadominierter Hybrid mit der Kraft, selbst erfahrene Cannabiskonsumenten zu beeindrucken.","robots":{"index":"index","follow":"follow","max-snippet":"max-snippet:-1","max-image-preview":"max-image-preview:large","max-video-preview":"max-video-preview:-1"},"canonical":"https:\/\/medicinasinc.com\/de\/product\/kaufen-lila-wrack-marihuana\/","og_locale":"de_DE","og_type":"article","og_title":"Kaufen Sie Purple Wreck Marihuana - Best Best Global Meds","og_description":"Kaufen Sie Purple Wreck Marihuana online \u2013 Purple Wreck ist ein indicadominierter Hybrid mit der Kraft, selbst erfahrene Cannabiskonsumenten zu beeindrucken.","og_url":"https:\/\/medicinasinc.com\/de\/product\/kaufen-lila-wrack-marihuana\/","og_site_name":"Medicinas Inc","article_modified_time":"2022-03-18T00:32:54+00:00","og_image":[{"width":1245,"height":1024,"url":"https:\/\/medicinasinc.com\/de\/wp-content\/uploads\/sites\/6\/2022\/02\/Buy-Purple-Wreck-Marijuana-1.jpg","type":"image\/jpeg"}],"twitter_card":"summary_large_image","twitter_misc":{"Gesch\u00e4tzte Lesezeit":"2\u00a0Minuten"},"schema":{"@context":"https:\/\/schema.org","@graph":[{"@type":"WebPage","@id":"https:\/\/medicinasinc.com\/de\/product\/kaufen-lila-wrack-marihuana\/","url":"https:\/\/medicinasinc.com\/de\/product\/kaufen-lila-wrack-marihuana\/","name":"Kaufen Sie Purple Wreck Marihuana - Best Best Global Meds","isPartOf":{"@id":"https:\/\/medicinasinc.com\/de\/#website"},"primaryImageOfPage":{"@id":"https:\/\/medicinasinc.com\/de\/product\/kaufen-lila-wrack-marihuana\/#primaryimage"},"image":{"@id":"https:\/\/medicinasinc.com\/de\/product\/kaufen-lila-wrack-marihuana\/#primaryimage"},"thumbnailUrl":"https:\/\/medicinasinc.com\/de\/wp-content\/uploads\/sites\/6\/2022\/02\/Buy-Purple-Wreck-Marijuana-1.jpg","datePublished":"2022-02-20T19:31:39+00:00","dateModified":"2022-03-18T00:32:54+00:00","description":"Kaufen Sie Purple Wreck Marihuana online \u2013 Purple Wreck ist ein indicadominierter Hybrid mit der Kraft, selbst erfahrene Cannabiskonsumenten zu beeindrucken.","breadcrumb":{"@id":"https:\/\/medicinasinc.com\/de\/product\/kaufen-lila-wrack-marihuana\/#breadcrumb"},"inLanguage":"de","potentialAction":[{"@type":"ReadAction","target":["https:\/\/medicinasinc.com\/de\/product\/kaufen-lila-wrack-marihuana\/"]}]},{"@type":"ImageObject","inLanguage":"de","@id":"https:\/\/medicinasinc.com\/de\/product\/kaufen-lila-wrack-marihuana\/#primaryimage","url":"https:\/\/medicinasinc.com\/de\/wp-content\/uploads\/sites\/6\/2022\/02\/Buy-Purple-Wreck-Marijuana-1.jpg","contentUrl":"https:\/\/medicinasinc.com\/de\/wp-content\/uploads\/sites\/6\/2022\/02\/Buy-Purple-Wreck-Marijuana-1.jpg","width":1245,"height":1024},{"@type":"BreadcrumbList","@id":"https:\/\/medicinasinc.com\/de\/product\/kaufen-lila-wrack-marihuana\/#breadcrumb","itemListElement":[{"@type":"ListItem","position":1,"name":"Einkaufen","item":"https:\/\/medicinasinc.com\/de\/einkaufen\/"},{"@type":"ListItem","position":2,"name":"Kaufen Sie Purple Wreck Marihuana"}]},{"@type":"WebSite","@id":"https:\/\/medicinasinc.com\/de\/#website","url":"https:\/\/medicinasinc.com\/de\/","name":"Medicinas Inc","description":"Health Medical Clinic","potentialAction":[{"@type":"SearchAction","target":{"@type":"EntryPoint","urlTemplate":"https:\/\/medicinasinc.com\/de\/?s={search_term_string}"},"query-input":{"@type":"PropertyValueSpecification","valueRequired":true,"valueName":"search_term_string"}}],"inLanguage":"de"}]}},"_links":{"self":[{"href":"https:\/\/medicinasinc.com\/de\/wp-json\/wp\/v2\/product\/5044","targetHints":{"allow":["GET"]}}],"collection":[{"href":"https:\/\/medicinasinc.com\/de\/wp-json\/wp\/v2\/product"}],"about":[{"href":"https:\/\/medicinasinc.com\/de\/wp-json\/wp\/v2\/types\/product"}],"replies":[{"embeddable":true,"href":"https:\/\/medicinasinc.com\/de\/wp-json\/wp\/v2\/comments?post=5044"}],"wp:featuredmedia":[{"embeddable":true,"href":"https:\/\/medicinasinc.com\/de\/wp-json\/wp\/v2\/media\/5061"}],"wp:attachment":[{"href":"https:\/\/medicinasinc.com\/de\/wp-json\/wp\/v2\/media?parent=5044"}],"wp:term":[{"taxonomy":"product_brand","embeddable":true,"href":"https:\/\/medicinasinc.com\/de\/wp-json\/wp\/v2\/product_brand?post=5044"},{"taxonomy":"product_cat","embeddable":true,"href":"https:\/\/medicinasinc.com\/de\/wp-json\/wp\/v2\/product_cat?post=5044"},{"taxonomy":"product_tag","embeddable":true,"href":"https:\/\/medicinasinc.com\/de\/wp-json\/wp\/v2\/product_tag?post=5044"}],"curies":[{"name":"wp","href":"https:\/\/api.w.org\/{rel}","templated":true}]}}