{"id":5037,"date":"2022-02-20T19:24:52","date_gmt":"2022-02-20T19:24:52","guid":{"rendered":"https:\/\/medicinasinc.com\/de\/?post_type=product&#038;p=5037"},"modified":"2022-03-18T00:33:04","modified_gmt":"2022-03-18T00:33:04","slug":"kaufen-nirvana-special-cannabis","status":"publish","type":"product","link":"https:\/\/medicinasinc.com\/de\/product\/kaufen-nirvana-special-cannabis\/","title":{"rendered":"Kaufen Sie Nirvana Special Cannabis"},"content":{"rendered":"<p>Nirvana Special ist eine einzigartige sativadominierte Hybridsorte (75 % Sativa\/25 % Indica), die durch Mischen der legend\u00e4ren Jock Horror- und Oaxacan Sativa-Sorten hergestellt wurde. Diese ruhige Knospe gewann 2008 den HighLife Cup in Amsterdam und nahm die Goldmedaille f\u00fcr die beste Bio insgesamt mit nach Hause. Mit ihrem potenten, funktionalen und dennoch kreativen High und dem atemberaubenden durchschnittlichen THC-Gehalt von 26-27 Prozent ist es kein Wunder, dass Nirvana Special eine so beliebte Sorte ist! Das Nirvana Special High beginnt mit einem Ausbruch erh\u00f6hter Energie, der Sie fr\u00f6hlich und motiviert zur\u00fcckl\u00e4sst. Sie werden sich belebt und \u00e4u\u00dferst kreativ f\u00fchlen, was es hervorragend f\u00fcr alle anstehenden geistigen Aufgaben macht oder einfach nur nach drau\u00dfen geht. Diese Wirkungen zusammen mit dem hohen THC-Gehalt machen Nirvana Special ideal zur Behandlung von chronischer M\u00fcdigkeit, Depression, chronischem Stress, Schlaflosigkeit und Appetitlosigkeit. Diese Knospe hat einen s\u00fc\u00dfen und fruchtigen Skunk-Geschmack mit einem ziemlich sauren Aussto\u00df. Das Aroma ist etwas skunkig und aromatisch, mit einem stark s\u00e4uerlich-fruchtigen Oberton. Nirvana Special Knospen sind flauschige, popcornf\u00f6rmige, minzgr\u00fcne Knospen, die mit hellsandigen Kristalltrichomen bedeckt sind.<\/p>\n<p>Sativa Dominant Hybrid \u2013 75 % Sativa \/ 25 % Indica<\/p>\n<p>THC: 26-27 % <\/p>\n<p>H\u00e4ufige Anwendung: Depression, M\u00fcdigkeit, Schlaflosigkeit, Appetitlosigkeit, Stress<\/p>\n<p>Wirkung: Kreativ, energetisierend, fr\u00f6hlich, motivierend, erhebend<\/p>\n","protected":false},"excerpt":{"rendered":"<p>Nirvana Special Cannabis-Sorte USA. Dies ist eine seltene dominante Hybridsorte (75\u00a0% Sativa\/25\u00a0% Indica). <em>Kaufen Sie Nirvana Special Cannabis<\/em>\u00a0Sorte.<\/p>\n","protected":false},"featured_media":5054,"comment_status":"open","ping_status":"closed","template":"","meta":[],"product_brand":[],"product_cat":[778],"product_tag":[],"class_list":{"0":"post-5037","1":"product","2":"type-product","3":"status-publish","4":"has-post-thumbnail","6":"product_cat-unkraut-zu-verkaufen","8":"first","9":"instock","10":"shipping-taxable","11":"purchasable","12":"product-type-variable","13":"has-default-attributes"},"yoast_head":"<!-- This site is optimized with the Yoast SEO plugin v27.3 - https:\/\/yoast.com\/product\/yoast-seo-wordpress\/ -->\n<title>Kaufen Sie Nirvana Special Cannabis - Best Best Global Meds<\/title>\n<meta name=\"description\" content=\"Nirvana Special Cannabis-Sorte USA. Dies ist eine seltene dominante Hybridsorte (75 % Sativa\/25 % Indica). Kaufen Sie Nirvana Special Cannabis Strain.\" \/>\n<meta name=\"robots\" content=\"index, follow, max-snippet:-1, max-image-preview:large, max-video-preview:-1\" \/>\n<link rel=\"canonical\" href=\"https:\/\/medicinasinc.com\/de\/product\/kaufen-nirvana-special-cannabis\/\" \/>\n<meta property=\"og:locale\" content=\"de_DE\" \/>\n<meta property=\"og:type\" content=\"article\" \/>\n<meta property=\"og:title\" content=\"Kaufen Sie Nirvana Special Cannabis - Best Best Global Meds\" \/>\n<meta property=\"og:description\" content=\"Nirvana Special Cannabis-Sorte USA. Dies ist eine seltene dominante Hybridsorte (75 % Sativa\/25 % Indica). Kaufen Sie Nirvana Special Cannabis Strain.\" \/>\n<meta property=\"og:url\" content=\"https:\/\/medicinasinc.com\/de\/product\/kaufen-nirvana-special-cannabis\/\" \/>\n<meta property=\"og:site_name\" content=\"Medicinas Inc\" \/>\n<meta property=\"article:modified_time\" content=\"2022-03-18T00:33:04+00:00\" \/>\n<meta property=\"og:image\" content=\"https:\/\/medicinasinc.com\/de\/wp-content\/uploads\/sites\/6\/2022\/02\/Buy-Nirvana-Special-Cannabis.jpg\" \/>\n\t<meta property=\"og:image:width\" content=\"1920\" \/>\n\t<meta property=\"og:image:height\" content=\"1920\" \/>\n\t<meta property=\"og:image:type\" content=\"image\/jpeg\" \/>\n<meta name=\"twitter:card\" content=\"summary_large_image\" \/>\n<meta name=\"twitter:label1\" content=\"Gesch\u00e4tzte Lesezeit\" \/>\n\t<meta name=\"twitter:data1\" content=\"1\u00a0Minute\" \/>\n<script type=\"application\/ld+json\" class=\"yoast-schema-graph\">{\"@context\":\"https:\\\/\\\/schema.org\",\"@graph\":[{\"@type\":\"WebPage\",\"@id\":\"https:\\\/\\\/medicinasinc.com\\\/de\\\/product\\\/kaufen-nirvana-special-cannabis\\\/\",\"url\":\"https:\\\/\\\/medicinasinc.com\\\/de\\\/product\\\/kaufen-nirvana-special-cannabis\\\/\",\"name\":\"Kaufen Sie Nirvana Special Cannabis - Best Best Global Meds\",\"isPartOf\":{\"@id\":\"https:\\\/\\\/medicinasinc.com\\\/de\\\/#website\"},\"primaryImageOfPage\":{\"@id\":\"https:\\\/\\\/medicinasinc.com\\\/de\\\/product\\\/kaufen-nirvana-special-cannabis\\\/#primaryimage\"},\"image\":{\"@id\":\"https:\\\/\\\/medicinasinc.com\\\/de\\\/product\\\/kaufen-nirvana-special-cannabis\\\/#primaryimage\"},\"thumbnailUrl\":\"https:\\\/\\\/medicinasinc.com\\\/de\\\/wp-content\\\/uploads\\\/sites\\\/6\\\/2022\\\/02\\\/Buy-Nirvana-Special-Cannabis.jpg\",\"datePublished\":\"2022-02-20T19:24:52+00:00\",\"dateModified\":\"2022-03-18T00:33:04+00:00\",\"description\":\"Nirvana Special Cannabis-Sorte USA. Dies ist eine seltene dominante Hybridsorte (75 % Sativa\\\/25 % Indica). Kaufen Sie Nirvana Special Cannabis Strain.\",\"breadcrumb\":{\"@id\":\"https:\\\/\\\/medicinasinc.com\\\/de\\\/product\\\/kaufen-nirvana-special-cannabis\\\/#breadcrumb\"},\"inLanguage\":\"de\",\"potentialAction\":[{\"@type\":\"ReadAction\",\"target\":[\"https:\\\/\\\/medicinasinc.com\\\/de\\\/product\\\/kaufen-nirvana-special-cannabis\\\/\"]}]},{\"@type\":\"ImageObject\",\"inLanguage\":\"de\",\"@id\":\"https:\\\/\\\/medicinasinc.com\\\/de\\\/product\\\/kaufen-nirvana-special-cannabis\\\/#primaryimage\",\"url\":\"https:\\\/\\\/medicinasinc.com\\\/de\\\/wp-content\\\/uploads\\\/sites\\\/6\\\/2022\\\/02\\\/Buy-Nirvana-Special-Cannabis.jpg\",\"contentUrl\":\"https:\\\/\\\/medicinasinc.com\\\/de\\\/wp-content\\\/uploads\\\/sites\\\/6\\\/2022\\\/02\\\/Buy-Nirvana-Special-Cannabis.jpg\",\"width\":1920,\"height\":1920},{\"@type\":\"BreadcrumbList\",\"@id\":\"https:\\\/\\\/medicinasinc.com\\\/de\\\/product\\\/kaufen-nirvana-special-cannabis\\\/#breadcrumb\",\"itemListElement\":[{\"@type\":\"ListItem\",\"position\":1,\"name\":\"Einkaufen\",\"item\":\"https:\\\/\\\/medicinasinc.com\\\/de\\\/einkaufen\\\/\"},{\"@type\":\"ListItem\",\"position\":2,\"name\":\"Kaufen Sie Nirvana Special Cannabis\"}]},{\"@type\":\"WebSite\",\"@id\":\"https:\\\/\\\/medicinasinc.com\\\/de\\\/#website\",\"url\":\"https:\\\/\\\/medicinasinc.com\\\/de\\\/\",\"name\":\"Medicinas Inc\",\"description\":\"Health Medical Clinic\",\"potentialAction\":[{\"@type\":\"SearchAction\",\"target\":{\"@type\":\"EntryPoint\",\"urlTemplate\":\"https:\\\/\\\/medicinasinc.com\\\/de\\\/?s={search_term_string}\"},\"query-input\":{\"@type\":\"PropertyValueSpecification\",\"valueRequired\":true,\"valueName\":\"search_term_string\"}}],\"inLanguage\":\"de\"}]}<\/script>\n<!-- \/ Yoast SEO plugin. -->","yoast_head_json":{"title":"Kaufen Sie Nirvana Special Cannabis - Best Best Global Meds","description":"Nirvana Special Cannabis-Sorte USA. Dies ist eine seltene dominante Hybridsorte (75 % Sativa\/25 % Indica). Kaufen Sie Nirvana Special Cannabis Strain.","robots":{"index":"index","follow":"follow","max-snippet":"max-snippet:-1","max-image-preview":"max-image-preview:large","max-video-preview":"max-video-preview:-1"},"canonical":"https:\/\/medicinasinc.com\/de\/product\/kaufen-nirvana-special-cannabis\/","og_locale":"de_DE","og_type":"article","og_title":"Kaufen Sie Nirvana Special Cannabis - Best Best Global Meds","og_description":"Nirvana Special Cannabis-Sorte USA. Dies ist eine seltene dominante Hybridsorte (75 % Sativa\/25 % Indica). Kaufen Sie Nirvana Special Cannabis Strain.","og_url":"https:\/\/medicinasinc.com\/de\/product\/kaufen-nirvana-special-cannabis\/","og_site_name":"Medicinas Inc","article_modified_time":"2022-03-18T00:33:04+00:00","og_image":[{"width":1920,"height":1920,"url":"https:\/\/medicinasinc.com\/de\/wp-content\/uploads\/sites\/6\/2022\/02\/Buy-Nirvana-Special-Cannabis.jpg","type":"image\/jpeg"}],"twitter_card":"summary_large_image","twitter_misc":{"Gesch\u00e4tzte Lesezeit":"1\u00a0Minute"},"schema":{"@context":"https:\/\/schema.org","@graph":[{"@type":"WebPage","@id":"https:\/\/medicinasinc.com\/de\/product\/kaufen-nirvana-special-cannabis\/","url":"https:\/\/medicinasinc.com\/de\/product\/kaufen-nirvana-special-cannabis\/","name":"Kaufen Sie Nirvana Special Cannabis - Best Best Global Meds","isPartOf":{"@id":"https:\/\/medicinasinc.com\/de\/#website"},"primaryImageOfPage":{"@id":"https:\/\/medicinasinc.com\/de\/product\/kaufen-nirvana-special-cannabis\/#primaryimage"},"image":{"@id":"https:\/\/medicinasinc.com\/de\/product\/kaufen-nirvana-special-cannabis\/#primaryimage"},"thumbnailUrl":"https:\/\/medicinasinc.com\/de\/wp-content\/uploads\/sites\/6\/2022\/02\/Buy-Nirvana-Special-Cannabis.jpg","datePublished":"2022-02-20T19:24:52+00:00","dateModified":"2022-03-18T00:33:04+00:00","description":"Nirvana Special Cannabis-Sorte USA. Dies ist eine seltene dominante Hybridsorte (75 % Sativa\/25 % Indica). Kaufen Sie Nirvana Special Cannabis Strain.","breadcrumb":{"@id":"https:\/\/medicinasinc.com\/de\/product\/kaufen-nirvana-special-cannabis\/#breadcrumb"},"inLanguage":"de","potentialAction":[{"@type":"ReadAction","target":["https:\/\/medicinasinc.com\/de\/product\/kaufen-nirvana-special-cannabis\/"]}]},{"@type":"ImageObject","inLanguage":"de","@id":"https:\/\/medicinasinc.com\/de\/product\/kaufen-nirvana-special-cannabis\/#primaryimage","url":"https:\/\/medicinasinc.com\/de\/wp-content\/uploads\/sites\/6\/2022\/02\/Buy-Nirvana-Special-Cannabis.jpg","contentUrl":"https:\/\/medicinasinc.com\/de\/wp-content\/uploads\/sites\/6\/2022\/02\/Buy-Nirvana-Special-Cannabis.jpg","width":1920,"height":1920},{"@type":"BreadcrumbList","@id":"https:\/\/medicinasinc.com\/de\/product\/kaufen-nirvana-special-cannabis\/#breadcrumb","itemListElement":[{"@type":"ListItem","position":1,"name":"Einkaufen","item":"https:\/\/medicinasinc.com\/de\/einkaufen\/"},{"@type":"ListItem","position":2,"name":"Kaufen Sie Nirvana Special Cannabis"}]},{"@type":"WebSite","@id":"https:\/\/medicinasinc.com\/de\/#website","url":"https:\/\/medicinasinc.com\/de\/","name":"Medicinas Inc","description":"Health Medical Clinic","potentialAction":[{"@type":"SearchAction","target":{"@type":"EntryPoint","urlTemplate":"https:\/\/medicinasinc.com\/de\/?s={search_term_string}"},"query-input":{"@type":"PropertyValueSpecification","valueRequired":true,"valueName":"search_term_string"}}],"inLanguage":"de"}]}},"_links":{"self":[{"href":"https:\/\/medicinasinc.com\/de\/wp-json\/wp\/v2\/product\/5037","targetHints":{"allow":["GET"]}}],"collection":[{"href":"https:\/\/medicinasinc.com\/de\/wp-json\/wp\/v2\/product"}],"about":[{"href":"https:\/\/medicinasinc.com\/de\/wp-json\/wp\/v2\/types\/product"}],"replies":[{"embeddable":true,"href":"https:\/\/medicinasinc.com\/de\/wp-json\/wp\/v2\/comments?post=5037"}],"wp:featuredmedia":[{"embeddable":true,"href":"https:\/\/medicinasinc.com\/de\/wp-json\/wp\/v2\/media\/5054"}],"wp:attachment":[{"href":"https:\/\/medicinasinc.com\/de\/wp-json\/wp\/v2\/media?parent=5037"}],"wp:term":[{"taxonomy":"product_brand","embeddable":true,"href":"https:\/\/medicinasinc.com\/de\/wp-json\/wp\/v2\/product_brand?post=5037"},{"taxonomy":"product_cat","embeddable":true,"href":"https:\/\/medicinasinc.com\/de\/wp-json\/wp\/v2\/product_cat?post=5037"},{"taxonomy":"product_tag","embeddable":true,"href":"https:\/\/medicinasinc.com\/de\/wp-json\/wp\/v2\/product_tag?post=5037"}],"curies":[{"name":"wp","href":"https:\/\/api.w.org\/{rel}","templated":true}]}}