{"id":5020,"date":"2022-02-20T19:11:16","date_gmt":"2022-02-20T19:11:16","guid":{"rendered":"https:\/\/medicinasinc.com\/de\/?post_type=product&#038;p=5020"},"modified":"2022-03-18T00:33:15","modified_gmt":"2022-03-18T00:33:15","slug":"kaufe-mutter-der-drachen-marihuana","status":"publish","type":"product","link":"https:\/\/medicinasinc.com\/de\/product\/kaufe-mutter-der-drachen-marihuana\/","title":{"rendered":"Kaufen Sie Mother of Dragons Marihuana"},"content":{"rendered":"<p>Marihuana Mother of Dragons kaufen<\/p>\n<p>Mother of Dragons ist eine sehr seltene, ausgeglichene Hybridsorte (50 % Indica\/50 % Sativa) mit unbekannter Abstammung aufgrund des Z\u00fcchtergeheimnisses und eines allgemeinen Mangels an Wissen dar\u00fcber Herkunft. Benannt nach der ber\u00fchmten Daenerys Targaryen aus Game of Thrones, hat diese seltene Sorte einen feurigen Geschmack, der Ihre Geschmacksknospen in Brand setzen wird. Das Aroma ist ein himmlisches Match, mit einem schweren und scharfen kushy-skunkigen Oberton und einem hochw\u00fcrzigen grasigen Einschlag, der freigesetzt wird, wenn die Knospen brennen. Nach nur wenigen Z\u00fcgen wird Dich das Mother of Dragons High heben und Deine Gedanken stundenlang schweben lassen. Es beginnt mit einem zerebralen Einfluss, der Ihren Geist in einen Zustand vollkommener Ekstase und Ihren Geist in einen Zustand reiner Zufriedenheit versetzt. W\u00e4hrend Ihr Geist und Ihre Seele \u00fcber den Himmel fliegen, erf\u00e4hrt Ihr K\u00f6rper eine leichte Entspannung, die manche etwas schl\u00e4frig machen kann. Es ist bekannt, dass diese Stimmung bei manchen Menschen Angst verursacht, also vermeide sie, wenn du dazu neigst. Mother of Dragons ist eine ideale Alternative f\u00fcr Personen, die unter chronischem Stress, Traurigkeit, Stimmungsschwankungen und chronischen Schmerzen leiden, aufgrund dieser Effekte und ihres hohen durchschnittlichen THC-Gehalts von 23-28 Prozent. Diese Knospe besteht aus traubenf\u00f6rmigen, waldgr\u00fcnen Knospen, die mit haarigen Bernsteinhaaren und Trichomen aus schillernden Bernsteinkristallen bedeckt sind.<\/p>\n<p>Kaufen Sie Mother of Dragons Marihuana jetzt in der Online-Cannabisausgabestelle von Tegridy Farms<\/p>\n","protected":false},"excerpt":{"rendered":"<div class=\"woocommerce-product-details__short-description\">\n<p>Kaufen Sie Mother of Dragons Marihuana g\u00fcnstig online. Mother of Dragons Marihuana ist Hybrid \u2013 50 % Sativa \/ 50 % Indica THC: 23 % \u2013 28 %<\/p>\n<div class=\"woocommerce-product-details__short-description\">\n<p><strong>Knospengr\u00f6\u00dfe<\/strong>: Klein \u2013 Mittel<br \/> <strong>Sortentyp<\/strong>: 40 % Indica 60 % Sativa<br \/> <strong>Textur<\/strong>: Normal \u2013 Klebrig<br \/> <strong>Geschmack<\/strong>: Kr\u00e4uter | S\u00fc\u00df<br \/> <strong>Medizinische Verwendung<\/strong>: Angst | Chronischer Schmerz | Depressionen | Stress<br \/> <strong>THC-Gehalt<\/strong>: 26\u00a0% H\u00f6chster Test\u00a0<strong>CBD<\/strong>: &gt;1\u00a0%<\/p>\n<\/p><\/div>\n<p class=\"stock out-of- Bestand\"> <\/div>\n","protected":false},"featured_media":5038,"comment_status":"open","ping_status":"closed","template":"","meta":[],"product_brand":[],"product_cat":[778],"product_tag":[961,615,965,455,967,968,461,971,976,977,983,960,962,975,972,963,969,970,973,974,982,964,980,966,979,981,984,986,480,978,985,987],"class_list":{"0":"post-5020","1":"product","2":"type-product","3":"status-publish","4":"has-post-thumbnail","6":"product_cat-unkraut-zu-verkaufen","7":"product_tag-buy-actavis-syrup","8":"product_tag-buy-cannabis-oil-online","9":"product_tag-buy-marijuana","10":"product_tag-buy-marijuana-online","11":"product_tag-buy-marijuana-seeds-online","12":"product_tag-buy-marijuana-seeds-online-canada","13":"product_tag-buy-medical-marijuana-online","14":"product_tag-buy-online-actavis-cough-syrup","15":"product_tag-can-you-buy-marijuana-online","16":"product_tag-can-you-buy-marijuana-seeds-online","17":"product_tag-codein-hustensirup-online-bestellen","18":"product_tag-bester-ort-um-marihuana-samen-online-zu-kaufen","19":"product_tag-kaufe-hustensirup-mit-codein","20":"product_tag-kannst-du-kaufen","21":"product_tag-echtes-marihuana-online-kaufen","22":"product_tag-illegales-marihuana-online-kaufen","23":"product_tag-kaufen-marihuana-samen-online-usa","24":"product_tag-nirvana-special-marihuana-sorte-online-kaufen","25":"product_tag-sicheres-medizinisches-marihuana-online-kaufen","26":"product_tag-kaufen-synthetisches-marihuana-online","27":"product_tag-online-legal","28":"product_tag-lean-codein-online-kaufen","29":"product_tag-marihuana-online-kaufen-cannabis","30":"product_tag-kaufen-marihuana-online-kanada","31":"product_tag-marihuana-le-zum-dampfen-zu-verkaufen","32":"product_tag-medizinisches-marihuana-online","33":"product_tag-promethazin-codein-sirup-zum-verkauf","34":"product_tag-where-can-i-buy-marijuana-seeds-online","35":"product_tag-where-to-buy-marijuana-online","36":"product_tag-wie-man-marihuana-online-kauft","37":"product_tag-wo-kann-ich-marihuana-online-kaufen","38":"product_tag-wo-kann-cbd-l-in-der-nahe-von-mir-gekauft-werden","40":"first","41":"instock","42":"shipping-taxable","43":"purchasable","44":"product-type-variable","45":"has-default-attributes"},"yoast_head":"<!-- This site is optimized with the Yoast SEO plugin v27.3 - https:\/\/yoast.com\/product\/yoast-seo-wordpress\/ -->\n<title>Kaufen Sie Mother of Dragons Marihuana - Best Global Meds<\/title>\n<meta name=\"description\" content=\"Kaufen Sie Mother of Dragons Marihuana g\u00fcnstig online. Mother of Dragons Marihuana ist Hybrid \u2013 50 % Sativa \/ 50 % Indica THC: 23 % \u2013 28 %\" \/>\n<meta name=\"robots\" content=\"index, follow, max-snippet:-1, max-image-preview:large, max-video-preview:-1\" \/>\n<link rel=\"canonical\" href=\"https:\/\/medicinasinc.com\/de\/product\/kaufe-mutter-der-drachen-marihuana\/\" \/>\n<meta property=\"og:locale\" content=\"de_DE\" \/>\n<meta property=\"og:type\" content=\"article\" \/>\n<meta property=\"og:title\" content=\"Kaufen Sie Mother of Dragons Marihuana - Best Global Meds\" \/>\n<meta property=\"og:description\" content=\"Kaufen Sie Mother of Dragons Marihuana g\u00fcnstig online. Mother of Dragons Marihuana ist Hybrid \u2013 50 % Sativa \/ 50 % Indica THC: 23 % \u2013 28 %\" \/>\n<meta property=\"og:url\" content=\"https:\/\/medicinasinc.com\/de\/product\/kaufe-mutter-der-drachen-marihuana\/\" \/>\n<meta property=\"og:site_name\" content=\"Medicinas Inc\" \/>\n<meta property=\"article:modified_time\" content=\"2022-03-18T00:33:15+00:00\" \/>\n<meta property=\"og:image\" content=\"https:\/\/medicinasinc.com\/de\/wp-content\/uploads\/sites\/6\/2022\/02\/Buy-Mother-of-Dragons-Marijuana.jpg\" \/>\n\t<meta property=\"og:image:width\" content=\"1000\" \/>\n\t<meta property=\"og:image:height\" content=\"1000\" \/>\n\t<meta property=\"og:image:type\" content=\"image\/jpeg\" \/>\n<meta name=\"twitter:card\" content=\"summary_large_image\" \/>\n<meta name=\"twitter:label1\" content=\"Gesch\u00e4tzte Lesezeit\" \/>\n\t<meta name=\"twitter:data1\" content=\"2\u00a0Minuten\" \/>\n<script type=\"application\/ld+json\" class=\"yoast-schema-graph\">{\"@context\":\"https:\\\/\\\/schema.org\",\"@graph\":[{\"@type\":\"WebPage\",\"@id\":\"https:\\\/\\\/medicinasinc.com\\\/de\\\/product\\\/kaufe-mutter-der-drachen-marihuana\\\/\",\"url\":\"https:\\\/\\\/medicinasinc.com\\\/de\\\/product\\\/kaufe-mutter-der-drachen-marihuana\\\/\",\"name\":\"Kaufen Sie Mother of Dragons Marihuana - Best Global Meds\",\"isPartOf\":{\"@id\":\"https:\\\/\\\/medicinasinc.com\\\/de\\\/#website\"},\"primaryImageOfPage\":{\"@id\":\"https:\\\/\\\/medicinasinc.com\\\/de\\\/product\\\/kaufe-mutter-der-drachen-marihuana\\\/#primaryimage\"},\"image\":{\"@id\":\"https:\\\/\\\/medicinasinc.com\\\/de\\\/product\\\/kaufe-mutter-der-drachen-marihuana\\\/#primaryimage\"},\"thumbnailUrl\":\"https:\\\/\\\/medicinasinc.com\\\/de\\\/wp-content\\\/uploads\\\/sites\\\/6\\\/2022\\\/02\\\/Buy-Mother-of-Dragons-Marijuana.jpg\",\"datePublished\":\"2022-02-20T19:11:16+00:00\",\"dateModified\":\"2022-03-18T00:33:15+00:00\",\"description\":\"Kaufen Sie Mother of Dragons Marihuana g\u00fcnstig online. Mother of Dragons Marihuana ist Hybrid \u2013 50 % Sativa \\\/ 50 % Indica THC: 23 % \u2013 28 %\",\"breadcrumb\":{\"@id\":\"https:\\\/\\\/medicinasinc.com\\\/de\\\/product\\\/kaufe-mutter-der-drachen-marihuana\\\/#breadcrumb\"},\"inLanguage\":\"de\",\"potentialAction\":[{\"@type\":\"ReadAction\",\"target\":[\"https:\\\/\\\/medicinasinc.com\\\/de\\\/product\\\/kaufe-mutter-der-drachen-marihuana\\\/\"]}]},{\"@type\":\"ImageObject\",\"inLanguage\":\"de\",\"@id\":\"https:\\\/\\\/medicinasinc.com\\\/de\\\/product\\\/kaufe-mutter-der-drachen-marihuana\\\/#primaryimage\",\"url\":\"https:\\\/\\\/medicinasinc.com\\\/de\\\/wp-content\\\/uploads\\\/sites\\\/6\\\/2022\\\/02\\\/Buy-Mother-of-Dragons-Marijuana.jpg\",\"contentUrl\":\"https:\\\/\\\/medicinasinc.com\\\/de\\\/wp-content\\\/uploads\\\/sites\\\/6\\\/2022\\\/02\\\/Buy-Mother-of-Dragons-Marijuana.jpg\",\"width\":1000,\"height\":1000},{\"@type\":\"BreadcrumbList\",\"@id\":\"https:\\\/\\\/medicinasinc.com\\\/de\\\/product\\\/kaufe-mutter-der-drachen-marihuana\\\/#breadcrumb\",\"itemListElement\":[{\"@type\":\"ListItem\",\"position\":1,\"name\":\"Einkaufen\",\"item\":\"https:\\\/\\\/medicinasinc.com\\\/de\\\/einkaufen\\\/\"},{\"@type\":\"ListItem\",\"position\":2,\"name\":\"Kaufen Sie Mother of Dragons Marihuana\"}]},{\"@type\":\"WebSite\",\"@id\":\"https:\\\/\\\/medicinasinc.com\\\/de\\\/#website\",\"url\":\"https:\\\/\\\/medicinasinc.com\\\/de\\\/\",\"name\":\"Medicinas Inc\",\"description\":\"Health Medical Clinic\",\"potentialAction\":[{\"@type\":\"SearchAction\",\"target\":{\"@type\":\"EntryPoint\",\"urlTemplate\":\"https:\\\/\\\/medicinasinc.com\\\/de\\\/?s={search_term_string}\"},\"query-input\":{\"@type\":\"PropertyValueSpecification\",\"valueRequired\":true,\"valueName\":\"search_term_string\"}}],\"inLanguage\":\"de\"}]}<\/script>\n<!-- \/ Yoast SEO plugin. -->","yoast_head_json":{"title":"Kaufen Sie Mother of Dragons Marihuana - Best Global Meds","description":"Kaufen Sie Mother of Dragons Marihuana g\u00fcnstig online. Mother of Dragons Marihuana ist Hybrid \u2013 50 % Sativa \/ 50 % Indica THC: 23 % \u2013 28 %","robots":{"index":"index","follow":"follow","max-snippet":"max-snippet:-1","max-image-preview":"max-image-preview:large","max-video-preview":"max-video-preview:-1"},"canonical":"https:\/\/medicinasinc.com\/de\/product\/kaufe-mutter-der-drachen-marihuana\/","og_locale":"de_DE","og_type":"article","og_title":"Kaufen Sie Mother of Dragons Marihuana - Best Global Meds","og_description":"Kaufen Sie Mother of Dragons Marihuana g\u00fcnstig online. Mother of Dragons Marihuana ist Hybrid \u2013 50 % Sativa \/ 50 % Indica THC: 23 % \u2013 28 %","og_url":"https:\/\/medicinasinc.com\/de\/product\/kaufe-mutter-der-drachen-marihuana\/","og_site_name":"Medicinas Inc","article_modified_time":"2022-03-18T00:33:15+00:00","og_image":[{"width":1000,"height":1000,"url":"https:\/\/medicinasinc.com\/de\/wp-content\/uploads\/sites\/6\/2022\/02\/Buy-Mother-of-Dragons-Marijuana.jpg","type":"image\/jpeg"}],"twitter_card":"summary_large_image","twitter_misc":{"Gesch\u00e4tzte Lesezeit":"2\u00a0Minuten"},"schema":{"@context":"https:\/\/schema.org","@graph":[{"@type":"WebPage","@id":"https:\/\/medicinasinc.com\/de\/product\/kaufe-mutter-der-drachen-marihuana\/","url":"https:\/\/medicinasinc.com\/de\/product\/kaufe-mutter-der-drachen-marihuana\/","name":"Kaufen Sie Mother of Dragons Marihuana - Best Global Meds","isPartOf":{"@id":"https:\/\/medicinasinc.com\/de\/#website"},"primaryImageOfPage":{"@id":"https:\/\/medicinasinc.com\/de\/product\/kaufe-mutter-der-drachen-marihuana\/#primaryimage"},"image":{"@id":"https:\/\/medicinasinc.com\/de\/product\/kaufe-mutter-der-drachen-marihuana\/#primaryimage"},"thumbnailUrl":"https:\/\/medicinasinc.com\/de\/wp-content\/uploads\/sites\/6\/2022\/02\/Buy-Mother-of-Dragons-Marijuana.jpg","datePublished":"2022-02-20T19:11:16+00:00","dateModified":"2022-03-18T00:33:15+00:00","description":"Kaufen Sie Mother of Dragons Marihuana g\u00fcnstig online. Mother of Dragons Marihuana ist Hybrid \u2013 50 % Sativa \/ 50 % Indica THC: 23 % \u2013 28 %","breadcrumb":{"@id":"https:\/\/medicinasinc.com\/de\/product\/kaufe-mutter-der-drachen-marihuana\/#breadcrumb"},"inLanguage":"de","potentialAction":[{"@type":"ReadAction","target":["https:\/\/medicinasinc.com\/de\/product\/kaufe-mutter-der-drachen-marihuana\/"]}]},{"@type":"ImageObject","inLanguage":"de","@id":"https:\/\/medicinasinc.com\/de\/product\/kaufe-mutter-der-drachen-marihuana\/#primaryimage","url":"https:\/\/medicinasinc.com\/de\/wp-content\/uploads\/sites\/6\/2022\/02\/Buy-Mother-of-Dragons-Marijuana.jpg","contentUrl":"https:\/\/medicinasinc.com\/de\/wp-content\/uploads\/sites\/6\/2022\/02\/Buy-Mother-of-Dragons-Marijuana.jpg","width":1000,"height":1000},{"@type":"BreadcrumbList","@id":"https:\/\/medicinasinc.com\/de\/product\/kaufe-mutter-der-drachen-marihuana\/#breadcrumb","itemListElement":[{"@type":"ListItem","position":1,"name":"Einkaufen","item":"https:\/\/medicinasinc.com\/de\/einkaufen\/"},{"@type":"ListItem","position":2,"name":"Kaufen Sie Mother of Dragons Marihuana"}]},{"@type":"WebSite","@id":"https:\/\/medicinasinc.com\/de\/#website","url":"https:\/\/medicinasinc.com\/de\/","name":"Medicinas Inc","description":"Health Medical Clinic","potentialAction":[{"@type":"SearchAction","target":{"@type":"EntryPoint","urlTemplate":"https:\/\/medicinasinc.com\/de\/?s={search_term_string}"},"query-input":{"@type":"PropertyValueSpecification","valueRequired":true,"valueName":"search_term_string"}}],"inLanguage":"de"}]}},"_links":{"self":[{"href":"https:\/\/medicinasinc.com\/de\/wp-json\/wp\/v2\/product\/5020","targetHints":{"allow":["GET"]}}],"collection":[{"href":"https:\/\/medicinasinc.com\/de\/wp-json\/wp\/v2\/product"}],"about":[{"href":"https:\/\/medicinasinc.com\/de\/wp-json\/wp\/v2\/types\/product"}],"replies":[{"embeddable":true,"href":"https:\/\/medicinasinc.com\/de\/wp-json\/wp\/v2\/comments?post=5020"}],"wp:featuredmedia":[{"embeddable":true,"href":"https:\/\/medicinasinc.com\/de\/wp-json\/wp\/v2\/media\/5038"}],"wp:attachment":[{"href":"https:\/\/medicinasinc.com\/de\/wp-json\/wp\/v2\/media?parent=5020"}],"wp:term":[{"taxonomy":"product_brand","embeddable":true,"href":"https:\/\/medicinasinc.com\/de\/wp-json\/wp\/v2\/product_brand?post=5020"},{"taxonomy":"product_cat","embeddable":true,"href":"https:\/\/medicinasinc.com\/de\/wp-json\/wp\/v2\/product_cat?post=5020"},{"taxonomy":"product_tag","embeddable":true,"href":"https:\/\/medicinasinc.com\/de\/wp-json\/wp\/v2\/product_tag?post=5020"}],"curies":[{"name":"wp","href":"https:\/\/api.w.org\/{rel}","templated":true}]}}