{"id":5019,"date":"2022-02-20T19:10:26","date_gmt":"2022-02-20T19:10:26","guid":{"rendered":"https:\/\/medicinasinc.com\/de\/?post_type=product&#038;p=5019"},"modified":"2022-03-18T00:33:29","modified_gmt":"2022-03-18T00:33:29","slug":"amnesie-dunst","status":"publish","type":"product","link":"https:\/\/medicinasinc.com\/de\/product\/amnesie-dunst\/","title":{"rendered":"Amnesie Haze"},"content":{"rendered":"<p>Amnesia Haze-Sorte online kaufen<\/p>\n<p>Amnesia Haze-Sorte Online ist ein Sativa-dominanter Hybrid, der durch Kreuzung von Haze mit mehreren unterschiedlichen Landrassen-Sorten aus der ganzen Welt geschaffen wurde, darunter Thai, Hawaiian und Afghani. Das Verh\u00e4ltnis von Sativa zu Indica betr\u00e4gt etwa 80:20. THC ist ziemlich hoch und \u00fcbersteigt in bestimmten Tests 22 %, aber CBD ist deutlich weniger stark und kommt auf etwas weniger als 1 %. Das High ist euphorisch und kreativ, mit einem psychoaktiven Stimmungsschub und einem Kichererbsen. Amnesia Haze hat einen fruchtigen, haschigen Geschmack und ein s\u00fc\u00dfes, erdiges Aroma mit Spuren von feurigem Pfeffer. Nugs sind blassgr\u00fcn mit dunkelbraunen Filamenten und einer mit Trichomen bedeckten Oberfl\u00e4che. Es ist eine ausgezeichnete Alternative zur Linderung von Angstzust\u00e4nden und Depressionen sowie bei M\u00fcdigkeit, ADHS-Symptomen, Migr\u00e4ne, Stimmungsschwankungen und k\u00f6rperlichen Schmerzen.<\/p>\n<p>Kaufen Sie online bei Best Global Meds zu einem g\u00fcnstigen Preis!<\/p>\n<p>Wir bei Best Global Meds bieten Amnesia-Haze-Marihuana-Bl\u00fcten zu einem vern\u00fcnftigen Preis an. Amnesia Haze ist ein Sativa-dominanter Hybrid, der aus den beiden prim\u00e4ren Cannabissorten Sativa und Indica besteht. Es wird f\u00fcr eine Vielzahl von therapeutischen und entspannenden Anwendungen eingesetzt. Amnesia Haze ist eine ausgezeichnete Alternative, um sich auf die Arbeit an einem abgelegenen Ort zu konzentrieren. Mit erdigen Zitronen- und Zitrusnoten ist Amnesia Haze die ideale Sorte, um Ihren Tag mit einem L\u00e4cheln zu beginnen.<\/p>\n<div class=\"product-next- previous\">\n<div class=\"product-prev\"><\/div><\/div>\n","protected":false},"excerpt":{"rendered":"<p>Amnesia Haze zum Online-Verkauf in Gro\u00dfbritannien und Europa, Amnesia Haze ist ein europ\u00e4ischer Favorit. Diese sehr psychedelische Sativa ist am besten erfahrenen Konsumenten vorbehalten.<\/p>\n<p>Amnesia Haze ist m\u00f6glicherweise die beliebteste Sorte der Welt.<\/p>\n<p>Amnesia Haze ist eine extrem berauschende und psychedelische Hybridsorte. <\/p>\n","protected":false},"featured_media":5036,"comment_status":"open","ping_status":"closed","template":"","meta":[],"product_brand":[],"product_cat":[778],"product_tag":[956,957,958,959],"class_list":{"0":"post-5019","1":"product","2":"type-product","3":"status-publish","4":"has-post-thumbnail","6":"product_cat-unkraut-zu-verkaufen","7":"product_tag-amnesie","8":"product_tag-kaufen-amnesia-haze-online","9":"product_tag-marihuana","10":"product_tag-where-to-buy-amnesia-haze-strain-online","12":"first","13":"instock","14":"shipping-taxable","15":"purchasable","16":"product-type-variable","17":"has-default-attributes"},"yoast_head":"<!-- This site is optimized with the Yoast SEO plugin v27.3 - https:\/\/yoast.com\/product\/yoast-seo-wordpress\/ -->\n<title>Amnesia Haze - Amnesia Haze Weed Strains - Best Best Global Meds<\/title>\n<meta name=\"description\" content=\"Kaufen Sie Amnesia Haze Zum Verkauf in Gro\u00dfbritannien, Europa online, Amnesia Haze ist ein europ\u00e4ischer Favorit. Diese intensiv psychedelische Sorte ist eine Sativa, die am besten erfahrenen Konsumenten \u00fcberlassen wird.\" \/>\n<meta name=\"robots\" content=\"index, follow, max-snippet:-1, max-image-preview:large, max-video-preview:-1\" \/>\n<link rel=\"canonical\" href=\"https:\/\/medicinasinc.com\/de\/product\/amnesie-dunst\/\" \/>\n<meta property=\"og:locale\" content=\"de_DE\" \/>\n<meta property=\"og:type\" content=\"article\" \/>\n<meta property=\"og:title\" content=\"Amnesia Haze - Amnesia Haze Weed Strains - Best Best Global Meds\" \/>\n<meta property=\"og:description\" content=\"Kaufen Sie Amnesia Haze Zum Verkauf in Gro\u00dfbritannien, Europa online, Amnesia Haze ist ein europ\u00e4ischer Favorit. Diese intensiv psychedelische Sorte ist eine Sativa, die am besten erfahrenen Konsumenten \u00fcberlassen wird.\" \/>\n<meta property=\"og:url\" content=\"https:\/\/medicinasinc.com\/de\/product\/amnesie-dunst\/\" \/>\n<meta property=\"og:site_name\" content=\"Medicinas Inc\" \/>\n<meta property=\"article:modified_time\" content=\"2022-03-18T00:33:29+00:00\" \/>\n<meta property=\"og:image\" content=\"https:\/\/medicinasinc.com\/de\/wp-content\/uploads\/sites\/6\/2022\/02\/Buy-Amnesia-Haze.jpg\" \/>\n\t<meta property=\"og:image:width\" content=\"1159\" \/>\n\t<meta property=\"og:image:height\" content=\"1043\" \/>\n\t<meta property=\"og:image:type\" content=\"image\/jpeg\" \/>\n<meta name=\"twitter:card\" content=\"summary_large_image\" \/>\n<meta name=\"twitter:label1\" content=\"Gesch\u00e4tzte Lesezeit\" \/>\n\t<meta name=\"twitter:data1\" content=\"1\u00a0Minute\" \/>\n<script type=\"application\/ld+json\" class=\"yoast-schema-graph\">{\"@context\":\"https:\\\/\\\/schema.org\",\"@graph\":[{\"@type\":\"WebPage\",\"@id\":\"https:\\\/\\\/medicinasinc.com\\\/de\\\/product\\\/amnesie-dunst\\\/\",\"url\":\"https:\\\/\\\/medicinasinc.com\\\/de\\\/product\\\/amnesie-dunst\\\/\",\"name\":\"Amnesia Haze - Amnesia Haze Weed Strains - Best Best Global Meds\",\"isPartOf\":{\"@id\":\"https:\\\/\\\/medicinasinc.com\\\/de\\\/#website\"},\"primaryImageOfPage\":{\"@id\":\"https:\\\/\\\/medicinasinc.com\\\/de\\\/product\\\/amnesie-dunst\\\/#primaryimage\"},\"image\":{\"@id\":\"https:\\\/\\\/medicinasinc.com\\\/de\\\/product\\\/amnesie-dunst\\\/#primaryimage\"},\"thumbnailUrl\":\"https:\\\/\\\/medicinasinc.com\\\/de\\\/wp-content\\\/uploads\\\/sites\\\/6\\\/2022\\\/02\\\/Buy-Amnesia-Haze.jpg\",\"datePublished\":\"2022-02-20T19:10:26+00:00\",\"dateModified\":\"2022-03-18T00:33:29+00:00\",\"description\":\"Kaufen Sie Amnesia Haze Zum Verkauf in Gro\u00dfbritannien, Europa online, Amnesia Haze ist ein europ\u00e4ischer Favorit. Diese intensiv psychedelische Sorte ist eine Sativa, die am besten erfahrenen Konsumenten \u00fcberlassen wird.\",\"breadcrumb\":{\"@id\":\"https:\\\/\\\/medicinasinc.com\\\/de\\\/product\\\/amnesie-dunst\\\/#breadcrumb\"},\"inLanguage\":\"de\",\"potentialAction\":[{\"@type\":\"ReadAction\",\"target\":[\"https:\\\/\\\/medicinasinc.com\\\/de\\\/product\\\/amnesie-dunst\\\/\"]}]},{\"@type\":\"ImageObject\",\"inLanguage\":\"de\",\"@id\":\"https:\\\/\\\/medicinasinc.com\\\/de\\\/product\\\/amnesie-dunst\\\/#primaryimage\",\"url\":\"https:\\\/\\\/medicinasinc.com\\\/de\\\/wp-content\\\/uploads\\\/sites\\\/6\\\/2022\\\/02\\\/Buy-Amnesia-Haze.jpg\",\"contentUrl\":\"https:\\\/\\\/medicinasinc.com\\\/de\\\/wp-content\\\/uploads\\\/sites\\\/6\\\/2022\\\/02\\\/Buy-Amnesia-Haze.jpg\",\"width\":1159,\"height\":1043},{\"@type\":\"BreadcrumbList\",\"@id\":\"https:\\\/\\\/medicinasinc.com\\\/de\\\/product\\\/amnesie-dunst\\\/#breadcrumb\",\"itemListElement\":[{\"@type\":\"ListItem\",\"position\":1,\"name\":\"Einkaufen\",\"item\":\"https:\\\/\\\/medicinasinc.com\\\/de\\\/einkaufen\\\/\"},{\"@type\":\"ListItem\",\"position\":2,\"name\":\"Amnesie Haze\"}]},{\"@type\":\"WebSite\",\"@id\":\"https:\\\/\\\/medicinasinc.com\\\/de\\\/#website\",\"url\":\"https:\\\/\\\/medicinasinc.com\\\/de\\\/\",\"name\":\"Medicinas Inc\",\"description\":\"Health Medical Clinic\",\"potentialAction\":[{\"@type\":\"SearchAction\",\"target\":{\"@type\":\"EntryPoint\",\"urlTemplate\":\"https:\\\/\\\/medicinasinc.com\\\/de\\\/?s={search_term_string}\"},\"query-input\":{\"@type\":\"PropertyValueSpecification\",\"valueRequired\":true,\"valueName\":\"search_term_string\"}}],\"inLanguage\":\"de\"}]}<\/script>\n<!-- \/ Yoast SEO plugin. -->","yoast_head_json":{"title":"Amnesia Haze - Amnesia Haze Weed Strains - Best Best Global Meds","description":"Kaufen Sie Amnesia Haze Zum Verkauf in Gro\u00dfbritannien, Europa online, Amnesia Haze ist ein europ\u00e4ischer Favorit. Diese intensiv psychedelische Sorte ist eine Sativa, die am besten erfahrenen Konsumenten \u00fcberlassen wird.","robots":{"index":"index","follow":"follow","max-snippet":"max-snippet:-1","max-image-preview":"max-image-preview:large","max-video-preview":"max-video-preview:-1"},"canonical":"https:\/\/medicinasinc.com\/de\/product\/amnesie-dunst\/","og_locale":"de_DE","og_type":"article","og_title":"Amnesia Haze - Amnesia Haze Weed Strains - Best Best Global Meds","og_description":"Kaufen Sie Amnesia Haze Zum Verkauf in Gro\u00dfbritannien, Europa online, Amnesia Haze ist ein europ\u00e4ischer Favorit. Diese intensiv psychedelische Sorte ist eine Sativa, die am besten erfahrenen Konsumenten \u00fcberlassen wird.","og_url":"https:\/\/medicinasinc.com\/de\/product\/amnesie-dunst\/","og_site_name":"Medicinas Inc","article_modified_time":"2022-03-18T00:33:29+00:00","og_image":[{"width":1159,"height":1043,"url":"https:\/\/medicinasinc.com\/de\/wp-content\/uploads\/sites\/6\/2022\/02\/Buy-Amnesia-Haze.jpg","type":"image\/jpeg"}],"twitter_card":"summary_large_image","twitter_misc":{"Gesch\u00e4tzte Lesezeit":"1\u00a0Minute"},"schema":{"@context":"https:\/\/schema.org","@graph":[{"@type":"WebPage","@id":"https:\/\/medicinasinc.com\/de\/product\/amnesie-dunst\/","url":"https:\/\/medicinasinc.com\/de\/product\/amnesie-dunst\/","name":"Amnesia Haze - Amnesia Haze Weed Strains - Best Best Global Meds","isPartOf":{"@id":"https:\/\/medicinasinc.com\/de\/#website"},"primaryImageOfPage":{"@id":"https:\/\/medicinasinc.com\/de\/product\/amnesie-dunst\/#primaryimage"},"image":{"@id":"https:\/\/medicinasinc.com\/de\/product\/amnesie-dunst\/#primaryimage"},"thumbnailUrl":"https:\/\/medicinasinc.com\/de\/wp-content\/uploads\/sites\/6\/2022\/02\/Buy-Amnesia-Haze.jpg","datePublished":"2022-02-20T19:10:26+00:00","dateModified":"2022-03-18T00:33:29+00:00","description":"Kaufen Sie Amnesia Haze Zum Verkauf in Gro\u00dfbritannien, Europa online, Amnesia Haze ist ein europ\u00e4ischer Favorit. Diese intensiv psychedelische Sorte ist eine Sativa, die am besten erfahrenen Konsumenten \u00fcberlassen wird.","breadcrumb":{"@id":"https:\/\/medicinasinc.com\/de\/product\/amnesie-dunst\/#breadcrumb"},"inLanguage":"de","potentialAction":[{"@type":"ReadAction","target":["https:\/\/medicinasinc.com\/de\/product\/amnesie-dunst\/"]}]},{"@type":"ImageObject","inLanguage":"de","@id":"https:\/\/medicinasinc.com\/de\/product\/amnesie-dunst\/#primaryimage","url":"https:\/\/medicinasinc.com\/de\/wp-content\/uploads\/sites\/6\/2022\/02\/Buy-Amnesia-Haze.jpg","contentUrl":"https:\/\/medicinasinc.com\/de\/wp-content\/uploads\/sites\/6\/2022\/02\/Buy-Amnesia-Haze.jpg","width":1159,"height":1043},{"@type":"BreadcrumbList","@id":"https:\/\/medicinasinc.com\/de\/product\/amnesie-dunst\/#breadcrumb","itemListElement":[{"@type":"ListItem","position":1,"name":"Einkaufen","item":"https:\/\/medicinasinc.com\/de\/einkaufen\/"},{"@type":"ListItem","position":2,"name":"Amnesie Haze"}]},{"@type":"WebSite","@id":"https:\/\/medicinasinc.com\/de\/#website","url":"https:\/\/medicinasinc.com\/de\/","name":"Medicinas Inc","description":"Health Medical Clinic","potentialAction":[{"@type":"SearchAction","target":{"@type":"EntryPoint","urlTemplate":"https:\/\/medicinasinc.com\/de\/?s={search_term_string}"},"query-input":{"@type":"PropertyValueSpecification","valueRequired":true,"valueName":"search_term_string"}}],"inLanguage":"de"}]}},"_links":{"self":[{"href":"https:\/\/medicinasinc.com\/de\/wp-json\/wp\/v2\/product\/5019","targetHints":{"allow":["GET"]}}],"collection":[{"href":"https:\/\/medicinasinc.com\/de\/wp-json\/wp\/v2\/product"}],"about":[{"href":"https:\/\/medicinasinc.com\/de\/wp-json\/wp\/v2\/types\/product"}],"replies":[{"embeddable":true,"href":"https:\/\/medicinasinc.com\/de\/wp-json\/wp\/v2\/comments?post=5019"}],"wp:featuredmedia":[{"embeddable":true,"href":"https:\/\/medicinasinc.com\/de\/wp-json\/wp\/v2\/media\/5036"}],"wp:attachment":[{"href":"https:\/\/medicinasinc.com\/de\/wp-json\/wp\/v2\/media?parent=5019"}],"wp:term":[{"taxonomy":"product_brand","embeddable":true,"href":"https:\/\/medicinasinc.com\/de\/wp-json\/wp\/v2\/product_brand?post=5019"},{"taxonomy":"product_cat","embeddable":true,"href":"https:\/\/medicinasinc.com\/de\/wp-json\/wp\/v2\/product_cat?post=5019"},{"taxonomy":"product_tag","embeddable":true,"href":"https:\/\/medicinasinc.com\/de\/wp-json\/wp\/v2\/product_tag?post=5019"}],"curies":[{"name":"wp","href":"https:\/\/api.w.org\/{rel}","templated":true}]}}