{"id":4998,"date":"2022-02-20T18:55:26","date_gmt":"2022-02-20T18:55:26","guid":{"rendered":"https:\/\/medicinasinc.com\/de\/?post_type=product&#038;p=4998"},"modified":"2022-03-18T00:33:51","modified_gmt":"2022-03-18T00:33:51","slug":"kauf-mickey-kush","status":"publish","type":"product","link":"https:\/\/medicinasinc.com\/de\/product\/kauf-mickey-kush\/","title":{"rendered":"Kaufen Sie Mickey Kush"},"content":{"rendered":"<p>Online-Kauf der Marihuana-Sorte Mickey Kush<\/p>\n<p>Diese hochkonzentrierten Knospen haben einen erdigen Kush-Geschmack mit zitronigen Untert\u00f6nen und sorgen f\u00fcr energische, fokussierte Effekte. Mickey Kush ist bekannt f\u00fcr ihren starken Gehalt an THC- und CBG-Cannabinoiden, was sie zu einer ausgezeichneten Wahl f\u00fcr die Behandlung von Tumoren, zur Linderung von \u00dcbelkeit und zur Linderung von Depressionen macht. Diese Indoor- oder Outdoor-Pflanzen erreichen eine mittlere H\u00f6he und liefern einen m\u00e4\u00dfigen bis hohen Ertrag \u00fcber eine 7- bis 8-w\u00f6chige Bl\u00fctezeit.<\/p>\n","protected":false},"excerpt":{"rendered":"<div class=\"woocommerce-product-details__short-description\">\n<p>Kaufen Sie die Marihuana-Sorte Mickey Kush online. Kunden fragen oft: Kann man Weed\u00a0<em>online<\/em> <em>kaufen<\/em> und es liefern lassen, ohne dass die Polizei es verfolgt? JA!<\/p>\n<\/p><\/div>\n","protected":false},"featured_media":5017,"comment_status":"open","ping_status":"closed","template":"","meta":[],"product_brand":[],"product_cat":[778],"product_tag":[],"class_list":{"0":"post-4998","1":"product","2":"type-product","3":"status-publish","4":"has-post-thumbnail","6":"product_cat-unkraut-zu-verkaufen","8":"first","9":"instock","10":"shipping-taxable","11":"purchasable","12":"product-type-variable","13":"has-default-attributes"},"yoast_head":"<!-- This site is optimized with the Yoast SEO plugin v27.3 - https:\/\/yoast.com\/product\/yoast-seo-wordpress\/ -->\n<title>Kaufen Sie Mickey Kush - Mickey Kush Marihuana - Best Global Meds<\/title>\n<meta name=\"description\" content=\"Kaufen Sie die Marihuana-Sorte Mickey Kush online. Kunden fragen oft Kann man Gras online kaufen und es liefern lassen, ohne dass die Polizei es verfolgt? JAWOHL!\" \/>\n<meta name=\"robots\" content=\"index, follow, max-snippet:-1, max-image-preview:large, max-video-preview:-1\" \/>\n<link rel=\"canonical\" href=\"https:\/\/medicinasinc.com\/de\/product\/kauf-mickey-kush\/\" \/>\n<meta property=\"og:locale\" content=\"de_DE\" \/>\n<meta property=\"og:type\" content=\"article\" \/>\n<meta property=\"og:title\" content=\"Kaufen Sie Mickey Kush - Mickey Kush Marihuana - Best Global Meds\" \/>\n<meta property=\"og:description\" content=\"Kaufen Sie die Marihuana-Sorte Mickey Kush online. Kunden fragen oft Kann man Gras online kaufen und es liefern lassen, ohne dass die Polizei es verfolgt? JAWOHL!\" \/>\n<meta property=\"og:url\" content=\"https:\/\/medicinasinc.com\/de\/product\/kauf-mickey-kush\/\" \/>\n<meta property=\"og:site_name\" content=\"Medicinas Inc\" \/>\n<meta property=\"article:modified_time\" content=\"2022-03-18T00:33:51+00:00\" \/>\n<meta property=\"og:image\" content=\"https:\/\/medicinasinc.com\/de\/wp-content\/uploads\/sites\/6\/2022\/02\/Buy-Mickey-Kush-Marijuana.jpg\" \/>\n\t<meta property=\"og:image:width\" content=\"1200\" \/>\n\t<meta property=\"og:image:height\" content=\"630\" \/>\n\t<meta property=\"og:image:type\" content=\"image\/jpeg\" \/>\n<meta name=\"twitter:card\" content=\"summary_large_image\" \/>\n<meta name=\"twitter:label1\" content=\"Gesch\u00e4tzte Lesezeit\" \/>\n\t<meta name=\"twitter:data1\" content=\"1\u00a0Minute\" \/>\n<script type=\"application\/ld+json\" class=\"yoast-schema-graph\">{\"@context\":\"https:\\\/\\\/schema.org\",\"@graph\":[{\"@type\":\"WebPage\",\"@id\":\"https:\\\/\\\/medicinasinc.com\\\/de\\\/product\\\/kauf-mickey-kush\\\/\",\"url\":\"https:\\\/\\\/medicinasinc.com\\\/de\\\/product\\\/kauf-mickey-kush\\\/\",\"name\":\"Kaufen Sie Mickey Kush - Mickey Kush Marihuana - Best Global Meds\",\"isPartOf\":{\"@id\":\"https:\\\/\\\/medicinasinc.com\\\/de\\\/#website\"},\"primaryImageOfPage\":{\"@id\":\"https:\\\/\\\/medicinasinc.com\\\/de\\\/product\\\/kauf-mickey-kush\\\/#primaryimage\"},\"image\":{\"@id\":\"https:\\\/\\\/medicinasinc.com\\\/de\\\/product\\\/kauf-mickey-kush\\\/#primaryimage\"},\"thumbnailUrl\":\"https:\\\/\\\/medicinasinc.com\\\/de\\\/wp-content\\\/uploads\\\/sites\\\/6\\\/2022\\\/02\\\/Buy-Mickey-Kush-Marijuana.jpg\",\"datePublished\":\"2022-02-20T18:55:26+00:00\",\"dateModified\":\"2022-03-18T00:33:51+00:00\",\"description\":\"Kaufen Sie die Marihuana-Sorte Mickey Kush online. Kunden fragen oft Kann man Gras online kaufen und es liefern lassen, ohne dass die Polizei es verfolgt? JAWOHL!\",\"breadcrumb\":{\"@id\":\"https:\\\/\\\/medicinasinc.com\\\/de\\\/product\\\/kauf-mickey-kush\\\/#breadcrumb\"},\"inLanguage\":\"de\",\"potentialAction\":[{\"@type\":\"ReadAction\",\"target\":[\"https:\\\/\\\/medicinasinc.com\\\/de\\\/product\\\/kauf-mickey-kush\\\/\"]}]},{\"@type\":\"ImageObject\",\"inLanguage\":\"de\",\"@id\":\"https:\\\/\\\/medicinasinc.com\\\/de\\\/product\\\/kauf-mickey-kush\\\/#primaryimage\",\"url\":\"https:\\\/\\\/medicinasinc.com\\\/de\\\/wp-content\\\/uploads\\\/sites\\\/6\\\/2022\\\/02\\\/Buy-Mickey-Kush-Marijuana.jpg\",\"contentUrl\":\"https:\\\/\\\/medicinasinc.com\\\/de\\\/wp-content\\\/uploads\\\/sites\\\/6\\\/2022\\\/02\\\/Buy-Mickey-Kush-Marijuana.jpg\",\"width\":1200,\"height\":630},{\"@type\":\"BreadcrumbList\",\"@id\":\"https:\\\/\\\/medicinasinc.com\\\/de\\\/product\\\/kauf-mickey-kush\\\/#breadcrumb\",\"itemListElement\":[{\"@type\":\"ListItem\",\"position\":1,\"name\":\"Einkaufen\",\"item\":\"https:\\\/\\\/medicinasinc.com\\\/de\\\/einkaufen\\\/\"},{\"@type\":\"ListItem\",\"position\":2,\"name\":\"Kaufen Sie Mickey Kush\"}]},{\"@type\":\"WebSite\",\"@id\":\"https:\\\/\\\/medicinasinc.com\\\/de\\\/#website\",\"url\":\"https:\\\/\\\/medicinasinc.com\\\/de\\\/\",\"name\":\"Medicinas Inc\",\"description\":\"Health Medical Clinic\",\"potentialAction\":[{\"@type\":\"SearchAction\",\"target\":{\"@type\":\"EntryPoint\",\"urlTemplate\":\"https:\\\/\\\/medicinasinc.com\\\/de\\\/?s={search_term_string}\"},\"query-input\":{\"@type\":\"PropertyValueSpecification\",\"valueRequired\":true,\"valueName\":\"search_term_string\"}}],\"inLanguage\":\"de\"}]}<\/script>\n<!-- \/ Yoast SEO plugin. -->","yoast_head_json":{"title":"Kaufen Sie Mickey Kush - Mickey Kush Marihuana - Best Global Meds","description":"Kaufen Sie die Marihuana-Sorte Mickey Kush online. Kunden fragen oft Kann man Gras online kaufen und es liefern lassen, ohne dass die Polizei es verfolgt? JAWOHL!","robots":{"index":"index","follow":"follow","max-snippet":"max-snippet:-1","max-image-preview":"max-image-preview:large","max-video-preview":"max-video-preview:-1"},"canonical":"https:\/\/medicinasinc.com\/de\/product\/kauf-mickey-kush\/","og_locale":"de_DE","og_type":"article","og_title":"Kaufen Sie Mickey Kush - Mickey Kush Marihuana - Best Global Meds","og_description":"Kaufen Sie die Marihuana-Sorte Mickey Kush online. Kunden fragen oft Kann man Gras online kaufen und es liefern lassen, ohne dass die Polizei es verfolgt? JAWOHL!","og_url":"https:\/\/medicinasinc.com\/de\/product\/kauf-mickey-kush\/","og_site_name":"Medicinas Inc","article_modified_time":"2022-03-18T00:33:51+00:00","og_image":[{"width":1200,"height":630,"url":"https:\/\/medicinasinc.com\/de\/wp-content\/uploads\/sites\/6\/2022\/02\/Buy-Mickey-Kush-Marijuana.jpg","type":"image\/jpeg"}],"twitter_card":"summary_large_image","twitter_misc":{"Gesch\u00e4tzte Lesezeit":"1\u00a0Minute"},"schema":{"@context":"https:\/\/schema.org","@graph":[{"@type":"WebPage","@id":"https:\/\/medicinasinc.com\/de\/product\/kauf-mickey-kush\/","url":"https:\/\/medicinasinc.com\/de\/product\/kauf-mickey-kush\/","name":"Kaufen Sie Mickey Kush - Mickey Kush Marihuana - Best Global Meds","isPartOf":{"@id":"https:\/\/medicinasinc.com\/de\/#website"},"primaryImageOfPage":{"@id":"https:\/\/medicinasinc.com\/de\/product\/kauf-mickey-kush\/#primaryimage"},"image":{"@id":"https:\/\/medicinasinc.com\/de\/product\/kauf-mickey-kush\/#primaryimage"},"thumbnailUrl":"https:\/\/medicinasinc.com\/de\/wp-content\/uploads\/sites\/6\/2022\/02\/Buy-Mickey-Kush-Marijuana.jpg","datePublished":"2022-02-20T18:55:26+00:00","dateModified":"2022-03-18T00:33:51+00:00","description":"Kaufen Sie die Marihuana-Sorte Mickey Kush online. Kunden fragen oft Kann man Gras online kaufen und es liefern lassen, ohne dass die Polizei es verfolgt? JAWOHL!","breadcrumb":{"@id":"https:\/\/medicinasinc.com\/de\/product\/kauf-mickey-kush\/#breadcrumb"},"inLanguage":"de","potentialAction":[{"@type":"ReadAction","target":["https:\/\/medicinasinc.com\/de\/product\/kauf-mickey-kush\/"]}]},{"@type":"ImageObject","inLanguage":"de","@id":"https:\/\/medicinasinc.com\/de\/product\/kauf-mickey-kush\/#primaryimage","url":"https:\/\/medicinasinc.com\/de\/wp-content\/uploads\/sites\/6\/2022\/02\/Buy-Mickey-Kush-Marijuana.jpg","contentUrl":"https:\/\/medicinasinc.com\/de\/wp-content\/uploads\/sites\/6\/2022\/02\/Buy-Mickey-Kush-Marijuana.jpg","width":1200,"height":630},{"@type":"BreadcrumbList","@id":"https:\/\/medicinasinc.com\/de\/product\/kauf-mickey-kush\/#breadcrumb","itemListElement":[{"@type":"ListItem","position":1,"name":"Einkaufen","item":"https:\/\/medicinasinc.com\/de\/einkaufen\/"},{"@type":"ListItem","position":2,"name":"Kaufen Sie Mickey Kush"}]},{"@type":"WebSite","@id":"https:\/\/medicinasinc.com\/de\/#website","url":"https:\/\/medicinasinc.com\/de\/","name":"Medicinas Inc","description":"Health Medical Clinic","potentialAction":[{"@type":"SearchAction","target":{"@type":"EntryPoint","urlTemplate":"https:\/\/medicinasinc.com\/de\/?s={search_term_string}"},"query-input":{"@type":"PropertyValueSpecification","valueRequired":true,"valueName":"search_term_string"}}],"inLanguage":"de"}]}},"_links":{"self":[{"href":"https:\/\/medicinasinc.com\/de\/wp-json\/wp\/v2\/product\/4998","targetHints":{"allow":["GET"]}}],"collection":[{"href":"https:\/\/medicinasinc.com\/de\/wp-json\/wp\/v2\/product"}],"about":[{"href":"https:\/\/medicinasinc.com\/de\/wp-json\/wp\/v2\/types\/product"}],"replies":[{"embeddable":true,"href":"https:\/\/medicinasinc.com\/de\/wp-json\/wp\/v2\/comments?post=4998"}],"wp:featuredmedia":[{"embeddable":true,"href":"https:\/\/medicinasinc.com\/de\/wp-json\/wp\/v2\/media\/5017"}],"wp:attachment":[{"href":"https:\/\/medicinasinc.com\/de\/wp-json\/wp\/v2\/media?parent=4998"}],"wp:term":[{"taxonomy":"product_brand","embeddable":true,"href":"https:\/\/medicinasinc.com\/de\/wp-json\/wp\/v2\/product_brand?post=4998"},{"taxonomy":"product_cat","embeddable":true,"href":"https:\/\/medicinasinc.com\/de\/wp-json\/wp\/v2\/product_cat?post=4998"},{"taxonomy":"product_tag","embeddable":true,"href":"https:\/\/medicinasinc.com\/de\/wp-json\/wp\/v2\/product_tag?post=4998"}],"curies":[{"name":"wp","href":"https:\/\/api.w.org\/{rel}","templated":true}]}}