{"id":4996,"date":"2022-02-20T18:53:00","date_gmt":"2022-02-20T18:53:00","guid":{"rendered":"https:\/\/medicinasinc.com\/de\/?post_type=product&#038;p=4996"},"modified":"2022-08-03T08:46:27","modified_gmt":"2022-08-03T08:46:27","slug":"kauf-lemon-skunk","status":"publish","type":"product","link":"https:\/\/medicinasinc.com\/de\/product\/kauf-lemon-skunk\/","title":{"rendered":"Kaufen Sie Lemon Skunk"},"content":{"rendered":"<p>Lemon Skunk ist in der Online-Marihuana-Apotheke von Chronic Post erh\u00e4ltlich.<\/p>\n<p>ChronicPost Lemon Skunk ist ein mehrfach preisgekr\u00f6nter Sativa-Hybrid mit Zitronengeschmack und einem THC-Gehalt von bis zu 22 %. Im Jahr 2009 wurde sie in die High Times-Rangliste der zehn besten Sorten aufgenommen.<\/p>\n<p>Der THC-Gehalt von Lemon Skunk liegt im Durchschnitt zwischen 14 und 15 % und wurde bis zu 22 % THC getestet. Ihr High ist daf\u00fcr bekannt, die Gehirnfunktion zu stimulieren, was zu gr\u00f6\u00dferer Kreativit\u00e4t f\u00fchrt und den Benutzer in ein freudiges und energetisierendes Summen h\u00fcllt. Zahlreiche Rezensenten haben ihr Lemon-Skunk-High als introspektiv charakterisiert, das zum Nachdenken anregt und den Erfindungsreichtum verbessert. Nach ein bis zwei Stunden beginnen die Indica-Komponenten der Sorte zu wirken, was den Benutzer leicht m\u00fcde macht, da die zerebralen Effekte nachlassen.<\/p>\n<p>Lemon Skunk ist eine ziemlich gro\u00dfe und produktive Pflanze, die genau das ist, was sie ist der Name schon sagt \u2013 eine stark nach Zitrusfr\u00fcchten gef\u00e4rbte Skunk-Variante mit einer starken und beruhigenden Wirkung. Sie besitzt die charakteristischen hellgr\u00fcnen Knospen und leuchtend orangefarbenen Stempel von Skunk, was zu frostigen, dichten, speerf\u00f6rmigen Colas f\u00fchrt.<\/p>\n","protected":false},"excerpt":{"rendered":"<div class=\"woocommerce-product-details__short-description\">\n<p>Lemon Skunk enth\u00e4lt eine moderate Menge THC und sehr wenig CBD. Entdecken Sie mehr \u00fcber DNA Genetics Lemon Skunk und bestellen Sie noch heute bei Tokyo Smoke.<\/p>\n<p>Lemon Skunk Weed zum Online-Verkauf. Lemon Kush ist eine Mischung aus Master Kush und Lemon Joy und produziert einen geringen bis m\u00e4\u00dfigen Ertrag. Empfohlen f\u00fcr Patienten mit HIV\/AIDS, Glaukom, Parkinson, Angstzust\u00e4nden und chronischen Schmerzen<\/p>\n<p><strong>Knospengr\u00f6\u00dfe:\u00a0<\/strong>Klein<br \/>\n<strong>Textur:\u00a0<\/strong>Trocken<br \/>\n<strong>Geschmacksrichtungen:\u00a0<\/strong>Zitrone \/ Zitrus \/ Frisch<br \/>\n<strong>H\u00e4ufige Verwendung:<\/strong>\u00a0Schmerz \/ Appetit \/ Depression<br \/>\n<strong><a href=\"https:\/\/medicinasinc.com\/de\/product\/kauf-lemon-skunk\/\">THC<\/a>:<\/strong>\u00a022\u00a0%\u00a0 \u00a0<strong><a href=\"https:\/\/medicinasinc.com\/de\/product\/kauf-lemon-skunk\/\">CBD<\/a>: &lt;<\/strong>1%<\/p>\n<\/div>\n","protected":false},"featured_media":5013,"comment_status":"open","ping_status":"closed","template":"","meta":[],"product_brand":[],"product_cat":[778],"product_tag":[932,933,934,935,937,938,936,939],"class_list":{"0":"post-4996","1":"product","2":"type-product","3":"status-publish","4":"has-post-thumbnail","6":"product_cat-unkraut-zu-verkaufen","7":"product_tag-best-lemon-skunk-seeds","8":"product_tag-lemon-skunk-auto","9":"product_tag-lemon-skunk-cartridge","10":"product_tag-lemon-skunk-cbd","11":"product_tag-lemon-skunk-indica-oder-sativa","12":"product_tag-lemon-skunk-preis","13":"product_tag-zitronen-skunk-gewchshaus-samen-bewertung","14":"product_tag-zitronen-skunk-geschmack","16":"first","17":"instock","18":"shipping-taxable","19":"purchasable","20":"product-type-variable","21":"has-default-attributes"},"yoast_head":"<!-- This site is optimized with the Yoast SEO plugin v27.3 - https:\/\/yoast.com\/product\/yoast-seo-wordpress\/ -->\n<title>Kaufen Sie Lemon Skunk - Best Best Global Meds<\/title>\n<meta name=\"description\" content=\"Kaufen Sie Lemon Skunk Weed online. Lemon Kush ist eine Kreuzung zwischen Master Kush und Lemon Joy, sie hat einen niedrigen bis mittleren Ertrag. Empfohlen f\u00fcr Patienten mit HIV\/AIDS, Glaukom, Parkinson, Angstzust\u00e4nden, chronischen Schmerzen\u2026\" \/>\n<meta name=\"robots\" content=\"index, follow, max-snippet:-1, max-image-preview:large, max-video-preview:-1\" \/>\n<link rel=\"canonical\" href=\"https:\/\/medicinasinc.com\/de\/product\/kauf-lemon-skunk\/\" \/>\n<meta property=\"og:locale\" content=\"de_DE\" \/>\n<meta property=\"og:type\" content=\"article\" \/>\n<meta property=\"og:title\" content=\"Kaufen Sie Lemon Skunk - Best Best Global Meds\" \/>\n<meta property=\"og:description\" content=\"Kaufen Sie Lemon Skunk Weed online. Lemon Kush ist eine Kreuzung zwischen Master Kush und Lemon Joy, sie hat einen niedrigen bis mittleren Ertrag. Empfohlen f\u00fcr Patienten mit HIV\/AIDS, Glaukom, Parkinson, Angstzust\u00e4nden, chronischen Schmerzen\u2026\" \/>\n<meta property=\"og:url\" content=\"https:\/\/medicinasinc.com\/de\/product\/kauf-lemon-skunk\/\" \/>\n<meta property=\"og:site_name\" content=\"Medicinas Inc\" \/>\n<meta property=\"article:modified_time\" content=\"2022-08-03T08:46:27+00:00\" \/>\n<meta property=\"og:image\" content=\"https:\/\/medicinasinc.com\/de\/wp-content\/uploads\/sites\/6\/2022\/02\/Buy-Lemon-Skunk.jpg\" \/>\n\t<meta property=\"og:image:width\" content=\"2403\" \/>\n\t<meta property=\"og:image:height\" content=\"2403\" \/>\n\t<meta property=\"og:image:type\" content=\"image\/jpeg\" \/>\n<meta name=\"twitter:card\" content=\"summary_large_image\" \/>\n<meta name=\"twitter:label1\" content=\"Gesch\u00e4tzte Lesezeit\" \/>\n\t<meta name=\"twitter:data1\" content=\"1\u00a0Minute\" \/>\n<script type=\"application\/ld+json\" class=\"yoast-schema-graph\">{\"@context\":\"https:\\\/\\\/schema.org\",\"@graph\":[{\"@type\":\"WebPage\",\"@id\":\"https:\\\/\\\/medicinasinc.com\\\/de\\\/product\\\/kauf-lemon-skunk\\\/\",\"url\":\"https:\\\/\\\/medicinasinc.com\\\/de\\\/product\\\/kauf-lemon-skunk\\\/\",\"name\":\"Kaufen Sie Lemon Skunk - Best Best Global Meds\",\"isPartOf\":{\"@id\":\"https:\\\/\\\/medicinasinc.com\\\/de\\\/#website\"},\"primaryImageOfPage\":{\"@id\":\"https:\\\/\\\/medicinasinc.com\\\/de\\\/product\\\/kauf-lemon-skunk\\\/#primaryimage\"},\"image\":{\"@id\":\"https:\\\/\\\/medicinasinc.com\\\/de\\\/product\\\/kauf-lemon-skunk\\\/#primaryimage\"},\"thumbnailUrl\":\"https:\\\/\\\/medicinasinc.com\\\/de\\\/wp-content\\\/uploads\\\/sites\\\/6\\\/2022\\\/02\\\/Buy-Lemon-Skunk.jpg\",\"datePublished\":\"2022-02-20T18:53:00+00:00\",\"dateModified\":\"2022-08-03T08:46:27+00:00\",\"description\":\"Kaufen Sie Lemon Skunk Weed online. Lemon Kush ist eine Kreuzung zwischen Master Kush und Lemon Joy, sie hat einen niedrigen bis mittleren Ertrag. Empfohlen f\u00fcr Patienten mit HIV\\\/AIDS, Glaukom, Parkinson, Angstzust\u00e4nden, chronischen Schmerzen\u2026\",\"breadcrumb\":{\"@id\":\"https:\\\/\\\/medicinasinc.com\\\/de\\\/product\\\/kauf-lemon-skunk\\\/#breadcrumb\"},\"inLanguage\":\"de\",\"potentialAction\":[{\"@type\":\"ReadAction\",\"target\":[\"https:\\\/\\\/medicinasinc.com\\\/de\\\/product\\\/kauf-lemon-skunk\\\/\"]}]},{\"@type\":\"ImageObject\",\"inLanguage\":\"de\",\"@id\":\"https:\\\/\\\/medicinasinc.com\\\/de\\\/product\\\/kauf-lemon-skunk\\\/#primaryimage\",\"url\":\"https:\\\/\\\/medicinasinc.com\\\/de\\\/wp-content\\\/uploads\\\/sites\\\/6\\\/2022\\\/02\\\/Buy-Lemon-Skunk.jpg\",\"contentUrl\":\"https:\\\/\\\/medicinasinc.com\\\/de\\\/wp-content\\\/uploads\\\/sites\\\/6\\\/2022\\\/02\\\/Buy-Lemon-Skunk.jpg\",\"width\":2403,\"height\":2403},{\"@type\":\"BreadcrumbList\",\"@id\":\"https:\\\/\\\/medicinasinc.com\\\/de\\\/product\\\/kauf-lemon-skunk\\\/#breadcrumb\",\"itemListElement\":[{\"@type\":\"ListItem\",\"position\":1,\"name\":\"Einkaufen\",\"item\":\"https:\\\/\\\/medicinasinc.com\\\/de\\\/einkaufen\\\/\"},{\"@type\":\"ListItem\",\"position\":2,\"name\":\"Kaufen Sie Lemon Skunk\"}]},{\"@type\":\"WebSite\",\"@id\":\"https:\\\/\\\/medicinasinc.com\\\/de\\\/#website\",\"url\":\"https:\\\/\\\/medicinasinc.com\\\/de\\\/\",\"name\":\"Medicinas Inc\",\"description\":\"Health Medical Clinic\",\"potentialAction\":[{\"@type\":\"SearchAction\",\"target\":{\"@type\":\"EntryPoint\",\"urlTemplate\":\"https:\\\/\\\/medicinasinc.com\\\/de\\\/?s={search_term_string}\"},\"query-input\":{\"@type\":\"PropertyValueSpecification\",\"valueRequired\":true,\"valueName\":\"search_term_string\"}}],\"inLanguage\":\"de\"}]}<\/script>\n<!-- \/ Yoast SEO plugin. -->","yoast_head_json":{"title":"Kaufen Sie Lemon Skunk - Best Best Global Meds","description":"Kaufen Sie Lemon Skunk Weed online. Lemon Kush ist eine Kreuzung zwischen Master Kush und Lemon Joy, sie hat einen niedrigen bis mittleren Ertrag. Empfohlen f\u00fcr Patienten mit HIV\/AIDS, Glaukom, Parkinson, Angstzust\u00e4nden, chronischen Schmerzen\u2026","robots":{"index":"index","follow":"follow","max-snippet":"max-snippet:-1","max-image-preview":"max-image-preview:large","max-video-preview":"max-video-preview:-1"},"canonical":"https:\/\/medicinasinc.com\/de\/product\/kauf-lemon-skunk\/","og_locale":"de_DE","og_type":"article","og_title":"Kaufen Sie Lemon Skunk - Best Best Global Meds","og_description":"Kaufen Sie Lemon Skunk Weed online. Lemon Kush ist eine Kreuzung zwischen Master Kush und Lemon Joy, sie hat einen niedrigen bis mittleren Ertrag. Empfohlen f\u00fcr Patienten mit HIV\/AIDS, Glaukom, Parkinson, Angstzust\u00e4nden, chronischen Schmerzen\u2026","og_url":"https:\/\/medicinasinc.com\/de\/product\/kauf-lemon-skunk\/","og_site_name":"Medicinas Inc","article_modified_time":"2022-08-03T08:46:27+00:00","og_image":[{"width":2403,"height":2403,"url":"https:\/\/medicinasinc.com\/de\/wp-content\/uploads\/sites\/6\/2022\/02\/Buy-Lemon-Skunk.jpg","type":"image\/jpeg"}],"twitter_card":"summary_large_image","twitter_misc":{"Gesch\u00e4tzte Lesezeit":"1\u00a0Minute"},"schema":{"@context":"https:\/\/schema.org","@graph":[{"@type":"WebPage","@id":"https:\/\/medicinasinc.com\/de\/product\/kauf-lemon-skunk\/","url":"https:\/\/medicinasinc.com\/de\/product\/kauf-lemon-skunk\/","name":"Kaufen Sie Lemon Skunk - Best Best Global Meds","isPartOf":{"@id":"https:\/\/medicinasinc.com\/de\/#website"},"primaryImageOfPage":{"@id":"https:\/\/medicinasinc.com\/de\/product\/kauf-lemon-skunk\/#primaryimage"},"image":{"@id":"https:\/\/medicinasinc.com\/de\/product\/kauf-lemon-skunk\/#primaryimage"},"thumbnailUrl":"https:\/\/medicinasinc.com\/de\/wp-content\/uploads\/sites\/6\/2022\/02\/Buy-Lemon-Skunk.jpg","datePublished":"2022-02-20T18:53:00+00:00","dateModified":"2022-08-03T08:46:27+00:00","description":"Kaufen Sie Lemon Skunk Weed online. Lemon Kush ist eine Kreuzung zwischen Master Kush und Lemon Joy, sie hat einen niedrigen bis mittleren Ertrag. Empfohlen f\u00fcr Patienten mit HIV\/AIDS, Glaukom, Parkinson, Angstzust\u00e4nden, chronischen Schmerzen\u2026","breadcrumb":{"@id":"https:\/\/medicinasinc.com\/de\/product\/kauf-lemon-skunk\/#breadcrumb"},"inLanguage":"de","potentialAction":[{"@type":"ReadAction","target":["https:\/\/medicinasinc.com\/de\/product\/kauf-lemon-skunk\/"]}]},{"@type":"ImageObject","inLanguage":"de","@id":"https:\/\/medicinasinc.com\/de\/product\/kauf-lemon-skunk\/#primaryimage","url":"https:\/\/medicinasinc.com\/de\/wp-content\/uploads\/sites\/6\/2022\/02\/Buy-Lemon-Skunk.jpg","contentUrl":"https:\/\/medicinasinc.com\/de\/wp-content\/uploads\/sites\/6\/2022\/02\/Buy-Lemon-Skunk.jpg","width":2403,"height":2403},{"@type":"BreadcrumbList","@id":"https:\/\/medicinasinc.com\/de\/product\/kauf-lemon-skunk\/#breadcrumb","itemListElement":[{"@type":"ListItem","position":1,"name":"Einkaufen","item":"https:\/\/medicinasinc.com\/de\/einkaufen\/"},{"@type":"ListItem","position":2,"name":"Kaufen Sie Lemon Skunk"}]},{"@type":"WebSite","@id":"https:\/\/medicinasinc.com\/de\/#website","url":"https:\/\/medicinasinc.com\/de\/","name":"Medicinas Inc","description":"Health Medical Clinic","potentialAction":[{"@type":"SearchAction","target":{"@type":"EntryPoint","urlTemplate":"https:\/\/medicinasinc.com\/de\/?s={search_term_string}"},"query-input":{"@type":"PropertyValueSpecification","valueRequired":true,"valueName":"search_term_string"}}],"inLanguage":"de"}]}},"_links":{"self":[{"href":"https:\/\/medicinasinc.com\/de\/wp-json\/wp\/v2\/product\/4996","targetHints":{"allow":["GET"]}}],"collection":[{"href":"https:\/\/medicinasinc.com\/de\/wp-json\/wp\/v2\/product"}],"about":[{"href":"https:\/\/medicinasinc.com\/de\/wp-json\/wp\/v2\/types\/product"}],"replies":[{"embeddable":true,"href":"https:\/\/medicinasinc.com\/de\/wp-json\/wp\/v2\/comments?post=4996"}],"wp:featuredmedia":[{"embeddable":true,"href":"https:\/\/medicinasinc.com\/de\/wp-json\/wp\/v2\/media\/5013"}],"wp:attachment":[{"href":"https:\/\/medicinasinc.com\/de\/wp-json\/wp\/v2\/media?parent=4996"}],"wp:term":[{"taxonomy":"product_brand","embeddable":true,"href":"https:\/\/medicinasinc.com\/de\/wp-json\/wp\/v2\/product_brand?post=4996"},{"taxonomy":"product_cat","embeddable":true,"href":"https:\/\/medicinasinc.com\/de\/wp-json\/wp\/v2\/product_cat?post=4996"},{"taxonomy":"product_tag","embeddable":true,"href":"https:\/\/medicinasinc.com\/de\/wp-json\/wp\/v2\/product_tag?post=4996"}],"curies":[{"name":"wp","href":"https:\/\/api.w.org\/{rel}","templated":true}]}}