{"id":4971,"date":"2022-02-20T18:31:57","date_gmt":"2022-02-20T18:31:57","guid":{"rendered":"https:\/\/medicinasinc.com\/de\/?post_type=product&#038;p=4971"},"modified":"2022-03-18T00:36:53","modified_gmt":"2022-03-18T00:36:53","slug":"kaufen-khalifa-kush","status":"publish","type":"product","link":"https:\/\/medicinasinc.com\/de\/product\/kaufen-khalifa-kush\/","title":{"rendered":"Khalifa Kush kaufen"},"content":{"rendered":"<p>Online-Kauf von Khalifa Kush Marihuana.<\/p>\n<p>Online-Kauf von Khalifa Kush Marihuana.<\/p>\n<p>Zerebrale, kreative, euphorische und entspannende Wirkung<br \/> Kann bei der Linderung von helfen Arthritis, chronische Schmerzen, Depressionen, M\u00fcdigkeit, Kopfschmerzen, Appetitverlust, Migr\u00e4ne, \u00dcbelkeit, PTBS und Stress Geschmacksrichtungen<br \/> Zitrone, Zitrus, Kiefer und s\u00fc\u00df<\/p>\n","protected":false},"excerpt":{"rendered":"<p>Online-Kauf von Khalifa Kush Khalifa Kush zum Online-Verkauf Top Medical Khalifa Cannabis zum Verkauf in meiner Nachbarschaft Kaufen Sie medizinisches Marihuana online Online-Kauf von medizinischem Marihuana.<\/p>\n<p>Was sollten Sie vor dem Kauf von Wiz Khalifa OG wissen? Wiz Khalifa OG, oft bekannt als Khalifa Kush, ist eine Cannabis-Hybridsorte. Online kaufen!<\/p>\n<p>Der Geschmack und das Aroma von Khalifa Kush sind Zitrus und Kiefer. Bei medizinischer Anwendung kann Khalifa Kush bei M\u00fcdigkeit, Anspannung, Angstzust\u00e4nden und Depressionen wirksam sein, w\u00e4hrend der hohe CBD-Gehalt hervorragend f\u00fcr schwerwiegendere Erkrankungen geeignet ist. Die THC-Konzentration von Khalifa Kush liegt zwischen 15 % und 29 %.<\/p>\n<p>OG-Hybridgenetik Lemon x Earthy x Pine Kush Happiness x Euphoria x Relaxation x Creativity x Uplifting<\/p>\n<p>Online-Kauf von Khalifa Kush-Marihuana.<\/p>\n<p>Ein dominanter Hybrid &#8211; 80 % Indica \/ 20 % Sativa THC: 24\u201326 %<\/p>\n","protected":false},"featured_media":4985,"comment_status":"open","ping_status":"closed","template":"","meta":[],"product_brand":[],"product_cat":[778],"product_tag":[],"class_list":{"0":"post-4971","1":"product","2":"type-product","3":"status-publish","4":"has-post-thumbnail","6":"product_cat-unkraut-zu-verkaufen","8":"first","9":"instock","10":"shipping-taxable","11":"purchasable","12":"product-type-variable","13":"has-default-attributes"},"yoast_head":"<!-- This site is optimized with the Yoast SEO plugin v27.3 - https:\/\/yoast.com\/product\/yoast-seo-wordpress\/ -->\n<title>Kaufen Sie Khalifa Kush Marihuana online - die besten besten globalen Medikamente<\/title>\n<meta name=\"description\" content=\"Kaufen Sie Khalifa Kush online Khalifa Kush zum Verkauf online Top Medical Khalifa Cannabis zum Verkauf in meiner N\u00e4he Kaufen Sie medizinisches Cannabis online Kaufen Sie medizinisches Marihuana online.\" \/>\n<meta name=\"robots\" content=\"index, follow, max-snippet:-1, max-image-preview:large, max-video-preview:-1\" \/>\n<link rel=\"canonical\" href=\"https:\/\/medicinasinc.com\/de\/product\/kaufen-khalifa-kush\/\" \/>\n<meta property=\"og:locale\" content=\"de_DE\" \/>\n<meta property=\"og:type\" content=\"article\" \/>\n<meta property=\"og:title\" content=\"Kaufen Sie Khalifa Kush Marihuana online - die besten besten globalen Medikamente\" \/>\n<meta property=\"og:description\" content=\"Kaufen Sie Khalifa Kush online Khalifa Kush zum Verkauf online Top Medical Khalifa Cannabis zum Verkauf in meiner N\u00e4he Kaufen Sie medizinisches Cannabis online Kaufen Sie medizinisches Marihuana online.\" \/>\n<meta property=\"og:url\" content=\"https:\/\/medicinasinc.com\/de\/product\/kaufen-khalifa-kush\/\" \/>\n<meta property=\"og:site_name\" content=\"Medicinas Inc\" \/>\n<meta property=\"article:modified_time\" content=\"2022-03-18T00:36:53+00:00\" \/>\n<meta property=\"og:image\" content=\"https:\/\/medicinasinc.com\/de\/wp-content\/uploads\/sites\/6\/2022\/02\/Buy-Khalifa-Kush.jpeg\" \/>\n\t<meta property=\"og:image:width\" content=\"1141\" \/>\n\t<meta property=\"og:image:height\" content=\"1064\" \/>\n\t<meta property=\"og:image:type\" content=\"image\/jpeg\" \/>\n<meta name=\"twitter:card\" content=\"summary_large_image\" \/>\n<meta name=\"twitter:label1\" content=\"Gesch\u00e4tzte Lesezeit\" \/>\n\t<meta name=\"twitter:data1\" content=\"1\u00a0Minute\" \/>\n<script type=\"application\/ld+json\" class=\"yoast-schema-graph\">{\"@context\":\"https:\\\/\\\/schema.org\",\"@graph\":[{\"@type\":\"WebPage\",\"@id\":\"https:\\\/\\\/medicinasinc.com\\\/de\\\/product\\\/kaufen-khalifa-kush\\\/\",\"url\":\"https:\\\/\\\/medicinasinc.com\\\/de\\\/product\\\/kaufen-khalifa-kush\\\/\",\"name\":\"Kaufen Sie Khalifa Kush Marihuana online - die besten besten globalen Medikamente\",\"isPartOf\":{\"@id\":\"https:\\\/\\\/medicinasinc.com\\\/de\\\/#website\"},\"primaryImageOfPage\":{\"@id\":\"https:\\\/\\\/medicinasinc.com\\\/de\\\/product\\\/kaufen-khalifa-kush\\\/#primaryimage\"},\"image\":{\"@id\":\"https:\\\/\\\/medicinasinc.com\\\/de\\\/product\\\/kaufen-khalifa-kush\\\/#primaryimage\"},\"thumbnailUrl\":\"https:\\\/\\\/medicinasinc.com\\\/de\\\/wp-content\\\/uploads\\\/sites\\\/6\\\/2022\\\/02\\\/Buy-Khalifa-Kush.jpeg\",\"datePublished\":\"2022-02-20T18:31:57+00:00\",\"dateModified\":\"2022-03-18T00:36:53+00:00\",\"description\":\"Kaufen Sie Khalifa Kush online Khalifa Kush zum Verkauf online Top Medical Khalifa Cannabis zum Verkauf in meiner N\u00e4he Kaufen Sie medizinisches Cannabis online Kaufen Sie medizinisches Marihuana online.\",\"breadcrumb\":{\"@id\":\"https:\\\/\\\/medicinasinc.com\\\/de\\\/product\\\/kaufen-khalifa-kush\\\/#breadcrumb\"},\"inLanguage\":\"de\",\"potentialAction\":[{\"@type\":\"ReadAction\",\"target\":[\"https:\\\/\\\/medicinasinc.com\\\/de\\\/product\\\/kaufen-khalifa-kush\\\/\"]}]},{\"@type\":\"ImageObject\",\"inLanguage\":\"de\",\"@id\":\"https:\\\/\\\/medicinasinc.com\\\/de\\\/product\\\/kaufen-khalifa-kush\\\/#primaryimage\",\"url\":\"https:\\\/\\\/medicinasinc.com\\\/de\\\/wp-content\\\/uploads\\\/sites\\\/6\\\/2022\\\/02\\\/Buy-Khalifa-Kush.jpeg\",\"contentUrl\":\"https:\\\/\\\/medicinasinc.com\\\/de\\\/wp-content\\\/uploads\\\/sites\\\/6\\\/2022\\\/02\\\/Buy-Khalifa-Kush.jpeg\",\"width\":1141,\"height\":1064},{\"@type\":\"BreadcrumbList\",\"@id\":\"https:\\\/\\\/medicinasinc.com\\\/de\\\/product\\\/kaufen-khalifa-kush\\\/#breadcrumb\",\"itemListElement\":[{\"@type\":\"ListItem\",\"position\":1,\"name\":\"Einkaufen\",\"item\":\"https:\\\/\\\/medicinasinc.com\\\/de\\\/einkaufen\\\/\"},{\"@type\":\"ListItem\",\"position\":2,\"name\":\"Khalifa Kush kaufen\"}]},{\"@type\":\"WebSite\",\"@id\":\"https:\\\/\\\/medicinasinc.com\\\/de\\\/#website\",\"url\":\"https:\\\/\\\/medicinasinc.com\\\/de\\\/\",\"name\":\"Medicinas Inc\",\"description\":\"Health Medical Clinic\",\"potentialAction\":[{\"@type\":\"SearchAction\",\"target\":{\"@type\":\"EntryPoint\",\"urlTemplate\":\"https:\\\/\\\/medicinasinc.com\\\/de\\\/?s={search_term_string}\"},\"query-input\":{\"@type\":\"PropertyValueSpecification\",\"valueRequired\":true,\"valueName\":\"search_term_string\"}}],\"inLanguage\":\"de\"}]}<\/script>\n<!-- \/ Yoast SEO plugin. -->","yoast_head_json":{"title":"Kaufen Sie Khalifa Kush Marihuana online - die besten besten globalen Medikamente","description":"Kaufen Sie Khalifa Kush online Khalifa Kush zum Verkauf online Top Medical Khalifa Cannabis zum Verkauf in meiner N\u00e4he Kaufen Sie medizinisches Cannabis online Kaufen Sie medizinisches Marihuana online.","robots":{"index":"index","follow":"follow","max-snippet":"max-snippet:-1","max-image-preview":"max-image-preview:large","max-video-preview":"max-video-preview:-1"},"canonical":"https:\/\/medicinasinc.com\/de\/product\/kaufen-khalifa-kush\/","og_locale":"de_DE","og_type":"article","og_title":"Kaufen Sie Khalifa Kush Marihuana online - die besten besten globalen Medikamente","og_description":"Kaufen Sie Khalifa Kush online Khalifa Kush zum Verkauf online Top Medical Khalifa Cannabis zum Verkauf in meiner N\u00e4he Kaufen Sie medizinisches Cannabis online Kaufen Sie medizinisches Marihuana online.","og_url":"https:\/\/medicinasinc.com\/de\/product\/kaufen-khalifa-kush\/","og_site_name":"Medicinas Inc","article_modified_time":"2022-03-18T00:36:53+00:00","og_image":[{"width":1141,"height":1064,"url":"https:\/\/medicinasinc.com\/de\/wp-content\/uploads\/sites\/6\/2022\/02\/Buy-Khalifa-Kush.jpeg","type":"image\/jpeg"}],"twitter_card":"summary_large_image","twitter_misc":{"Gesch\u00e4tzte Lesezeit":"1\u00a0Minute"},"schema":{"@context":"https:\/\/schema.org","@graph":[{"@type":"WebPage","@id":"https:\/\/medicinasinc.com\/de\/product\/kaufen-khalifa-kush\/","url":"https:\/\/medicinasinc.com\/de\/product\/kaufen-khalifa-kush\/","name":"Kaufen Sie Khalifa Kush Marihuana online - die besten besten globalen Medikamente","isPartOf":{"@id":"https:\/\/medicinasinc.com\/de\/#website"},"primaryImageOfPage":{"@id":"https:\/\/medicinasinc.com\/de\/product\/kaufen-khalifa-kush\/#primaryimage"},"image":{"@id":"https:\/\/medicinasinc.com\/de\/product\/kaufen-khalifa-kush\/#primaryimage"},"thumbnailUrl":"https:\/\/medicinasinc.com\/de\/wp-content\/uploads\/sites\/6\/2022\/02\/Buy-Khalifa-Kush.jpeg","datePublished":"2022-02-20T18:31:57+00:00","dateModified":"2022-03-18T00:36:53+00:00","description":"Kaufen Sie Khalifa Kush online Khalifa Kush zum Verkauf online Top Medical Khalifa Cannabis zum Verkauf in meiner N\u00e4he Kaufen Sie medizinisches Cannabis online Kaufen Sie medizinisches Marihuana online.","breadcrumb":{"@id":"https:\/\/medicinasinc.com\/de\/product\/kaufen-khalifa-kush\/#breadcrumb"},"inLanguage":"de","potentialAction":[{"@type":"ReadAction","target":["https:\/\/medicinasinc.com\/de\/product\/kaufen-khalifa-kush\/"]}]},{"@type":"ImageObject","inLanguage":"de","@id":"https:\/\/medicinasinc.com\/de\/product\/kaufen-khalifa-kush\/#primaryimage","url":"https:\/\/medicinasinc.com\/de\/wp-content\/uploads\/sites\/6\/2022\/02\/Buy-Khalifa-Kush.jpeg","contentUrl":"https:\/\/medicinasinc.com\/de\/wp-content\/uploads\/sites\/6\/2022\/02\/Buy-Khalifa-Kush.jpeg","width":1141,"height":1064},{"@type":"BreadcrumbList","@id":"https:\/\/medicinasinc.com\/de\/product\/kaufen-khalifa-kush\/#breadcrumb","itemListElement":[{"@type":"ListItem","position":1,"name":"Einkaufen","item":"https:\/\/medicinasinc.com\/de\/einkaufen\/"},{"@type":"ListItem","position":2,"name":"Khalifa Kush kaufen"}]},{"@type":"WebSite","@id":"https:\/\/medicinasinc.com\/de\/#website","url":"https:\/\/medicinasinc.com\/de\/","name":"Medicinas Inc","description":"Health Medical Clinic","potentialAction":[{"@type":"SearchAction","target":{"@type":"EntryPoint","urlTemplate":"https:\/\/medicinasinc.com\/de\/?s={search_term_string}"},"query-input":{"@type":"PropertyValueSpecification","valueRequired":true,"valueName":"search_term_string"}}],"inLanguage":"de"}]}},"_links":{"self":[{"href":"https:\/\/medicinasinc.com\/de\/wp-json\/wp\/v2\/product\/4971","targetHints":{"allow":["GET"]}}],"collection":[{"href":"https:\/\/medicinasinc.com\/de\/wp-json\/wp\/v2\/product"}],"about":[{"href":"https:\/\/medicinasinc.com\/de\/wp-json\/wp\/v2\/types\/product"}],"replies":[{"embeddable":true,"href":"https:\/\/medicinasinc.com\/de\/wp-json\/wp\/v2\/comments?post=4971"}],"wp:featuredmedia":[{"embeddable":true,"href":"https:\/\/medicinasinc.com\/de\/wp-json\/wp\/v2\/media\/4985"}],"wp:attachment":[{"href":"https:\/\/medicinasinc.com\/de\/wp-json\/wp\/v2\/media?parent=4971"}],"wp:term":[{"taxonomy":"product_brand","embeddable":true,"href":"https:\/\/medicinasinc.com\/de\/wp-json\/wp\/v2\/product_brand?post=4971"},{"taxonomy":"product_cat","embeddable":true,"href":"https:\/\/medicinasinc.com\/de\/wp-json\/wp\/v2\/product_cat?post=4971"},{"taxonomy":"product_tag","embeddable":true,"href":"https:\/\/medicinasinc.com\/de\/wp-json\/wp\/v2\/product_tag?post=4971"}],"curies":[{"name":"wp","href":"https:\/\/api.w.org\/{rel}","templated":true}]}}