{"id":4970,"date":"2022-02-20T18:30:09","date_gmt":"2022-02-20T18:30:09","guid":{"rendered":"https:\/\/medicinasinc.com\/de\/?post_type=product&#038;p=4970"},"modified":"2022-03-18T00:37:02","modified_gmt":"2022-03-18T00:37:02","slug":"kauf-jesus-und-gras","status":"publish","type":"product","link":"https:\/\/medicinasinc.com\/de\/product\/kauf-jesus-und-gras\/","title":{"rendered":"Kaufen Sie Jesus OG Weed"},"content":{"rendered":"<p>Die Marihuana-Sorte Jesus OG kann online gekauft werden. Jesus OG ist ein Sativa-dominanter Hybrid &#8211; 80 Prozent Sativa. Sativa \/ 20 % Indica THC: 21 % &#8211; 25 %<\/p>\n<p>Energiespendende, euphorische, fokussierende, gl\u00fcckliche und erhebende Wirkungen k\u00f6nnen ADS\/ADHS, bipolare St\u00f6rungen, chronische Schmerzen, Depressionen, M\u00fcdigkeit, Kopfschmerzen, Migr\u00e4ne lindern, \u00dcbelkeit, PTBS und Stress Aromen<br \/> Zitrone, Tannennadeln, s\u00fc\u00df und w\u00fcrzig<br \/> Aromen<br \/> Zitrone, scharf und s\u00fc\u00df<\/p>\n","protected":false},"excerpt":{"rendered":"<p>Kaufen Sie die Marihuana-Sorte Jesus OG online. Jesus og Marihuana-Sorte ist ein Sativa-dominanter Hybrid &#8211; 80 % Sativa \/ 20 % Indica THC: 21 % \u2013 25 %<\/p>\n","protected":false},"featured_media":4983,"comment_status":"open","ping_status":"closed","template":"","meta":[],"product_brand":[],"product_cat":[778],"product_tag":[912,911,908,909,910,614,886,885,887,888,891,893,894,455,459,896,897,898,900,470,902,473,477,904,905,906,907,914,915,918,916,917,889,890,899,892,895,901,903,626,920,921,922,913,923,919],"class_list":{"0":"post-4970","1":"product","2":"type-product","3":"status-publish","4":"has-post-thumbnail","6":"product_cat-unkraut-zu-verkaufen","7":"product_tag-apotheke-in-meine-erholung","8":"product_tag-apotheke-in-meiner-nhe-spt-geffnet","9":"product_tag-apotheken-in-der-nhe-jetzt-geffnet","10":"product_tag-apotheken-die-keine-krankenkarte-in-der-nhe-erfordern","11":"product_tag-apotheken-die-auerhalb-des-staates-versenden","12":"product_tag-best-online-dispensary","13":"product_tag-best-online-dispensary-canada","14":"product_tag-beste-marihuana-sorten","15":"product_tag-bipolare-strung","16":"product_tag-blue-dream-marihuana-sorte","17":"product_tag-buy-gelato-marijuana-online","18":"product_tag-buy-jesus-og-marijuana-strain-online","19":"product_tag-buy-khalifa-kush-marijuana","20":"product_tag-buy-marijuana-online","21":"product_tag-buy-marijuana-online-usa","22":"product_tag-buy-medical-cannabis-oil-online","23":"product_tag-buy-my-weed-online-review","24":"product_tag-buy-presidential-kush-strain","25":"product_tag-buy-recreational-weed-online","26":"product_tag-buy-weed-online","27":"product_tag-buy-weed-online-buy-marijuana-online","28":"product_tag-buy-weed-online-europe","29":"product_tag-buying-weed-online","30":"product_tag-charlottes-web-cannabis-sorte","31":"product_tag-chronischer-schmerz","32":"product_tag-dawg-cookies-indica-strain","33":"product_tag-depression","34":"product_tag-edibles-online-no-medical-card","35":"product_tag-ermdung","36":"product_tag-jesus-und-belastung","37":"product_tag-jesus-og-feminisierte-samen","38":"product_tag-jesus-und-samen","39":"product_tag-kaufe-ace-killer-und-marihuana","40":"product_tag-kaufen-ahoe-hydro-og-indica","41":"product_tag-echtes-gras-online-kaufen","42":"product_tag-illegales-gras-online-kaufen","43":"product_tag-kaufen-marihuana-online-keine-krankenkarte","44":"product_tag-buy-skunk-online-uk","45":"product_tag-buy-weed-onlne-uk","46":"product_tag-legales-gras-online-kaufen","47":"product_tag-pacific-seedbank-autoflower","48":"product_tag-platin-und-kush-samen","49":"product_tag-tga-subcool-jesus-og","50":"product_tag-apotheke-unkraut-stmme","51":"product_tag-yoda-und-zchter","52":"product_tag-zitrone-und-autoflower","54":"first","55":"instock","56":"shipping-taxable","57":"purchasable","58":"product-type-variable","59":"has-default-attributes"},"yoast_head":"<!-- This site is optimized with the Yoast SEO plugin v27.3 - https:\/\/yoast.com\/product\/yoast-seo-wordpress\/ -->\n<title>Kaufen Sie Jesus OG Weed Marijuana Strain - Best Global Meds<\/title>\n<meta name=\"description\" content=\"Kaufen Sie die Marihuana-Sorte Jesus OG zum Verkauf online. Die Marihuana-Sorte Jesus og ist ein Sativa-dominanter Hybrid \u2013 80 % Sativa \/ 20 % Indica THC: 21 % \u2013 25 %\" \/>\n<meta name=\"robots\" content=\"index, follow, max-snippet:-1, max-image-preview:large, max-video-preview:-1\" \/>\n<link rel=\"canonical\" href=\"https:\/\/medicinasinc.com\/de\/product\/kauf-jesus-und-gras\/\" \/>\n<meta property=\"og:locale\" content=\"de_DE\" \/>\n<meta property=\"og:type\" content=\"article\" \/>\n<meta property=\"og:title\" content=\"Kaufen Sie Jesus OG Weed Marijuana Strain - Best Global Meds\" \/>\n<meta property=\"og:description\" content=\"Kaufen Sie die Marihuana-Sorte Jesus OG zum Verkauf online. Die Marihuana-Sorte Jesus og ist ein Sativa-dominanter Hybrid \u2013 80 % Sativa \/ 20 % Indica THC: 21 % \u2013 25 %\" \/>\n<meta property=\"og:url\" content=\"https:\/\/medicinasinc.com\/de\/product\/kauf-jesus-und-gras\/\" \/>\n<meta property=\"og:site_name\" content=\"Medicinas Inc\" \/>\n<meta property=\"article:modified_time\" content=\"2022-03-18T00:37:02+00:00\" \/>\n<meta property=\"og:image\" content=\"https:\/\/medicinasinc.com\/de\/wp-content\/uploads\/sites\/6\/2022\/02\/buy-Jesus-OG.png\" \/>\n\t<meta property=\"og:image:width\" content=\"600\" \/>\n\t<meta property=\"og:image:height\" content=\"600\" \/>\n\t<meta property=\"og:image:type\" content=\"image\/png\" \/>\n<meta name=\"twitter:card\" content=\"summary_large_image\" \/>\n<meta name=\"twitter:label1\" content=\"Gesch\u00e4tzte Lesezeit\" \/>\n\t<meta name=\"twitter:data1\" content=\"1\u00a0Minute\" \/>\n<script type=\"application\/ld+json\" class=\"yoast-schema-graph\">{\"@context\":\"https:\\\/\\\/schema.org\",\"@graph\":[{\"@type\":\"WebPage\",\"@id\":\"https:\\\/\\\/medicinasinc.com\\\/de\\\/product\\\/kauf-jesus-und-gras\\\/\",\"url\":\"https:\\\/\\\/medicinasinc.com\\\/de\\\/product\\\/kauf-jesus-und-gras\\\/\",\"name\":\"Kaufen Sie Jesus OG Weed Marijuana Strain - Best Global Meds\",\"isPartOf\":{\"@id\":\"https:\\\/\\\/medicinasinc.com\\\/de\\\/#website\"},\"primaryImageOfPage\":{\"@id\":\"https:\\\/\\\/medicinasinc.com\\\/de\\\/product\\\/kauf-jesus-und-gras\\\/#primaryimage\"},\"image\":{\"@id\":\"https:\\\/\\\/medicinasinc.com\\\/de\\\/product\\\/kauf-jesus-und-gras\\\/#primaryimage\"},\"thumbnailUrl\":\"https:\\\/\\\/medicinasinc.com\\\/de\\\/wp-content\\\/uploads\\\/sites\\\/6\\\/2022\\\/02\\\/buy-Jesus-OG.png\",\"datePublished\":\"2022-02-20T18:30:09+00:00\",\"dateModified\":\"2022-03-18T00:37:02+00:00\",\"description\":\"Kaufen Sie die Marihuana-Sorte Jesus OG zum Verkauf online. Die Marihuana-Sorte Jesus og ist ein Sativa-dominanter Hybrid \u2013 80 % Sativa \\\/ 20 % Indica THC: 21 % \u2013 25 %\",\"breadcrumb\":{\"@id\":\"https:\\\/\\\/medicinasinc.com\\\/de\\\/product\\\/kauf-jesus-und-gras\\\/#breadcrumb\"},\"inLanguage\":\"de\",\"potentialAction\":[{\"@type\":\"ReadAction\",\"target\":[\"https:\\\/\\\/medicinasinc.com\\\/de\\\/product\\\/kauf-jesus-und-gras\\\/\"]}]},{\"@type\":\"ImageObject\",\"inLanguage\":\"de\",\"@id\":\"https:\\\/\\\/medicinasinc.com\\\/de\\\/product\\\/kauf-jesus-und-gras\\\/#primaryimage\",\"url\":\"https:\\\/\\\/medicinasinc.com\\\/de\\\/wp-content\\\/uploads\\\/sites\\\/6\\\/2022\\\/02\\\/buy-Jesus-OG.png\",\"contentUrl\":\"https:\\\/\\\/medicinasinc.com\\\/de\\\/wp-content\\\/uploads\\\/sites\\\/6\\\/2022\\\/02\\\/buy-Jesus-OG.png\",\"width\":600,\"height\":600},{\"@type\":\"BreadcrumbList\",\"@id\":\"https:\\\/\\\/medicinasinc.com\\\/de\\\/product\\\/kauf-jesus-und-gras\\\/#breadcrumb\",\"itemListElement\":[{\"@type\":\"ListItem\",\"position\":1,\"name\":\"Einkaufen\",\"item\":\"https:\\\/\\\/medicinasinc.com\\\/de\\\/einkaufen\\\/\"},{\"@type\":\"ListItem\",\"position\":2,\"name\":\"Kaufen Sie Jesus OG Weed\"}]},{\"@type\":\"WebSite\",\"@id\":\"https:\\\/\\\/medicinasinc.com\\\/de\\\/#website\",\"url\":\"https:\\\/\\\/medicinasinc.com\\\/de\\\/\",\"name\":\"Medicinas Inc\",\"description\":\"Health Medical Clinic\",\"potentialAction\":[{\"@type\":\"SearchAction\",\"target\":{\"@type\":\"EntryPoint\",\"urlTemplate\":\"https:\\\/\\\/medicinasinc.com\\\/de\\\/?s={search_term_string}\"},\"query-input\":{\"@type\":\"PropertyValueSpecification\",\"valueRequired\":true,\"valueName\":\"search_term_string\"}}],\"inLanguage\":\"de\"}]}<\/script>\n<!-- \/ Yoast SEO plugin. -->","yoast_head_json":{"title":"Kaufen Sie Jesus OG Weed Marijuana Strain - Best Global Meds","description":"Kaufen Sie die Marihuana-Sorte Jesus OG zum Verkauf online. Die Marihuana-Sorte Jesus og ist ein Sativa-dominanter Hybrid \u2013 80 % Sativa \/ 20 % Indica THC: 21 % \u2013 25 %","robots":{"index":"index","follow":"follow","max-snippet":"max-snippet:-1","max-image-preview":"max-image-preview:large","max-video-preview":"max-video-preview:-1"},"canonical":"https:\/\/medicinasinc.com\/de\/product\/kauf-jesus-und-gras\/","og_locale":"de_DE","og_type":"article","og_title":"Kaufen Sie Jesus OG Weed Marijuana Strain - Best Global Meds","og_description":"Kaufen Sie die Marihuana-Sorte Jesus OG zum Verkauf online. Die Marihuana-Sorte Jesus og ist ein Sativa-dominanter Hybrid \u2013 80 % Sativa \/ 20 % Indica THC: 21 % \u2013 25 %","og_url":"https:\/\/medicinasinc.com\/de\/product\/kauf-jesus-und-gras\/","og_site_name":"Medicinas Inc","article_modified_time":"2022-03-18T00:37:02+00:00","og_image":[{"width":600,"height":600,"url":"https:\/\/medicinasinc.com\/de\/wp-content\/uploads\/sites\/6\/2022\/02\/buy-Jesus-OG.png","type":"image\/png"}],"twitter_card":"summary_large_image","twitter_misc":{"Gesch\u00e4tzte Lesezeit":"1\u00a0Minute"},"schema":{"@context":"https:\/\/schema.org","@graph":[{"@type":"WebPage","@id":"https:\/\/medicinasinc.com\/de\/product\/kauf-jesus-und-gras\/","url":"https:\/\/medicinasinc.com\/de\/product\/kauf-jesus-und-gras\/","name":"Kaufen Sie Jesus OG Weed Marijuana Strain - Best Global Meds","isPartOf":{"@id":"https:\/\/medicinasinc.com\/de\/#website"},"primaryImageOfPage":{"@id":"https:\/\/medicinasinc.com\/de\/product\/kauf-jesus-und-gras\/#primaryimage"},"image":{"@id":"https:\/\/medicinasinc.com\/de\/product\/kauf-jesus-und-gras\/#primaryimage"},"thumbnailUrl":"https:\/\/medicinasinc.com\/de\/wp-content\/uploads\/sites\/6\/2022\/02\/buy-Jesus-OG.png","datePublished":"2022-02-20T18:30:09+00:00","dateModified":"2022-03-18T00:37:02+00:00","description":"Kaufen Sie die Marihuana-Sorte Jesus OG zum Verkauf online. Die Marihuana-Sorte Jesus og ist ein Sativa-dominanter Hybrid \u2013 80 % Sativa \/ 20 % Indica THC: 21 % \u2013 25 %","breadcrumb":{"@id":"https:\/\/medicinasinc.com\/de\/product\/kauf-jesus-und-gras\/#breadcrumb"},"inLanguage":"de","potentialAction":[{"@type":"ReadAction","target":["https:\/\/medicinasinc.com\/de\/product\/kauf-jesus-und-gras\/"]}]},{"@type":"ImageObject","inLanguage":"de","@id":"https:\/\/medicinasinc.com\/de\/product\/kauf-jesus-und-gras\/#primaryimage","url":"https:\/\/medicinasinc.com\/de\/wp-content\/uploads\/sites\/6\/2022\/02\/buy-Jesus-OG.png","contentUrl":"https:\/\/medicinasinc.com\/de\/wp-content\/uploads\/sites\/6\/2022\/02\/buy-Jesus-OG.png","width":600,"height":600},{"@type":"BreadcrumbList","@id":"https:\/\/medicinasinc.com\/de\/product\/kauf-jesus-und-gras\/#breadcrumb","itemListElement":[{"@type":"ListItem","position":1,"name":"Einkaufen","item":"https:\/\/medicinasinc.com\/de\/einkaufen\/"},{"@type":"ListItem","position":2,"name":"Kaufen Sie Jesus OG Weed"}]},{"@type":"WebSite","@id":"https:\/\/medicinasinc.com\/de\/#website","url":"https:\/\/medicinasinc.com\/de\/","name":"Medicinas Inc","description":"Health Medical Clinic","potentialAction":[{"@type":"SearchAction","target":{"@type":"EntryPoint","urlTemplate":"https:\/\/medicinasinc.com\/de\/?s={search_term_string}"},"query-input":{"@type":"PropertyValueSpecification","valueRequired":true,"valueName":"search_term_string"}}],"inLanguage":"de"}]}},"_links":{"self":[{"href":"https:\/\/medicinasinc.com\/de\/wp-json\/wp\/v2\/product\/4970","targetHints":{"allow":["GET"]}}],"collection":[{"href":"https:\/\/medicinasinc.com\/de\/wp-json\/wp\/v2\/product"}],"about":[{"href":"https:\/\/medicinasinc.com\/de\/wp-json\/wp\/v2\/types\/product"}],"replies":[{"embeddable":true,"href":"https:\/\/medicinasinc.com\/de\/wp-json\/wp\/v2\/comments?post=4970"}],"wp:featuredmedia":[{"embeddable":true,"href":"https:\/\/medicinasinc.com\/de\/wp-json\/wp\/v2\/media\/4983"}],"wp:attachment":[{"href":"https:\/\/medicinasinc.com\/de\/wp-json\/wp\/v2\/media?parent=4970"}],"wp:term":[{"taxonomy":"product_brand","embeddable":true,"href":"https:\/\/medicinasinc.com\/de\/wp-json\/wp\/v2\/product_brand?post=4970"},{"taxonomy":"product_cat","embeddable":true,"href":"https:\/\/medicinasinc.com\/de\/wp-json\/wp\/v2\/product_cat?post=4970"},{"taxonomy":"product_tag","embeddable":true,"href":"https:\/\/medicinasinc.com\/de\/wp-json\/wp\/v2\/product_tag?post=4970"}],"curies":[{"name":"wp","href":"https:\/\/api.w.org\/{rel}","templated":true}]}}