{"id":4968,"date":"2022-02-20T18:28:25","date_gmt":"2022-02-20T18:28:25","guid":{"rendered":"https:\/\/medicinasinc.com\/de\/?post_type=product&#038;p=4968"},"modified":"2022-03-18T00:37:15","modified_gmt":"2022-03-18T00:37:15","slug":"kaufen-unendlich-euphorie-marihuana","status":"publish","type":"product","link":"https:\/\/medicinasinc.com\/de\/product\/kaufen-unendlich-euphorie-marihuana\/","title":{"rendered":"Kaufen Sie Infinite Euphoria Marihuana"},"content":{"rendered":"<p>Kaufen Sie Marijuana Infinite Euphoria online.<\/p>\n<p>Kaufen Sie Marihuana Infinite Euphoria online.<\/p>\n<p>Energetisierende, euphorische, gl\u00fcckliche, anhaltende, erhebende Wirkung kann Angst, Depression, M\u00fcdigkeit, Stimmungsschwankungen lindern, und Stressaromen<br \/> Zitrusfr\u00fcchte, Kiefernnadeln, skunky und s\u00fc\u00df<\/p>\n","protected":false},"excerpt":{"rendered":"<p>Kaufen Sie Infinite Euphoria Marihuana online. Kaufen Sie Infinite Euphoria Marihuana Hybrid &#8211; 50 % Sativa\/50 % Indica THC: 23 % &#8211; 29 %<\/p>\n","protected":false},"featured_media":4981,"comment_status":"open","ping_status":"closed","template":"","meta":[],"product_brand":[],"product_cat":[778],"product_tag":[852,853,854,855,455,862,863,864,857,866,865,858,856,867,868,871,870,869,872,873,874,875,877,876,882,859,861,860,884,883,881,878,879,880],"class_list":{"0":"post-4968","1":"product","2":"type-product","3":"status-publish","4":"has-post-thumbnail","6":"product_cat-unkraut-zu-verkaufen","7":"product_tag-100-sativa-sorten","8":"product_tag-ak47-marijuana-grade-aa-sativa","9":"product_tag-australien-unkraut-zum-online-verkauf","10":"product_tag-beste-sativa-sorten-2020","11":"product_tag-buy-marijuana-online","12":"product_tag-buy-weed-online-reddit","13":"product_tag-cannabis-oil-hemp-cbd-oil","14":"product_tag-denver-weed-zu-verkaufen-in-usa","15":"product_tag-beste-sativa-sorten-fr-energie-2020","16":"product_tag-ertragreichste-sativa-sorten","17":"product_tag-exotische-sorten-2020","18":"product_tag-weed-online-billig-kaufen","19":"product_tag-beste-sativa-sorten-cartridge","20":"product_tag-khalifa-kush-grade-a-hybrid","21":"product_tag-legales-gras-zum-verkauf-online","22":"product_tag-marihuana-marihuana-zu-verkaufen","23":"product_tag-marihuana-zum-verkauf-in-colorado","24":"product_tag-marihuana-zum-verkauf-in-kalifornien","25":"product_tag-medizinisches-marihuana-online-verkaufen","26":"product_tag-nyc-weed-online-verkaufen","27":"product_tag-outdoor-sativa-sorten","28":"product_tag-seltene-sativa-sorten","29":"product_tag-uk-weed-for-sell-online","30":"product_tag-uk-weed-online-verkaufen","31":"product_tag-weed-online-verkaufen","32":"product_tag-kaufen-unkraut-online-colorado","33":"product_tag-weed-online-nyc-kaufen","34":"product_tag-kaufen-gras-online-legitim","35":"product_tag-unkraut-online-unkraut-online-zu-verkaufen","36":"product_tag-weed-online-verkauf-in-kanada","37":"product_tag-weed-zu-verkaufen-in-der-nahe","38":"product_tag-usa-cannabis-l","39":"product_tag-usa-marihuana-zum-onlineverkauf","40":"product_tag-usa-unkraut-zu-verkaufen","42":"first","43":"instock","44":"shipping-taxable","45":"purchasable","46":"product-type-variable","47":"has-default-attributes"},"yoast_head":"<!-- This site is optimized with the Yoast SEO plugin v27.3 - https:\/\/yoast.com\/product\/yoast-seo-wordpress\/ -->\n<title>Kaufen Sie Infinite Euphoria Marijuana - Best Best Global Meds<\/title>\n<meta name=\"description\" content=\"Kaufen Sie Infinite Euphoria Marihuana zum Verkauf online. Kaufen Sie Infinite Euphoria Marijuana Hybrid \u2013 50 % Sativa \/ 50 % Indica THC: 23 % \u2013 29 %\" \/>\n<meta name=\"robots\" content=\"index, follow, max-snippet:-1, max-image-preview:large, max-video-preview:-1\" \/>\n<link rel=\"canonical\" href=\"https:\/\/medicinasinc.com\/de\/product\/kaufen-unendlich-euphorie-marihuana\/\" \/>\n<meta property=\"og:locale\" content=\"de_DE\" \/>\n<meta property=\"og:type\" content=\"article\" \/>\n<meta property=\"og:title\" content=\"Kaufen Sie Infinite Euphoria Marijuana - Best Best Global Meds\" \/>\n<meta property=\"og:description\" content=\"Kaufen Sie Infinite Euphoria Marihuana zum Verkauf online. Kaufen Sie Infinite Euphoria Marijuana Hybrid \u2013 50 % Sativa \/ 50 % Indica THC: 23 % \u2013 29 %\" \/>\n<meta property=\"og:url\" content=\"https:\/\/medicinasinc.com\/de\/product\/kaufen-unendlich-euphorie-marihuana\/\" \/>\n<meta property=\"og:site_name\" content=\"Medicinas Inc\" \/>\n<meta property=\"article:modified_time\" content=\"2022-03-18T00:37:15+00:00\" \/>\n<meta property=\"og:image\" content=\"https:\/\/medicinasinc.com\/de\/wp-content\/uploads\/sites\/6\/2022\/02\/Buy-Infinite-Euphoria-Marijuana.jpg\" \/>\n\t<meta property=\"og:image:width\" content=\"225\" \/>\n\t<meta property=\"og:image:height\" content=\"225\" \/>\n\t<meta property=\"og:image:type\" content=\"image\/jpeg\" \/>\n<meta name=\"twitter:card\" content=\"summary_large_image\" \/>\n<meta name=\"twitter:label1\" content=\"Gesch\u00e4tzte Lesezeit\" \/>\n\t<meta name=\"twitter:data1\" content=\"1\u00a0Minute\" \/>\n<script type=\"application\/ld+json\" class=\"yoast-schema-graph\">{\"@context\":\"https:\\\/\\\/schema.org\",\"@graph\":[{\"@type\":\"WebPage\",\"@id\":\"https:\\\/\\\/medicinasinc.com\\\/de\\\/product\\\/kaufen-unendlich-euphorie-marihuana\\\/\",\"url\":\"https:\\\/\\\/medicinasinc.com\\\/de\\\/product\\\/kaufen-unendlich-euphorie-marihuana\\\/\",\"name\":\"Kaufen Sie Infinite Euphoria Marijuana - Best Best Global Meds\",\"isPartOf\":{\"@id\":\"https:\\\/\\\/medicinasinc.com\\\/de\\\/#website\"},\"primaryImageOfPage\":{\"@id\":\"https:\\\/\\\/medicinasinc.com\\\/de\\\/product\\\/kaufen-unendlich-euphorie-marihuana\\\/#primaryimage\"},\"image\":{\"@id\":\"https:\\\/\\\/medicinasinc.com\\\/de\\\/product\\\/kaufen-unendlich-euphorie-marihuana\\\/#primaryimage\"},\"thumbnailUrl\":\"https:\\\/\\\/medicinasinc.com\\\/de\\\/wp-content\\\/uploads\\\/sites\\\/6\\\/2022\\\/02\\\/Buy-Infinite-Euphoria-Marijuana.jpg\",\"datePublished\":\"2022-02-20T18:28:25+00:00\",\"dateModified\":\"2022-03-18T00:37:15+00:00\",\"description\":\"Kaufen Sie Infinite Euphoria Marihuana zum Verkauf online. Kaufen Sie Infinite Euphoria Marijuana Hybrid \u2013 50 % Sativa \\\/ 50 % Indica THC: 23 % \u2013 29 %\",\"breadcrumb\":{\"@id\":\"https:\\\/\\\/medicinasinc.com\\\/de\\\/product\\\/kaufen-unendlich-euphorie-marihuana\\\/#breadcrumb\"},\"inLanguage\":\"de\",\"potentialAction\":[{\"@type\":\"ReadAction\",\"target\":[\"https:\\\/\\\/medicinasinc.com\\\/de\\\/product\\\/kaufen-unendlich-euphorie-marihuana\\\/\"]}]},{\"@type\":\"ImageObject\",\"inLanguage\":\"de\",\"@id\":\"https:\\\/\\\/medicinasinc.com\\\/de\\\/product\\\/kaufen-unendlich-euphorie-marihuana\\\/#primaryimage\",\"url\":\"https:\\\/\\\/medicinasinc.com\\\/de\\\/wp-content\\\/uploads\\\/sites\\\/6\\\/2022\\\/02\\\/Buy-Infinite-Euphoria-Marijuana.jpg\",\"contentUrl\":\"https:\\\/\\\/medicinasinc.com\\\/de\\\/wp-content\\\/uploads\\\/sites\\\/6\\\/2022\\\/02\\\/Buy-Infinite-Euphoria-Marijuana.jpg\",\"width\":225,\"height\":225},{\"@type\":\"BreadcrumbList\",\"@id\":\"https:\\\/\\\/medicinasinc.com\\\/de\\\/product\\\/kaufen-unendlich-euphorie-marihuana\\\/#breadcrumb\",\"itemListElement\":[{\"@type\":\"ListItem\",\"position\":1,\"name\":\"Einkaufen\",\"item\":\"https:\\\/\\\/medicinasinc.com\\\/de\\\/einkaufen\\\/\"},{\"@type\":\"ListItem\",\"position\":2,\"name\":\"Kaufen Sie Infinite Euphoria Marihuana\"}]},{\"@type\":\"WebSite\",\"@id\":\"https:\\\/\\\/medicinasinc.com\\\/de\\\/#website\",\"url\":\"https:\\\/\\\/medicinasinc.com\\\/de\\\/\",\"name\":\"Medicinas Inc\",\"description\":\"Health Medical Clinic\",\"potentialAction\":[{\"@type\":\"SearchAction\",\"target\":{\"@type\":\"EntryPoint\",\"urlTemplate\":\"https:\\\/\\\/medicinasinc.com\\\/de\\\/?s={search_term_string}\"},\"query-input\":{\"@type\":\"PropertyValueSpecification\",\"valueRequired\":true,\"valueName\":\"search_term_string\"}}],\"inLanguage\":\"de\"}]}<\/script>\n<!-- \/ Yoast SEO plugin. -->","yoast_head_json":{"title":"Kaufen Sie Infinite Euphoria Marijuana - Best Best Global Meds","description":"Kaufen Sie Infinite Euphoria Marihuana zum Verkauf online. Kaufen Sie Infinite Euphoria Marijuana Hybrid \u2013 50 % Sativa \/ 50 % Indica THC: 23 % \u2013 29 %","robots":{"index":"index","follow":"follow","max-snippet":"max-snippet:-1","max-image-preview":"max-image-preview:large","max-video-preview":"max-video-preview:-1"},"canonical":"https:\/\/medicinasinc.com\/de\/product\/kaufen-unendlich-euphorie-marihuana\/","og_locale":"de_DE","og_type":"article","og_title":"Kaufen Sie Infinite Euphoria Marijuana - Best Best Global Meds","og_description":"Kaufen Sie Infinite Euphoria Marihuana zum Verkauf online. Kaufen Sie Infinite Euphoria Marijuana Hybrid \u2013 50 % Sativa \/ 50 % Indica THC: 23 % \u2013 29 %","og_url":"https:\/\/medicinasinc.com\/de\/product\/kaufen-unendlich-euphorie-marihuana\/","og_site_name":"Medicinas Inc","article_modified_time":"2022-03-18T00:37:15+00:00","og_image":[{"width":225,"height":225,"url":"https:\/\/medicinasinc.com\/de\/wp-content\/uploads\/sites\/6\/2022\/02\/Buy-Infinite-Euphoria-Marijuana.jpg","type":"image\/jpeg"}],"twitter_card":"summary_large_image","twitter_misc":{"Gesch\u00e4tzte Lesezeit":"1\u00a0Minute"},"schema":{"@context":"https:\/\/schema.org","@graph":[{"@type":"WebPage","@id":"https:\/\/medicinasinc.com\/de\/product\/kaufen-unendlich-euphorie-marihuana\/","url":"https:\/\/medicinasinc.com\/de\/product\/kaufen-unendlich-euphorie-marihuana\/","name":"Kaufen Sie Infinite Euphoria Marijuana - Best Best Global Meds","isPartOf":{"@id":"https:\/\/medicinasinc.com\/de\/#website"},"primaryImageOfPage":{"@id":"https:\/\/medicinasinc.com\/de\/product\/kaufen-unendlich-euphorie-marihuana\/#primaryimage"},"image":{"@id":"https:\/\/medicinasinc.com\/de\/product\/kaufen-unendlich-euphorie-marihuana\/#primaryimage"},"thumbnailUrl":"https:\/\/medicinasinc.com\/de\/wp-content\/uploads\/sites\/6\/2022\/02\/Buy-Infinite-Euphoria-Marijuana.jpg","datePublished":"2022-02-20T18:28:25+00:00","dateModified":"2022-03-18T00:37:15+00:00","description":"Kaufen Sie Infinite Euphoria Marihuana zum Verkauf online. Kaufen Sie Infinite Euphoria Marijuana Hybrid \u2013 50 % Sativa \/ 50 % Indica THC: 23 % \u2013 29 %","breadcrumb":{"@id":"https:\/\/medicinasinc.com\/de\/product\/kaufen-unendlich-euphorie-marihuana\/#breadcrumb"},"inLanguage":"de","potentialAction":[{"@type":"ReadAction","target":["https:\/\/medicinasinc.com\/de\/product\/kaufen-unendlich-euphorie-marihuana\/"]}]},{"@type":"ImageObject","inLanguage":"de","@id":"https:\/\/medicinasinc.com\/de\/product\/kaufen-unendlich-euphorie-marihuana\/#primaryimage","url":"https:\/\/medicinasinc.com\/de\/wp-content\/uploads\/sites\/6\/2022\/02\/Buy-Infinite-Euphoria-Marijuana.jpg","contentUrl":"https:\/\/medicinasinc.com\/de\/wp-content\/uploads\/sites\/6\/2022\/02\/Buy-Infinite-Euphoria-Marijuana.jpg","width":225,"height":225},{"@type":"BreadcrumbList","@id":"https:\/\/medicinasinc.com\/de\/product\/kaufen-unendlich-euphorie-marihuana\/#breadcrumb","itemListElement":[{"@type":"ListItem","position":1,"name":"Einkaufen","item":"https:\/\/medicinasinc.com\/de\/einkaufen\/"},{"@type":"ListItem","position":2,"name":"Kaufen Sie Infinite Euphoria Marihuana"}]},{"@type":"WebSite","@id":"https:\/\/medicinasinc.com\/de\/#website","url":"https:\/\/medicinasinc.com\/de\/","name":"Medicinas Inc","description":"Health Medical Clinic","potentialAction":[{"@type":"SearchAction","target":{"@type":"EntryPoint","urlTemplate":"https:\/\/medicinasinc.com\/de\/?s={search_term_string}"},"query-input":{"@type":"PropertyValueSpecification","valueRequired":true,"valueName":"search_term_string"}}],"inLanguage":"de"}]}},"_links":{"self":[{"href":"https:\/\/medicinasinc.com\/de\/wp-json\/wp\/v2\/product\/4968","targetHints":{"allow":["GET"]}}],"collection":[{"href":"https:\/\/medicinasinc.com\/de\/wp-json\/wp\/v2\/product"}],"about":[{"href":"https:\/\/medicinasinc.com\/de\/wp-json\/wp\/v2\/types\/product"}],"replies":[{"embeddable":true,"href":"https:\/\/medicinasinc.com\/de\/wp-json\/wp\/v2\/comments?post=4968"}],"wp:featuredmedia":[{"embeddable":true,"href":"https:\/\/medicinasinc.com\/de\/wp-json\/wp\/v2\/media\/4981"}],"wp:attachment":[{"href":"https:\/\/medicinasinc.com\/de\/wp-json\/wp\/v2\/media?parent=4968"}],"wp:term":[{"taxonomy":"product_brand","embeddable":true,"href":"https:\/\/medicinasinc.com\/de\/wp-json\/wp\/v2\/product_brand?post=4968"},{"taxonomy":"product_cat","embeddable":true,"href":"https:\/\/medicinasinc.com\/de\/wp-json\/wp\/v2\/product_cat?post=4968"},{"taxonomy":"product_tag","embeddable":true,"href":"https:\/\/medicinasinc.com\/de\/wp-json\/wp\/v2\/product_tag?post=4968"}],"curies":[{"name":"wp","href":"https:\/\/api.w.org\/{rel}","templated":true}]}}