{"id":4955,"date":"2022-02-20T18:16:15","date_gmt":"2022-02-20T18:16:15","guid":{"rendered":"https:\/\/medicinasinc.com\/de\/?post_type=product&#038;p=4955"},"modified":"2022-03-18T00:37:26","modified_gmt":"2022-03-18T00:37:26","slug":"hawaiianisches-marihuana-kaufen","status":"publish","type":"product","link":"https:\/\/medicinasinc.com\/de\/product\/hawaiianisches-marihuana-kaufen\/","title":{"rendered":"Kaufen Sie hawaiianisches Marihuana"},"content":{"rendered":"<p>Online-Kauf von hawaiianischem Indica-Marihuana.<\/p>\n<p>Online-Kauf von hawaiianischem Indica-Marihuana.<\/p>\n<p>Wirkung<br \/> Zerebral, entspannend und erhebend Kann bei der Linderung chronischer Schmerzen helfen , Depression, M\u00fcdigkeit, Migr\u00e4ne und Muskelkr\u00e4mpfe<br \/> Geschmacksrichtungen<br \/> Menthol, Zitrus, s\u00fc\u00df, tropisch<\/p>\n","protected":false},"excerpt":{"rendered":"<p>Kaufen Sie hawaiianisches Indica-Marihuana online im Vereinigten K\u00f6nigreich und in Europa. Hawaiianischer Indica-Cannabis-Hybrid &#8211; 60 % Indica \/ 40 % Sativa.<\/p>\n","protected":false},"featured_media":4969,"comment_status":"open","ping_status":"closed","template":"","meta":[],"product_brand":[],"product_cat":[778],"product_tag":[843,848,849,850,844,845,847,851,846],"class_list":{"0":"post-4955","1":"product","2":"type-product","3":"status-publish","4":"has-post-thumbnail","6":"product_cat-unkraut-zu-verkaufen","7":"product_tag-akzeptiert-hawaii-out-of-state-mmj-karten","8":"product_tag-anspruchsvoraussetzungen-fur-die-medizinische-karte-in-hawaii","9":"product_tag-freizeitapotheke-honolulu","10":"product_tag-freizeitapotheke-maui-hawaii","11":"product_tag-hawaii","12":"product_tag-hawaii-329-kartenregeln","13":"product_tag-maui-apotheke","14":"product_tag-weedmaps-hawaii","15":"product_tag-wie-lange-dauert-es-um-eine-329-card-hawaii-zu-bekommen","17":"first","18":"instock","19":"shipping-taxable","20":"purchasable","21":"product-type-variable","22":"has-default-attributes"},"yoast_head":"<!-- This site is optimized with the Yoast SEO plugin v27.3 - https:\/\/yoast.com\/product\/yoast-seo-wordpress\/ -->\n<title>Kaufen Sie hawaiianisches Marihuana - Best Best Global Meds<\/title>\n<meta name=\"description\" content=\"Kaufen Sie hawaiianisches Indica-Marihuana zum Verkauf in Gro\u00dfbritannien, Europa online. Hawaiianische Indica-Marihuana-Hybride \u2013 60 % Indica \/ 40 % Sativa.\" \/>\n<meta name=\"robots\" content=\"index, follow, max-snippet:-1, max-image-preview:large, max-video-preview:-1\" \/>\n<link rel=\"canonical\" href=\"https:\/\/medicinasinc.com\/de\/product\/hawaiianisches-marihuana-kaufen\/\" \/>\n<meta property=\"og:locale\" content=\"de_DE\" \/>\n<meta property=\"og:type\" content=\"article\" \/>\n<meta property=\"og:title\" content=\"Kaufen Sie hawaiianisches Marihuana - Best Best Global Meds\" \/>\n<meta property=\"og:description\" content=\"Kaufen Sie hawaiianisches Indica-Marihuana zum Verkauf in Gro\u00dfbritannien, Europa online. Hawaiianische Indica-Marihuana-Hybride \u2013 60 % Indica \/ 40 % Sativa.\" \/>\n<meta property=\"og:url\" content=\"https:\/\/medicinasinc.com\/de\/product\/hawaiianisches-marihuana-kaufen\/\" \/>\n<meta property=\"og:site_name\" content=\"Medicinas Inc\" \/>\n<meta property=\"article:modified_time\" content=\"2022-03-18T00:37:26+00:00\" \/>\n<meta property=\"og:image\" content=\"https:\/\/medicinasinc.com\/de\/wp-content\/uploads\/sites\/6\/2022\/02\/Buy-Hawaiian-Marijuana.jpg\" \/>\n\t<meta property=\"og:image:width\" content=\"233\" \/>\n\t<meta property=\"og:image:height\" content=\"217\" \/>\n\t<meta property=\"og:image:type\" content=\"image\/jpeg\" \/>\n<meta name=\"twitter:card\" content=\"summary_large_image\" \/>\n<meta name=\"twitter:label1\" content=\"Gesch\u00e4tzte Lesezeit\" \/>\n\t<meta name=\"twitter:data1\" content=\"1\u00a0Minute\" \/>\n<script type=\"application\/ld+json\" class=\"yoast-schema-graph\">{\"@context\":\"https:\\\/\\\/schema.org\",\"@graph\":[{\"@type\":\"WebPage\",\"@id\":\"https:\\\/\\\/medicinasinc.com\\\/de\\\/product\\\/hawaiianisches-marihuana-kaufen\\\/\",\"url\":\"https:\\\/\\\/medicinasinc.com\\\/de\\\/product\\\/hawaiianisches-marihuana-kaufen\\\/\",\"name\":\"Kaufen Sie hawaiianisches Marihuana - Best Best Global Meds\",\"isPartOf\":{\"@id\":\"https:\\\/\\\/medicinasinc.com\\\/de\\\/#website\"},\"primaryImageOfPage\":{\"@id\":\"https:\\\/\\\/medicinasinc.com\\\/de\\\/product\\\/hawaiianisches-marihuana-kaufen\\\/#primaryimage\"},\"image\":{\"@id\":\"https:\\\/\\\/medicinasinc.com\\\/de\\\/product\\\/hawaiianisches-marihuana-kaufen\\\/#primaryimage\"},\"thumbnailUrl\":\"https:\\\/\\\/medicinasinc.com\\\/de\\\/wp-content\\\/uploads\\\/sites\\\/6\\\/2022\\\/02\\\/Buy-Hawaiian-Marijuana.jpg\",\"datePublished\":\"2022-02-20T18:16:15+00:00\",\"dateModified\":\"2022-03-18T00:37:26+00:00\",\"description\":\"Kaufen Sie hawaiianisches Indica-Marihuana zum Verkauf in Gro\u00dfbritannien, Europa online. Hawaiianische Indica-Marihuana-Hybride \u2013 60 % Indica \\\/ 40 % Sativa.\",\"breadcrumb\":{\"@id\":\"https:\\\/\\\/medicinasinc.com\\\/de\\\/product\\\/hawaiianisches-marihuana-kaufen\\\/#breadcrumb\"},\"inLanguage\":\"de\",\"potentialAction\":[{\"@type\":\"ReadAction\",\"target\":[\"https:\\\/\\\/medicinasinc.com\\\/de\\\/product\\\/hawaiianisches-marihuana-kaufen\\\/\"]}]},{\"@type\":\"ImageObject\",\"inLanguage\":\"de\",\"@id\":\"https:\\\/\\\/medicinasinc.com\\\/de\\\/product\\\/hawaiianisches-marihuana-kaufen\\\/#primaryimage\",\"url\":\"https:\\\/\\\/medicinasinc.com\\\/de\\\/wp-content\\\/uploads\\\/sites\\\/6\\\/2022\\\/02\\\/Buy-Hawaiian-Marijuana.jpg\",\"contentUrl\":\"https:\\\/\\\/medicinasinc.com\\\/de\\\/wp-content\\\/uploads\\\/sites\\\/6\\\/2022\\\/02\\\/Buy-Hawaiian-Marijuana.jpg\",\"width\":233,\"height\":217},{\"@type\":\"BreadcrumbList\",\"@id\":\"https:\\\/\\\/medicinasinc.com\\\/de\\\/product\\\/hawaiianisches-marihuana-kaufen\\\/#breadcrumb\",\"itemListElement\":[{\"@type\":\"ListItem\",\"position\":1,\"name\":\"Einkaufen\",\"item\":\"https:\\\/\\\/medicinasinc.com\\\/de\\\/einkaufen\\\/\"},{\"@type\":\"ListItem\",\"position\":2,\"name\":\"Kaufen Sie hawaiianisches Marihuana\"}]},{\"@type\":\"WebSite\",\"@id\":\"https:\\\/\\\/medicinasinc.com\\\/de\\\/#website\",\"url\":\"https:\\\/\\\/medicinasinc.com\\\/de\\\/\",\"name\":\"Medicinas Inc\",\"description\":\"Health Medical Clinic\",\"potentialAction\":[{\"@type\":\"SearchAction\",\"target\":{\"@type\":\"EntryPoint\",\"urlTemplate\":\"https:\\\/\\\/medicinasinc.com\\\/de\\\/?s={search_term_string}\"},\"query-input\":{\"@type\":\"PropertyValueSpecification\",\"valueRequired\":true,\"valueName\":\"search_term_string\"}}],\"inLanguage\":\"de\"}]}<\/script>\n<!-- \/ Yoast SEO plugin. -->","yoast_head_json":{"title":"Kaufen Sie hawaiianisches Marihuana - Best Best Global Meds","description":"Kaufen Sie hawaiianisches Indica-Marihuana zum Verkauf in Gro\u00dfbritannien, Europa online. Hawaiianische Indica-Marihuana-Hybride \u2013 60 % Indica \/ 40 % Sativa.","robots":{"index":"index","follow":"follow","max-snippet":"max-snippet:-1","max-image-preview":"max-image-preview:large","max-video-preview":"max-video-preview:-1"},"canonical":"https:\/\/medicinasinc.com\/de\/product\/hawaiianisches-marihuana-kaufen\/","og_locale":"de_DE","og_type":"article","og_title":"Kaufen Sie hawaiianisches Marihuana - Best Best Global Meds","og_description":"Kaufen Sie hawaiianisches Indica-Marihuana zum Verkauf in Gro\u00dfbritannien, Europa online. Hawaiianische Indica-Marihuana-Hybride \u2013 60 % Indica \/ 40 % Sativa.","og_url":"https:\/\/medicinasinc.com\/de\/product\/hawaiianisches-marihuana-kaufen\/","og_site_name":"Medicinas Inc","article_modified_time":"2022-03-18T00:37:26+00:00","og_image":[{"width":233,"height":217,"url":"https:\/\/medicinasinc.com\/de\/wp-content\/uploads\/sites\/6\/2022\/02\/Buy-Hawaiian-Marijuana.jpg","type":"image\/jpeg"}],"twitter_card":"summary_large_image","twitter_misc":{"Gesch\u00e4tzte Lesezeit":"1\u00a0Minute"},"schema":{"@context":"https:\/\/schema.org","@graph":[{"@type":"WebPage","@id":"https:\/\/medicinasinc.com\/de\/product\/hawaiianisches-marihuana-kaufen\/","url":"https:\/\/medicinasinc.com\/de\/product\/hawaiianisches-marihuana-kaufen\/","name":"Kaufen Sie hawaiianisches Marihuana - Best Best Global Meds","isPartOf":{"@id":"https:\/\/medicinasinc.com\/de\/#website"},"primaryImageOfPage":{"@id":"https:\/\/medicinasinc.com\/de\/product\/hawaiianisches-marihuana-kaufen\/#primaryimage"},"image":{"@id":"https:\/\/medicinasinc.com\/de\/product\/hawaiianisches-marihuana-kaufen\/#primaryimage"},"thumbnailUrl":"https:\/\/medicinasinc.com\/de\/wp-content\/uploads\/sites\/6\/2022\/02\/Buy-Hawaiian-Marijuana.jpg","datePublished":"2022-02-20T18:16:15+00:00","dateModified":"2022-03-18T00:37:26+00:00","description":"Kaufen Sie hawaiianisches Indica-Marihuana zum Verkauf in Gro\u00dfbritannien, Europa online. Hawaiianische Indica-Marihuana-Hybride \u2013 60 % Indica \/ 40 % Sativa.","breadcrumb":{"@id":"https:\/\/medicinasinc.com\/de\/product\/hawaiianisches-marihuana-kaufen\/#breadcrumb"},"inLanguage":"de","potentialAction":[{"@type":"ReadAction","target":["https:\/\/medicinasinc.com\/de\/product\/hawaiianisches-marihuana-kaufen\/"]}]},{"@type":"ImageObject","inLanguage":"de","@id":"https:\/\/medicinasinc.com\/de\/product\/hawaiianisches-marihuana-kaufen\/#primaryimage","url":"https:\/\/medicinasinc.com\/de\/wp-content\/uploads\/sites\/6\/2022\/02\/Buy-Hawaiian-Marijuana.jpg","contentUrl":"https:\/\/medicinasinc.com\/de\/wp-content\/uploads\/sites\/6\/2022\/02\/Buy-Hawaiian-Marijuana.jpg","width":233,"height":217},{"@type":"BreadcrumbList","@id":"https:\/\/medicinasinc.com\/de\/product\/hawaiianisches-marihuana-kaufen\/#breadcrumb","itemListElement":[{"@type":"ListItem","position":1,"name":"Einkaufen","item":"https:\/\/medicinasinc.com\/de\/einkaufen\/"},{"@type":"ListItem","position":2,"name":"Kaufen Sie hawaiianisches Marihuana"}]},{"@type":"WebSite","@id":"https:\/\/medicinasinc.com\/de\/#website","url":"https:\/\/medicinasinc.com\/de\/","name":"Medicinas Inc","description":"Health Medical Clinic","potentialAction":[{"@type":"SearchAction","target":{"@type":"EntryPoint","urlTemplate":"https:\/\/medicinasinc.com\/de\/?s={search_term_string}"},"query-input":{"@type":"PropertyValueSpecification","valueRequired":true,"valueName":"search_term_string"}}],"inLanguage":"de"}]}},"_links":{"self":[{"href":"https:\/\/medicinasinc.com\/de\/wp-json\/wp\/v2\/product\/4955","targetHints":{"allow":["GET"]}}],"collection":[{"href":"https:\/\/medicinasinc.com\/de\/wp-json\/wp\/v2\/product"}],"about":[{"href":"https:\/\/medicinasinc.com\/de\/wp-json\/wp\/v2\/types\/product"}],"replies":[{"embeddable":true,"href":"https:\/\/medicinasinc.com\/de\/wp-json\/wp\/v2\/comments?post=4955"}],"wp:featuredmedia":[{"embeddable":true,"href":"https:\/\/medicinasinc.com\/de\/wp-json\/wp\/v2\/media\/4969"}],"wp:attachment":[{"href":"https:\/\/medicinasinc.com\/de\/wp-json\/wp\/v2\/media?parent=4955"}],"wp:term":[{"taxonomy":"product_brand","embeddable":true,"href":"https:\/\/medicinasinc.com\/de\/wp-json\/wp\/v2\/product_brand?post=4955"},{"taxonomy":"product_cat","embeddable":true,"href":"https:\/\/medicinasinc.com\/de\/wp-json\/wp\/v2\/product_cat?post=4955"},{"taxonomy":"product_tag","embeddable":true,"href":"https:\/\/medicinasinc.com\/de\/wp-json\/wp\/v2\/product_tag?post=4955"}],"curies":[{"name":"wp","href":"https:\/\/api.w.org\/{rel}","templated":true}]}}