{"id":4946,"date":"2022-02-20T18:08:57","date_gmt":"2022-02-20T18:08:57","guid":{"rendered":"https:\/\/medicinasinc.com\/de\/?post_type=product&#038;p=4946"},"modified":"2022-03-18T00:37:47","modified_gmt":"2022-03-18T00:37:47","slug":"kaufen-gorilla-keks-marihuana","status":"publish","type":"product","link":"https:\/\/medicinasinc.com\/de\/product\/kaufen-gorilla-keks-marihuana\/","title":{"rendered":"Gorilla Biscuit Marihuana kaufen"},"content":{"rendered":"<h1><\/h1>\n<p>Online-Kauf der Marihuana-Sorte Gorilla Biscuit.<\/p>\n<p>Online-Kauf der Marihuana-Sorte Gorilla Biscuit.<\/p>\n<p>Marihuana aus Gorilla Biscuits ist Indica. Dominanter Hybrid &#8211; 60 % Indica \/ 40 % Sativa THC-Gehalt von Sativa: 15 %\u201320 %<\/p>\n<p>Erregt, Euphorie, Hunger, Entspannung und Schl\u00e4frigkeit<br \/> Kann bei der Behandlung von Anorexie und Kr\u00e4mpfen helfen , Depression, Schlaflosigkeit und Stressaromen<br \/> Aromen von Kaffee, Zitrone und Kiefer<br \/> Erdig, scharf und w\u00fcrzig<\/p>\n<p>Gorilla Biscuit von Seeds of Compassion ist ein in Indien vorherrschender Schnitt aus der Kreuzung der Terpentin- und Stardawg IX-Ph\u00e4notypen von Sensi Star. Diese ungew\u00f6hnliche und ziemlich altmodische Mischung ist nach Methaqualon benannt, das oft als Quaaludes bekannt ist, einer Droge mit einer beruhigenden und exotischen Wirkung auf den K\u00f6rper. Seine Besitzt\u00fcmer setzen sich auf \u00e4hnlich beruhigende Weise fort und lassen die Anh\u00e4ngsel schwer und locker. Gorilla Biscuit hat ein starkes Terpenprofil mit einem starken Piniensol- und Kaffeebohnenaroma.<\/p>\n<p>Gorilla Biscuits-Sorte: Gorilla OGs High entwickelt sich allm\u00e4hlich und baut sich zu einem Zustand der Verz\u00fcckung auf, der andauert einen l\u00e4ngeren Zeitraum. Sobald ihre Sachen Ihre Gedanken und Ihren K\u00f6rper vollst\u00e4ndig in Besitz genommen haben, sind Ihre Gedanken m\u00f6glicherweise nicht mehr so \u200b\u200b\u200b\u200bklar wie vor ein paar Stunden. Der sichtbarste Aspekt Ihrer Erfahrung wird der feste Eindruck des Zweisitzerschlosses sein, der es schwierig macht, hinterh\u00e4ltige Fressattacken zu befriedigen. Unser Vorschlag ist, mit einem Feger, einem Pad und einer gro\u00dfen Menge an Nahrung, die sich im Zielfernrohr des Arms befinden, \u00fcber die Zeit hinaus vorzudringen. Diese ungew\u00f6hnliche und ziemlich altmodische Mischung ist nach Methaqualon benannt, das oft als Quaaludes bekannt ist, einer Droge mit einer beruhigenden und exotischen Wirkung auf den K\u00f6rper. Seine Besitzt\u00fcmer setzen sich auf \u00e4hnlich beruhigende Weise fort und lassen die Anh\u00e4ngsel schwer und locker. Gorilla Biscuit hat ein robustes Terpenprofil mit einem starken Pinien-Sol- und Kaffee-Bourbon-Aroma.<\/p>\n","protected":false},"excerpt":{"rendered":"<p>Kaufen Sie die Marihuana-Sorte Gorilla Biscuit online. Mit \u00fcber 15 Jahren Erfahrung im medizinischen Marihuana-Sektor sind wir Kanadas f\u00fchrender Versandh\u00e4ndler f\u00fcr Cannabis.<\/p>\n","protected":false},"featured_media":4960,"comment_status":"open","ping_status":"closed","template":"","meta":[],"product_brand":[],"product_cat":[778],"product_tag":[828,831,830,832,829,827,833,834],"class_list":{"0":"post-4946","1":"product","2":"type-product","3":"status-publish","4":"has-post-thumbnail","6":"product_cat-unkraut-zu-verkaufen","7":"product_tag-bizkitz-strain","8":"product_tag-gorilla-kekse-droge","9":"product_tag-ecto-cooler-strain","10":"product_tag-gorilla-biscuits-merch","11":"product_tag-california-orange-stamm","12":"product_tag-keks-stamm","13":"product_tag-grape-cooler-stamm","14":"product_tag-zuckerkekse-sorte","16":"first","17":"instock","18":"shipping-taxable","19":"purchasable","20":"product-type-variable","21":"has-default-attributes"},"yoast_head":"<!-- This site is optimized with the Yoast SEO plugin v27.3 - https:\/\/yoast.com\/product\/yoast-seo-wordpress\/ -->\n<title>Kaufen Sie Gorilla Biscuit Marihuana - Best Best Global Meds<\/title>\n<meta name=\"description\" content=\"Kaufen Sie die Marihuana-Sorte Gorilla Biscuit zum Verkauf online. Der f\u00fchrende Anbieter von Cannabis-Versandbestellungen in Kanada mit mehr als 15 Jahren Erfahrung in der medizinischen Marihuana-Industrie.\" \/>\n<meta name=\"robots\" content=\"index, follow, max-snippet:-1, max-image-preview:large, max-video-preview:-1\" \/>\n<link rel=\"canonical\" href=\"https:\/\/medicinasinc.com\/de\/product\/kaufen-gorilla-keks-marihuana\/\" \/>\n<meta property=\"og:locale\" content=\"de_DE\" \/>\n<meta property=\"og:type\" content=\"article\" \/>\n<meta property=\"og:title\" content=\"Kaufen Sie Gorilla Biscuit Marihuana - Best Best Global Meds\" \/>\n<meta property=\"og:description\" content=\"Kaufen Sie die Marihuana-Sorte Gorilla Biscuit zum Verkauf online. Der f\u00fchrende Anbieter von Cannabis-Versandbestellungen in Kanada mit mehr als 15 Jahren Erfahrung in der medizinischen Marihuana-Industrie.\" \/>\n<meta property=\"og:url\" content=\"https:\/\/medicinasinc.com\/de\/product\/kaufen-gorilla-keks-marihuana\/\" \/>\n<meta property=\"og:site_name\" content=\"Medicinas Inc\" \/>\n<meta property=\"article:modified_time\" content=\"2022-03-18T00:37:47+00:00\" \/>\n<meta property=\"og:image\" content=\"https:\/\/medicinasinc.com\/de\/wp-content\/uploads\/sites\/6\/2022\/02\/Buy-Gorilla-Biscuit-Marijuana.jpg\" \/>\n\t<meta property=\"og:image:width\" content=\"420\" \/>\n\t<meta property=\"og:image:height\" content=\"630\" \/>\n\t<meta property=\"og:image:type\" content=\"image\/jpeg\" \/>\n<meta name=\"twitter:card\" content=\"summary_large_image\" \/>\n<meta name=\"twitter:label1\" content=\"Gesch\u00e4tzte Lesezeit\" \/>\n\t<meta name=\"twitter:data1\" content=\"2\u00a0Minuten\" \/>\n<script type=\"application\/ld+json\" class=\"yoast-schema-graph\">{\"@context\":\"https:\\\/\\\/schema.org\",\"@graph\":[{\"@type\":\"WebPage\",\"@id\":\"https:\\\/\\\/medicinasinc.com\\\/de\\\/product\\\/kaufen-gorilla-keks-marihuana\\\/\",\"url\":\"https:\\\/\\\/medicinasinc.com\\\/de\\\/product\\\/kaufen-gorilla-keks-marihuana\\\/\",\"name\":\"Kaufen Sie Gorilla Biscuit Marihuana - Best Best Global Meds\",\"isPartOf\":{\"@id\":\"https:\\\/\\\/medicinasinc.com\\\/de\\\/#website\"},\"primaryImageOfPage\":{\"@id\":\"https:\\\/\\\/medicinasinc.com\\\/de\\\/product\\\/kaufen-gorilla-keks-marihuana\\\/#primaryimage\"},\"image\":{\"@id\":\"https:\\\/\\\/medicinasinc.com\\\/de\\\/product\\\/kaufen-gorilla-keks-marihuana\\\/#primaryimage\"},\"thumbnailUrl\":\"https:\\\/\\\/medicinasinc.com\\\/de\\\/wp-content\\\/uploads\\\/sites\\\/6\\\/2022\\\/02\\\/Buy-Gorilla-Biscuit-Marijuana.jpg\",\"datePublished\":\"2022-02-20T18:08:57+00:00\",\"dateModified\":\"2022-03-18T00:37:47+00:00\",\"description\":\"Kaufen Sie die Marihuana-Sorte Gorilla Biscuit zum Verkauf online. Der f\u00fchrende Anbieter von Cannabis-Versandbestellungen in Kanada mit mehr als 15 Jahren Erfahrung in der medizinischen Marihuana-Industrie.\",\"breadcrumb\":{\"@id\":\"https:\\\/\\\/medicinasinc.com\\\/de\\\/product\\\/kaufen-gorilla-keks-marihuana\\\/#breadcrumb\"},\"inLanguage\":\"de\",\"potentialAction\":[{\"@type\":\"ReadAction\",\"target\":[\"https:\\\/\\\/medicinasinc.com\\\/de\\\/product\\\/kaufen-gorilla-keks-marihuana\\\/\"]}]},{\"@type\":\"ImageObject\",\"inLanguage\":\"de\",\"@id\":\"https:\\\/\\\/medicinasinc.com\\\/de\\\/product\\\/kaufen-gorilla-keks-marihuana\\\/#primaryimage\",\"url\":\"https:\\\/\\\/medicinasinc.com\\\/de\\\/wp-content\\\/uploads\\\/sites\\\/6\\\/2022\\\/02\\\/Buy-Gorilla-Biscuit-Marijuana.jpg\",\"contentUrl\":\"https:\\\/\\\/medicinasinc.com\\\/de\\\/wp-content\\\/uploads\\\/sites\\\/6\\\/2022\\\/02\\\/Buy-Gorilla-Biscuit-Marijuana.jpg\",\"width\":420,\"height\":630},{\"@type\":\"BreadcrumbList\",\"@id\":\"https:\\\/\\\/medicinasinc.com\\\/de\\\/product\\\/kaufen-gorilla-keks-marihuana\\\/#breadcrumb\",\"itemListElement\":[{\"@type\":\"ListItem\",\"position\":1,\"name\":\"Einkaufen\",\"item\":\"https:\\\/\\\/medicinasinc.com\\\/de\\\/einkaufen\\\/\"},{\"@type\":\"ListItem\",\"position\":2,\"name\":\"Gorilla Biscuit Marihuana kaufen\"}]},{\"@type\":\"WebSite\",\"@id\":\"https:\\\/\\\/medicinasinc.com\\\/de\\\/#website\",\"url\":\"https:\\\/\\\/medicinasinc.com\\\/de\\\/\",\"name\":\"Medicinas Inc\",\"description\":\"Health Medical Clinic\",\"potentialAction\":[{\"@type\":\"SearchAction\",\"target\":{\"@type\":\"EntryPoint\",\"urlTemplate\":\"https:\\\/\\\/medicinasinc.com\\\/de\\\/?s={search_term_string}\"},\"query-input\":{\"@type\":\"PropertyValueSpecification\",\"valueRequired\":true,\"valueName\":\"search_term_string\"}}],\"inLanguage\":\"de\"}]}<\/script>\n<!-- \/ Yoast SEO plugin. -->","yoast_head_json":{"title":"Kaufen Sie Gorilla Biscuit Marihuana - Best Best Global Meds","description":"Kaufen Sie die Marihuana-Sorte Gorilla Biscuit zum Verkauf online. Der f\u00fchrende Anbieter von Cannabis-Versandbestellungen in Kanada mit mehr als 15 Jahren Erfahrung in der medizinischen Marihuana-Industrie.","robots":{"index":"index","follow":"follow","max-snippet":"max-snippet:-1","max-image-preview":"max-image-preview:large","max-video-preview":"max-video-preview:-1"},"canonical":"https:\/\/medicinasinc.com\/de\/product\/kaufen-gorilla-keks-marihuana\/","og_locale":"de_DE","og_type":"article","og_title":"Kaufen Sie Gorilla Biscuit Marihuana - Best Best Global Meds","og_description":"Kaufen Sie die Marihuana-Sorte Gorilla Biscuit zum Verkauf online. Der f\u00fchrende Anbieter von Cannabis-Versandbestellungen in Kanada mit mehr als 15 Jahren Erfahrung in der medizinischen Marihuana-Industrie.","og_url":"https:\/\/medicinasinc.com\/de\/product\/kaufen-gorilla-keks-marihuana\/","og_site_name":"Medicinas Inc","article_modified_time":"2022-03-18T00:37:47+00:00","og_image":[{"width":420,"height":630,"url":"https:\/\/medicinasinc.com\/de\/wp-content\/uploads\/sites\/6\/2022\/02\/Buy-Gorilla-Biscuit-Marijuana.jpg","type":"image\/jpeg"}],"twitter_card":"summary_large_image","twitter_misc":{"Gesch\u00e4tzte Lesezeit":"2\u00a0Minuten"},"schema":{"@context":"https:\/\/schema.org","@graph":[{"@type":"WebPage","@id":"https:\/\/medicinasinc.com\/de\/product\/kaufen-gorilla-keks-marihuana\/","url":"https:\/\/medicinasinc.com\/de\/product\/kaufen-gorilla-keks-marihuana\/","name":"Kaufen Sie Gorilla Biscuit Marihuana - Best Best Global Meds","isPartOf":{"@id":"https:\/\/medicinasinc.com\/de\/#website"},"primaryImageOfPage":{"@id":"https:\/\/medicinasinc.com\/de\/product\/kaufen-gorilla-keks-marihuana\/#primaryimage"},"image":{"@id":"https:\/\/medicinasinc.com\/de\/product\/kaufen-gorilla-keks-marihuana\/#primaryimage"},"thumbnailUrl":"https:\/\/medicinasinc.com\/de\/wp-content\/uploads\/sites\/6\/2022\/02\/Buy-Gorilla-Biscuit-Marijuana.jpg","datePublished":"2022-02-20T18:08:57+00:00","dateModified":"2022-03-18T00:37:47+00:00","description":"Kaufen Sie die Marihuana-Sorte Gorilla Biscuit zum Verkauf online. Der f\u00fchrende Anbieter von Cannabis-Versandbestellungen in Kanada mit mehr als 15 Jahren Erfahrung in der medizinischen Marihuana-Industrie.","breadcrumb":{"@id":"https:\/\/medicinasinc.com\/de\/product\/kaufen-gorilla-keks-marihuana\/#breadcrumb"},"inLanguage":"de","potentialAction":[{"@type":"ReadAction","target":["https:\/\/medicinasinc.com\/de\/product\/kaufen-gorilla-keks-marihuana\/"]}]},{"@type":"ImageObject","inLanguage":"de","@id":"https:\/\/medicinasinc.com\/de\/product\/kaufen-gorilla-keks-marihuana\/#primaryimage","url":"https:\/\/medicinasinc.com\/de\/wp-content\/uploads\/sites\/6\/2022\/02\/Buy-Gorilla-Biscuit-Marijuana.jpg","contentUrl":"https:\/\/medicinasinc.com\/de\/wp-content\/uploads\/sites\/6\/2022\/02\/Buy-Gorilla-Biscuit-Marijuana.jpg","width":420,"height":630},{"@type":"BreadcrumbList","@id":"https:\/\/medicinasinc.com\/de\/product\/kaufen-gorilla-keks-marihuana\/#breadcrumb","itemListElement":[{"@type":"ListItem","position":1,"name":"Einkaufen","item":"https:\/\/medicinasinc.com\/de\/einkaufen\/"},{"@type":"ListItem","position":2,"name":"Gorilla Biscuit Marihuana kaufen"}]},{"@type":"WebSite","@id":"https:\/\/medicinasinc.com\/de\/#website","url":"https:\/\/medicinasinc.com\/de\/","name":"Medicinas Inc","description":"Health Medical Clinic","potentialAction":[{"@type":"SearchAction","target":{"@type":"EntryPoint","urlTemplate":"https:\/\/medicinasinc.com\/de\/?s={search_term_string}"},"query-input":{"@type":"PropertyValueSpecification","valueRequired":true,"valueName":"search_term_string"}}],"inLanguage":"de"}]}},"_links":{"self":[{"href":"https:\/\/medicinasinc.com\/de\/wp-json\/wp\/v2\/product\/4946","targetHints":{"allow":["GET"]}}],"collection":[{"href":"https:\/\/medicinasinc.com\/de\/wp-json\/wp\/v2\/product"}],"about":[{"href":"https:\/\/medicinasinc.com\/de\/wp-json\/wp\/v2\/types\/product"}],"replies":[{"embeddable":true,"href":"https:\/\/medicinasinc.com\/de\/wp-json\/wp\/v2\/comments?post=4946"}],"wp:featuredmedia":[{"embeddable":true,"href":"https:\/\/medicinasinc.com\/de\/wp-json\/wp\/v2\/media\/4960"}],"wp:attachment":[{"href":"https:\/\/medicinasinc.com\/de\/wp-json\/wp\/v2\/media?parent=4946"}],"wp:term":[{"taxonomy":"product_brand","embeddable":true,"href":"https:\/\/medicinasinc.com\/de\/wp-json\/wp\/v2\/product_brand?post=4946"},{"taxonomy":"product_cat","embeddable":true,"href":"https:\/\/medicinasinc.com\/de\/wp-json\/wp\/v2\/product_cat?post=4946"},{"taxonomy":"product_tag","embeddable":true,"href":"https:\/\/medicinasinc.com\/de\/wp-json\/wp\/v2\/product_tag?post=4946"}],"curies":[{"name":"wp","href":"https:\/\/api.w.org\/{rel}","templated":true}]}}