{"id":4940,"date":"2022-02-20T18:04:10","date_gmt":"2022-02-20T18:04:10","guid":{"rendered":"https:\/\/medicinasinc.com\/de\/?post_type=product&#038;p=4940"},"modified":"2022-03-18T00:38:00","modified_gmt":"2022-03-18T00:38:00","slug":"kaufen-durban-poison-marihuana","status":"publish","type":"product","link":"https:\/\/medicinasinc.com\/de\/product\/kaufen-durban-poison-marihuana\/","title":{"rendered":"Kaufen Sie Durban Poison Marihuana"},"content":{"rendered":"<p>Online-Kauf der Marihuana-Sorte Durban Poison<\/p>\n<p>Diese hochwirksame Sorte wird dem Gehirn einen schweren Schlag versetzen. Durban Poison ist eine reine Sativa-Sorte, die ein beliebter Inzuchtnachkomme einer s\u00fcdafrikanischen Sativa-Sorte ist. In den 1970er Jahren identifizierte Ed Rosenthal, ein amerikanischer Cannabisaktivist, die urspr\u00fcngliche Sorte und f\u00fchrte sie in den Vereinigten Staaten ein. Es ist seit langem ein Favorit unter Kiffern und Patienten mit medizinischem Marihuana in dieser Stadt. Durban Poison hat einen THC-Gehalt von bis zu 24%, was sie zu einer der potentesten erh\u00e4ltlichen Sorten macht. Diese Sorte liefert ein kraftvolles, angenehmes Kopf-High, das ideal f\u00fcr kreative Unternehmungen und Tagesaktivit\u00e4ten ist. Neben Mundtrockenheit ist Paranoia eine m\u00f6gliche Nebenwirkung. Durban Poison ist eine wirksame Behandlung f\u00fcr Depressionen und Angstzust\u00e4nde sowie chronische Schmerzen und \u00dcbelkeit. Diese Sorte eignet sich aufgrund der F\u00fclle an gro\u00dfen Trichomen auf der Knospe gut f\u00fcr die Herstellung von Konzentraten. Der vorherrschende Geruch und Geschmack von Durban Poison ist erdig und s\u00fc\u00df mit einem schwachen Pinienaroma. Die Knospen sind rund und dick und mit reichlich Trichomen bedeckt. Diese Sorte ist ideal f\u00fcr Perioden k\u00f6rperlicher Aktivit\u00e4t, Hausarbeit und andere Aktivit\u00e4ten bei Tageslicht.<\/p>\n","protected":false},"excerpt":{"rendered":"<div class=\"woocommerce-product-details__short-description\">\n<p>Durban Poison hat einen THC-Gehalt von bis zu 24 %, was es zu einem der weltweit beliebtesten Produkte macht. dass diese L\u00e4den einige dieser einzigartigen Sorten verkaufen.<\/p>\n<p>Die Sorte Durban Poison hat aufgrund ihres angenehmen Aromas und ihrer energetisierenden, erhebenden Wirkung weltweite Anziehungskraft erlangt. Bitte statten Sie uns einen Besuch ab.<\/p>\n<p>Durban Poison Marijuana Strain kann online gekauft werden. Durban Poison ist eine afrikanische Sativa-Landrassen-Cannabissorte. Hervorragend geeignet f\u00fcr Patienten, die eine robuste zerebrale Belastung suchen, die im Kampf gegen Stress und M\u00fcdigkeit hilft.<\/p>\n<\/p><\/div>\n","protected":false},"featured_media":4954,"comment_status":"open","ping_status":"closed","template":"","meta":[],"product_brand":[],"product_cat":[778],"product_tag":[819,823,820,824,825,822,821,826],"class_list":{"0":"post-4940","1":"product","2":"type-product","3":"status-publish","4":"has-post-thumbnail","6":"product_cat-unkraut-zu-verkaufen","7":"product_tag-best-durban-poison-seeds","8":"product_tag-durban-poison-geschichte","9":"product_tag-durban-poison-autoflower","10":"product_tag-durban-poison-seeds-south-africa","11":"product_tag-durban-poison-veg-time","12":"product_tag-durban-poison-wachstum","13":"product_tag-durban-giftkreuze","14":"product_tag-ist-durban-dasselbe-wie-durban-gift","16":"first","17":"instock","18":"shipping-taxable","19":"purchasable","20":"product-type-variable","21":"has-default-attributes"},"yoast_head":"<!-- This site is optimized with the Yoast SEO plugin v27.3 - https:\/\/yoast.com\/product\/yoast-seo-wordpress\/ -->\n<title>Kaufen Sie Durban Poison Marihuana - Best Best Global Meds<\/title>\n<meta name=\"description\" content=\"Kaufen Sie die Durban Poison-Sorte online zum Verkauf, die aufgrund ihres s\u00fc\u00dfen Geruchs und ihrer energetischen, erhebenden Wirkung weltweit an Popularit\u00e4t gewonnen hat. Bitte besuchen Sie uns.\" \/>\n<meta name=\"robots\" content=\"index, follow, max-snippet:-1, max-image-preview:large, max-video-preview:-1\" \/>\n<link rel=\"canonical\" href=\"https:\/\/medicinasinc.com\/de\/product\/kaufen-durban-poison-marihuana\/\" \/>\n<meta property=\"og:locale\" content=\"de_DE\" \/>\n<meta property=\"og:type\" content=\"article\" \/>\n<meta property=\"og:title\" content=\"Kaufen Sie Durban Poison Marihuana - Best Best Global Meds\" \/>\n<meta property=\"og:description\" content=\"Kaufen Sie die Durban Poison-Sorte online zum Verkauf, die aufgrund ihres s\u00fc\u00dfen Geruchs und ihrer energetischen, erhebenden Wirkung weltweit an Popularit\u00e4t gewonnen hat. Bitte besuchen Sie uns.\" \/>\n<meta property=\"og:url\" content=\"https:\/\/medicinasinc.com\/de\/product\/kaufen-durban-poison-marihuana\/\" \/>\n<meta property=\"og:site_name\" content=\"Medicinas Inc\" \/>\n<meta property=\"article:modified_time\" content=\"2022-03-18T00:38:00+00:00\" \/>\n<meta property=\"og:image\" content=\"https:\/\/medicinasinc.com\/de\/wp-content\/uploads\/sites\/6\/2022\/02\/Buy-Durban-Poison-Marijuana.jpg\" \/>\n\t<meta property=\"og:image:width\" content=\"225\" \/>\n\t<meta property=\"og:image:height\" content=\"225\" \/>\n\t<meta property=\"og:image:type\" content=\"image\/jpeg\" \/>\n<meta name=\"twitter:card\" content=\"summary_large_image\" \/>\n<meta name=\"twitter:label1\" content=\"Gesch\u00e4tzte Lesezeit\" \/>\n\t<meta name=\"twitter:data1\" content=\"1\u00a0Minute\" \/>\n<script type=\"application\/ld+json\" class=\"yoast-schema-graph\">{\"@context\":\"https:\\\/\\\/schema.org\",\"@graph\":[{\"@type\":\"WebPage\",\"@id\":\"https:\\\/\\\/medicinasinc.com\\\/de\\\/product\\\/kaufen-durban-poison-marihuana\\\/\",\"url\":\"https:\\\/\\\/medicinasinc.com\\\/de\\\/product\\\/kaufen-durban-poison-marihuana\\\/\",\"name\":\"Kaufen Sie Durban Poison Marihuana - Best Best Global Meds\",\"isPartOf\":{\"@id\":\"https:\\\/\\\/medicinasinc.com\\\/de\\\/#website\"},\"primaryImageOfPage\":{\"@id\":\"https:\\\/\\\/medicinasinc.com\\\/de\\\/product\\\/kaufen-durban-poison-marihuana\\\/#primaryimage\"},\"image\":{\"@id\":\"https:\\\/\\\/medicinasinc.com\\\/de\\\/product\\\/kaufen-durban-poison-marihuana\\\/#primaryimage\"},\"thumbnailUrl\":\"https:\\\/\\\/medicinasinc.com\\\/de\\\/wp-content\\\/uploads\\\/sites\\\/6\\\/2022\\\/02\\\/Buy-Durban-Poison-Marijuana.jpg\",\"datePublished\":\"2022-02-20T18:04:10+00:00\",\"dateModified\":\"2022-03-18T00:38:00+00:00\",\"description\":\"Kaufen Sie die Durban Poison-Sorte online zum Verkauf, die aufgrund ihres s\u00fc\u00dfen Geruchs und ihrer energetischen, erhebenden Wirkung weltweit an Popularit\u00e4t gewonnen hat. Bitte besuchen Sie uns.\",\"breadcrumb\":{\"@id\":\"https:\\\/\\\/medicinasinc.com\\\/de\\\/product\\\/kaufen-durban-poison-marihuana\\\/#breadcrumb\"},\"inLanguage\":\"de\",\"potentialAction\":[{\"@type\":\"ReadAction\",\"target\":[\"https:\\\/\\\/medicinasinc.com\\\/de\\\/product\\\/kaufen-durban-poison-marihuana\\\/\"]}]},{\"@type\":\"ImageObject\",\"inLanguage\":\"de\",\"@id\":\"https:\\\/\\\/medicinasinc.com\\\/de\\\/product\\\/kaufen-durban-poison-marihuana\\\/#primaryimage\",\"url\":\"https:\\\/\\\/medicinasinc.com\\\/de\\\/wp-content\\\/uploads\\\/sites\\\/6\\\/2022\\\/02\\\/Buy-Durban-Poison-Marijuana.jpg\",\"contentUrl\":\"https:\\\/\\\/medicinasinc.com\\\/de\\\/wp-content\\\/uploads\\\/sites\\\/6\\\/2022\\\/02\\\/Buy-Durban-Poison-Marijuana.jpg\",\"width\":225,\"height\":225},{\"@type\":\"BreadcrumbList\",\"@id\":\"https:\\\/\\\/medicinasinc.com\\\/de\\\/product\\\/kaufen-durban-poison-marihuana\\\/#breadcrumb\",\"itemListElement\":[{\"@type\":\"ListItem\",\"position\":1,\"name\":\"Einkaufen\",\"item\":\"https:\\\/\\\/medicinasinc.com\\\/de\\\/einkaufen\\\/\"},{\"@type\":\"ListItem\",\"position\":2,\"name\":\"Kaufen Sie Durban Poison Marihuana\"}]},{\"@type\":\"WebSite\",\"@id\":\"https:\\\/\\\/medicinasinc.com\\\/de\\\/#website\",\"url\":\"https:\\\/\\\/medicinasinc.com\\\/de\\\/\",\"name\":\"Medicinas Inc\",\"description\":\"Health Medical Clinic\",\"potentialAction\":[{\"@type\":\"SearchAction\",\"target\":{\"@type\":\"EntryPoint\",\"urlTemplate\":\"https:\\\/\\\/medicinasinc.com\\\/de\\\/?s={search_term_string}\"},\"query-input\":{\"@type\":\"PropertyValueSpecification\",\"valueRequired\":true,\"valueName\":\"search_term_string\"}}],\"inLanguage\":\"de\"}]}<\/script>\n<!-- \/ Yoast SEO plugin. -->","yoast_head_json":{"title":"Kaufen Sie Durban Poison Marihuana - Best Best Global Meds","description":"Kaufen Sie die Durban Poison-Sorte online zum Verkauf, die aufgrund ihres s\u00fc\u00dfen Geruchs und ihrer energetischen, erhebenden Wirkung weltweit an Popularit\u00e4t gewonnen hat. Bitte besuchen Sie uns.","robots":{"index":"index","follow":"follow","max-snippet":"max-snippet:-1","max-image-preview":"max-image-preview:large","max-video-preview":"max-video-preview:-1"},"canonical":"https:\/\/medicinasinc.com\/de\/product\/kaufen-durban-poison-marihuana\/","og_locale":"de_DE","og_type":"article","og_title":"Kaufen Sie Durban Poison Marihuana - Best Best Global Meds","og_description":"Kaufen Sie die Durban Poison-Sorte online zum Verkauf, die aufgrund ihres s\u00fc\u00dfen Geruchs und ihrer energetischen, erhebenden Wirkung weltweit an Popularit\u00e4t gewonnen hat. Bitte besuchen Sie uns.","og_url":"https:\/\/medicinasinc.com\/de\/product\/kaufen-durban-poison-marihuana\/","og_site_name":"Medicinas Inc","article_modified_time":"2022-03-18T00:38:00+00:00","og_image":[{"width":225,"height":225,"url":"https:\/\/medicinasinc.com\/de\/wp-content\/uploads\/sites\/6\/2022\/02\/Buy-Durban-Poison-Marijuana.jpg","type":"image\/jpeg"}],"twitter_card":"summary_large_image","twitter_misc":{"Gesch\u00e4tzte Lesezeit":"1\u00a0Minute"},"schema":{"@context":"https:\/\/schema.org","@graph":[{"@type":"WebPage","@id":"https:\/\/medicinasinc.com\/de\/product\/kaufen-durban-poison-marihuana\/","url":"https:\/\/medicinasinc.com\/de\/product\/kaufen-durban-poison-marihuana\/","name":"Kaufen Sie Durban Poison Marihuana - Best Best Global Meds","isPartOf":{"@id":"https:\/\/medicinasinc.com\/de\/#website"},"primaryImageOfPage":{"@id":"https:\/\/medicinasinc.com\/de\/product\/kaufen-durban-poison-marihuana\/#primaryimage"},"image":{"@id":"https:\/\/medicinasinc.com\/de\/product\/kaufen-durban-poison-marihuana\/#primaryimage"},"thumbnailUrl":"https:\/\/medicinasinc.com\/de\/wp-content\/uploads\/sites\/6\/2022\/02\/Buy-Durban-Poison-Marijuana.jpg","datePublished":"2022-02-20T18:04:10+00:00","dateModified":"2022-03-18T00:38:00+00:00","description":"Kaufen Sie die Durban Poison-Sorte online zum Verkauf, die aufgrund ihres s\u00fc\u00dfen Geruchs und ihrer energetischen, erhebenden Wirkung weltweit an Popularit\u00e4t gewonnen hat. Bitte besuchen Sie uns.","breadcrumb":{"@id":"https:\/\/medicinasinc.com\/de\/product\/kaufen-durban-poison-marihuana\/#breadcrumb"},"inLanguage":"de","potentialAction":[{"@type":"ReadAction","target":["https:\/\/medicinasinc.com\/de\/product\/kaufen-durban-poison-marihuana\/"]}]},{"@type":"ImageObject","inLanguage":"de","@id":"https:\/\/medicinasinc.com\/de\/product\/kaufen-durban-poison-marihuana\/#primaryimage","url":"https:\/\/medicinasinc.com\/de\/wp-content\/uploads\/sites\/6\/2022\/02\/Buy-Durban-Poison-Marijuana.jpg","contentUrl":"https:\/\/medicinasinc.com\/de\/wp-content\/uploads\/sites\/6\/2022\/02\/Buy-Durban-Poison-Marijuana.jpg","width":225,"height":225},{"@type":"BreadcrumbList","@id":"https:\/\/medicinasinc.com\/de\/product\/kaufen-durban-poison-marihuana\/#breadcrumb","itemListElement":[{"@type":"ListItem","position":1,"name":"Einkaufen","item":"https:\/\/medicinasinc.com\/de\/einkaufen\/"},{"@type":"ListItem","position":2,"name":"Kaufen Sie Durban Poison Marihuana"}]},{"@type":"WebSite","@id":"https:\/\/medicinasinc.com\/de\/#website","url":"https:\/\/medicinasinc.com\/de\/","name":"Medicinas Inc","description":"Health Medical Clinic","potentialAction":[{"@type":"SearchAction","target":{"@type":"EntryPoint","urlTemplate":"https:\/\/medicinasinc.com\/de\/?s={search_term_string}"},"query-input":{"@type":"PropertyValueSpecification","valueRequired":true,"valueName":"search_term_string"}}],"inLanguage":"de"}]}},"_links":{"self":[{"href":"https:\/\/medicinasinc.com\/de\/wp-json\/wp\/v2\/product\/4940","targetHints":{"allow":["GET"]}}],"collection":[{"href":"https:\/\/medicinasinc.com\/de\/wp-json\/wp\/v2\/product"}],"about":[{"href":"https:\/\/medicinasinc.com\/de\/wp-json\/wp\/v2\/types\/product"}],"replies":[{"embeddable":true,"href":"https:\/\/medicinasinc.com\/de\/wp-json\/wp\/v2\/comments?post=4940"}],"wp:featuredmedia":[{"embeddable":true,"href":"https:\/\/medicinasinc.com\/de\/wp-json\/wp\/v2\/media\/4954"}],"wp:attachment":[{"href":"https:\/\/medicinasinc.com\/de\/wp-json\/wp\/v2\/media?parent=4940"}],"wp:term":[{"taxonomy":"product_brand","embeddable":true,"href":"https:\/\/medicinasinc.com\/de\/wp-json\/wp\/v2\/product_brand?post=4940"},{"taxonomy":"product_cat","embeddable":true,"href":"https:\/\/medicinasinc.com\/de\/wp-json\/wp\/v2\/product_cat?post=4940"},{"taxonomy":"product_tag","embeddable":true,"href":"https:\/\/medicinasinc.com\/de\/wp-json\/wp\/v2\/product_tag?post=4940"}],"curies":[{"name":"wp","href":"https:\/\/api.w.org\/{rel}","templated":true}]}}