{"id":4938,"date":"2022-02-20T18:02:35","date_gmt":"2022-02-20T18:02:35","guid":{"rendered":"https:\/\/medicinasinc.com\/de\/?post_type=product&#038;p=4938"},"modified":"2022-03-18T00:38:08","modified_gmt":"2022-03-18T00:38:08","slug":"kaufen-cherry-pie-marihuana-sorte","status":"publish","type":"product","link":"https:\/\/medicinasinc.com\/de\/product\/kaufen-cherry-pie-marihuana-sorte\/","title":{"rendered":"Kaufen Sie die Marihuana-Sorte Cherry Pie"},"content":{"rendered":"<p>Online-Kauf der Marihuana-Sorte Cherry Pie.<\/p>\n<p>Online-Kauf der Marihuana-Sorte Cherry Pie.<\/p>\n<p>Die Marihuana-Sorte Cherry Pie kann online gekauft werden. Hybrid &#8211; 80 % Indica \/ 20 % Sativa THC: 16\u201324 %, CBD: 1 %<\/p>\n<p>Wirkung<br \/> Kreativ, Euphorie, Zufriedenheit und Entspannung<br \/> M\u00f6glicherweise lindernd<br \/> Aufmerksamkeitsdefizit-\/Hyperaktivit\u00e4tsst\u00f6rung, Angst, bipolare St\u00f6rung, chronische Schmerzen, Depression, Hyperaktivit\u00e4t und Schlaflosigkeit<br \/> Geschmacksrichtungen<br \/> Beeren, Kirschen und s\u00fc\u00df<br \/> Aromen<br \/> Kirsche, Heidelbeere, erdig, und s\u00fc\u00df<\/p>\n","protected":false},"excerpt":{"rendered":"<p>Kaufen Sie die Marihuana-Sorte Cherry Pie online. Die Marihuana-Sorte Cherry Pie kann online gekauft werden. Hybrid &#8211; 80 % Indica \/ 20 % Sativa THC: 16\u201324 %, CBD: 1 %<\/p>\n","protected":false},"featured_media":4952,"comment_status":"open","ping_status":"closed","template":"","meta":[],"product_brand":[],"product_cat":[778],"product_tag":[814,815,816,817,818,811,812,813],"class_list":{"0":"post-4938","1":"product","2":"type-product","3":"status-publish","4":"has-post-thumbnail","6":"product_cat-unkraut-zu-verkaufen","7":"product_tag-cherry-pie-sorte-allbud","8":"product_tag-cherry-pie-strain-effects","9":"product_tag-cherry-pie-strain-price","10":"product_tag-cherry-pie-strain-sativa-or-indica","11":"product_tag-cherry-pie-strain-ertrag","12":"product_tag-kirschkuchen-und-belastung","13":"product_tag-cherry-pie-rezept","14":"product_tag-kirschkuchen-zusammen","16":"first","17":"instock","18":"shipping-taxable","19":"purchasable","20":"product-type-variable","21":"has-default-attributes"},"yoast_head":"<!-- This site is optimized with the Yoast SEO plugin v27.3 - https:\/\/yoast.com\/product\/yoast-seo-wordpress\/ -->\n<title>Kaufen Sie Cherry Pie Marihuana Strain - Best Best Global Meds<\/title>\n<meta name=\"description\" content=\"Kaufen Sie die Marihuana-Sorte Cherry Pie zum Verkauf online. Kaufen Sie die Marihuana-Sorte Cherry Pie online. Hybrid \u2013 80 % Indica \/ 20 % Sativa THC: 16 % \u2013 24 %, CBD: 1 %\" \/>\n<meta name=\"robots\" content=\"index, follow, max-snippet:-1, max-image-preview:large, max-video-preview:-1\" \/>\n<link rel=\"canonical\" href=\"https:\/\/medicinasinc.com\/de\/product\/kaufen-cherry-pie-marihuana-sorte\/\" \/>\n<meta property=\"og:locale\" content=\"de_DE\" \/>\n<meta property=\"og:type\" content=\"article\" \/>\n<meta property=\"og:title\" content=\"Kaufen Sie Cherry Pie Marihuana Strain - Best Best Global Meds\" \/>\n<meta property=\"og:description\" content=\"Kaufen Sie die Marihuana-Sorte Cherry Pie zum Verkauf online. Kaufen Sie die Marihuana-Sorte Cherry Pie online. Hybrid \u2013 80 % Indica \/ 20 % Sativa THC: 16 % \u2013 24 %, CBD: 1 %\" \/>\n<meta property=\"og:url\" content=\"https:\/\/medicinasinc.com\/de\/product\/kaufen-cherry-pie-marihuana-sorte\/\" \/>\n<meta property=\"og:site_name\" content=\"Medicinas Inc\" \/>\n<meta property=\"article:modified_time\" content=\"2022-03-18T00:38:08+00:00\" \/>\n<meta property=\"og:image\" content=\"https:\/\/medicinasinc.com\/de\/wp-content\/uploads\/sites\/6\/2022\/02\/Buy-Cherry-Pie-Marijuana.jpg\" \/>\n\t<meta property=\"og:image:width\" content=\"1080\" \/>\n\t<meta property=\"og:image:height\" content=\"1080\" \/>\n\t<meta property=\"og:image:type\" content=\"image\/jpeg\" \/>\n<meta name=\"twitter:card\" content=\"summary_large_image\" \/>\n<meta name=\"twitter:label1\" content=\"Gesch\u00e4tzte Lesezeit\" \/>\n\t<meta name=\"twitter:data1\" content=\"1\u00a0Minute\" \/>\n<script type=\"application\/ld+json\" class=\"yoast-schema-graph\">{\"@context\":\"https:\\\/\\\/schema.org\",\"@graph\":[{\"@type\":\"WebPage\",\"@id\":\"https:\\\/\\\/medicinasinc.com\\\/de\\\/product\\\/kaufen-cherry-pie-marihuana-sorte\\\/\",\"url\":\"https:\\\/\\\/medicinasinc.com\\\/de\\\/product\\\/kaufen-cherry-pie-marihuana-sorte\\\/\",\"name\":\"Kaufen Sie Cherry Pie Marihuana Strain - Best Best Global Meds\",\"isPartOf\":{\"@id\":\"https:\\\/\\\/medicinasinc.com\\\/de\\\/#website\"},\"primaryImageOfPage\":{\"@id\":\"https:\\\/\\\/medicinasinc.com\\\/de\\\/product\\\/kaufen-cherry-pie-marihuana-sorte\\\/#primaryimage\"},\"image\":{\"@id\":\"https:\\\/\\\/medicinasinc.com\\\/de\\\/product\\\/kaufen-cherry-pie-marihuana-sorte\\\/#primaryimage\"},\"thumbnailUrl\":\"https:\\\/\\\/medicinasinc.com\\\/de\\\/wp-content\\\/uploads\\\/sites\\\/6\\\/2022\\\/02\\\/Buy-Cherry-Pie-Marijuana.jpg\",\"datePublished\":\"2022-02-20T18:02:35+00:00\",\"dateModified\":\"2022-03-18T00:38:08+00:00\",\"description\":\"Kaufen Sie die Marihuana-Sorte Cherry Pie zum Verkauf online. Kaufen Sie die Marihuana-Sorte Cherry Pie online. Hybrid \u2013 80 % Indica \\\/ 20 % Sativa THC: 16 % \u2013 24 %, CBD: 1 %\",\"breadcrumb\":{\"@id\":\"https:\\\/\\\/medicinasinc.com\\\/de\\\/product\\\/kaufen-cherry-pie-marihuana-sorte\\\/#breadcrumb\"},\"inLanguage\":\"de\",\"potentialAction\":[{\"@type\":\"ReadAction\",\"target\":[\"https:\\\/\\\/medicinasinc.com\\\/de\\\/product\\\/kaufen-cherry-pie-marihuana-sorte\\\/\"]}]},{\"@type\":\"ImageObject\",\"inLanguage\":\"de\",\"@id\":\"https:\\\/\\\/medicinasinc.com\\\/de\\\/product\\\/kaufen-cherry-pie-marihuana-sorte\\\/#primaryimage\",\"url\":\"https:\\\/\\\/medicinasinc.com\\\/de\\\/wp-content\\\/uploads\\\/sites\\\/6\\\/2022\\\/02\\\/Buy-Cherry-Pie-Marijuana.jpg\",\"contentUrl\":\"https:\\\/\\\/medicinasinc.com\\\/de\\\/wp-content\\\/uploads\\\/sites\\\/6\\\/2022\\\/02\\\/Buy-Cherry-Pie-Marijuana.jpg\",\"width\":1080,\"height\":1080},{\"@type\":\"BreadcrumbList\",\"@id\":\"https:\\\/\\\/medicinasinc.com\\\/de\\\/product\\\/kaufen-cherry-pie-marihuana-sorte\\\/#breadcrumb\",\"itemListElement\":[{\"@type\":\"ListItem\",\"position\":1,\"name\":\"Einkaufen\",\"item\":\"https:\\\/\\\/medicinasinc.com\\\/de\\\/einkaufen\\\/\"},{\"@type\":\"ListItem\",\"position\":2,\"name\":\"Kaufen Sie die Marihuana-Sorte Cherry Pie\"}]},{\"@type\":\"WebSite\",\"@id\":\"https:\\\/\\\/medicinasinc.com\\\/de\\\/#website\",\"url\":\"https:\\\/\\\/medicinasinc.com\\\/de\\\/\",\"name\":\"Medicinas Inc\",\"description\":\"Health Medical Clinic\",\"potentialAction\":[{\"@type\":\"SearchAction\",\"target\":{\"@type\":\"EntryPoint\",\"urlTemplate\":\"https:\\\/\\\/medicinasinc.com\\\/de\\\/?s={search_term_string}\"},\"query-input\":{\"@type\":\"PropertyValueSpecification\",\"valueRequired\":true,\"valueName\":\"search_term_string\"}}],\"inLanguage\":\"de\"}]}<\/script>\n<!-- \/ Yoast SEO plugin. -->","yoast_head_json":{"title":"Kaufen Sie Cherry Pie Marihuana Strain - Best Best Global Meds","description":"Kaufen Sie die Marihuana-Sorte Cherry Pie zum Verkauf online. Kaufen Sie die Marihuana-Sorte Cherry Pie online. Hybrid \u2013 80 % Indica \/ 20 % Sativa THC: 16 % \u2013 24 %, CBD: 1 %","robots":{"index":"index","follow":"follow","max-snippet":"max-snippet:-1","max-image-preview":"max-image-preview:large","max-video-preview":"max-video-preview:-1"},"canonical":"https:\/\/medicinasinc.com\/de\/product\/kaufen-cherry-pie-marihuana-sorte\/","og_locale":"de_DE","og_type":"article","og_title":"Kaufen Sie Cherry Pie Marihuana Strain - Best Best Global Meds","og_description":"Kaufen Sie die Marihuana-Sorte Cherry Pie zum Verkauf online. Kaufen Sie die Marihuana-Sorte Cherry Pie online. Hybrid \u2013 80 % Indica \/ 20 % Sativa THC: 16 % \u2013 24 %, CBD: 1 %","og_url":"https:\/\/medicinasinc.com\/de\/product\/kaufen-cherry-pie-marihuana-sorte\/","og_site_name":"Medicinas Inc","article_modified_time":"2022-03-18T00:38:08+00:00","og_image":[{"width":1080,"height":1080,"url":"https:\/\/medicinasinc.com\/de\/wp-content\/uploads\/sites\/6\/2022\/02\/Buy-Cherry-Pie-Marijuana.jpg","type":"image\/jpeg"}],"twitter_card":"summary_large_image","twitter_misc":{"Gesch\u00e4tzte Lesezeit":"1\u00a0Minute"},"schema":{"@context":"https:\/\/schema.org","@graph":[{"@type":"WebPage","@id":"https:\/\/medicinasinc.com\/de\/product\/kaufen-cherry-pie-marihuana-sorte\/","url":"https:\/\/medicinasinc.com\/de\/product\/kaufen-cherry-pie-marihuana-sorte\/","name":"Kaufen Sie Cherry Pie Marihuana Strain - Best Best Global Meds","isPartOf":{"@id":"https:\/\/medicinasinc.com\/de\/#website"},"primaryImageOfPage":{"@id":"https:\/\/medicinasinc.com\/de\/product\/kaufen-cherry-pie-marihuana-sorte\/#primaryimage"},"image":{"@id":"https:\/\/medicinasinc.com\/de\/product\/kaufen-cherry-pie-marihuana-sorte\/#primaryimage"},"thumbnailUrl":"https:\/\/medicinasinc.com\/de\/wp-content\/uploads\/sites\/6\/2022\/02\/Buy-Cherry-Pie-Marijuana.jpg","datePublished":"2022-02-20T18:02:35+00:00","dateModified":"2022-03-18T00:38:08+00:00","description":"Kaufen Sie die Marihuana-Sorte Cherry Pie zum Verkauf online. Kaufen Sie die Marihuana-Sorte Cherry Pie online. Hybrid \u2013 80 % Indica \/ 20 % Sativa THC: 16 % \u2013 24 %, CBD: 1 %","breadcrumb":{"@id":"https:\/\/medicinasinc.com\/de\/product\/kaufen-cherry-pie-marihuana-sorte\/#breadcrumb"},"inLanguage":"de","potentialAction":[{"@type":"ReadAction","target":["https:\/\/medicinasinc.com\/de\/product\/kaufen-cherry-pie-marihuana-sorte\/"]}]},{"@type":"ImageObject","inLanguage":"de","@id":"https:\/\/medicinasinc.com\/de\/product\/kaufen-cherry-pie-marihuana-sorte\/#primaryimage","url":"https:\/\/medicinasinc.com\/de\/wp-content\/uploads\/sites\/6\/2022\/02\/Buy-Cherry-Pie-Marijuana.jpg","contentUrl":"https:\/\/medicinasinc.com\/de\/wp-content\/uploads\/sites\/6\/2022\/02\/Buy-Cherry-Pie-Marijuana.jpg","width":1080,"height":1080},{"@type":"BreadcrumbList","@id":"https:\/\/medicinasinc.com\/de\/product\/kaufen-cherry-pie-marihuana-sorte\/#breadcrumb","itemListElement":[{"@type":"ListItem","position":1,"name":"Einkaufen","item":"https:\/\/medicinasinc.com\/de\/einkaufen\/"},{"@type":"ListItem","position":2,"name":"Kaufen Sie die Marihuana-Sorte Cherry Pie"}]},{"@type":"WebSite","@id":"https:\/\/medicinasinc.com\/de\/#website","url":"https:\/\/medicinasinc.com\/de\/","name":"Medicinas Inc","description":"Health Medical Clinic","potentialAction":[{"@type":"SearchAction","target":{"@type":"EntryPoint","urlTemplate":"https:\/\/medicinasinc.com\/de\/?s={search_term_string}"},"query-input":{"@type":"PropertyValueSpecification","valueRequired":true,"valueName":"search_term_string"}}],"inLanguage":"de"}]}},"_links":{"self":[{"href":"https:\/\/medicinasinc.com\/de\/wp-json\/wp\/v2\/product\/4938","targetHints":{"allow":["GET"]}}],"collection":[{"href":"https:\/\/medicinasinc.com\/de\/wp-json\/wp\/v2\/product"}],"about":[{"href":"https:\/\/medicinasinc.com\/de\/wp-json\/wp\/v2\/types\/product"}],"replies":[{"embeddable":true,"href":"https:\/\/medicinasinc.com\/de\/wp-json\/wp\/v2\/comments?post=4938"}],"wp:featuredmedia":[{"embeddable":true,"href":"https:\/\/medicinasinc.com\/de\/wp-json\/wp\/v2\/media\/4952"}],"wp:attachment":[{"href":"https:\/\/medicinasinc.com\/de\/wp-json\/wp\/v2\/media?parent=4938"}],"wp:term":[{"taxonomy":"product_brand","embeddable":true,"href":"https:\/\/medicinasinc.com\/de\/wp-json\/wp\/v2\/product_brand?post=4938"},{"taxonomy":"product_cat","embeddable":true,"href":"https:\/\/medicinasinc.com\/de\/wp-json\/wp\/v2\/product_cat?post=4938"},{"taxonomy":"product_tag","embeddable":true,"href":"https:\/\/medicinasinc.com\/de\/wp-json\/wp\/v2\/product_tag?post=4938"}],"curies":[{"name":"wp","href":"https:\/\/api.w.org\/{rel}","templated":true}]}}