{"id":4928,"date":"2022-02-20T17:53:26","date_gmt":"2022-02-20T17:53:26","guid":{"rendered":"https:\/\/medicinasinc.com\/de\/?post_type=product&#038;p=4928"},"modified":"2022-03-18T00:38:19","modified_gmt":"2022-03-18T00:38:19","slug":"kekse-eis-kaufen","status":"publish","type":"product","link":"https:\/\/medicinasinc.com\/de\/product\/kekse-eis-kaufen\/","title":{"rendered":"Kekse Gelato kaufen"},"content":{"rendered":"<p>Cookies Gelato ist der Nachkomme zweier ber\u00fchmter Marihuana-Sorten. Sie erbte eine wahnsinnige Menge an Potenz, einen s\u00fc\u00dfen Geschmack und eine unglaubliche Menge an Produktivit\u00e4t. Und Cali Bliss hat jedes dieser Elemente optimiert. Dies ist jetzt die Nummer 2 und wurde erheblich verbessert. Au\u00dferdem werden 25 % THC anstelle von 23 % THC verwendet.<\/p>\n<p>Zun\u00e4chst m\u00f6chten wir den Erzeugern dieser sch\u00f6nen Cookies Gelato-Sorte etwas Kontext bieten. Cali Bliss ist ein relativ neues Erzeugerteam. Dies sind starke Hitter, und wir haben ungef\u00e4hr anderthalb Jahre gebraucht, um einige ihrer Sorten auf Lager zu haben. Wir hatten das Gl\u00fcck, bis jetzt drei davon zu erwerben. Sie haben sich der authentischen kalifornischen Genetik verschrieben, aber mit einem Twist. Bestimmte Sorten brauchen Jahre, um sich bis zu dem Punkt zu entwickeln, an dem diese Typen zufrieden sind.<\/p>\n<p>&#8222;Wenn Sie mehr Cannabis konsumieren, steigt Ihre Toleranz. F\u00fcr Anf\u00e4nger braucht es nicht viel, um stoned zu werden. Ein paar Z\u00fcge von Eine schwache Sorte reicht aus. Nach einigen Jahren ben\u00f6tigen erfahrene Raucher jedoch st\u00e4rkeres Marihuana, um die gleichen Wirkungen zu erzielen. Eine dieser Sorten ist Cookies Gelato. Sie liefert eine monstr\u00f6se THC-Dosis, die den Geist sofort in einen ver\u00e4nderten Bewusstseinszustand versetzt und aufrechterh\u00e4lt es stundenlang.&#8220;<\/p>\n<p>Die m\u00e4chtige Wirkung von Cookies Gelato ist das Ergebnis ihrer kraftvollen Elternsorten Girl Scout Cookies und Gelato. Dieses dynamische Duo ist jedoch nicht nur f\u00fcr seine rohe Kraft bekannt. Wie ihre Namen andeuten, haben sie beide s\u00fc\u00dfe und zuckerhaltige Terpenprofile. Cookies Gelato verk\u00f6rpert die besten Eigenschaften dieser beiden legend\u00e4ren Sorten.<\/p>\n<p>Die Knospen dieses Typs sind sp\u00e4rlich und eher klein (dies ist genetisch bedingt \u2013 daran f\u00fchrt kein Weg vorbei). Zus\u00e4tzliche Flusen und Weichheit. Das hei\u00dft, die Knospe selbst hat mehr Luftraum. Dies kann zu einem schnelleren Brennen und einem h\u00e4rteren Gef\u00fchl f\u00fchren, wenn es nicht ber\u00fccksichtigt wird. Stellen Sie daher einfach sicher, dass es dicht gepackt ist, um Luftr\u00e4ume zu eliminieren. Wenn Sie einen Joint drehen oder einen Kopf rauchen, packen Sie ihn fest. Das liegt in der Natur der Sorte.<\/p>\n<p>WAS BEDEUTET DIE ZAHL ZWEI?<\/p>\n<p>\u2013 Umfassende Wirkung (verfeinerter)<\/p>\n<p>\u2013 Verbesserter Geschmack (verfeinertes Terpenprofil) <\/p>\n<p>\u2013 Erh\u00f6hter THC-Gehalt (fr\u00fcher 23 Prozent, jetzt 25 Prozent)<\/p>\n<p>\u2013 Zus\u00e4tzlich bessere Heilung und Trimmung<\/p>\n<p>EFFEKTE:<\/p>\n<p>Kreativ, fr\u00f6hlich und euphorisch<\/p>\n<p>MEDIZIN:<\/p>\n<p>Angst, Stress und chronische Schmerzen<\/p>\n<p>THC:<\/p>\n<p>25 % <\/p>\n<div class=\"produkt-n\u00e4chstes-vorheriges\">\n<div class=\"produkt-vorheriges\"><\/div><\/div>\n","protected":false},"excerpt":{"rendered":"<p>Kaufen Sie Marihuana Cookies Gelato zum Verkauf online. Chem Willie ist ein Sativa-dominanter Hybrid \u2013 70 % Sativa und 30 % Indica. Indica-THC: 15 %<\/p>\n","protected":false},"featured_media":4941,"comment_status":"open","ping_status":"closed","template":"","meta":[],"product_brand":[],"product_cat":[778],"product_tag":[803,804,810,809,808,807,805,806],"class_list":{"0":"post-4928","1":"product","2":"type-product","3":"status-publish","4":"has-post-thumbnail","6":"product_cat-unkraut-zu-verkaufen","7":"product_tag-cookies-gelato-42","8":"product_tag-cookies-gelato-41","9":"product_tag-gelato-kekse-sorte-wikileaf","10":"product_tag-gelato-kekse-sorte-allbud","11":"product_tag-gelato-cookies-and-cream","12":"product_tag-cookies-gelato-ausbeute","13":"product_tag-keks-gelato-bl-c3-bctezeit","14":"product_tag-cookies-gelato-grow-tagebuch","16":"first","17":"instock","18":"shipping-taxable","19":"purchasable","20":"product-type-variable","21":"has-default-attributes"},"yoast_head":"<!-- This site is optimized with the Yoast SEO plugin v27.3 - https:\/\/yoast.com\/product\/yoast-seo-wordpress\/ -->\n<title>Kaufen Sie Cookies Gelato - Cookies Gelato zum Verkauf - Best Best Global Meds<\/title>\n<meta name=\"description\" content=\"Kaufen Sie Cookies Gelato Marihuana zum Verkauf online. Chem Willie ist ein sativadominanter Hybrid \u2013 70 % Sativa \/ 30 % Indica THC: 15 %\" \/>\n<meta name=\"robots\" content=\"index, follow, max-snippet:-1, max-image-preview:large, max-video-preview:-1\" \/>\n<link rel=\"canonical\" href=\"https:\/\/medicinasinc.com\/de\/product\/kekse-eis-kaufen\/\" \/>\n<meta property=\"og:locale\" content=\"de_DE\" \/>\n<meta property=\"og:type\" content=\"article\" \/>\n<meta property=\"og:title\" content=\"Kaufen Sie Cookies Gelato - Cookies Gelato zum Verkauf - Best Best Global Meds\" \/>\n<meta property=\"og:description\" content=\"Kaufen Sie Cookies Gelato Marihuana zum Verkauf online. Chem Willie ist ein sativadominanter Hybrid \u2013 70 % Sativa \/ 30 % Indica THC: 15 %\" \/>\n<meta property=\"og:url\" content=\"https:\/\/medicinasinc.com\/de\/product\/kekse-eis-kaufen\/\" \/>\n<meta property=\"og:site_name\" content=\"Medicinas Inc\" \/>\n<meta property=\"article:modified_time\" content=\"2022-03-18T00:38:19+00:00\" \/>\n<meta property=\"og:image\" content=\"https:\/\/medicinasinc.com\/de\/wp-content\/uploads\/sites\/6\/2022\/02\/Buy-Cookies-Gelato.jpg\" \/>\n\t<meta property=\"og:image:width\" content=\"420\" \/>\n\t<meta property=\"og:image:height\" content=\"630\" \/>\n\t<meta property=\"og:image:type\" content=\"image\/jpeg\" \/>\n<meta name=\"twitter:card\" content=\"summary_large_image\" \/>\n<meta name=\"twitter:label1\" content=\"Gesch\u00e4tzte Lesezeit\" \/>\n\t<meta name=\"twitter:data1\" content=\"2\u00a0Minuten\" \/>\n<script type=\"application\/ld+json\" class=\"yoast-schema-graph\">{\"@context\":\"https:\\\/\\\/schema.org\",\"@graph\":[{\"@type\":\"WebPage\",\"@id\":\"https:\\\/\\\/medicinasinc.com\\\/de\\\/product\\\/kekse-eis-kaufen\\\/\",\"url\":\"https:\\\/\\\/medicinasinc.com\\\/de\\\/product\\\/kekse-eis-kaufen\\\/\",\"name\":\"Kaufen Sie Cookies Gelato - Cookies Gelato zum Verkauf - Best Best Global Meds\",\"isPartOf\":{\"@id\":\"https:\\\/\\\/medicinasinc.com\\\/de\\\/#website\"},\"primaryImageOfPage\":{\"@id\":\"https:\\\/\\\/medicinasinc.com\\\/de\\\/product\\\/kekse-eis-kaufen\\\/#primaryimage\"},\"image\":{\"@id\":\"https:\\\/\\\/medicinasinc.com\\\/de\\\/product\\\/kekse-eis-kaufen\\\/#primaryimage\"},\"thumbnailUrl\":\"https:\\\/\\\/medicinasinc.com\\\/de\\\/wp-content\\\/uploads\\\/sites\\\/6\\\/2022\\\/02\\\/Buy-Cookies-Gelato.jpg\",\"datePublished\":\"2022-02-20T17:53:26+00:00\",\"dateModified\":\"2022-03-18T00:38:19+00:00\",\"description\":\"Kaufen Sie Cookies Gelato Marihuana zum Verkauf online. Chem Willie ist ein sativadominanter Hybrid \u2013 70 % Sativa \\\/ 30 % Indica THC: 15 %\",\"breadcrumb\":{\"@id\":\"https:\\\/\\\/medicinasinc.com\\\/de\\\/product\\\/kekse-eis-kaufen\\\/#breadcrumb\"},\"inLanguage\":\"de\",\"potentialAction\":[{\"@type\":\"ReadAction\",\"target\":[\"https:\\\/\\\/medicinasinc.com\\\/de\\\/product\\\/kekse-eis-kaufen\\\/\"]}]},{\"@type\":\"ImageObject\",\"inLanguage\":\"de\",\"@id\":\"https:\\\/\\\/medicinasinc.com\\\/de\\\/product\\\/kekse-eis-kaufen\\\/#primaryimage\",\"url\":\"https:\\\/\\\/medicinasinc.com\\\/de\\\/wp-content\\\/uploads\\\/sites\\\/6\\\/2022\\\/02\\\/Buy-Cookies-Gelato.jpg\",\"contentUrl\":\"https:\\\/\\\/medicinasinc.com\\\/de\\\/wp-content\\\/uploads\\\/sites\\\/6\\\/2022\\\/02\\\/Buy-Cookies-Gelato.jpg\",\"width\":420,\"height\":630},{\"@type\":\"BreadcrumbList\",\"@id\":\"https:\\\/\\\/medicinasinc.com\\\/de\\\/product\\\/kekse-eis-kaufen\\\/#breadcrumb\",\"itemListElement\":[{\"@type\":\"ListItem\",\"position\":1,\"name\":\"Einkaufen\",\"item\":\"https:\\\/\\\/medicinasinc.com\\\/de\\\/einkaufen\\\/\"},{\"@type\":\"ListItem\",\"position\":2,\"name\":\"Kekse Gelato kaufen\"}]},{\"@type\":\"WebSite\",\"@id\":\"https:\\\/\\\/medicinasinc.com\\\/de\\\/#website\",\"url\":\"https:\\\/\\\/medicinasinc.com\\\/de\\\/\",\"name\":\"Medicinas Inc\",\"description\":\"Health Medical Clinic\",\"potentialAction\":[{\"@type\":\"SearchAction\",\"target\":{\"@type\":\"EntryPoint\",\"urlTemplate\":\"https:\\\/\\\/medicinasinc.com\\\/de\\\/?s={search_term_string}\"},\"query-input\":{\"@type\":\"PropertyValueSpecification\",\"valueRequired\":true,\"valueName\":\"search_term_string\"}}],\"inLanguage\":\"de\"}]}<\/script>\n<!-- \/ Yoast SEO plugin. -->","yoast_head_json":{"title":"Kaufen Sie Cookies Gelato - Cookies Gelato zum Verkauf - Best Best Global Meds","description":"Kaufen Sie Cookies Gelato Marihuana zum Verkauf online. Chem Willie ist ein sativadominanter Hybrid \u2013 70 % Sativa \/ 30 % Indica THC: 15 %","robots":{"index":"index","follow":"follow","max-snippet":"max-snippet:-1","max-image-preview":"max-image-preview:large","max-video-preview":"max-video-preview:-1"},"canonical":"https:\/\/medicinasinc.com\/de\/product\/kekse-eis-kaufen\/","og_locale":"de_DE","og_type":"article","og_title":"Kaufen Sie Cookies Gelato - Cookies Gelato zum Verkauf - Best Best Global Meds","og_description":"Kaufen Sie Cookies Gelato Marihuana zum Verkauf online. Chem Willie ist ein sativadominanter Hybrid \u2013 70 % Sativa \/ 30 % Indica THC: 15 %","og_url":"https:\/\/medicinasinc.com\/de\/product\/kekse-eis-kaufen\/","og_site_name":"Medicinas Inc","article_modified_time":"2022-03-18T00:38:19+00:00","og_image":[{"width":420,"height":630,"url":"https:\/\/medicinasinc.com\/de\/wp-content\/uploads\/sites\/6\/2022\/02\/Buy-Cookies-Gelato.jpg","type":"image\/jpeg"}],"twitter_card":"summary_large_image","twitter_misc":{"Gesch\u00e4tzte Lesezeit":"2\u00a0Minuten"},"schema":{"@context":"https:\/\/schema.org","@graph":[{"@type":"WebPage","@id":"https:\/\/medicinasinc.com\/de\/product\/kekse-eis-kaufen\/","url":"https:\/\/medicinasinc.com\/de\/product\/kekse-eis-kaufen\/","name":"Kaufen Sie Cookies Gelato - Cookies Gelato zum Verkauf - Best Best Global Meds","isPartOf":{"@id":"https:\/\/medicinasinc.com\/de\/#website"},"primaryImageOfPage":{"@id":"https:\/\/medicinasinc.com\/de\/product\/kekse-eis-kaufen\/#primaryimage"},"image":{"@id":"https:\/\/medicinasinc.com\/de\/product\/kekse-eis-kaufen\/#primaryimage"},"thumbnailUrl":"https:\/\/medicinasinc.com\/de\/wp-content\/uploads\/sites\/6\/2022\/02\/Buy-Cookies-Gelato.jpg","datePublished":"2022-02-20T17:53:26+00:00","dateModified":"2022-03-18T00:38:19+00:00","description":"Kaufen Sie Cookies Gelato Marihuana zum Verkauf online. Chem Willie ist ein sativadominanter Hybrid \u2013 70 % Sativa \/ 30 % Indica THC: 15 %","breadcrumb":{"@id":"https:\/\/medicinasinc.com\/de\/product\/kekse-eis-kaufen\/#breadcrumb"},"inLanguage":"de","potentialAction":[{"@type":"ReadAction","target":["https:\/\/medicinasinc.com\/de\/product\/kekse-eis-kaufen\/"]}]},{"@type":"ImageObject","inLanguage":"de","@id":"https:\/\/medicinasinc.com\/de\/product\/kekse-eis-kaufen\/#primaryimage","url":"https:\/\/medicinasinc.com\/de\/wp-content\/uploads\/sites\/6\/2022\/02\/Buy-Cookies-Gelato.jpg","contentUrl":"https:\/\/medicinasinc.com\/de\/wp-content\/uploads\/sites\/6\/2022\/02\/Buy-Cookies-Gelato.jpg","width":420,"height":630},{"@type":"BreadcrumbList","@id":"https:\/\/medicinasinc.com\/de\/product\/kekse-eis-kaufen\/#breadcrumb","itemListElement":[{"@type":"ListItem","position":1,"name":"Einkaufen","item":"https:\/\/medicinasinc.com\/de\/einkaufen\/"},{"@type":"ListItem","position":2,"name":"Kekse Gelato kaufen"}]},{"@type":"WebSite","@id":"https:\/\/medicinasinc.com\/de\/#website","url":"https:\/\/medicinasinc.com\/de\/","name":"Medicinas Inc","description":"Health Medical Clinic","potentialAction":[{"@type":"SearchAction","target":{"@type":"EntryPoint","urlTemplate":"https:\/\/medicinasinc.com\/de\/?s={search_term_string}"},"query-input":{"@type":"PropertyValueSpecification","valueRequired":true,"valueName":"search_term_string"}}],"inLanguage":"de"}]}},"_links":{"self":[{"href":"https:\/\/medicinasinc.com\/de\/wp-json\/wp\/v2\/product\/4928","targetHints":{"allow":["GET"]}}],"collection":[{"href":"https:\/\/medicinasinc.com\/de\/wp-json\/wp\/v2\/product"}],"about":[{"href":"https:\/\/medicinasinc.com\/de\/wp-json\/wp\/v2\/types\/product"}],"replies":[{"embeddable":true,"href":"https:\/\/medicinasinc.com\/de\/wp-json\/wp\/v2\/comments?post=4928"}],"wp:featuredmedia":[{"embeddable":true,"href":"https:\/\/medicinasinc.com\/de\/wp-json\/wp\/v2\/media\/4941"}],"wp:attachment":[{"href":"https:\/\/medicinasinc.com\/de\/wp-json\/wp\/v2\/media?parent=4928"}],"wp:term":[{"taxonomy":"product_brand","embeddable":true,"href":"https:\/\/medicinasinc.com\/de\/wp-json\/wp\/v2\/product_brand?post=4928"},{"taxonomy":"product_cat","embeddable":true,"href":"https:\/\/medicinasinc.com\/de\/wp-json\/wp\/v2\/product_cat?post=4928"},{"taxonomy":"product_tag","embeddable":true,"href":"https:\/\/medicinasinc.com\/de\/wp-json\/wp\/v2\/product_tag?post=4928"}],"curies":[{"name":"wp","href":"https:\/\/api.w.org\/{rel}","templated":true}]}}