{"id":4927,"date":"2022-02-20T17:52:26","date_gmt":"2022-02-20T17:52:26","guid":{"rendered":"https:\/\/medicinasinc.com\/de\/?post_type=product&#038;p=4927"},"modified":"2022-03-18T00:38:29","modified_gmt":"2022-03-18T00:38:29","slug":"kaufen-hulkberry-marihuana","status":"publish","type":"product","link":"https:\/\/medicinasinc.com\/de\/product\/kaufen-hulkberry-marihuana\/","title":{"rendered":"HulkBerry Marihuana kaufen"},"content":{"rendered":"<p>Online-Kauf von HulkBerry Weed mit 27 Prozent THC<\/p>\n<p>HulkBerry ist eine zu 65 Prozent von Sativa dominierte Sorte, die aus einer Kreuzung zwischen Strawberry Diesel und OG Kush stammt. Mit einem satten THC-Gehalt von 27 % wird diese Sorte erfahrenen Rauchern dringend empfohlen; Anf\u00e4nger k\u00f6nnen sich in ihren eigenen Gedanken verlieren. Die Sativa-Dominanz sorgt daf\u00fcr, dass sich das High ganz auf das Gehirn konzentriert, wodurch Sie sich klar und energiegeladen f\u00fchlen, w\u00e4hrend die harzbeschichteten Nugs und fruchtigen Aromen Ihre Nase und Ihre Geschmacksknospen besch\u00e4ftigen.<\/p>\n<p>Trotz der St\u00e4rke der Sorte ein Standard 12-12 Lichtzyklen werden in 9-10 Wochen geile Knospen hervorbringen. HulkBerry ist ein SOG- oder ScrOG-Enthusiast.<\/p>\n<div class=\"product-next- previous\">\n<div class=\"product-prev\"><\/div><\/div>\n","protected":false},"excerpt":{"rendered":"<p>HulkBerry Kush Marihuana online kaufen. HulkBerry Kush ist eine sativadominierte Sorte. Dominanter Hybrid \u2013 70 % Sativa \/ 30 % Indica THC-Gehalt Indica: 21 % \u2013 25 %<\/p>\n","protected":false},"featured_media":4939,"comment_status":"open","ping_status":"closed","template":"","meta":[],"product_brand":[],"product_cat":[778],"product_tag":[800,796,797,798,799,801,795,802],"class_list":{"0":"post-4927","1":"product","2":"type-product","3":"status-publish","4":"has-post-thumbnail","6":"product_cat-unkraut-zu-verkaufen","7":"product_tag-hulkberry-strain-effekte","8":"product_tag-hulkberry-grow-tagebuch","9":"product_tag-hulkberry-leafly","10":"product_tag-hulkberry-outdoor-grow","11":"product_tag-hulkberry-review","12":"product_tag-hulkberry-sorte-in-der-nahe","13":"product_tag-hulkberry-automatik","14":"product_tag-hulkberry-strain-review","16":"first","17":"instock","18":"shipping-taxable","19":"purchasable","20":"product-type-variable","21":"has-default-attributes"},"yoast_head":"<!-- This site is optimized with the Yoast SEO plugin v27.3 - https:\/\/yoast.com\/product\/yoast-seo-wordpress\/ -->\n<title>Kaufen Sie HulkBerry Kush Marihuana - Die besten besten globalen Medikamente<\/title>\n<meta name=\"description\" content=\"Kaufen Sie HulkBerry Kush Marihuana zum Verkauf online. HulkBerry Kush ist ein sativadominanter Hybrid \u2013 70 % Sativa \/ 30 % Indica THC: 21 % \u2013 25 %\" \/>\n<meta name=\"robots\" content=\"index, follow, max-snippet:-1, max-image-preview:large, max-video-preview:-1\" \/>\n<link rel=\"canonical\" href=\"https:\/\/medicinasinc.com\/de\/product\/kaufen-hulkberry-marihuana\/\" \/>\n<meta property=\"og:locale\" content=\"de_DE\" \/>\n<meta property=\"og:type\" content=\"article\" \/>\n<meta property=\"og:title\" content=\"Kaufen Sie HulkBerry Kush Marihuana - Die besten besten globalen Medikamente\" \/>\n<meta property=\"og:description\" content=\"Kaufen Sie HulkBerry Kush Marihuana zum Verkauf online. HulkBerry Kush ist ein sativadominanter Hybrid \u2013 70 % Sativa \/ 30 % Indica THC: 21 % \u2013 25 %\" \/>\n<meta property=\"og:url\" content=\"https:\/\/medicinasinc.com\/de\/product\/kaufen-hulkberry-marihuana\/\" \/>\n<meta property=\"og:site_name\" content=\"Medicinas Inc\" \/>\n<meta property=\"article:modified_time\" content=\"2022-03-18T00:38:29+00:00\" \/>\n<meta property=\"og:image\" content=\"https:\/\/medicinasinc.com\/de\/wp-content\/uploads\/sites\/6\/2022\/02\/Buy-HulkBerry-Marijuana.jpg\" \/>\n\t<meta property=\"og:image:width\" content=\"2560\" \/>\n\t<meta property=\"og:image:height\" content=\"1920\" \/>\n\t<meta property=\"og:image:type\" content=\"image\/jpeg\" \/>\n<meta name=\"twitter:card\" content=\"summary_large_image\" \/>\n<meta name=\"twitter:label1\" content=\"Gesch\u00e4tzte Lesezeit\" \/>\n\t<meta name=\"twitter:data1\" content=\"1\u00a0Minute\" \/>\n<script type=\"application\/ld+json\" class=\"yoast-schema-graph\">{\"@context\":\"https:\\\/\\\/schema.org\",\"@graph\":[{\"@type\":\"WebPage\",\"@id\":\"https:\\\/\\\/medicinasinc.com\\\/de\\\/product\\\/kaufen-hulkberry-marihuana\\\/\",\"url\":\"https:\\\/\\\/medicinasinc.com\\\/de\\\/product\\\/kaufen-hulkberry-marihuana\\\/\",\"name\":\"Kaufen Sie HulkBerry Kush Marihuana - Die besten besten globalen Medikamente\",\"isPartOf\":{\"@id\":\"https:\\\/\\\/medicinasinc.com\\\/de\\\/#website\"},\"primaryImageOfPage\":{\"@id\":\"https:\\\/\\\/medicinasinc.com\\\/de\\\/product\\\/kaufen-hulkberry-marihuana\\\/#primaryimage\"},\"image\":{\"@id\":\"https:\\\/\\\/medicinasinc.com\\\/de\\\/product\\\/kaufen-hulkberry-marihuana\\\/#primaryimage\"},\"thumbnailUrl\":\"https:\\\/\\\/medicinasinc.com\\\/de\\\/wp-content\\\/uploads\\\/sites\\\/6\\\/2022\\\/02\\\/Buy-HulkBerry-Marijuana.jpg\",\"datePublished\":\"2022-02-20T17:52:26+00:00\",\"dateModified\":\"2022-03-18T00:38:29+00:00\",\"description\":\"Kaufen Sie HulkBerry Kush Marihuana zum Verkauf online. HulkBerry Kush ist ein sativadominanter Hybrid \u2013 70 % Sativa \\\/ 30 % Indica THC: 21 % \u2013 25 %\",\"breadcrumb\":{\"@id\":\"https:\\\/\\\/medicinasinc.com\\\/de\\\/product\\\/kaufen-hulkberry-marihuana\\\/#breadcrumb\"},\"inLanguage\":\"de\",\"potentialAction\":[{\"@type\":\"ReadAction\",\"target\":[\"https:\\\/\\\/medicinasinc.com\\\/de\\\/product\\\/kaufen-hulkberry-marihuana\\\/\"]}]},{\"@type\":\"ImageObject\",\"inLanguage\":\"de\",\"@id\":\"https:\\\/\\\/medicinasinc.com\\\/de\\\/product\\\/kaufen-hulkberry-marihuana\\\/#primaryimage\",\"url\":\"https:\\\/\\\/medicinasinc.com\\\/de\\\/wp-content\\\/uploads\\\/sites\\\/6\\\/2022\\\/02\\\/Buy-HulkBerry-Marijuana.jpg\",\"contentUrl\":\"https:\\\/\\\/medicinasinc.com\\\/de\\\/wp-content\\\/uploads\\\/sites\\\/6\\\/2022\\\/02\\\/Buy-HulkBerry-Marijuana.jpg\",\"width\":2560,\"height\":1920},{\"@type\":\"BreadcrumbList\",\"@id\":\"https:\\\/\\\/medicinasinc.com\\\/de\\\/product\\\/kaufen-hulkberry-marihuana\\\/#breadcrumb\",\"itemListElement\":[{\"@type\":\"ListItem\",\"position\":1,\"name\":\"Einkaufen\",\"item\":\"https:\\\/\\\/medicinasinc.com\\\/de\\\/einkaufen\\\/\"},{\"@type\":\"ListItem\",\"position\":2,\"name\":\"HulkBerry Marihuana kaufen\"}]},{\"@type\":\"WebSite\",\"@id\":\"https:\\\/\\\/medicinasinc.com\\\/de\\\/#website\",\"url\":\"https:\\\/\\\/medicinasinc.com\\\/de\\\/\",\"name\":\"Medicinas Inc\",\"description\":\"Health Medical Clinic\",\"potentialAction\":[{\"@type\":\"SearchAction\",\"target\":{\"@type\":\"EntryPoint\",\"urlTemplate\":\"https:\\\/\\\/medicinasinc.com\\\/de\\\/?s={search_term_string}\"},\"query-input\":{\"@type\":\"PropertyValueSpecification\",\"valueRequired\":true,\"valueName\":\"search_term_string\"}}],\"inLanguage\":\"de\"}]}<\/script>\n<!-- \/ Yoast SEO plugin. -->","yoast_head_json":{"title":"Kaufen Sie HulkBerry Kush Marihuana - Die besten besten globalen Medikamente","description":"Kaufen Sie HulkBerry Kush Marihuana zum Verkauf online. HulkBerry Kush ist ein sativadominanter Hybrid \u2013 70 % Sativa \/ 30 % Indica THC: 21 % \u2013 25 %","robots":{"index":"index","follow":"follow","max-snippet":"max-snippet:-1","max-image-preview":"max-image-preview:large","max-video-preview":"max-video-preview:-1"},"canonical":"https:\/\/medicinasinc.com\/de\/product\/kaufen-hulkberry-marihuana\/","og_locale":"de_DE","og_type":"article","og_title":"Kaufen Sie HulkBerry Kush Marihuana - Die besten besten globalen Medikamente","og_description":"Kaufen Sie HulkBerry Kush Marihuana zum Verkauf online. HulkBerry Kush ist ein sativadominanter Hybrid \u2013 70 % Sativa \/ 30 % Indica THC: 21 % \u2013 25 %","og_url":"https:\/\/medicinasinc.com\/de\/product\/kaufen-hulkberry-marihuana\/","og_site_name":"Medicinas Inc","article_modified_time":"2022-03-18T00:38:29+00:00","og_image":[{"width":2560,"height":1920,"url":"https:\/\/medicinasinc.com\/de\/wp-content\/uploads\/sites\/6\/2022\/02\/Buy-HulkBerry-Marijuana.jpg","type":"image\/jpeg"}],"twitter_card":"summary_large_image","twitter_misc":{"Gesch\u00e4tzte Lesezeit":"1\u00a0Minute"},"schema":{"@context":"https:\/\/schema.org","@graph":[{"@type":"WebPage","@id":"https:\/\/medicinasinc.com\/de\/product\/kaufen-hulkberry-marihuana\/","url":"https:\/\/medicinasinc.com\/de\/product\/kaufen-hulkberry-marihuana\/","name":"Kaufen Sie HulkBerry Kush Marihuana - Die besten besten globalen Medikamente","isPartOf":{"@id":"https:\/\/medicinasinc.com\/de\/#website"},"primaryImageOfPage":{"@id":"https:\/\/medicinasinc.com\/de\/product\/kaufen-hulkberry-marihuana\/#primaryimage"},"image":{"@id":"https:\/\/medicinasinc.com\/de\/product\/kaufen-hulkberry-marihuana\/#primaryimage"},"thumbnailUrl":"https:\/\/medicinasinc.com\/de\/wp-content\/uploads\/sites\/6\/2022\/02\/Buy-HulkBerry-Marijuana.jpg","datePublished":"2022-02-20T17:52:26+00:00","dateModified":"2022-03-18T00:38:29+00:00","description":"Kaufen Sie HulkBerry Kush Marihuana zum Verkauf online. HulkBerry Kush ist ein sativadominanter Hybrid \u2013 70 % Sativa \/ 30 % Indica THC: 21 % \u2013 25 %","breadcrumb":{"@id":"https:\/\/medicinasinc.com\/de\/product\/kaufen-hulkberry-marihuana\/#breadcrumb"},"inLanguage":"de","potentialAction":[{"@type":"ReadAction","target":["https:\/\/medicinasinc.com\/de\/product\/kaufen-hulkberry-marihuana\/"]}]},{"@type":"ImageObject","inLanguage":"de","@id":"https:\/\/medicinasinc.com\/de\/product\/kaufen-hulkberry-marihuana\/#primaryimage","url":"https:\/\/medicinasinc.com\/de\/wp-content\/uploads\/sites\/6\/2022\/02\/Buy-HulkBerry-Marijuana.jpg","contentUrl":"https:\/\/medicinasinc.com\/de\/wp-content\/uploads\/sites\/6\/2022\/02\/Buy-HulkBerry-Marijuana.jpg","width":2560,"height":1920},{"@type":"BreadcrumbList","@id":"https:\/\/medicinasinc.com\/de\/product\/kaufen-hulkberry-marihuana\/#breadcrumb","itemListElement":[{"@type":"ListItem","position":1,"name":"Einkaufen","item":"https:\/\/medicinasinc.com\/de\/einkaufen\/"},{"@type":"ListItem","position":2,"name":"HulkBerry Marihuana kaufen"}]},{"@type":"WebSite","@id":"https:\/\/medicinasinc.com\/de\/#website","url":"https:\/\/medicinasinc.com\/de\/","name":"Medicinas Inc","description":"Health Medical Clinic","potentialAction":[{"@type":"SearchAction","target":{"@type":"EntryPoint","urlTemplate":"https:\/\/medicinasinc.com\/de\/?s={search_term_string}"},"query-input":{"@type":"PropertyValueSpecification","valueRequired":true,"valueName":"search_term_string"}}],"inLanguage":"de"}]}},"_links":{"self":[{"href":"https:\/\/medicinasinc.com\/de\/wp-json\/wp\/v2\/product\/4927","targetHints":{"allow":["GET"]}}],"collection":[{"href":"https:\/\/medicinasinc.com\/de\/wp-json\/wp\/v2\/product"}],"about":[{"href":"https:\/\/medicinasinc.com\/de\/wp-json\/wp\/v2\/types\/product"}],"replies":[{"embeddable":true,"href":"https:\/\/medicinasinc.com\/de\/wp-json\/wp\/v2\/comments?post=4927"}],"wp:featuredmedia":[{"embeddable":true,"href":"https:\/\/medicinasinc.com\/de\/wp-json\/wp\/v2\/media\/4939"}],"wp:attachment":[{"href":"https:\/\/medicinasinc.com\/de\/wp-json\/wp\/v2\/media?parent=4927"}],"wp:term":[{"taxonomy":"product_brand","embeddable":true,"href":"https:\/\/medicinasinc.com\/de\/wp-json\/wp\/v2\/product_brand?post=4927"},{"taxonomy":"product_cat","embeddable":true,"href":"https:\/\/medicinasinc.com\/de\/wp-json\/wp\/v2\/product_cat?post=4927"},{"taxonomy":"product_tag","embeddable":true,"href":"https:\/\/medicinasinc.com\/de\/wp-json\/wp\/v2\/product_tag?post=4927"}],"curies":[{"name":"wp","href":"https:\/\/api.w.org\/{rel}","templated":true}]}}