{"id":4908,"date":"2022-02-20T17:37:57","date_gmt":"2022-02-20T17:37:57","guid":{"rendered":"https:\/\/medicinasinc.com\/de\/?post_type=product&#038;p=4908"},"modified":"2022-03-18T00:39:06","modified_gmt":"2022-03-18T00:39:06","slug":"kaufen-triple-g-strain","status":"publish","type":"product","link":"https:\/\/medicinasinc.com\/de\/product\/kaufen-triple-g-strain\/","title":{"rendered":"Kaufen Sie die Sorte Triple G"},"content":{"rendered":"<p>In Bezug auf diese Hybridsorte<\/p>\n<p>Triple G, auch bekannt als Ghost OG, produziert Knospen, die duftend, tropisch, aber leicht skunkig sind, mit frischen, erdigen Untert\u00f6nen. Aufgrund ihrer Indica-Dominanz k\u00f6nnen einige Knospen tiefe und verlockende violette Farbt\u00f6ne aufweisen. Beim Rauchen oder Verdampfen neigt der Geschmack zu einem s\u00fc\u00dfen, aber zitronenartigen Geschmack.<\/p>\n<p>Der THC-Gehalt liegt typischerweise zwischen niedrigen und mittleren Zwanzigern, und viele Rezensenten schw\u00e4rmen vom Potenzial dieser Sorte, Schmerzen zu lindern, die mit einer Sorte verbunden sind von Zust\u00e4nden und Symptomen, einschlie\u00dflich Wirbels\u00e4ulenbeschwerden.<\/p>\n<p>Au\u00dferdem haben Fans von Triple G erkl\u00e4rt, dass es eine ausgezeichnete Sorte ist, um die Nerven zu beruhigen, psychischen Stress zu lindern und dem Geist zu erlauben, sich von dem Ansturm der Gedanken zu erholen h\u00e4lt uns nachts wach.<\/p>\n<p>Diese indicadominierte Sorte kann Hunger oder Beruhigung hervorrufen, also halten Sie ein paar gesunde Snacks und einen bequemen Platz zum Entspannen oder Schlafen in der N\u00e4he bereit.<\/p>\n<p>Kaufen Sie Blue Dream Sativa AA mit kostenlosem Versand an jeden Ort in Europa. BudStars ist der weltweit f\u00fchrende Online-Marihuana-Shop. Erhalten Sie betr\u00e4chtliche Rabatte auf Ihren Erstkauf.<\/p>\n<p>Blue Dream Sativa-Sorte kann online gekauft werden.<\/p>\n<p>Sie k\u00f6nnen Marihuana online mit oder ohne medizinische Marihuana-Karte kaufen. Marihuana im Versandhandel.<\/p>\n","protected":false},"excerpt":{"rendered":"<p>Triple G-Sorte zum Verkauf kaufen ist ein Hybrid und eine Kreuzung zwischen zwei legend\u00e4ren Sorten in der Cannabis-Community: Gorilla Glue und Gelato.<\/p>\n<table>\n<caption>Cannabinoid-Labordaten<\/caption>\n<thead>\n<tr>\n<th>Cannabinoid<\/th>\n<th>Menge<\/th>\n<\/tr>\n<\/thead>\n<tbody>\n<tr>\n<td>THC:<\/td>\n<td>21,69 %<\/td>\n<\/tr>\n<tr>\n<td>\u03949-THC:<\/td>\n<td>1,04 %<\/td>\n<\/tr>\n<tr>\n<td>THC-A:<\/td>\n<td>23,54 % <\/td>\n<\/tr>\n<\/tbody>\n<\/table>\n<p>&nbsp;<\/p>\n<table>\n<caption>Terpen-Labordaten<\/caption>\n<thead>\n<tr>\n<th>Terpen<\/th>\n<th>Menge<\/th>\n<\/tr>\n<\/thead>\n<tbody>\n<tr>\n<td>Limonen:<\/td>\n<td>0,68 %<\/td>\n<\/tr>\n<tr>\n<td>Beta-Caryophyllen:<\/td>\n<td>0,27 %<\/td>\n<\/tr>\n<tr>\n<td>Beta-Myrcen:<\/td>\n<td>0,22 %<\/td>\n<\/tr>\n<\/tbody>\n<\/table>\n","protected":false},"featured_media":4922,"comment_status":"open","ping_status":"closed","template":"","meta":[],"product_brand":[],"product_cat":[778],"product_tag":[787,788,789,794,791,790,792,793],"class_list":{"0":"post-4908","1":"product","2":"type-product","3":"status-publish","4":"has-post-thumbnail","6":"product_cat-unkraut-zu-verkaufen","7":"product_tag-ggg-stamm","8":"product_tag-hulkberry-sorte","9":"product_tag-la-patron-stammblatt","10":"product_tag-triple-g-strain-in-meiner-nhe","11":"product_tag-triple-g-strain-allbud","12":"product_tag-triple-g-grow-tagebuch","13":"product_tag-triple-g-sorte-bltezeit","14":"product_tag-triple-g-strain-leafly","16":"first","17":"instock","18":"shipping-taxable","19":"purchasable","20":"product-type-variable","21":"has-default-attributes"},"yoast_head":"<!-- This site is optimized with the Yoast SEO plugin v27.3 - https:\/\/yoast.com\/product\/yoast-seo-wordpress\/ -->\n<title>Kaufen Sie Triple G Strain - Best Best Global Meds<\/title>\n<meta name=\"description\" content=\"Kaufen Triple G-Sorte zum Verkauf ist ein Hybrid und eine Kreuzung zwischen zwei Kraftpaket-Sorten, die in der Cannabis-Community zu bekannten Namen geworden sind: Gorilla Glue und Gelato.\" \/>\n<meta name=\"robots\" content=\"index, follow, max-snippet:-1, max-image-preview:large, max-video-preview:-1\" \/>\n<link rel=\"canonical\" href=\"https:\/\/medicinasinc.com\/de\/product\/kaufen-triple-g-strain\/\" \/>\n<meta property=\"og:locale\" content=\"de_DE\" \/>\n<meta property=\"og:type\" content=\"article\" \/>\n<meta property=\"og:title\" content=\"Kaufen Sie Triple G Strain - Best Best Global Meds\" \/>\n<meta property=\"og:description\" content=\"Kaufen Triple G-Sorte zum Verkauf ist ein Hybrid und eine Kreuzung zwischen zwei Kraftpaket-Sorten, die in der Cannabis-Community zu bekannten Namen geworden sind: Gorilla Glue und Gelato.\" \/>\n<meta property=\"og:url\" content=\"https:\/\/medicinasinc.com\/de\/product\/kaufen-triple-g-strain\/\" \/>\n<meta property=\"og:site_name\" content=\"Medicinas Inc\" \/>\n<meta property=\"article:modified_time\" content=\"2022-03-18T00:39:06+00:00\" \/>\n<meta property=\"og:image\" content=\"https:\/\/medicinasinc.com\/de\/wp-content\/uploads\/sites\/6\/2022\/02\/Buy-Triple-G-Strain-1.jpg\" \/>\n\t<meta property=\"og:image:width\" content=\"800\" \/>\n\t<meta property=\"og:image:height\" content=\"800\" \/>\n\t<meta property=\"og:image:type\" content=\"image\/jpeg\" \/>\n<meta name=\"twitter:card\" content=\"summary_large_image\" \/>\n<meta name=\"twitter:label1\" content=\"Gesch\u00e4tzte Lesezeit\" \/>\n\t<meta name=\"twitter:data1\" content=\"1\u00a0Minute\" \/>\n<script type=\"application\/ld+json\" class=\"yoast-schema-graph\">{\"@context\":\"https:\\\/\\\/schema.org\",\"@graph\":[{\"@type\":\"WebPage\",\"@id\":\"https:\\\/\\\/medicinasinc.com\\\/de\\\/product\\\/kaufen-triple-g-strain\\\/\",\"url\":\"https:\\\/\\\/medicinasinc.com\\\/de\\\/product\\\/kaufen-triple-g-strain\\\/\",\"name\":\"Kaufen Sie Triple G Strain - Best Best Global Meds\",\"isPartOf\":{\"@id\":\"https:\\\/\\\/medicinasinc.com\\\/de\\\/#website\"},\"primaryImageOfPage\":{\"@id\":\"https:\\\/\\\/medicinasinc.com\\\/de\\\/product\\\/kaufen-triple-g-strain\\\/#primaryimage\"},\"image\":{\"@id\":\"https:\\\/\\\/medicinasinc.com\\\/de\\\/product\\\/kaufen-triple-g-strain\\\/#primaryimage\"},\"thumbnailUrl\":\"https:\\\/\\\/medicinasinc.com\\\/de\\\/wp-content\\\/uploads\\\/sites\\\/6\\\/2022\\\/02\\\/Buy-Triple-G-Strain-1.jpg\",\"datePublished\":\"2022-02-20T17:37:57+00:00\",\"dateModified\":\"2022-03-18T00:39:06+00:00\",\"description\":\"Kaufen Triple G-Sorte zum Verkauf ist ein Hybrid und eine Kreuzung zwischen zwei Kraftpaket-Sorten, die in der Cannabis-Community zu bekannten Namen geworden sind: Gorilla Glue und Gelato.\",\"breadcrumb\":{\"@id\":\"https:\\\/\\\/medicinasinc.com\\\/de\\\/product\\\/kaufen-triple-g-strain\\\/#breadcrumb\"},\"inLanguage\":\"de\",\"potentialAction\":[{\"@type\":\"ReadAction\",\"target\":[\"https:\\\/\\\/medicinasinc.com\\\/de\\\/product\\\/kaufen-triple-g-strain\\\/\"]}]},{\"@type\":\"ImageObject\",\"inLanguage\":\"de\",\"@id\":\"https:\\\/\\\/medicinasinc.com\\\/de\\\/product\\\/kaufen-triple-g-strain\\\/#primaryimage\",\"url\":\"https:\\\/\\\/medicinasinc.com\\\/de\\\/wp-content\\\/uploads\\\/sites\\\/6\\\/2022\\\/02\\\/Buy-Triple-G-Strain-1.jpg\",\"contentUrl\":\"https:\\\/\\\/medicinasinc.com\\\/de\\\/wp-content\\\/uploads\\\/sites\\\/6\\\/2022\\\/02\\\/Buy-Triple-G-Strain-1.jpg\",\"width\":800,\"height\":800},{\"@type\":\"BreadcrumbList\",\"@id\":\"https:\\\/\\\/medicinasinc.com\\\/de\\\/product\\\/kaufen-triple-g-strain\\\/#breadcrumb\",\"itemListElement\":[{\"@type\":\"ListItem\",\"position\":1,\"name\":\"Einkaufen\",\"item\":\"https:\\\/\\\/medicinasinc.com\\\/de\\\/einkaufen\\\/\"},{\"@type\":\"ListItem\",\"position\":2,\"name\":\"Kaufen Sie die Sorte Triple G\"}]},{\"@type\":\"WebSite\",\"@id\":\"https:\\\/\\\/medicinasinc.com\\\/de\\\/#website\",\"url\":\"https:\\\/\\\/medicinasinc.com\\\/de\\\/\",\"name\":\"Medicinas Inc\",\"description\":\"Health Medical Clinic\",\"potentialAction\":[{\"@type\":\"SearchAction\",\"target\":{\"@type\":\"EntryPoint\",\"urlTemplate\":\"https:\\\/\\\/medicinasinc.com\\\/de\\\/?s={search_term_string}\"},\"query-input\":{\"@type\":\"PropertyValueSpecification\",\"valueRequired\":true,\"valueName\":\"search_term_string\"}}],\"inLanguage\":\"de\"}]}<\/script>\n<!-- \/ Yoast SEO plugin. -->","yoast_head_json":{"title":"Kaufen Sie Triple G Strain - Best Best Global Meds","description":"Kaufen Triple G-Sorte zum Verkauf ist ein Hybrid und eine Kreuzung zwischen zwei Kraftpaket-Sorten, die in der Cannabis-Community zu bekannten Namen geworden sind: Gorilla Glue und Gelato.","robots":{"index":"index","follow":"follow","max-snippet":"max-snippet:-1","max-image-preview":"max-image-preview:large","max-video-preview":"max-video-preview:-1"},"canonical":"https:\/\/medicinasinc.com\/de\/product\/kaufen-triple-g-strain\/","og_locale":"de_DE","og_type":"article","og_title":"Kaufen Sie Triple G Strain - Best Best Global Meds","og_description":"Kaufen Triple G-Sorte zum Verkauf ist ein Hybrid und eine Kreuzung zwischen zwei Kraftpaket-Sorten, die in der Cannabis-Community zu bekannten Namen geworden sind: Gorilla Glue und Gelato.","og_url":"https:\/\/medicinasinc.com\/de\/product\/kaufen-triple-g-strain\/","og_site_name":"Medicinas Inc","article_modified_time":"2022-03-18T00:39:06+00:00","og_image":[{"width":800,"height":800,"url":"https:\/\/medicinasinc.com\/de\/wp-content\/uploads\/sites\/6\/2022\/02\/Buy-Triple-G-Strain-1.jpg","type":"image\/jpeg"}],"twitter_card":"summary_large_image","twitter_misc":{"Gesch\u00e4tzte Lesezeit":"1\u00a0Minute"},"schema":{"@context":"https:\/\/schema.org","@graph":[{"@type":"WebPage","@id":"https:\/\/medicinasinc.com\/de\/product\/kaufen-triple-g-strain\/","url":"https:\/\/medicinasinc.com\/de\/product\/kaufen-triple-g-strain\/","name":"Kaufen Sie Triple G Strain - Best Best Global Meds","isPartOf":{"@id":"https:\/\/medicinasinc.com\/de\/#website"},"primaryImageOfPage":{"@id":"https:\/\/medicinasinc.com\/de\/product\/kaufen-triple-g-strain\/#primaryimage"},"image":{"@id":"https:\/\/medicinasinc.com\/de\/product\/kaufen-triple-g-strain\/#primaryimage"},"thumbnailUrl":"https:\/\/medicinasinc.com\/de\/wp-content\/uploads\/sites\/6\/2022\/02\/Buy-Triple-G-Strain-1.jpg","datePublished":"2022-02-20T17:37:57+00:00","dateModified":"2022-03-18T00:39:06+00:00","description":"Kaufen Triple G-Sorte zum Verkauf ist ein Hybrid und eine Kreuzung zwischen zwei Kraftpaket-Sorten, die in der Cannabis-Community zu bekannten Namen geworden sind: Gorilla Glue und Gelato.","breadcrumb":{"@id":"https:\/\/medicinasinc.com\/de\/product\/kaufen-triple-g-strain\/#breadcrumb"},"inLanguage":"de","potentialAction":[{"@type":"ReadAction","target":["https:\/\/medicinasinc.com\/de\/product\/kaufen-triple-g-strain\/"]}]},{"@type":"ImageObject","inLanguage":"de","@id":"https:\/\/medicinasinc.com\/de\/product\/kaufen-triple-g-strain\/#primaryimage","url":"https:\/\/medicinasinc.com\/de\/wp-content\/uploads\/sites\/6\/2022\/02\/Buy-Triple-G-Strain-1.jpg","contentUrl":"https:\/\/medicinasinc.com\/de\/wp-content\/uploads\/sites\/6\/2022\/02\/Buy-Triple-G-Strain-1.jpg","width":800,"height":800},{"@type":"BreadcrumbList","@id":"https:\/\/medicinasinc.com\/de\/product\/kaufen-triple-g-strain\/#breadcrumb","itemListElement":[{"@type":"ListItem","position":1,"name":"Einkaufen","item":"https:\/\/medicinasinc.com\/de\/einkaufen\/"},{"@type":"ListItem","position":2,"name":"Kaufen Sie die Sorte Triple G"}]},{"@type":"WebSite","@id":"https:\/\/medicinasinc.com\/de\/#website","url":"https:\/\/medicinasinc.com\/de\/","name":"Medicinas Inc","description":"Health Medical Clinic","potentialAction":[{"@type":"SearchAction","target":{"@type":"EntryPoint","urlTemplate":"https:\/\/medicinasinc.com\/de\/?s={search_term_string}"},"query-input":{"@type":"PropertyValueSpecification","valueRequired":true,"valueName":"search_term_string"}}],"inLanguage":"de"}]}},"_links":{"self":[{"href":"https:\/\/medicinasinc.com\/de\/wp-json\/wp\/v2\/product\/4908","targetHints":{"allow":["GET"]}}],"collection":[{"href":"https:\/\/medicinasinc.com\/de\/wp-json\/wp\/v2\/product"}],"about":[{"href":"https:\/\/medicinasinc.com\/de\/wp-json\/wp\/v2\/types\/product"}],"replies":[{"embeddable":true,"href":"https:\/\/medicinasinc.com\/de\/wp-json\/wp\/v2\/comments?post=4908"}],"wp:featuredmedia":[{"embeddable":true,"href":"https:\/\/medicinasinc.com\/de\/wp-json\/wp\/v2\/media\/4922"}],"wp:attachment":[{"href":"https:\/\/medicinasinc.com\/de\/wp-json\/wp\/v2\/media?parent=4908"}],"wp:term":[{"taxonomy":"product_brand","embeddable":true,"href":"https:\/\/medicinasinc.com\/de\/wp-json\/wp\/v2\/product_brand?post=4908"},{"taxonomy":"product_cat","embeddable":true,"href":"https:\/\/medicinasinc.com\/de\/wp-json\/wp\/v2\/product_cat?post=4908"},{"taxonomy":"product_tag","embeddable":true,"href":"https:\/\/medicinasinc.com\/de\/wp-json\/wp\/v2\/product_tag?post=4908"}],"curies":[{"name":"wp","href":"https:\/\/api.w.org\/{rel}","templated":true}]}}