{"id":4896,"date":"2022-02-20T17:28:28","date_gmt":"2022-02-20T17:28:28","guid":{"rendered":"https:\/\/medicinasinc.com\/de\/?post_type=product&#038;p=4896"},"modified":"2022-03-18T00:39:17","modified_gmt":"2022-03-18T00:39:17","slug":"kaufen-apollo-11-marihuana","status":"publish","type":"product","link":"https:\/\/medicinasinc.com\/de\/product\/kaufen-apollo-11-marihuana\/","title":{"rendered":"Apollo 11 Marihuana kaufen"},"content":{"rendered":"<div class=\"woocommerce-tabs wc-tabs-wrapper\">\n<div id=\"tab-description\" class=\"woocommerce-Tabs-panel woocommerce-Tabs-panel--description panel entry-content wc-tab\" role=\"tabpanel\" aria-labelledby=\"tab-title-description\">\n<p>KAUFEN SIE MARIHUANA APOLLO 11 SORTE<\/p>\n<p>Apollo 11 ist eine hochpotente Cannabis-Hybridsorte mit starker zerebraler Wirkung, die Ihrem Kopf das Gef\u00fchl geben kann wenn es auf dem Mond landen soll. Die Marihuana-Sorte Apollo 11 hat eine beruhigende Wirkung und ein starkes Gef\u00fchl der k\u00f6rperlichen Entspannung. Die Knospen sind l\u00e4nglich, blassgr\u00fcn und extrem harzig.<\/p>\n<p>WIE VERWENDET MAN MARIHUANA APOLLO 11 SORTE?<\/p>\n<p>Apollo 11 eignet sich zum Rauchen in einem Joint, einer Bong, einer Pfeife oder einem Kopf. <\/p>\n<p>Cannabinoide werden in den Blutkreislauf aufgenommen, wenn der Rauch in die Lunge gelangt. Diese nachmitt\u00e4gliche Freude ist anregend und kreativ und kann Ihnen helfen, mentales Geschw\u00e4tz auszublenden und sich auf das zu konzentrieren, was direkt vor Ihnen liegt.<\/p>\n<p>WAS SIND DIE NEBENWIRKUNGEN DER MARIHUANA-SORTE APOLLO 11?<\/p>\n<p>Nach dem Rauchen von Apollo 11 k\u00f6nnen folgende Schwierigkeiten auftreten:<br \/> \u2022 Schwindel \u2022 Bewusstlosigkeit \u2022 Mundtrockenheit \u2022 Trockene Augen \u2022 Appetitverlust<\/p>\n<p>WELCHE WECHSELWIRKUNGEN SIND DIE APOLLO 11 MARIHUANA-SORTE?<\/p>\n<p>Wechselwirkungen zwischen Krankheiten:<br \/> \u2022 Herz-Kreislauf-Probleme<br \/> \u2022 Sexuelle Schwierigkeiten<\/p>\n<p>Lebensmittel-\/Medikamentenwechselwirkungen beinhalten die folgenden: \u2022 Alkohol \u2022 Steroide<\/p>\n<p>WAS IST DER BESTE ORT, UM APOLLO 11 MARIHUANA-SORTE ZU KAUFEN?<\/p>\n<p>Cannabis OTC Supplier ist die beste Online-Apotheke, die nur echte, qualitativ hochwertige Produkte verkauft. Sie k\u00f6nnen Apollo 11 Cannabis online kaufen. Kaufen Sie den Apollo 11-Stamm zu den besten verf\u00fcgbaren Preisen hier.<\/p>\n<\/p><\/div><\/div>\n","protected":false},"excerpt":{"rendered":"<div class=\"woocommerce-product-details__short-description\">\n<p>Kaufen Sie die Marihuana-Sorte Apollo 11. Diese psychoaktive Blume ist reich an THC und wird Sie in Liebesstimmung versetzen.<\/p>\n<p>Kaufen Sie 1\/2 Unze Apollo 11 Marihuana Sorte. Apollo 11 ist eine sativadominierte Sorte mit langen, hellgr\u00fcnen Knospen, die mit langen, blassen Haaren bedeckt sind. Die Knospen sind extrem harzig, was zu einem klebrigen Gef\u00fchl in der Hand f\u00fchrt. Cannabis zu verkaufen, wo Marihuana von der Apollo 11-Mission erh\u00e4ltlich ist.<\/p>\n<\/p><\/div>\n","protected":false},"featured_media":4911,"comment_status":"open","ping_status":"closed","template":"","meta":[],"product_brand":[],"product_cat":[778],"product_tag":[],"class_list":{"0":"post-4896","1":"product","2":"type-product","3":"status-publish","4":"has-post-thumbnail","6":"product_cat-unkraut-zu-verkaufen","8":"first","9":"instock","10":"shipping-taxable","11":"purchasable","12":"product-type-variable","13":"has-default-attributes"},"yoast_head":"<!-- This site is optimized with the Yoast SEO plugin v27.3 - https:\/\/yoast.com\/product\/yoast-seo-wordpress\/ -->\n<title>Kaufen Sie Apollo 11 Marihuana - Best Best Global Meds<\/title>\n<meta name=\"description\" content=\"Kaufen Sie Apollo 11 Marihuana-Sorte zum Verkauf. Diese psychoaktive Blume mit hohem THC-Gehalt wird Sie in Liebesstimmung versetzen\" \/>\n<meta name=\"robots\" content=\"index, follow, max-snippet:-1, max-image-preview:large, max-video-preview:-1\" \/>\n<link rel=\"canonical\" href=\"https:\/\/medicinasinc.com\/de\/product\/kaufen-apollo-11-marihuana\/\" \/>\n<meta property=\"og:locale\" content=\"de_DE\" \/>\n<meta property=\"og:type\" content=\"article\" \/>\n<meta property=\"og:title\" content=\"Kaufen Sie Apollo 11 Marihuana - Best Best Global Meds\" \/>\n<meta property=\"og:description\" content=\"Kaufen Sie Apollo 11 Marihuana-Sorte zum Verkauf. Diese psychoaktive Blume mit hohem THC-Gehalt wird Sie in Liebesstimmung versetzen\" \/>\n<meta property=\"og:url\" content=\"https:\/\/medicinasinc.com\/de\/product\/kaufen-apollo-11-marihuana\/\" \/>\n<meta property=\"og:site_name\" content=\"Medicinas Inc\" \/>\n<meta property=\"article:modified_time\" content=\"2022-03-18T00:39:17+00:00\" \/>\n<meta property=\"og:image\" content=\"https:\/\/medicinasinc.com\/de\/wp-content\/uploads\/sites\/6\/2022\/02\/Buy-Apollo-11-Marijuana-1.jpg\" \/>\n\t<meta property=\"og:image:width\" content=\"243\" \/>\n\t<meta property=\"og:image:height\" content=\"207\" \/>\n\t<meta property=\"og:image:type\" content=\"image\/jpeg\" \/>\n<meta name=\"twitter:card\" content=\"summary_large_image\" \/>\n<meta name=\"twitter:label1\" content=\"Gesch\u00e4tzte Lesezeit\" \/>\n\t<meta name=\"twitter:data1\" content=\"1\u00a0Minute\" \/>\n<script type=\"application\/ld+json\" class=\"yoast-schema-graph\">{\"@context\":\"https:\\\/\\\/schema.org\",\"@graph\":[{\"@type\":\"WebPage\",\"@id\":\"https:\\\/\\\/medicinasinc.com\\\/de\\\/product\\\/kaufen-apollo-11-marihuana\\\/\",\"url\":\"https:\\\/\\\/medicinasinc.com\\\/de\\\/product\\\/kaufen-apollo-11-marihuana\\\/\",\"name\":\"Kaufen Sie Apollo 11 Marihuana - Best Best Global Meds\",\"isPartOf\":{\"@id\":\"https:\\\/\\\/medicinasinc.com\\\/de\\\/#website\"},\"primaryImageOfPage\":{\"@id\":\"https:\\\/\\\/medicinasinc.com\\\/de\\\/product\\\/kaufen-apollo-11-marihuana\\\/#primaryimage\"},\"image\":{\"@id\":\"https:\\\/\\\/medicinasinc.com\\\/de\\\/product\\\/kaufen-apollo-11-marihuana\\\/#primaryimage\"},\"thumbnailUrl\":\"https:\\\/\\\/medicinasinc.com\\\/de\\\/wp-content\\\/uploads\\\/sites\\\/6\\\/2022\\\/02\\\/Buy-Apollo-11-Marijuana-1.jpg\",\"datePublished\":\"2022-02-20T17:28:28+00:00\",\"dateModified\":\"2022-03-18T00:39:17+00:00\",\"description\":\"Kaufen Sie Apollo 11 Marihuana-Sorte zum Verkauf. Diese psychoaktive Blume mit hohem THC-Gehalt wird Sie in Liebesstimmung versetzen\",\"breadcrumb\":{\"@id\":\"https:\\\/\\\/medicinasinc.com\\\/de\\\/product\\\/kaufen-apollo-11-marihuana\\\/#breadcrumb\"},\"inLanguage\":\"de\",\"potentialAction\":[{\"@type\":\"ReadAction\",\"target\":[\"https:\\\/\\\/medicinasinc.com\\\/de\\\/product\\\/kaufen-apollo-11-marihuana\\\/\"]}]},{\"@type\":\"ImageObject\",\"inLanguage\":\"de\",\"@id\":\"https:\\\/\\\/medicinasinc.com\\\/de\\\/product\\\/kaufen-apollo-11-marihuana\\\/#primaryimage\",\"url\":\"https:\\\/\\\/medicinasinc.com\\\/de\\\/wp-content\\\/uploads\\\/sites\\\/6\\\/2022\\\/02\\\/Buy-Apollo-11-Marijuana-1.jpg\",\"contentUrl\":\"https:\\\/\\\/medicinasinc.com\\\/de\\\/wp-content\\\/uploads\\\/sites\\\/6\\\/2022\\\/02\\\/Buy-Apollo-11-Marijuana-1.jpg\",\"width\":243,\"height\":207},{\"@type\":\"BreadcrumbList\",\"@id\":\"https:\\\/\\\/medicinasinc.com\\\/de\\\/product\\\/kaufen-apollo-11-marihuana\\\/#breadcrumb\",\"itemListElement\":[{\"@type\":\"ListItem\",\"position\":1,\"name\":\"Einkaufen\",\"item\":\"https:\\\/\\\/medicinasinc.com\\\/de\\\/einkaufen\\\/\"},{\"@type\":\"ListItem\",\"position\":2,\"name\":\"Apollo 11 Marihuana kaufen\"}]},{\"@type\":\"WebSite\",\"@id\":\"https:\\\/\\\/medicinasinc.com\\\/de\\\/#website\",\"url\":\"https:\\\/\\\/medicinasinc.com\\\/de\\\/\",\"name\":\"Medicinas Inc\",\"description\":\"Health Medical Clinic\",\"potentialAction\":[{\"@type\":\"SearchAction\",\"target\":{\"@type\":\"EntryPoint\",\"urlTemplate\":\"https:\\\/\\\/medicinasinc.com\\\/de\\\/?s={search_term_string}\"},\"query-input\":{\"@type\":\"PropertyValueSpecification\",\"valueRequired\":true,\"valueName\":\"search_term_string\"}}],\"inLanguage\":\"de\"}]}<\/script>\n<!-- \/ Yoast SEO plugin. -->","yoast_head_json":{"title":"Kaufen Sie Apollo 11 Marihuana - Best Best Global Meds","description":"Kaufen Sie Apollo 11 Marihuana-Sorte zum Verkauf. Diese psychoaktive Blume mit hohem THC-Gehalt wird Sie in Liebesstimmung versetzen","robots":{"index":"index","follow":"follow","max-snippet":"max-snippet:-1","max-image-preview":"max-image-preview:large","max-video-preview":"max-video-preview:-1"},"canonical":"https:\/\/medicinasinc.com\/de\/product\/kaufen-apollo-11-marihuana\/","og_locale":"de_DE","og_type":"article","og_title":"Kaufen Sie Apollo 11 Marihuana - Best Best Global Meds","og_description":"Kaufen Sie Apollo 11 Marihuana-Sorte zum Verkauf. Diese psychoaktive Blume mit hohem THC-Gehalt wird Sie in Liebesstimmung versetzen","og_url":"https:\/\/medicinasinc.com\/de\/product\/kaufen-apollo-11-marihuana\/","og_site_name":"Medicinas Inc","article_modified_time":"2022-03-18T00:39:17+00:00","og_image":[{"width":243,"height":207,"url":"https:\/\/medicinasinc.com\/de\/wp-content\/uploads\/sites\/6\/2022\/02\/Buy-Apollo-11-Marijuana-1.jpg","type":"image\/jpeg"}],"twitter_card":"summary_large_image","twitter_misc":{"Gesch\u00e4tzte Lesezeit":"1\u00a0Minute"},"schema":{"@context":"https:\/\/schema.org","@graph":[{"@type":"WebPage","@id":"https:\/\/medicinasinc.com\/de\/product\/kaufen-apollo-11-marihuana\/","url":"https:\/\/medicinasinc.com\/de\/product\/kaufen-apollo-11-marihuana\/","name":"Kaufen Sie Apollo 11 Marihuana - Best Best Global Meds","isPartOf":{"@id":"https:\/\/medicinasinc.com\/de\/#website"},"primaryImageOfPage":{"@id":"https:\/\/medicinasinc.com\/de\/product\/kaufen-apollo-11-marihuana\/#primaryimage"},"image":{"@id":"https:\/\/medicinasinc.com\/de\/product\/kaufen-apollo-11-marihuana\/#primaryimage"},"thumbnailUrl":"https:\/\/medicinasinc.com\/de\/wp-content\/uploads\/sites\/6\/2022\/02\/Buy-Apollo-11-Marijuana-1.jpg","datePublished":"2022-02-20T17:28:28+00:00","dateModified":"2022-03-18T00:39:17+00:00","description":"Kaufen Sie Apollo 11 Marihuana-Sorte zum Verkauf. Diese psychoaktive Blume mit hohem THC-Gehalt wird Sie in Liebesstimmung versetzen","breadcrumb":{"@id":"https:\/\/medicinasinc.com\/de\/product\/kaufen-apollo-11-marihuana\/#breadcrumb"},"inLanguage":"de","potentialAction":[{"@type":"ReadAction","target":["https:\/\/medicinasinc.com\/de\/product\/kaufen-apollo-11-marihuana\/"]}]},{"@type":"ImageObject","inLanguage":"de","@id":"https:\/\/medicinasinc.com\/de\/product\/kaufen-apollo-11-marihuana\/#primaryimage","url":"https:\/\/medicinasinc.com\/de\/wp-content\/uploads\/sites\/6\/2022\/02\/Buy-Apollo-11-Marijuana-1.jpg","contentUrl":"https:\/\/medicinasinc.com\/de\/wp-content\/uploads\/sites\/6\/2022\/02\/Buy-Apollo-11-Marijuana-1.jpg","width":243,"height":207},{"@type":"BreadcrumbList","@id":"https:\/\/medicinasinc.com\/de\/product\/kaufen-apollo-11-marihuana\/#breadcrumb","itemListElement":[{"@type":"ListItem","position":1,"name":"Einkaufen","item":"https:\/\/medicinasinc.com\/de\/einkaufen\/"},{"@type":"ListItem","position":2,"name":"Apollo 11 Marihuana kaufen"}]},{"@type":"WebSite","@id":"https:\/\/medicinasinc.com\/de\/#website","url":"https:\/\/medicinasinc.com\/de\/","name":"Medicinas Inc","description":"Health Medical Clinic","potentialAction":[{"@type":"SearchAction","target":{"@type":"EntryPoint","urlTemplate":"https:\/\/medicinasinc.com\/de\/?s={search_term_string}"},"query-input":{"@type":"PropertyValueSpecification","valueRequired":true,"valueName":"search_term_string"}}],"inLanguage":"de"}]}},"_links":{"self":[{"href":"https:\/\/medicinasinc.com\/de\/wp-json\/wp\/v2\/product\/4896","targetHints":{"allow":["GET"]}}],"collection":[{"href":"https:\/\/medicinasinc.com\/de\/wp-json\/wp\/v2\/product"}],"about":[{"href":"https:\/\/medicinasinc.com\/de\/wp-json\/wp\/v2\/types\/product"}],"replies":[{"embeddable":true,"href":"https:\/\/medicinasinc.com\/de\/wp-json\/wp\/v2\/comments?post=4896"}],"wp:featuredmedia":[{"embeddable":true,"href":"https:\/\/medicinasinc.com\/de\/wp-json\/wp\/v2\/media\/4911"}],"wp:attachment":[{"href":"https:\/\/medicinasinc.com\/de\/wp-json\/wp\/v2\/media?parent=4896"}],"wp:term":[{"taxonomy":"product_brand","embeddable":true,"href":"https:\/\/medicinasinc.com\/de\/wp-json\/wp\/v2\/product_brand?post=4896"},{"taxonomy":"product_cat","embeddable":true,"href":"https:\/\/medicinasinc.com\/de\/wp-json\/wp\/v2\/product_cat?post=4896"},{"taxonomy":"product_tag","embeddable":true,"href":"https:\/\/medicinasinc.com\/de\/wp-json\/wp\/v2\/product_tag?post=4896"}],"curies":[{"name":"wp","href":"https:\/\/api.w.org\/{rel}","templated":true}]}}