{"id":4895,"date":"2022-02-20T17:27:17","date_gmt":"2022-02-20T17:27:17","guid":{"rendered":"https:\/\/medicinasinc.com\/de\/?post_type=product&#038;p=4895"},"modified":"2022-03-18T00:39:29","modified_gmt":"2022-03-18T00:39:29","slug":"kaufen-ak-47-marihuana","status":"publish","type":"product","link":"https:\/\/medicinasinc.com\/de\/product\/kaufen-ak-47-marihuana\/","title":{"rendered":"Kaufen Sie AK-47 Marihuana"},"content":{"rendered":"<p><strong>Kaufen Sie AK-47 Marihuana Sativa Strain online.<\/strong><\/p>\n<p><strong>Online-Kauf von AK-47 Marihuana Sativa Strain.<\/strong><\/p>\n<p> AK-47 Marihuana ist ein Sativa-dominanter Hybrid \u2013 65 % Sativa und 35 % Indica. Der THC-Gehalt von Indica<br \/> liegt zwischen 13\u00a0% und 20\u00a0%, der CBD-Gehalt liegt bei 1\u00a0% und der CBN-Gehalt bei 1\u00a0%.<\/p>\n<p>Kreative, energetisierende, euphorische und fr\u00f6hliche Aromen k\u00f6nnen chronische bipolare St\u00f6rungen lindern Schmerzen, Depressionen, Kopfschmerzen, Schlaflosigkeit, Appetitlosigkeit, Migr\u00e4ne, posttraumatische Belastungsst\u00f6rung und Stress<br \/> Aromen von Skunk, S\u00fc\u00dfe und Holz<br \/> Scharf, skunkig, sauer und w\u00fcrzig<\/p>\n","protected":false},"excerpt":{"rendered":"<p>Kaufen Sie AK-47 Marijuana Sativa Strain zum Verkauf online in Gro\u00dfbritannien und Europa. KAUFEN SIE WEED ONLINE AUSTRALIEN<\/p>\n<p>&nbsp;<\/p>\n","protected":false},"featured_media":4909,"comment_status":"open","ping_status":"closed","template":"","meta":[],"product_brand":[],"product_cat":[778],"product_tag":[782,781,779,780,783,785,786,784],"class_list":{"0":"post-4895","1":"product","2":"type-product","3":"status-publish","4":"has-post-thumbnail","6":"product_cat-unkraut-zu-verkaufen","7":"product_tag-ak-47-strain-fr-angst","8":"product_tag-ak-47-strain-effekte","9":"product_tag-ak-47-runtz-stamm","10":"product_tag-ak-47-seeds-feminisiert-uk","11":"product_tag-ak-47-strain-preis","12":"product_tag-cherry-ak-47-seeds","13":"product_tag-seriser-seeds-ak-47-review","14":"product_tag-ak-47-stamm-geruch","16":"first","17":"instock","18":"shipping-taxable","19":"purchasable","20":"product-type-variable","21":"has-default-attributes"},"yoast_head":"<!-- This site is optimized with the Yoast SEO plugin v27.3 - https:\/\/yoast.com\/product\/yoast-seo-wordpress\/ -->\n<title>Kaufen Sie AK-47 Marihuana - Best Best Global Meds<\/title>\n<meta name=\"description\" content=\"Kaufen Sie AK-47 Marijuana Sativa Sorte zum Verkauf online UK, Europa. KAUFEN SIE WEED ONLINE AUSTRALIEN Kaufen Sie Marihuana online Australien , Australien Weed zum Verkauf.\" \/>\n<meta name=\"robots\" content=\"index, follow, max-snippet:-1, max-image-preview:large, max-video-preview:-1\" \/>\n<link rel=\"canonical\" href=\"https:\/\/medicinasinc.com\/de\/product\/kaufen-ak-47-marihuana\/\" \/>\n<meta property=\"og:locale\" content=\"de_DE\" \/>\n<meta property=\"og:type\" content=\"article\" \/>\n<meta property=\"og:title\" content=\"Kaufen Sie AK-47 Marihuana - Best Best Global Meds\" \/>\n<meta property=\"og:description\" content=\"Kaufen Sie AK-47 Marijuana Sativa Sorte zum Verkauf online UK, Europa. KAUFEN SIE WEED ONLINE AUSTRALIEN Kaufen Sie Marihuana online Australien , Australien Weed zum Verkauf.\" \/>\n<meta property=\"og:url\" content=\"https:\/\/medicinasinc.com\/de\/product\/kaufen-ak-47-marihuana\/\" \/>\n<meta property=\"og:site_name\" content=\"Medicinas Inc\" \/>\n<meta property=\"article:modified_time\" content=\"2022-03-18T00:39:29+00:00\" \/>\n<meta property=\"og:image\" content=\"https:\/\/medicinasinc.com\/de\/wp-content\/uploads\/sites\/6\/2022\/02\/Buy-AK-47-Marijuana.jpeg\" \/>\n\t<meta property=\"og:image:width\" content=\"1242\" \/>\n\t<meta property=\"og:image:height\" content=\"1051\" \/>\n\t<meta property=\"og:image:type\" content=\"image\/jpeg\" \/>\n<meta name=\"twitter:card\" content=\"summary_large_image\" \/>\n<meta name=\"twitter:label1\" content=\"Gesch\u00e4tzte Lesezeit\" \/>\n\t<meta name=\"twitter:data1\" content=\"1\u00a0Minute\" \/>\n<script type=\"application\/ld+json\" class=\"yoast-schema-graph\">{\"@context\":\"https:\\\/\\\/schema.org\",\"@graph\":[{\"@type\":\"WebPage\",\"@id\":\"https:\\\/\\\/medicinasinc.com\\\/de\\\/product\\\/kaufen-ak-47-marihuana\\\/\",\"url\":\"https:\\\/\\\/medicinasinc.com\\\/de\\\/product\\\/kaufen-ak-47-marihuana\\\/\",\"name\":\"Kaufen Sie AK-47 Marihuana - Best Best Global Meds\",\"isPartOf\":{\"@id\":\"https:\\\/\\\/medicinasinc.com\\\/de\\\/#website\"},\"primaryImageOfPage\":{\"@id\":\"https:\\\/\\\/medicinasinc.com\\\/de\\\/product\\\/kaufen-ak-47-marihuana\\\/#primaryimage\"},\"image\":{\"@id\":\"https:\\\/\\\/medicinasinc.com\\\/de\\\/product\\\/kaufen-ak-47-marihuana\\\/#primaryimage\"},\"thumbnailUrl\":\"https:\\\/\\\/medicinasinc.com\\\/de\\\/wp-content\\\/uploads\\\/sites\\\/6\\\/2022\\\/02\\\/Buy-AK-47-Marijuana.jpeg\",\"datePublished\":\"2022-02-20T17:27:17+00:00\",\"dateModified\":\"2022-03-18T00:39:29+00:00\",\"description\":\"Kaufen Sie AK-47 Marijuana Sativa Sorte zum Verkauf online UK, Europa. KAUFEN SIE WEED ONLINE AUSTRALIEN Kaufen Sie Marihuana online Australien , Australien Weed zum Verkauf.\",\"breadcrumb\":{\"@id\":\"https:\\\/\\\/medicinasinc.com\\\/de\\\/product\\\/kaufen-ak-47-marihuana\\\/#breadcrumb\"},\"inLanguage\":\"de\",\"potentialAction\":[{\"@type\":\"ReadAction\",\"target\":[\"https:\\\/\\\/medicinasinc.com\\\/de\\\/product\\\/kaufen-ak-47-marihuana\\\/\"]}]},{\"@type\":\"ImageObject\",\"inLanguage\":\"de\",\"@id\":\"https:\\\/\\\/medicinasinc.com\\\/de\\\/product\\\/kaufen-ak-47-marihuana\\\/#primaryimage\",\"url\":\"https:\\\/\\\/medicinasinc.com\\\/de\\\/wp-content\\\/uploads\\\/sites\\\/6\\\/2022\\\/02\\\/Buy-AK-47-Marijuana.jpeg\",\"contentUrl\":\"https:\\\/\\\/medicinasinc.com\\\/de\\\/wp-content\\\/uploads\\\/sites\\\/6\\\/2022\\\/02\\\/Buy-AK-47-Marijuana.jpeg\",\"width\":1242,\"height\":1051},{\"@type\":\"BreadcrumbList\",\"@id\":\"https:\\\/\\\/medicinasinc.com\\\/de\\\/product\\\/kaufen-ak-47-marihuana\\\/#breadcrumb\",\"itemListElement\":[{\"@type\":\"ListItem\",\"position\":1,\"name\":\"Einkaufen\",\"item\":\"https:\\\/\\\/medicinasinc.com\\\/de\\\/einkaufen\\\/\"},{\"@type\":\"ListItem\",\"position\":2,\"name\":\"Kaufen Sie AK-47 Marihuana\"}]},{\"@type\":\"WebSite\",\"@id\":\"https:\\\/\\\/medicinasinc.com\\\/de\\\/#website\",\"url\":\"https:\\\/\\\/medicinasinc.com\\\/de\\\/\",\"name\":\"Medicinas Inc\",\"description\":\"Health Medical Clinic\",\"potentialAction\":[{\"@type\":\"SearchAction\",\"target\":{\"@type\":\"EntryPoint\",\"urlTemplate\":\"https:\\\/\\\/medicinasinc.com\\\/de\\\/?s={search_term_string}\"},\"query-input\":{\"@type\":\"PropertyValueSpecification\",\"valueRequired\":true,\"valueName\":\"search_term_string\"}}],\"inLanguage\":\"de\"}]}<\/script>\n<!-- \/ Yoast SEO plugin. -->","yoast_head_json":{"title":"Kaufen Sie AK-47 Marihuana - Best Best Global Meds","description":"Kaufen Sie AK-47 Marijuana Sativa Sorte zum Verkauf online UK, Europa. KAUFEN SIE WEED ONLINE AUSTRALIEN Kaufen Sie Marihuana online Australien , Australien Weed zum Verkauf.","robots":{"index":"index","follow":"follow","max-snippet":"max-snippet:-1","max-image-preview":"max-image-preview:large","max-video-preview":"max-video-preview:-1"},"canonical":"https:\/\/medicinasinc.com\/de\/product\/kaufen-ak-47-marihuana\/","og_locale":"de_DE","og_type":"article","og_title":"Kaufen Sie AK-47 Marihuana - Best Best Global Meds","og_description":"Kaufen Sie AK-47 Marijuana Sativa Sorte zum Verkauf online UK, Europa. KAUFEN SIE WEED ONLINE AUSTRALIEN Kaufen Sie Marihuana online Australien , Australien Weed zum Verkauf.","og_url":"https:\/\/medicinasinc.com\/de\/product\/kaufen-ak-47-marihuana\/","og_site_name":"Medicinas Inc","article_modified_time":"2022-03-18T00:39:29+00:00","og_image":[{"width":1242,"height":1051,"url":"https:\/\/medicinasinc.com\/de\/wp-content\/uploads\/sites\/6\/2022\/02\/Buy-AK-47-Marijuana.jpeg","type":"image\/jpeg"}],"twitter_card":"summary_large_image","twitter_misc":{"Gesch\u00e4tzte Lesezeit":"1\u00a0Minute"},"schema":{"@context":"https:\/\/schema.org","@graph":[{"@type":"WebPage","@id":"https:\/\/medicinasinc.com\/de\/product\/kaufen-ak-47-marihuana\/","url":"https:\/\/medicinasinc.com\/de\/product\/kaufen-ak-47-marihuana\/","name":"Kaufen Sie AK-47 Marihuana - Best Best Global Meds","isPartOf":{"@id":"https:\/\/medicinasinc.com\/de\/#website"},"primaryImageOfPage":{"@id":"https:\/\/medicinasinc.com\/de\/product\/kaufen-ak-47-marihuana\/#primaryimage"},"image":{"@id":"https:\/\/medicinasinc.com\/de\/product\/kaufen-ak-47-marihuana\/#primaryimage"},"thumbnailUrl":"https:\/\/medicinasinc.com\/de\/wp-content\/uploads\/sites\/6\/2022\/02\/Buy-AK-47-Marijuana.jpeg","datePublished":"2022-02-20T17:27:17+00:00","dateModified":"2022-03-18T00:39:29+00:00","description":"Kaufen Sie AK-47 Marijuana Sativa Sorte zum Verkauf online UK, Europa. KAUFEN SIE WEED ONLINE AUSTRALIEN Kaufen Sie Marihuana online Australien , Australien Weed zum Verkauf.","breadcrumb":{"@id":"https:\/\/medicinasinc.com\/de\/product\/kaufen-ak-47-marihuana\/#breadcrumb"},"inLanguage":"de","potentialAction":[{"@type":"ReadAction","target":["https:\/\/medicinasinc.com\/de\/product\/kaufen-ak-47-marihuana\/"]}]},{"@type":"ImageObject","inLanguage":"de","@id":"https:\/\/medicinasinc.com\/de\/product\/kaufen-ak-47-marihuana\/#primaryimage","url":"https:\/\/medicinasinc.com\/de\/wp-content\/uploads\/sites\/6\/2022\/02\/Buy-AK-47-Marijuana.jpeg","contentUrl":"https:\/\/medicinasinc.com\/de\/wp-content\/uploads\/sites\/6\/2022\/02\/Buy-AK-47-Marijuana.jpeg","width":1242,"height":1051},{"@type":"BreadcrumbList","@id":"https:\/\/medicinasinc.com\/de\/product\/kaufen-ak-47-marihuana\/#breadcrumb","itemListElement":[{"@type":"ListItem","position":1,"name":"Einkaufen","item":"https:\/\/medicinasinc.com\/de\/einkaufen\/"},{"@type":"ListItem","position":2,"name":"Kaufen Sie AK-47 Marihuana"}]},{"@type":"WebSite","@id":"https:\/\/medicinasinc.com\/de\/#website","url":"https:\/\/medicinasinc.com\/de\/","name":"Medicinas Inc","description":"Health Medical Clinic","potentialAction":[{"@type":"SearchAction","target":{"@type":"EntryPoint","urlTemplate":"https:\/\/medicinasinc.com\/de\/?s={search_term_string}"},"query-input":{"@type":"PropertyValueSpecification","valueRequired":true,"valueName":"search_term_string"}}],"inLanguage":"de"}]}},"_links":{"self":[{"href":"https:\/\/medicinasinc.com\/de\/wp-json\/wp\/v2\/product\/4895","targetHints":{"allow":["GET"]}}],"collection":[{"href":"https:\/\/medicinasinc.com\/de\/wp-json\/wp\/v2\/product"}],"about":[{"href":"https:\/\/medicinasinc.com\/de\/wp-json\/wp\/v2\/types\/product"}],"replies":[{"embeddable":true,"href":"https:\/\/medicinasinc.com\/de\/wp-json\/wp\/v2\/comments?post=4895"}],"wp:featuredmedia":[{"embeddable":true,"href":"https:\/\/medicinasinc.com\/de\/wp-json\/wp\/v2\/media\/4909"}],"wp:attachment":[{"href":"https:\/\/medicinasinc.com\/de\/wp-json\/wp\/v2\/media?parent=4895"}],"wp:term":[{"taxonomy":"product_brand","embeddable":true,"href":"https:\/\/medicinasinc.com\/de\/wp-json\/wp\/v2\/product_brand?post=4895"},{"taxonomy":"product_cat","embeddable":true,"href":"https:\/\/medicinasinc.com\/de\/wp-json\/wp\/v2\/product_cat?post=4895"},{"taxonomy":"product_tag","embeddable":true,"href":"https:\/\/medicinasinc.com\/de\/wp-json\/wp\/v2\/product_tag?post=4895"}],"curies":[{"name":"wp","href":"https:\/\/api.w.org\/{rel}","templated":true}]}}