{"id":4884,"date":"2022-02-20T17:19:27","date_gmt":"2022-02-20T17:19:27","guid":{"rendered":"https:\/\/medicinasinc.com\/de\/?post_type=product&#038;p=4884"},"modified":"2022-08-03T09:09:32","modified_gmt":"2022-08-03T09:09:32","slug":"kaufen-white-widow-shatter","status":"publish","type":"product","link":"https:\/\/medicinasinc.com\/de\/product\/kaufen-white-widow-shatter\/","title":{"rendered":"White Widow Shatter kaufen"},"content":{"rendered":"<p>KAUFEN SIE ONLINE IM BESTEN ONLINE-SHOP WHITE WIDOW SHATTER<\/p>\n<p>Wenn Sie White Widow Shatter online kaufen m\u00f6chten, kontaktieren Sie den MJ Online Bud Store. Wir bieten die besten Preise f\u00fcr White Widow Shatter. Als bestes Gesch\u00e4ft auf dem Online-Markt der Vereinigten Staaten von Amerika, des Vereinigten K\u00f6nigreichs, Kanadas, Deutschlands und Australiens \u00fcbersehen wir keinen Aspekt der Erf\u00fcllung der Anforderungen, die von Kunden bei der Online-Bestellung von White Widow Shatter angegeben werden.<\/p>\n<p>Warum sollten Einzelpersonen White Widow Shatter verwenden?<\/p>\n<p>White Widow Shatter ist eine legend\u00e4re Hybridsorte, die weltweit verehrt wird. Diese Sorte wird ausschlie\u00dflich durch Kreuzung einer brasilianischen Sativa-Landrasse mit einer s\u00fcdindischen Indica hergestellt. Seine Farbe ist dunkles Bernstein. Dieses Konzentrat hat eine extrem knackige Textur, wodurch es sehr einfach zu verwenden ist. Beim Rauchen bietet diese Sorte ein traditionelles Cannabiserlebnis. Es enth\u00e4lt zwischen 75 % und 80 % THC. Au\u00dferdem ist sie daf\u00fcr bekannt, ein ausgezeichneter Dab f\u00fcr den Morgen oder den Tag zu sein. Der Geschmack dieser Sorte ist typisch erdig, holzig und blumig.<\/p>\n<p>Sie ist eine bekannte Sorte f\u00fcr ihre euphorische und zerebrale Wirkung.<br \/>\nSie sorgt f\u00fcr einen sofortigen und euphorischen zerebralen Rausch.<br \/>\nSie l\u00f6st eine starke Euphorie aus, die zu erh\u00f6hter Kreativit\u00e4t f\u00fchrt.<br \/>\nSie lindert Schmerzen und f\u00f6rdert ultimative Ruhe.<br \/>\nSie ist eine ideale Sorte bei leichten bis mittelschweren Schmerzen, Stress, Depressionen und M\u00fcdigkeit.<br \/>\nEs f\u00f6rdert Aktivit\u00e4ten wie moderate Arbeit oder k\u00f6rperliche Aktivit\u00e4t, soziale Interaktion, Erholung und kreative Bem\u00fchungen.<br \/>\nWelches ist der beste Online-Shop, um White Widow Shatter zu kaufen?<\/p>\n<p>White Widow Shatter kann gekauft werden nichts anderes als MJ Online Bud Store. Innerhalb kurzer Zeit erhalten Sie Ihre Online-Bestellung f\u00fcr White Widow Shatter. Bestellen Sie White Widow Shatter noch heute online und treten Sie in unserer Online-Apotheke mit den besten Verk\u00e4ufern und Lieferanten in Kontakt.<\/p>\n","protected":false},"excerpt":{"rendered":"<p>Wenn Sie White Widow Shatter zum Verkauf online kaufen m\u00f6chten, dann wenden Sie sich an den Online-Shop von Medicinasinc.com. Wir haben White Widow Shatter zum Verkauf zu den besten Preisen.<\/p>\n<p>&nbsp;<\/p>\n<ul>\n<li>Weltweiter Versand<\/li>\n<li><strong>Qualit\u00e4t: AAAAA<\/strong><\/li>\n<li><strong>Kontaktieren Sie uns<\/strong>\u00a0f\u00fcr gr\u00f6\u00dfere Bestellungen<\/li>\n<\/ul>\n","protected":false},"featured_media":4899,"comment_status":"open","ping_status":"closed","template":"","meta":[],"product_brand":[],"product_cat":[777],"product_tag":[],"class_list":{"0":"post-4884","1":"product","2":"type-product","3":"status-publish","4":"has-post-thumbnail","6":"product_cat-kaufen-zerschmettern","8":"first","9":"instock","10":"shipping-taxable","11":"purchasable","12":"product-type-variable","13":"has-default-attributes"},"yoast_head":"<!-- This site is optimized with the Yoast SEO plugin v27.3 - https:\/\/yoast.com\/product\/yoast-seo-wordpress\/ -->\n<title>Kaufen Sie White Widow Shatter - die besten besten globalen Medikamente<\/title>\n<meta name=\"description\" content=\"Wenn Sie White Widow Shatter zum Verkauf online kaufen m\u00f6chten, dann wenden Sie sich an den Medicinasinc.com Online Store. Wir haben White Widow Shatter zum Verkauf zu den besten Preisen.\" \/>\n<meta name=\"robots\" content=\"index, follow, max-snippet:-1, max-image-preview:large, max-video-preview:-1\" \/>\n<link rel=\"canonical\" href=\"https:\/\/medicinasinc.com\/de\/product\/kaufen-white-widow-shatter\/\" \/>\n<meta property=\"og:locale\" content=\"de_DE\" \/>\n<meta property=\"og:type\" content=\"article\" \/>\n<meta property=\"og:title\" content=\"Kaufen Sie White Widow Shatter - die besten besten globalen Medikamente\" \/>\n<meta property=\"og:description\" content=\"Wenn Sie White Widow Shatter zum Verkauf online kaufen m\u00f6chten, dann wenden Sie sich an den Medicinasinc.com Online Store. Wir haben White Widow Shatter zum Verkauf zu den besten Preisen.\" \/>\n<meta property=\"og:url\" content=\"https:\/\/medicinasinc.com\/de\/product\/kaufen-white-widow-shatter\/\" \/>\n<meta property=\"og:site_name\" content=\"Medicinas Inc\" \/>\n<meta property=\"article:modified_time\" content=\"2022-08-03T09:09:32+00:00\" \/>\n<meta property=\"og:image\" content=\"https:\/\/medicinasinc.com\/de\/wp-content\/uploads\/sites\/6\/2022\/02\/Buy-White-Widow-Shatter.jpg\" \/>\n\t<meta property=\"og:image:width\" content=\"600\" \/>\n\t<meta property=\"og:image:height\" content=\"600\" \/>\n\t<meta property=\"og:image:type\" content=\"image\/jpeg\" \/>\n<meta name=\"twitter:card\" content=\"summary_large_image\" \/>\n<meta name=\"twitter:label1\" content=\"Gesch\u00e4tzte Lesezeit\" \/>\n\t<meta name=\"twitter:data1\" content=\"2\u00a0Minuten\" \/>\n<script type=\"application\/ld+json\" class=\"yoast-schema-graph\">{\"@context\":\"https:\\\/\\\/schema.org\",\"@graph\":[{\"@type\":\"WebPage\",\"@id\":\"https:\\\/\\\/medicinasinc.com\\\/de\\\/product\\\/kaufen-white-widow-shatter\\\/\",\"url\":\"https:\\\/\\\/medicinasinc.com\\\/de\\\/product\\\/kaufen-white-widow-shatter\\\/\",\"name\":\"Kaufen Sie White Widow Shatter - die besten besten globalen Medikamente\",\"isPartOf\":{\"@id\":\"https:\\\/\\\/medicinasinc.com\\\/de\\\/#website\"},\"primaryImageOfPage\":{\"@id\":\"https:\\\/\\\/medicinasinc.com\\\/de\\\/product\\\/kaufen-white-widow-shatter\\\/#primaryimage\"},\"image\":{\"@id\":\"https:\\\/\\\/medicinasinc.com\\\/de\\\/product\\\/kaufen-white-widow-shatter\\\/#primaryimage\"},\"thumbnailUrl\":\"https:\\\/\\\/medicinasinc.com\\\/de\\\/wp-content\\\/uploads\\\/sites\\\/6\\\/2022\\\/02\\\/Buy-White-Widow-Shatter.jpg\",\"datePublished\":\"2022-02-20T17:19:27+00:00\",\"dateModified\":\"2022-08-03T09:09:32+00:00\",\"description\":\"Wenn Sie White Widow Shatter zum Verkauf online kaufen m\u00f6chten, dann wenden Sie sich an den Medicinasinc.com Online Store. Wir haben White Widow Shatter zum Verkauf zu den besten Preisen.\",\"breadcrumb\":{\"@id\":\"https:\\\/\\\/medicinasinc.com\\\/de\\\/product\\\/kaufen-white-widow-shatter\\\/#breadcrumb\"},\"inLanguage\":\"de\",\"potentialAction\":[{\"@type\":\"ReadAction\",\"target\":[\"https:\\\/\\\/medicinasinc.com\\\/de\\\/product\\\/kaufen-white-widow-shatter\\\/\"]}]},{\"@type\":\"ImageObject\",\"inLanguage\":\"de\",\"@id\":\"https:\\\/\\\/medicinasinc.com\\\/de\\\/product\\\/kaufen-white-widow-shatter\\\/#primaryimage\",\"url\":\"https:\\\/\\\/medicinasinc.com\\\/de\\\/wp-content\\\/uploads\\\/sites\\\/6\\\/2022\\\/02\\\/Buy-White-Widow-Shatter.jpg\",\"contentUrl\":\"https:\\\/\\\/medicinasinc.com\\\/de\\\/wp-content\\\/uploads\\\/sites\\\/6\\\/2022\\\/02\\\/Buy-White-Widow-Shatter.jpg\",\"width\":600,\"height\":600},{\"@type\":\"BreadcrumbList\",\"@id\":\"https:\\\/\\\/medicinasinc.com\\\/de\\\/product\\\/kaufen-white-widow-shatter\\\/#breadcrumb\",\"itemListElement\":[{\"@type\":\"ListItem\",\"position\":1,\"name\":\"Einkaufen\",\"item\":\"https:\\\/\\\/medicinasinc.com\\\/de\\\/einkaufen\\\/\"},{\"@type\":\"ListItem\",\"position\":2,\"name\":\"White Widow Shatter kaufen\"}]},{\"@type\":\"WebSite\",\"@id\":\"https:\\\/\\\/medicinasinc.com\\\/de\\\/#website\",\"url\":\"https:\\\/\\\/medicinasinc.com\\\/de\\\/\",\"name\":\"Medicinas Inc\",\"description\":\"Health Medical Clinic\",\"potentialAction\":[{\"@type\":\"SearchAction\",\"target\":{\"@type\":\"EntryPoint\",\"urlTemplate\":\"https:\\\/\\\/medicinasinc.com\\\/de\\\/?s={search_term_string}\"},\"query-input\":{\"@type\":\"PropertyValueSpecification\",\"valueRequired\":true,\"valueName\":\"search_term_string\"}}],\"inLanguage\":\"de\"}]}<\/script>\n<!-- \/ Yoast SEO plugin. -->","yoast_head_json":{"title":"Kaufen Sie White Widow Shatter - die besten besten globalen Medikamente","description":"Wenn Sie White Widow Shatter zum Verkauf online kaufen m\u00f6chten, dann wenden Sie sich an den Medicinasinc.com Online Store. Wir haben White Widow Shatter zum Verkauf zu den besten Preisen.","robots":{"index":"index","follow":"follow","max-snippet":"max-snippet:-1","max-image-preview":"max-image-preview:large","max-video-preview":"max-video-preview:-1"},"canonical":"https:\/\/medicinasinc.com\/de\/product\/kaufen-white-widow-shatter\/","og_locale":"de_DE","og_type":"article","og_title":"Kaufen Sie White Widow Shatter - die besten besten globalen Medikamente","og_description":"Wenn Sie White Widow Shatter zum Verkauf online kaufen m\u00f6chten, dann wenden Sie sich an den Medicinasinc.com Online Store. Wir haben White Widow Shatter zum Verkauf zu den besten Preisen.","og_url":"https:\/\/medicinasinc.com\/de\/product\/kaufen-white-widow-shatter\/","og_site_name":"Medicinas Inc","article_modified_time":"2022-08-03T09:09:32+00:00","og_image":[{"width":600,"height":600,"url":"https:\/\/medicinasinc.com\/de\/wp-content\/uploads\/sites\/6\/2022\/02\/Buy-White-Widow-Shatter.jpg","type":"image\/jpeg"}],"twitter_card":"summary_large_image","twitter_misc":{"Gesch\u00e4tzte Lesezeit":"2\u00a0Minuten"},"schema":{"@context":"https:\/\/schema.org","@graph":[{"@type":"WebPage","@id":"https:\/\/medicinasinc.com\/de\/product\/kaufen-white-widow-shatter\/","url":"https:\/\/medicinasinc.com\/de\/product\/kaufen-white-widow-shatter\/","name":"Kaufen Sie White Widow Shatter - die besten besten globalen Medikamente","isPartOf":{"@id":"https:\/\/medicinasinc.com\/de\/#website"},"primaryImageOfPage":{"@id":"https:\/\/medicinasinc.com\/de\/product\/kaufen-white-widow-shatter\/#primaryimage"},"image":{"@id":"https:\/\/medicinasinc.com\/de\/product\/kaufen-white-widow-shatter\/#primaryimage"},"thumbnailUrl":"https:\/\/medicinasinc.com\/de\/wp-content\/uploads\/sites\/6\/2022\/02\/Buy-White-Widow-Shatter.jpg","datePublished":"2022-02-20T17:19:27+00:00","dateModified":"2022-08-03T09:09:32+00:00","description":"Wenn Sie White Widow Shatter zum Verkauf online kaufen m\u00f6chten, dann wenden Sie sich an den Medicinasinc.com Online Store. Wir haben White Widow Shatter zum Verkauf zu den besten Preisen.","breadcrumb":{"@id":"https:\/\/medicinasinc.com\/de\/product\/kaufen-white-widow-shatter\/#breadcrumb"},"inLanguage":"de","potentialAction":[{"@type":"ReadAction","target":["https:\/\/medicinasinc.com\/de\/product\/kaufen-white-widow-shatter\/"]}]},{"@type":"ImageObject","inLanguage":"de","@id":"https:\/\/medicinasinc.com\/de\/product\/kaufen-white-widow-shatter\/#primaryimage","url":"https:\/\/medicinasinc.com\/de\/wp-content\/uploads\/sites\/6\/2022\/02\/Buy-White-Widow-Shatter.jpg","contentUrl":"https:\/\/medicinasinc.com\/de\/wp-content\/uploads\/sites\/6\/2022\/02\/Buy-White-Widow-Shatter.jpg","width":600,"height":600},{"@type":"BreadcrumbList","@id":"https:\/\/medicinasinc.com\/de\/product\/kaufen-white-widow-shatter\/#breadcrumb","itemListElement":[{"@type":"ListItem","position":1,"name":"Einkaufen","item":"https:\/\/medicinasinc.com\/de\/einkaufen\/"},{"@type":"ListItem","position":2,"name":"White Widow Shatter kaufen"}]},{"@type":"WebSite","@id":"https:\/\/medicinasinc.com\/de\/#website","url":"https:\/\/medicinasinc.com\/de\/","name":"Medicinas Inc","description":"Health Medical Clinic","potentialAction":[{"@type":"SearchAction","target":{"@type":"EntryPoint","urlTemplate":"https:\/\/medicinasinc.com\/de\/?s={search_term_string}"},"query-input":{"@type":"PropertyValueSpecification","valueRequired":true,"valueName":"search_term_string"}}],"inLanguage":"de"}]}},"_links":{"self":[{"href":"https:\/\/medicinasinc.com\/de\/wp-json\/wp\/v2\/product\/4884","targetHints":{"allow":["GET"]}}],"collection":[{"href":"https:\/\/medicinasinc.com\/de\/wp-json\/wp\/v2\/product"}],"about":[{"href":"https:\/\/medicinasinc.com\/de\/wp-json\/wp\/v2\/types\/product"}],"replies":[{"embeddable":true,"href":"https:\/\/medicinasinc.com\/de\/wp-json\/wp\/v2\/comments?post=4884"}],"wp:featuredmedia":[{"embeddable":true,"href":"https:\/\/medicinasinc.com\/de\/wp-json\/wp\/v2\/media\/4899"}],"wp:attachment":[{"href":"https:\/\/medicinasinc.com\/de\/wp-json\/wp\/v2\/media?parent=4884"}],"wp:term":[{"taxonomy":"product_brand","embeddable":true,"href":"https:\/\/medicinasinc.com\/de\/wp-json\/wp\/v2\/product_brand?post=4884"},{"taxonomy":"product_cat","embeddable":true,"href":"https:\/\/medicinasinc.com\/de\/wp-json\/wp\/v2\/product_cat?post=4884"},{"taxonomy":"product_tag","embeddable":true,"href":"https:\/\/medicinasinc.com\/de\/wp-json\/wp\/v2\/product_tag?post=4884"}],"curies":[{"name":"wp","href":"https:\/\/api.w.org\/{rel}","templated":true}]}}