{"id":4883,"date":"2022-02-20T17:18:33","date_gmt":"2022-02-20T17:18:33","guid":{"rendered":"https:\/\/medicinasinc.com\/de\/?post_type=product&#038;p=4883"},"modified":"2022-03-18T00:39:50","modified_gmt":"2022-03-18T00:39:50","slug":"kaufe-sunset-sherbert-shatter","status":"publish","type":"product","link":"https:\/\/medicinasinc.com\/de\/product\/kaufe-sunset-sherbert-shatter\/","title":{"rendered":"Sunset Sherbert Shatter kaufen"},"content":{"rendered":"<p>Sunset Sherbert Shatter kaufen \u2013 Indica-dominanter Premium-Hybrid \u2013 85 % Indica \/ 15 % Sativa<\/p>\n<p>Sunset Sherbert, alternativ als Sherbet bezeichnet, ist der Thronfolger der Girl Scout Cookie. Sunset Sherbert erbte die genetischen Eigenschaften ihrer Eltern Girl Scout Cookies, zu deren genetischer Abstammung OG Kush, Durban Poison und Cherry Pie geh\u00f6rten. Diese Genetik wurde dann mit Pink Panties, einem Indica-Elternteil, gekreuzt. Sunset Sherbert kombiniert einen starken Ganzk\u00f6rper-Kick mit einem belebenden Ausbruch kreativer Energie. Nach dem Rauchen sp\u00fcren die Nutzer einen sofortigen Energieschub \u2013 haupts\u00e4chlich im Kopf \u2013 der sie innerhalb von Minuten gesellig und euphorisch werden l\u00e4sst. Wenn die Wirkung zu wirken beginnt, breitet sich ein sanftes W\u00e4rmegef\u00fchl im ganzen K\u00f6rper aus und h\u00fcllt den Benutzer in v\u00f6llige Entspannung und gl\u00fcckseliges Gl\u00fcck. Sunset Sherbert wurde aufgrund seiner starken Wirkung zur Behandlung von Depressionen, Stress, Angstzust\u00e4nden und leichten bis mittelschweren Schmerzen eingesetzt.<\/p>\n<p>&nbsp;<\/p>\n<p>Bitte beachten Sie, dass aufgrund unvorhergesehener Umst\u00e4nde, wie z wie Sommerhitze, Feuchtigkeit und sogar Zeit, Es besteht immer die M\u00f6glichkeit, dass sich der von Ihnen bestellte Shatter in Wax oder Budder verwandelt, bevor er Sie erreicht.<\/p>\n<p>Leider ist die Umwandlung von Shatter in Wax Budder nicht ungew\u00f6hnlich, wenn er ausgesetzt wird zu erhitzen, aber dies mindert in keiner Weise die Sicherheit oder Wirksamkeit Ihres Shatters. Tats\u00e4chlich werden in diesem Fall die Terpene und Aromastoffe verbessert, wodurch der Geschmack verst\u00e4rkt wird.<\/p>\n<p>Wir bieten keine R\u00fcckerstattung oder Umtausch an, wenn sich Ihr Splitter in Budder oder Wax verwandelt.<\/p>\n<div class=\"Produkt-n\u00e4chstes-vorheriges\">\n<div class=\"product-prev\"><\/div><\/div>\n","protected":false},"excerpt":{"rendered":"<p>Shatter kaufen &#8211; Sunset Sherbert ist online in Europa und im Vereinigten K\u00f6nigreich bei best global meds erh\u00e4ltlich. In Europa finden Sie Shatter &#8211; Cannabisprodukte von Sunset Sherbert.<\/p>\n<p>&nbsp;<\/p>\n<ul>\n<li>Weltweiter Versand<\/li>\n<li><strong>Bewertung: AAAAA<\/strong><\/li>\n<li> <strong>Kontaktieren Sie uns<\/strong>\u00a0f\u00fcr gr\u00f6\u00dfere Bestellungen<\/li>\n<\/ul>\n","protected":false},"featured_media":4897,"comment_status":"open","ping_status":"closed","template":"","meta":[],"product_brand":[],"product_cat":[777],"product_tag":[],"class_list":{"0":"post-4883","1":"product","2":"type-product","3":"status-publish","4":"has-post-thumbnail","6":"product_cat-kaufen-zerschmettern","8":"first","9":"instock","10":"shipping-taxable","11":"purchasable","12":"product-type-variable","13":"has-default-attributes"},"yoast_head":"<!-- This site is optimized with the Yoast SEO plugin v27.3 - https:\/\/yoast.com\/product\/yoast-seo-wordpress\/ -->\n<title>Kaufen Sie Sunset Sherbert Shatter - Best Best Global Meds<\/title>\n<meta name=\"description\" content=\"Kaufen Sie Shatter - Sunset Sherbert online zum Verkauf in Europa, Gro\u00dfbritannien bei The global medicinas. Finden Sie die hochwertigsten Cannabisprodukte von Shatter - Sunset Sherbert in Europa.\" \/>\n<meta name=\"robots\" content=\"index, follow, max-snippet:-1, max-image-preview:large, max-video-preview:-1\" \/>\n<link rel=\"canonical\" href=\"https:\/\/medicinasinc.com\/de\/product\/kaufe-sunset-sherbert-shatter\/\" \/>\n<meta property=\"og:locale\" content=\"de_DE\" \/>\n<meta property=\"og:type\" content=\"article\" \/>\n<meta property=\"og:title\" content=\"Kaufen Sie Sunset Sherbert Shatter - Best Best Global Meds\" \/>\n<meta property=\"og:description\" content=\"Kaufen Sie Shatter - Sunset Sherbert online zum Verkauf in Europa, Gro\u00dfbritannien bei The global medicinas. Finden Sie die hochwertigsten Cannabisprodukte von Shatter - Sunset Sherbert in Europa.\" \/>\n<meta property=\"og:url\" content=\"https:\/\/medicinasinc.com\/de\/product\/kaufe-sunset-sherbert-shatter\/\" \/>\n<meta property=\"og:site_name\" content=\"Medicinas Inc\" \/>\n<meta property=\"article:modified_time\" content=\"2022-03-18T00:39:50+00:00\" \/>\n<meta property=\"og:image\" content=\"https:\/\/medicinasinc.com\/de\/wp-content\/uploads\/sites\/6\/2022\/02\/Buy-Sunset-Sherbert-Shatter.jpg\" \/>\n\t<meta property=\"og:image:width\" content=\"600\" \/>\n\t<meta property=\"og:image:height\" content=\"600\" \/>\n\t<meta property=\"og:image:type\" content=\"image\/jpeg\" \/>\n<meta name=\"twitter:card\" content=\"summary_large_image\" \/>\n<meta name=\"twitter:label1\" content=\"Gesch\u00e4tzte Lesezeit\" \/>\n\t<meta name=\"twitter:data1\" content=\"2\u00a0Minuten\" \/>\n<script type=\"application\/ld+json\" class=\"yoast-schema-graph\">{\"@context\":\"https:\\\/\\\/schema.org\",\"@graph\":[{\"@type\":\"WebPage\",\"@id\":\"https:\\\/\\\/medicinasinc.com\\\/de\\\/product\\\/kaufe-sunset-sherbert-shatter\\\/\",\"url\":\"https:\\\/\\\/medicinasinc.com\\\/de\\\/product\\\/kaufe-sunset-sherbert-shatter\\\/\",\"name\":\"Kaufen Sie Sunset Sherbert Shatter - Best Best Global Meds\",\"isPartOf\":{\"@id\":\"https:\\\/\\\/medicinasinc.com\\\/de\\\/#website\"},\"primaryImageOfPage\":{\"@id\":\"https:\\\/\\\/medicinasinc.com\\\/de\\\/product\\\/kaufe-sunset-sherbert-shatter\\\/#primaryimage\"},\"image\":{\"@id\":\"https:\\\/\\\/medicinasinc.com\\\/de\\\/product\\\/kaufe-sunset-sherbert-shatter\\\/#primaryimage\"},\"thumbnailUrl\":\"https:\\\/\\\/medicinasinc.com\\\/de\\\/wp-content\\\/uploads\\\/sites\\\/6\\\/2022\\\/02\\\/Buy-Sunset-Sherbert-Shatter.jpg\",\"datePublished\":\"2022-02-20T17:18:33+00:00\",\"dateModified\":\"2022-03-18T00:39:50+00:00\",\"description\":\"Kaufen Sie Shatter - Sunset Sherbert online zum Verkauf in Europa, Gro\u00dfbritannien bei The global medicinas. Finden Sie die hochwertigsten Cannabisprodukte von Shatter - Sunset Sherbert in Europa.\",\"breadcrumb\":{\"@id\":\"https:\\\/\\\/medicinasinc.com\\\/de\\\/product\\\/kaufe-sunset-sherbert-shatter\\\/#breadcrumb\"},\"inLanguage\":\"de\",\"potentialAction\":[{\"@type\":\"ReadAction\",\"target\":[\"https:\\\/\\\/medicinasinc.com\\\/de\\\/product\\\/kaufe-sunset-sherbert-shatter\\\/\"]}]},{\"@type\":\"ImageObject\",\"inLanguage\":\"de\",\"@id\":\"https:\\\/\\\/medicinasinc.com\\\/de\\\/product\\\/kaufe-sunset-sherbert-shatter\\\/#primaryimage\",\"url\":\"https:\\\/\\\/medicinasinc.com\\\/de\\\/wp-content\\\/uploads\\\/sites\\\/6\\\/2022\\\/02\\\/Buy-Sunset-Sherbert-Shatter.jpg\",\"contentUrl\":\"https:\\\/\\\/medicinasinc.com\\\/de\\\/wp-content\\\/uploads\\\/sites\\\/6\\\/2022\\\/02\\\/Buy-Sunset-Sherbert-Shatter.jpg\",\"width\":600,\"height\":600},{\"@type\":\"BreadcrumbList\",\"@id\":\"https:\\\/\\\/medicinasinc.com\\\/de\\\/product\\\/kaufe-sunset-sherbert-shatter\\\/#breadcrumb\",\"itemListElement\":[{\"@type\":\"ListItem\",\"position\":1,\"name\":\"Einkaufen\",\"item\":\"https:\\\/\\\/medicinasinc.com\\\/de\\\/einkaufen\\\/\"},{\"@type\":\"ListItem\",\"position\":2,\"name\":\"Sunset Sherbert Shatter kaufen\"}]},{\"@type\":\"WebSite\",\"@id\":\"https:\\\/\\\/medicinasinc.com\\\/de\\\/#website\",\"url\":\"https:\\\/\\\/medicinasinc.com\\\/de\\\/\",\"name\":\"Medicinas Inc\",\"description\":\"Health Medical Clinic\",\"potentialAction\":[{\"@type\":\"SearchAction\",\"target\":{\"@type\":\"EntryPoint\",\"urlTemplate\":\"https:\\\/\\\/medicinasinc.com\\\/de\\\/?s={search_term_string}\"},\"query-input\":{\"@type\":\"PropertyValueSpecification\",\"valueRequired\":true,\"valueName\":\"search_term_string\"}}],\"inLanguage\":\"de\"}]}<\/script>\n<!-- \/ Yoast SEO plugin. -->","yoast_head_json":{"title":"Kaufen Sie Sunset Sherbert Shatter - Best Best Global Meds","description":"Kaufen Sie Shatter - Sunset Sherbert online zum Verkauf in Europa, Gro\u00dfbritannien bei The global medicinas. Finden Sie die hochwertigsten Cannabisprodukte von Shatter - Sunset Sherbert in Europa.","robots":{"index":"index","follow":"follow","max-snippet":"max-snippet:-1","max-image-preview":"max-image-preview:large","max-video-preview":"max-video-preview:-1"},"canonical":"https:\/\/medicinasinc.com\/de\/product\/kaufe-sunset-sherbert-shatter\/","og_locale":"de_DE","og_type":"article","og_title":"Kaufen Sie Sunset Sherbert Shatter - Best Best Global Meds","og_description":"Kaufen Sie Shatter - Sunset Sherbert online zum Verkauf in Europa, Gro\u00dfbritannien bei The global medicinas. Finden Sie die hochwertigsten Cannabisprodukte von Shatter - Sunset Sherbert in Europa.","og_url":"https:\/\/medicinasinc.com\/de\/product\/kaufe-sunset-sherbert-shatter\/","og_site_name":"Medicinas Inc","article_modified_time":"2022-03-18T00:39:50+00:00","og_image":[{"width":600,"height":600,"url":"https:\/\/medicinasinc.com\/de\/wp-content\/uploads\/sites\/6\/2022\/02\/Buy-Sunset-Sherbert-Shatter.jpg","type":"image\/jpeg"}],"twitter_card":"summary_large_image","twitter_misc":{"Gesch\u00e4tzte Lesezeit":"2\u00a0Minuten"},"schema":{"@context":"https:\/\/schema.org","@graph":[{"@type":"WebPage","@id":"https:\/\/medicinasinc.com\/de\/product\/kaufe-sunset-sherbert-shatter\/","url":"https:\/\/medicinasinc.com\/de\/product\/kaufe-sunset-sherbert-shatter\/","name":"Kaufen Sie Sunset Sherbert Shatter - Best Best Global Meds","isPartOf":{"@id":"https:\/\/medicinasinc.com\/de\/#website"},"primaryImageOfPage":{"@id":"https:\/\/medicinasinc.com\/de\/product\/kaufe-sunset-sherbert-shatter\/#primaryimage"},"image":{"@id":"https:\/\/medicinasinc.com\/de\/product\/kaufe-sunset-sherbert-shatter\/#primaryimage"},"thumbnailUrl":"https:\/\/medicinasinc.com\/de\/wp-content\/uploads\/sites\/6\/2022\/02\/Buy-Sunset-Sherbert-Shatter.jpg","datePublished":"2022-02-20T17:18:33+00:00","dateModified":"2022-03-18T00:39:50+00:00","description":"Kaufen Sie Shatter - Sunset Sherbert online zum Verkauf in Europa, Gro\u00dfbritannien bei The global medicinas. Finden Sie die hochwertigsten Cannabisprodukte von Shatter - Sunset Sherbert in Europa.","breadcrumb":{"@id":"https:\/\/medicinasinc.com\/de\/product\/kaufe-sunset-sherbert-shatter\/#breadcrumb"},"inLanguage":"de","potentialAction":[{"@type":"ReadAction","target":["https:\/\/medicinasinc.com\/de\/product\/kaufe-sunset-sherbert-shatter\/"]}]},{"@type":"ImageObject","inLanguage":"de","@id":"https:\/\/medicinasinc.com\/de\/product\/kaufe-sunset-sherbert-shatter\/#primaryimage","url":"https:\/\/medicinasinc.com\/de\/wp-content\/uploads\/sites\/6\/2022\/02\/Buy-Sunset-Sherbert-Shatter.jpg","contentUrl":"https:\/\/medicinasinc.com\/de\/wp-content\/uploads\/sites\/6\/2022\/02\/Buy-Sunset-Sherbert-Shatter.jpg","width":600,"height":600},{"@type":"BreadcrumbList","@id":"https:\/\/medicinasinc.com\/de\/product\/kaufe-sunset-sherbert-shatter\/#breadcrumb","itemListElement":[{"@type":"ListItem","position":1,"name":"Einkaufen","item":"https:\/\/medicinasinc.com\/de\/einkaufen\/"},{"@type":"ListItem","position":2,"name":"Sunset Sherbert Shatter kaufen"}]},{"@type":"WebSite","@id":"https:\/\/medicinasinc.com\/de\/#website","url":"https:\/\/medicinasinc.com\/de\/","name":"Medicinas Inc","description":"Health Medical Clinic","potentialAction":[{"@type":"SearchAction","target":{"@type":"EntryPoint","urlTemplate":"https:\/\/medicinasinc.com\/de\/?s={search_term_string}"},"query-input":{"@type":"PropertyValueSpecification","valueRequired":true,"valueName":"search_term_string"}}],"inLanguage":"de"}]}},"_links":{"self":[{"href":"https:\/\/medicinasinc.com\/de\/wp-json\/wp\/v2\/product\/4883","targetHints":{"allow":["GET"]}}],"collection":[{"href":"https:\/\/medicinasinc.com\/de\/wp-json\/wp\/v2\/product"}],"about":[{"href":"https:\/\/medicinasinc.com\/de\/wp-json\/wp\/v2\/types\/product"}],"replies":[{"embeddable":true,"href":"https:\/\/medicinasinc.com\/de\/wp-json\/wp\/v2\/comments?post=4883"}],"wp:featuredmedia":[{"embeddable":true,"href":"https:\/\/medicinasinc.com\/de\/wp-json\/wp\/v2\/media\/4897"}],"wp:attachment":[{"href":"https:\/\/medicinasinc.com\/de\/wp-json\/wp\/v2\/media?parent=4883"}],"wp:term":[{"taxonomy":"product_brand","embeddable":true,"href":"https:\/\/medicinasinc.com\/de\/wp-json\/wp\/v2\/product_brand?post=4883"},{"taxonomy":"product_cat","embeddable":true,"href":"https:\/\/medicinasinc.com\/de\/wp-json\/wp\/v2\/product_cat?post=4883"},{"taxonomy":"product_tag","embeddable":true,"href":"https:\/\/medicinasinc.com\/de\/wp-json\/wp\/v2\/product_tag?post=4883"}],"curies":[{"name":"wp","href":"https:\/\/api.w.org\/{rel}","templated":true}]}}