{"id":4872,"date":"2022-02-20T17:08:57","date_gmt":"2022-02-20T17:08:57","guid":{"rendered":"https:\/\/medicinasinc.com\/de\/?post_type=product&#038;p=4872"},"modified":"2022-03-18T00:40:00","modified_gmt":"2022-03-18T00:40:00","slug":"kaufen-gelato-shatter","status":"publish","type":"product","link":"https:\/\/medicinasinc.com\/de\/product\/kaufen-gelato-shatter\/","title":{"rendered":"Gelato Shatter kaufen"},"content":{"rendered":"<p>Gelato Shatter \u2013 Indica-dominanter Premium-Hybrid \u2013 55 % Indica\/45 % Sativa<\/p>\n<p>Gelato, auch als \u201eLarry Bird\u201c bezeichnet, ist eine leicht Indica-dominante Hybridsorte, die durch Kreuzung von Sunset Sherbert und entstanden ist D\u00fcnne Minz-Pfadfinderinnen-Pl\u00e4tzchen. Sein k\u00f6stliches Aroma wird sogar den erfahrensten Benutzer verf\u00fchren. Es hat ein s\u00fc\u00dfes, fast kuchenartiges Aroma, das durch Noten von frischem Lavendel und Blaubeeren akzentuiert wird. W\u00e4hrend Gelato f\u00fcr seinen k\u00f6stlichen Geschmack verehrt wird, ist es vor allem f\u00fcr seine euphorischen Eigenschaften bekannt. Unerfahrenen Benutzern ist Vorsicht geboten, da diese Sorte innerhalb weniger Minuten nach dem Rauchen ein starkes zerebrales High liefert. Diese starken zerebralen Effekte lassen den Benutzer nicht schl\u00e4frig oder an die Couch gebunden zur\u00fcck, sondern f\u00f6rdern stattdessen positives Denken und konzentrierte Energie. W\u00e4hrend sich diese Euphorie allm\u00e4hlich aufbaut, tritt der K\u00f6rper in einen gl\u00fcckseligen Zustand der Entspannung ein, der den Benutzer vollkommen beruhigt zur\u00fcckl\u00e4sst. Die starke und dennoch ausgewogene Wirkung von Gelato macht es ideal f\u00fcr die Behandlung einer Vielzahl von Erkrankungen, einschlie\u00dflich Muskelkr\u00e4mpfen, Migr\u00e4ne, chronischer M\u00fcdigkeit und chronischen Schmerzen, die durch Entz\u00fcndungen verursacht werden.<\/p>\n","protected":false},"excerpt":{"rendered":"<p>Kaufen Sie Gelato Shatter zum Verkauf in Gro\u00dfbritannien, Europa &#8211; Erstklassig aus der weltgr\u00f6\u00dften Online-Apotheke, Buy My Weed Online.<\/p>\n<ul>\n<li>Weltweiter Versand<\/li>\n<li><strong>Bewertung: AAAAA<\/strong><\/li>\n<li><strong>Kontaktieren Sie uns<\/strong>\u00a0f\u00fcr gr\u00f6\u00dfere Bestellungen<\/li>\n<\/ul>\n","protected":false},"featured_media":4887,"comment_status":"open","ping_status":"closed","template":"","meta":[],"product_brand":[],"product_cat":[777],"product_tag":[],"class_list":{"0":"post-4872","1":"product","2":"type-product","3":"status-publish","4":"has-post-thumbnail","6":"product_cat-kaufen-zerschmettern","8":"first","9":"instock","10":"shipping-taxable","11":"purchasable","12":"product-type-variable","13":"has-default-attributes"},"yoast_head":"<!-- This site is optimized with the Yoast SEO plugin v27.3 - https:\/\/yoast.com\/product\/yoast-seo-wordpress\/ -->\n<title>Kaufen Sie Gelato Shatter - Best Best Global Meds<\/title>\n<meta name=\"description\" content=\"Kaufen Sie Gelato Shatter zum Verkauf in Gro\u00dfbritannien, Europa - Top Shelf online Europe von der gr\u00f6\u00dften Online-Apotheke, Buy My Weed Online.\" \/>\n<meta name=\"robots\" content=\"index, follow, max-snippet:-1, max-image-preview:large, max-video-preview:-1\" \/>\n<link rel=\"canonical\" href=\"https:\/\/medicinasinc.com\/de\/product\/kaufen-gelato-shatter\/\" \/>\n<meta property=\"og:locale\" content=\"de_DE\" \/>\n<meta property=\"og:type\" content=\"article\" \/>\n<meta property=\"og:title\" content=\"Kaufen Sie Gelato Shatter - Best Best Global Meds\" \/>\n<meta property=\"og:description\" content=\"Kaufen Sie Gelato Shatter zum Verkauf in Gro\u00dfbritannien, Europa - Top Shelf online Europe von der gr\u00f6\u00dften Online-Apotheke, Buy My Weed Online.\" \/>\n<meta property=\"og:url\" content=\"https:\/\/medicinasinc.com\/de\/product\/kaufen-gelato-shatter\/\" \/>\n<meta property=\"og:site_name\" content=\"Medicinas Inc\" \/>\n<meta property=\"article:modified_time\" content=\"2022-03-18T00:40:00+00:00\" \/>\n<meta property=\"og:image\" content=\"https:\/\/medicinasinc.com\/de\/wp-content\/uploads\/sites\/6\/2022\/02\/Buy-Gelato-Shatter.jpg\" \/>\n\t<meta property=\"og:image:width\" content=\"600\" \/>\n\t<meta property=\"og:image:height\" content=\"600\" \/>\n\t<meta property=\"og:image:type\" content=\"image\/jpeg\" \/>\n<meta name=\"twitter:card\" content=\"summary_large_image\" \/>\n<meta name=\"twitter:label1\" content=\"Gesch\u00e4tzte Lesezeit\" \/>\n\t<meta name=\"twitter:data1\" content=\"1\u00a0Minute\" \/>\n<script type=\"application\/ld+json\" class=\"yoast-schema-graph\">{\"@context\":\"https:\\\/\\\/schema.org\",\"@graph\":[{\"@type\":\"WebPage\",\"@id\":\"https:\\\/\\\/medicinasinc.com\\\/de\\\/product\\\/kaufen-gelato-shatter\\\/\",\"url\":\"https:\\\/\\\/medicinasinc.com\\\/de\\\/product\\\/kaufen-gelato-shatter\\\/\",\"name\":\"Kaufen Sie Gelato Shatter - Best Best Global Meds\",\"isPartOf\":{\"@id\":\"https:\\\/\\\/medicinasinc.com\\\/de\\\/#website\"},\"primaryImageOfPage\":{\"@id\":\"https:\\\/\\\/medicinasinc.com\\\/de\\\/product\\\/kaufen-gelato-shatter\\\/#primaryimage\"},\"image\":{\"@id\":\"https:\\\/\\\/medicinasinc.com\\\/de\\\/product\\\/kaufen-gelato-shatter\\\/#primaryimage\"},\"thumbnailUrl\":\"https:\\\/\\\/medicinasinc.com\\\/de\\\/wp-content\\\/uploads\\\/sites\\\/6\\\/2022\\\/02\\\/Buy-Gelato-Shatter.jpg\",\"datePublished\":\"2022-02-20T17:08:57+00:00\",\"dateModified\":\"2022-03-18T00:40:00+00:00\",\"description\":\"Kaufen Sie Gelato Shatter zum Verkauf in Gro\u00dfbritannien, Europa - Top Shelf online Europe von der gr\u00f6\u00dften Online-Apotheke, Buy My Weed Online.\",\"breadcrumb\":{\"@id\":\"https:\\\/\\\/medicinasinc.com\\\/de\\\/product\\\/kaufen-gelato-shatter\\\/#breadcrumb\"},\"inLanguage\":\"de\",\"potentialAction\":[{\"@type\":\"ReadAction\",\"target\":[\"https:\\\/\\\/medicinasinc.com\\\/de\\\/product\\\/kaufen-gelato-shatter\\\/\"]}]},{\"@type\":\"ImageObject\",\"inLanguage\":\"de\",\"@id\":\"https:\\\/\\\/medicinasinc.com\\\/de\\\/product\\\/kaufen-gelato-shatter\\\/#primaryimage\",\"url\":\"https:\\\/\\\/medicinasinc.com\\\/de\\\/wp-content\\\/uploads\\\/sites\\\/6\\\/2022\\\/02\\\/Buy-Gelato-Shatter.jpg\",\"contentUrl\":\"https:\\\/\\\/medicinasinc.com\\\/de\\\/wp-content\\\/uploads\\\/sites\\\/6\\\/2022\\\/02\\\/Buy-Gelato-Shatter.jpg\",\"width\":600,\"height\":600},{\"@type\":\"BreadcrumbList\",\"@id\":\"https:\\\/\\\/medicinasinc.com\\\/de\\\/product\\\/kaufen-gelato-shatter\\\/#breadcrumb\",\"itemListElement\":[{\"@type\":\"ListItem\",\"position\":1,\"name\":\"Einkaufen\",\"item\":\"https:\\\/\\\/medicinasinc.com\\\/de\\\/einkaufen\\\/\"},{\"@type\":\"ListItem\",\"position\":2,\"name\":\"Gelato Shatter kaufen\"}]},{\"@type\":\"WebSite\",\"@id\":\"https:\\\/\\\/medicinasinc.com\\\/de\\\/#website\",\"url\":\"https:\\\/\\\/medicinasinc.com\\\/de\\\/\",\"name\":\"Medicinas Inc\",\"description\":\"Health Medical Clinic\",\"potentialAction\":[{\"@type\":\"SearchAction\",\"target\":{\"@type\":\"EntryPoint\",\"urlTemplate\":\"https:\\\/\\\/medicinasinc.com\\\/de\\\/?s={search_term_string}\"},\"query-input\":{\"@type\":\"PropertyValueSpecification\",\"valueRequired\":true,\"valueName\":\"search_term_string\"}}],\"inLanguage\":\"de\"}]}<\/script>\n<!-- \/ Yoast SEO plugin. -->","yoast_head_json":{"title":"Kaufen Sie Gelato Shatter - Best Best Global Meds","description":"Kaufen Sie Gelato Shatter zum Verkauf in Gro\u00dfbritannien, Europa - Top Shelf online Europe von der gr\u00f6\u00dften Online-Apotheke, Buy My Weed Online.","robots":{"index":"index","follow":"follow","max-snippet":"max-snippet:-1","max-image-preview":"max-image-preview:large","max-video-preview":"max-video-preview:-1"},"canonical":"https:\/\/medicinasinc.com\/de\/product\/kaufen-gelato-shatter\/","og_locale":"de_DE","og_type":"article","og_title":"Kaufen Sie Gelato Shatter - Best Best Global Meds","og_description":"Kaufen Sie Gelato Shatter zum Verkauf in Gro\u00dfbritannien, Europa - Top Shelf online Europe von der gr\u00f6\u00dften Online-Apotheke, Buy My Weed Online.","og_url":"https:\/\/medicinasinc.com\/de\/product\/kaufen-gelato-shatter\/","og_site_name":"Medicinas Inc","article_modified_time":"2022-03-18T00:40:00+00:00","og_image":[{"width":600,"height":600,"url":"https:\/\/medicinasinc.com\/de\/wp-content\/uploads\/sites\/6\/2022\/02\/Buy-Gelato-Shatter.jpg","type":"image\/jpeg"}],"twitter_card":"summary_large_image","twitter_misc":{"Gesch\u00e4tzte Lesezeit":"1\u00a0Minute"},"schema":{"@context":"https:\/\/schema.org","@graph":[{"@type":"WebPage","@id":"https:\/\/medicinasinc.com\/de\/product\/kaufen-gelato-shatter\/","url":"https:\/\/medicinasinc.com\/de\/product\/kaufen-gelato-shatter\/","name":"Kaufen Sie Gelato Shatter - Best Best Global Meds","isPartOf":{"@id":"https:\/\/medicinasinc.com\/de\/#website"},"primaryImageOfPage":{"@id":"https:\/\/medicinasinc.com\/de\/product\/kaufen-gelato-shatter\/#primaryimage"},"image":{"@id":"https:\/\/medicinasinc.com\/de\/product\/kaufen-gelato-shatter\/#primaryimage"},"thumbnailUrl":"https:\/\/medicinasinc.com\/de\/wp-content\/uploads\/sites\/6\/2022\/02\/Buy-Gelato-Shatter.jpg","datePublished":"2022-02-20T17:08:57+00:00","dateModified":"2022-03-18T00:40:00+00:00","description":"Kaufen Sie Gelato Shatter zum Verkauf in Gro\u00dfbritannien, Europa - Top Shelf online Europe von der gr\u00f6\u00dften Online-Apotheke, Buy My Weed Online.","breadcrumb":{"@id":"https:\/\/medicinasinc.com\/de\/product\/kaufen-gelato-shatter\/#breadcrumb"},"inLanguage":"de","potentialAction":[{"@type":"ReadAction","target":["https:\/\/medicinasinc.com\/de\/product\/kaufen-gelato-shatter\/"]}]},{"@type":"ImageObject","inLanguage":"de","@id":"https:\/\/medicinasinc.com\/de\/product\/kaufen-gelato-shatter\/#primaryimage","url":"https:\/\/medicinasinc.com\/de\/wp-content\/uploads\/sites\/6\/2022\/02\/Buy-Gelato-Shatter.jpg","contentUrl":"https:\/\/medicinasinc.com\/de\/wp-content\/uploads\/sites\/6\/2022\/02\/Buy-Gelato-Shatter.jpg","width":600,"height":600},{"@type":"BreadcrumbList","@id":"https:\/\/medicinasinc.com\/de\/product\/kaufen-gelato-shatter\/#breadcrumb","itemListElement":[{"@type":"ListItem","position":1,"name":"Einkaufen","item":"https:\/\/medicinasinc.com\/de\/einkaufen\/"},{"@type":"ListItem","position":2,"name":"Gelato Shatter kaufen"}]},{"@type":"WebSite","@id":"https:\/\/medicinasinc.com\/de\/#website","url":"https:\/\/medicinasinc.com\/de\/","name":"Medicinas Inc","description":"Health Medical Clinic","potentialAction":[{"@type":"SearchAction","target":{"@type":"EntryPoint","urlTemplate":"https:\/\/medicinasinc.com\/de\/?s={search_term_string}"},"query-input":{"@type":"PropertyValueSpecification","valueRequired":true,"valueName":"search_term_string"}}],"inLanguage":"de"}]}},"_links":{"self":[{"href":"https:\/\/medicinasinc.com\/de\/wp-json\/wp\/v2\/product\/4872","targetHints":{"allow":["GET"]}}],"collection":[{"href":"https:\/\/medicinasinc.com\/de\/wp-json\/wp\/v2\/product"}],"about":[{"href":"https:\/\/medicinasinc.com\/de\/wp-json\/wp\/v2\/types\/product"}],"replies":[{"embeddable":true,"href":"https:\/\/medicinasinc.com\/de\/wp-json\/wp\/v2\/comments?post=4872"}],"wp:featuredmedia":[{"embeddable":true,"href":"https:\/\/medicinasinc.com\/de\/wp-json\/wp\/v2\/media\/4887"}],"wp:attachment":[{"href":"https:\/\/medicinasinc.com\/de\/wp-json\/wp\/v2\/media?parent=4872"}],"wp:term":[{"taxonomy":"product_brand","embeddable":true,"href":"https:\/\/medicinasinc.com\/de\/wp-json\/wp\/v2\/product_brand?post=4872"},{"taxonomy":"product_cat","embeddable":true,"href":"https:\/\/medicinasinc.com\/de\/wp-json\/wp\/v2\/product_cat?post=4872"},{"taxonomy":"product_tag","embeddable":true,"href":"https:\/\/medicinasinc.com\/de\/wp-json\/wp\/v2\/product_tag?post=4872"}],"curies":[{"name":"wp","href":"https:\/\/api.w.org\/{rel}","templated":true}]}}