{"id":4861,"date":"2022-02-20T17:01:48","date_gmt":"2022-02-20T17:01:48","guid":{"rendered":"https:\/\/medicinasinc.com\/de\/?post_type=product&#038;p=4861"},"modified":"2022-03-18T00:40:24","modified_gmt":"2022-03-18T00:40:24","slug":"kaufen-lsd-100mcg-blotter","status":"publish","type":"product","link":"https:\/\/medicinasinc.com\/de\/product\/kaufen-lsd-100mcg-blotter\/","title":{"rendered":"Kaufen Sie LSD 100mcg BLOTTER"},"content":{"rendered":"<p>LSD 100mcg BLOTTERS k\u00f6nnen online gekauft werden.<\/p>\n<p>LSD 100mcg BLOTTERS k\u00f6nnen online gekauft werden. Wir verkaufen auch LSD-Tabs. Weitere Informationen zu LSD finden Sie auf dieser Seite.<\/p>\n<p>Online-Kauf von LSD (Lysergic Acid Diethylamide) Salz\/L\u00f6schpapier<\/p>\n<p>&nbsp;<\/p>\n<p>LSD (Lysergic Acid Diethylamide), abgek\u00fcrzt LSD oder LSD-25, ist eine halbsynthetische psychedelische Droge aus der Familie der Ergoline, die f\u00fcr ihre psychologische Wirkung bekannt ist )<br \/> Chemikalien &amp; Pulver f\u00fcr die Forschung<br \/> Freie Marke<br \/> S\u00e4ure, Badesalz, L\u00f6schpapier, L\u00f6schpapier, Chemikalien, Hits, LSD, LSD-25, Lysergs\u00e4ure, Lysergs\u00e4urediethylamid, Papier, Forschungschemikalien und L\u00f6schpapier, Lysergs\u00e4ure, Lysergs\u00e4urediethylamid, Salz, Blatt<\/p>\n","protected":false},"excerpt":{"rendered":"<div class=\"woocommerce-product-details__short-description\">\n<p>LSD 100mcg BLOTTERS k\u00f6nnen online gekauft werden. Kaufen Sie LSD 100mcg BLOTTERS-Pulver zu einem reduzierten Preis | Wo kann man LSD 100mcg BLOTTERS-Pulver online kaufen. Online-Kauf von Lysergs\u00e4ure-Diethylamid-BLOTTERS &#8211; LSD BLOTTERS zu verkaufen<\/p>\n<p>Online-H\u00e4ndler verkaufen LSD (Lysergic Acid Diethylamide) Salz\/L\u00f6schpapier.<br \/> Der Preis des Produkts ist wie folgt: pro Blatt (L\u00f6schpapier)<\/p>\n<\/p><\/div>\n","protected":false},"featured_media":4876,"comment_status":"open","ping_status":"closed","template":"","meta":[],"product_brand":[],"product_cat":[703],"product_tag":[745,746,752,749,751,748,750,757,759,760,761,766,767,768,758,769,770,753,764,765,762,763,772,771,754,774,773,747,776,755,756,775],"class_list":{"0":"post-4861","1":"product","2":"type-product","3":"status-publish","4":"has-post-thumbnail","6":"product_cat-kaufen-psychedelische-drogen","7":"product_tag-1p-lsd-kaufen-usa","8":"product_tag-1p-lsd-blotter-100-mcg","9":"product_tag-buy-lsd-blotter-sheets","10":"product_tag-entwurf","11":"product_tag-kaufe-1-p-lsd","12":"product_tag-kunstbltter-essbar","13":"product_tag-blotter-sure-zu-verkaufen","14":"product_tag-lsd-andra-sa-c2-b6kte-a-c2-a4ven-after","15":"product_tag-lsd-blotter-cost","16":"product_tag-lsd-blotter-hofmann","17":"product_tag-lsd-blotter-paper-acid","18":"product_tag-lsd-blotter-storage","19":"product_tag-lsd-blotter-tab-size","20":"product_tag-lsd-blotters-dose","21":"product_tag-lsd-blotter-kunst-zum-verkauf","22":"product_tag-lsd-tabs-kaufen","23":"product_tag-lsd-kaufen","24":"product_tag-lsd-blotters-legal-highs-online-kaufen","25":"product_tag-lsd-blotter-shop","26":"product_tag-lsd-blotter-site","27":"product_tag-lsd-lschblatt","28":"product_tag-lsd-lschbltter","29":"product_tag-lysergic-acid-diethylamide-blottery","30":"product_tag-lysergsure-diethylamid-blotterazzi","31":"product_tag-kaufen-lysergsure-diethylamid-lschliste","32":"product_tag-lysergsure-diethylamid-straennamen","33":"product_tag-lysergsure-diethylamid-zu-verkaufen","34":"product_tag-sind-lsd","35":"product_tag-warum-haben-lsd-klebestreifen-designs-auf-ihnen","36":"product_tag-wie-knnen-sie-feststellen-ob-ihr-lsd-blotter-echt-oder-aus-der-2c-familie-ist","37":"product_tag-wie-benutzt-man-einen-lsd-blotter-tab","38":"product_tag-wo-kann-ich-lschpapier-kaufen","40":"first","41":"instock","42":"shipping-taxable","43":"purchasable","44":"product-type-variable","45":"has-default-attributes"},"yoast_head":"<!-- This site is optimized with the Yoast SEO plugin v27.3 - https:\/\/yoast.com\/product\/yoast-seo-wordpress\/ -->\n<title>Kaufen Sie LSD 100mcg BLOTTERS - Best Best Global Meds<\/title>\n<meta name=\"description\" content=\"Kaufen Sie LSD 100mcg Blotter in Europa Gro\u00dfbritannien zum Verkauf 1-Propionyl-LSD (auch bekannt als 1P-LSD Blotter) zu einem g\u00fcnstigen Preis. Klicken Sie sich durch die Website, um noch heute zu bestellen!\" \/>\n<meta name=\"robots\" content=\"index, follow, max-snippet:-1, max-image-preview:large, max-video-preview:-1\" \/>\n<link rel=\"canonical\" href=\"https:\/\/medicinasinc.com\/de\/product\/kaufen-lsd-100mcg-blotter\/\" \/>\n<meta property=\"og:locale\" content=\"de_DE\" \/>\n<meta property=\"og:type\" content=\"article\" \/>\n<meta property=\"og:title\" content=\"Kaufen Sie LSD 100mcg BLOTTERS - Best Best Global Meds\" \/>\n<meta property=\"og:description\" content=\"Kaufen Sie LSD 100mcg Blotter in Europa Gro\u00dfbritannien zum Verkauf 1-Propionyl-LSD (auch bekannt als 1P-LSD Blotter) zu einem g\u00fcnstigen Preis. Klicken Sie sich durch die Website, um noch heute zu bestellen!\" \/>\n<meta property=\"og:url\" content=\"https:\/\/medicinasinc.com\/de\/product\/kaufen-lsd-100mcg-blotter\/\" \/>\n<meta property=\"og:site_name\" content=\"Medicinas Inc\" \/>\n<meta property=\"article:modified_time\" content=\"2022-03-18T00:40:24+00:00\" \/>\n<meta property=\"og:image\" content=\"https:\/\/medicinasinc.com\/de\/wp-content\/uploads\/sites\/6\/2022\/02\/Buy-LSD-100mcg-blotters-1.jpg\" \/>\n\t<meta property=\"og:image:width\" content=\"960\" \/>\n\t<meta property=\"og:image:height\" content=\"720\" \/>\n\t<meta property=\"og:image:type\" content=\"image\/jpeg\" \/>\n<meta name=\"twitter:card\" content=\"summary_large_image\" \/>\n<meta name=\"twitter:label1\" content=\"Gesch\u00e4tzte Lesezeit\" \/>\n\t<meta name=\"twitter:data1\" content=\"1\u00a0Minute\" \/>\n<script type=\"application\/ld+json\" class=\"yoast-schema-graph\">{\"@context\":\"https:\\\/\\\/schema.org\",\"@graph\":[{\"@type\":\"WebPage\",\"@id\":\"https:\\\/\\\/medicinasinc.com\\\/de\\\/product\\\/kaufen-lsd-100mcg-blotter\\\/\",\"url\":\"https:\\\/\\\/medicinasinc.com\\\/de\\\/product\\\/kaufen-lsd-100mcg-blotter\\\/\",\"name\":\"Kaufen Sie LSD 100mcg BLOTTERS - Best Best Global Meds\",\"isPartOf\":{\"@id\":\"https:\\\/\\\/medicinasinc.com\\\/de\\\/#website\"},\"primaryImageOfPage\":{\"@id\":\"https:\\\/\\\/medicinasinc.com\\\/de\\\/product\\\/kaufen-lsd-100mcg-blotter\\\/#primaryimage\"},\"image\":{\"@id\":\"https:\\\/\\\/medicinasinc.com\\\/de\\\/product\\\/kaufen-lsd-100mcg-blotter\\\/#primaryimage\"},\"thumbnailUrl\":\"https:\\\/\\\/medicinasinc.com\\\/de\\\/wp-content\\\/uploads\\\/sites\\\/6\\\/2022\\\/02\\\/Buy-LSD-100mcg-blotters-1.jpg\",\"datePublished\":\"2022-02-20T17:01:48+00:00\",\"dateModified\":\"2022-03-18T00:40:24+00:00\",\"description\":\"Kaufen Sie LSD 100mcg Blotter in Europa Gro\u00dfbritannien zum Verkauf 1-Propionyl-LSD (auch bekannt als 1P-LSD Blotter) zu einem g\u00fcnstigen Preis. Klicken Sie sich durch die Website, um noch heute zu bestellen!\",\"breadcrumb\":{\"@id\":\"https:\\\/\\\/medicinasinc.com\\\/de\\\/product\\\/kaufen-lsd-100mcg-blotter\\\/#breadcrumb\"},\"inLanguage\":\"de\",\"potentialAction\":[{\"@type\":\"ReadAction\",\"target\":[\"https:\\\/\\\/medicinasinc.com\\\/de\\\/product\\\/kaufen-lsd-100mcg-blotter\\\/\"]}]},{\"@type\":\"ImageObject\",\"inLanguage\":\"de\",\"@id\":\"https:\\\/\\\/medicinasinc.com\\\/de\\\/product\\\/kaufen-lsd-100mcg-blotter\\\/#primaryimage\",\"url\":\"https:\\\/\\\/medicinasinc.com\\\/de\\\/wp-content\\\/uploads\\\/sites\\\/6\\\/2022\\\/02\\\/Buy-LSD-100mcg-blotters-1.jpg\",\"contentUrl\":\"https:\\\/\\\/medicinasinc.com\\\/de\\\/wp-content\\\/uploads\\\/sites\\\/6\\\/2022\\\/02\\\/Buy-LSD-100mcg-blotters-1.jpg\",\"width\":960,\"height\":720},{\"@type\":\"BreadcrumbList\",\"@id\":\"https:\\\/\\\/medicinasinc.com\\\/de\\\/product\\\/kaufen-lsd-100mcg-blotter\\\/#breadcrumb\",\"itemListElement\":[{\"@type\":\"ListItem\",\"position\":1,\"name\":\"Einkaufen\",\"item\":\"https:\\\/\\\/medicinasinc.com\\\/de\\\/einkaufen\\\/\"},{\"@type\":\"ListItem\",\"position\":2,\"name\":\"Kaufen Sie LSD 100mcg BLOTTER\"}]},{\"@type\":\"WebSite\",\"@id\":\"https:\\\/\\\/medicinasinc.com\\\/de\\\/#website\",\"url\":\"https:\\\/\\\/medicinasinc.com\\\/de\\\/\",\"name\":\"Medicinas Inc\",\"description\":\"Health Medical Clinic\",\"potentialAction\":[{\"@type\":\"SearchAction\",\"target\":{\"@type\":\"EntryPoint\",\"urlTemplate\":\"https:\\\/\\\/medicinasinc.com\\\/de\\\/?s={search_term_string}\"},\"query-input\":{\"@type\":\"PropertyValueSpecification\",\"valueRequired\":true,\"valueName\":\"search_term_string\"}}],\"inLanguage\":\"de\"}]}<\/script>\n<!-- \/ Yoast SEO plugin. -->","yoast_head_json":{"title":"Kaufen Sie LSD 100mcg BLOTTERS - Best Best Global Meds","description":"Kaufen Sie LSD 100mcg Blotter in Europa Gro\u00dfbritannien zum Verkauf 1-Propionyl-LSD (auch bekannt als 1P-LSD Blotter) zu einem g\u00fcnstigen Preis. Klicken Sie sich durch die Website, um noch heute zu bestellen!","robots":{"index":"index","follow":"follow","max-snippet":"max-snippet:-1","max-image-preview":"max-image-preview:large","max-video-preview":"max-video-preview:-1"},"canonical":"https:\/\/medicinasinc.com\/de\/product\/kaufen-lsd-100mcg-blotter\/","og_locale":"de_DE","og_type":"article","og_title":"Kaufen Sie LSD 100mcg BLOTTERS - Best Best Global Meds","og_description":"Kaufen Sie LSD 100mcg Blotter in Europa Gro\u00dfbritannien zum Verkauf 1-Propionyl-LSD (auch bekannt als 1P-LSD Blotter) zu einem g\u00fcnstigen Preis. Klicken Sie sich durch die Website, um noch heute zu bestellen!","og_url":"https:\/\/medicinasinc.com\/de\/product\/kaufen-lsd-100mcg-blotter\/","og_site_name":"Medicinas Inc","article_modified_time":"2022-03-18T00:40:24+00:00","og_image":[{"width":960,"height":720,"url":"https:\/\/medicinasinc.com\/de\/wp-content\/uploads\/sites\/6\/2022\/02\/Buy-LSD-100mcg-blotters-1.jpg","type":"image\/jpeg"}],"twitter_card":"summary_large_image","twitter_misc":{"Gesch\u00e4tzte Lesezeit":"1\u00a0Minute"},"schema":{"@context":"https:\/\/schema.org","@graph":[{"@type":"WebPage","@id":"https:\/\/medicinasinc.com\/de\/product\/kaufen-lsd-100mcg-blotter\/","url":"https:\/\/medicinasinc.com\/de\/product\/kaufen-lsd-100mcg-blotter\/","name":"Kaufen Sie LSD 100mcg BLOTTERS - Best Best Global Meds","isPartOf":{"@id":"https:\/\/medicinasinc.com\/de\/#website"},"primaryImageOfPage":{"@id":"https:\/\/medicinasinc.com\/de\/product\/kaufen-lsd-100mcg-blotter\/#primaryimage"},"image":{"@id":"https:\/\/medicinasinc.com\/de\/product\/kaufen-lsd-100mcg-blotter\/#primaryimage"},"thumbnailUrl":"https:\/\/medicinasinc.com\/de\/wp-content\/uploads\/sites\/6\/2022\/02\/Buy-LSD-100mcg-blotters-1.jpg","datePublished":"2022-02-20T17:01:48+00:00","dateModified":"2022-03-18T00:40:24+00:00","description":"Kaufen Sie LSD 100mcg Blotter in Europa Gro\u00dfbritannien zum Verkauf 1-Propionyl-LSD (auch bekannt als 1P-LSD Blotter) zu einem g\u00fcnstigen Preis. Klicken Sie sich durch die Website, um noch heute zu bestellen!","breadcrumb":{"@id":"https:\/\/medicinasinc.com\/de\/product\/kaufen-lsd-100mcg-blotter\/#breadcrumb"},"inLanguage":"de","potentialAction":[{"@type":"ReadAction","target":["https:\/\/medicinasinc.com\/de\/product\/kaufen-lsd-100mcg-blotter\/"]}]},{"@type":"ImageObject","inLanguage":"de","@id":"https:\/\/medicinasinc.com\/de\/product\/kaufen-lsd-100mcg-blotter\/#primaryimage","url":"https:\/\/medicinasinc.com\/de\/wp-content\/uploads\/sites\/6\/2022\/02\/Buy-LSD-100mcg-blotters-1.jpg","contentUrl":"https:\/\/medicinasinc.com\/de\/wp-content\/uploads\/sites\/6\/2022\/02\/Buy-LSD-100mcg-blotters-1.jpg","width":960,"height":720},{"@type":"BreadcrumbList","@id":"https:\/\/medicinasinc.com\/de\/product\/kaufen-lsd-100mcg-blotter\/#breadcrumb","itemListElement":[{"@type":"ListItem","position":1,"name":"Einkaufen","item":"https:\/\/medicinasinc.com\/de\/einkaufen\/"},{"@type":"ListItem","position":2,"name":"Kaufen Sie LSD 100mcg BLOTTER"}]},{"@type":"WebSite","@id":"https:\/\/medicinasinc.com\/de\/#website","url":"https:\/\/medicinasinc.com\/de\/","name":"Medicinas Inc","description":"Health Medical Clinic","potentialAction":[{"@type":"SearchAction","target":{"@type":"EntryPoint","urlTemplate":"https:\/\/medicinasinc.com\/de\/?s={search_term_string}"},"query-input":{"@type":"PropertyValueSpecification","valueRequired":true,"valueName":"search_term_string"}}],"inLanguage":"de"}]}},"_links":{"self":[{"href":"https:\/\/medicinasinc.com\/de\/wp-json\/wp\/v2\/product\/4861","targetHints":{"allow":["GET"]}}],"collection":[{"href":"https:\/\/medicinasinc.com\/de\/wp-json\/wp\/v2\/product"}],"about":[{"href":"https:\/\/medicinasinc.com\/de\/wp-json\/wp\/v2\/types\/product"}],"replies":[{"embeddable":true,"href":"https:\/\/medicinasinc.com\/de\/wp-json\/wp\/v2\/comments?post=4861"}],"wp:featuredmedia":[{"embeddable":true,"href":"https:\/\/medicinasinc.com\/de\/wp-json\/wp\/v2\/media\/4876"}],"wp:attachment":[{"href":"https:\/\/medicinasinc.com\/de\/wp-json\/wp\/v2\/media?parent=4861"}],"wp:term":[{"taxonomy":"product_brand","embeddable":true,"href":"https:\/\/medicinasinc.com\/de\/wp-json\/wp\/v2\/product_brand?post=4861"},{"taxonomy":"product_cat","embeddable":true,"href":"https:\/\/medicinasinc.com\/de\/wp-json\/wp\/v2\/product_cat?post=4861"},{"taxonomy":"product_tag","embeddable":true,"href":"https:\/\/medicinasinc.com\/de\/wp-json\/wp\/v2\/product_tag?post=4861"}],"curies":[{"name":"wp","href":"https:\/\/api.w.org\/{rel}","templated":true}]}}