{"id":4859,"date":"2022-02-20T17:00:55","date_gmt":"2022-02-20T17:00:55","guid":{"rendered":"https:\/\/medicinasinc.com\/de\/?post_type=product&#038;p=4859"},"modified":"2022-03-18T00:40:35","modified_gmt":"2022-03-18T00:40:35","slug":"kaufen-qualitat-al-lad-blotters","status":"publish","type":"product","link":"https:\/\/medicinasinc.com\/de\/product\/kaufen-qualitat-al-lad-blotters\/","title":{"rendered":"Kaufen Sie hochwertige AL-LAD-Blotter"},"content":{"rendered":"<p>Kaufen Sie g\u00fcnstige AL-LAD-Blotter online. 150 mcg AL-LAD-Blotter.<\/p>\n<p>Was genau ist AL-LAD?<\/p>\n<p>6-allyl-6-nor-<\/p>\n<p>AL-LAD, h\u00e4ufiger bezeichnet B. LSD, ist eine psychedelische Droge mit \u00e4hnlichen Eigenschaften wie LSD (Lysergs\u00e4urediethylamid). Es wurde erstmals 1976 synthetisiert und hat sich seitdem zu einer beliebten Droge auf dem Markt f\u00fcr \u201eForschungschemikalien\u201c und \u201eneue psychoaktive Substanzen\u201c entwickelt. AL-LAD erzeugt einen psychoaktiven &#8222;Trip&#8220;, der dem von LSD sehr \u00e4hnlich ist.<\/p>\n<p>AL-LAD wurde zuerst in Irland und im Vereinigten K\u00f6nigreich zu Erholungszwecken verwendet. Es wurde 1997 in Alexander Shulgins Buch TIHKAL (Tryptamines I Have Known And Loved) vorgestellt. Infolgedessen hat sich die Popularit\u00e4t der Droge weltweit verbreitet. Jetzt experimentieren Menschen auf der ganzen Welt, einschlie\u00dflich der Vereinigten Staaten, mit der Droge.<\/p>\n<p>Der rechtliche Status von AL-LAD ist etwas mehrdeutig. Es ist in den Vereinigten Staaten nicht als kontrollierte Substanz nach Bundesrecht eingestuft. Es ist jedoch ein Analogon von LSD, was bedeutet, dass Verkauf oder Besitz mit der Absicht, es zu verteilen, zu einer Strafverfolgung nach dem Federal Analogue Act f\u00fchren kann.<\/p>\n<p>AL-LAD-Trips \u00e4hneln in den meisten F\u00e4llen LSD-Trips. Das Medikament wird oral eingenommen, h\u00e4ufig \u00fcber L\u00f6schpapier. Infolgedessen beginnen sich die Wirkungen zwanzig Minuten bis eine Stunde nach dem Konsum zu manifestieren. Benutzer werden auf Folgendes sto\u00dfen:<\/p>\n<p>Stimulation oder Energieschub<br \/> Euphorie<br \/> Kribbeln oder Taubheitsgef\u00fchl in den Extremit\u00e4ten<br \/> Sensibilisierung<br \/> Visuelle Desorientierung<br \/> Halluzinationen<\/p>\n<p>Zu den m\u00f6glichen Nebenwirkungen der Anwendung von AL-LAD geh\u00f6ren die folgenden:<br \/> Konzentrations- oder Denkschwierigkeiten<br \/> Erh\u00f6hte Herzfrequenz<br \/> Temperaturschwankungen im K\u00f6rper<br \/> \u00dcbelkeit<br \/> Wahnvorstellungen<br \/> Negative Gedankenschleifen<br \/> Gef\u00e4\u00dfverengung (Verengung der Blutgef\u00e4\u00dfe)<br \/> Krampfanf\u00e4lle<\/p>\n<p>LSD ist eine der am besten erforschten psychedelischen Substanzen. Trotz der Bezeichnung \u201eForschungsdroge\u201c wurde zu AL-LAD nur sehr wenig tats\u00e4chliche wissenschaftliche Forschung durchgef\u00fchrt. Das bedeutet, dass die Liste der unmittelbaren Folgen m\u00f6glicherweise nicht vollst\u00e4ndig ist. Dar\u00fcber hinaus gibt es wenig bis gar keine Forschung zu den Langzeitwirkungen der Droge.<\/p>\n<p>Anhaltender Missbrauch von Halluzinogenen kann eine Vielzahl negativer Folgen haben. HPPD ist ein Zustand, bei dem eine Person spontane Flashbacks von visuellen Verzerrungen oder Halluzinationen erlebt. Diese chronische St\u00f6rung wurde bei Personen beobachtet, die eine Vielzahl von halluzinogenen Substanzen konsumiert haben, darunter LSD, Pilze und DMT.<\/p>\n","protected":false},"excerpt":{"rendered":"<p>Kaufen Sie AL-LAD-Blotter g\u00fcnstig zum Verkauf in Gro\u00dfbritannien, Europa online. 6-Allyl-6-nor-LSD ist ein psychedelisches Lysergamid, das auch als AL LAD (Lysergs\u00e4urediethylamid) bekannt ist. 150 mcg AL-LAD Blotter.<\/p>\n<p>Die Mindestbestellmenge betr\u00e4gt 15 Blotter.<\/p>\n","protected":false},"featured_media":4874,"comment_status":"open","ping_status":"closed","template":"","meta":[],"product_brand":[],"product_cat":[703],"product_tag":[],"class_list":{"0":"post-4859","1":"product","2":"type-product","3":"status-publish","4":"has-post-thumbnail","6":"product_cat-kaufen-psychedelische-drogen","8":"first","9":"instock","10":"shipping-taxable","11":"purchasable","12":"product-type-variable","13":"has-default-attributes"},"yoast_head":"<!-- This site is optimized with the Yoast SEO plugin v27.3 - https:\/\/yoast.com\/product\/yoast-seo-wordpress\/ -->\n<title>Kaufen Sie hochwertige AL-LAD-Blotter - Best Best Global Meds<\/title>\n<meta name=\"description\" content=\"Kaufen Sie AL-LAD-Blotter g\u00fcnstig zum Verkauf in Gro\u00dfbritannien, Europa online. 6-Allyl-6-nor-LSD ist ein psychedelisches Lysergamid, das auch als AL LAD (Lysergs\u00e4urediethylamid) bekannt ist. 150 mcg AL-LAD-Blotter.\" \/>\n<meta name=\"robots\" content=\"index, follow, max-snippet:-1, max-image-preview:large, max-video-preview:-1\" \/>\n<link rel=\"canonical\" href=\"https:\/\/medicinasinc.com\/de\/product\/kaufen-qualitat-al-lad-blotters\/\" \/>\n<meta property=\"og:locale\" content=\"de_DE\" \/>\n<meta property=\"og:type\" content=\"article\" \/>\n<meta property=\"og:title\" content=\"Kaufen Sie hochwertige AL-LAD-Blotter - Best Best Global Meds\" \/>\n<meta property=\"og:description\" content=\"Kaufen Sie AL-LAD-Blotter g\u00fcnstig zum Verkauf in Gro\u00dfbritannien, Europa online. 6-Allyl-6-nor-LSD ist ein psychedelisches Lysergamid, das auch als AL LAD (Lysergs\u00e4urediethylamid) bekannt ist. 150 mcg AL-LAD-Blotter.\" \/>\n<meta property=\"og:url\" content=\"https:\/\/medicinasinc.com\/de\/product\/kaufen-qualitat-al-lad-blotters\/\" \/>\n<meta property=\"og:site_name\" content=\"Medicinas Inc\" \/>\n<meta property=\"article:modified_time\" content=\"2022-03-18T00:40:35+00:00\" \/>\n<meta property=\"og:image\" content=\"https:\/\/medicinasinc.com\/de\/wp-content\/uploads\/sites\/6\/2022\/02\/Buy-Quality-AL-LAD-blotters.jpg\" \/>\n\t<meta property=\"og:image:width\" content=\"225\" \/>\n\t<meta property=\"og:image:height\" content=\"225\" \/>\n\t<meta property=\"og:image:type\" content=\"image\/jpeg\" \/>\n<meta name=\"twitter:card\" content=\"summary_large_image\" \/>\n<meta name=\"twitter:label1\" content=\"Gesch\u00e4tzte Lesezeit\" \/>\n\t<meta name=\"twitter:data1\" content=\"2\u00a0Minuten\" \/>\n<script type=\"application\/ld+json\" class=\"yoast-schema-graph\">{\"@context\":\"https:\\\/\\\/schema.org\",\"@graph\":[{\"@type\":\"WebPage\",\"@id\":\"https:\\\/\\\/medicinasinc.com\\\/de\\\/product\\\/kaufen-qualitat-al-lad-blotters\\\/\",\"url\":\"https:\\\/\\\/medicinasinc.com\\\/de\\\/product\\\/kaufen-qualitat-al-lad-blotters\\\/\",\"name\":\"Kaufen Sie hochwertige AL-LAD-Blotter - Best Best Global Meds\",\"isPartOf\":{\"@id\":\"https:\\\/\\\/medicinasinc.com\\\/de\\\/#website\"},\"primaryImageOfPage\":{\"@id\":\"https:\\\/\\\/medicinasinc.com\\\/de\\\/product\\\/kaufen-qualitat-al-lad-blotters\\\/#primaryimage\"},\"image\":{\"@id\":\"https:\\\/\\\/medicinasinc.com\\\/de\\\/product\\\/kaufen-qualitat-al-lad-blotters\\\/#primaryimage\"},\"thumbnailUrl\":\"https:\\\/\\\/medicinasinc.com\\\/de\\\/wp-content\\\/uploads\\\/sites\\\/6\\\/2022\\\/02\\\/Buy-Quality-AL-LAD-blotters.jpg\",\"datePublished\":\"2022-02-20T17:00:55+00:00\",\"dateModified\":\"2022-03-18T00:40:35+00:00\",\"description\":\"Kaufen Sie AL-LAD-Blotter g\u00fcnstig zum Verkauf in Gro\u00dfbritannien, Europa online. 6-Allyl-6-nor-LSD ist ein psychedelisches Lysergamid, das auch als AL LAD (Lysergs\u00e4urediethylamid) bekannt ist. 150 mcg AL-LAD-Blotter.\",\"breadcrumb\":{\"@id\":\"https:\\\/\\\/medicinasinc.com\\\/de\\\/product\\\/kaufen-qualitat-al-lad-blotters\\\/#breadcrumb\"},\"inLanguage\":\"de\",\"potentialAction\":[{\"@type\":\"ReadAction\",\"target\":[\"https:\\\/\\\/medicinasinc.com\\\/de\\\/product\\\/kaufen-qualitat-al-lad-blotters\\\/\"]}]},{\"@type\":\"ImageObject\",\"inLanguage\":\"de\",\"@id\":\"https:\\\/\\\/medicinasinc.com\\\/de\\\/product\\\/kaufen-qualitat-al-lad-blotters\\\/#primaryimage\",\"url\":\"https:\\\/\\\/medicinasinc.com\\\/de\\\/wp-content\\\/uploads\\\/sites\\\/6\\\/2022\\\/02\\\/Buy-Quality-AL-LAD-blotters.jpg\",\"contentUrl\":\"https:\\\/\\\/medicinasinc.com\\\/de\\\/wp-content\\\/uploads\\\/sites\\\/6\\\/2022\\\/02\\\/Buy-Quality-AL-LAD-blotters.jpg\",\"width\":225,\"height\":225},{\"@type\":\"BreadcrumbList\",\"@id\":\"https:\\\/\\\/medicinasinc.com\\\/de\\\/product\\\/kaufen-qualitat-al-lad-blotters\\\/#breadcrumb\",\"itemListElement\":[{\"@type\":\"ListItem\",\"position\":1,\"name\":\"Einkaufen\",\"item\":\"https:\\\/\\\/medicinasinc.com\\\/de\\\/einkaufen\\\/\"},{\"@type\":\"ListItem\",\"position\":2,\"name\":\"Kaufen Sie hochwertige AL-LAD-Blotter\"}]},{\"@type\":\"WebSite\",\"@id\":\"https:\\\/\\\/medicinasinc.com\\\/de\\\/#website\",\"url\":\"https:\\\/\\\/medicinasinc.com\\\/de\\\/\",\"name\":\"Medicinas Inc\",\"description\":\"Health Medical Clinic\",\"potentialAction\":[{\"@type\":\"SearchAction\",\"target\":{\"@type\":\"EntryPoint\",\"urlTemplate\":\"https:\\\/\\\/medicinasinc.com\\\/de\\\/?s={search_term_string}\"},\"query-input\":{\"@type\":\"PropertyValueSpecification\",\"valueRequired\":true,\"valueName\":\"search_term_string\"}}],\"inLanguage\":\"de\"}]}<\/script>\n<!-- \/ Yoast SEO plugin. -->","yoast_head_json":{"title":"Kaufen Sie hochwertige AL-LAD-Blotter - Best Best Global Meds","description":"Kaufen Sie AL-LAD-Blotter g\u00fcnstig zum Verkauf in Gro\u00dfbritannien, Europa online. 6-Allyl-6-nor-LSD ist ein psychedelisches Lysergamid, das auch als AL LAD (Lysergs\u00e4urediethylamid) bekannt ist. 150 mcg AL-LAD-Blotter.","robots":{"index":"index","follow":"follow","max-snippet":"max-snippet:-1","max-image-preview":"max-image-preview:large","max-video-preview":"max-video-preview:-1"},"canonical":"https:\/\/medicinasinc.com\/de\/product\/kaufen-qualitat-al-lad-blotters\/","og_locale":"de_DE","og_type":"article","og_title":"Kaufen Sie hochwertige AL-LAD-Blotter - Best Best Global Meds","og_description":"Kaufen Sie AL-LAD-Blotter g\u00fcnstig zum Verkauf in Gro\u00dfbritannien, Europa online. 6-Allyl-6-nor-LSD ist ein psychedelisches Lysergamid, das auch als AL LAD (Lysergs\u00e4urediethylamid) bekannt ist. 150 mcg AL-LAD-Blotter.","og_url":"https:\/\/medicinasinc.com\/de\/product\/kaufen-qualitat-al-lad-blotters\/","og_site_name":"Medicinas Inc","article_modified_time":"2022-03-18T00:40:35+00:00","og_image":[{"width":225,"height":225,"url":"https:\/\/medicinasinc.com\/de\/wp-content\/uploads\/sites\/6\/2022\/02\/Buy-Quality-AL-LAD-blotters.jpg","type":"image\/jpeg"}],"twitter_card":"summary_large_image","twitter_misc":{"Gesch\u00e4tzte Lesezeit":"2\u00a0Minuten"},"schema":{"@context":"https:\/\/schema.org","@graph":[{"@type":"WebPage","@id":"https:\/\/medicinasinc.com\/de\/product\/kaufen-qualitat-al-lad-blotters\/","url":"https:\/\/medicinasinc.com\/de\/product\/kaufen-qualitat-al-lad-blotters\/","name":"Kaufen Sie hochwertige AL-LAD-Blotter - Best Best Global Meds","isPartOf":{"@id":"https:\/\/medicinasinc.com\/de\/#website"},"primaryImageOfPage":{"@id":"https:\/\/medicinasinc.com\/de\/product\/kaufen-qualitat-al-lad-blotters\/#primaryimage"},"image":{"@id":"https:\/\/medicinasinc.com\/de\/product\/kaufen-qualitat-al-lad-blotters\/#primaryimage"},"thumbnailUrl":"https:\/\/medicinasinc.com\/de\/wp-content\/uploads\/sites\/6\/2022\/02\/Buy-Quality-AL-LAD-blotters.jpg","datePublished":"2022-02-20T17:00:55+00:00","dateModified":"2022-03-18T00:40:35+00:00","description":"Kaufen Sie AL-LAD-Blotter g\u00fcnstig zum Verkauf in Gro\u00dfbritannien, Europa online. 6-Allyl-6-nor-LSD ist ein psychedelisches Lysergamid, das auch als AL LAD (Lysergs\u00e4urediethylamid) bekannt ist. 150 mcg AL-LAD-Blotter.","breadcrumb":{"@id":"https:\/\/medicinasinc.com\/de\/product\/kaufen-qualitat-al-lad-blotters\/#breadcrumb"},"inLanguage":"de","potentialAction":[{"@type":"ReadAction","target":["https:\/\/medicinasinc.com\/de\/product\/kaufen-qualitat-al-lad-blotters\/"]}]},{"@type":"ImageObject","inLanguage":"de","@id":"https:\/\/medicinasinc.com\/de\/product\/kaufen-qualitat-al-lad-blotters\/#primaryimage","url":"https:\/\/medicinasinc.com\/de\/wp-content\/uploads\/sites\/6\/2022\/02\/Buy-Quality-AL-LAD-blotters.jpg","contentUrl":"https:\/\/medicinasinc.com\/de\/wp-content\/uploads\/sites\/6\/2022\/02\/Buy-Quality-AL-LAD-blotters.jpg","width":225,"height":225},{"@type":"BreadcrumbList","@id":"https:\/\/medicinasinc.com\/de\/product\/kaufen-qualitat-al-lad-blotters\/#breadcrumb","itemListElement":[{"@type":"ListItem","position":1,"name":"Einkaufen","item":"https:\/\/medicinasinc.com\/de\/einkaufen\/"},{"@type":"ListItem","position":2,"name":"Kaufen Sie hochwertige AL-LAD-Blotter"}]},{"@type":"WebSite","@id":"https:\/\/medicinasinc.com\/de\/#website","url":"https:\/\/medicinasinc.com\/de\/","name":"Medicinas Inc","description":"Health Medical Clinic","potentialAction":[{"@type":"SearchAction","target":{"@type":"EntryPoint","urlTemplate":"https:\/\/medicinasinc.com\/de\/?s={search_term_string}"},"query-input":{"@type":"PropertyValueSpecification","valueRequired":true,"valueName":"search_term_string"}}],"inLanguage":"de"}]}},"_links":{"self":[{"href":"https:\/\/medicinasinc.com\/de\/wp-json\/wp\/v2\/product\/4859","targetHints":{"allow":["GET"]}}],"collection":[{"href":"https:\/\/medicinasinc.com\/de\/wp-json\/wp\/v2\/product"}],"about":[{"href":"https:\/\/medicinasinc.com\/de\/wp-json\/wp\/v2\/types\/product"}],"replies":[{"embeddable":true,"href":"https:\/\/medicinasinc.com\/de\/wp-json\/wp\/v2\/comments?post=4859"}],"wp:featuredmedia":[{"embeddable":true,"href":"https:\/\/medicinasinc.com\/de\/wp-json\/wp\/v2\/media\/4874"}],"wp:attachment":[{"href":"https:\/\/medicinasinc.com\/de\/wp-json\/wp\/v2\/media?parent=4859"}],"wp:term":[{"taxonomy":"product_brand","embeddable":true,"href":"https:\/\/medicinasinc.com\/de\/wp-json\/wp\/v2\/product_brand?post=4859"},{"taxonomy":"product_cat","embeddable":true,"href":"https:\/\/medicinasinc.com\/de\/wp-json\/wp\/v2\/product_cat?post=4859"},{"taxonomy":"product_tag","embeddable":true,"href":"https:\/\/medicinasinc.com\/de\/wp-json\/wp\/v2\/product_tag?post=4859"}],"curies":[{"name":"wp","href":"https:\/\/api.w.org\/{rel}","templated":true}]}}