{"id":4854,"date":"2022-02-20T16:56:44","date_gmt":"2022-02-20T16:56:44","guid":{"rendered":"https:\/\/medicinasinc.com\/de\/?post_type=product&#038;p=4854"},"modified":"2022-03-18T00:40:47","modified_gmt":"2022-03-18T00:40:47","slug":"kaufen-lsd-liquid-200ug-drop","status":"publish","type":"product","link":"https:\/\/medicinasinc.com\/de\/product\/kaufen-lsd-liquid-200ug-drop\/","title":{"rendered":"Kaufen Sie LSD-Fl\u00fcssigkeit 200ug Drop"},"content":{"rendered":"<p>Kaufen Sie fl\u00fcssiges LSD 200ug &amp; Drop online zu einem reduzierten Preis.<\/p>\n<p>Was ist fl\u00fcssiges LSD?<\/p>\n<p>LSD oder Lysergs\u00e4urediethylamid ist eine halluzinogene Substanz, die aus einer Chemikalie gewonnen wird, die im Roggenpilz vorkommt. Es ist vor allem f\u00fcr seine Verwendung in der Gegenkultur der 1960er Jahre bekannt, und sein anschlie\u00dfendes Verbot brachte ihm einen \u00fcberwiegend negativen Ruf ein.<\/p>\n<p>Albert Hofmann, ein Schweizer Wissenschaftler, synthetisierte LSD 1938 in seinem Z\u00fcrcher Labor. Als 1943 eine Spurenmenge mit seiner Haut in Kontakt kam, entdeckte er unerwartet dessen halluzinogene Eigenschaften.<\/p>\n<p>Kaufen Sie LSD LSD ist ein hochpotentes Halluzinogen mit enormen therapeutischen, spirituellen und kulturellen Auswirkungen.<\/p>\n<p>Kaufen Sie fl\u00fcssiges LSD 200ug &amp; Drop online zu einem g\u00fcnstigen Preis \u2013 Pharmakologie<\/p>\n<p>Wenn es eingenommen wird, wirkt LSD als 5-HT (Serotonin)-Rezeptor-Aktivator, w\u00e4hrend es auch den Serotoninspiegel im Gehirn signifikant erh\u00f6ht, indem es Serotonin-regulierende Systeme hemmt. Kaufen Sie fl\u00fcssiges LSD 200ug &amp; fallen online zu einem reduzierten Preis. 200ug fl\u00fcssiges LSD Preis LSD LSD bevorzugt den 2A Subtyp der 15 Serotoninrezeptoren im Gehirn (5-HT2A). Der 5-HT2A-Rezeptor ist an kognitiven Prozessen im pr\u00e4frontalen Kortex beteiligt. Dies ist von entscheidender Bedeutung, da viele der Vorteile von LSD aus seiner Beteiligung am pr\u00e4frontalen Kortex abgeleitet werden.<\/p>\n<p>Wie wird LSD synthetisiert?<\/p>\n<p>Die LSD-Produktion erfordert fundierte Kenntnisse der organischen Chemie, a voll ausgestattetes Labor (einschlie\u00dflich der M\u00f6glichkeit, Ger\u00e4te zu sterilisieren und Zugang zu einer Dunkelkammer) und mehrere Chemikalien, deren Verkauf derzeit entweder verboten ist oder der strengen \u00dcberwachung durch die Drug Enforcement Agency (DEA) unterliegt. Im Gegensatz zu den Chemikalien, die zur Herstellung von Methamphetamin verwendet werden, sind sie nicht in h\u00e4ufig verwendeten Haushaltsgegenst\u00e4nden zu finden.<\/p>\n<p>Der pr\u00e4frontale Cortex ist vermutlich an der komplexen kognitiven Verhaltensplanung, dem Pers\u00f6nlichkeitsausdruck, der Entscheidungsfindung und der Moderation des sozialen Verhaltens beteiligt . Kaufen Sie fl\u00fcssiges LSD 200ug &amp; fallen online zu einem reduzierten Preis. Dar\u00fcber hinaus ist es entscheidend f\u00fcr die F\u00e4higkeit eines Menschen, Daten aus allen anderen Gehirnsystemen zu verarbeiten und als Ergebnis zielgerichtete Entscheidungen zu treffen.<\/p>\n<p>Lysergs\u00e4urediethylamid, besser bekannt als LSD, ist eine psychoaktive Substanz, die ver\u00e4ndert die Wahrnehmung und verursacht Halluzinationen.<\/p>\n","protected":false},"excerpt":{"rendered":"<p>LSD Liquid 200ug Tropfen zum Verkauf in Gro\u00dfbritannien, Europa zum besten Marktpreis. Alle unsere Produkte werden aus rein nat\u00fcrlichen, THC-freien Inhaltsstoffen hergestellt. Bestellen Sie jetzt online!<\/p>\n<p>Kaufen Sie fl\u00fcssiges LSD 200ug &amp; fallen online zu einem reduzierten Preis. Der Kauf von LSD ist ein einfacher Vorgang; es ist in den Vereinigten Staaten von Amerika online verf\u00fcgbar.<\/p>\n<p>Kosten von 200\u00a0ug &#8211; 350<\/p>\n<p>&nbsp;<\/p>\n<p>&nbsp;<\/p>\n","protected":false},"featured_media":4868,"comment_status":"open","ping_status":"closed","template":"","meta":[],"product_brand":[],"product_cat":[703],"product_tag":[],"class_list":{"0":"post-4854","1":"product","2":"type-product","3":"status-publish","4":"has-post-thumbnail","6":"product_cat-kaufen-psychedelische-drogen","8":"first","9":"instock","10":"shipping-taxable","11":"purchasable","12":"product-type-simple"},"yoast_head":"<!-- This site is optimized with the Yoast SEO plugin v27.3 - https:\/\/yoast.com\/product\/yoast-seo-wordpress\/ -->\n<title>Kaufen Sie LSD-Fl\u00fcssigkeit 200ug Drop - Best Best Global Meds<\/title>\n<meta name=\"description\" content=\"Kaufen Sie LSD Liquid 200ug Tropfen in Gro\u00dfbritannien, Europa zum Verkauf zum besten Marktpreis. Alle unsere Produkte werden aus rein nat\u00fcrlichen Inhaltsstoffen ohne THC hergestellt. Bestellen Sie jetzt online!\" \/>\n<meta name=\"robots\" content=\"index, follow, max-snippet:-1, max-image-preview:large, max-video-preview:-1\" \/>\n<link rel=\"canonical\" href=\"https:\/\/medicinasinc.com\/de\/product\/kaufen-lsd-liquid-200ug-drop\/\" \/>\n<meta property=\"og:locale\" content=\"de_DE\" \/>\n<meta property=\"og:type\" content=\"article\" \/>\n<meta property=\"og:title\" content=\"Kaufen Sie LSD-Fl\u00fcssigkeit 200ug Drop - Best Best Global Meds\" \/>\n<meta property=\"og:description\" content=\"Kaufen Sie LSD Liquid 200ug Tropfen in Gro\u00dfbritannien, Europa zum Verkauf zum besten Marktpreis. Alle unsere Produkte werden aus rein nat\u00fcrlichen Inhaltsstoffen ohne THC hergestellt. Bestellen Sie jetzt online!\" \/>\n<meta property=\"og:url\" content=\"https:\/\/medicinasinc.com\/de\/product\/kaufen-lsd-liquid-200ug-drop\/\" \/>\n<meta property=\"og:site_name\" content=\"Medicinas Inc\" \/>\n<meta property=\"article:modified_time\" content=\"2022-03-18T00:40:47+00:00\" \/>\n<meta property=\"og:image\" content=\"https:\/\/medicinasinc.com\/de\/wp-content\/uploads\/sites\/6\/2022\/02\/Buy-LSD-liquid-200ug-Drop.jpg\" \/>\n\t<meta property=\"og:image:width\" content=\"363\" \/>\n\t<meta property=\"og:image:height\" content=\"445\" \/>\n\t<meta property=\"og:image:type\" content=\"image\/jpeg\" \/>\n<meta name=\"twitter:card\" content=\"summary_large_image\" \/>\n<meta name=\"twitter:label1\" content=\"Gesch\u00e4tzte Lesezeit\" \/>\n\t<meta name=\"twitter:data1\" content=\"2\u00a0Minuten\" \/>\n<script type=\"application\/ld+json\" class=\"yoast-schema-graph\">{\"@context\":\"https:\\\/\\\/schema.org\",\"@graph\":[{\"@type\":\"WebPage\",\"@id\":\"https:\\\/\\\/medicinasinc.com\\\/de\\\/product\\\/kaufen-lsd-liquid-200ug-drop\\\/\",\"url\":\"https:\\\/\\\/medicinasinc.com\\\/de\\\/product\\\/kaufen-lsd-liquid-200ug-drop\\\/\",\"name\":\"Kaufen Sie LSD-Fl\u00fcssigkeit 200ug Drop - Best Best Global Meds\",\"isPartOf\":{\"@id\":\"https:\\\/\\\/medicinasinc.com\\\/de\\\/#website\"},\"primaryImageOfPage\":{\"@id\":\"https:\\\/\\\/medicinasinc.com\\\/de\\\/product\\\/kaufen-lsd-liquid-200ug-drop\\\/#primaryimage\"},\"image\":{\"@id\":\"https:\\\/\\\/medicinasinc.com\\\/de\\\/product\\\/kaufen-lsd-liquid-200ug-drop\\\/#primaryimage\"},\"thumbnailUrl\":\"https:\\\/\\\/medicinasinc.com\\\/de\\\/wp-content\\\/uploads\\\/sites\\\/6\\\/2022\\\/02\\\/Buy-LSD-liquid-200ug-Drop.jpg\",\"datePublished\":\"2022-02-20T16:56:44+00:00\",\"dateModified\":\"2022-03-18T00:40:47+00:00\",\"description\":\"Kaufen Sie LSD Liquid 200ug Tropfen in Gro\u00dfbritannien, Europa zum Verkauf zum besten Marktpreis. Alle unsere Produkte werden aus rein nat\u00fcrlichen Inhaltsstoffen ohne THC hergestellt. Bestellen Sie jetzt online!\",\"breadcrumb\":{\"@id\":\"https:\\\/\\\/medicinasinc.com\\\/de\\\/product\\\/kaufen-lsd-liquid-200ug-drop\\\/#breadcrumb\"},\"inLanguage\":\"de\",\"potentialAction\":[{\"@type\":\"ReadAction\",\"target\":[\"https:\\\/\\\/medicinasinc.com\\\/de\\\/product\\\/kaufen-lsd-liquid-200ug-drop\\\/\"]}]},{\"@type\":\"ImageObject\",\"inLanguage\":\"de\",\"@id\":\"https:\\\/\\\/medicinasinc.com\\\/de\\\/product\\\/kaufen-lsd-liquid-200ug-drop\\\/#primaryimage\",\"url\":\"https:\\\/\\\/medicinasinc.com\\\/de\\\/wp-content\\\/uploads\\\/sites\\\/6\\\/2022\\\/02\\\/Buy-LSD-liquid-200ug-Drop.jpg\",\"contentUrl\":\"https:\\\/\\\/medicinasinc.com\\\/de\\\/wp-content\\\/uploads\\\/sites\\\/6\\\/2022\\\/02\\\/Buy-LSD-liquid-200ug-Drop.jpg\",\"width\":363,\"height\":445},{\"@type\":\"BreadcrumbList\",\"@id\":\"https:\\\/\\\/medicinasinc.com\\\/de\\\/product\\\/kaufen-lsd-liquid-200ug-drop\\\/#breadcrumb\",\"itemListElement\":[{\"@type\":\"ListItem\",\"position\":1,\"name\":\"Einkaufen\",\"item\":\"https:\\\/\\\/medicinasinc.com\\\/de\\\/einkaufen\\\/\"},{\"@type\":\"ListItem\",\"position\":2,\"name\":\"Kaufen Sie LSD-Fl\u00fcssigkeit 200ug Drop\"}]},{\"@type\":\"WebSite\",\"@id\":\"https:\\\/\\\/medicinasinc.com\\\/de\\\/#website\",\"url\":\"https:\\\/\\\/medicinasinc.com\\\/de\\\/\",\"name\":\"Medicinas Inc\",\"description\":\"Health Medical Clinic\",\"potentialAction\":[{\"@type\":\"SearchAction\",\"target\":{\"@type\":\"EntryPoint\",\"urlTemplate\":\"https:\\\/\\\/medicinasinc.com\\\/de\\\/?s={search_term_string}\"},\"query-input\":{\"@type\":\"PropertyValueSpecification\",\"valueRequired\":true,\"valueName\":\"search_term_string\"}}],\"inLanguage\":\"de\"}]}<\/script>\n<!-- \/ Yoast SEO plugin. -->","yoast_head_json":{"title":"Kaufen Sie LSD-Fl\u00fcssigkeit 200ug Drop - Best Best Global Meds","description":"Kaufen Sie LSD Liquid 200ug Tropfen in Gro\u00dfbritannien, Europa zum Verkauf zum besten Marktpreis. Alle unsere Produkte werden aus rein nat\u00fcrlichen Inhaltsstoffen ohne THC hergestellt. Bestellen Sie jetzt online!","robots":{"index":"index","follow":"follow","max-snippet":"max-snippet:-1","max-image-preview":"max-image-preview:large","max-video-preview":"max-video-preview:-1"},"canonical":"https:\/\/medicinasinc.com\/de\/product\/kaufen-lsd-liquid-200ug-drop\/","og_locale":"de_DE","og_type":"article","og_title":"Kaufen Sie LSD-Fl\u00fcssigkeit 200ug Drop - Best Best Global Meds","og_description":"Kaufen Sie LSD Liquid 200ug Tropfen in Gro\u00dfbritannien, Europa zum Verkauf zum besten Marktpreis. Alle unsere Produkte werden aus rein nat\u00fcrlichen Inhaltsstoffen ohne THC hergestellt. Bestellen Sie jetzt online!","og_url":"https:\/\/medicinasinc.com\/de\/product\/kaufen-lsd-liquid-200ug-drop\/","og_site_name":"Medicinas Inc","article_modified_time":"2022-03-18T00:40:47+00:00","og_image":[{"width":363,"height":445,"url":"https:\/\/medicinasinc.com\/de\/wp-content\/uploads\/sites\/6\/2022\/02\/Buy-LSD-liquid-200ug-Drop.jpg","type":"image\/jpeg"}],"twitter_card":"summary_large_image","twitter_misc":{"Gesch\u00e4tzte Lesezeit":"2\u00a0Minuten"},"schema":{"@context":"https:\/\/schema.org","@graph":[{"@type":"WebPage","@id":"https:\/\/medicinasinc.com\/de\/product\/kaufen-lsd-liquid-200ug-drop\/","url":"https:\/\/medicinasinc.com\/de\/product\/kaufen-lsd-liquid-200ug-drop\/","name":"Kaufen Sie LSD-Fl\u00fcssigkeit 200ug Drop - Best Best Global Meds","isPartOf":{"@id":"https:\/\/medicinasinc.com\/de\/#website"},"primaryImageOfPage":{"@id":"https:\/\/medicinasinc.com\/de\/product\/kaufen-lsd-liquid-200ug-drop\/#primaryimage"},"image":{"@id":"https:\/\/medicinasinc.com\/de\/product\/kaufen-lsd-liquid-200ug-drop\/#primaryimage"},"thumbnailUrl":"https:\/\/medicinasinc.com\/de\/wp-content\/uploads\/sites\/6\/2022\/02\/Buy-LSD-liquid-200ug-Drop.jpg","datePublished":"2022-02-20T16:56:44+00:00","dateModified":"2022-03-18T00:40:47+00:00","description":"Kaufen Sie LSD Liquid 200ug Tropfen in Gro\u00dfbritannien, Europa zum Verkauf zum besten Marktpreis. Alle unsere Produkte werden aus rein nat\u00fcrlichen Inhaltsstoffen ohne THC hergestellt. Bestellen Sie jetzt online!","breadcrumb":{"@id":"https:\/\/medicinasinc.com\/de\/product\/kaufen-lsd-liquid-200ug-drop\/#breadcrumb"},"inLanguage":"de","potentialAction":[{"@type":"ReadAction","target":["https:\/\/medicinasinc.com\/de\/product\/kaufen-lsd-liquid-200ug-drop\/"]}]},{"@type":"ImageObject","inLanguage":"de","@id":"https:\/\/medicinasinc.com\/de\/product\/kaufen-lsd-liquid-200ug-drop\/#primaryimage","url":"https:\/\/medicinasinc.com\/de\/wp-content\/uploads\/sites\/6\/2022\/02\/Buy-LSD-liquid-200ug-Drop.jpg","contentUrl":"https:\/\/medicinasinc.com\/de\/wp-content\/uploads\/sites\/6\/2022\/02\/Buy-LSD-liquid-200ug-Drop.jpg","width":363,"height":445},{"@type":"BreadcrumbList","@id":"https:\/\/medicinasinc.com\/de\/product\/kaufen-lsd-liquid-200ug-drop\/#breadcrumb","itemListElement":[{"@type":"ListItem","position":1,"name":"Einkaufen","item":"https:\/\/medicinasinc.com\/de\/einkaufen\/"},{"@type":"ListItem","position":2,"name":"Kaufen Sie LSD-Fl\u00fcssigkeit 200ug Drop"}]},{"@type":"WebSite","@id":"https:\/\/medicinasinc.com\/de\/#website","url":"https:\/\/medicinasinc.com\/de\/","name":"Medicinas Inc","description":"Health Medical Clinic","potentialAction":[{"@type":"SearchAction","target":{"@type":"EntryPoint","urlTemplate":"https:\/\/medicinasinc.com\/de\/?s={search_term_string}"},"query-input":{"@type":"PropertyValueSpecification","valueRequired":true,"valueName":"search_term_string"}}],"inLanguage":"de"}]}},"_links":{"self":[{"href":"https:\/\/medicinasinc.com\/de\/wp-json\/wp\/v2\/product\/4854","targetHints":{"allow":["GET"]}}],"collection":[{"href":"https:\/\/medicinasinc.com\/de\/wp-json\/wp\/v2\/product"}],"about":[{"href":"https:\/\/medicinasinc.com\/de\/wp-json\/wp\/v2\/types\/product"}],"replies":[{"embeddable":true,"href":"https:\/\/medicinasinc.com\/de\/wp-json\/wp\/v2\/comments?post=4854"}],"wp:featuredmedia":[{"embeddable":true,"href":"https:\/\/medicinasinc.com\/de\/wp-json\/wp\/v2\/media\/4868"}],"wp:attachment":[{"href":"https:\/\/medicinasinc.com\/de\/wp-json\/wp\/v2\/media?parent=4854"}],"wp:term":[{"taxonomy":"product_brand","embeddable":true,"href":"https:\/\/medicinasinc.com\/de\/wp-json\/wp\/v2\/product_brand?post=4854"},{"taxonomy":"product_cat","embeddable":true,"href":"https:\/\/medicinasinc.com\/de\/wp-json\/wp\/v2\/product_cat?post=4854"},{"taxonomy":"product_tag","embeddable":true,"href":"https:\/\/medicinasinc.com\/de\/wp-json\/wp\/v2\/product_tag?post=4854"}],"curies":[{"name":"wp","href":"https:\/\/api.w.org\/{rel}","templated":true}]}}