{"id":4848,"date":"2022-02-20T16:50:30","date_gmt":"2022-02-20T16:50:30","guid":{"rendered":"https:\/\/medicinasinc.com\/de\/?post_type=product&#038;p=4848"},"modified":"2022-03-18T00:41:12","modified_gmt":"2022-03-18T00:41:12","slug":"ketamin-pulver-kaufen","status":"publish","type":"product","link":"https:\/\/medicinasinc.com\/de\/product\/ketamin-pulver-kaufen\/","title":{"rendered":"Kaufen Sie Ketaminpulver"},"content":{"rendered":"<p>Ketaminpulver kann online gekauft werden.<\/p>\n<p>Ketaminpulver zur postoperativen Schmerzbehandlung kaufen<br \/> Postoperative Schmerzen treten nach gr\u00f6\u00dferen Operationen auf, die Schnitte und Transplantationen umfassen. Es kann zwei bis f\u00fcnf Tage andauern, und es ist eine angemessene Behandlung erforderlich, um es auszurotten. Eine unzureichende Kontrolle kann zu Immobilit\u00e4t, einer schwierigeren Wiedererlangung der Funktion und einer verz\u00f6gerten Genesung f\u00fchren. Ziel ist es, Beschwerden mit m\u00f6glichst wenigen Nebenwirkungen zu lindern. Trotz jahrelanger Fortschritte in der Schmerzbehandlung bleibt die Hauptst\u00fctze der postoperativen Therapie der Verkauf von An\u00e4sthetika wie Ketaminpulver. Sie binden an Rezeptoren des zentralen Nervensystems und hemmen die \u00dcbertragung von Schmerzsignalen. Es hat einen schnellen Wirkungseintritt und eine Wirkungsdauer von einer Stunde. Diejenigen, die f\u00fcr die Verabreichung des Medikaments verantwortlich sind, sollten sicherstellen, dass keine t\u00f6dlichen Wechselwirkungen auftreten.<\/p>\n<p>Best Global Meds \u2013 Die einzige Quelle f\u00fcr erschwingliches Ketaminpulver<br \/> Eine gro\u00dfe Auswahl an verschreibungspflichtigen Medikamenten ist jetzt ohne Umweg erh\u00e4ltlich Zoll von einem Ort. Bei Best Global Meds k\u00f6nnen Sie Ketaminpulver bequem von zu Hause oder vom B\u00fcro aus bestellen. Wir bem\u00fchen uns, das Online-Shopping f\u00fcr unsere Kunden einfach und sicher zu gestalten. Aus diesem Grund akzeptieren wir eine Vielzahl von Zahlungsmethoden, einschlie\u00dflich Kryptow\u00e4hrung, und sch\u00fctzen Ihre Kreditkarteninformationen durch Kreditkartenverschl\u00fcsselung. Dar\u00fcber hinaus ist der Versandvorgang risikofrei. Wir arbeiten mit renommierten Spediteuren zusammen, um Ihre Medikamente zu sichern und direkt zu Ihnen nach Hause zu versenden.<\/p>\n<p>Wenn Sie Fragen zu uns oder unseren Produkten haben, wenden Sie sich bitte an einen unserer F\u00fchrungskr\u00e4fte. Gerne beantworten wir Ihre Fragen!<\/p>\n","protected":false},"excerpt":{"rendered":"<div class=\"woocommerce-product-details__short-description\">\n<p>Ketaminpulver kaufen Versand in die Europ\u00e4ische Union, Zahlung per Bitcoin. Ketaminpulver mit Rabatt &#8211; Forschungschemikalien in Europa kaufen. Europas gr\u00f6\u00dfter Einzelh\u00e4ndler f\u00fcr Ketaminpulver.<\/p>\n<p>Ketaminpulver kann online gekauft werden. Ketamin-HCL-Pulver online kaufen \u2013 Ketamin-Pulver online kaufen \u2013 Ketamin-Pulver bestellen<\/p>\n<\/p><\/div>\n","protected":false},"featured_media":4860,"comment_status":"open","ping_status":"closed","template":"","meta":[],"product_brand":[],"product_cat":[703],"product_tag":[],"class_list":{"0":"post-4848","1":"product","2":"type-product","3":"status-publish","4":"has-post-thumbnail","6":"product_cat-kaufen-psychedelische-drogen","8":"first","9":"instock","10":"shipping-taxable","11":"purchasable","12":"product-type-variable","13":"has-default-attributes"},"yoast_head":"<!-- This site is optimized with the Yoast SEO plugin v27.3 - https:\/\/yoast.com\/product\/yoast-seo-wordpress\/ -->\n<title>Kaufen Sie Ketamin-Pulver - Ketamin-Verkauf Europa - Best Best Global Meds<\/title>\n<meta name=\"description\" content=\"Kaufen Sie Ketaminpulver zum Verkauf EU-Versand, Bitcoin-Zahlung. G\u00fcnstiger Lieferant von Ketaminpulver - kaufen Sie Forschungschemikalien in Europa. Ketaminpulvergesch\u00e4ft in Europa.\" \/>\n<meta name=\"robots\" content=\"index, follow, max-snippet:-1, max-image-preview:large, max-video-preview:-1\" \/>\n<link rel=\"canonical\" href=\"https:\/\/medicinasinc.com\/de\/product\/ketamin-pulver-kaufen\/\" \/>\n<meta property=\"og:locale\" content=\"de_DE\" \/>\n<meta property=\"og:type\" content=\"article\" \/>\n<meta property=\"og:title\" content=\"Kaufen Sie Ketamin-Pulver - Ketamin-Verkauf Europa - Best Best Global Meds\" \/>\n<meta property=\"og:description\" content=\"Kaufen Sie Ketaminpulver zum Verkauf EU-Versand, Bitcoin-Zahlung. G\u00fcnstiger Lieferant von Ketaminpulver - kaufen Sie Forschungschemikalien in Europa. Ketaminpulvergesch\u00e4ft in Europa.\" \/>\n<meta property=\"og:url\" content=\"https:\/\/medicinasinc.com\/de\/product\/ketamin-pulver-kaufen\/\" \/>\n<meta property=\"og:site_name\" content=\"Medicinas Inc\" \/>\n<meta property=\"article:modified_time\" content=\"2022-03-18T00:41:12+00:00\" \/>\n<meta property=\"og:image\" content=\"https:\/\/medicinasinc.com\/de\/wp-content\/uploads\/sites\/6\/2022\/02\/Buy-Ketamine-powder.jpg\" \/>\n\t<meta property=\"og:image:width\" content=\"900\" \/>\n\t<meta property=\"og:image:height\" content=\"675\" \/>\n\t<meta property=\"og:image:type\" content=\"image\/jpeg\" \/>\n<meta name=\"twitter:card\" content=\"summary_large_image\" \/>\n<meta name=\"twitter:label1\" content=\"Gesch\u00e4tzte Lesezeit\" \/>\n\t<meta name=\"twitter:data1\" content=\"2\u00a0Minuten\" \/>\n<script type=\"application\/ld+json\" class=\"yoast-schema-graph\">{\"@context\":\"https:\\\/\\\/schema.org\",\"@graph\":[{\"@type\":\"WebPage\",\"@id\":\"https:\\\/\\\/medicinasinc.com\\\/de\\\/product\\\/ketamin-pulver-kaufen\\\/\",\"url\":\"https:\\\/\\\/medicinasinc.com\\\/de\\\/product\\\/ketamin-pulver-kaufen\\\/\",\"name\":\"Kaufen Sie Ketamin-Pulver - Ketamin-Verkauf Europa - Best Best Global Meds\",\"isPartOf\":{\"@id\":\"https:\\\/\\\/medicinasinc.com\\\/de\\\/#website\"},\"primaryImageOfPage\":{\"@id\":\"https:\\\/\\\/medicinasinc.com\\\/de\\\/product\\\/ketamin-pulver-kaufen\\\/#primaryimage\"},\"image\":{\"@id\":\"https:\\\/\\\/medicinasinc.com\\\/de\\\/product\\\/ketamin-pulver-kaufen\\\/#primaryimage\"},\"thumbnailUrl\":\"https:\\\/\\\/medicinasinc.com\\\/de\\\/wp-content\\\/uploads\\\/sites\\\/6\\\/2022\\\/02\\\/Buy-Ketamine-powder.jpg\",\"datePublished\":\"2022-02-20T16:50:30+00:00\",\"dateModified\":\"2022-03-18T00:41:12+00:00\",\"description\":\"Kaufen Sie Ketaminpulver zum Verkauf EU-Versand, Bitcoin-Zahlung. G\u00fcnstiger Lieferant von Ketaminpulver - kaufen Sie Forschungschemikalien in Europa. Ketaminpulvergesch\u00e4ft in Europa.\",\"breadcrumb\":{\"@id\":\"https:\\\/\\\/medicinasinc.com\\\/de\\\/product\\\/ketamin-pulver-kaufen\\\/#breadcrumb\"},\"inLanguage\":\"de\",\"potentialAction\":[{\"@type\":\"ReadAction\",\"target\":[\"https:\\\/\\\/medicinasinc.com\\\/de\\\/product\\\/ketamin-pulver-kaufen\\\/\"]}]},{\"@type\":\"ImageObject\",\"inLanguage\":\"de\",\"@id\":\"https:\\\/\\\/medicinasinc.com\\\/de\\\/product\\\/ketamin-pulver-kaufen\\\/#primaryimage\",\"url\":\"https:\\\/\\\/medicinasinc.com\\\/de\\\/wp-content\\\/uploads\\\/sites\\\/6\\\/2022\\\/02\\\/Buy-Ketamine-powder.jpg\",\"contentUrl\":\"https:\\\/\\\/medicinasinc.com\\\/de\\\/wp-content\\\/uploads\\\/sites\\\/6\\\/2022\\\/02\\\/Buy-Ketamine-powder.jpg\",\"width\":900,\"height\":675},{\"@type\":\"BreadcrumbList\",\"@id\":\"https:\\\/\\\/medicinasinc.com\\\/de\\\/product\\\/ketamin-pulver-kaufen\\\/#breadcrumb\",\"itemListElement\":[{\"@type\":\"ListItem\",\"position\":1,\"name\":\"Einkaufen\",\"item\":\"https:\\\/\\\/medicinasinc.com\\\/de\\\/einkaufen\\\/\"},{\"@type\":\"ListItem\",\"position\":2,\"name\":\"Kaufen Sie Ketaminpulver\"}]},{\"@type\":\"WebSite\",\"@id\":\"https:\\\/\\\/medicinasinc.com\\\/de\\\/#website\",\"url\":\"https:\\\/\\\/medicinasinc.com\\\/de\\\/\",\"name\":\"Medicinas Inc\",\"description\":\"Health Medical Clinic\",\"potentialAction\":[{\"@type\":\"SearchAction\",\"target\":{\"@type\":\"EntryPoint\",\"urlTemplate\":\"https:\\\/\\\/medicinasinc.com\\\/de\\\/?s={search_term_string}\"},\"query-input\":{\"@type\":\"PropertyValueSpecification\",\"valueRequired\":true,\"valueName\":\"search_term_string\"}}],\"inLanguage\":\"de\"}]}<\/script>\n<!-- \/ Yoast SEO plugin. -->","yoast_head_json":{"title":"Kaufen Sie Ketamin-Pulver - Ketamin-Verkauf Europa - Best Best Global Meds","description":"Kaufen Sie Ketaminpulver zum Verkauf EU-Versand, Bitcoin-Zahlung. G\u00fcnstiger Lieferant von Ketaminpulver - kaufen Sie Forschungschemikalien in Europa. Ketaminpulvergesch\u00e4ft in Europa.","robots":{"index":"index","follow":"follow","max-snippet":"max-snippet:-1","max-image-preview":"max-image-preview:large","max-video-preview":"max-video-preview:-1"},"canonical":"https:\/\/medicinasinc.com\/de\/product\/ketamin-pulver-kaufen\/","og_locale":"de_DE","og_type":"article","og_title":"Kaufen Sie Ketamin-Pulver - Ketamin-Verkauf Europa - Best Best Global Meds","og_description":"Kaufen Sie Ketaminpulver zum Verkauf EU-Versand, Bitcoin-Zahlung. G\u00fcnstiger Lieferant von Ketaminpulver - kaufen Sie Forschungschemikalien in Europa. Ketaminpulvergesch\u00e4ft in Europa.","og_url":"https:\/\/medicinasinc.com\/de\/product\/ketamin-pulver-kaufen\/","og_site_name":"Medicinas Inc","article_modified_time":"2022-03-18T00:41:12+00:00","og_image":[{"width":900,"height":675,"url":"https:\/\/medicinasinc.com\/de\/wp-content\/uploads\/sites\/6\/2022\/02\/Buy-Ketamine-powder.jpg","type":"image\/jpeg"}],"twitter_card":"summary_large_image","twitter_misc":{"Gesch\u00e4tzte Lesezeit":"2\u00a0Minuten"},"schema":{"@context":"https:\/\/schema.org","@graph":[{"@type":"WebPage","@id":"https:\/\/medicinasinc.com\/de\/product\/ketamin-pulver-kaufen\/","url":"https:\/\/medicinasinc.com\/de\/product\/ketamin-pulver-kaufen\/","name":"Kaufen Sie Ketamin-Pulver - Ketamin-Verkauf Europa - Best Best Global Meds","isPartOf":{"@id":"https:\/\/medicinasinc.com\/de\/#website"},"primaryImageOfPage":{"@id":"https:\/\/medicinasinc.com\/de\/product\/ketamin-pulver-kaufen\/#primaryimage"},"image":{"@id":"https:\/\/medicinasinc.com\/de\/product\/ketamin-pulver-kaufen\/#primaryimage"},"thumbnailUrl":"https:\/\/medicinasinc.com\/de\/wp-content\/uploads\/sites\/6\/2022\/02\/Buy-Ketamine-powder.jpg","datePublished":"2022-02-20T16:50:30+00:00","dateModified":"2022-03-18T00:41:12+00:00","description":"Kaufen Sie Ketaminpulver zum Verkauf EU-Versand, Bitcoin-Zahlung. G\u00fcnstiger Lieferant von Ketaminpulver - kaufen Sie Forschungschemikalien in Europa. Ketaminpulvergesch\u00e4ft in Europa.","breadcrumb":{"@id":"https:\/\/medicinasinc.com\/de\/product\/ketamin-pulver-kaufen\/#breadcrumb"},"inLanguage":"de","potentialAction":[{"@type":"ReadAction","target":["https:\/\/medicinasinc.com\/de\/product\/ketamin-pulver-kaufen\/"]}]},{"@type":"ImageObject","inLanguage":"de","@id":"https:\/\/medicinasinc.com\/de\/product\/ketamin-pulver-kaufen\/#primaryimage","url":"https:\/\/medicinasinc.com\/de\/wp-content\/uploads\/sites\/6\/2022\/02\/Buy-Ketamine-powder.jpg","contentUrl":"https:\/\/medicinasinc.com\/de\/wp-content\/uploads\/sites\/6\/2022\/02\/Buy-Ketamine-powder.jpg","width":900,"height":675},{"@type":"BreadcrumbList","@id":"https:\/\/medicinasinc.com\/de\/product\/ketamin-pulver-kaufen\/#breadcrumb","itemListElement":[{"@type":"ListItem","position":1,"name":"Einkaufen","item":"https:\/\/medicinasinc.com\/de\/einkaufen\/"},{"@type":"ListItem","position":2,"name":"Kaufen Sie Ketaminpulver"}]},{"@type":"WebSite","@id":"https:\/\/medicinasinc.com\/de\/#website","url":"https:\/\/medicinasinc.com\/de\/","name":"Medicinas Inc","description":"Health Medical Clinic","potentialAction":[{"@type":"SearchAction","target":{"@type":"EntryPoint","urlTemplate":"https:\/\/medicinasinc.com\/de\/?s={search_term_string}"},"query-input":{"@type":"PropertyValueSpecification","valueRequired":true,"valueName":"search_term_string"}}],"inLanguage":"de"}]}},"_links":{"self":[{"href":"https:\/\/medicinasinc.com\/de\/wp-json\/wp\/v2\/product\/4848","targetHints":{"allow":["GET"]}}],"collection":[{"href":"https:\/\/medicinasinc.com\/de\/wp-json\/wp\/v2\/product"}],"about":[{"href":"https:\/\/medicinasinc.com\/de\/wp-json\/wp\/v2\/types\/product"}],"replies":[{"embeddable":true,"href":"https:\/\/medicinasinc.com\/de\/wp-json\/wp\/v2\/comments?post=4848"}],"wp:featuredmedia":[{"embeddable":true,"href":"https:\/\/medicinasinc.com\/de\/wp-json\/wp\/v2\/media\/4860"}],"wp:attachment":[{"href":"https:\/\/medicinasinc.com\/de\/wp-json\/wp\/v2\/media?parent=4848"}],"wp:term":[{"taxonomy":"product_brand","embeddable":true,"href":"https:\/\/medicinasinc.com\/de\/wp-json\/wp\/v2\/product_brand?post=4848"},{"taxonomy":"product_cat","embeddable":true,"href":"https:\/\/medicinasinc.com\/de\/wp-json\/wp\/v2\/product_cat?post=4848"},{"taxonomy":"product_tag","embeddable":true,"href":"https:\/\/medicinasinc.com\/de\/wp-json\/wp\/v2\/product_tag?post=4848"}],"curies":[{"name":"wp","href":"https:\/\/api.w.org\/{rel}","templated":true}]}}