{"id":4830,"date":"2022-02-20T16:34:51","date_gmt":"2022-02-20T16:34:51","guid":{"rendered":"https:\/\/medicinasinc.com\/de\/?post_type=product&#038;p=4830"},"modified":"2022-03-18T00:41:21","modified_gmt":"2022-03-18T00:41:21","slug":"kaufen-crystal-meth","status":"publish","type":"product","link":"https:\/\/medicinasinc.com\/de\/product\/kaufen-crystal-meth\/","title":{"rendered":"Kaufen Sie Crystal Meth"},"content":{"rendered":"<p>Wo kann man Crystal Meth kaufen \u2013 Methamphetamin<\/p>\n<p>Crystal Meth, auch als Edelsteinmeth bekannt, ist ein Stimulans f\u00fcr das zentrale Nervensystem (ZNS), das zahlreiche \u00c4hnlichkeiten mit Amphetaminen aufweist, dem weltweit zweitgr\u00f6\u00dften Medikament hinter Maryjane die beliebteste Klasse illegaler Medikamente.<br \/> Wie Amphetamin f\u00f6rdert es erh\u00f6hte Aktivit\u00e4t, verminderten Hunger und ein allgemeines Wohlbefinden.<\/p>\n<p>Es gibt einige anerkannte medizinische Anwendungen f\u00fcr Crystal Meth \u2013 Methamphetamin, einschlie\u00dflich der Behandlung von Narkolepsie, mangelnder Konzentrationsf\u00e4higkeit und f\u00fcr den vor\u00fcbergehenden Gebrauch, wie z. B. \u00dcbergewicht; diese medizinischen Anwendungen sind jedoch begrenzt.<\/p>\n<p>Crystal Meth kann wie Kokain geraucht werden. Chemical Inc. verkauft Crystal Meth \u2013 Methamphetamin.<\/p>\n<p>Methamphetamine werden verwendet, um die folgenden Zust\u00e4nde zu behandeln:<\/p>\n<p>ADHSNarcolepsy<\/p>\n<p>Medizinische Anwendungen sind begrenzt.<\/p>\n<p>Crystal Meth \u2013 Methamphetamin kann wie Kokain geraucht werden.<\/p>\n<p>Kaufen Sie Crystal Meth mit Bitcoins<\/p>\n<p>Crystal Meth \u2013 Methamphetamin wird verwendet, um die folgenden Erkrankungen zu behandeln:<\/p>\n<p>Adipositas-Hyperaktivit\u00e4ts-St\u00f6rung Narkolepsie Als Ergebnis f\u00f6rdert es erh\u00f6hte Aktivit\u00e4t, verringerten Hunger und ein allgemeines Gef\u00fchl von Wohlstand. Wenn es im \u00dcberma\u00df verwendet wird, hat es zunehmend zerst\u00f6rerische Auswirkungen auf das prim\u00e4re sensorische System.<br \/> Wenn Sie glauben, dass Sie w\u00e4hrend der Einnahme des Medikaments schwanger geworden sein k\u00f6nnten, wenden Sie sich sofort an Ihren Spezialisten, um Komplikationen zu vermeiden.<br \/> Wenn Sie darunter leiden Herzprobleme,<\/p>\n<p>Methamphetamine haben eine Reihe von negativen Folgen, darunter die folgenden:<\/p>\n<p>Erh\u00f6hte Pulsfrequenz<br \/> Erh\u00f6hung der K\u00f6rpertemperatur<br \/> Eine Erh\u00f6hung der Rate bei denen man sich entspannt<br \/>Sch\u00fcler mit geweiteten Pupillen<br \/>Zittern Verz\u00fcckungsartige Emotionen<br \/>Verst\u00e4rkte Angst<br \/>Reizbarkeit<br \/>Paranoia<br \/>heftiges und ausweichendes Verhalten<br \/>Hyperaktivit\u00e4t auf vor\u00fcbergehend Konsultieren Sie einen Spezialisten bez\u00fcglich therapeutischer M\u00f6glichkeiten.<\/p>\n<p>Eine Portion Methamphetamine zu vermeiden ist nicht schwierig, aber Sie sollten Doppelmessungen vermeiden.<\/p>\n<p>&nbsp;<\/p>\n<p> &nbsp;<\/p>\n<p>&nbsp;<\/p>\n<p>&nbsp;<\/p>\n<p>&nbsp;<\/p>\n<p>&nbsp;<\/p>\n<p>W\u00e4hrend Methamphetamin beabsichtigt ist Fokus behalten, w Bei Missbrauch kann dies leicht zu ernsthaften medizinischen Problemen f\u00fchren, daher ist die Suche nach Krisenhilfe durch qualifizierte medizinische Fachkr\u00e4fte die beste Vorgehensweise.<\/p>\n<p>&nbsp;<\/p>\n<p>&nbsp;<\/p>\n<p>&nbsp;<\/p>\n<p>&nbsp;<\/p>\n<p>&nbsp;<\/p>\n<p>&nbsp;<\/p>\n<p>Die besten globalen Medikamente. bietet Crystal Meth \u2013 Methamphetamine online zum Verkauf an.<\/p>\n<p>Bewahren Sie Methamphetamine au\u00dferdem bei Raumtemperatur an Orten ohne Licht und W\u00e4rme auf. Ebenso sollten Sie dieses Medikament nicht sp\u00fclen. Ihre Kinder und Haustiere d\u00fcrfen diesem Medikament in keiner Weise ausgesetzt werden.<\/p>\n<p>Sie k\u00f6nnen jedoch Crystal Meth \u2013 Methamphetamin online beim renommiertesten Online-H\u00e4ndler \u2013 Chemical Inc. kaufen.<\/p>\n<p> Kaufen Sie Methamphetamine ohne Rezept, Methamphetamine sind online zum bestm\u00f6glichen Preis erh\u00e4ltlich.<br \/> Kaufen Sie jetzt die wirksamsten Medikamente!<br \/> Online-Kauf von Crystal Meth<\/p>\n<p>Meth-Benutzer sollten suchen sofortige Behandlung.<\/p>\n<p>W\u00e4hrend viele k\u00f6rperliche Symptome mit der richtigen Behandlung r\u00fcckg\u00e4ngig gemacht werden k\u00f6nnen, sind fortgeschrittene Alterung und Karies schwieriger r\u00fcckg\u00e4ngig zu machen, und die Sch\u00e4den sind h\u00e4ufig irreversibel.<\/p>\n<p>Zus\u00e4tzlich Methamphetaminkonsum kann zu Psychosen oder psychotischem Verhalten f\u00fchren, bei dem Benutzer den Bezug zur Realit\u00e4t verlieren und schwere Wahnvorstellungen, Paranoia, Halluzinationen und zwanghaftes Verhalten erfahren, das sie daran hindert, den Schaden, den sie sich selbst zuf\u00fcgen, wirklich zu verstehen.<\/p>\n<p>Es ist f\u00fcr den S\u00fcchtigen von entscheidender Bedeutung Suchen Sie sofort Hilfe, sonst erleiden sie diese k\u00f6rperlichen und psychischen Folgen sowie andere h\u00e4ufige Symptome wie zerst\u00f6rte Beziehungen, finanzielle Not und Strafanzeigen.<\/p>\n<p>Fast jede Familie ist von Sucht betroffen, die sich ausbreitet Verw\u00fcstung der k\u00f6rperlichen und geistigen Gesundheit, der Beziehungen und der pers\u00f6nlichen Finanzen. M\u00fctter, V\u00e4ter, Br\u00fcder, Schwestern, T\u00f6chter und S\u00f6hne geh\u00f6ren alle zu dieser Kategorie.<\/p>\n<p>Niemand ist immun gegen die erschreckenden Langzeitfolgen des Missbrauchs harter Drogen.<br \/> Was folgt, ist eine ern\u00fcchternde Darstellung von ECHTE Menschen.<\/p>\n<p>Wir sind dem Reiz des Drogenkonsums erlegen \u2013 in diesem Fall Methamphetamin \u2013 und seine verheerenden Folgen sind nur allzu offensichtlich.<br \/> Wenn Sie oder ein geliebter Mensch mit a Methamphetamin-Abh\u00e4ngigkeit, oder wenn Sie daran interessiert sind, mehr zu erfahren, besuchen Sie bitte die folgenden Websites, um Unterst\u00fctzung bei der Genesung zu erhalten.<\/p>\n<p>&nbsp;<\/p>\n<p>Nebenwirkungen von Methamphetamin, Struktur von Methamphetamin, wie lange wirkt Methamphetamin Bleiben Sie in Ihrem System, wie man Methamphetamin raucht, Heroin, Kokain, Methamphetamin, Zigaretten und Alkohol sind alles Beispiele f\u00fcr ________., rosafarbenes Methamphetamin, schnupfendes kristallines Methamphetamin, Methamphetaminpreise. Wie schmeckt Methamphetamin, wie lange bleibt es in Ihrem Urin , und wie sieht Methamphetamin aus? Super-Methamphetamin, Methamphetamin-Nebenwirkungen, Methamphetamin-Struktur, wie lange Methamphetamin in Ihrem System bleibt, wie man Methamphetamin raucht, Heroin, Kokain, Methamphetamin, Zigaretten und Alkohol sind alles Beispiele f\u00fcr ________ Wie schmeckt Methamphetamin, wie lange bleibt es im Urin und wie sieht Methamphetamin aus? Methamphetamin supr\u00eame<\/p>\n","protected":false},"excerpt":{"rendered":"<p>Kaufen Sie Crystal Meth zum Verkauf UK, Europa, Asien, Methamphetamin Online Kaufen Sie Methamphetamin mit uns, wir k\u00f6nnen Sie von \u00fcberall auf der Welt liefern.<\/p>\n<p>Kaufen Sie Crystal Meth online Pillen \u2013 Kaufen Sie 96,8 Prozent reines Crystal Methamphetamin \u2013 Wo kann man Crystal Meth online kaufen \u2013 Kaufen Sie 96,8 Prozent reines Ice Meth \u2013 Kaufen Sie Methamphetamin online<\/p>\n","protected":false},"featured_media":4844,"comment_status":"open","ping_status":"closed","template":"","meta":[],"product_brand":[],"product_cat":[703],"product_tag":[722,704,705,706,708,709,712,713,714,723,716,715,717,718,710,711,719,707,721,724,720],"class_list":{"0":"post-4830","1":"product","2":"type-product","3":"status-publish","4":"has-post-thumbnail","6":"product_cat-kaufen-psychedelische-drogen","7":"product_tag-bilder-aus-kristallmeth","8":"product_tag-buy-crystal-meth-in-australia","9":"product_tag-buy-crystal-meth-in-france","10":"product_tag-buy-crystal-meth-in-germany","11":"product_tag-crystal-meth","12":"product_tag-crystal-meth-australia","13":"product_tag-crystal-meth-deutschland","14":"product_tag-crystal-meth-pic","15":"product_tag-crystal-meth-pipe","16":"product_tag-schnupfen-crystal-meth","17":"product_tag-crystal-meth-schweden","18":"product_tag-crystal-meth-spain","19":"product_tag-crystal-meth-anbieter-frankreich","20":"product_tag-crystal-meth-anbieter-usa","21":"product_tag-crystal-meth-drogen","22":"product_tag-crystal-meth-effekte","23":"product_tag-fake-crystal-meth","24":"product_tag-kaufe-crystal-meth-in-spanien","25":"product_tag-meth-kristall","26":"product_tag-was-ist-crystal-meth","27":"product_tag-wie-ist-crystal-meth-geraucht","29":"first","30":"instock","31":"shipping-taxable","32":"purchasable","33":"product-type-variable"},"yoast_head":"<!-- This site is optimized with the Yoast SEO plugin v27.3 - https:\/\/yoast.com\/product\/yoast-seo-wordpress\/ -->\n<title>Kaufen Sie Crystal Meth - Methamphetamin - die besten besten globalen Medikamente<\/title>\n<meta name=\"description\" content=\"Kaufen Sie Crystal Meth zum Verkauf in Gro\u00dfbritannien, Europa, Asien, Methamphetamin Online kaufen Sie Methamphetamin bei uns, wir k\u00f6nnen Sie von \u00fcberall auf der Welt liefern.\" \/>\n<meta name=\"robots\" content=\"index, follow, max-snippet:-1, max-image-preview:large, max-video-preview:-1\" \/>\n<link rel=\"canonical\" href=\"https:\/\/medicinasinc.com\/de\/product\/kaufen-crystal-meth\/\" \/>\n<meta property=\"og:locale\" content=\"de_DE\" \/>\n<meta property=\"og:type\" content=\"article\" \/>\n<meta property=\"og:title\" content=\"Kaufen Sie Crystal Meth - Methamphetamin - die besten besten globalen Medikamente\" \/>\n<meta property=\"og:description\" content=\"Kaufen Sie Crystal Meth zum Verkauf in Gro\u00dfbritannien, Europa, Asien, Methamphetamin Online kaufen Sie Methamphetamin bei uns, wir k\u00f6nnen Sie von \u00fcberall auf der Welt liefern.\" \/>\n<meta property=\"og:url\" content=\"https:\/\/medicinasinc.com\/de\/product\/kaufen-crystal-meth\/\" \/>\n<meta property=\"og:site_name\" content=\"Medicinas Inc\" \/>\n<meta property=\"article:modified_time\" content=\"2022-03-18T00:41:21+00:00\" \/>\n<meta property=\"og:image\" content=\"https:\/\/medicinasinc.com\/de\/wp-content\/uploads\/sites\/6\/2022\/02\/Buy-Crystal-Meth-1.jpg\" \/>\n\t<meta property=\"og:image:width\" content=\"1024\" \/>\n\t<meta property=\"og:image:height\" content=\"768\" \/>\n\t<meta property=\"og:image:type\" content=\"image\/jpeg\" \/>\n<meta name=\"twitter:card\" content=\"summary_large_image\" \/>\n<meta name=\"twitter:label1\" content=\"Gesch\u00e4tzte Lesezeit\" \/>\n\t<meta name=\"twitter:data1\" content=\"4\u00a0Minuten\" \/>\n<script type=\"application\/ld+json\" class=\"yoast-schema-graph\">{\"@context\":\"https:\\\/\\\/schema.org\",\"@graph\":[{\"@type\":\"WebPage\",\"@id\":\"https:\\\/\\\/medicinasinc.com\\\/de\\\/product\\\/kaufen-crystal-meth\\\/\",\"url\":\"https:\\\/\\\/medicinasinc.com\\\/de\\\/product\\\/kaufen-crystal-meth\\\/\",\"name\":\"Kaufen Sie Crystal Meth - Methamphetamin - die besten besten globalen Medikamente\",\"isPartOf\":{\"@id\":\"https:\\\/\\\/medicinasinc.com\\\/de\\\/#website\"},\"primaryImageOfPage\":{\"@id\":\"https:\\\/\\\/medicinasinc.com\\\/de\\\/product\\\/kaufen-crystal-meth\\\/#primaryimage\"},\"image\":{\"@id\":\"https:\\\/\\\/medicinasinc.com\\\/de\\\/product\\\/kaufen-crystal-meth\\\/#primaryimage\"},\"thumbnailUrl\":\"https:\\\/\\\/medicinasinc.com\\\/de\\\/wp-content\\\/uploads\\\/sites\\\/6\\\/2022\\\/02\\\/Buy-Crystal-Meth-1.jpg\",\"datePublished\":\"2022-02-20T16:34:51+00:00\",\"dateModified\":\"2022-03-18T00:41:21+00:00\",\"description\":\"Kaufen Sie Crystal Meth zum Verkauf in Gro\u00dfbritannien, Europa, Asien, Methamphetamin Online kaufen Sie Methamphetamin bei uns, wir k\u00f6nnen Sie von \u00fcberall auf der Welt liefern.\",\"breadcrumb\":{\"@id\":\"https:\\\/\\\/medicinasinc.com\\\/de\\\/product\\\/kaufen-crystal-meth\\\/#breadcrumb\"},\"inLanguage\":\"de\",\"potentialAction\":[{\"@type\":\"ReadAction\",\"target\":[\"https:\\\/\\\/medicinasinc.com\\\/de\\\/product\\\/kaufen-crystal-meth\\\/\"]}]},{\"@type\":\"ImageObject\",\"inLanguage\":\"de\",\"@id\":\"https:\\\/\\\/medicinasinc.com\\\/de\\\/product\\\/kaufen-crystal-meth\\\/#primaryimage\",\"url\":\"https:\\\/\\\/medicinasinc.com\\\/de\\\/wp-content\\\/uploads\\\/sites\\\/6\\\/2022\\\/02\\\/Buy-Crystal-Meth-1.jpg\",\"contentUrl\":\"https:\\\/\\\/medicinasinc.com\\\/de\\\/wp-content\\\/uploads\\\/sites\\\/6\\\/2022\\\/02\\\/Buy-Crystal-Meth-1.jpg\",\"width\":1024,\"height\":768},{\"@type\":\"BreadcrumbList\",\"@id\":\"https:\\\/\\\/medicinasinc.com\\\/de\\\/product\\\/kaufen-crystal-meth\\\/#breadcrumb\",\"itemListElement\":[{\"@type\":\"ListItem\",\"position\":1,\"name\":\"Einkaufen\",\"item\":\"https:\\\/\\\/medicinasinc.com\\\/de\\\/einkaufen\\\/\"},{\"@type\":\"ListItem\",\"position\":2,\"name\":\"Kaufen Sie Crystal Meth\"}]},{\"@type\":\"WebSite\",\"@id\":\"https:\\\/\\\/medicinasinc.com\\\/de\\\/#website\",\"url\":\"https:\\\/\\\/medicinasinc.com\\\/de\\\/\",\"name\":\"Medicinas Inc\",\"description\":\"Health Medical Clinic\",\"potentialAction\":[{\"@type\":\"SearchAction\",\"target\":{\"@type\":\"EntryPoint\",\"urlTemplate\":\"https:\\\/\\\/medicinasinc.com\\\/de\\\/?s={search_term_string}\"},\"query-input\":{\"@type\":\"PropertyValueSpecification\",\"valueRequired\":true,\"valueName\":\"search_term_string\"}}],\"inLanguage\":\"de\"}]}<\/script>\n<!-- \/ Yoast SEO plugin. -->","yoast_head_json":{"title":"Kaufen Sie Crystal Meth - Methamphetamin - die besten besten globalen Medikamente","description":"Kaufen Sie Crystal Meth zum Verkauf in Gro\u00dfbritannien, Europa, Asien, Methamphetamin Online kaufen Sie Methamphetamin bei uns, wir k\u00f6nnen Sie von \u00fcberall auf der Welt liefern.","robots":{"index":"index","follow":"follow","max-snippet":"max-snippet:-1","max-image-preview":"max-image-preview:large","max-video-preview":"max-video-preview:-1"},"canonical":"https:\/\/medicinasinc.com\/de\/product\/kaufen-crystal-meth\/","og_locale":"de_DE","og_type":"article","og_title":"Kaufen Sie Crystal Meth - Methamphetamin - die besten besten globalen Medikamente","og_description":"Kaufen Sie Crystal Meth zum Verkauf in Gro\u00dfbritannien, Europa, Asien, Methamphetamin Online kaufen Sie Methamphetamin bei uns, wir k\u00f6nnen Sie von \u00fcberall auf der Welt liefern.","og_url":"https:\/\/medicinasinc.com\/de\/product\/kaufen-crystal-meth\/","og_site_name":"Medicinas Inc","article_modified_time":"2022-03-18T00:41:21+00:00","og_image":[{"width":1024,"height":768,"url":"https:\/\/medicinasinc.com\/de\/wp-content\/uploads\/sites\/6\/2022\/02\/Buy-Crystal-Meth-1.jpg","type":"image\/jpeg"}],"twitter_card":"summary_large_image","twitter_misc":{"Gesch\u00e4tzte Lesezeit":"4\u00a0Minuten"},"schema":{"@context":"https:\/\/schema.org","@graph":[{"@type":"WebPage","@id":"https:\/\/medicinasinc.com\/de\/product\/kaufen-crystal-meth\/","url":"https:\/\/medicinasinc.com\/de\/product\/kaufen-crystal-meth\/","name":"Kaufen Sie Crystal Meth - Methamphetamin - die besten besten globalen Medikamente","isPartOf":{"@id":"https:\/\/medicinasinc.com\/de\/#website"},"primaryImageOfPage":{"@id":"https:\/\/medicinasinc.com\/de\/product\/kaufen-crystal-meth\/#primaryimage"},"image":{"@id":"https:\/\/medicinasinc.com\/de\/product\/kaufen-crystal-meth\/#primaryimage"},"thumbnailUrl":"https:\/\/medicinasinc.com\/de\/wp-content\/uploads\/sites\/6\/2022\/02\/Buy-Crystal-Meth-1.jpg","datePublished":"2022-02-20T16:34:51+00:00","dateModified":"2022-03-18T00:41:21+00:00","description":"Kaufen Sie Crystal Meth zum Verkauf in Gro\u00dfbritannien, Europa, Asien, Methamphetamin Online kaufen Sie Methamphetamin bei uns, wir k\u00f6nnen Sie von \u00fcberall auf der Welt liefern.","breadcrumb":{"@id":"https:\/\/medicinasinc.com\/de\/product\/kaufen-crystal-meth\/#breadcrumb"},"inLanguage":"de","potentialAction":[{"@type":"ReadAction","target":["https:\/\/medicinasinc.com\/de\/product\/kaufen-crystal-meth\/"]}]},{"@type":"ImageObject","inLanguage":"de","@id":"https:\/\/medicinasinc.com\/de\/product\/kaufen-crystal-meth\/#primaryimage","url":"https:\/\/medicinasinc.com\/de\/wp-content\/uploads\/sites\/6\/2022\/02\/Buy-Crystal-Meth-1.jpg","contentUrl":"https:\/\/medicinasinc.com\/de\/wp-content\/uploads\/sites\/6\/2022\/02\/Buy-Crystal-Meth-1.jpg","width":1024,"height":768},{"@type":"BreadcrumbList","@id":"https:\/\/medicinasinc.com\/de\/product\/kaufen-crystal-meth\/#breadcrumb","itemListElement":[{"@type":"ListItem","position":1,"name":"Einkaufen","item":"https:\/\/medicinasinc.com\/de\/einkaufen\/"},{"@type":"ListItem","position":2,"name":"Kaufen Sie Crystal Meth"}]},{"@type":"WebSite","@id":"https:\/\/medicinasinc.com\/de\/#website","url":"https:\/\/medicinasinc.com\/de\/","name":"Medicinas Inc","description":"Health Medical Clinic","potentialAction":[{"@type":"SearchAction","target":{"@type":"EntryPoint","urlTemplate":"https:\/\/medicinasinc.com\/de\/?s={search_term_string}"},"query-input":{"@type":"PropertyValueSpecification","valueRequired":true,"valueName":"search_term_string"}}],"inLanguage":"de"}]}},"_links":{"self":[{"href":"https:\/\/medicinasinc.com\/de\/wp-json\/wp\/v2\/product\/4830","targetHints":{"allow":["GET"]}}],"collection":[{"href":"https:\/\/medicinasinc.com\/de\/wp-json\/wp\/v2\/product"}],"about":[{"href":"https:\/\/medicinasinc.com\/de\/wp-json\/wp\/v2\/types\/product"}],"replies":[{"embeddable":true,"href":"https:\/\/medicinasinc.com\/de\/wp-json\/wp\/v2\/comments?post=4830"}],"wp:featuredmedia":[{"embeddable":true,"href":"https:\/\/medicinasinc.com\/de\/wp-json\/wp\/v2\/media\/4844"}],"wp:attachment":[{"href":"https:\/\/medicinasinc.com\/de\/wp-json\/wp\/v2\/media?parent=4830"}],"wp:term":[{"taxonomy":"product_brand","embeddable":true,"href":"https:\/\/medicinasinc.com\/de\/wp-json\/wp\/v2\/product_brand?post=4830"},{"taxonomy":"product_cat","embeddable":true,"href":"https:\/\/medicinasinc.com\/de\/wp-json\/wp\/v2\/product_cat?post=4830"},{"taxonomy":"product_tag","embeddable":true,"href":"https:\/\/medicinasinc.com\/de\/wp-json\/wp\/v2\/product_tag?post=4830"}],"curies":[{"name":"wp","href":"https:\/\/api.w.org\/{rel}","templated":true}]}}