{"id":4829,"date":"2022-02-20T16:33:58","date_gmt":"2022-02-20T16:33:58","guid":{"rendered":"https:\/\/medicinasinc.com\/de\/?post_type=product&#038;p=4829"},"modified":"2022-03-18T00:41:33","modified_gmt":"2022-03-18T00:41:33","slug":"liquid-lsd-kaufen","status":"publish","type":"product","link":"https:\/\/medicinasinc.com\/de\/product\/liquid-lsd-kaufen\/","title":{"rendered":"Fl\u00fcssiges LSD kaufen"},"content":{"rendered":"<p>Kaufen Sie fl\u00fcssiges LSD mit einem Rabatt online<\/p>\n<p>Wie bei Green Crack (und nicht zu verwechseln mit LSD) ist Acid eine Sorte, die nach einer leicht psychoaktiven Substanz benannt ist. Alles in allem besitzt Acid St\u00e4rke und kombiniert kontraintuitive Wirkungen mit einem verwirrenden Duft. Acid ist eine Sorte, die von Paradise Seeds, den Z\u00fcchtern von Delahaze und Sensi Star, entwickelt wurde. Sie leitet sich von den erblichen Eigenschaften der beliebtesten Sorte New York Sour Diesel ab. Ihre Anziehungskraft brachte ihr den dritten Platz in Spaniens Copa THC Valencia 2016 f\u00fcr die beste Indoor-Blume ein. Der THC-Gehalt von Corrosive wurde auf zwischen 16 und 23 % gesch\u00e4tzt.<\/p>\n<p>Corrosive blendet mit mittelgro\u00dfen bis enorm gesch\u00e4tzten Bl\u00fcten, die eine artikulierte, spatenartige Form haben, die Miniatur-Weihnachtsb\u00e4umen \u00e4hneln und sich von einer breiten runden Basis zu straffen eine spitze Spitze. Mit ihrer kompakten, dichten Struktur sind diese Knospen unverkennbar indicadominiert. Die Bl\u00e4tter sind ein schwach \u00fcberwuchertes Gr\u00fcn und sind mit welligen, erdfarbenen Stempeln durchzogen. Schlie\u00dflich bedecken funkelnde wei\u00dfe Trichome die inneren und \u00e4u\u00dferen Oberfl\u00e4chen von Acids Bl\u00fcten, verleihen der Sorte die psychoaktiven Eigenschaften und machen es \u00e4u\u00dferst schwierig, die Knospen ohne die Hilfe eines Prozessors zu trennen.<\/p>\n<p>Wenn richtig entlastet, hat Acid eine leicht s\u00e4uerlicher Duft, der durch eine scharfe Zitrusnote ausgeglichen wird. Ebenso gibt es solide, moschusartige Basisnoten, die an klamme Erde und Weihrauch erinnern. In der Zwischenzeit erzeugt das Trennen oder Granulieren dieser dichten Knospen das adstringierende Abgas, das der Elternsorte New York Sour Diesel ihren scharfen und bekannten Geschmack verleiht. Wenn brennbare Stoffe in einer Leitung oder einem Joint entz\u00fcndet werden, erzeugt Acid einen sanften, leicht einzunehmenden Rauch. Beim Ausatmen hinterl\u00e4sst dieser dichte Rauch einen Zitronen- und Diesel-Nachgeschmack.<\/p>\n<p>Das High von Corrosive beginnt allm\u00e4hlich und verzerrt die Wahrnehmung des Rauchers von ihren \u00e4u\u00dferen Verbesserungen. Bestimmte Ger\u00e4usche k\u00f6nnen verst\u00e4rkt werden, als ob sie in einem Hallraum erzeugt w\u00fcrden. Dar\u00fcber hinaus k\u00f6nnen klare T\u00f6ne und helle Lichter eine neue Bedeutung erlangen. Wenn diese greifbaren Effekte \u00fcberw\u00e4ltigend werden, beginnen sich lebhaftere halluzinogene Wunder zu manifestieren, \u00e4hnlich wie innere und \u00e4u\u00dfere Einsichtsverzerrungen und ein solides Gef\u00fchl der Zeitausdehnung. Raucher k\u00f6nnen im Laufe der Zeit eine bewusste Gewichtung um die Heiligt\u00fcmer und Lymphorgane herum sowie eine leichte Erh\u00f6hung des Speichelflusses erfahren. Diese Schauer entwickeln sich zu Fluten der Entspannung, die die Wirbels\u00e4ule hinunter und durch das Zentralnervensystem und die Gliedma\u00dfen wandern. Auch wenn diese befreienden Wirkungen den Klienten nicht vollst\u00e4ndig immobilisieren, f\u00fchlen sie sich m\u00f6glicherweise gezwungen, sich in den n\u00e4chsten angenehmen Umgebungsfaktoren zu entspannen.<\/p>\n<p>Das High von Corrosive ist auch durch eine zerebrale Mentalit\u00e4t gekennzeichnet, in der sich der Raucher mit ungew\u00f6hnlichen Gedanken oder Ideen verbinden kann , finde sie faszinierender als sie sowieso sind. Eine solche offen bekannte Argumentation kann eine effektive Methode sein, um neue L\u00f6sungen f\u00fcr verwirrende Probleme zu finden oder bestimmte Arbeitsauftr\u00e4ge zu verwalten. Mit der Zeit \u2013 oder wenn die Messung erh\u00f6ht wird \u2013 werden die psychologischen Wirkungen von Acid erstaunlicher als offensichtlich, wodurch jede fr\u00fchere Effizienz null und nichtig wird. Aufgrund ihres fortschreitenden Energieverlusts wird diese Sorte am besten am sp\u00e4ten Abend oder in der Nacht genossen.<\/p>\n<p>Fl\u00fcssiges LSD 200ug\/Tropfen, Acid online kaufen, LSD online kaufen, LSD online kaufen, LSD Acid online kaufen, lsd online shop, fl\u00fcssiges lsd kaufen, acid online kaufen<\/p>\n","protected":false},"excerpt":{"rendered":"<p>Kaufen Sie LSD online Fl\u00fcssiges LSD, Details Lysergid (LSD) ist ein halbsynthetisches Halluzinogen und eine der st\u00e4rksten bekannten Drogen. Freizeitgebrauch.<\/p>\n<p>Kaufen Sie g\u00fcnstiges fl\u00fcssiges LSD online. Echtes fl\u00fcssiges LSD zum Verkauf online | Fl\u00fcssiges LSD online kaufen | Kaufen Sie fl\u00fcssiges LSD zum Verkauf | Fl\u00fcssiges LSD g\u00fcnstig kaufen | Wo kann man fl\u00fcssiges LSD online kaufen<\/p>\n","protected":false},"featured_media":4842,"comment_status":"open","ping_status":"closed","template":"","meta":[],"product_brand":[],"product_cat":[703],"product_tag":[],"class_list":{"0":"post-4829","1":"product","2":"type-product","3":"status-publish","4":"has-post-thumbnail","6":"product_cat-kaufen-psychedelische-drogen","8":"first","9":"instock","10":"shipping-taxable","11":"purchasable","12":"product-type-variable","13":"has-default-attributes"},"yoast_head":"<!-- This site is optimized with the Yoast SEO plugin v27.3 - https:\/\/yoast.com\/product\/yoast-seo-wordpress\/ -->\n<title>Kaufen Sie fl\u00fcssiges LSD - die besten besten globalen Medikamente<\/title>\n<meta name=\"description\" content=\"LSD online kaufen Fl\u00fcssiges LSD, Details Lysergid (LSD) ist ein halbsynthetisches Halluzinogen und eine der st\u00e4rksten bekannten Drogen. Freizeitnutzung .\" \/>\n<meta name=\"robots\" content=\"index, follow, max-snippet:-1, max-image-preview:large, max-video-preview:-1\" \/>\n<link rel=\"canonical\" href=\"https:\/\/medicinasinc.com\/de\/product\/liquid-lsd-kaufen\/\" \/>\n<meta property=\"og:locale\" content=\"de_DE\" \/>\n<meta property=\"og:type\" content=\"article\" \/>\n<meta property=\"og:title\" content=\"Kaufen Sie fl\u00fcssiges LSD - die besten besten globalen Medikamente\" \/>\n<meta property=\"og:description\" content=\"LSD online kaufen Fl\u00fcssiges LSD, Details Lysergid (LSD) ist ein halbsynthetisches Halluzinogen und eine der st\u00e4rksten bekannten Drogen. Freizeitnutzung .\" \/>\n<meta property=\"og:url\" content=\"https:\/\/medicinasinc.com\/de\/product\/liquid-lsd-kaufen\/\" \/>\n<meta property=\"og:site_name\" content=\"Medicinas Inc\" \/>\n<meta property=\"article:modified_time\" content=\"2022-03-18T00:41:33+00:00\" \/>\n<meta property=\"og:image\" content=\"https:\/\/medicinasinc.com\/de\/wp-content\/uploads\/sites\/6\/2022\/02\/Buy-Liquid-LSD.jpg\" \/>\n\t<meta property=\"og:image:width\" content=\"512\" \/>\n\t<meta property=\"og:image:height\" content=\"512\" \/>\n\t<meta property=\"og:image:type\" content=\"image\/jpeg\" \/>\n<meta name=\"twitter:card\" content=\"summary_large_image\" \/>\n<meta name=\"twitter:label1\" content=\"Gesch\u00e4tzte Lesezeit\" \/>\n\t<meta name=\"twitter:data1\" content=\"3\u00a0Minuten\" \/>\n<script type=\"application\/ld+json\" class=\"yoast-schema-graph\">{\"@context\":\"https:\\\/\\\/schema.org\",\"@graph\":[{\"@type\":\"WebPage\",\"@id\":\"https:\\\/\\\/medicinasinc.com\\\/de\\\/product\\\/liquid-lsd-kaufen\\\/\",\"url\":\"https:\\\/\\\/medicinasinc.com\\\/de\\\/product\\\/liquid-lsd-kaufen\\\/\",\"name\":\"Kaufen Sie fl\u00fcssiges LSD - die besten besten globalen Medikamente\",\"isPartOf\":{\"@id\":\"https:\\\/\\\/medicinasinc.com\\\/de\\\/#website\"},\"primaryImageOfPage\":{\"@id\":\"https:\\\/\\\/medicinasinc.com\\\/de\\\/product\\\/liquid-lsd-kaufen\\\/#primaryimage\"},\"image\":{\"@id\":\"https:\\\/\\\/medicinasinc.com\\\/de\\\/product\\\/liquid-lsd-kaufen\\\/#primaryimage\"},\"thumbnailUrl\":\"https:\\\/\\\/medicinasinc.com\\\/de\\\/wp-content\\\/uploads\\\/sites\\\/6\\\/2022\\\/02\\\/Buy-Liquid-LSD.jpg\",\"datePublished\":\"2022-02-20T16:33:58+00:00\",\"dateModified\":\"2022-03-18T00:41:33+00:00\",\"description\":\"LSD online kaufen Fl\u00fcssiges LSD, Details Lysergid (LSD) ist ein halbsynthetisches Halluzinogen und eine der st\u00e4rksten bekannten Drogen. Freizeitnutzung .\",\"breadcrumb\":{\"@id\":\"https:\\\/\\\/medicinasinc.com\\\/de\\\/product\\\/liquid-lsd-kaufen\\\/#breadcrumb\"},\"inLanguage\":\"de\",\"potentialAction\":[{\"@type\":\"ReadAction\",\"target\":[\"https:\\\/\\\/medicinasinc.com\\\/de\\\/product\\\/liquid-lsd-kaufen\\\/\"]}]},{\"@type\":\"ImageObject\",\"inLanguage\":\"de\",\"@id\":\"https:\\\/\\\/medicinasinc.com\\\/de\\\/product\\\/liquid-lsd-kaufen\\\/#primaryimage\",\"url\":\"https:\\\/\\\/medicinasinc.com\\\/de\\\/wp-content\\\/uploads\\\/sites\\\/6\\\/2022\\\/02\\\/Buy-Liquid-LSD.jpg\",\"contentUrl\":\"https:\\\/\\\/medicinasinc.com\\\/de\\\/wp-content\\\/uploads\\\/sites\\\/6\\\/2022\\\/02\\\/Buy-Liquid-LSD.jpg\",\"width\":512,\"height\":512},{\"@type\":\"BreadcrumbList\",\"@id\":\"https:\\\/\\\/medicinasinc.com\\\/de\\\/product\\\/liquid-lsd-kaufen\\\/#breadcrumb\",\"itemListElement\":[{\"@type\":\"ListItem\",\"position\":1,\"name\":\"Einkaufen\",\"item\":\"https:\\\/\\\/medicinasinc.com\\\/de\\\/einkaufen\\\/\"},{\"@type\":\"ListItem\",\"position\":2,\"name\":\"Fl\u00fcssiges LSD kaufen\"}]},{\"@type\":\"WebSite\",\"@id\":\"https:\\\/\\\/medicinasinc.com\\\/de\\\/#website\",\"url\":\"https:\\\/\\\/medicinasinc.com\\\/de\\\/\",\"name\":\"Medicinas Inc\",\"description\":\"Health Medical Clinic\",\"potentialAction\":[{\"@type\":\"SearchAction\",\"target\":{\"@type\":\"EntryPoint\",\"urlTemplate\":\"https:\\\/\\\/medicinasinc.com\\\/de\\\/?s={search_term_string}\"},\"query-input\":{\"@type\":\"PropertyValueSpecification\",\"valueRequired\":true,\"valueName\":\"search_term_string\"}}],\"inLanguage\":\"de\"}]}<\/script>\n<!-- \/ Yoast SEO plugin. -->","yoast_head_json":{"title":"Kaufen Sie fl\u00fcssiges LSD - die besten besten globalen Medikamente","description":"LSD online kaufen Fl\u00fcssiges LSD, Details Lysergid (LSD) ist ein halbsynthetisches Halluzinogen und eine der st\u00e4rksten bekannten Drogen. Freizeitnutzung .","robots":{"index":"index","follow":"follow","max-snippet":"max-snippet:-1","max-image-preview":"max-image-preview:large","max-video-preview":"max-video-preview:-1"},"canonical":"https:\/\/medicinasinc.com\/de\/product\/liquid-lsd-kaufen\/","og_locale":"de_DE","og_type":"article","og_title":"Kaufen Sie fl\u00fcssiges LSD - die besten besten globalen Medikamente","og_description":"LSD online kaufen Fl\u00fcssiges LSD, Details Lysergid (LSD) ist ein halbsynthetisches Halluzinogen und eine der st\u00e4rksten bekannten Drogen. Freizeitnutzung .","og_url":"https:\/\/medicinasinc.com\/de\/product\/liquid-lsd-kaufen\/","og_site_name":"Medicinas Inc","article_modified_time":"2022-03-18T00:41:33+00:00","og_image":[{"width":512,"height":512,"url":"https:\/\/medicinasinc.com\/de\/wp-content\/uploads\/sites\/6\/2022\/02\/Buy-Liquid-LSD.jpg","type":"image\/jpeg"}],"twitter_card":"summary_large_image","twitter_misc":{"Gesch\u00e4tzte Lesezeit":"3\u00a0Minuten"},"schema":{"@context":"https:\/\/schema.org","@graph":[{"@type":"WebPage","@id":"https:\/\/medicinasinc.com\/de\/product\/liquid-lsd-kaufen\/","url":"https:\/\/medicinasinc.com\/de\/product\/liquid-lsd-kaufen\/","name":"Kaufen Sie fl\u00fcssiges LSD - die besten besten globalen Medikamente","isPartOf":{"@id":"https:\/\/medicinasinc.com\/de\/#website"},"primaryImageOfPage":{"@id":"https:\/\/medicinasinc.com\/de\/product\/liquid-lsd-kaufen\/#primaryimage"},"image":{"@id":"https:\/\/medicinasinc.com\/de\/product\/liquid-lsd-kaufen\/#primaryimage"},"thumbnailUrl":"https:\/\/medicinasinc.com\/de\/wp-content\/uploads\/sites\/6\/2022\/02\/Buy-Liquid-LSD.jpg","datePublished":"2022-02-20T16:33:58+00:00","dateModified":"2022-03-18T00:41:33+00:00","description":"LSD online kaufen Fl\u00fcssiges LSD, Details Lysergid (LSD) ist ein halbsynthetisches Halluzinogen und eine der st\u00e4rksten bekannten Drogen. Freizeitnutzung .","breadcrumb":{"@id":"https:\/\/medicinasinc.com\/de\/product\/liquid-lsd-kaufen\/#breadcrumb"},"inLanguage":"de","potentialAction":[{"@type":"ReadAction","target":["https:\/\/medicinasinc.com\/de\/product\/liquid-lsd-kaufen\/"]}]},{"@type":"ImageObject","inLanguage":"de","@id":"https:\/\/medicinasinc.com\/de\/product\/liquid-lsd-kaufen\/#primaryimage","url":"https:\/\/medicinasinc.com\/de\/wp-content\/uploads\/sites\/6\/2022\/02\/Buy-Liquid-LSD.jpg","contentUrl":"https:\/\/medicinasinc.com\/de\/wp-content\/uploads\/sites\/6\/2022\/02\/Buy-Liquid-LSD.jpg","width":512,"height":512},{"@type":"BreadcrumbList","@id":"https:\/\/medicinasinc.com\/de\/product\/liquid-lsd-kaufen\/#breadcrumb","itemListElement":[{"@type":"ListItem","position":1,"name":"Einkaufen","item":"https:\/\/medicinasinc.com\/de\/einkaufen\/"},{"@type":"ListItem","position":2,"name":"Fl\u00fcssiges LSD kaufen"}]},{"@type":"WebSite","@id":"https:\/\/medicinasinc.com\/de\/#website","url":"https:\/\/medicinasinc.com\/de\/","name":"Medicinas Inc","description":"Health Medical Clinic","potentialAction":[{"@type":"SearchAction","target":{"@type":"EntryPoint","urlTemplate":"https:\/\/medicinasinc.com\/de\/?s={search_term_string}"},"query-input":{"@type":"PropertyValueSpecification","valueRequired":true,"valueName":"search_term_string"}}],"inLanguage":"de"}]}},"_links":{"self":[{"href":"https:\/\/medicinasinc.com\/de\/wp-json\/wp\/v2\/product\/4829","targetHints":{"allow":["GET"]}}],"collection":[{"href":"https:\/\/medicinasinc.com\/de\/wp-json\/wp\/v2\/product"}],"about":[{"href":"https:\/\/medicinasinc.com\/de\/wp-json\/wp\/v2\/types\/product"}],"replies":[{"embeddable":true,"href":"https:\/\/medicinasinc.com\/de\/wp-json\/wp\/v2\/comments?post=4829"}],"wp:featuredmedia":[{"embeddable":true,"href":"https:\/\/medicinasinc.com\/de\/wp-json\/wp\/v2\/media\/4842"}],"wp:attachment":[{"href":"https:\/\/medicinasinc.com\/de\/wp-json\/wp\/v2\/media?parent=4829"}],"wp:term":[{"taxonomy":"product_brand","embeddable":true,"href":"https:\/\/medicinasinc.com\/de\/wp-json\/wp\/v2\/product_brand?post=4829"},{"taxonomy":"product_cat","embeddable":true,"href":"https:\/\/medicinasinc.com\/de\/wp-json\/wp\/v2\/product_cat?post=4829"},{"taxonomy":"product_tag","embeddable":true,"href":"https:\/\/medicinasinc.com\/de\/wp-json\/wp\/v2\/product_tag?post=4829"}],"curies":[{"name":"wp","href":"https:\/\/api.w.org\/{rel}","templated":true}]}}