{"id":4810,"date":"2022-02-20T16:18:47","date_gmt":"2022-02-20T16:18:47","guid":{"rendered":"https:\/\/medicinasinc.com\/de\/?post_type=product&#038;p=4810"},"modified":"2022-03-18T00:41:55","modified_gmt":"2022-03-18T00:41:55","slug":"kaufe-thca-kristalle-top-shelf","status":"publish","type":"product","link":"https:\/\/medicinasinc.com\/de\/product\/kaufe-thca-kristalle-top-shelf\/","title":{"rendered":"Kaufen Sie THCA-Kristalle &#8211; Top Shelf"},"content":{"rendered":"<p>Kristallines THCA<\/p>\n<p>THCA Crystalline, alternativ als &#8222;Kristalle&#8220;, &#8222;THC-Kristalle&#8220; oder &#8222;Diamanten&#8220; bezeichnet, ist ein Festk\u00f6rper-Cannabiskonzentrat. Es hat das Aussehen von grobem Zucker, der Art, die normalerweise zum Dekorieren von Zuckerkeksen oder zum Glitzern der Oberseiten von gebackenen Obstkuchen verwendet wird. Kristallin wird hergestellt, um Pflanzenmaterial und Terpene zu entfernen, die die charakteristischen aromatischen und geschmacklichen Eigenschaften einer Cannabissorte oder -sorte sind.<\/p>\n<p>BEDEUTUNG VON THCA Kristallin<\/p>\n<p>Vielleicht haben Sie den Begriff &#8220; THC-Kristalle&#8220; oder &#8222;THC kristallin&#8220; beziehen sich fr\u00fcher auf kristallin, aber THC, das ein berauschendes High erzeugt, ist nicht kristallin; chemisch ist THC nicht in der Lage, eine kristalline Struktur zu bilden. Mit anderen Worten, was h\u00e4ufig als \u201eTHC-Kristalle\u201c bezeichnet wird, ist kein reines THC, sondern eine Form von reinem THCA. Zum Zeitpunkt des Konsums kristallisiert THCA durch Decarboxylierung zu aktivem THC. Kristallin wird mit einem einzigen Cannabinoid hergestellt. THCA, CBDA und CBD sind die einzigen Cannabinoide, die in kristalliner Form erh\u00e4ltlich sind. Jeder, der THCA, CBDA oder CBD konsumiert, wird kein berauschendes High erleben, obwohl sich THCA beim Erhitzen in THC umwandelt und das Kristalline berauschend macht.<\/p>\n<p>WIE MAN KRISTALLINES THCA SCHAFFT<\/p>\n<p>Kristallin wird h\u00e4ufig geraucht oder mit einem Dab-Rig dabbed. Ein Dab Rig ist ein Rauchger\u00e4t, \u00e4hnlich einer kleinen Wasserpfeife, das erhitzte Kristalle zur Inhalation in einzelnen, abgemessenen Dosen verdampft. Kristalline werden h\u00e4ufig oral konsumiert, entweder als Zutat in Esswaren oder in \u00d6l gel\u00f6st, um ein tinktur\u00e4hnliches Produkt herzustellen. Kristalle werden h\u00e4ufig in Pflanzen\u00f6l oder Butter aufgel\u00f6st und als Zutat f\u00fcr hausgemachte Esswaren verwendet. Pflanzen- und Kopra\u00f6le sind die am h\u00e4ufigsten verwendeten L\u00f6sungsmittel zum Aufl\u00f6sen von Kristallen, um ein tinktur\u00e4hnliches Produkt herzustellen.<\/p>\n","protected":false},"excerpt":{"rendered":"<p>Kaufen Sie den Kristall online in Europa, den Kristall zum Verkauf, Kristalldiamanten in den Niederlanden, den Kristall in meiner N\u00e4he, die Kristalle zum Verkauf in Europa.<\/p>\n<ul>\n<li>Weltweiter Versand<\/li>\n<li><strong>Ein Konzentrat bestehend aus 97-99 % THC<\/strong><\/li>\n<li><strong>99 % reines THC-A<\/strong><\/li>\n<li><strong>Kontaktieren Sie uns <\/strong>\u00a0f\u00fcr gr\u00f6\u00dfere Bestellungen<\/li>\n<\/ul>\n","protected":false},"featured_media":4823,"comment_status":"open","ping_status":"closed","template":"","meta":[],"product_brand":[],"product_cat":[702],"product_tag":[],"class_list":{"0":"post-4810","1":"product","2":"type-product","3":"status-publish","4":"has-post-thumbnail","6":"product_cat-kaufen-cannabis-wachs","8":"first","9":"instock","10":"shipping-taxable","11":"purchasable","12":"product-type-variable","13":"has-default-attributes"},"yoast_head":"<!-- This site is optimized with the Yoast SEO plugin v27.3 - https:\/\/yoast.com\/product\/yoast-seo-wordpress\/ -->\n<title>Kaufen Sie THCA-Kristalle - Top Shelf - Best Best Global Meds<\/title>\n<meta name=\"description\" content=\"Kaufen Sie thca kristallin online Europa, thca Kristall zum Verkauf, kristalline Diamanten NL, thc kristallin in meiner N\u00e4he, kaufen Sie thc Kristalle in Europa.\" \/>\n<meta name=\"robots\" content=\"index, follow, max-snippet:-1, max-image-preview:large, max-video-preview:-1\" \/>\n<link rel=\"canonical\" href=\"https:\/\/medicinasinc.com\/de\/product\/kaufe-thca-kristalle-top-shelf\/\" \/>\n<meta property=\"og:locale\" content=\"de_DE\" \/>\n<meta property=\"og:type\" content=\"article\" \/>\n<meta property=\"og:title\" content=\"Kaufen Sie THCA-Kristalle - Top Shelf - Best Best Global Meds\" \/>\n<meta property=\"og:description\" content=\"Kaufen Sie thca kristallin online Europa, thca Kristall zum Verkauf, kristalline Diamanten NL, thc kristallin in meiner N\u00e4he, kaufen Sie thc Kristalle in Europa.\" \/>\n<meta property=\"og:url\" content=\"https:\/\/medicinasinc.com\/de\/product\/kaufe-thca-kristalle-top-shelf\/\" \/>\n<meta property=\"og:site_name\" content=\"Medicinas Inc\" \/>\n<meta property=\"article:modified_time\" content=\"2022-03-18T00:41:55+00:00\" \/>\n<meta property=\"og:image\" content=\"https:\/\/medicinasinc.com\/de\/wp-content\/uploads\/sites\/6\/2022\/02\/Buy-THCA-Crystals-Top-Shelf.jpg\" \/>\n\t<meta property=\"og:image:width\" content=\"600\" \/>\n\t<meta property=\"og:image:height\" content=\"600\" \/>\n\t<meta property=\"og:image:type\" content=\"image\/jpeg\" \/>\n<meta name=\"twitter:card\" content=\"summary_large_image\" \/>\n<meta name=\"twitter:label1\" content=\"Gesch\u00e4tzte Lesezeit\" \/>\n\t<meta name=\"twitter:data1\" content=\"2\u00a0Minuten\" \/>\n<script type=\"application\/ld+json\" class=\"yoast-schema-graph\">{\"@context\":\"https:\\\/\\\/schema.org\",\"@graph\":[{\"@type\":\"WebPage\",\"@id\":\"https:\\\/\\\/medicinasinc.com\\\/de\\\/product\\\/kaufe-thca-kristalle-top-shelf\\\/\",\"url\":\"https:\\\/\\\/medicinasinc.com\\\/de\\\/product\\\/kaufe-thca-kristalle-top-shelf\\\/\",\"name\":\"Kaufen Sie THCA-Kristalle - Top Shelf - Best Best Global Meds\",\"isPartOf\":{\"@id\":\"https:\\\/\\\/medicinasinc.com\\\/de\\\/#website\"},\"primaryImageOfPage\":{\"@id\":\"https:\\\/\\\/medicinasinc.com\\\/de\\\/product\\\/kaufe-thca-kristalle-top-shelf\\\/#primaryimage\"},\"image\":{\"@id\":\"https:\\\/\\\/medicinasinc.com\\\/de\\\/product\\\/kaufe-thca-kristalle-top-shelf\\\/#primaryimage\"},\"thumbnailUrl\":\"https:\\\/\\\/medicinasinc.com\\\/de\\\/wp-content\\\/uploads\\\/sites\\\/6\\\/2022\\\/02\\\/Buy-THCA-Crystals-Top-Shelf.jpg\",\"datePublished\":\"2022-02-20T16:18:47+00:00\",\"dateModified\":\"2022-03-18T00:41:55+00:00\",\"description\":\"Kaufen Sie thca kristallin online Europa, thca Kristall zum Verkauf, kristalline Diamanten NL, thc kristallin in meiner N\u00e4he, kaufen Sie thc Kristalle in Europa.\",\"breadcrumb\":{\"@id\":\"https:\\\/\\\/medicinasinc.com\\\/de\\\/product\\\/kaufe-thca-kristalle-top-shelf\\\/#breadcrumb\"},\"inLanguage\":\"de\",\"potentialAction\":[{\"@type\":\"ReadAction\",\"target\":[\"https:\\\/\\\/medicinasinc.com\\\/de\\\/product\\\/kaufe-thca-kristalle-top-shelf\\\/\"]}]},{\"@type\":\"ImageObject\",\"inLanguage\":\"de\",\"@id\":\"https:\\\/\\\/medicinasinc.com\\\/de\\\/product\\\/kaufe-thca-kristalle-top-shelf\\\/#primaryimage\",\"url\":\"https:\\\/\\\/medicinasinc.com\\\/de\\\/wp-content\\\/uploads\\\/sites\\\/6\\\/2022\\\/02\\\/Buy-THCA-Crystals-Top-Shelf.jpg\",\"contentUrl\":\"https:\\\/\\\/medicinasinc.com\\\/de\\\/wp-content\\\/uploads\\\/sites\\\/6\\\/2022\\\/02\\\/Buy-THCA-Crystals-Top-Shelf.jpg\",\"width\":600,\"height\":600},{\"@type\":\"BreadcrumbList\",\"@id\":\"https:\\\/\\\/medicinasinc.com\\\/de\\\/product\\\/kaufe-thca-kristalle-top-shelf\\\/#breadcrumb\",\"itemListElement\":[{\"@type\":\"ListItem\",\"position\":1,\"name\":\"Einkaufen\",\"item\":\"https:\\\/\\\/medicinasinc.com\\\/de\\\/einkaufen\\\/\"},{\"@type\":\"ListItem\",\"position\":2,\"name\":\"Kaufen Sie THCA-Kristalle &#8211; Top Shelf\"}]},{\"@type\":\"WebSite\",\"@id\":\"https:\\\/\\\/medicinasinc.com\\\/de\\\/#website\",\"url\":\"https:\\\/\\\/medicinasinc.com\\\/de\\\/\",\"name\":\"Medicinas Inc\",\"description\":\"Health Medical Clinic\",\"potentialAction\":[{\"@type\":\"SearchAction\",\"target\":{\"@type\":\"EntryPoint\",\"urlTemplate\":\"https:\\\/\\\/medicinasinc.com\\\/de\\\/?s={search_term_string}\"},\"query-input\":{\"@type\":\"PropertyValueSpecification\",\"valueRequired\":true,\"valueName\":\"search_term_string\"}}],\"inLanguage\":\"de\"}]}<\/script>\n<!-- \/ Yoast SEO plugin. -->","yoast_head_json":{"title":"Kaufen Sie THCA-Kristalle - Top Shelf - Best Best Global Meds","description":"Kaufen Sie thca kristallin online Europa, thca Kristall zum Verkauf, kristalline Diamanten NL, thc kristallin in meiner N\u00e4he, kaufen Sie thc Kristalle in Europa.","robots":{"index":"index","follow":"follow","max-snippet":"max-snippet:-1","max-image-preview":"max-image-preview:large","max-video-preview":"max-video-preview:-1"},"canonical":"https:\/\/medicinasinc.com\/de\/product\/kaufe-thca-kristalle-top-shelf\/","og_locale":"de_DE","og_type":"article","og_title":"Kaufen Sie THCA-Kristalle - Top Shelf - Best Best Global Meds","og_description":"Kaufen Sie thca kristallin online Europa, thca Kristall zum Verkauf, kristalline Diamanten NL, thc kristallin in meiner N\u00e4he, kaufen Sie thc Kristalle in Europa.","og_url":"https:\/\/medicinasinc.com\/de\/product\/kaufe-thca-kristalle-top-shelf\/","og_site_name":"Medicinas Inc","article_modified_time":"2022-03-18T00:41:55+00:00","og_image":[{"width":600,"height":600,"url":"https:\/\/medicinasinc.com\/de\/wp-content\/uploads\/sites\/6\/2022\/02\/Buy-THCA-Crystals-Top-Shelf.jpg","type":"image\/jpeg"}],"twitter_card":"summary_large_image","twitter_misc":{"Gesch\u00e4tzte Lesezeit":"2\u00a0Minuten"},"schema":{"@context":"https:\/\/schema.org","@graph":[{"@type":"WebPage","@id":"https:\/\/medicinasinc.com\/de\/product\/kaufe-thca-kristalle-top-shelf\/","url":"https:\/\/medicinasinc.com\/de\/product\/kaufe-thca-kristalle-top-shelf\/","name":"Kaufen Sie THCA-Kristalle - Top Shelf - Best Best Global Meds","isPartOf":{"@id":"https:\/\/medicinasinc.com\/de\/#website"},"primaryImageOfPage":{"@id":"https:\/\/medicinasinc.com\/de\/product\/kaufe-thca-kristalle-top-shelf\/#primaryimage"},"image":{"@id":"https:\/\/medicinasinc.com\/de\/product\/kaufe-thca-kristalle-top-shelf\/#primaryimage"},"thumbnailUrl":"https:\/\/medicinasinc.com\/de\/wp-content\/uploads\/sites\/6\/2022\/02\/Buy-THCA-Crystals-Top-Shelf.jpg","datePublished":"2022-02-20T16:18:47+00:00","dateModified":"2022-03-18T00:41:55+00:00","description":"Kaufen Sie thca kristallin online Europa, thca Kristall zum Verkauf, kristalline Diamanten NL, thc kristallin in meiner N\u00e4he, kaufen Sie thc Kristalle in Europa.","breadcrumb":{"@id":"https:\/\/medicinasinc.com\/de\/product\/kaufe-thca-kristalle-top-shelf\/#breadcrumb"},"inLanguage":"de","potentialAction":[{"@type":"ReadAction","target":["https:\/\/medicinasinc.com\/de\/product\/kaufe-thca-kristalle-top-shelf\/"]}]},{"@type":"ImageObject","inLanguage":"de","@id":"https:\/\/medicinasinc.com\/de\/product\/kaufe-thca-kristalle-top-shelf\/#primaryimage","url":"https:\/\/medicinasinc.com\/de\/wp-content\/uploads\/sites\/6\/2022\/02\/Buy-THCA-Crystals-Top-Shelf.jpg","contentUrl":"https:\/\/medicinasinc.com\/de\/wp-content\/uploads\/sites\/6\/2022\/02\/Buy-THCA-Crystals-Top-Shelf.jpg","width":600,"height":600},{"@type":"BreadcrumbList","@id":"https:\/\/medicinasinc.com\/de\/product\/kaufe-thca-kristalle-top-shelf\/#breadcrumb","itemListElement":[{"@type":"ListItem","position":1,"name":"Einkaufen","item":"https:\/\/medicinasinc.com\/de\/einkaufen\/"},{"@type":"ListItem","position":2,"name":"Kaufen Sie THCA-Kristalle &#8211; Top Shelf"}]},{"@type":"WebSite","@id":"https:\/\/medicinasinc.com\/de\/#website","url":"https:\/\/medicinasinc.com\/de\/","name":"Medicinas Inc","description":"Health Medical Clinic","potentialAction":[{"@type":"SearchAction","target":{"@type":"EntryPoint","urlTemplate":"https:\/\/medicinasinc.com\/de\/?s={search_term_string}"},"query-input":{"@type":"PropertyValueSpecification","valueRequired":true,"valueName":"search_term_string"}}],"inLanguage":"de"}]}},"_links":{"self":[{"href":"https:\/\/medicinasinc.com\/de\/wp-json\/wp\/v2\/product\/4810","targetHints":{"allow":["GET"]}}],"collection":[{"href":"https:\/\/medicinasinc.com\/de\/wp-json\/wp\/v2\/product"}],"about":[{"href":"https:\/\/medicinasinc.com\/de\/wp-json\/wp\/v2\/types\/product"}],"replies":[{"embeddable":true,"href":"https:\/\/medicinasinc.com\/de\/wp-json\/wp\/v2\/comments?post=4810"}],"wp:featuredmedia":[{"embeddable":true,"href":"https:\/\/medicinasinc.com\/de\/wp-json\/wp\/v2\/media\/4823"}],"wp:attachment":[{"href":"https:\/\/medicinasinc.com\/de\/wp-json\/wp\/v2\/media?parent=4810"}],"wp:term":[{"taxonomy":"product_brand","embeddable":true,"href":"https:\/\/medicinasinc.com\/de\/wp-json\/wp\/v2\/product_brand?post=4810"},{"taxonomy":"product_cat","embeddable":true,"href":"https:\/\/medicinasinc.com\/de\/wp-json\/wp\/v2\/product_cat?post=4810"},{"taxonomy":"product_tag","embeddable":true,"href":"https:\/\/medicinasinc.com\/de\/wp-json\/wp\/v2\/product_tag?post=4810"}],"curies":[{"name":"wp","href":"https:\/\/api.w.org\/{rel}","templated":true}]}}